{"id":3858,"date":"2024-03-18T06:10:08","date_gmt":"2024-03-18T06:10:08","guid":{"rendered":"https:\/\/3dp.45612300.xyz\/product\/prep-refractory-titanium-alloy-powder\/"},"modified":"2024-03-18T06:10:08","modified_gmt":"2024-03-18T06:10:08","slug":"prep-refractory-titanium-alloy-powder","status":"publish","type":"product","link":"https:\/\/3dpmetal.com\/it\/product\/prep-refractory-titanium-alloy-powder\/","title":{"rendered":"Polvere di lega di titanio refrattario PREP"},"content":{"rendered":"<p><span style=\"vertical-align: inherit;\"><span style=\"vertical-align: inherit;\"><\/p>\n<h2><strong>Panoramica della polvere di lega di titanio refrattaria PREP<\/strong><\/h2>\n<p class=\"whitespace-pre-wrap\">La lega PREP (Plasma Rotating Electrode Process) \u00e8 una polvere di lega di titanio refrattaria ad alte prestazioni progettata per la produzione additiva di componenti che richiedono eccellenti propriet\u00e0 meccaniche a temperature estreme.<\/p>\n<p class=\"whitespace-pre-wrap\">Questo articolo fornisce una guida completa alla polvere di lega di titanio PREP che copre la composizione, le propriet\u00e0, i parametri di stampa, le applicazioni, le specifiche, i fornitori, la manipolazione, l'ispezione, i confronti, i pro e i contro e le domande frequenti. Le informazioni quantitative sono presentate in tabelle di facile consultazione.<\/p>\n<h3><strong>Composizione della polvere di lega di titanio PREP<\/strong><\/h3>\n<p class=\"whitespace-pre-wrap\">La lega PREP ha una composizione complessa che contiene vari elementi soluti:<\/p>\n<table>\n<thead>\n<tr>\n<th>Elemento<\/th>\n<th>% Peso<\/th>\n<th>Scopo<\/th>\n<\/tr>\n<\/thead>\n<tbody>\n<tr>\n<td>Titanio<\/td>\n<td>Equilibrio<\/td>\n<td>Elemento della matrice principale<\/td>\n<\/tr>\n<tr>\n<td>Alluminio<\/td>\n<td>5 &#8211; 7<\/td>\n<td>Rinforzatore di soluzioni solide<\/td>\n<\/tr>\n<tr>\n<td>Stagno<\/td>\n<td>1 &#8211; 3<\/td>\n<td>Rinforzatore di soluzioni solide<\/td>\n<\/tr>\n<tr>\n<td>Zirconio<\/td>\n<td>0.5 &#8211; 2<\/td>\n<td>Controllo della struttura dei grani<\/td>\n<\/tr>\n<tr>\n<td>Molibdeno<\/td>\n<td>1 &#8211; 3<\/td>\n<td>Rinforzatore di soluzioni solide<\/td>\n<\/tr>\n<tr>\n<td>Silicio<\/td>\n<td>0.5 &#8211; 1.5<\/td>\n<td>Resistenza all'ossidazione<\/td>\n<\/tr>\n<tr>\n<td>Niobio<\/td>\n<td>1 &#8211; 3<\/td>\n<td>Formatore in carburo<\/td>\n<\/tr>\n<tr>\n<td>Tantalio<\/td>\n<td>1 &#8211; 3<\/td>\n<td>Formatore in carburo<\/td>\n<\/tr>\n<\/tbody>\n<\/table>\n<p class=\"whitespace-pre-wrap\">Vengono inoltre aggiunte tracce di boro e carbonio per rafforzare i confini dei grani.<\/p>\n<h3><strong>Propriet\u00e0 della polvere di lega di titanio PREP<\/strong><\/h3>\n<p class=\"whitespace-pre-wrap\">La lega PREP presenta un'eccezionale combinazione di propriet\u00e0:<\/p>\n<table>\n<thead>\n<tr>\n<th>Propriet\u00e0<\/th>\n<th>Descrizione<\/th>\n<\/tr>\n<\/thead>\n<tbody>\n<tr>\n<td>elevata resistenza<\/td>\n<td>Eccellente resistenza alla trazione e allo scorrimento fino a 700\u00a1\"C<\/td>\n<\/tr>\n<tr>\n<td>Resistenza alla fatica<\/td>\n<td>Elevata durata a fatica a temperature elevate<\/td>\n<\/tr>\n<tr>\n<td>Tenacit\u00e0 alla frattura<\/td>\n<td>Fino a 100 MPa-\u00a9|m<\/td>\n<\/tr>\n<tr>\n<td>Resistenza all'ossidazione<\/td>\n<td>Forma una scaglia di ossido protettivo<\/td>\n<\/tr>\n<tr>\n<td>Stabilit\u00e0 termica<\/td>\n<td>Stabilit\u00e0 microstrutturale dopo esposizioni prolungate<\/td>\n<\/tr>\n<tr>\n<td>Tolleranza ai danni<\/td>\n<td>Resistente alla formazione di crepe<\/td>\n<\/tr>\n<tr>\n<td>biocompatibilit\u00e0<\/td>\n<td>Non tossico e anallergico<\/td>\n<\/tr>\n<\/tbody>\n<\/table>\n<p class=\"whitespace-pre-wrap\">Le propriet\u00e0 consentono di ottenere componenti leggeri per applicazioni complesse.<\/p>\n<h3><strong>Parametri di stampa AM per polvere di lega di titanio PREP<\/strong><\/h3>\n<p class=\"whitespace-pre-wrap\">I parametri tipici del processo AM includono:<\/p>\n<table>\n<thead>\n<tr>\n<th>Parametro<\/th>\n<th>Valore tipico<\/th>\n<th>Scopo<\/th>\n<\/tr>\n<\/thead>\n<tbody>\n<tr>\n<td>Altezza dello strato<\/td>\n<td>30-50 \u00c3\u00d7m<\/td>\n<td>Risoluzione rispetto alla velocit\u00e0 di costruzione<\/td>\n<\/tr>\n<tr>\n<td>Potenza laser<\/td>\n<td>150-500 W<\/td>\n<td>Sufficiente fusione senza evaporazione<\/td>\n<\/tr>\n<tr>\n<td>Velocit\u00e0 di scansione<\/td>\n<td>750-1500 mm\/s<\/td>\n<td>Densit\u00e0 in funzione della velocit\u00e0 di produzione<\/td>\n<\/tr>\n<tr>\n<td>Distanza tra i boccaporti<\/td>\n<td>80-120 \u00c3\u00d7m<\/td>\n<td>Propriet\u00e0 meccaniche<\/td>\n<\/tr>\n<tr>\n<td>Pressatura isostatica a caldo<\/td>\n<td>900\u00a1\"C, 100 MPa, 3 ore<\/td>\n<td>Eliminare i vuoti interni<\/td>\n<\/tr>\n<\/tbody>\n<\/table>\n<p class=\"whitespace-pre-wrap\">Parametri ottimizzati per densit\u00e0, microstruttura, velocit\u00e0 di produzione e requisiti di post-lavorazione.<\/p>\n<p><img loading=\"lazy\" decoding=\"async\" class=\"size-medium wp-image-1377 aligncenter\" src=\"https:\/\/met3dp.com\/wp-content\/uploads\/2023\/09\/Al-3003-powder-300x248.png\" alt=\"Polvere di lega di titanio refrattario PREP\" width=\"300\" height=\"248\" title=\"\"><\/p>\n<h3><strong>Applicazioni delle parti in titanio PREP stampate in 3D<\/strong><\/h3>\n<p class=\"whitespace-pre-wrap\">I componenti in lega PREP servono per applicazioni critiche, tra cui:<\/p>\n<table>\n<thead>\n<tr>\n<th>Industria<\/th>\n<th>Componenti<\/th>\n<\/tr>\n<\/thead>\n<tbody>\n<tr>\n<td>Aerospaziale<\/td>\n<td>Pale di turbina, parti di compressori, supporti<\/td>\n<\/tr>\n<tr>\n<td>Automotive<\/td>\n<td>Bielle, valvole, ruote del turbocompressore<\/td>\n<\/tr>\n<tr>\n<td>Medico<\/td>\n<td>Impianti ortopedici, strumenti chirurgici<\/td>\n<\/tr>\n<tr>\n<td>Chimico<\/td>\n<td>Pompe, valvole, recipienti di reazione<\/td>\n<\/tr>\n<tr>\n<td>Generazione energetica<\/td>\n<td>Componenti del percorso del gas caldo<\/td>\n<\/tr>\n<\/tbody>\n<\/table>\n<p class=\"whitespace-pre-wrap\">I vantaggi rispetto agli equivalenti battuti includono geometrie complesse e sviluppo accelerato.<\/p>\n<h3><strong>Specifiche di PREP Titanio in polvere per AM<\/strong><\/h3>\n<p class=\"whitespace-pre-wrap\">La polvere di lega PREP deve soddisfare specifiche rigorose:<\/p>\n<table>\n<thead>\n<tr>\n<th>Parametro<\/th>\n<th>Specificazione<\/th>\n<\/tr>\n<\/thead>\n<tbody>\n<tr>\n<td>Intervallo dimensionale delle particelle<\/td>\n<td>15-45 \u00c3\u00d7m tipico<\/td>\n<\/tr>\n<tr>\n<td>Forma delle particelle<\/td>\n<td>Morfologia sferica<\/td>\n<\/tr>\n<tr>\n<td>Densit\u00e0 apparente<\/td>\n<td>&gt;2,5 g\/cc<\/td>\n<\/tr>\n<tr>\n<td>Densit\u00e0 del materiale compattato<\/td>\n<td>&gt;4,5 g\/cc<\/td>\n<\/tr>\n<tr>\n<td>Portata del corridoio<\/td>\n<td>&gt;35 sec per 50 g<\/td>\n<\/tr>\n<tr>\n<td>Purezza<\/td>\n<td>&gt;99,95%<\/td>\n<\/tr>\n<tr>\n<td>Contenuto di ossigeno<\/td>\n<td>&lt;1000 ppm<\/td>\n<\/tr>\n<\/tbody>\n<\/table>\n<p class=\"whitespace-pre-wrap\">Sono disponibili distribuzioni dimensionali personalizzate e livelli di ossigeno controllati.<\/p>\n<h3><strong>Fornitori di polvere di lega di titanio PREP<\/strong><\/h3>\n<p class=\"whitespace-pre-wrap\">La polvere di lega PREP \u00e8 fornita da:<\/p>\n<table>\n<thead>\n<tr>\n<th>Fornitore<\/th>\n<th>Ubicazione<\/th>\n<\/tr>\n<\/thead>\n<tbody>\n<tr>\n<td>Praxair<\/td>\n<td>USA<\/td>\n<\/tr>\n<tr>\n<td>AP&amp;C<\/td>\n<td>Canada<\/td>\n<\/tr>\n<tr>\n<td>Tekna<\/td>\n<td>Canada<\/td>\n<\/tr>\n<tr>\n<td>Metalysis<\/td>\n<td>GB<\/td>\n<\/tr>\n<tr>\n<td>Tecnologia LPW<\/td>\n<td>GB<\/td>\n<\/tr>\n<tr>\n<td>EOS<\/td>\n<td>Germania<\/td>\n<\/tr>\n<\/tbody>\n<\/table>\n<p class=\"whitespace-pre-wrap\">I prezzi variano da $250\/kg a $450\/kg in base alla qualit\u00e0, alla distribuzione delle dimensioni e al volume degli ordini.<\/p>\n<h3><strong>Manipolazione e conservazione della polvere di titanio PREP<\/strong><\/h3>\n<p class=\"whitespace-pre-wrap\">Essendo un materiale reattivo, \u00e8 essenziale un'attenta manipolazione della polvere di lega PREP:<\/p>\n<ul class=\"list-disc pl-8 space-y-2\">\n<li class=\"whitespace-normal\">Conservare i contenitori sigillati sotto gas inerte come l'argon.<\/li>\n<li class=\"whitespace-normal\">Evitare l'esposizione all'aria e all'umidit\u00e0 durante la manipolazione<\/li>\n<li class=\"whitespace-normal\">Utilizzare apparecchiature con adeguata messa a terra<\/li>\n<li class=\"whitespace-normal\">Evitare l'accumulo di polvere per ridurre al minimo il rischio di esplosione.<\/li>\n<li class=\"whitespace-normal\">Si raccomanda la ventilazione di scarico locale<\/li>\n<li class=\"whitespace-normal\">Indossare DPI adeguati ed evitare l'inalazione<\/li>\n<\/ul>\n<p class=\"whitespace-pre-wrap\">Tecniche e controlli adeguati impediscono l'ossidazione della polvere.<\/p>\n<h3><strong>Ispezione e test della polvere di titanio PREP<\/strong><\/h3>\n<p class=\"whitespace-pre-wrap\">I lotti di polvere di lega PREP vengono convalidati utilizzando:<\/p>\n<table>\n<thead>\n<tr>\n<th>Metodo<\/th>\n<th>Parametri testati<\/th>\n<\/tr>\n<\/thead>\n<tbody>\n<tr>\n<td>Analisi granulometrica<\/td>\n<td>Distribuzione granulometrica<\/td>\n<\/tr>\n<tr>\n<td>Immagini SEM<\/td>\n<td>Morfologia delle particelle<\/td>\n<\/tr>\n<tr>\n<td>EDX<\/td>\n<td>Chimica\/composizione<\/td>\n<\/tr>\n<tr>\n<td>XRD<\/td>\n<td>Fasi presenti<\/td>\n<\/tr>\n<tr>\n<td>Picnometria<\/td>\n<td>Densit\u00e0<\/td>\n<\/tr>\n<tr>\n<td>Portata del corridoio<\/td>\n<td>Scorrimento della polvere<\/td>\n<\/tr>\n<\/tbody>\n<\/table>\n<p class=\"whitespace-pre-wrap\">I test secondo gli standard ASTM garantiscono la coerenza tra i lotti.<\/p>\n<h3><strong>Confronto tra la lega PREP e le polveri di titanio alternative<\/strong><\/h3>\n<p class=\"whitespace-pre-wrap\">La lega PREP si confronta con altri materiali in titanio come:<\/p>\n<table>\n<thead>\n<tr>\n<th>Lega<\/th>\n<th>Forza<\/th>\n<th>Resistenza all'ossidazione<\/th>\n<th>Costi<\/th>\n<th>Stampabilit\u00e0<\/th>\n<\/tr>\n<\/thead>\n<tbody>\n<tr>\n<td>PREP<\/td>\n<td>Eccellente<\/td>\n<td>Eccellente<\/td>\n<td>Elevato<\/td>\n<td>Bene<\/td>\n<\/tr>\n<tr>\n<td>Ti64<\/td>\n<td>Bene<\/td>\n<td>Bene<\/td>\n<td>Intermedio<\/td>\n<td>Fiera<\/td>\n<\/tr>\n<tr>\n<td>Ti6242<\/td>\n<td>Eccellente<\/td>\n<td>Bene<\/td>\n<td>Elevato<\/td>\n<td>Fiera<\/td>\n<\/tr>\n<tr>\n<td>CP-Ti<\/td>\n<td>Scarso<\/td>\n<td>Eccellente<\/td>\n<td>Scarso<\/td>\n<td>Eccellente<\/td>\n<\/tr>\n<\/tbody>\n<\/table>\n<p class=\"whitespace-pre-wrap\">Il PREP offre le migliori propriet\u00e0 a tutto tondo, ma a un costo pi\u00f9 elevato rispetto alle leghe di base come il Ti64.<\/p>\n<h3><strong>Pro e contro della polvere di titanio PREP per AM<\/strong><\/h3>\n<table>\n<thead>\n<tr>\n<th>* Alta densit\u00e0: maggiore capacit\u00e0 di archiviazione in un fattore di forma pi\u00f9 piccolo\n* Bassa latenza: tempi di accesso pi\u00f9 rapidi rispetto ai dischi rigidi tradizionali\n* Elevata larghezza di banda: velocit\u00e0 di trasferimento dati pi\u00f9 elevate\n* Maggiore affidabilit\u00e0: meno parti mobili rispetto ai dischi rigidi tradizionali, riducendo il rischio di guasti\n* Maggiore efficienza energetica: consumo energetico inferiore rispetto ai dischi rigidi tradizionali\n* Silenzioso: nessun rumore di ricerca o rotazione<\/th>\n<th>Contro<\/th>\n<\/tr>\n<\/thead>\n<tbody>\n<tr>\n<td>Eccezionale resistenza alle alte temperature<\/td>\n<td>Costoso rispetto a Ti64 e CP-Ti<\/td>\n<\/tr>\n<tr>\n<td>Eccellente resistenza alla fatica termomeccanica<\/td>\n<td>Densit\u00e0 pi\u00f9 elevata rispetto ad altre leghe di titanio<\/td>\n<\/tr>\n<tr>\n<td>Geometrie complesse realizzabili<\/td>\n<td>Manipolazione in atmosfera controllata obbligatoria<\/td>\n<\/tr>\n<tr>\n<td>Anisotropia inferiore rispetto a Ti64 e CP-Ti<\/td>\n<td>Elaborazione molto sensibile alla tecnica<\/td>\n<\/tr>\n<tr>\n<td>Abbinamento delle propriet\u00e0 alle forme battute PREP<\/td>\n<td>Fornitori limitati e varianti di lega<\/td>\n<\/tr>\n<\/tbody>\n<\/table>\n<p class=\"whitespace-pre-wrap\">PREP consente una produzione additiva dalle prestazioni eccezionali, ma richiede un controllo molto rigoroso delle condizioni di processo.<\/p>\n<h2><strong>Domande frequenti sulla polvere di lega di titanio PREP<\/strong><\/h2>\n<p class=\"whitespace-pre-wrap\"><strong>D: A cosa serve la lega di titanio PREP nell'AM?<\/strong><\/p>\n<p class=\"whitespace-pre-wrap\">R: La lega PREP viene utilizzata per stampare in 3D componenti aerospaziali e automobilistici leggeri che necessitano di propriet\u00e0 meccaniche estremamente elevate a temperature fino a 700\u00a1\"C.<\/p>\n<p class=\"whitespace-pre-wrap\"><strong>D: Quale dimensione delle particelle \u00e8 consigliata per la stampa della lega di titanio PREP?<\/strong><\/p>\n<p class=\"whitespace-pre-wrap\">R: Una gamma di dimensioni della polvere di 15-45 micron offre un buon equilibrio tra fluidit\u00e0, alta risoluzione e parti stampate dense.<\/p>\n<p class=\"whitespace-pre-wrap\"><strong>D: Il titanio PREP richiede una pressatura isostatica a caldo dopo l'AM?<\/strong><\/p>\n<p class=\"whitespace-pre-wrap\">R: L'HIP \u00e8 consigliato per eliminare i vuoti interni, massimizzare la resistenza alla fatica e raggiungere la massima densit\u00e0. Potrebbe non essere obbligatorio per applicazioni non critiche.<\/p>\n<p class=\"whitespace-pre-wrap\"><strong>D: Quale materiale ha le propriet\u00e0 pi\u00f9 simili alla lega di titanio PREP?<\/strong><\/p>\n<p class=\"whitespace-pre-wrap\">R: Il Ti-6Al-4V ha una densit\u00e0 comparabile e una buona resistenza alle alte temperature, ma una minore resistenza all'ossidazione rispetto alle leghe PREP.<\/p>\n<p class=\"whitespace-pre-wrap\"><strong>D: Quali vantaggi offre la lega PREP rispetto alla Ti-6Al-4V in AM?<\/strong><\/p>\n<p class=\"whitespace-pre-wrap\">R: I vantaggi principali sono una maggiore resistenza alla trazione e alla fatica fino a 700\u00a1\"C e una migliore resistenza al creep e alla fatica termomeccanica.<\/p>\n<p class=\"whitespace-pre-wrap\"><strong>D: Quale precisione si pu\u00f2 ottenere con i pezzi stampati in titanio PREP?<\/strong><\/p>\n<p class=\"whitespace-pre-wrap\">R: Dopo la post-elaborazione, i componenti PREP stampati possono raggiungere tolleranze dimensionali e finiture superficiali paragonabili a quelle dei componenti in titanio lavorati a CNC.<\/p>\n<p class=\"whitespace-pre-wrap\"><strong>D: Quali difetti possono verificarsi durante la stampa della lega di titanio PREP?<\/strong><\/p>\n<p class=\"whitespace-pre-wrap\">R: I potenziali difetti sono cricche, distorsioni, porosit\u00e0, fusione incompleta e rugosit\u00e0 superficiale. La maggior parte di essi pu\u00f2 essere minimizzata attraverso l'ottimizzazione dei parametri.<\/p>\n<p class=\"whitespace-pre-wrap\"><strong>D: Le strutture di supporto possono essere facilmente rimosse dalle parti AM in titanio PREP?<\/strong><\/p>\n<p class=\"whitespace-pre-wrap\">R: I supporti minimi progettati correttamente sono facilmente rimovibili dopo la stampa grazie alle eccellenti propriet\u00e0 meccaniche delle leghe PREP.<\/p>\n<p class=\"whitespace-pre-wrap\"><strong>D: Che tipo di post-lavorazione si esegue in genere sui componenti in titanio PREP?<\/strong><\/p>\n<p class=\"whitespace-pre-wrap\">R: La pressatura isostatica a caldo, il trattamento termico, la lavorazione a flusso abrasivo, la lavorazione CNC e l'elettrolucidatura sono i post-processi comunemente utilizzati.<\/p>\n<p class=\"whitespace-pre-wrap\"><strong>D: Qual \u00e8 la differenza principale tra Ti-6Al-4V grado 5 e grado 23?<\/strong><\/p>\n<p class=\"whitespace-pre-wrap\">R: Il grado 5 ha un contenuto di ossigeno pi\u00f9 elevato per una migliore fluidit\u00e0 della polvere, mentre il grado 23 ha un contenuto di ossigeno inferiore per una maggiore tenacit\u00e0 alla frattura e resistenza alla fatica.<\/p>\n<p><\/span><\/span><\/p>","protected":false},"excerpt":{"rendered":"<p>Panoramica della polvere di lega di titanio refrattario PREP La lega PREP (Plasma Rotating Electrode Process) \u00e8 una polvere di lega di titanio refrattario ad alte prestazioni progettata per la produzione additiva di componenti che richiedono eccellenti propriet\u00e0 meccaniche a temperature estreme. Questo articolo fornisce una guida completa alla polvere di lega di titanio PREP che copre la composizione, le propriet\u00e0, i parametri di stampa, le applicazioni, le specifiche, i fornitori, la manipolazione, l'ispezione, i confronti,...<\/p>","protected":false},"featured_media":1724,"parent":0,"template":"","meta":{"_acf_changed":false,"_kad_blocks_custom_css":"","_kad_blocks_head_custom_js":"","_kad_blocks_body_custom_js":"","_kad_blocks_footer_custom_js":"","_kad_post_transparent":"","_kad_post_title":"","_kad_post_layout":"","_kad_post_sidebar_id":"","_kad_post_content_style":"","_kad_post_vertical_padding":"","_kad_post_feature":"","_kad_post_feature_position":"","_kad_post_header":false,"_kad_post_footer":false,"_kad_post_classname":""},"product-category":[119,123],"class_list":["post-3858","product","type-product","status-publish","has-post-thumbnail","hentry","product-category-3d-printing-metal-powder","product-category-titanium-based-alloy-powder"],"acf":[],"taxonomy_info":{"product-category":[{"value":119,"label":"3D Printing Metal Powder"},{"value":123,"label":"Titanium Based Alloy Powder"}]},"featured_image_src_large":["https:\/\/3dpmetal.com\/wp-content\/uploads\/2024\/02\/PREP-Refractory-Titanium-Alloy-Powder.jpg",600,600,false],"author_info":[],"comment_info":"","_links":{"self":[{"href":"https:\/\/3dpmetal.com\/it\/wp-json\/wp\/v2\/product\/3858","targetHints":{"allow":["GET"]}}],"collection":[{"href":"https:\/\/3dpmetal.com\/it\/wp-json\/wp\/v2\/product"}],"about":[{"href":"https:\/\/3dpmetal.com\/it\/wp-json\/wp\/v2\/types\/product"}],"wp:featuredmedia":[{"embeddable":true,"href":"https:\/\/3dpmetal.com\/it\/wp-json\/wp\/v2\/media\/1724"}],"wp:attachment":[{"href":"https:\/\/3dpmetal.com\/it\/wp-json\/wp\/v2\/media?parent=3858"}],"wp:term":[{"taxonomy":"product-category","embeddable":true,"href":"https:\/\/3dpmetal.com\/it\/wp-json\/wp\/v2\/product-category?post=3858"}],"curies":[{"name":"wp","href":"https:\/\/api.w.org\/{rel}","templated":true}]}}