{"id":3861,"date":"2024-03-18T06:10:08","date_gmt":"2024-03-18T06:10:08","guid":{"rendered":"https:\/\/3dp.45612300.xyz\/product\/h13-alloy-steel-powder-for-3d-printing\/"},"modified":"2024-03-18T06:10:08","modified_gmt":"2024-03-18T06:10:08","slug":"h13-alloy-steel-powder-for-3d-printing","status":"publish","type":"product","link":"https:\/\/3dpmetal.com\/it\/product\/h13-alloy-steel-powder-for-3d-printing\/","title":{"rendered":"H13 Alloy Steel Powder For 3D Printing"},"content":{"rendered":"<p><span style=\"vertical-align: inherit;\"><span style=\"vertical-align: inherit;\">Our nitrogen atomized H13 alloy steel powder has good hardenability, thermal strength, wear resistance and high impact toughness, thermal fatigue, widely used in the manufacture of hot work molds. Wear is one of the main failure modes of H13 steel hot-working die. Improving the surface wear resistance of H13 steel is an effective way to improve the life of die. In this paper, the process parameters and microstructure properties of cemented carbide coating prepared on H13 steel by vacuum powder sintering were studied.<\/p>\n<p>H13 steel matrix was prepared by laser additive manufacturing technology, and Ni\/WC composite coating was coated by laser cladding. The hardness of the coating was 16% higher than that of the matrix, and the wear resistance of the coating was twice as high as that of the matrix.?The wear mechanism of additive manufactured H13 steel is adhesion wear and slight oxidation wear, and the wear mechanism of coating is abrasive wear.<\/p>\n<p><strong>Product?<\/strong><strong>Specificazione<\/strong><\/p>\n<div>\n<table>\n<tbody>\n<tr>\n<td data-sheets-value=\"{&quot;1&quot;:2,&quot;2&quot;:&quot;Component&quot;}\"><strong>Componente<\/strong><\/td>\n<td data-sheets-value=\"{&quot;1&quot;:2,&quot;2&quot;:&quot;Cr&quot;}\"><strong>Cr<\/strong><\/td>\n<td data-sheets-value=\"{&quot;1&quot;:2,&quot;2&quot;:&quot;Si&quot;}\"><strong>Se<\/strong><\/td>\n<td data-sheets-value=\"{&quot;1&quot;:2,&quot;2&quot;:&quot;Mo&quot;}\"><strong>Mo<\/strong><\/td>\n<td data-sheets-value=\"{&quot;1&quot;:2,&quot;2&quot;:&quot;Mn&quot;}\"><strong>Mn<\/strong><\/td>\n<td data-sheets-value=\"{&quot;1&quot;:2,&quot;2&quot;:&quot;C&quot;}\"><strong>Sure, the text \"C\" in Italian is \"C\".<\/strong><\/td>\n<td data-sheets-value=\"{&quot;1&quot;:2,&quot;2&quot;:&quot;V&quot;}\"><strong>V<\/strong><\/td>\n<\/tr>\n<tr>\n<td data-sheets-value=\"{&quot;1&quot;:2,&quot;2&quot;:&quot;Standard %&quot;}\">Standard %<\/td>\n<td data-sheets-value=\"{&quot;1&quot;:2,&quot;2&quot;:&quot;4.75-5.5&quot;}\">4.75-5.5<\/td>\n<td data-sheets-value=\"{&quot;1&quot;:2,&quot;2&quot;:&quot;0.80-1.2&quot;}\">0.80-1.2<\/td>\n<td data-sheets-value=\"{&quot;1&quot;:2,&quot;2&quot;:&quot;1.10-1.50&quot;}\">1.10-1.50<\/td>\n<td data-sheets-value=\"{&quot;1&quot;:2,&quot;2&quot;:&quot;0.20-0.50&quot;}\">0.20-0.50<\/td>\n<td data-sheets-value=\"{&quot;1&quot;:2,&quot;2&quot;:&quot;0.32-0.45&quot;}\">0.32-0.45<\/td>\n<td data-sheets-value=\"{&quot;1&quot;:2,&quot;2&quot;:&quot;0.8-1.2&quot;}\">0.8-1.2<\/td>\n<\/tr>\n<tr>\n<td data-sheets-value=\"{&quot;1&quot;:2,&quot;2&quot;:&quot;Test%&quot;}\">Test%<\/td>\n<td data-sheets-value=\"{&quot;1&quot;:3,&quot;3&quot;:5.28}\">5.28<\/td>\n<td data-sheets-value=\"{&quot;1&quot;:3,&quot;3&quot;:0.96}\">0.96<\/td>\n<td data-sheets-value=\"{&quot;1&quot;:3,&quot;3&quot;:1.29}\">1.29<\/td>\n<td data-sheets-value=\"{&quot;1&quot;:3,&quot;3&quot;:0.39}\">0.39<\/td>\n<td data-sheets-value=\"{&quot;1&quot;:3,&quot;3&quot;:0.368}\">0.368<\/td>\n<td data-sheets-value=\"{&quot;1&quot;:3,&quot;3&quot;:1.07}\">1.07<\/td>\n<\/tr>\n<tr>\n<td data-sheets-value=\"{&quot;1&quot;:2,&quot;2&quot;:&quot;Component&quot;}\"><strong>Componente<\/strong><\/td>\n<td data-sheets-value=\"{&quot;1&quot;:2,&quot;2&quot;:&quot;O&quot;}\"><strong>Sure, it seems like you've provided just a single letter \"O.\" Could you please provide more context or clarify if there's a specific text you want translated into Italian?<\/strong><\/td>\n<td data-sheets-value=\"{&quot;1&quot;:2,&quot;2&quot;:&quot;S&quot;}\"><strong>Certainly! However, it seems like the text you provided is just the letter \"S\". Could you please provide the full text you'd like me to translate to Italian?<\/strong><\/td>\n<td data-sheets-value=\"{&quot;1&quot;:2,&quot;2&quot;:&quot;P&quot;}\"><strong>The text \"P\" doesn't provide any context for translation. Could you please provide the full text or specify what you'd like to be translated into Italian?<\/strong><\/td>\n<td data-sheets-value=\"{&quot;1&quot;:2,&quot;2&quot;:&quot;Fe&quot;}\"><strong>Fe<\/strong><\/td>\n<td><\/td>\n<td><\/td>\n<\/tr>\n<tr>\n<td data-sheets-value=\"{&quot;1&quot;:2,&quot;2&quot;:&quot;Standard %&quot;}\">Standard %<\/td>\n<td data-sheets-value=\"{&quot;1&quot;:2,&quot;2&quot;:&quot;?&quot;}\">?<\/td>\n<td data-sheets-value=\"{&quot;1&quot;:2,&quot;2&quot;:&quot;?&quot;}\">?<\/td>\n<td data-sheets-value=\"{&quot;1&quot;:2,&quot;2&quot;:&quot;?&quot;}\">?<\/td>\n<td data-sheets-value=\"{&quot;1&quot;:2,&quot;2&quot;:&quot;Bal.&quot;}\">Saldo<\/td>\n<td><\/td>\n<td><\/td>\n<\/tr>\n<tr>\n<td data-sheets-value=\"{&quot;1&quot;:2,&quot;2&quot;:&quot;Test%&quot;}\">Test%<\/td>\n<td data-sheets-value=\"{&quot;1&quot;:3,&quot;3&quot;:0.035}\">0.035<\/td>\n<td data-sheets-value=\"{&quot;1&quot;:3,&quot;3&quot;:0.004}\">0.004<\/td>\n<td data-sheets-value=\"{&quot;1&quot;:3,&quot;3&quot;:0.01}\">0.01<\/td>\n<td data-sheets-value=\"{&quot;1&quot;:2,&quot;2&quot;:&quot;Bal.&quot;}\">Saldo<\/td>\n<td><\/td>\n<td><\/td>\n<\/tr>\n<\/tbody>\n<\/table>\n<\/div>\n<p>&nbsp;<\/p>\n<p><strong>Propriet\u00e0 del prodotto<\/strong><\/p>\n<ol>\n<li>Appearance\u00a8\u00e9Grey spherical or nearly spherical powder<\/li>\n<li>Tapping Density\u00a8\u00e94.46g\/m3<\/li>\n<li>Apparent density: 4.01g\/m3<\/li>\n<li>Flowability\u00a8\u00e927.22s\/50g<\/li>\n<li>Dimensione: 15-53um<\/li>\n<li>PSD\u00a8\u00e9D10=16.58\u00c3\u00d7m\u00a8\u00dbD50=29.73\u00c3\u00d7m\u00a8\u00dbD90=53.26\u00c3\u00d7m<\/li>\n<\/ol>\n<div>\n<table>\n<tbody>\n<tr>\n<td colspan=\"1\" rowspan=\"2\" data-sheets-value=\"{&quot;1&quot;:2,&quot;2&quot;:&quot;Size (um)&quot;}\">\n<div><strong>Dimensione (um)<\/strong><\/div>\n<\/td>\n<td colspan=\"1\" rowspan=\"2\" data-sheets-value=\"{&quot;1&quot;:2,&quot;2&quot;:&quot;Tapping Density (g\/cm3)&quot;}\">\n<div><strong>Densit\u00e0 di battitura (g\/cm3)<\/strong><\/div>\n<\/td>\n<td colspan=\"1\" rowspan=\"2\" data-sheets-value=\"{&quot;1&quot;:2,&quot;2&quot;:&quot;Flowability (s\/50g)&quot;}\">\n<div><strong>Fluidit\u00e0 (s\/50g)<\/strong><\/div>\n<\/td>\n<td colspan=\"3\" rowspan=\"1\" data-sheets-value=\"{&quot;1&quot;:2,&quot;2&quot;:&quot;PSD(um)&quot;}\"><strong>PSD (um<\/strong>)<\/td>\n<\/tr>\n<tr>\n<td data-sheets-value=\"{&quot;1&quot;:2,&quot;2&quot;:&quot;D10&quot;}\">D10<\/td>\n<td data-sheets-value=\"{&quot;1&quot;:2,&quot;2&quot;:&quot;D50&quot;}\">D50<\/td>\n<td data-sheets-value=\"{&quot;1&quot;:2,&quot;2&quot;:&quot;D90&quot;}\">D90<\/td>\n<\/tr>\n<tr>\n<td data-sheets-value=\"{&quot;1&quot;:2,&quot;2&quot;:&quot;15-45um&quot;}\">15-45um<\/td>\n<td data-sheets-value=\"{&quot;1&quot;:2,&quot;2&quot;:&quot;4.4-4.8&quot;}\">4.4-4.8<\/td>\n<td data-sheets-value=\"{&quot;1&quot;:2,&quot;2&quot;:&quot;\u00a8P30&quot;}\">\u00a8P30<\/td>\n<td data-sheets-value=\"{&quot;1&quot;:2,&quot;2&quot;:&quot;20-24&quot;}\">20-24<\/td>\n<td data-sheets-value=\"{&quot;1&quot;:2,&quot;2&quot;:&quot;30-35&quot;}\">30-35<\/td>\n<td data-sheets-value=\"{&quot;1&quot;:2,&quot;2&quot;:&quot;50-55&quot;}\">50-55<\/td>\n<\/tr>\n<tr>\n<td data-sheets-value=\"{&quot;1&quot;:2,&quot;2&quot;:&quot;15-53um&quot;}\">15-53um<\/td>\n<td data-sheets-value=\"{&quot;1&quot;:2,&quot;2&quot;:&quot;4.4-4.9&quot;}\">4.4-4.9<\/td>\n<td data-sheets-value=\"{&quot;1&quot;:2,&quot;2&quot;:&quot;\u00a8P30&quot;}\">\u00a8P30<\/td>\n<td data-sheets-value=\"{&quot;1&quot;:2,&quot;2&quot;:&quot;21-26&quot;}\">21-26<\/td>\n<td data-sheets-value=\"{&quot;1&quot;:2,&quot;2&quot;:&quot;33-39&quot;}\">33-39<\/td>\n<td data-sheets-value=\"{&quot;1&quot;:2,&quot;2&quot;:&quot;52-58&quot;}\">52-58<\/td>\n<\/tr>\n<tr>\n<td data-sheets-value=\"{&quot;1&quot;:2,&quot;2&quot;:&quot;45-120um&quot;}\">45-120um<\/td>\n<td data-sheets-value=\"{&quot;1&quot;:2,&quot;2&quot;:&quot;4.4-4.8&quot;}\">4.4-4.8<\/td>\n<td data-sheets-value=\"{&quot;1&quot;:2,&quot;2&quot;:&quot;\u00a8P30&quot;}\">\u00a8P30<\/td>\n<td data-sheets-value=\"{&quot;1&quot;:2,&quot;2&quot;:&quot;53-57&quot;}\">53-57<\/td>\n<td data-sheets-value=\"{&quot;1&quot;:2,&quot;2&quot;:&quot;89-93&quot;}\">89-93<\/td>\n<td data-sheets-value=\"{&quot;1&quot;:2,&quot;2&quot;:&quot;144-152&quot;}\">144-152<\/td>\n<\/tr>\n<\/tbody>\n<\/table>\n<\/div>\n<p>&nbsp;<\/p>\n<p><strong>Applicazione<\/strong><\/p>\n<p>3D printed H13 alloy steel powder is widely used in Jewelry, Construction, Automotive, Aerospace, Dental and Medical Industries.<\/p>\n<p><strong>Pulverizing Process:<\/strong><\/p>\n<p>Alloy ingredient batching, intermediate frequency induction furnace melting, metal solution pouring out of the bag, atomization, steel powder collection, detection, screening, mixing, weighing, packing out of the warehouse.<img loading=\"lazy\" decoding=\"async\" class=\"aligncenter size-full wp-image-24\" src=\"https:\/\/am-powder.com\/wp-content\/uploads\/2022\/07\/20220228115711b66ca.webp\" alt=\"\" width=\"754\" height=\"690\" title=\"\"><\/span><\/span><\/p>","protected":false},"excerpt":{"rendered":"<p>Our nitrogen atomized H13 alloy steel powder has good hardenability, thermal strength, wear resistance and high impact toughness, thermal fatigue, widely used in the manufacture of hot work molds. Wear is one of the main failure modes of H13 steel hot-working die. Improving the surface wear resistance of H13 steel is an effective way to&#8230;<\/p>","protected":false},"featured_media":1730,"parent":0,"template":"","meta":{"_acf_changed":false,"_kad_blocks_custom_css":"","_kad_blocks_head_custom_js":"","_kad_blocks_body_custom_js":"","_kad_blocks_footer_custom_js":"","_kad_post_transparent":"","_kad_post_title":"","_kad_post_layout":"","_kad_post_sidebar_id":"","_kad_post_content_style":"","_kad_post_vertical_padding":"","_kad_post_feature":"","_kad_post_feature_position":"","_kad_post_header":false,"_kad_post_footer":false,"_kad_post_classname":""},"product-category":[119,122],"class_list":["post-3861","product","type-product","status-publish","has-post-thumbnail","hentry","product-category-3d-printing-metal-powder","product-category-iron-based-alloy-powder"],"acf":[],"taxonomy_info":{"product-category":[{"value":119,"label":"3D Printing Metal Powder"},{"value":122,"label":"Iron Based Alloy Powder"}]},"featured_image_src_large":["https:\/\/3dpmetal.com\/wp-content\/uploads\/2024\/02\/H13-Alloy-Steel-Powder.jpg",600,600,false],"author_info":[],"comment_info":"","_links":{"self":[{"href":"https:\/\/3dpmetal.com\/it\/wp-json\/wp\/v2\/product\/3861","targetHints":{"allow":["GET"]}}],"collection":[{"href":"https:\/\/3dpmetal.com\/it\/wp-json\/wp\/v2\/product"}],"about":[{"href":"https:\/\/3dpmetal.com\/it\/wp-json\/wp\/v2\/types\/product"}],"wp:featuredmedia":[{"embeddable":true,"href":"https:\/\/3dpmetal.com\/it\/wp-json\/wp\/v2\/media\/1730"}],"wp:attachment":[{"href":"https:\/\/3dpmetal.com\/it\/wp-json\/wp\/v2\/media?parent=3861"}],"wp:term":[{"taxonomy":"product-category","embeddable":true,"href":"https:\/\/3dpmetal.com\/it\/wp-json\/wp\/v2\/product-category?post=3861"}],"curies":[{"name":"wp","href":"https:\/\/api.w.org\/{rel}","templated":true}]}}