{"id":3864,"date":"2024-03-18T06:10:08","date_gmt":"2024-03-18T06:10:08","guid":{"rendered":"https:\/\/3dp.45612300.xyz\/product\/inconel-625-powder%c2%88%c3%b7nickel-based-superalloy-in625-powder\/"},"modified":"2024-03-18T06:10:08","modified_gmt":"2024-03-18T06:10:08","slug":"inconel-625-powder%c2%88%c3%b7nickel-based-superalloy-in625-powder","status":"publish","type":"product","link":"https:\/\/3dpmetal.com\/it\/product\/inconel-625-powder%c2%88%c3%b7nickel-based-superalloy-in625-powder\/","title":{"rendered":"Inconel 625 polvere\u00f7Superlega a base di nichel in625 polvere"},"content":{"rendered":"<p><span style=\"vertical-align: inherit;\"><span style=\"vertical-align: inherit;\">La polvere di Inconel 625 \u00e8 una superlega a base di nichel che possiede elevate propriet\u00e0 di resistenza e resistenza alle alte temperature. L'Inconel 625 (Alloy 625, UNS N06625) \u00e8 ampiamente utilizzato per la sua elevata resistenza, l'eccellente lavorabilit\u00e0 (anche nelle giunzioni) e l'eccezionale resistenza alla corrosione. Le sue temperature di servizio vanno dalla criogenia ai 1800\u00a1\"F (982\u00a1\"C). L'elevata resistenza alla trazione, allo scorrimento e alla rottura, l'eccezionale resistenza alla fatica e alla fatica termica, la resistenza all'ossidazione e l'eccellente saldabilit\u00e0 e saldobrasabilit\u00e0 sono le propriet\u00e0 della lega INCONEL 625 che la rendono interessante per il settore aerospaziale.<\/p>\n<p>Viene utilizzato in applicazioni quali i sistemi di condotti degli aerei, i sistemi di scarico dei motori, i sistemi di inversione di spinta, le strutture a nido d'ape saldate a resistenza per l'alloggiamento dei comandi del motore, le tubazioni delle linee del carburante e idrauliche, le barre di spruzzatura, i soffietti, gli anelli dei mantelli delle turbine e le tubazioni degli scambiatori di calore nei sistemi di controllo ambientale. \u00c8 adatto anche per i rivestimenti di transizione del sistema di combustione, le guarnizioni della turbina, le palette del compressore e i tubi della camera di spinta del razzo.<\/p>\n<p><img loading=\"lazy\" decoding=\"async\" class=\"aligncenter size-full wp-image-744\" src=\"https:\/\/am-powder.com\/wp-content\/uploads\/2022\/07\/Inconel-625-Powder.png\" alt=\"Polvere di Inconel 625\" width=\"540\" height=\"540\" title=\"\"><\/p>\n<h3><strong>Specificazione della polvere di Inconel 625<\/strong><\/h3>\n<div class=\"table-responsive\">\n<div>\n<table>\n<tbody>\n<tr>\n<td colspan=\"7\" rowspan=\"1\" data-sheets-value=\"{&quot;1&quot;:2,&quot;2&quot;:&quot;Norminal Composition\u00a8\u00d7wt%\u00a8\u00d8&quot;}\"><strong>Composizione normale\u00a8\u00d7wt%\u00a8\u00d8<\/strong><\/td>\n<\/tr>\n<tr>\n<td colspan=\"1\" rowspan=\"4\" data-sheets-value=\"{&quot;1&quot;:2,&quot;2&quot;:&quot;In625&quot;}\">\n<div>In625<\/div>\n<\/td>\n<td data-sheets-value=\"{&quot;1&quot;:2,&quot;2&quot;:&quot;Cr&quot;}\"><strong>Cr<\/strong><\/td>\n<td data-sheets-value=\"{&quot;1&quot;:2,&quot;2&quot;:&quot;Mo&quot;}\"><strong>Mo<\/strong><\/td>\n<td data-sheets-value=\"{&quot;1&quot;:2,&quot;2&quot;:&quot;Nb&quot;}\"><strong>Nb<\/strong><\/td>\n<td data-sheets-value=\"{&quot;1&quot;:2,&quot;2&quot;:&quot;Co&quot;}\"><strong>Co<\/strong><\/td>\n<td data-sheets-value=\"{&quot;1&quot;:2,&quot;2&quot;:&quot;Fe&quot;}\"><strong>Fe<\/strong><\/td>\n<td data-sheets-value=\"{&quot;1&quot;:2,&quot;2&quot;:&quot;Al&quot;}\"><strong>AI<\/strong><\/td>\n<\/tr>\n<tr>\n<td data-sheets-value=\"{&quot;1&quot;:2,&quot;2&quot;:&quot;20-23&quot;}\">20-23<\/td>\n<td data-sheets-value=\"{&quot;1&quot;:3,&quot;3&quot;:44783}\" data-sheets-numberformat=\"{&quot;1&quot;:5,&quot;2&quot;:&quot;m-d&quot;,&quot;3&quot;:1}\">8-10<\/td>\n<td data-sheets-value=\"{&quot;1&quot;:2,&quot;2&quot;:&quot;3.15-4.15&quot;}\">3.15-4.15<\/td>\n<td data-sheets-value=\"{&quot;1&quot;:2,&quot;2&quot;:&quot;\u00a8P1&quot;}\">\u00a8P1<\/td>\n<td data-sheets-value=\"{&quot;1&quot;:2,&quot;2&quot;:&quot;\u00a8P1&quot;}\">\u00a8P1<\/td>\n<td data-sheets-value=\"{&quot;1&quot;:2,&quot;2&quot;:&quot;\u00a8P0.4&quot;}\">\u00a8P0.4<\/td>\n<\/tr>\n<tr>\n<td data-sheets-value=\"{&quot;1&quot;:2,&quot;2&quot;:&quot;Ti&quot;}\"><strong>S\u00ec<\/strong><\/td>\n<td data-sheets-value=\"{&quot;1&quot;:2,&quot;2&quot;:&quot;C&quot;}\"><strong>Sure, the text \"C\" in Italian is \"C\".<\/strong><\/td>\n<td data-sheets-value=\"{&quot;1&quot;:2,&quot;2&quot;:&quot;Ni&quot;}\"><strong>No, non esiste, che io sappia<\/strong><\/td>\n<td data-sheets-value=\"{&quot;1&quot;:2,&quot;2&quot;:&quot;O&quot;}\"><strong>Sure, it seems like you've provided just a single letter \"O.\" Could you please provide more context or clarify if there's a specific text you want translated into Italian?<\/strong><\/td>\n<td data-sheets-value=\"{&quot;1&quot;:2,&quot;2&quot;:&quot;N&quot;}\"><strong>The text provided is \"N\", which doesn't seem to be a complete sentence or phrase. Could you please provide the full text you'd like me to translate into Italian?<\/strong><\/td>\n<td><\/td>\n<\/tr>\n<tr>\n<td data-sheets-value=\"{&quot;1&quot;:2,&quot;2&quot;:&quot;\u00a8P0.4&quot;}\">\u00a8P0.4<\/td>\n<td data-sheets-value=\"{&quot;1&quot;:2,&quot;2&quot;:&quot;\u00a8P0.1&quot;}\">\u00a8P0.1<\/td>\n<td data-sheets-value=\"{&quot;1&quot;:2,&quot;2&quot;:&quot;Bal.&quot;}\">Saldo<\/td>\n<td data-sheets-value=\"{&quot;1&quot;:2,&quot;2&quot;:&quot;\u00a8P500ppm&quot;}\">\u00a8P500ppm<\/td>\n<td data-sheets-value=\"{&quot;1&quot;:2,&quot;2&quot;:&quot;\u00a8P100ppm&quot;}\">100 ppm<\/td>\n<td><\/td>\n<\/tr>\n<\/tbody>\n<\/table>\n<\/div>\n<p>Common Size:15-45um,15-53um,45-106um,45-150u,-200\/-300\/-400\/-500\/-600mesh etc,.<\/p>\n<p>&nbsp;<\/p>\n<div>\n<table>\n<tbody>\n<tr>\n<td data-sheets-value=\"{&quot;1&quot;:2,&quot;2&quot;:&quot;No&quot;}\"><strong>No<\/strong><\/td>\n<td data-sheets-value=\"{&quot;1&quot;:2,&quot;2&quot;:&quot;Name&quot;}\"><strong>Nome<\/strong><\/td>\n<td data-sheets-value=\"{&quot;1&quot;:2,&quot;2&quot;:&quot;Chemical Composition(wt%)&quot;}\"><strong>Composizione della polvere correlata (wt%)<\/strong><\/td>\n<\/tr>\n<tr>\n<td data-sheets-value=\"{&quot;1&quot;:3,&quot;3&quot;:1}\">1<\/td>\n<td data-sheets-value=\"{&quot;1&quot;:2,&quot;2&quot;:&quot;18Ni300&quot;}\">18Ni300<\/td>\n<td data-sheets-value=\"{&quot;1&quot;:2,&quot;2&quot;:&quot;Ni17-19\u00a8\u00dbMo4.5-5.2\u00a8\u00dbCo8.5-9.5\u00a8\u00dbTi0.6-0.8\u00a8\u00dbAl0.05-0.15\u00a8\u00dbFe(Bal.)&quot;}\">Ni17-19\u00a8\u00dbMo4.5-5.2\u00a8\u00dbCo8.5-9.5\u00a8\u00dbTi0.6-0.8\u00a8\u00dbAl0.05-0.15\u00a8\u00dbFe(Bal.)<\/td>\n<\/tr>\n<tr>\n<td data-sheets-value=\"{&quot;1&quot;:3,&quot;3&quot;:2}\">2<\/td>\n<td data-sheets-value=\"{&quot;1&quot;:2,&quot;2&quot;:&quot;Hastelloy Alloy&quot;}\">Lega Hastelloy<\/td>\n<td data-sheets-value=\"{&quot;1&quot;:2,&quot;2&quot;:&quot;Fe17-20\u00a8\u00dbCr20.5-23\u00a8\u00dbMo8-10\u00a8\u00dbW0.2-1\u00a8\u00dbCo0.5-2.5\u00a8\u00dbC0.05-0.15\u00a8\u00dbNi(Bal.)&quot;}\">Fe17-20\u00a8\u00dbCr20.5-23\u00a8\u00dbMo8-10\u00a8\u00dbW0.2-1\u00a8\u00dbCo0.5-2.5\u00a8\u00dbC0.05-0.15\u00a8\u00dbNi(Bal.)<\/td>\n<\/tr>\n<tr>\n<td data-sheets-value=\"{&quot;1&quot;:3,&quot;3&quot;:3}\">3<\/td>\n<td data-sheets-value=\"{&quot;1&quot;:2,&quot;2&quot;:&quot;AlSi10Mg&quot;}\">AlSi10Mg<\/td>\n<td data-sheets-value=\"{&quot;1&quot;:2,&quot;2&quot;:&quot;Si9-11\u00a8\u00dbMg0.2-0.45\u00a8\u00dbAl(Bal.)&quot;}\">Si9-11\u00a8\u00dbMg0.2-0.45\u00a8\u00dbAl(Bal.)<\/td>\n<\/tr>\n<tr>\n<td data-sheets-value=\"{&quot;1&quot;:3,&quot;3&quot;:4}\">4<\/td>\n<td data-sheets-value=\"{&quot;1&quot;:2,&quot;2&quot;:&quot;CoCrW&quot;}\">CoCrW<\/td>\n<td data-sheets-value=\"{&quot;1&quot;:2,&quot;2&quot;:&quot;Cr26.5-29\u00a8\u00dbW7-9\u00a8\u00dbSi1.2-1.9\u00a8\u00dbCo(Bal.)&quot;}\">Cr26.5-29\u00a8\u00dbW7-9\u00a8\u00dbSi1.2-1.9\u00a8\u00dbCo(Bal.)<\/td>\n<\/tr>\n<tr>\n<td data-sheets-value=\"{&quot;1&quot;:3,&quot;3&quot;:5}\">5<\/td>\n<td data-sheets-value=\"{&quot;1&quot;:2,&quot;2&quot;:&quot;Co28Cr6Mo&quot;}\">Co28Cr6Mo<\/td>\n<td data-sheets-value=\"{&quot;1&quot;:2,&quot;2&quot;:&quot;Cr27-29\u00a8\u00dbMo5-7\u00a8\u00dbCo(Bal.)&quot;}\">Cr27-29\u00a8\u00dbMo5-7\u00a8\u00dbCo(Bal.)<\/td>\n<\/tr>\n<tr>\n<td data-sheets-value=\"{&quot;1&quot;:3,&quot;3&quot;:6}\">6<\/td>\n<td data-sheets-value=\"{&quot;1&quot;:2,&quot;2&quot;:&quot;Spherical Ti Powder&quot;}\">Polvere di Ti sferica<\/td>\n<td data-sheets-value=\"{&quot;1&quot;:2,&quot;2&quot;:&quot;Ti\u00a1\u00d499.9&quot;}\">Ti\u00a1\u00d499.9<\/td>\n<\/tr>\n<tr>\n<td data-sheets-value=\"{&quot;1&quot;:3,&quot;3&quot;:7}\">7<\/td>\n<td data-sheets-value=\"{&quot;1&quot;:2,&quot;2&quot;:&quot;TC4&quot;}\">TC4<\/td>\n<td data-sheets-value=\"{&quot;1&quot;:2,&quot;2&quot;:&quot;Al5.5-6.8\u00a8\u00dbV3.5-4.5\u00a8\u00dbTi(Bal.)&quot;}\">Al5.5-6.8\u00a8\u00dbV3.5-4.5\u00a8\u00dbTi(Bal.)<\/td>\n<\/tr>\n<tr>\n<td data-sheets-value=\"{&quot;1&quot;:3,&quot;3&quot;:8}\">8<\/td>\n<td data-sheets-value=\"{&quot;1&quot;:2,&quot;2&quot;:&quot;TA15&quot;}\">TA15<\/td>\n<td data-sheets-value=\"{&quot;1&quot;:2,&quot;2&quot;:&quot;Al5.5-7.1\u00a8\u00dbV0.8-2.5\u00a8\u00dbMo0.8-2\u00a8\u00dbZr1.5-2.5\u00a8\u00dbAl(Bal.)&quot;}\">Al5.5-7.1\u00a8\u00dbV0.8-2.5\u00a8\u00dbMo0.8-2\u00a8\u00dbZr1.5-2.5\u00a8\u00dbAl(Bal.)<\/td>\n<\/tr>\n<tr>\n<td data-sheets-value=\"{&quot;1&quot;:3,&quot;3&quot;:9}\">9<\/td>\n<td data-sheets-value=\"{&quot;1&quot;:2,&quot;2&quot;:&quot;316L&quot;}\">316L<\/td>\n<td data-sheets-value=\"{&quot;1&quot;:2,&quot;2&quot;:&quot;Cr16.00-18.00\u00a8\u00db Ni10.00-14.00\u00a8\u00dbMo2.00-3.00\u00a8\u00dbFe(Bal.)&quot;}\">Cr16.00-18.00\u00a8\u00db Ni10.00-14.00\u00a8\u00dbMo2.00-3.00\u00a8\u00dbFe(Bal.)<\/td>\n<\/tr>\n<tr>\n<td data-sheets-value=\"{&quot;1&quot;:3,&quot;3&quot;:10}\">10<\/td>\n<td data-sheets-value=\"{&quot;1&quot;:2,&quot;2&quot;:&quot;S136&quot;}\">S136<\/td>\n<td data-sheets-value=\"{&quot;1&quot;:2,&quot;2&quot;:&quot;Cr12.0-14.0\u00a8\u00dbSi0.8-1.0\u00a8\u00dbV0.15-0.4\u00a8\u00dbC0.2-0.45\u00a8\u00dbFe(Bal.)&quot;}\">Cr12.0-14.0\u00a8\u00dbSi0.8-1.0\u00a8\u00dbV0.15-0.4\u00a8\u00dbC0.2-0.45\u00a8\u00dbFe(Bal.)<\/td>\n<\/tr>\n<tr>\n<td data-sheets-value=\"{&quot;1&quot;:3,&quot;3&quot;:11}\">11<\/td>\n<td data-sheets-value=\"{&quot;1&quot;:2,&quot;2&quot;:&quot;In625&quot;}\">In625<\/td>\n<td data-sheets-value=\"{&quot;1&quot;:2,&quot;2&quot;:&quot;Cr20-23 , Mo8-10 , Nb 3.15-4.15 , Co\u00a8P1, Fe\u00a8P1 , Ni (bal.)&quot;}\">Cr20-23 , Mo8-10 , Nb 3,15-4,15 , Co\u00a8P1, Fe\u00a8P1 , Ni (bal.)<\/td>\n<\/tr>\n<tr>\n<td data-sheets-value=\"{&quot;1&quot;:3,&quot;3&quot;:12}\">12<\/td>\n<td data-sheets-value=\"{&quot;1&quot;:2,&quot;2&quot;:&quot;In718&quot;}\">In718<\/td>\n<td data-sheets-value=\"{&quot;1&quot;:2,&quot;2&quot;:&quot;Cr17-21 , Mo2.8-3.3 , Nb 4.75-5.5 , Co\u00a8P1, Ni50-51 , Fe(Bal.)&quot;}\">Cr17-21 , Mo2.8-3.3 , Nb 4.75-5.5 , Co\u00a8P1, Ni50-51 , Fe(Bal.)<\/td>\n<\/tr>\n<tr>\n<td data-sheets-value=\"{&quot;1&quot;:3,&quot;3&quot;:13}\">13<\/td>\n<td data-sheets-value=\"{&quot;1&quot;:2,&quot;2&quot;:&quot;Spherica WC&quot;}\">Sferica WC<\/td>\n<td data-sheets-value=\"{&quot;1&quot;:2,&quot;2&quot;:&quot;C3.7-4.2\u00a8\u00dbW(Bal.)&quot;}\">C3.7-4.2\u00a8\u00dbW(Bal.)<\/td>\n<\/tr>\n<tr>\n<td data-sheets-value=\"{&quot;1&quot;:3,&quot;3&quot;:14}\">14<\/td>\n<td data-sheets-value=\"{&quot;1&quot;:2,&quot;2&quot;:&quot;Spherical Cr Powder&quot;}\">Polvere di Cr sferica<\/td>\n<td data-sheets-value=\"{&quot;1&quot;:2,&quot;2&quot;:&quot;Cr\u00a1\u00d499.9&quot;}\">Cr\u00a1\u00d499,9<\/td>\n<\/tr>\n<tr>\n<td data-sheets-value=\"{&quot;1&quot;:3,&quot;3&quot;:15}\">15<\/td>\n<td data-sheets-value=\"{&quot;1&quot;:2,&quot;2&quot;:&quot;Spherica Mo Powder&quot;}\">Polvere di Mo sferica<\/td>\n<td data-sheets-value=\"{&quot;1&quot;:2,&quot;2&quot;:&quot;Mo\u00a1\u00d499.9&quot;}\">Mo\u00a1\u00d499,9<\/td>\n<\/tr>\n<tr>\n<td data-sheets-value=\"{&quot;1&quot;:3,&quot;3&quot;:16}\">16<\/td>\n<td data-sheets-value=\"{&quot;1&quot;:2,&quot;2&quot;:&quot;Spherica Ta Powder&quot;}\">Polvere di Ta sferica<\/td>\n<td data-sheets-value=\"{&quot;1&quot;:2,&quot;2&quot;:&quot;Ta\u00a1\u00d499.9&quot;}\">Ta\u00a1\u00d499,9<\/td>\n<\/tr>\n<tr>\n<td data-sheets-value=\"{&quot;1&quot;:3,&quot;3&quot;:17}\">17<\/td>\n<td data-sheets-value=\"{&quot;1&quot;:2,&quot;2&quot;:&quot;Spherica W Powder&quot;}\">Polvere di Sferica W<\/td>\n<td data-sheets-value=\"{&quot;1&quot;:2,&quot;2&quot;:&quot;W\u00a1\u00d499.9&quot;}\">W\u00a1\u00d499,9<\/td>\n<\/tr>\n<\/tbody>\n<\/table>\n<\/div>\n<p>&nbsp;<\/p>\n<h3><strong>Propriet\u00e0 della polvere di Inconel 625:<\/strong><\/h3>\n<ol>\n<li>Resistenza alla trazione\/MPa: 910\u00a9I20<\/li>\n<li>Resistenza allo snervamento\/MPa: 460\u00a9I20<\/li>\n<li>Allungamento dopo la rottura\/%: 60\u00a9I5<\/li>\n<li>Resistenza alla trazione (815\u00a1\u00cd)\/MPa: 910\u00a9I20<\/li>\n<li>Resistenza allo snervamento (815\u00a1\u00cd)\/MPa: 460\u00a9I20<\/li>\n<li>Allungamento dopo la rottura (815\u00a1\u00cd)\/%: 60\u00a9I5<\/li>\n<li>Aspetto: Polvere sferica grigia<\/li>\n<li>Densit\u00e0 di maschiatura\u00a8\u00e94,95g\/m3<\/li>\n<li>Densit\u00e0 apparente: 4,32g\/m3<\/li>\n<li>Fluidit\u00e0\u00a8\u00e915,5s\/50g<\/li>\n<li>Dimensione: 15-53um<\/li>\n<li>PSD: D10:17,1um, D50:30,2um, D90: 50,9um<\/li>\n<\/ol>\n<p><img loading=\"lazy\" decoding=\"async\" class=\"size-full wp-image-20 alignleft\" src=\"https:\/\/am-powder.com\/wp-content\/uploads\/2022\/07\/677462b6-20ff-4af1-91a9-df47eebf7ee5.png\" alt=\"\" width=\"669\" height=\"231\" title=\"\"><\/p>\n<\/div>\n<p>&nbsp;<\/p>\n<p>&nbsp;<\/p>\n<p>&nbsp;<\/p>\n<p>&nbsp;<\/p>\n<p>&nbsp;<\/p>\n<h3><\/h3>\n<h3><\/h3>\n<h3><strong>Applicazione della polvere di Inconel 625<\/strong><\/h3>\n<div class=\"table-responsive\">\n<p><strong>Applicazione marina\u00a8\u00e9<\/strong><br \/>\nGrazie alla sua elevata resistenza alla corrosione, in particolare alla vaiolatura e alla fessurazione, l'Inconel 625 \u00e8 ideale per applicazioni sottomarine ad alto contenuto di sale. Il materiale viene utilizzato come pale d'elica per le navi, cime d'ormeggio per il fissaggio di navi e simili, accessori e fissaggi per sottomarini e componenti per attrezzature marine.<br \/>\n<strong>Attrezzature aerospaziali\u00a8\u00e9<\/strong><br \/>\nQuesta superlega ha trovato spazio anche nell'industria aeronautica, in particolare per gli impianti di scarico, i tubi del carburante, gli involucri degli scambiatori di calore e le parti dei razzi, perch\u00e9 l'Inconel 625 funziona bene anche a temperature e pressioni estreme.<br \/>\n<strong>Tecnologia nucleare\u00a8\u00e9<\/strong><br \/>\nLa forza e la resistenza alla corrosione e alle sollecitazioni rendono l'Inconel 625 un componente adatto ai reattori nucleari, in particolare alle barre di controllo e ai nuclei. I sistemi nucleari prevedono inoltre temperature superiori a 650\u00a1\"C, che l'Inconel 625 \u00e8 in grado di sopportare.<br \/>\n<strong>Processi industriali\u00a8\u00e9<\/strong><br \/>\nGrazie alla facilit\u00e0 di produzione e alla resistenza alle alte temperature e alla corrosione, la lega \u00e8 un componente utile nella produzione di apparecchiature di produzione come recipienti, scambiatori di calore, valvole e sistemi di distribuzione dei fluidi. La sua eccellente saldabilit\u00e0 la rende anche un componente adatto per i tubi utilizzati negli impianti di produzione.<\/p>\n<p><strong>Industria del petrolio e del gas:?<\/strong><\/p>\n<p>La polvere In625 trova largo impiego nel settore del petrolio e del gas, dove le apparecchiature operano in condizioni difficili. Viene utilizzata per produrre componenti come valvole, giunti e connettori che devono sopportare pressioni elevate, fluidi corrosivi e temperature elevate. La resistenza della polvere In625 alla corrosione per vaiolatura e interstiziale, insieme alla sua eccezionale resistenza meccanica, garantisce la durata e la longevit\u00e0 di questi componenti vitali.<\/p>\n<p><strong>Settore medico:?<\/strong><\/p>\n<p>Il settore medico trae grande vantaggio dalle caratteristiche uniche della polvere In625. \u00c8 ampiamente utilizzata nella produzione di strumenti chirurgici, impianti ortopedici e protesi dentarie. La biocompatibilit\u00e0 e la resistenza alla corrosione della polvere di In625 la rendono una scelta eccellente per queste applicazioni, garantendo la sicurezza e l'affidabilit\u00e0 dei dispositivi medici e promuovendo al contempo risultati migliori per i pazienti.<\/p>\n<p><strong>Vantaggi della polvere In625<\/strong><\/p>\n<p>Alta resistenza e durata<\/p>\n<p>La polvere In625 vanta eccezionali propriet\u00e0 meccaniche, tra cui un'elevata resistenza alla trazione e allo snervamento, che le consentono di sopportare carichi pesanti e di resistere alla deformazione. La sua eccezionale durata garantisce la longevit\u00e0 e l'affidabilit\u00e0 dei componenti prodotti con questa polvere.<\/p>\n<p>Resistenza alla corrosione superiore<\/p>\n<p>La natura resistente alla corrosione della polvere di In625 la rende particolarmente adatta ad applicazioni in ambienti aggressivi, come quelli marini o di lavorazione chimica. Resiste sia agli ambienti ossidanti che a quelli riducenti, prevenendo il degrado e aumentando la durata complessiva dei componenti.<\/p>\n<p>Eccellente resistenza al calore<\/p>\n<p>Con un punto di fusione di circa 1290\u00a1\"C (2350\u00a1\"F), la polvere In625 dimostra un'eccellente resistenza al calore. Pu\u00f2 resistere a temperature estreme senza subire significative perdite di forza o deformazioni, il che la rende adatta ad applicazioni esposte a forti sollecitazioni termiche.<\/p>\n<p>Lavorabilit\u00e0 versatile<\/p>\n<p>La polvere In625 presenta una buona lavorabilit\u00e0, che consente di realizzare progetti precisi e intricati. Pu\u00f2 essere facilmente modellata in geometrie complesse, garantendo flessibilit\u00e0 e facilitando la produzione di componenti intricati.<\/p>\n<p>Saldabilit\u00e0<\/p>\n<p>La saldabilit\u00e0 della polvere In625 \u00e8 un altro vantaggio notevole. Pu\u00f2 essere saldata con varie tecniche, come la saldatura ad arco di tungsteno a gas (GTAW) e la saldatura a fascio elettronico (EBW), consentendo di realizzare facilmente strutture grandi e complesse.<\/p>\n<p><strong>FAQ (Domande frequenti)<\/strong><\/p>\n<p>Q1. La polvere In625 \u00e8 adatta per applicazioni ad alta temperatura?<\/p>\n<p>S\u00ec, la polvere In625 presenta un'eccellente resistenza al calore e pu\u00f2 sopportare temperature estreme, rendendola adatta ad applicazioni ad alta temperatura.<\/p>\n<p>Q2. Quali sono i settori che traggono i maggiori vantaggi dall'uso della polvere In625?<\/p>\n<p>La polvere In625 trova applicazione in diversi settori, tra cui quello aerospaziale, petrolifero e del gas, medico e della lavorazione chimica.<\/p>\n<p>Q3. La polvere In625 pu\u00f2 essere saldata?<\/p>\n<p>S\u00ec, la polvere di In625 pu\u00f2 essere saldata con varie tecniche, offrendo flessibilit\u00e0 nella realizzazione di strutture complesse.<\/p>\n<p>Q4. La polvere In625 ha una buona resistenza alla corrosione?<\/p>\n<p>Assolutamente! La polvere In625 dimostra una resistenza superiore alla corrosione, che la rende particolarmente adatta agli ambienti aggressivi.<\/p>\n<p>Q5. La polvere In625 \u00e8 compatibile con le applicazioni biomediche?<\/p>\n<p>S\u00ec, la polvere di In625 \u00e8 biocompatibile e ampiamente utilizzata nella produzione di strumenti chirurgici, impianti ortopedici e protesi dentarie.<\/p>\n<\/div>\n<p><\/span><\/span><\/p>","protected":false},"excerpt":{"rendered":"<p>La polvere di Inconel 625 \u00e8 una superlega a base di nichel che possiede elevate propriet\u00e0 di resistenza e resistenza alle alte temperature. L'Inconel 625 (Alloy 625, UNS N06625) \u00e8 ampiamente utilizzato per la sua elevata resistenza, l'eccellente lavorabilit\u00e0 (anche nelle giunzioni) e l'eccezionale resistenza alla corrosione. Le sue temperature di servizio vanno dalla criogenia ai 1800\u00a1\"F (982\u00a1\"C). Elevata resistenza alla trazione, allo scorrimento e alla rottura, eccezionale resistenza alla fatica...<\/p>","protected":false},"featured_media":1736,"parent":0,"template":"","meta":{"_acf_changed":false,"_kad_blocks_custom_css":"","_kad_blocks_head_custom_js":"","_kad_blocks_body_custom_js":"","_kad_blocks_footer_custom_js":"","_kad_post_transparent":"","_kad_post_title":"","_kad_post_layout":"","_kad_post_sidebar_id":"","_kad_post_content_style":"","_kad_post_vertical_padding":"","_kad_post_feature":"","_kad_post_feature_position":"","_kad_post_header":false,"_kad_post_footer":false,"_kad_post_classname":""},"product-category":[119,120],"class_list":["post-3864","product","type-product","status-publish","has-post-thumbnail","hentry","product-category-3d-printing-metal-powder","product-category-high-temperature-alloy-powder"],"acf":[],"taxonomy_info":{"product-category":[{"value":119,"label":"3D Printing Metal Powder"},{"value":120,"label":"High Temperature Alloy Powder"}]},"featured_image_src_large":["https:\/\/3dpmetal.com\/wp-content\/uploads\/2024\/02\/Inconel-625-Powder.jpg",600,600,false],"author_info":[],"comment_info":"","_links":{"self":[{"href":"https:\/\/3dpmetal.com\/it\/wp-json\/wp\/v2\/product\/3864","targetHints":{"allow":["GET"]}}],"collection":[{"href":"https:\/\/3dpmetal.com\/it\/wp-json\/wp\/v2\/product"}],"about":[{"href":"https:\/\/3dpmetal.com\/it\/wp-json\/wp\/v2\/types\/product"}],"wp:featuredmedia":[{"embeddable":true,"href":"https:\/\/3dpmetal.com\/it\/wp-json\/wp\/v2\/media\/1736"}],"wp:attachment":[{"href":"https:\/\/3dpmetal.com\/it\/wp-json\/wp\/v2\/media?parent=3864"}],"wp:term":[{"taxonomy":"product-category","embeddable":true,"href":"https:\/\/3dpmetal.com\/it\/wp-json\/wp\/v2\/product-category?post=3864"}],"curies":[{"name":"wp","href":"https:\/\/api.w.org\/{rel}","templated":true}]}}