{"id":3867,"date":"2024-03-18T06:10:08","date_gmt":"2024-03-18T06:10:08","guid":{"rendered":"https:\/\/3dp.45612300.xyz\/product\/niobium-powder\/"},"modified":"2024-03-18T06:10:08","modified_gmt":"2024-03-18T06:10:08","slug":"niobium-powder","status":"publish","type":"product","link":"https:\/\/3dpmetal.com\/it\/product\/niobium-powder\/","title":{"rendered":"Niobio in polvere"},"content":{"rendered":"<p><span style=\"vertical-align: inherit;\"><span style=\"vertical-align: inherit;\"><\/p>\n<h2>Panoramica della polvere di niobio<\/h2>\n<p class=\"whitespace-pre-wrap\">Il niobio \u00e8 un metallo di transizione bianco e brillante, refrattario, con un'eccezionale resistenza al calore e un punto di fusione molto elevato. In polvere, presenta un'eccellente stabilit\u00e0 termica, elettrica e chimica.<\/p>\n<p class=\"whitespace-pre-wrap\">Le propriet\u00e0 principali della polvere di niobio includono:<\/p>\n<ul class=\"list-disc pl-8 space-y-2\">\n<li class=\"whitespace-normal\">Elevata resistenza al calore e natura refrattaria<\/li>\n<li class=\"whitespace-normal\">Eccellente resistenza alla corrosione<\/li>\n<li class=\"whitespace-normal\">Superconduttore al di sotto di 9,2K (-264\u00a1\"C)<\/li>\n<li class=\"whitespace-normal\">Stabilit\u00e0 termica ed elettrica<\/li>\n<li class=\"whitespace-normal\">Basso assorbimento di neutroni<\/li>\n<li class=\"whitespace-normal\">Polvere ad alta densit\u00e0 con buona purezza chimica<\/li>\n<li class=\"whitespace-normal\">Disponibile in varie gamme di dimensioni delle particelle<\/li>\n<\/ul>\n<p class=\"whitespace-pre-wrap\">La polvere di niobio viene utilizzata dove \u00e8 possibile sfruttarne le propriet\u00e0 refrattarie, conduttive e superconduttive. Le principali applicazioni includono l'elettronica, i superconduttori, le leghe, i componenti resistenti alle sostanze chimiche e al calore, i rivestimenti ottici e la pirotecnica.<\/p>\n<h2>Composizione della polvere di niobio<\/h2>\n<p class=\"whitespace-pre-wrap\">La polvere di niobio ha la seguente composizione tipica:<\/p>\n<table>\n<thead>\n<tr>\n<th>Elemento<\/th>\n<th>Purezza<\/th>\n<\/tr>\n<\/thead>\n<tbody>\n<tr>\n<td>Niobio (Nb)<\/td>\n<td>Minimo del 99%<\/td>\n<\/tr>\n<tr>\n<td>Tantalio (Ta)<\/td>\n<td>0,5% massimo<\/td>\n<\/tr>\n<tr>\n<td>Hafnio (Hf)<\/td>\n<td>0,01% max<\/td>\n<\/tr>\n<tr>\n<td>Azoto (N)<\/td>\n<td>0,03% max<\/td>\n<\/tr>\n<tr>\n<td>Carbonio (C)<\/td>\n<td>0,05% max<\/td>\n<\/tr>\n<tr>\n<td>Ossigeno (O)<\/td>\n<td>0.1-0.2%<\/td>\n<\/tr>\n<tr>\n<td>Idrogeno (H)<\/td>\n<td>0,0015% max<\/td>\n<\/tr>\n<\/tbody>\n<\/table>\n<p class=\"whitespace-pre-wrap\">La polvere di niobio ad alta purezza contiene oltre 99% di niobio metallico con bassi livelli di impurit\u00e0. I gradi commerciali hanno impurit\u00e0 pi\u00f9 elevate consentite.<\/p>\n<h2>Propriet\u00e0 del niobio in polvere<\/h2>\n<p class=\"whitespace-pre-wrap\">La polvere di niobio presenta le seguenti propriet\u00e0:<\/p>\n<table>\n<thead>\n<tr>\n<th>Propriet\u00e0<\/th>\n<th>Valore<\/th>\n<\/tr>\n<\/thead>\n<tbody>\n<tr>\n<td>Densit\u00e0<\/td>\n<td>8,57 g\/cm3<\/td>\n<\/tr>\n<tr>\n<td>Punto di fusione<\/td>\n<td>2477\u00a1\"C<\/td>\n<\/tr>\n<tr>\n<td>Conduttivit\u00e0 termica<\/td>\n<td>53 W\/m?K<\/td>\n<\/tr>\n<tr>\n<td>Resistivit\u00e0 elettrica<\/td>\n<td>15 \u00c3\u00d7\u00ce?cm<\/td>\n<\/tr>\n<tr>\n<td>Modulo di Young<\/td>\n<td>105 GPa<\/td>\n<\/tr>\n<tr>\n<td>Rapporto di Poisson<\/td>\n<td>0.40<\/td>\n<\/tr>\n<tr>\n<td>Resistenza alla trazione<\/td>\n<td>550 MPa<\/td>\n<\/tr>\n<tr>\n<td>Resistenza alla compressione<\/td>\n<td>200 MPa<\/td>\n<\/tr>\n<tr>\n<td>Durezza Vickers<\/td>\n<td>600 HV<\/td>\n<\/tr>\n<\/tbody>\n<\/table>\n<p class=\"whitespace-pre-wrap\">Il niobio ha un punto di fusione estremamente elevato e un'ottima conduttivit\u00e0. Offre un'elevata resistenza alle basse e alle alte temperature. La temperatura di transizione superconduttiva \u00e8 di 9,2K.<\/p>\n<p><img loading=\"lazy\" decoding=\"async\" class=\"size-medium wp-image-1409 aligncenter\" src=\"https:\/\/met3dp.com\/wp-content\/uploads\/2023\/09\/ed7a94ec-3c10-4b1b-87ed--300x300.jpg\" alt=\"Niobio in polvere\" width=\"300\" height=\"300\" title=\"\"><\/p>\n<h2>Metodi di produzione della polvere di niobio<\/h2>\n<p class=\"whitespace-pre-wrap\">La polvere di niobio pu\u00f2 essere prodotta con metodi quali:<\/p>\n<ul class=\"list-disc pl-8 space-y-2\">\n<li class=\"whitespace-normal\"><strong>Idratazione-Deidratazione<\/strong>Lingotti di niobio frantumati in polvere grossolana e idratati. L'idruro di niobio viene disidratato sotto vuoto e macinato in polvere fine.<\/li>\n<li class=\"whitespace-normal\"><strong>Riduzione calciotermica<\/strong>Riduzione dell'ossido di niobio con il calcio, seguita da consolidamento e frantumazione in polvere.<\/li>\n<li class=\"whitespace-normal\"><strong>Elettrolisi<\/strong>L'elettrolisi a sali fusi dell'ossido di niobio produce una spugna di niobio che viene frantumata in polvere.<\/li>\n<li class=\"whitespace-normal\"><strong>Riduzione delle emissioni di carbonio<\/strong>L'ossido di niobio viene ridotto con il carbonio e trasformato in polvere.<\/li>\n<\/ul>\n<p class=\"whitespace-pre-wrap\">Il processo di idrurazione \u00e8 il pi\u00f9 comune, ma la riduzione al carbonio e quella elettrotermica offrono polveri di maggiore purezza.<\/p>\n<h2>Applicazioni della polvere di niobio<\/h2>\n<p class=\"whitespace-pre-wrap\">La polvere di niobio \u00e8 utilizzata nelle seguenti applicazioni principali:<\/p>\n<ul class=\"list-disc pl-8 space-y-2\">\n<li class=\"whitespace-normal\"><strong>Elettronica<\/strong>Condensatori, cavit\u00e0 superconduttrici a radiofrequenza, giunzioni Josephson, circuiti integrati.<\/li>\n<li class=\"whitespace-normal\"><strong>Leghe metalliche<\/strong>Aggiunge agli acciai e alle leghe a base di nichel per aumentarne la forza e la resistenza al calore.<\/li>\n<li class=\"whitespace-normal\"><strong>Rivestimenti e vernici<\/strong>Utilizzato nei rivestimenti conduttivi, nelle vernici antiscintilla e nei rivestimenti ottici.<\/li>\n<li class=\"whitespace-normal\"><strong>Saldatura<\/strong>Come materiale di riempimento per acciaio inossidabile, leghe di nichel e metalli refrattari.<\/li>\n<li class=\"whitespace-normal\"><strong>Settore Chimico<\/strong>Componenti come scambiatori di calore, recipienti di reattori che utilizzano la stabilit\u00e0 del niobio.<\/li>\n<li class=\"whitespace-normal\"><strong>Pyrotecnica<\/strong>Come combustibile e ossidante nelle formulazioni pirotecniche.<\/li>\n<\/ul>\n<h2>Specifiche della polvere di niobio<\/h2>\n<p class=\"whitespace-pre-wrap\">La polvere di niobio \u00e8 disponibile in varie specifiche:<\/p>\n<ul class=\"list-disc pl-8 space-y-2\">\n<li class=\"whitespace-normal\"><strong>Gradi di purezza<\/strong>Dalla purezza commerciale alla purezza ultraelevata (99,99%) in base alle impurit\u00e0.<\/li>\n<li class=\"whitespace-normal\"><strong>Dimensioni delle particelle<\/strong>Da 1 micron a 150 micron per varie applicazioni.<\/li>\n<li class=\"whitespace-normal\"><strong>Morfologia<\/strong>Forme di polvere irregolari, sferiche, nodulari e a scaglie.<\/li>\n<li class=\"whitespace-normal\"><strong>Area superficiale<\/strong>Da superfici basse fino a polveri ad alta superficie.<\/li>\n<li class=\"whitespace-normal\"><strong>Contenuto di ossigeno<\/strong>Sono disponibili anche gradi di polvere fine a basso contenuto di ossigeno.<\/li>\n<li class=\"whitespace-normal\"><strong>Gradi personalizzati<\/strong>Caratteristiche delle particelle e purezza specifiche del cliente.<\/li>\n<\/ul>\n<h2>Fornitori globali di polvere di niobio<\/h2>\n<p class=\"whitespace-pre-wrap\">Alcuni dei principali fornitori di polvere di niobio a livello mondiale includono:<\/p>\n<ul class=\"list-disc pl-8 space-y-2\">\n<li class=\"whitespace-normal\">H.C. Starck (Germania)<\/li>\n<li class=\"whitespace-normal\">CBMM (Brasile)<\/li>\n<li class=\"whitespace-normal\">Niobec (Canada)<\/li>\n<li class=\"whitespace-normal\">ESPI Metals (USA)<\/li>\n<li class=\"whitespace-normal\">Acciaio e tubi Continental (USA)<\/li>\n<li class=\"whitespace-normal\">ZhuZhou Oriental Powder Metallurgy (Cina)<\/li>\n<\/ul>\n<p class=\"whitespace-pre-wrap\">Queste aziende producono vari gradi di polvere di niobio utilizzando diversi metodi di produzione con livelli di purezza da commerciali a elevati.<\/p>\n<h2>Prezzi del niobio in polvere<\/h2>\n<p class=\"whitespace-pre-wrap\">I prezzi della polvere di niobio dipendono da fattori quali:<\/p>\n<ul class=\"list-disc pl-8 space-y-2\">\n<li class=\"whitespace-normal\"><strong>Grado di purezza<\/strong>Da $50\/kg per la purezza commerciale a oltre $500\/kg per i gradi di purezza ultra elevata.<\/li>\n<li class=\"whitespace-normal\"><strong>Dimensione particellare<\/strong>Le polveri in nanoscala e sub-micron sono pi\u00f9 costose.<\/li>\n<li class=\"whitespace-normal\"><strong>Morfologia<\/strong>Le polveri sferiche e lisce hanno un prezzo superiore.<\/li>\n<li class=\"whitespace-normal\"><strong>Quantit\u00e0<\/strong>I prezzi si riducono per le grandi quantit\u00e0 grazie all'economia di scala.<\/li>\n<li class=\"whitespace-normal\"><strong>Produttore<\/strong>I principali fornitori globali offrono prezzi pi\u00f9 competitivi.<\/li>\n<li class=\"whitespace-normal\"><strong>Geografia<\/strong>I prezzi variano nelle diverse regioni del mondo.<\/li>\n<\/ul>\n<h2>Conservazione e manipolazione della polvere di niobio<\/h2>\n<p class=\"whitespace-pre-wrap\">La polvere di niobio richiede uno stoccaggio e una manipolazione controllati:<\/p>\n<ul class=\"list-disc pl-8 space-y-2\">\n<li class=\"whitespace-normal\">Evitare l'esposizione all'aria e all'umidit\u00e0 per ridurre al minimo l'ossidazione.<\/li>\n<li class=\"whitespace-normal\">Evitare i rischi di accensione e di esplosione dovuti alla polvere fine.<\/li>\n<li class=\"whitespace-normal\">Utilizzare una ventilazione e una protezione respiratoria adeguate durante la manipolazione<\/li>\n<li class=\"whitespace-normal\">Seguire le precauzioni contenute nella scheda di sicurezza del fornitore<\/li>\n<li class=\"whitespace-normal\">Conservare i contenitori sigillati in un luogo fresco e asciutto, lontano da sostanze incompatibili.<\/li>\n<\/ul>\n<p class=\"whitespace-pre-wrap\">Durante la manipolazione della polvere di niobio \u00e8 necessario utilizzare scatole a guanti per gas inerte, un'adeguata messa a terra e DPI.<\/p>\n<h2>Ispezione e test della polvere di niobio<\/h2>\n<p class=\"whitespace-pre-wrap\">Le seguenti ispezioni e prove sono tipicamente eseguite sulla polvere di niobio:<\/p>\n<ul class=\"list-disc pl-8 space-y-2\">\n<li class=\"whitespace-normal\"><strong>Analisi chimica<\/strong>Tecniche di plasma accoppiato induttivamente o di fluorescenza a raggi X utilizzate per il controllo della composizione e della purezza.<\/li>\n<li class=\"whitespace-normal\"><strong>Test sulla dimensione delle particelle<\/strong>Eseguita secondo lo standard ASTM B822 con la tecnica della diffrazione laser.<\/li>\n<li class=\"whitespace-normal\"><strong>Morfologia<\/strong>Microscopia elettronica a scansione utilizzata per determinare la forma e l'area superficiale.<\/li>\n<li class=\"whitespace-normal\"><strong>Superficie specifica<\/strong>Metodo di assorbimento dei gas BET utilizzato per misurare l'area superficiale per unit\u00e0 di massa.<\/li>\n<li class=\"whitespace-normal\"><strong>Test sulle impurit\u00e0<\/strong>ICP-MS utilizzato per quantificare i livelli di tantalio, ossigeno, azoto e altre impurit\u00e0.<\/li>\n<li class=\"whitespace-normal\"><strong>Flusso di polvere<\/strong>Testato con il flussimetro di Hall secondo lo standard ASTM B213.<\/li>\n<\/ul>\n<h2>Confronto tra niobio e tantalio in polvere<\/h2>\n<p class=\"whitespace-pre-wrap\">Le polveri di niobio e tantalio sono due polveri metalliche refrattarie simili tra loro:<\/p>\n<table>\n<thead>\n<tr>\n<th>Parametro<\/th>\n<th>Niobio in polvere<\/th>\n<th>Polvere di tantalio<\/th>\n<\/tr>\n<\/thead>\n<tbody>\n<tr>\n<td>Densit\u00e0<\/td>\n<td>8,57 g\/cm3<\/td>\n<td>16,6 g\/cm3<\/td>\n<\/tr>\n<tr>\n<td>Punto di fusione<\/td>\n<td>2477\u00a1\"C<\/td>\n<td>2996\u00a1\"C<\/td>\n<\/tr>\n<tr>\n<td>Resistivit\u00e0 elettrica<\/td>\n<td>15 \u00c3\u00d7\u00b4\u00ce.cm<\/td>\n<td>13 \u00c3\u00d7\u00b4\u00ce.cm<\/td>\n<\/tr>\n<tr>\n<td>Resistenza alla trazione<\/td>\n<td>550 MPa<\/td>\n<td>400 MPa<\/td>\n<\/tr>\n<tr>\n<td>Resistenza all'ossidazione<\/td>\n<td>Moderato<\/td>\n<td>Migliore<\/td>\n<\/tr>\n<tr>\n<td>Costi<\/td>\n<td>Inferiore<\/td>\n<td>Pi\u00f9 alto<\/td>\n<\/tr>\n<tr>\n<td>APPLICAZIONI<\/td>\n<td>Leghe, condensatori<\/td>\n<td>Medicale, elettronica<\/td>\n<\/tr>\n<\/tbody>\n<\/table>\n<p class=\"whitespace-pre-wrap\">Il tantalio ha una densit\u00e0 e un punto di fusione pi\u00f9 elevati e una migliore resistenza all'ossidazione, ma \u00e8 pi\u00f9 costoso del niobio.<\/p>\n<h2>Domande frequenti sulla polvere di niobio<\/h2>\n<p class=\"whitespace-pre-wrap\"><strong>D: Come viene prodotta la polvere di niobio?<\/strong><\/p>\n<p class=\"whitespace-pre-wrap\">R: I principali metodi di produzione della polvere di niobio sono l'idrurazione-deidrurazione, la riduzione calciotermica, l'elettrolisi e la riduzione al carbonio delle fonti di ossido di niobio.<\/p>\n<p class=\"whitespace-pre-wrap\"><strong>D: A cosa serve la polvere di niobio?<\/strong><\/p>\n<p class=\"whitespace-pre-wrap\">R: Le principali applicazioni della polvere di niobio includono elettronica, leghe metalliche, rivestimenti, industria chimica, saldatura, pirotecnica e superconduttori.<\/p>\n<p class=\"whitespace-pre-wrap\"><strong>D: Qual \u00e8 la dimensione tipica della polvere di niobio per i rivestimenti a spruzzo termico?<\/strong><\/p>\n<p class=\"whitespace-pre-wrap\">R: Per i processi di spruzzatura termica, la polvere di niobio \u00e8 tipicamente utilizzata in un intervallo di dimensioni delle particelle di 45-150 micron. Una polvere pi\u00f9 fine pu\u00f2 causare problemi di ossidazione.<\/p>\n<p class=\"whitespace-pre-wrap\"><strong>D: La polvere di niobio \u00e8 infiammabile o esplosiva?<\/strong><\/p>\n<p class=\"whitespace-pre-wrap\">R: S\u00ec, come altri metalli finemente suddivisi, la polvere di niobio pu\u00f2 essere potenzialmente infiammabile o esplosiva. \u00c8 necessario prendere le dovute precauzioni per una manipolazione e uno stoccaggio sicuri.<\/p>\n<p class=\"whitespace-pre-wrap\"><strong>D: Dove posso acquistare polvere di niobio ad alta purezza per applicazioni superconduttive?<\/strong><\/p>\n<p class=\"whitespace-pre-wrap\">R: La polvere di niobio ad altissima purezza (99,99%) adatta alle applicazioni superconduttive pu\u00f2 essere acquistata dai principali fornitori, tra cui HC Starck, CBMM ed ESPI Metals.<\/p>\n<p><\/span><\/span><\/p>","protected":false},"excerpt":{"rendered":"<p>Panoramica della polvere di niobio Il niobio \u00e8 un metallo di transizione bianco e lucido, refrattario, con un'eccezionale resistenza al calore e un punto di fusione molto elevato. In polvere, presenta un'eccellente stabilit\u00e0 termica, elettrica e chimica. Le propriet\u00e0 principali del niobio in polvere includono: Elevata resistenza al calore e natura refrattaria Eccellente resistenza alla corrosione Superconduttore al di sotto di 9,2K (-264\u00a1\"C) Stabilit\u00e0 termica ed elettrica...<\/p>","protected":false},"featured_media":1742,"parent":0,"template":"","meta":{"_acf_changed":false,"_kad_blocks_custom_css":"","_kad_blocks_head_custom_js":"","_kad_blocks_body_custom_js":"","_kad_blocks_footer_custom_js":"","_kad_post_transparent":"","_kad_post_title":"","_kad_post_layout":"","_kad_post_sidebar_id":"","_kad_post_content_style":"","_kad_post_vertical_padding":"","_kad_post_feature":"","_kad_post_feature_position":"","_kad_post_header":false,"_kad_post_footer":false,"_kad_post_classname":""},"product-category":[119,125],"class_list":["post-3867","product","type-product","status-publish","has-post-thumbnail","hentry","product-category-3d-printing-metal-powder","product-category-refractory-metal-powder"],"acf":[],"taxonomy_info":{"product-category":[{"value":119,"label":"3D Printing Metal Powder"},{"value":125,"label":"Refractory Metal Powder"}]},"featured_image_src_large":["https:\/\/3dpmetal.com\/wp-content\/uploads\/2024\/02\/Niobium-Powder.jpg",600,600,false],"author_info":[],"comment_info":"","_links":{"self":[{"href":"https:\/\/3dpmetal.com\/it\/wp-json\/wp\/v2\/product\/3867","targetHints":{"allow":["GET"]}}],"collection":[{"href":"https:\/\/3dpmetal.com\/it\/wp-json\/wp\/v2\/product"}],"about":[{"href":"https:\/\/3dpmetal.com\/it\/wp-json\/wp\/v2\/types\/product"}],"wp:featuredmedia":[{"embeddable":true,"href":"https:\/\/3dpmetal.com\/it\/wp-json\/wp\/v2\/media\/1742"}],"wp:attachment":[{"href":"https:\/\/3dpmetal.com\/it\/wp-json\/wp\/v2\/media?parent=3867"}],"wp:term":[{"taxonomy":"product-category","embeddable":true,"href":"https:\/\/3dpmetal.com\/it\/wp-json\/wp\/v2\/product-category?post=3867"}],"curies":[{"name":"wp","href":"https:\/\/api.w.org\/{rel}","templated":true}]}}