{"id":3884,"date":"2024-03-18T06:10:10","date_gmt":"2024-03-18T06:10:10","guid":{"rendered":"https:\/\/3dp.45612300.xyz\/product\/titanium-and-aluminum-ta7-powder\/"},"modified":"2024-03-18T06:10:10","modified_gmt":"2024-03-18T06:10:10","slug":"titanium-and-aluminum-ta7-powder","status":"publish","type":"product","link":"https:\/\/3dpmetal.com\/it\/product\/titanium-and-aluminum-ta7-powder\/","title":{"rendered":"Polvere di titanio e alluminio TA7"},"content":{"rendered":"<p><span style=\"vertical-align: inherit;\"><span style=\"vertical-align: inherit;\"><\/p>\n<h2>Panoramica della polvere di titanio e alluminio TA7<\/h2>\n<p class=\"whitespace-pre-wrap\">La TA7 appartiene al sistema di leghe intermetalliche titanio-alluminide che combina le propriet\u00e0 di leggerezza dell'alluminio con la forza e la resistenza alla corrosione del titanio. Il rapporto quasi equiatomico tra Ti e Al offre un eccellente equilibrio di propriet\u00e0 per le applicazioni a temperature elevate.<\/p>\n<p class=\"whitespace-pre-wrap\">Le caratteristiche principali della polvere TA7 includono:<\/p>\n<ul class=\"list-disc pl-8 space-y-2\">\n<li class=\"whitespace-normal\">Resistenza specifica molto elevata (rapporto forza-peso)<\/li>\n<li class=\"whitespace-normal\">Eccellente resistenza alla trazione e al creep ad alta temperatura<\/li>\n<li class=\"whitespace-normal\">Bassa densit\u00e0 rispetto alle leghe di nichel o acciaio<\/li>\n<li class=\"whitespace-normal\">Buona resistenza alla corrosione in vari ambienti<\/li>\n<li class=\"whitespace-normal\">Disponibile in una gamma di dimensioni e morfologie delle particelle<\/li>\n<\/ul>\n<p class=\"whitespace-pre-wrap\">La polvere TA7 si \u00e8 rivelata una scelta eccellente per ridurre il peso e migliorare l'efficienza dei motori aerospaziali e delle cellule che operano ad alte temperature.<\/p>\n<h2>Composizione chimica della polvere TA7<\/h2>\n<p class=\"whitespace-pre-wrap\">La polvere TA7 ha la seguente composizione nominale:<\/p>\n<table>\n<thead>\n<tr>\n<th>Elemento<\/th>\n<th>% Peso<\/th>\n<\/tr>\n<\/thead>\n<tbody>\n<tr>\n<td>Titanio (Ti)<\/td>\n<td>Equilibrio<\/td>\n<\/tr>\n<tr>\n<td>Alluminio (Al)<\/td>\n<td>7%<\/td>\n<\/tr>\n<tr>\n<td>Stagno (Sn)<\/td>\n<td>2-5%<\/td>\n<\/tr>\n<tr>\n<td>Zirconio (Zr)<\/td>\n<td>1-4%<\/td>\n<\/tr>\n<tr>\n<td>Silicio (Si)<\/td>\n<td>0,5% massimo<\/td>\n<\/tr>\n<tr>\n<td>Carbonio (C)<\/td>\n<td>0,1% max<\/td>\n<\/tr>\n<tr>\n<td>Ossigeno (O)<\/td>\n<td>0,13% max<\/td>\n<\/tr>\n<\/tbody>\n<\/table>\n<p><img loading=\"lazy\" decoding=\"async\" class=\"size-medium wp-image-1409 aligncenter\" src=\"https:\/\/met3dp.com\/wp-content\/uploads\/2023\/09\/ed7a94ec-3c10-4b1b-87ed--300x300.jpg\" alt=\"Polvere di titanio e alluminio TA7\" width=\"300\" height=\"300\" title=\"\"><\/p>\n<p class=\"whitespace-pre-wrap\">La quantit\u00e0 di stagno e zirconio pu\u00f2 essere variata per ottimizzare le propriet\u00e0 meccaniche ad alta temperatura. I livelli di impurit\u00e0 di Si, C e O sono ridotti al minimo.<\/p>\n<h2>Propriet\u00e0 della polvere TA7<\/h2>\n<p class=\"whitespace-pre-wrap\">Le propriet\u00e0 principali della polvere TA7 includono:<\/p>\n<table>\n<thead>\n<tr>\n<th>Propriet\u00e0<\/th>\n<th>Valore<\/th>\n<\/tr>\n<\/thead>\n<tbody>\n<tr>\n<td>Densit\u00e0<\/td>\n<td>3,7-4,0 g\/cm3<\/td>\n<\/tr>\n<tr>\n<td>Punto di fusione<\/td>\n<td>1460\u00a1\u00abC<\/td>\n<\/tr>\n<tr>\n<td>Conduttivit\u00e0 termica<\/td>\n<td>6,7 W\/mK<\/td>\n<\/tr>\n<tr>\n<td>Resistivit\u00e0 elettrica<\/td>\n<td>1,78 \u00c3\u00d7\u00b4\u00ce.cm<\/td>\n<\/tr>\n<tr>\n<td>Modulo di Young<\/td>\n<td>110 GPa<\/td>\n<\/tr>\n<tr>\n<td>Rapporto di Poisson<\/td>\n<td>0.32<\/td>\n<\/tr>\n<tr>\n<td>Resistenza alla trazione<\/td>\n<td>800 MPa<\/td>\n<\/tr>\n<tr>\n<td>Limite di snervamento<\/td>\n<td>760 MPa<\/td>\n<\/tr>\n<tr>\n<td>Allungamento<\/td>\n<td>1-2%<\/td>\n<\/tr>\n<tr>\n<td>Resistenza allo scorrimento<\/td>\n<td>190 MPa a 700\u00a1\"C<\/td>\n<\/tr>\n<\/tbody>\n<\/table>\n<p>&nbsp;<\/p>\n<p class=\"whitespace-pre-wrap\">Propriet\u00e0 come l'elevata resistenza, la bassa densit\u00e0, la resistenza all'ossidazione e la stabilit\u00e0 termica rendono il TA7 adatto alle applicazioni pi\u00f9 esigenti a temperature elevate.<\/p>\n<h2>Metodo di produzione della polvere di TA7<\/h2>\n<p class=\"whitespace-pre-wrap\">La polvere di TA7 pu\u00f2 essere prodotta con metodi quali:<\/p>\n<ul class=\"list-disc pl-8 space-y-2\">\n<li class=\"whitespace-normal\"><strong>Atomizzazione a gas<\/strong>Gas inerte ad alta pressione utilizzato per atomizzare la lega TA7 fusa, ottenendo una polvere sferica ideale per l'AM.<\/li>\n<li class=\"whitespace-normal\"><strong>Processo con elettrodi rotanti al plasma<\/strong>La disintegrazione centrifuga del flusso di metallo fuso in rapida rotazione produce una polvere sferica.<\/li>\n<li class=\"whitespace-normal\"><strong>Legame meccanico<\/strong>... Macinazione a sfere ad alta energia di polveri elementari di Ti e Al seguite da ricottura.<\/li>\n<\/ul>\n<p class=\"whitespace-pre-wrap\">L'atomizzazione a gas offre un eccellente controllo delle caratteristiche della polvere, come la distribuzione delle dimensioni delle particelle, la morfologia, la micropulizia e la fluidit\u00e0.<\/p>\n<h2>Applicazioni della polvere TA7<\/h2>\n<p class=\"whitespace-pre-wrap\">La polvere di TA7 \u00e8 comunemente utilizzata in:<\/p>\n<ul class=\"list-disc pl-8 space-y-2\">\n<li class=\"whitespace-normal\"><strong>manifattura additiva<\/strong>Fusione laser selettiva per la produzione di forme complesse di profili aerei, giranti e pale di turbine.<\/li>\n<li class=\"whitespace-normal\"><strong>Stampaggio a iniezione di metallo<\/strong>Per la produzione di pezzi di forma netta piccoli e complessi, come i componenti dei turbocompressori, che necessitano di un'elevata forza e resistenza alla temperatura.<\/li>\n<li class=\"whitespace-normal\"><strong>Rivestimento con spruzzatura termica<\/strong>Applicato tramite plasma o spruzzatura HVOF su superfici di valvole, cuscinetti, componenti di carrelli di atterraggio che necessitano di resistenza all'usura\/corrosione ad alte temperature.<\/li>\n<li class=\"whitespace-normal\"><strong>Metallurgia delle polveri<\/strong>Pressatura e sinterizzazione per creare parti strutturali leggere e ad alta resistenza per applicazioni aerospaziali.<\/li>\n<\/ul>\n<h2>Specifiche della polvere TA7<\/h2>\n<p class=\"whitespace-pre-wrap\">La polvere di TA7 \u00e8 disponibile in varie dimensioni, forme e livelli di purezza:<\/p>\n<ul class=\"list-disc pl-8 space-y-2\">\n<li class=\"whitespace-normal\"><strong>Dimensione particellare:<\/strong>Da 15-45 \u00c3\u00d7m per i metodi AM, fino a 100 \u00c3\u00d7m per i processi di spray termico.<\/li>\n<li class=\"whitespace-normal\"><strong>Morfologia:<\/strong>La forma quasi sferica della polvere garantisce un flusso e una densit\u00e0 di impaccamento ottimali.<\/li>\n<li class=\"whitespace-normal\"><strong>Purezza:<\/strong>Dalla purezza commerciale ai livelli di purezza ultra elevati, in base ai limiti di impurit\u00e0 e ai requisiti di processo.<\/li>\n<li class=\"whitespace-normal\"><strong>Contenuto di ossigeno:<\/strong>Livelli mantenuti al di sotto di 2000 ppm per la maggior parte delle applicazioni.<\/li>\n<li class=\"whitespace-normal\"><strong>Portata:<\/strong>Polvere personalizzata per portate eccellenti superiori a 25 s\/50 g.<\/li>\n<\/ul>\n<h2>Fornitori globali di polvere di TA7<\/h2>\n<p class=\"whitespace-pre-wrap\">Alcuni dei principali fornitori mondiali di polvere di TA7 includono:<\/p>\n<ul class=\"list-disc pl-8 space-y-2\">\n<li class=\"whitespace-normal\">AP&amp;C (Canada)<\/li>\n<li class=\"whitespace-normal\">TLS Technik (Germania)<\/li>\n<li class=\"whitespace-normal\">Sandvik Osprey (Regno Unito)<\/li>\n<li class=\"whitespace-normal\">Tekna (Canada)<\/li>\n<li class=\"whitespace-normal\">Granuli ECKA (Germania)<\/li>\n<li class=\"whitespace-normal\">Tecnologia del metallo (Regno Unito)<\/li>\n<\/ul>\n<p class=\"whitespace-pre-wrap\">Queste aziende producono vari gradi di polvere TA7 su misura per la produzione additiva, lo spray termico, la metallurgia delle polveri e altre applicazioni ad alta temperatura.<\/p>\n<h2>Prezzi della polvere TA7<\/h2>\n<p class=\"whitespace-pre-wrap\">La polvere di TA7 ha un prezzo superiore a quello degli acciai e delle leghe di nichel:<\/p>\n<ul class=\"list-disc pl-8 space-y-2\">\n<li class=\"whitespace-normal\"><strong>Quantit\u00e0<\/strong>$100-150 al kg per ordini di massa superiori a 500 kg. Le quantit\u00e0 pi\u00f9 piccole hanno prezzi significativamente pi\u00f9 alti.<\/li>\n<li class=\"whitespace-normal\"><strong>Qualit\u00e0<\/strong>La polvere sferica di elevata purezza, prodotta in condizioni strettamente controllate con processi avanzati, richiede un prezzo elevato.<\/li>\n<li class=\"whitespace-normal\"><strong>Fornitore<\/strong>I grandi fornitori globali offrono vantaggi di costo rispetto ai piccoli produttori, grazie ai maggiori volumi di produzione.<\/li>\n<li class=\"whitespace-normal\"><strong>Geografia<\/strong>I prezzi variano da una regione all'altra: l'Europa e il Nord America sono mercati con prezzi pi\u00f9 elevati rispetto all'Asia.<\/li>\n<\/ul>\n<p class=\"whitespace-pre-wrap\">Per le applicazioni critiche, gli acquirenti dovrebbero concentrarsi sulla qualit\u00e0 della polvere piuttosto che sul costo pi\u00f9 basso quando si approvvigionano di polvere di TA7.<\/p>\n<h2>Conservazione e manipolazione della polvere TA7<\/h2>\n<p class=\"whitespace-pre-wrap\">La polvere TA7 richiede un'attenta conservazione e manipolazione:<\/p>\n<ul class=\"list-disc pl-8 space-y-2\">\n<li class=\"whitespace-normal\">Devono essere conservati in contenitori sigillati sotto gas inerte come l'argon per evitare l'ossidazione.<\/li>\n<li class=\"whitespace-normal\">Evitare l'accumulo di polvere fine per ridurre al minimo il rischio di esplosioni di polvere.<\/li>\n<li class=\"whitespace-normal\">Utilizzare DPI, ventilazione, messa a terra e pratiche di sicurezza adeguate durante la manipolazione della polvere.<\/li>\n<li class=\"whitespace-normal\">Evitare il contatto tra la polvere e le fonti di accensione a causa del rischio di infiammabilit\u00e0.<\/li>\n<li class=\"whitespace-normal\">Seguire le linee guida di sicurezza applicabili contenute nelle SDS del fornitore.<\/li>\n<\/ul>\n<p class=\"whitespace-pre-wrap\">\u00c8 necessario prestare attenzione quando si maneggia questa polvere di lega altamente reattiva.<\/p>\n<h2>Ispezione e test della polvere TA7<\/h2>\n<p class=\"whitespace-pre-wrap\">Principali test di controllo della qualit\u00e0 eseguiti sulla polvere TA7:<\/p>\n<ul class=\"list-disc pl-8 space-y-2\">\n<li class=\"whitespace-normal\">Analisi chimica mediante ICP-OES o XRF per garantire che la composizione sia conforme alle specifiche.<\/li>\n<li class=\"whitespace-normal\">Distribuzione granulometrica mediante diffrazione laser secondo lo standard ASTM B822.<\/li>\n<li class=\"whitespace-normal\">Analisi della morfologia attraverso l'imaging al SEM.<\/li>\n<li class=\"whitespace-normal\">Misurazione della portata della polvere mediante flussimetro di Hall secondo lo standard ASTM B213.<\/li>\n<li class=\"whitespace-normal\">Misura della densit\u00e0 mediante picnometria all'elio.<\/li>\n<li class=\"whitespace-normal\">Analisi delle impurit\u00e0 mediante fusione in gas inerte o ICP-MS.<\/li>\n<li class=\"whitespace-normal\">Caratterizzazione della microstruttura tramite diffrazione dei raggi X.<\/li>\n<\/ul>\n<p class=\"whitespace-pre-wrap\">Test approfonditi assicurano la consistenza dei lotti e la qualit\u00e0 della polvere per l'applicazione prevista.<\/p>\n<h2>Confronto tra le polveri TA7 e Inconel 718<\/h2>\n<p class=\"whitespace-pre-wrap\">Polveri di TA7 e Inconel 718 a confronto:<\/p>\n<table>\n<thead>\n<tr>\n<th>Parametro<\/th>\n<th>TA7<\/th>\n<th>Inconel 718<\/th>\n<\/tr>\n<\/thead>\n<tbody>\n<tr>\n<td>Densit\u00e0<\/td>\n<td>3,7-4,0 g\/cm3<\/td>\n<td>8,2 g\/cm3<\/td>\n<\/tr>\n<tr>\n<td>Resistenza alle alte temperature<\/td>\n<td>Comparabile<\/td>\n<td>Comparabile<\/td>\n<\/tr>\n<tr>\n<td>Resistenza all'ossidazione<\/td>\n<td>Migliore<\/td>\n<td>Bene<\/td>\n<\/tr>\n<tr>\n<td>Costi<\/td>\n<td>Pi\u00f9 alto<\/td>\n<td>Inferiore<\/td>\n<\/tr>\n<tr>\n<td>Praticit\u00e0<\/td>\n<td>Scarso<\/td>\n<td>Eccellente<\/td>\n<\/tr>\n<tr>\n<td>APPLICAZIONI<\/td>\n<td>Componenti per l'industria aerospaziale<\/td>\n<td>Aerospaziale, automotive<\/td>\n<\/tr>\n<tr>\n<td>Disponibilit\u00e0<\/td>\n<td>Scarso<\/td>\n<td>Facilmente disponibile<\/td>\n<\/tr>\n<\/tbody>\n<\/table>\n<p>&nbsp;<\/p>\n<p class=\"whitespace-pre-wrap\">Il TA7 offre una riduzione del peso rispetto all'Inconel 718. Tuttavia, la lavorabilit\u00e0 \u00e8 scarsa e la disponibilit\u00e0 della polvere di alluminuro di titanio \u00e8 inferiore.<\/p>\n<h2>FAQ sulla polvere TA7<\/h2>\n<p class=\"whitespace-pre-wrap\"><strong>D: Come viene prodotta la polvere TA7?<\/strong><\/p>\n<p class=\"whitespace-pre-wrap\">R: La polvere di TA7 \u00e8 prodotta commercialmente mediante atomizzazione a gas, processo a elettrodi rotanti al plasma e legatura meccanica seguita da ricottura. L'atomizzazione a gas offre il miglior controllo delle caratteristiche della polvere.<\/p>\n<p class=\"whitespace-pre-wrap\"><strong>D: Quali sono le principali applicazioni della polvere TA7?<\/strong><\/p>\n<p class=\"whitespace-pre-wrap\">R: Le principali applicazioni della polvere TA7 includono la produzione additiva, i rivestimenti a spruzzo termico, lo stampaggio a iniezione di metalli e la metallurgia delle polveri per la produzione di parti strutturali leggere che necessitano di una capacit\u00e0 di resistere alle alte temperature.<\/p>\n<p class=\"whitespace-pre-wrap\"><strong>D: Qual \u00e8 la dimensione tipica della polvere TA7 utilizzata per la fusione laser selettiva?<\/strong><\/p>\n<p class=\"whitespace-pre-wrap\">R: Per il processo SLM, la dimensione ideale della polvere TA7 \u00e8 di 15-45 micron con una morfologia sferica e una buona densit\u00e0 di flusso e di impaccamento della polvere.<\/p>\n<p class=\"whitespace-pre-wrap\"><strong>D: La polvere TA7 richiede particolari precauzioni di manipolazione?<\/strong><\/p>\n<p class=\"whitespace-pre-wrap\">R: S\u00ec, \u00e8 altamente reattivo e richiede un'attenta manipolazione in atmosfera inerte, utilizzando un'adeguata ventilazione, messa a terra e DPI per evitare rischi di incendio o esplosione.<\/p>\n<p class=\"whitespace-pre-wrap\"><strong>D: Dove posso acquistare la polvere TA7 adatta alle parti aerospaziali?<\/strong><\/p>\n<p class=\"whitespace-pre-wrap\">R: Per le applicazioni aerospaziali che richiedono leggerezza e alta resistenza, la polvere TA7 pu\u00f2 essere acquistata dai principali produttori, tra cui AP&amp;C, TLS Technik, Sandvik Osprey e Tekna.<\/p>\n<p><\/span><\/span><\/p>","protected":false},"excerpt":{"rendered":"<p>Panoramica della polvere di titanio e alluminio TA7 TA7 appartiene al sistema di leghe intermetalliche titanio-alluminide che combina le propriet\u00e0 leggere dell'alluminio con la forza e la resistenza alla corrosione del titanio. Il rapporto quasi equiatomico tra Ti e Al fornisce un eccellente equilibrio di propriet\u00e0 per applicazioni a temperature elevate. Le caratteristiche principali della polvere TA7 includono: Elevato peso specifico...<\/p>","protected":false},"featured_media":1772,"parent":0,"template":"","meta":{"_acf_changed":false,"_kad_blocks_custom_css":"","_kad_blocks_head_custom_js":"","_kad_blocks_body_custom_js":"","_kad_blocks_footer_custom_js":"","_kad_post_transparent":"","_kad_post_title":"","_kad_post_layout":"","_kad_post_sidebar_id":"","_kad_post_content_style":"","_kad_post_vertical_padding":"","_kad_post_feature":"","_kad_post_feature_position":"","_kad_post_header":false,"_kad_post_footer":false,"_kad_post_classname":""},"product-category":[119,123],"class_list":["post-3884","product","type-product","status-publish","has-post-thumbnail","hentry","product-category-3d-printing-metal-powder","product-category-titanium-based-alloy-powder"],"acf":[],"taxonomy_info":{"product-category":[{"value":119,"label":"3D Printing Metal Powder"},{"value":123,"label":"Titanium Based Alloy Powder"}]},"featured_image_src_large":["https:\/\/3dpmetal.com\/wp-content\/uploads\/2024\/02\/TA7.jpg",216,216,false],"author_info":[],"comment_info":"","_links":{"self":[{"href":"https:\/\/3dpmetal.com\/it\/wp-json\/wp\/v2\/product\/3884","targetHints":{"allow":["GET"]}}],"collection":[{"href":"https:\/\/3dpmetal.com\/it\/wp-json\/wp\/v2\/product"}],"about":[{"href":"https:\/\/3dpmetal.com\/it\/wp-json\/wp\/v2\/types\/product"}],"wp:featuredmedia":[{"embeddable":true,"href":"https:\/\/3dpmetal.com\/it\/wp-json\/wp\/v2\/media\/1772"}],"wp:attachment":[{"href":"https:\/\/3dpmetal.com\/it\/wp-json\/wp\/v2\/media?parent=3884"}],"wp:term":[{"taxonomy":"product-category","embeddable":true,"href":"https:\/\/3dpmetal.com\/it\/wp-json\/wp\/v2\/product-category?post=3884"}],"curies":[{"name":"wp","href":"https:\/\/api.w.org\/{rel}","templated":true}]}}