{"id":3892,"date":"2024-03-18T06:10:10","date_gmt":"2024-03-18T06:10:10","guid":{"rendered":"https:\/\/3dp.45612300.xyz\/product\/feconicrmn-powder\/"},"modified":"2024-03-18T06:10:10","modified_gmt":"2024-03-18T06:10:10","slug":"feconicrmn-powder","status":"publish","type":"product","link":"https:\/\/3dpmetal.com\/it\/product\/feconicrmn-powder\/","title":{"rendered":"Polvere di FeCoNiCrMn"},"content":{"rendered":"<p><span style=\"vertical-align: inherit;\"><span style=\"vertical-align: inherit;\"><\/p>\n<h2>Panoramica della polvere di FeCoNiCrMn<\/h2>\n<p class=\"whitespace-pre-wrap\">Il FeCoNiCrMn appartiene a una classe di leghe a pi\u00f9 elementi principali note come leghe ad alta entropia. La composizione quasi equiatomica fornisce un'elevata entropia configurazionale che porta a un'eccellente resistenza, tenacit\u00e0 e stabilit\u00e0 alle alte temperature.<\/p>\n<p class=\"whitespace-pre-wrap\">Le propriet\u00e0 principali della polvere di FeCoNiCrMn includono:<\/p>\n<ul class=\"list-disc pl-8 space-y-2\">\n<li class=\"whitespace-normal\">Resistenza eccezionale alla temperatura elevata e scorrimento<\/li>\n<li class=\"whitespace-normal\">Eccellente resistenza alla fatica e tenacit\u00e0 alla frattura<\/li>\n<li class=\"whitespace-normal\">Notevole resistenza all'ossidazione e alla corrosione<\/li>\n<li class=\"whitespace-normal\">Elevata stabilit\u00e0 microstrutturale a temperature elevate<\/li>\n<li class=\"whitespace-normal\">Disponibile in un'ampia gamma di distribuzioni dimensionali e morfologie delle particelle<\/li>\n<\/ul>\n<p class=\"whitespace-pre-wrap\">La polvere di FeCoNiCrMn \u00e8 adatta per parti strutturali ad alta temperatura, rivestimenti protettivi, spray termico, saldatura, produzione additiva e altre applicazioni impegnative a temperature elevate.<\/p>\n<h2>Composizione della polvere FeCoNiCrMn<\/h2>\n<p class=\"whitespace-pre-wrap\">La polvere FeCoNiCrMn ha la composizione nominale:<\/p>\n<table>\n<thead>\n<tr>\n<th>Elemento<\/th>\n<th>Composizione<\/th>\n<\/tr>\n<\/thead>\n<tbody>\n<tr>\n<td>Ferro (Fe)<\/td>\n<td>20-25%<\/td>\n<\/tr>\n<tr>\n<td>Cobalto (Co)<\/td>\n<td>20-25%<\/td>\n<\/tr>\n<tr>\n<td>Nichel (Ni)<\/td>\n<td>20-25%<\/td>\n<\/tr>\n<tr>\n<td>Cromo (Cr)<\/td>\n<td>15-20%<\/td>\n<\/tr>\n<tr>\n<td>Manganese (Mn)<\/td>\n<td>10-15%<\/td>\n<\/tr>\n<tr>\n<td>Carbonio (C)<\/td>\n<td>&lt;0,5%<\/td>\n<\/tr>\n<tr>\n<td>Silicio (Si)<\/td>\n<td>&lt;1%<\/td>\n<\/tr>\n<\/tbody>\n<\/table>\n<p><img loading=\"lazy\" decoding=\"async\" class=\"size-medium wp-image-1409 aligncenter\" src=\"https:\/\/met3dp.com\/wp-content\/uploads\/2023\/09\/ed7a94ec-3c10-4b1b-87ed--300x300.jpg\" alt=\"Polvere di FeCoNiCrMn\" width=\"300\" height=\"300\" title=\"\"><\/p>\n<p class=\"whitespace-pre-wrap\">La composizione ad alta entropia garantisce stabilit\u00e0 termica e propriet\u00e0 meccaniche superiori rispetto alle leghe convenzionali. Le impurit\u00e0 sono ridotte al minimo.<\/p>\n<h2>Propriet\u00e0 della polvere di FeCoNiCrMn<\/h2>\n<p class=\"whitespace-pre-wrap\">La polvere di FeCoNiCrMn possiede le seguenti propriet\u00e0:<\/p>\n<table>\n<thead>\n<tr>\n<th>Propriet\u00e0<\/th>\n<th>Valore<\/th>\n<\/tr>\n<\/thead>\n<tbody>\n<tr>\n<td>Densit\u00e0<\/td>\n<td>8,0-8,3 g\/cm3<\/td>\n<\/tr>\n<tr>\n<td>Punto di fusione<\/td>\n<td>1300-1400\u00a1\u00abC<\/td>\n<\/tr>\n<tr>\n<td>Conduttivit\u00e0 termica<\/td>\n<td>15-25 W\/mK<\/td>\n<\/tr>\n<tr>\n<td>Resistivit\u00e0 elettrica<\/td>\n<td>70-90 \u00c2\u00b110 cm<\/td>\n<\/tr>\n<tr>\n<td>Modulo di Young<\/td>\n<td>200-220 GPa<\/td>\n<\/tr>\n<tr>\n<td>Rapporto di Poisson<\/td>\n<td>0.28-0.30<\/td>\n<\/tr>\n<tr>\n<td>Resistenza alla trazione<\/td>\n<td>750-1200 MPa<\/td>\n<\/tr>\n<tr>\n<td>Limite di snervamento<\/td>\n<td>500-900 MPa<\/td>\n<\/tr>\n<tr>\n<td>Allungamento<\/td>\n<td>20-35%<\/td>\n<\/tr>\n<tr>\n<td>Durezza<\/td>\n<td>35-50 HRC<\/td>\n<\/tr>\n<\/tbody>\n<\/table>\n<p>&nbsp;<\/p>\n<p class=\"whitespace-pre-wrap\">Le propriet\u00e0 come la resistenza, la duttilit\u00e0, la resistenza alla fatica e la durezza sono mantenute fino a temperature superiori a 1000\u00a1\"C.<\/p>\n<h2>Metodo di produzione della polvere di FeCoNiCrMn<\/h2>\n<p class=\"whitespace-pre-wrap\">I metodi di produzione tipici della polvere di FeCoNiCrMn includono:<\/p>\n<ul class=\"list-disc pl-8 space-y-2\">\n<li class=\"whitespace-normal\"><strong>Atomizzazione a gas<\/strong>Gas inerte ad alta pressione utilizzato per atomizzare la lega fusa e produrre polvere fine e sferica con buona fluidit\u00e0 e densit\u00e0 di impaccamento.<\/li>\n<li class=\"whitespace-normal\"><strong>Atomizzazione dell'acqua<\/strong>Il getto d'acqua ad alta velocit\u00e0 rompe il flusso di metallo fuso in particelle di polvere fine e irregolare. Costo inferiore ma maggiore prelievo di ossigeno.<\/li>\n<li class=\"whitespace-normal\"><strong>Legame meccanico<\/strong>- Macinazione a sfere di miscele di polveri elementari eseguita con sinterizzazione e atomizzazione secondaria.<\/li>\n<\/ul>\n<p class=\"whitespace-pre-wrap\">L'atomizzazione a gas offre il miglior controllo sulle caratteristiche della polvere, come la distribuzione delle dimensioni delle particelle, la morfologia, la purezza e la microstruttura.<\/p>\n<h2>Applicazioni della polvere di FeCoNiCrMn<\/h2>\n<p class=\"whitespace-pre-wrap\">La polvere di FeCoNiCrMn \u00e8 utilizzata in applicazioni ad alta temperatura, tra cui:<\/p>\n<ul class=\"list-disc pl-8 space-y-2\">\n<li class=\"whitespace-normal\"><strong>manifattura additiva<\/strong>Fusione laser selettiva per la produzione di pezzi complessi che richiedono un'eccezionale resistenza alle alte temperature per il settore aerospaziale, automobilistico, ecc.<\/li>\n<li class=\"whitespace-normal\"><strong>Rivestimento con spruzzatura termica<\/strong>Spruzzatura ad arco voltaico per depositare rivestimenti protettivi spessi che offrono resistenza all'usura e alla corrosione a temperature elevate, superiori a 750\u00a1\"C.<\/li>\n<li class=\"whitespace-normal\"><strong>Metallurgico per Brasatura<\/strong>Per la giunzione di leghe e ceramiche ad alta temperatura, grazie alla sua resistenza all'ossidazione.<\/li>\n<li class=\"whitespace-normal\"><strong>Consumabili di Saldatura<\/strong>Fornisce un'eccellente resistenza e durata della saldatura in condizioni di servizio ad alta temperatura o corrosive.<\/li>\n<li class=\"whitespace-normal\"><strong>Apparecchiature per il trattamento termico<\/strong>vassoi, cestelli e dispositivi per la metallurgia delle polveri utilizzati nei forni per il trattamento termico.<\/li>\n<\/ul>\n<h2>Specifiche di FeCoNiCrMn in polvere<\/h2>\n<p class=\"whitespace-pre-wrap\">La polvere di FeCoNiCrMn \u00e8 disponibile in varie gamme di dimensioni, forme, gradi e livelli di purezza:<\/p>\n<ul class=\"list-disc pl-8 space-y-2\">\n<li class=\"whitespace-normal\"><strong>Dimensione particellare:<\/strong>Da 10-45 \u00c3\u00d7m per i metodi AM, fino a 150 \u00c3\u00d7m per i processi di spray termico.<\/li>\n<li class=\"whitespace-normal\"><strong>Morfologia:<\/strong>Forme sferiche, irregolari e miste. La polvere sferica garantisce un flusso e una densit\u00e0 di imballaggio ottimali.<\/li>\n<li class=\"whitespace-normal\"><strong>Purezza:<\/strong>Dalla purezza commerciale ai gradi di purezza ultraelevata, in base a rigorose analisi chimiche e requisiti applicativi.<\/li>\n<li class=\"whitespace-normal\"><strong>Superficie:<\/strong>Bassa superficie preferita per ridurre al minimo l'ossidazione durante la manipolazione e lo stoccaggio.<\/li>\n<li class=\"whitespace-normal\"><strong>Gradi:<\/strong>Composizione personalizzata e caratteristiche della polvere adatte all'applicazione e al metodo di lavorazione previsti.<\/li>\n<\/ul>\n<h2>Fornitori globali di polvere di FeCoNiCrMn<\/h2>\n<p class=\"whitespace-pre-wrap\">Alcuni dei principali fornitori globali di polvere di FeCoNiCrMn includono:<\/p>\n<ul class=\"list-disc pl-8 space-y-2\">\n<li class=\"whitespace-normal\">Sandvik Osprey (Regno Unito)<\/li>\n<li class=\"whitespace-normal\">Erasteel (Francia)<\/li>\n<li class=\"whitespace-normal\">Tekna (Canada)<\/li>\n<li class=\"whitespace-normal\">Edgetech Industries (USA)<\/li>\n<li class=\"whitespace-normal\">CNPC Powder (Cina)<\/li>\n<li class=\"whitespace-normal\">H\u00f6gan\u00e4s (Svezia)<\/li>\n<li class=\"whitespace-normal\">AMETEK (USA)<\/li>\n<\/ul>\n<p class=\"whitespace-pre-wrap\">Queste aziende producono vari gradi di polvere di FeCoNiCrMn utilizzando processi di atomizzazione a gas, atomizzazione ad acqua e legatura meccanica, adatti alle applicazioni pi\u00f9 esigenti.<\/p>\n<h2>Prezzi della polvere di FeCoNiCrMn<\/h2>\n<p class=\"whitespace-pre-wrap\">I prezzi della polvere di FeCoNiCrMn dipendono da fattori quali:<\/p>\n<ul class=\"list-disc pl-8 space-y-2\">\n<li class=\"whitespace-normal\">Composizione, livelli di purezza<\/li>\n<li class=\"whitespace-normal\">Distribuzione dimensionale delle particelle e forma<\/li>\n<li class=\"whitespace-normal\">Metodo di produzione<\/li>\n<li class=\"whitespace-normal\">Quantit\u00e0 ordine<\/li>\n<li class=\"whitespace-normal\">Produttore e localit\u00e0 geografica<\/li>\n<\/ul>\n<table>\n<thead>\n<tr>\n<th>Grado<\/th>\n<th>Fascia di prezzo<\/th>\n<\/tr>\n<\/thead>\n<tbody>\n<tr>\n<td>Commerciale<\/td>\n<td>$100-150 al kg<\/td>\n<\/tr>\n<tr>\n<td>Elevata purezza<\/td>\n<td>$150-300 per kg<\/td>\n<\/tr>\n<tr>\n<td>Ultrafine<\/td>\n<td>$300-500 per kg<\/td>\n<\/tr>\n<tr>\n<td>Grado speciale<\/td>\n<td>$500-1000 per kg<\/td>\n<\/tr>\n<\/tbody>\n<\/table>\n<p>&nbsp;<\/p>\n<p class=\"whitespace-pre-wrap\">Polveri con granulometria controllata, atomizzate a gas ad elevata purezza, dispongono prezzi notevolmente pi\u00f9 alti rispetto ai livelli commerciali.<\/p>\n<h2>Conservazione e manipolazione della polvere di FeCoNiCrMn<\/h2>\n<p class=\"whitespace-pre-wrap\">La polvere di FeCoNiCrMn richiede un'attenta conservazione e manipolazione:<\/p>\n<ul class=\"list-disc pl-8 space-y-2\">\n<li class=\"whitespace-normal\">Deve essere conservato in contenitori sigillati in gas inerte per evitare l'ossidazione<\/li>\n<li class=\"whitespace-normal\">Necessit\u00e0 di controllare i rischi di esplosione di polvere dovuti all'accumulo di polveri sottili<\/li>\n<li class=\"whitespace-normal\">Utilizzare DPI, ventilazione e pratiche di sicurezza adeguate durante la manipolazione delle polveri.<\/li>\n<li class=\"whitespace-normal\">Previene il contatto tra la polvere e i materiali incompatibili<\/li>\n<li class=\"whitespace-normal\">Seguire le linee guida sulla sicurezza applicabili dalle schede dati di sicurezza fornite dal fornitore<\/li>\n<\/ul>\n<p class=\"whitespace-pre-wrap\">\u00c8 essenziale adottare misure di protezione adeguate quando si maneggia questa polvere di lega reattiva.<\/p>\n<h2>Ispezione e test della polvere di FeCoNiCrMn<\/h2>\n<p class=\"whitespace-pre-wrap\">Principali test di controllo della qualit\u00e0 eseguiti sulla polvere di FeCoNiCrMn:<\/p>\n<ul class=\"list-disc pl-8 space-y-2\">\n<li class=\"whitespace-normal\">Analisi chimica tramite OES o XRF per assicurare che la composizione sia all'interno dei limiti specifici<\/li>\n<li class=\"whitespace-normal\">Distribuzione granulometrica mediante diffrazione laser secondo lo standard ASTM B822<\/li>\n<li class=\"whitespace-normal\">Analisi morfologica tramite imaging SEM<\/li>\n<li class=\"whitespace-normal\">Misura della portata della polvere conforme allo standard ASTM B213<\/li>\n<li class=\"whitespace-normal\">Determinazione della densit\u00e0 mediante picnometria ad elio<\/li>\n<li class=\"whitespace-normal\">Test di impurit\u00e0 tramite ICP-MS<\/li>\n<li class=\"whitespace-normal\">Caratterizzazione microstrutturale tramite analisi di fase XRD<\/li>\n<\/ul>\n<p class=\"whitespace-pre-wrap\">Test approfonditi verificano la qualit\u00e0 e la consistenza della polvere per l'applicazione prevista ad alta temperatura.<\/p>\n<h2>Confronto tra le polveri di FeCoNiCrMn e Inconel 718<\/h2>\n<p class=\"whitespace-pre-wrap\">Polveri di FeCoNiCrMn e Inconel 718 a confronto:<\/p>\n<table>\n<thead>\n<tr>\n<th>Parametro<\/th>\n<th>FeCoNiCrMn<\/th>\n<th>Inconel 718<\/th>\n<\/tr>\n<\/thead>\n<tbody>\n<tr>\n<td>Composizione<\/td>\n<td>Lega ad alta entropia<\/td>\n<td>Lega Ni-Cr-Nb<\/td>\n<\/tr>\n<tr>\n<td>Costi<\/td>\n<td>Pi\u00f9 alto<\/td>\n<td>Inferiore<\/td>\n<\/tr>\n<tr>\n<td>Resistenza alle alte temperature<\/td>\n<td>Di gran lunga migliore<\/td>\n<td>Molto buono fino a 700\u00a1\"C<\/td>\n<\/tr>\n<tr>\n<td>Resistenza alla corrosione<\/td>\n<td>Comparabile<\/td>\n<td>Comparabile<\/td>\n<\/tr>\n<tr>\n<td>Praticit\u00e0<\/td>\n<td>Moderato<\/td>\n<td>Eccellente<\/td>\n<\/tr>\n<tr>\n<td>APPLICAZIONI<\/td>\n<td>Spruzzo termico, AM<\/td>\n<td>Componenti aerospaziali, molle<\/td>\n<\/tr>\n<tr>\n<td>Disponibilit\u00e0<\/td>\n<td>Moderato<\/td>\n<td>Facilmente disponibile<\/td>\n<\/tr>\n<\/tbody>\n<\/table>\n<p>&nbsp;<\/p>\n<p class=\"whitespace-pre-wrap\">Il FeCoNiCrMn offre una resistenza superiore alle alte temperature, mentre l'Inconel 718 ha una migliore lavorabilit\u00e0 e disponibilit\u00e0.<\/p>\n<h2>FAQ sulla polvere di FeCoNiCrMn<\/h2>\n<p class=\"whitespace-pre-wrap\"><strong>D: Come viene prodotta la polvere di FeCoNiCrMn?<\/strong><\/p>\n<p class=\"whitespace-pre-wrap\">R: La polvere di FeCoNiCrMn viene prodotta commercialmente mediante atomizzazione a gas, atomizzazione ad acqua e legatura meccanica seguita da sinterizzazione. L'atomizzazione a gas offre le migliori caratteristiche della polvere.<\/p>\n<p class=\"whitespace-pre-wrap\"><strong>D: Quali sono le principali applicazioni della polvere di FeCoNiCrMn?<\/strong><\/p>\n<p class=\"whitespace-pre-wrap\">R: Le applicazioni principali includono la produzione additiva, i rivestimenti a spruzzo termico, il materiale d'apporto per la brasatura, la saldatura ad alta temperatura, gli utensili per la lavorazione a caldo della metallurgia delle polveri, dove \u00e8 necessaria un'eccezionale resistenza alle alte temperature.<\/p>\n<p class=\"whitespace-pre-wrap\"><strong>D: Qual \u00e8 la dimensione delle particelle consigliata per la spruzzatura termica?<\/strong><\/p>\n<p class=\"whitespace-pre-wrap\">R: Per la maggior parte dei processi di spruzzatura termica, per la polvere di FeCoNiCrMn \u00e8 preferibile una dimensione delle particelle di 45-150 micron per massimizzare l'efficienza di deposizione e le propriet\u00e0 del rivestimento.<\/p>\n<p class=\"whitespace-pre-wrap\"><strong>D: La polvere di FeCoNiCrMn richiede particolari precauzioni di manipolazione?<\/strong><\/p>\n<p class=\"whitespace-pre-wrap\">R: S\u00ec, misure di protezione adeguate sono essenziali quando si maneggia questa polvere di lega fine reattiva comprese atmosfera inerte, messa a terra, ventilazione, DPI.<\/p>\n<p class=\"whitespace-pre-wrap\"><strong>D: Dove posso acquistare la polvere di FeCoNiCrMn adatta alla produzione additiva?<\/strong><\/p>\n<p class=\"whitespace-pre-wrap\">R: Per le applicazioni AM che richiedono resistenza alle alte temperature, la polvere fine di FeCoNiCrMn pu\u00f2 essere acquistata dai principali produttori, tra cui Sandvik, Erasteel, Tekna e Edgetech Industries.<\/p>\n<div id=\"gtx-trans\" style=\"position: absolute; left: -113px; top: 59.8125px;\">\n<div class=\"gtx-trans-icon\"><\/div>\n<\/div>\n<p><\/span><\/span><\/p>","protected":false},"excerpt":{"rendered":"<p>Panoramica della polvere di FeCoNiCrMn Il FeCoNiCrMn appartiene a una classe di leghe a pi\u00f9 elementi principali note come leghe ad alta entropia. La composizione quasi equiatomica fornisce un'elevata entropia configurazionale che porta a un'eccellente resistenza, tenacit\u00e0 e stabilit\u00e0 alle alte temperature. Le propriet\u00e0 chiave della polvere FeCoNiCrMn includono: Eccezionale resistenza alle alte temperature e al creep Eccellente resistenza alla fatica e tenacit\u00e0 alla frattura Eccezionale...<\/p>","protected":false},"featured_media":1787,"parent":0,"template":"","meta":{"_acf_changed":false,"_kad_blocks_custom_css":"","_kad_blocks_head_custom_js":"","_kad_blocks_body_custom_js":"","_kad_blocks_footer_custom_js":"","_kad_post_transparent":"","_kad_post_title":"","_kad_post_layout":"","_kad_post_sidebar_id":"","_kad_post_content_style":"","_kad_post_vertical_padding":"","_kad_post_feature":"","_kad_post_feature_position":"","_kad_post_header":false,"_kad_post_footer":false,"_kad_post_classname":""},"product-category":[119,127],"class_list":["post-3892","product","type-product","status-publish","has-post-thumbnail","hentry","product-category-3d-printing-metal-powder","product-category-high-entropy-alloy-powder"],"acf":[],"taxonomy_info":{"product-category":[{"value":119,"label":"3D Printing Metal Powder"},{"value":127,"label":"High Entropy Alloy Powder"}]},"featured_image_src_large":["https:\/\/3dpmetal.com\/wp-content\/uploads\/2024\/02\/FeCoNiCrMn-powder.jpg",600,600,false],"author_info":[],"comment_info":"","_links":{"self":[{"href":"https:\/\/3dpmetal.com\/it\/wp-json\/wp\/v2\/product\/3892","targetHints":{"allow":["GET"]}}],"collection":[{"href":"https:\/\/3dpmetal.com\/it\/wp-json\/wp\/v2\/product"}],"about":[{"href":"https:\/\/3dpmetal.com\/it\/wp-json\/wp\/v2\/types\/product"}],"wp:featuredmedia":[{"embeddable":true,"href":"https:\/\/3dpmetal.com\/it\/wp-json\/wp\/v2\/media\/1787"}],"wp:attachment":[{"href":"https:\/\/3dpmetal.com\/it\/wp-json\/wp\/v2\/media?parent=3892"}],"wp:term":[{"taxonomy":"product-category","embeddable":true,"href":"https:\/\/3dpmetal.com\/it\/wp-json\/wp\/v2\/product-category?post=3892"}],"curies":[{"name":"wp","href":"https:\/\/api.w.org\/{rel}","templated":true}]}}