{"id":3894,"date":"2024-03-18T06:10:12","date_gmt":"2024-03-18T06:10:12","guid":{"rendered":"https:\/\/3dp.45612300.xyz\/product\/feconicrti-powder\/"},"modified":"2024-03-18T06:10:12","modified_gmt":"2024-03-18T06:10:12","slug":"feconicrti-powder","status":"publish","type":"product","link":"https:\/\/3dpmetal.com\/it\/product\/feconicrti-powder\/","title":{"rendered":"Polvere FeCoNiCrTi"},"content":{"rendered":"<p><span style=\"vertical-align: inherit;\"><span style=\"vertical-align: inherit;\"><\/p>\n<h2>Panoramica di polvere FeCoNiTiCr<\/h2>\n<p class=\"whitespace-pre-wrap\">FeCoNiCrTi \u00e8 una lega dalle elevate prestazioni che presenta buone propriet\u00e0 meccaniche e resistenza alla corrosione ad elevate temperature. Ferro e cobalto conferiscono un'eccellente resistenza alle alte temperature. Il nichel aumenta la duttilit\u00e0 e la tenacit\u00e0. Il cromo fornisce un'eccezionale resistenza all'ossidazione e alla corrosione.<\/p>\n<p class=\"whitespace-pre-wrap\">Le caratteristiche principali della polvere FeCoNiCrTi includono:<\/p>\n<ul class=\"list-disc pl-8 space-y-2\">\n<li class=\"whitespace-normal\">Eccellente tenuta ad alte temperature ed eccellente resistenza al creep<\/li>\n<li class=\"whitespace-normal\">Buona duttilit\u00e0, tenacit\u00e0 e lavorabilit\u00e0<\/li>\n<li class=\"whitespace-normal\">Notevole resistenza all'ossidazione e alla corrosione<\/li>\n<li class=\"whitespace-normal\">Elevata stabilit\u00e0 termica e microstrutturale<\/li>\n<li class=\"whitespace-normal\">Disponibile in molte distribuzioni di dimensioni delle particelle e morfologie<\/li>\n<\/ul>\n<p class=\"whitespace-pre-wrap\">La polvere in FeCoNiCrTi \u00e8 adatta per parti strutturali ad alta temperatura, rivestimenti protettivi e altre applicazioni impegnative che richiedono capacit\u00e0 di temperatura, resistenza e resistenza ambientale.<\/p>\n<h2>Composizione di polvere di FeCoNiCrTi<\/h2>\n<p class=\"whitespace-pre-wrap\">La polvere di FeCoNiCrTi ha la seguente composizione nominale:<\/p>\n<table>\n<thead>\n<tr>\n<th>Elemento<\/th>\n<th>Composizione<\/th>\n<\/tr>\n<\/thead>\n<tbody>\n<tr>\n<td>Ferro (Fe)<\/td>\n<td>Equilibrio<\/td>\n<\/tr>\n<tr>\n<td>Cobalto (Co)<\/td>\n<td>35-50%<\/td>\n<\/tr>\n<tr>\n<td>Nichel (Ni)<\/td>\n<td>10-30%<\/td>\n<\/tr>\n<tr>\n<td>Cromo (Cr)<\/td>\n<td>8-12%<\/td>\n<\/tr>\n<tr>\n<td>Titanio (Ti)<\/td>\n<td>0.5-2%<\/td>\n<\/tr>\n<tr>\n<td>Carbonio (C)<\/td>\n<td>0,5% massimo<\/td>\n<\/tr>\n<tr>\n<td>Silicio (Si)<\/td>\n<td>Al massimo l'1%<\/td>\n<\/tr>\n<tr>\n<td>Manganese (Mn)<\/td>\n<td>Al massimo l'1%<\/td>\n<\/tr>\n<\/tbody>\n<\/table>\n<p><img loading=\"lazy\" decoding=\"async\" class=\"aligncenter wp-image-1409 size-medium\" src=\"https:\/\/met3dp.com\/wp-content\/uploads\/2023\/09\/ed7a94ec-3c10-4b1b-87ed--300x300.jpg\" alt=\"Polvere FeCoNiCrTi\" width=\"300\" height=\"300\" title=\"\"><\/p>\n<p class=\"whitespace-pre-wrap\">I livelli di cobalto, nichel, cromo e titanio possono essere regolati in base alle esigenze applicative. Le impurit\u00e0 come carbonio, silicio e manganese vengono ridotte al minimo.<\/p>\n<h2>Propriet\u00e0 della polvere FeCoNiCrTi<\/h2>\n<p class=\"whitespace-pre-wrap\">La polvere FeCoNiCrTi possiede le seguenti propriet\u00e0:<\/p>\n<table>\n<thead>\n<tr>\n<th>Propriet\u00e0<\/th>\n<th>Valore<\/th>\n<\/tr>\n<\/thead>\n<tbody>\n<tr>\n<td>Densit\u00e0<\/td>\n<td>8.0-8.5 g\/cm cubo<\/td>\n<\/tr>\n<tr>\n<td>Punto di fusione<\/td>\n<td>1300-1400\u00a1\u00abC<\/td>\n<\/tr>\n<tr>\n<td>Conduttivit\u00e0 termica<\/td>\n<td>10-30 W\/mK<\/td>\n<\/tr>\n<tr>\n<td>Resistivit\u00e0 elettrica<\/td>\n<td>70-90 \u00c2\u00b110 cm<\/td>\n<\/tr>\n<tr>\n<td>Modulo di Young<\/td>\n<td>180-220 GPa<\/td>\n<\/tr>\n<tr>\n<td>Rapporto di Poisson<\/td>\n<td>0.28-0.32<\/td>\n<\/tr>\n<tr>\n<td>Resistenza alla trazione<\/td>\n<td>650-1100 MPa<\/td>\n<\/tr>\n<tr>\n<td>Limite di snervamento<\/td>\n<td>450-750 MPa<\/td>\n<\/tr>\n<tr>\n<td>Allungamento<\/td>\n<td>10-30%<\/td>\n<\/tr>\n<tr>\n<td>Durezza<\/td>\n<td>25-50 HRC<\/td>\n<\/tr>\n<\/tbody>\n<\/table>\n<p>&nbsp;<\/p>\n<p class=\"whitespace-pre-wrap\">Le propriet\u00e0 come la resistenza alla trazione, la resistenza alla deformazione strisciante e la stabilit\u00e0 microstrutturale sono mantenute a temperature superiori a 1000\u00a1\u00abC, rendendolo adatto a impieghi ad alte temperature.<\/p>\n<h2>Metodo di produzione per polvere FeCoNiCrTi<\/h2>\n<p class=\"whitespace-pre-wrap\">I metodi di produzione pi\u00f9 comuni per la polvere FeCoNiCrTi includono:<\/p>\n<ul class=\"list-disc pl-8 space-y-2\">\n<li class=\"whitespace-normal\"><strong>Atomizzazione a gas<\/strong>- Getto di gas inerte ad alta pressione utilizzato per disintegrare il flusso di lega fusa in fini particelle di polvere sferica, fornendo un buon flusso e densit\u00e0 di carico.<\/li>\n<li class=\"whitespace-normal\"><strong>Atomizzazione dell'acqua<\/strong>?- Gli impatti del getto d'acqua ad alta velocit\u00e0 e la disintegrazione del flusso fuso producono fini polveri irregolari. Costi pi\u00f9 bassi ma maggiore assorbimento di ossigeno.<\/li>\n<li class=\"whitespace-normal\"><strong>Legame meccanico<\/strong>?- Macinazione a sfere di polveri di metallo elementale seguita da sinterizzazione per sintetizzare la polvere di lega.<\/li>\n<\/ul>\n<p class=\"whitespace-pre-wrap\">L\u2019atomizzazione a gas fornisce il miglior controllo sulle caratteristiche della polvere. La distribuzione granulometrica pu\u00f2 essere personalizzata secondo i requisiti applicativi.<\/p>\n<h2>Applicazioni della polvere di FeCoNiCrTi<\/h2>\n<p class=\"whitespace-pre-wrap\">La polvere FeCoNiCrTi viene utilizzata in applicazioni ad alta temperatura come:<\/p>\n<ul class=\"list-disc pl-8 space-y-2\">\n<li class=\"whitespace-normal\"><strong>manifattura additiva<\/strong>?- Fusione laser selettiva, fusione a fasci di elettroni per produrre componenti complessi per ambienti estremi che richiedono resistenza ad alte temperature.<\/li>\n<li class=\"whitespace-normal\"><strong>Rivestimento con spruzzatura termica<\/strong>?- Proiezione con arco al filo per depositare rivestimenti spessi che garantiscono resistenza all\u2019usura e alla corrosione a temperature elevate.<\/li>\n<li class=\"whitespace-normal\"><strong>Metallurgico per Brasatura<\/strong>?- Per unire leghe ad alta temperatura e ceramiche che hanno bisogno di resistenza all'ossidazione.<\/li>\n<li class=\"whitespace-normal\"><strong>Lavorazione del vetro<\/strong>?- Rulli trasportatori in polvere metallurgica con elevata resistenza alle alte temperature utilizzati nei forni di fusione del vetro.<\/li>\n<li class=\"whitespace-normal\"><strong>Metallurgia delle polveri<\/strong>- Parti strutturali ad alta resistenza quali pale di turbine e palette prodotte tramite processo di pressatura e sinterizzazione.<\/li>\n<li class=\"whitespace-normal\"><strong>Consumabili di Saldatura<\/strong>?- Utilizzato come materiale riempitivo per fornire un'eccellente saldatura e resistenza alla corrosione.<\/li>\n<\/ul>\n<h2>Specifiche della polvere di FeCoNiCrTi<\/h2>\n<p class=\"whitespace-pre-wrap\">La polvere FeCoNiCrTi \u00e8 disponibile in diverse gamme di dimensioni, morfologie e gradi:<\/p>\n<ul class=\"list-disc pl-8 space-y-2\">\n<li class=\"whitespace-normal\"><strong>Dimensione particellare:<\/strong>?Da 10 a 45 micrometri per i metodi AM, fino a 150 micrometri per i processi di spruzzatura termica<\/li>\n<li class=\"whitespace-normal\"><strong>Morfologia:<\/strong>?Sfere, irregolari e forme di polvere miscelata. La polvere sferica fornisce un flusso e un'impacchettamento ottimali.<\/li>\n<li class=\"whitespace-normal\"><strong>Purezza:<\/strong>Dai gradi commerciali alle gradi ad alta purezza in base ai livelli di impurit\u00e0 e ai requisiti delle applicazioni.<\/li>\n<li class=\"whitespace-normal\"><strong>Superficie:<\/strong>Bassa superficie preferita per ridurre al minimo l'ossidazione durante la manipolazione e lo stoccaggio.<\/li>\n<li class=\"whitespace-normal\"><strong>Gradi:<\/strong>?Composizione e caratteristiche della polvere personalizzate in base all'applicazione e al metodo di elaborazione previsti.<\/li>\n<\/ul>\n<h2>Fornitori globali di polvere FeCoNiCrTi<\/h2>\n<p class=\"whitespace-pre-wrap\">Qui di seguito alcuni dei principali fornitori mondiali di polvere FeCoNiCrTi:<\/p>\n<ul class=\"list-disc pl-8 space-y-2\">\n<li class=\"whitespace-normal\">Sandvik Osprey (Regno Unito)<\/li>\n<li class=\"whitespace-normal\">H\u00f6gan\u00e4s (Svezia)<\/li>\n<li class=\"whitespace-normal\">Praxair (USA)<\/li>\n<li class=\"whitespace-normal\">CNPC Powder (Cina)<\/li>\n<li class=\"whitespace-normal\">Erasteel (Francia)<\/li>\n<li class=\"whitespace-normal\">Tekna (Canada)<\/li>\n<li class=\"whitespace-normal\">AMETEK (USA)<\/li>\n<\/ul>\n<p class=\"whitespace-pre-wrap\">Queste aziende producono vari gradi di polvere di FeCoNiCrTi utilizzando l'atomizzazione a gas, l'atomizzazione ad acqua e altre tecniche su misura per la produzione additiva, la spruzzatura termica, la brasatura e altre applicazioni ad alta temperatura.<\/p>\n<h2>Prezzo della polvere FeCoNiCrTi<\/h2>\n<p class=\"whitespace-pre-wrap\">I prezzi in polvere di FeCoNiCrTi dipendono da fattori quali:<\/p>\n<ul class=\"list-disc pl-8 space-y-2\">\n<li class=\"whitespace-normal\">Livelli di composizione e purezza<\/li>\n<li class=\"whitespace-normal\">Distribuzione granulometrica e morfologia<\/li>\n<li class=\"whitespace-normal\">Metodo di produzione<\/li>\n<li class=\"whitespace-normal\">Quantit\u00e0 ordine<\/li>\n<li class=\"whitespace-normal\">Fornitore e sede<\/li>\n<\/ul>\n<table>\n<thead>\n<tr>\n<th>Grado<\/th>\n<th>Fascia di prezzo<\/th>\n<\/tr>\n<\/thead>\n<tbody>\n<tr>\n<td>Commerciale<\/td>\n<td>50-100 dollari al kg<\/td>\n<\/tr>\n<tr>\n<td>Elevata purezza<\/td>\n<td>$100-250 a kg<\/td>\n<\/tr>\n<tr>\n<td>Ultrafine<\/td>\n<td>250-450 $ al kg<\/td>\n<\/tr>\n<tr>\n<td>Grado speciale<\/td>\n<td>Da 450 a 850 $ per kg<\/td>\n<\/tr>\n<\/tbody>\n<\/table>\n<p>&nbsp;<\/p>\n<p class=\"whitespace-pre-wrap\">Gli atomizzati a gas, le dimensioni ad alta purezza e le polveri fini richiedono prezzi molto pi\u00f9 elevati rispetto ai semplici tipi commerciali.<\/p>\n<h2>Conservazione e manipolazione di polvere FeCoNiCrTi<\/h2>\n<p class=\"whitespace-pre-wrap\">La polvere FeCoNiCrTi richiede stoccaggio e manipolazione attenti:<\/p>\n<ul class=\"list-disc pl-8 space-y-2\">\n<li class=\"whitespace-normal\">Deve essere conservato in contenitori sigillati in gas inerte per evitare l'ossidazione<\/li>\n<li class=\"whitespace-normal\">Evitare l'accumulo di polvere fine per ridurre al minimo il rischio di esplosioni di polvere<\/li>\n<li class=\"whitespace-normal\">Utilizzare idonei DPI, ventilazione e pratiche per la sicurezza quando si maneggiano<\/li>\n<li class=\"whitespace-normal\">Previene il contatto tra la polvere e i materiali incompatibili<\/li>\n<li class=\"whitespace-normal\">Attenersi alla scheda tecnica di sicurezza fornita dal fornitore<\/li>\n<\/ul>\n<p class=\"whitespace-pre-wrap\">\u00c8 necessario prestare estrema attenzione a messa a terra, copertura e precauzioni quando si gestisce questa polvere di lega reattiva.<\/p>\n<h2>Ispezione e test di polvere FeCoNiCrTi<\/h2>\n<p class=\"whitespace-pre-wrap\">Test principali utilizzati per il controllo di qualit\u00e0 delle polveri FeCoNiCrTi includono:<\/p>\n<ul class=\"list-disc pl-8 space-y-2\">\n<li class=\"whitespace-normal\">Analisi chimica mediante OES o XRF per garantire conformit\u00e0 alle specifiche in termini di composizione<\/li>\n<li class=\"whitespace-normal\">Analisi della distribuzione granulometrica secondo lo standard ASTM B822<\/li>\n<li class=\"whitespace-normal\">Analisi morfologica tramite imaging SEM<\/li>\n<li class=\"whitespace-normal\">Misura di portata di polvere mediante flussometro Hall in conformit\u00e0 con lo standard ASTM B213<\/li>\n<li class=\"whitespace-normal\">Misura della densit\u00e0 mediante picnometro ad elio<\/li>\n<li class=\"whitespace-normal\">Test di impurit\u00e0 tramite ICP-MS<\/li>\n<li class=\"whitespace-normal\">Caratterizzazione microstrutturale tramite diffrazione X<\/li>\n<\/ul>\n<p class=\"whitespace-pre-wrap\">Prove e ispezioni approfondite garantiscono qualit\u00e0 della polvere affidabile e costante, rispettando i requisiti di performance.<\/p>\n<h2>Confronto tra polveri FeCoNiCrTi e Inconel 718<\/h2>\n<p class=\"whitespace-pre-wrap\">FeCoNiCrTi e Inconel 718 sono due polveri di leghe ad alta temperatura confrontate:<\/p>\n<table>\n<thead>\n<tr>\n<th>Parametro<\/th>\n<th>FeCoNiCrTi<\/th>\n<th>Inconel 718<\/th>\n<\/tr>\n<\/thead>\n<tbody>\n<tr>\n<td>Composizione<\/td>\n<td>Lega quaternaria<\/td>\n<td>Lega Ni-Cr-Fe-Nb<\/td>\n<\/tr>\n<tr>\n<td>Costi<\/td>\n<td>Pi\u00f9 alto<\/td>\n<td>Inferiore<\/td>\n<\/tr>\n<tr>\n<td>Forza<\/td>\n<td>Superiore a temperature molto alte<\/td>\n<td>Eccellente fino a 700\u00baC<\/td>\n<\/tr>\n<tr>\n<td>Resistenza all'ossidazione<\/td>\n<td>Comparabile<\/td>\n<td>Comparabile<\/td>\n<\/tr>\n<tr>\n<td>Praticit\u00e0<\/td>\n<td>Moderato<\/td>\n<td>Eccellente<\/td>\n<\/tr>\n<tr>\n<td>APPLICAZIONI<\/td>\n<td>Proiezione termica, saldatura<\/td>\n<td>Componenti aerospaziali, molle<\/td>\n<\/tr>\n<tr>\n<td>Disponibilit\u00e0<\/td>\n<td>Moderato<\/td>\n<td>Facilmente disponibile<\/td>\n<\/tr>\n<\/tbody>\n<\/table>\n<p>&nbsp;<\/p>\n<p class=\"whitespace-pre-wrap\">FeCoNiCrTi offre una migliore resistenza alle alte temperature, mentre Inconel 718 presenta una buona lavorabilit\u00e0 e reperibilit\u00e0.<\/p>\n<h2>Domande frequenti sulla polvere FeCoNiCrTi<\/h2>\n<p class=\"whitespace-pre-wrap\"><strong>D: Come viene prodotta la polvere FeCoNiCrTi?<\/strong><\/p>\n<p class=\"whitespace-pre-wrap\">A: La polvere FeCoNiCrTi viene prodotta commercialmente mediante atomizzazione con gas, atomizzazione con acqua e sinterizzazione meccanica seguita da sinterizzazione. L'atomizzazione con gas fornisce il miglior controllo delle caratteristiche delle particelle.<\/p>\n<p class=\"whitespace-pre-wrap\"><strong>D: Per cosa viene utilizzata la polvere di FeCoNiCrTi?<\/strong><\/p>\n<p class=\"whitespace-pre-wrap\">A: FeCoNiCrTi viene utilizzato in applicazioni ad alta temperatura come produzione additiva, rivestimenti a spruzzo termico, brasatura di riempimento, componenti di metallurgia delle polveri, consumabili per saldatura in cui sono necessarie resistenza alla temperatura, resistenza e resistenza ambientale.<\/p>\n<p class=\"whitespace-pre-wrap\"><strong>Q: Quale \u00e8 la dimensione di polvere consigliata per la spruzzatura termica?<\/strong><\/p>\n<p class=\"whitespace-pre-wrap\">R: Per la maggior parte dei processi di spruzzatura termica \u00e8 preferibile utilizzare una polvere di FeCoNiCrTi con granulometria compresa tra 45 e 150 micron per massimizzare l'efficienza di deposito e le propriet\u00e0 del rivestimento.<\/p>\n<p class=\"whitespace-pre-wrap\"><strong>D: La polvere di FeCoNiCrTi richiede precauzioni speciali di gestione?<\/strong><\/p>\n<p class=\"whitespace-pre-wrap\">R: S\u00ec, si consiglia di maneggiare con attenzione questa polvere di lega fina reattiva utilizzando una atmosfera inerte, una corretta messa a terra, ventilazione e DPI per controllo dei pericoli.<\/p>\n<p class=\"whitespace-pre-wrap\"><strong>D: Dove posso acquistare polvere di FeCoNiCrTi adatta per la fabbricazione additiva?<\/strong><\/p>\n<p class=\"whitespace-pre-wrap\">A: \u00c8 possibile acquistare da produttori leader come Sandvik, Hoganas, Praxair ed Erasteel la polvere FeCoNiCrTi atomizzata a gas fine che soddisfa i requisiti AM.<\/p>\n<p><\/span><\/span><\/p>","protected":false},"excerpt":{"rendered":"<p>Panoramica della polvere di FeCoNiCrTi Il FeCoNiCrTi \u00e8 una lega ad alte prestazioni che presenta buone propriet\u00e0 meccaniche e resistenza alla corrosione a temperature elevate. Il ferro e il cobalto conferiscono un'eccellente resistenza alle alte temperature. Il nichel migliora la duttilit\u00e0 e la tenacit\u00e0. Il cromo conferisce un'eccezionale resistenza all'ossidazione e alla corrosione. Le caratteristiche principali della polvere FeCoNiCrTi includono: Eccellente resistenza alle alte temperature e al creep Buona duttilit\u00e0, tenacit\u00e0...<\/p>","protected":false},"featured_media":1766,"parent":0,"template":"","meta":{"_acf_changed":false,"_kad_blocks_custom_css":"","_kad_blocks_head_custom_js":"","_kad_blocks_body_custom_js":"","_kad_blocks_footer_custom_js":"","_kad_post_transparent":"","_kad_post_title":"","_kad_post_layout":"","_kad_post_sidebar_id":"","_kad_post_content_style":"","_kad_post_vertical_padding":"","_kad_post_feature":"","_kad_post_feature_position":"","_kad_post_header":false,"_kad_post_footer":false,"_kad_post_classname":""},"product-category":[119,127],"class_list":["post-3894","product","type-product","status-publish","has-post-thumbnail","hentry","product-category-3d-printing-metal-powder","product-category-high-entropy-alloy-powder"],"acf":[],"taxonomy_info":{"product-category":[{"value":119,"label":"3D Printing Metal Powder"},{"value":127,"label":"High Entropy Alloy Powder"}]},"featured_image_src_large":["https:\/\/3dpmetal.com\/wp-content\/uploads\/2024\/02\/FeCoNiCrTi-Powder.png",600,600,false],"author_info":[],"comment_info":"","_links":{"self":[{"href":"https:\/\/3dpmetal.com\/it\/wp-json\/wp\/v2\/product\/3894","targetHints":{"allow":["GET"]}}],"collection":[{"href":"https:\/\/3dpmetal.com\/it\/wp-json\/wp\/v2\/product"}],"about":[{"href":"https:\/\/3dpmetal.com\/it\/wp-json\/wp\/v2\/types\/product"}],"wp:featuredmedia":[{"embeddable":true,"href":"https:\/\/3dpmetal.com\/it\/wp-json\/wp\/v2\/media\/1766"}],"wp:attachment":[{"href":"https:\/\/3dpmetal.com\/it\/wp-json\/wp\/v2\/media?parent=3894"}],"wp:term":[{"taxonomy":"product-category","embeddable":true,"href":"https:\/\/3dpmetal.com\/it\/wp-json\/wp\/v2\/product-category?post=3894"}],"curies":[{"name":"wp","href":"https:\/\/api.w.org\/{rel}","templated":true}]}}