{"id":3896,"date":"2024-03-18T06:10:14","date_gmt":"2024-03-18T06:10:14","guid":{"rendered":"https:\/\/3dp.45612300.xyz\/product\/pure-aluminum-powder\/"},"modified":"2024-03-18T06:10:14","modified_gmt":"2024-03-18T06:10:14","slug":"pure-aluminum-powder","status":"publish","type":"product","link":"https:\/\/3dpmetal.com\/it\/product\/pure-aluminum-powder\/","title":{"rendered":"Polvere di alluminio puro"},"content":{"rendered":"<p><span style=\"vertical-align: inherit;\"><span style=\"vertical-align: inherit;\"><\/p>\n<h2>Panoramica sulla polvere di alluminio puro<\/h2>\n<p class=\"whitespace-pre-wrap\">La polvere di alluminio puro contiene il 99% o pi\u00f9 di contenuto di alluminio. Offre una bassa densit\u00e0 combinata a una buona duttilit\u00e0, conduttivit\u00e0 e resistenza alla corrosione.<\/p>\n<p class=\"whitespace-pre-wrap\">Te propriet\u00e0 e i vantaggi chiave della polvere di alluminio puro includono:<\/p>\n<p class=\"whitespace-pre-wrap\"><strong>Propriet\u00e0 e caratteristiche della polvere di alluminio puro<\/strong><\/p>\n<table>\n<thead>\n<tr>\n<th>Propriet\u00e0<\/th>\n<th>Dettagli<\/th>\n<\/tr>\n<\/thead>\n<tbody>\n<tr>\n<td>Composizione<\/td>\n<td>Livello di IA al 99% o superiore<\/td>\n<\/tr>\n<tr>\n<td>Densit\u00e0<\/td>\n<td>2,7 g\/cc<\/td>\n<\/tr>\n<tr>\n<td>Forma delle particelle<\/td>\n<td>Sferica, irregolare<\/td>\n<\/tr>\n<tr>\n<td>Intervallo delle dimensioni<\/td>\n<td>1-150 micron<\/td>\n<\/tr>\n<tr>\n<td>Densit\u00e0 apparente<\/td>\n<td>Fino al 50% di densit\u00e0 reale<\/td>\n<\/tr>\n<tr>\n<td>Conduttivit\u00e0<\/td>\n<td>Eccellente conducibilit\u00e0 elettrica e termica<\/td>\n<\/tr>\n<tr>\n<td>Resistenza alla corrosione<\/td>\n<td>Buona grazie allo strato di ossido protettivo<\/td>\n<\/tr>\n<\/tbody>\n<\/table>\n<p class=\"whitespace-pre-wrap\">La polvere di alluminio puro \u00e8 adatta per applicazioni quali saldatura al termite, utensili diamantati, rivestimenti conduttivi, pirotecnici e stampaggio a iniezione di metalli.<\/p>\n<h2>Composizione della polvere di alluminio puro<\/h2>\n<p class=\"whitespace-pre-wrap\">Composizione tipica della polvere di alluminio puro:<\/p>\n<p class=\"whitespace-pre-wrap\"><strong>Composizione della polvere di alluminio puro<\/strong><\/p>\n<table>\n<thead>\n<tr>\n<th>Elemento<\/th>\n<th>% Peso<\/th>\n<\/tr>\n<\/thead>\n<tbody>\n<tr>\n<td>Alluminio (Al)<\/td>\n<td>Minimo del 99%<\/td>\n<\/tr>\n<tr>\n<td>Silicio (Si)<\/td>\n<td>0,5% massimo<\/td>\n<\/tr>\n<tr>\n<td>Ferro (Fe)<\/td>\n<td>0,5% massimo<\/td>\n<\/tr>\n<tr>\n<td>Rame (Cu)<\/td>\n<td>0,05% max<\/td>\n<\/tr>\n<tr>\n<td>Manganese (Mn)<\/td>\n<td>0,05% max<\/td>\n<\/tr>\n<tr>\n<td>Magnesio (Mg)<\/td>\n<td>0,05% max<\/td>\n<\/tr>\n<tr>\n<td>Altre impurit\u00e0<\/td>\n<td>0,05% max<\/td>\n<\/tr>\n<\/tbody>\n<\/table>\n<ul class=\"list-disc pl-8 space-y-2\">\n<li class=\"whitespace-normal\">L'alluminio fornisce bassa densit\u00e0, duttilit\u00e0 e conducibilit\u00e0<\/li>\n<li class=\"whitespace-normal\">I livelli di impurit\u00e0 degli altri elementi sono controllati attentamente<\/li>\n<li class=\"whitespace-normal\">L\u2019elevata purezza dell\u2019alluminio fornisce una conduttivit\u00e0 elettrica e termica ottimale.<\/li>\n<\/ul>\n<p class=\"whitespace-pre-wrap\">L'elevato contenuto di alluminio garantisce una conduttivit\u00e0 eccellente combinata con una buona resistenza alla corrosione e una resistenza moderata.<\/p>\n<p><img loading=\"lazy\" decoding=\"async\" class=\"size-medium wp-image-1409 aligncenter\" src=\"https:\/\/met3dp.com\/wp-content\/uploads\/2023\/09\/ed7a94ec-3c10-4b1b-87ed--300x300.jpg\" alt=\"Polvere di alluminio puro\" width=\"300\" height=\"300\" title=\"\"><\/p>\n<h2>Propriet\u00e0 fisiche della polvere di alluminio puro<\/h2>\n<p class=\"whitespace-pre-wrap\"><strong>Propriet\u00e0 fisiche della polvere di alluminio puro<\/strong><\/p>\n<table>\n<thead>\n<tr>\n<th>Propriet\u00e0<\/th>\n<th>Valori<\/th>\n<\/tr>\n<\/thead>\n<tbody>\n<tr>\n<td>Densit\u00e0<\/td>\n<td>2,7 g\/cc<\/td>\n<\/tr>\n<tr>\n<td>Punto di fusione<\/td>\n<td>660\u00a1\u00abC<\/td>\n<\/tr>\n<tr>\n<td>Conduttivit\u00e0 termica<\/td>\n<td>237 W\/mK<\/td>\n<\/tr>\n<tr>\n<td>Resistivit\u00e0 elettrica<\/td>\n<td>2,65 A\u00d7\u00b4I-cm<\/td>\n<\/tr>\n<tr>\n<td>CTE<\/td>\n<td>23,1 x 10^-6 \/K<\/td>\n<\/tr>\n<tr>\n<td>Riflessivit\u00e0<\/td>\n<td>L'87% delle lunghezze d'onda a 400 nm<\/td>\n<\/tr>\n<\/tbody>\n<\/table>\n<ul class=\"list-disc pl-8 space-y-2\">\n<li class=\"whitespace-normal\">Densit\u00e0 molto bassa rispetto alla maggior parte dei metalli<\/li>\n<li class=\"whitespace-normal\">Alta riflettivit\u00e0 e conduttivit\u00e0 termica<\/li>\n<li class=\"whitespace-normal\">Bassa resistivit\u00e0 elettrica fornisce elevata conduttivit\u00e0<\/li>\n<li class=\"whitespace-normal\">Un CTE relativamente alto rende necessarie delle considerazioni di design<\/li>\n<li class=\"whitespace-normal\">Mantains strength up to moderately high temperatures<\/li>\n<\/ul>\n<p class=\"whitespace-pre-wrap\">Le propriet\u00e0 rendono l'alluminio puro adatto a impieghi leggeri che richiedono una conduttivit\u00e0 elettrica\/termica.<\/p>\n<h2>Propriet\u00e0 meccaniche della polvere di alluminio puro<\/h2>\n<p class=\"whitespace-pre-wrap\"><strong>Propriet\u00e0 meccaniche della polvere di alluminio puro<\/strong><\/p>\n<table>\n<thead>\n<tr>\n<th>Propriet\u00e0<\/th>\n<th>Valori<\/th>\n<\/tr>\n<\/thead>\n<tbody>\n<tr>\n<td>Resistenza alla trazione<\/td>\n<td>90-100 MPa<\/td>\n<\/tr>\n<tr>\n<td>Limite di snervamento<\/td>\n<td>35-45 MPa<\/td>\n<\/tr>\n<tr>\n<td>Allungamento<\/td>\n<td>35-40%<\/td>\n<\/tr>\n<tr>\n<td>Durezza<\/td>\n<td>25-35 HB<\/td>\n<\/tr>\n<tr>\n<td>Resistenza alla fatica<\/td>\n<td>50-90 MPa<\/td>\n<\/tr>\n<tr>\n<td>Resistenza a taglio<\/td>\n<td>60-65 MPa<\/td>\n<\/tr>\n<\/tbody>\n<\/table>\n<ul class=\"list-disc pl-8 space-y-2\">\n<li class=\"whitespace-normal\">Relativa bassa resistenza alla trazione e allo snervamento<\/li>\n<li class=\"whitespace-normal\">Un allungamento molto elevato fornisce un'eccellente duttilit\u00e0,<\/li>\n<li class=\"whitespace-normal\">Durezza ridotta rispetto alla maggior parte dei metalli<\/li>\n<li class=\"whitespace-normal\">Elevata resistenza a fatica adatta ai carichi ciclici<\/li>\n<li class=\"whitespace-normal\">Le propriet\u00e0 possono essere migliorate tramite aggiunte di lega<\/li>\n<\/ul>\n<p class=\"whitespace-pre-wrap\">Le propriet\u00e0 rendono l'alluminio puro adatto ad applicazioni morbide e duttili che richiedono conduttivit\u00e0 e lavorabilit\u00e0.<\/p>\n<h2>Applicazioni Pure Aluminum Powder<\/h2>\n<p class=\"whitespace-pre-wrap\">Le applicazione tipiche della polvere di alluminio puro includono:<\/p>\n<p class=\"whitespace-pre-wrap\"><strong>Applicazioni Pure Aluminum Powder<\/strong><\/p>\n<table>\n<thead>\n<tr>\n<th>Industria<\/th>\n<th>Usi<\/th>\n<\/tr>\n<\/thead>\n<tbody>\n<tr>\n<td>Saldatura al termine<\/td>\n<td>Saldatura rotaie, giunzione metallica<\/td>\n<\/tr>\n<tr>\n<td>manifattura additiva<\/td>\n<td>Componenti a bassa resistenza<\/td>\n<\/tr>\n<tr>\n<td>Esplosivi e pirotecnica<\/td>\n<td>Composizioni della termite<\/td>\n<\/tr>\n<tr>\n<td>\"Rivestimenti in polvere\"<\/td>\n<td>Rivestimenti conduttivi e resistenti<\/td>\n<\/tr>\n<tr>\n<td>Strumenti diamantati<\/td>\n<td>Matrice metallica con particelle diamantate<\/td>\n<\/tr>\n<tr>\n<td>Fuochi d'artificio<\/td>\n<td>Composizioni di combustibile e pirotecnici.<\/td>\n<\/tr>\n<\/tbody>\n<\/table>\n<p class=\"whitespace-pre-wrap\">Alcuni usi specifici del prodotto:<\/p>\n<ul class=\"list-disc pl-8 space-y-2\">\n<li class=\"whitespace-normal\">Miscele termite per l'unione di metalli in situ e la saldatura<\/li>\n<li class=\"whitespace-normal\">Leghe di colata a basso punto di fusione<\/li>\n<li class=\"whitespace-normal\">Rivestimenti a conduzione elettrica e schermatura RF<\/li>\n<li class=\"whitespace-normal\">Utensili in alluminio-diamante per il taglio della pietra<\/li>\n<li class=\"whitespace-normal\">Polvere flash e composizioni pirotecniche<\/li>\n<li class=\"whitespace-normal\">Stampaggio a iniezione di metallo di parti non strutturali<\/li>\n<\/ul>\n<p class=\"whitespace-pre-wrap\">La duttilit\u00e0, conducibilit\u00e0 e reattivit\u00e0 rendono l'alluminio puro idoneo per queste applicazioni di nicchia.<\/p>\n<h2>Specifiche della polvere di alluminio puro<\/h2>\n<p class=\"whitespace-pre-wrap\">Le specifiche principali per la polvere di alluminio puro includono:<\/p>\n<p class=\"whitespace-pre-wrap\"><strong>Specifiche della polvere di alluminio puro<\/strong><\/p>\n<table>\n<thead>\n<tr>\n<th>Standard<\/th>\n<th>Descrizione<\/th>\n<\/tr>\n<\/thead>\n<tbody>\n<tr>\n<td>ASTM B787<\/td>\n<td>Standard per polveri di alluminio puro<\/td>\n<\/tr>\n<tr>\n<td>ASTM B859<\/td>\n<td>Specifiche per polveri di alluminio e leghe di alluminio<\/td>\n<\/tr>\n<tr>\n<td>DIN 1718-1<\/td>\n<td>Sistema di designazione per alluminio e leghe di alluminio<\/td>\n<\/tr>\n<tr>\n<td>GJB320B<\/td>\n<td>Standard militare cinese per polveri di alluminio e leghe di alluminio<\/td>\n<\/tr>\n<\/tbody>\n<\/table>\n<p class=\"whitespace-pre-wrap\">Questi definiscono:<\/p>\n<ul class=\"list-disc pl-8 space-y-2\">\n<li class=\"whitespace-normal\">Contenuto minimo di alluminio del 99%<\/li>\n<li class=\"whitespace-normal\">Limiti relativi a impurit\u00e0 come Fe, Si<\/li>\n<li class=\"whitespace-normal\">Caratteristiche della polvere quali densit\u00e0 apparente e distribuzione granulometrica<\/li>\n<li class=\"whitespace-normal\">Metodi di produzione approvati come l'atomizzazione<\/li>\n<li class=\"whitespace-normal\">Protocolli di campionamento e collaudo<\/li>\n<\/ul>\n<p class=\"whitespace-pre-wrap\">L'osservanza degli standard garantisce l'idoneit\u00e0 per le applicazioni che richiedono una polvere di alluminio ad elevata purezza.<\/p>\n<h2>Dimensioni delle particelle di polvere di alluminio puro<\/h2>\n<p class=\"whitespace-pre-wrap\"><strong>Distribuzione granulometrica della polvere di alluminio puro<\/strong><\/p>\n<table>\n<thead>\n<tr>\n<th>Dimensione<\/th>\n<th>Caratteristiche<\/th>\n<\/tr>\n<\/thead>\n<tbody>\n<tr>\n<td>1-10 micron<\/td>\n<td>Grado ultrafine utilizzato nelle paste di stampa<\/td>\n<\/tr>\n<tr>\n<td>10~45 micron<\/td>\n<td>Grana fine adatta per rivestimenti, stampaggio<\/td>\n<\/tr>\n<tr>\n<td>45-150 micron<\/td>\n<td>Una granulometria grossolana garantisce migliori propriet\u00e0 di scorrimento<\/td>\n<\/tr>\n<\/tbody>\n<\/table>\n<ul class=\"list-disc pl-8 space-y-2\">\n<li class=\"whitespace-normal\">Le dimensioni pi\u00f9 fini offrono una finitura liscia e un\u2019alta reattivit\u00e0<\/li>\n<li class=\"whitespace-normal\">Una polvere pi\u00f9 grezza ha un flusso migliore per la lavorazione automatizzata<\/li>\n<li class=\"whitespace-normal\">Sono disponibili forme di particelle sia sferiche che irregolari<\/li>\n<li class=\"whitespace-normal\">La distribuzione delle dimensioni dipende dall'utilizzo previsto<\/li>\n<\/ul>\n<p class=\"whitespace-pre-wrap\">Il controllo della distribuzione granulometrica ottimizza il comportamento di elaborazione, la densit\u00e0, la reattivit\u00e0 e la finitura.<\/p>\n<h2>Densit\u00e0 apparente della polvere di alluminio puro<\/h2>\n<p class=\"whitespace-pre-wrap\"><strong>Densit\u00e0 apparente della polvere di alluminio puro<\/strong><\/p>\n<table>\n<thead>\n<tr>\n<th>Densit\u00e0 apparente<\/th>\n<th>Dettagli<\/th>\n<\/tr>\n<\/thead>\n<tbody>\n<tr>\n<td>Fino al 50% di densit\u00e0 reale<\/td>\n<td>Per polvere di morfologia irregolare<\/td>\n<\/tr>\n<tr>\n<td>1.3-1.7 g\/cc<\/td>\n<td>Maggiore per polvere sferica<\/td>\n<\/tr>\n<\/tbody>\n<\/table>\n<ul class=\"list-disc pl-8 space-y-2\">\n<li class=\"whitespace-normal\">Una forma di polvere sferica fornisce maggiore densit\u00e0 apparente<\/li>\n<li class=\"whitespace-normal\">Le particelle irregolari hanno una densit\u00e0 minore intorno al 30-40%<\/li>\n<li class=\"whitespace-normal\">Una densit\u00e0 superiore migliora il flusso di polvere e la compattibilit\u00e0<\/li>\n<li class=\"whitespace-normal\">Con polvere sferica ottimizzata sono possibili valori fino al 60%<\/li>\n<\/ul>\n<p class=\"whitespace-pre-wrap\">Una densit\u00e0 apparentemente pi\u00f9 elevata porta a una maggiore produttivit\u00e0 nella lavorazione e alla qualit\u00e0 delle parti.<\/p>\n<h2>Produzione di polvere di alluminio puro<\/h2>\n<p class=\"whitespace-pre-wrap\"><strong>Produzione di polvere di alluminio puro<\/strong><\/p>\n<table>\n<thead>\n<tr>\n<th>Metodo<\/th>\n<th>Dettagli<\/th>\n<\/tr>\n<\/thead>\n<tbody>\n<tr>\n<td>Atomizzazione<\/td>\n<td>Flusso di alluminio fuso suddiviso in piccole gocce che solidificano in polvere<\/td>\n<\/tr>\n<tr>\n<td>Macinazione a sfere<\/td>\n<td>La macinazione meccanica classifica la polvere grossolana in polvere fine<\/td>\n<\/tr>\n<tr>\n<td>Ricottura<\/td>\n<td>Elimina le tensioni interne e migliora la comprimibilit\u00e0 della polvere<\/td>\n<\/tr>\n<tr>\n<td>Setacciamento<\/td>\n<td>Classifica la polvere in frazioni di dimensione diverse<\/td>\n<\/tr>\n<\/tbody>\n<\/table>\n<ul class=\"list-disc pl-8 space-y-2\">\n<li class=\"whitespace-normal\">L'atomizzazione consente una produzione di volume elevata con dimensioni di particelle controllate<\/li>\n<li class=\"whitespace-normal\">La fresatura fornisce una riduzione della granulometria a costi inferiori della polvere grossolana<\/li>\n<li class=\"whitespace-normal\">La ricottura e la vagliatura forniscono polvere in forme e dimensioni personalizzate<\/li>\n<\/ul>\n<p class=\"whitespace-pre-wrap\">La combinazione di metodi produce una polvere di alluminio ad alta purezza con caratteristiche specifiche dell'applicazione.<\/p>\n<h2>Prezzi della polvere di alluminio puro<\/h2>\n<p class=\"whitespace-pre-wrap\"><strong>Prezzi della polvere di alluminio puro<\/strong><\/p>\n<table>\n<thead>\n<tr>\n<th>Fattore<\/th>\n<th>Impatto sul prezzo<\/th>\n<\/tr>\n<\/thead>\n<tbody>\n<tr>\n<td>Purezza<\/td>\n<td>I gradi con una purezza pi\u00f9 elevata sono pi\u00f9 costosi<\/td>\n<\/tr>\n<tr>\n<td>Dimensione particellare<\/td>\n<td>Le polveri ultrafini sono pi\u00f9 costose<\/td>\n<\/tr>\n<tr>\n<td>Volume di ordinazione<\/td>\n<td>Gli ordini all'ingrosso ottengono uno sconto sul prezzo<\/td>\n<\/tr>\n<tr>\n<td>Metodo di produzione<\/td>\n<td>Metodi complessi aumentano i costi<\/td>\n<\/tr>\n<tr>\n<td>Packaging<\/td>\n<td>Le confezioni speciali comportano costi aggiuntivi<\/td>\n<\/tr>\n<\/tbody>\n<\/table>\n<p class=\"whitespace-pre-wrap\"><strong>Prezzario indicativo<\/strong><\/p>\n<ul class=\"list-disc pl-8 space-y-2\">\n<li class=\"whitespace-normal\">Fine pure aluminum powder: $3-6 per kg (minimo 100 Kg)<\/li>\n<li class=\"whitespace-normal\">Polvere di alluminio puro grossolano: 2-4 $ al kg<\/li>\n<li class=\"whitespace-normal\">I prezzi a volume possono essere inferiori fino al 30%<\/li>\n<\/ul>\n<p class=\"whitespace-pre-wrap\">Il prezzo dipende dalla purezza, dalle dimensioni delle particelle, dalla quantit\u00e0 dell'ordine, dal metodo di produzione e dai requisiti di personalizzazione.<\/p>\n<h2>Fornitori di polvere di alluminio puro<\/h2>\n<p class=\"whitespace-pre-wrap\"><strong>Fornitori di polvere di alluminio puro<\/strong><\/p>\n<table>\n<thead>\n<tr>\n<th>Azienda<\/th>\n<th>Ubicazione<\/th>\n<\/tr>\n<\/thead>\n<tbody>\n<tr>\n<td>Advanced Chemical Company<\/td>\n<td>USA<\/td>\n<\/tr>\n<tr>\n<td>Micron Metals<\/td>\n<td>USA<\/td>\n<\/tr>\n<tr>\n<td>Baohua Metal Materials<\/td>\n<td>Cina<\/td>\n<\/tr>\n<tr>\n<td>Hengxing Metallurgical<\/td>\n<td>Cina<\/td>\n<\/tr>\n<tr>\n<td>Shanghai ShuiDing Powder Material<\/td>\n<td>Cina<\/td>\n<\/tr>\n<tr>\n<td>Reade Advanced Materials<\/td>\n<td>USA<\/td>\n<\/tr>\n<\/tbody>\n<\/table>\n<p class=\"whitespace-pre-wrap\">Fattori di selezione dei fornitori:<\/p>\n<ul class=\"list-disc pl-8 space-y-2\">\n<li class=\"whitespace-normal\">Livelli e gradi di purezza disponibili<\/li>\n<li class=\"whitespace-normal\">Capacit\u00e0 produttiva e tempi di consegna<\/li>\n<li class=\"whitespace-normal\">intervalli di dimensioni medie delle particelle<\/li>\n<li class=\"whitespace-normal\">Personalizzazione della distribuzione delle particelle<\/li>\n<li class=\"whitespace-normal\">opzioni di confezionamento<\/li>\n<li class=\"whitespace-normal\">Livelli di prezzo basati sulle quantit\u00e0 dell'ordine<\/li>\n<li class=\"whitespace-normal\">Conformit\u00e0 agli standard internazionali<\/li>\n<\/ul>\n<h2>Gestione e stoccaggio della polvere di alluminio puro<\/h2>\n<p class=\"whitespace-pre-wrap\"><strong>Gestione delle polveri di alluminio puro<\/strong><\/p>\n<table>\n<thead>\n<tr>\n<th>Raccomandazione<\/th>\n<th>Motivo<\/th>\n<\/tr>\n<\/thead>\n<tbody>\n<tr>\n<td>Utilizzare una ventilazione adeguata<\/td>\n<td>Evitare ambienti con polvere concentrata<\/td>\n<\/tr>\n<tr>\n<td>Utilizzare sistemi di messa a terra<\/td>\n<td>Impedisci le scariche elettrostatiche durante la gestione<\/td>\n<\/tr>\n<tr>\n<td>Limitare l'esposizione all'umidit\u00e0<\/td>\n<td>Previene l'ossidazione delle particelle<\/td>\n<\/tr>\n<tr>\n<td>Segui protocolli sicuri<\/td>\n<td>Ridurre i pericoli per la salute e gli incendi<\/td>\n<\/tr>\n<tr>\n<td>Evitare fonti di accensione<\/td>\n<td>Rischio polvere infiammabile<\/td>\n<\/tr>\n<tr>\n<td>Utilizzare utensili anti-scintilla<\/td>\n<td>Prevenire la possibilit\u00e0 di accensione<\/td>\n<\/tr>\n<\/tbody>\n<\/table>\n<p class=\"whitespace-pre-wrap\"><strong>Consigli in merito allo storage<\/strong><\/p>\n<ul class=\"list-disc pl-8 space-y-2\">\n<li class=\"whitespace-normal\">Conservare in recipienti a tenuta stagna, asciutti e inerti<\/li>\n<li class=\"whitespace-normal\">Mantenere le temperature di stoccaggio al di sotto dei 27 \u00a1\u00abC<\/li>\n<li class=\"whitespace-normal\">Limitare l'esposizione a ossidanti come l'acido nitrico.<\/li>\n<\/ul>\n<p class=\"whitespace-pre-wrap\">Le precauzioni adeguate durante la manipolazione e la conservazione aiutano a preservare la purezza e a prevenire i rischi di ossidazione o di accensione.<\/p>\n<h2>Ispezione e test della polvere di alluminio puro<\/h2>\n<p class=\"whitespace-pre-wrap\"><strong>Test di polveri di alluminio pure<\/strong><\/p>\n<table>\n<thead>\n<tr>\n<th>Test<\/th>\n<th>Dettagli<\/th>\n<\/tr>\n<\/thead>\n<tbody>\n<tr>\n<td>Analisi chimica<\/td>\n<td>Il test XRF o ICP verifica la composizione<\/td>\n<\/tr>\n<tr>\n<td>Distribuzione granulometrica<\/td>\n<td>Analisi della diffrazione laser<\/td>\n<\/tr>\n<tr>\n<td>Densit\u00e0 apparente<\/td>\n<td>Test del misuratore di portata Hall secondo lo standard ASTM B212<\/td>\n<\/tr>\n<tr>\n<td>Morphologia delle polveri<\/td>\n<td>Imaging SEM della forma delle particelle<\/td>\n<\/tr>\n<tr>\n<td>Analisi del flusso di lavoro<\/td>\n<td>Portata di flusso per gravit\u00e0 attraverso un imbuto specificato<\/td>\n<\/tr>\n<tr>\n<td>Misurazione dell'umidit\u00e0<\/td>\n<td>Test di perdita per essiccazione<\/td>\n<\/tr>\n<\/tbody>\n<\/table>\n<p class=\"whitespace-pre-wrap\">I test garantiscono che la polvere soddisfi i livelli di purezza richiesti, le caratteristiche delle particelle, le specifiche di densit\u00e0, la morfologia e la scorrevolezza in base agli standard applicabili.<\/p>\n<h2>Pro e contro della polvere di alluminio puro<\/h2>\n<p class=\"whitespace-pre-wrap\"><strong>Vantaggi della polvere di alluminio puro<\/strong><\/p>\n<ul class=\"list-disc pl-8 space-y-2\">\n<li class=\"whitespace-normal\">La bassa densit\u00e0 fornisce propriet\u00e0 di leggerezza<\/li>\n<li class=\"whitespace-normal\">Eccellente conducibilit\u00e0 elettrica e termica<\/li>\n<li class=\"whitespace-normal\">Buona resistenza alla corrosione<\/li>\n<li class=\"whitespace-normal\">Elevata duttilit\u00e0 e ottima stampabilit\u00e0<\/li>\n<li class=\"whitespace-normal\">Riciclabile ed ecocompatibile<\/li>\n<li class=\"whitespace-normal\">Conveniente rispetto ad altre polveri conduttive<\/li>\n<\/ul>\n<p class=\"whitespace-pre-wrap\"><strong>Limitazioni della polvere di alluminio puro<\/strong><\/p>\n<ul class=\"list-disc pl-8 space-y-2\">\n<li class=\"whitespace-normal\">La bassa resistenza limita le applicazioni strutturali portanti<\/li>\n<li class=\"whitespace-normal\">Alta resistenza meccanica a temperatura moderatamente elevata<\/li>\n<li class=\"whitespace-normal\">Richiede rivestimenti protettivi in ambienti corrosivi<\/li>\n<li class=\"whitespace-normal\">Sensibile a contaminazione da umidit\u00e0 e altre polveri<\/li>\n<li class=\"whitespace-normal\">La natura piroforica richiede un'attenta gestione<\/li>\n<li class=\"whitespace-normal\">Si ossida gradualmente nel tempo se non rivestito<\/li>\n<\/ul>\n<h2>Confronto con polvere di lega di Al-Mg<\/h2>\n<p class=\"whitespace-pre-wrap\"><strong>Polvere di lega pura Al vs Al-Mg<\/strong><\/p>\n<table>\n<thead>\n<tr>\n<th>Parametro<\/th>\n<th>Al puro<\/th>\n<th>Al-Mg<\/th>\n<\/tr>\n<\/thead>\n<tbody>\n<tr>\n<td>Densit\u00e0<\/td>\n<td>2,7 g\/cc<\/td>\n<td>2,7 g\/cc<\/td>\n<\/tr>\n<tr>\n<td>Forza<\/td>\n<td>90-100 MPa<\/td>\n<td>150-220 MPa<\/td>\n<\/tr>\n<tr>\n<td>Conduttivit\u00e0<\/td>\n<td>Eccellente<\/td>\n<td>Bene<\/td>\n<\/tr>\n<tr>\n<td>Resistenza alla corrosione<\/td>\n<td>Bene<\/td>\n<td>Eccellente<\/td>\n<\/tr>\n<tr>\n<td>Costi<\/td>\n<td>Scarso<\/td>\n<td>Elevato<\/td>\n<\/tr>\n<tr>\n<td>Usi<\/td>\n<td>Saldatura aluminotermica, pirotecnica<\/td>\n<td>Componenti strutturali<\/td>\n<\/tr>\n<\/tbody>\n<\/table>\n<ul class=\"list-disc pl-8 space-y-2\">\n<li class=\"whitespace-normal\">L'Al puro offre una migliore conduttivit\u00e0 e un costo minore<\/li>\n<li class=\"whitespace-normal\">La lega Al-Mg fornisce una maggiore resistenza<\/li>\n<li class=\"whitespace-normal\">Alluminio puro adatto per applicazioni elettriche e pirotecniche<\/li>\n<li class=\"whitespace-normal\">Al-Mg preferito per i componenti strutturali leggeri<\/li>\n<\/ul>\n<h2>Domande frequenti sulla polvere di alluminio puro<\/h2>\n<p class=\"whitespace-pre-wrap\"><strong>D: Quali sono le principali applicazioni della polvere di alluminio puro?<\/strong><\/p>\n<p class=\"whitespace-pre-wrap\">A: Le principali applicazioni comprendono saldatura di termite, rivestimenti conduttivi, composizioni pirotecniche, strumenti diamantati, stampaggio a iniezione di metallo di parti non strutturali e leghe di fusione a bassa temperatura.<\/p>\n<p class=\"whitespace-pre-wrap\"><strong>D: Quali precauzioni devono essere adottate quando si lavora con una polvere di alluminio puro?<\/strong><\/p>\n<p class=\"whitespace-pre-wrap\">A: Le precauzioni raccomandate includono una ventilazione adeguata, impedendo fonti di accensione, attrezzature a prova di esplosione, sistemi di messa a terra, attrezzi anti-scintilla, dispositivi di protezione, protocolli sicuri e stoccaggio inerte sigillato lontano da contaminanti.<\/p>\n<p class=\"whitespace-pre-wrap\"><strong>Q: In che modo la polvere di alluminio puro differisce dalle polveri di lega di alluminio?<\/strong><\/p>\n<p class=\"whitespace-pre-wrap\">L'alluminio puro ha un contenuto di Al del 99% o pi\u00f9, mentre le polveri di lega contengono altri elementi come magnesio, silicio, zinco. L'alluminio puro offre un'elevata conduttivit\u00e0 ma una resistenza inferiore rispetto alle leghe.<\/p>\n<p class=\"whitespace-pre-wrap\"><strong>D: Quali fattori influenzano le propriet\u00e0 dei componenti in polvere di alluminio puro?<\/strong><\/p>\n<p class=\"whitespace-pre-wrap\">A: Fattori chiave sono la densit\u00e0 apparente, la distribuzione della dimensione delle particelle, la pressione di compattazione, i parametri di sinterizzazione, le impurit\u00e0 e la porosit\u00e0 della parte finale.<\/p>\n<p><\/span><\/span><\/p>","protected":false},"excerpt":{"rendered":"<p>Panoramica della polvere di alluminio puro La polvere di alluminio puro contiene 99% o un contenuto di alluminio superiore. Offre una bassa densit\u00e0 combinata con una buona duttilit\u00e0, conduttivit\u00e0 e resistenza alla corrosione. Le propriet\u00e0 e i vantaggi principali della polvere di alluminio puro includono: Propriet\u00e0 e caratteristiche della polvere di alluminio puro Propriet\u00e0 Dettagli Composizione 99% o contenuto superiore di Al Densit\u00e0 2,7 g\/cc Forma delle particelle Sferica,...<\/p>","protected":false},"featured_media":1853,"parent":0,"template":"","meta":{"_acf_changed":false,"_kad_blocks_custom_css":"","_kad_blocks_head_custom_js":"","_kad_blocks_body_custom_js":"","_kad_blocks_footer_custom_js":"","_kad_post_transparent":"","_kad_post_title":"","_kad_post_layout":"","_kad_post_sidebar_id":"","_kad_post_content_style":"","_kad_post_vertical_padding":"","_kad_post_feature":"","_kad_post_feature_position":"","_kad_post_header":false,"_kad_post_footer":false,"_kad_post_classname":""},"product-category":[119,124],"class_list":["post-3896","product","type-product","status-publish","has-post-thumbnail","hentry","product-category-3d-printing-metal-powder","product-category-aluminum-based-alloy-powder"],"acf":[],"taxonomy_info":{"product-category":[{"value":119,"label":"3D Printing Metal Powder"},{"value":124,"label":"Aluminum Based Alloy Powder"}]},"featured_image_src_large":["https:\/\/3dpmetal.com\/wp-content\/uploads\/2024\/02\/Pure-aluminum-powder.jpg",600,600,false],"author_info":[],"comment_info":"","_links":{"self":[{"href":"https:\/\/3dpmetal.com\/it\/wp-json\/wp\/v2\/product\/3896","targetHints":{"allow":["GET"]}}],"collection":[{"href":"https:\/\/3dpmetal.com\/it\/wp-json\/wp\/v2\/product"}],"about":[{"href":"https:\/\/3dpmetal.com\/it\/wp-json\/wp\/v2\/types\/product"}],"wp:featuredmedia":[{"embeddable":true,"href":"https:\/\/3dpmetal.com\/it\/wp-json\/wp\/v2\/media\/1853"}],"wp:attachment":[{"href":"https:\/\/3dpmetal.com\/it\/wp-json\/wp\/v2\/media?parent=3896"}],"wp:term":[{"taxonomy":"product-category","embeddable":true,"href":"https:\/\/3dpmetal.com\/it\/wp-json\/wp\/v2\/product-category?post=3896"}],"curies":[{"name":"wp","href":"https:\/\/api.w.org\/{rel}","templated":true}]}}