{"id":3900,"date":"2024-03-18T06:10:12","date_gmt":"2024-03-18T06:10:12","guid":{"rendered":"https:\/\/3dp.45612300.xyz\/product\/al-2024-powder\/"},"modified":"2024-03-18T06:10:12","modified_gmt":"2024-03-18T06:10:12","slug":"al-2024-powder","status":"publish","type":"product","link":"https:\/\/3dpmetal.com\/it\/product\/al-2024-powder\/","title":{"rendered":"Polvere Al 2024"},"content":{"rendered":"<p><span style=\"vertical-align: inherit;\"><span style=\"vertical-align: inherit;\"><\/p>\n<h2>Panoramica della polvere Al 2024<\/h2>\n<p class=\"whitespace-pre-wrap\">L'Al 2024 \u00e8 una delle leghe di alluminio lavorate della serie 2000 pi\u00f9 popolari, nota per la sua resistenza, resistenza alla fatica e l'eccellente lavorabilit\u00e0 e resistenza alla corrosione. Le aggiunte di rame conferiscono un potenziamento sostanziale mediante tempra per precipitazione, mantenendo al contempo formabilit\u00e0 e saldabilit\u00e0.<\/p>\n<p class=\"whitespace-pre-wrap\">Le principali caratteristiche della polvere di Al 2024 includono:<\/p>\n<ul class=\"list-disc pl-8 space-y-2\">\n<li class=\"whitespace-normal\">Elevata resistenza con moderata duttilit\u00e0 e resistenza<\/li>\n<li class=\"whitespace-normal\">Resistenza eccellente a fatica e frattura<\/li>\n<li class=\"whitespace-normal\">Eccellente lavorabilit\u00e0 e lucidabilit\u00e0<\/li>\n<li class=\"whitespace-normal\">Buona saldabilit\u00e0 e lavorabilit\u00e0<\/li>\n<li class=\"whitespace-normal\">Alta conducibilit\u00e0 termica ed elettrica<\/li>\n<li class=\"whitespace-normal\">Disponibile in una gamma di dimensioni e forme di polvere<\/li>\n<\/ul>\n<p class=\"whitespace-pre-wrap\">La polvere Al 2024 \u00e8 adatta per componenti aerospaziali e altre applicazioni ad alte prestazioni che richiedono robustezza combinata con capacit\u00e0 di fabbricazione.<\/p>\n<h2>Composizione Chimica degli Al 2024 in Polvere<\/h2>\n<p class=\"whitespace-pre-wrap\">La tipica composizione della polvere Al 2024 \u00e8:<\/p>\n<table>\n<thead>\n<tr>\n<th>Elemento<\/th>\n<th>% Peso<\/th>\n<\/tr>\n<\/thead>\n<tbody>\n<tr>\n<td>Alluminio (Al)<\/td>\n<td>90.7-94.7%<\/td>\n<\/tr>\n<tr>\n<td>Rame (Cu)<\/td>\n<td>3.8-4.9%<\/td>\n<\/tr>\n<tr>\n<td>Magnesio (Mg)<\/td>\n<td>1.2-1.8%<\/td>\n<\/tr>\n<tr>\n<td>Manganese (Mn)<\/td>\n<td>0.3-0.9%<\/td>\n<\/tr>\n<tr>\n<td>Ferro (Fe)<\/td>\n<td>0-0.5%<\/td>\n<\/tr>\n<tr>\n<td>Silicio (Si)<\/td>\n<td>0-0.5%<\/td>\n<\/tr>\n<tr>\n<td>Zinco (Zn)<\/td>\n<td>0-0.25%<\/td>\n<\/tr>\n<tr>\n<td>Cromo (Cr)<\/td>\n<td>0-0.1%<\/td>\n<\/tr>\n<tr>\n<td>Titanio (Ti)<\/td>\n<td>0-0.15%<\/td>\n<\/tr>\n<\/tbody>\n<\/table>\n<p><img loading=\"lazy\" decoding=\"async\" class=\"size-medium wp-image-1409 aligncenter\" src=\"https:\/\/met3dp.com\/wp-content\/uploads\/2023\/09\/ed7a94ec-3c10-4b1b-87ed--300x300.jpg\" alt=\"Polvere Al 2024\" width=\"300\" height=\"300\" title=\"\"><\/p>\n<p class=\"whitespace-pre-wrap\">Il rame \u00e8 il principale elemento di lega mentre il magnesio conferisce resistenza attraverso l'indurimento di precipitazione. Altri elementi come manganese, ferro e cromo hanno effetti minori sulle propriet\u00e0 meccaniche.<\/p>\n<h2>Propriet\u00e0 della polvere di Al 2024<\/h2>\n<p class=\"whitespace-pre-wrap\">Le principali propriet\u00e0 della polvere Al 2024 includono:<\/p>\n<table>\n<thead>\n<tr>\n<th>Propriet\u00e0<\/th>\n<th>Valore<\/th>\n<\/tr>\n<\/thead>\n<tbody>\n<tr>\n<td>Densit\u00e0<\/td>\n<td>2,77 g\/cm3<\/td>\n<\/tr>\n<tr>\n<td>Punto di fusione<\/td>\n<td>500-638\u00a1\u00abC<\/td>\n<\/tr>\n<tr>\n<td>Conduttivit\u00e0 termica<\/td>\n<td>121-190 W\/mK<\/td>\n<\/tr>\n<tr>\n<td>Conduttivit\u00e0 Elettrica<\/td>\n<td>26-35% IACS<\/td>\n<\/tr>\n<tr>\n<td>Modulo di Young<\/td>\n<td>73 GPa<\/td>\n<\/tr>\n<tr>\n<td>Rapporto di Poisson<\/td>\n<td>0.33<\/td>\n<\/tr>\n<tr>\n<td>Resistenza alla trazione<\/td>\n<td>400-500 MPa<\/td>\n<\/tr>\n<tr>\n<td>Limite di snervamento<\/td>\n<td>290-385 MPa<\/td>\n<\/tr>\n<tr>\n<td>Allungamento<\/td>\n<td>8-20%<\/td>\n<\/tr>\n<tr>\n<td>Durezza<\/td>\n<td>90-150 Vickers<\/td>\n<\/tr>\n<\/tbody>\n<\/table>\n<p>&nbsp;<\/p>\n<p class=\"whitespace-pre-wrap\">Le aggiunte di rame consentono un aumento sostanziale della resistenza, mantenendo una duttilit\u00e0 moderata e un'eccellente resistenza alla fatica attraverso l'indurimento per precipitazione. Offre una combinazione ottimale di propriet\u00e0 per applicazioni ad alte prestazioni.<\/p>\n<h2>Metodo di Produzione per la polvere Al 2024<\/h2>\n<p class=\"whitespace-pre-wrap\">I metodi di produzione commerciale per polvere di Al2024 includono:<\/p>\n<ul class=\"list-disc pl-8 space-y-2\">\n<li class=\"whitespace-normal\"><strong>Atomizzazione a gas<\/strong>?- Flusso di lega fusa disintegrato da getti di gas inerti ad alta pressione in una polvere sferica fine. Distribuzione controllata delle dimensioni delle particelle.<\/li>\n<li class=\"whitespace-normal\"><strong>Atomizzazione dell'acqua<\/strong>?- Gli impatti a getto d'acqua ad alta velocit\u00e0 disintegrano il flusso di metallo fuso per produrre una polvere finissima irregolare.<\/li>\n<li class=\"whitespace-normal\"><strong>Legame meccanico<\/strong>?- Pallinatura di una miscela di polveri di alluminio e di elementi leganti, seguita da compattazione a freddo e sinterizzazione.<\/li>\n<li class=\"whitespace-normal\"><strong>Elettrolisi<\/strong>?- Alluminio prodotto mediante processo di elettrolisi e successivamente legato e atomizzato.<\/li>\n<\/ul>\n<p class=\"whitespace-pre-wrap\">L\u2019atomizzazione di gas fornisce un migliore controllo sulle caratteristiche delle particelle, come dimensione, forma e microstruttura.<\/p>\n<h2>Applicazioni di Al 2024 in Polvere<\/h2>\n<p class=\"whitespace-pre-wrap\">Le principali applicazioni della polvere Al 2024 includono:<\/p>\n<ul class=\"list-disc pl-8 space-y-2\">\n<li class=\"whitespace-normal\"><strong>manifattura additiva<\/strong>?- Usata nella fusione laser selettiva, nella sinterizzazione laser di metallo diretto per la produzione di componenti complessi per l'industria aerospaziale e automobilistica.<\/li>\n<li class=\"whitespace-normal\"><strong>Stampaggio a iniezione di metallo<\/strong>?- Produrre piccoli componenti complessi con buone propriet\u00e0 meccaniche e resistenza alla corrosione.<\/li>\n<li class=\"whitespace-normal\"><strong>Metallurgia delle polveri<\/strong>?- Procedimento stampaggio e sinterizzazione per creare pezzi per automobili e macchinari ad alte prestazioni.<\/li>\n<li class=\"whitespace-normal\"><strong>Termo-spruzzatura<\/strong>?- Spruzzatura di plasma o ad arco per depositare rivestimenti protettivi in Al 2024 contro l'usura e la corrosione.<\/li>\n<li class=\"whitespace-normal\"><strong>Materiale di apporto per la saldatura<\/strong>?- \u00c8 usato come riempitivo\/bacchetta per la saldatura ad arco delle leghe di alluminio. Offre ottima resistenza della saldatura.<\/li>\n<li class=\"whitespace-normal\"><strong>Pyrotecnica<\/strong>?- AGGIUNTO A COMPOSIZIONI PIROTECNICHE COME COMBUSTIBILE GRAZIE ALL\u2019INFIAMMABILITA\u2019 DELL\u2019ALLUMINIO.<\/li>\n<\/ul>\n<h2>Specifiche della Polvere di Al 2024<\/h2>\n<p class=\"whitespace-pre-wrap\">La polvere Al 2024 \u00e8 disponibile in diverse dimensioni, forme e gradi, tra cui:<\/p>\n<ul class=\"list-disc pl-8 space-y-2\">\n<li class=\"whitespace-normal\"><strong>Dimensione particellare:<\/strong>?Da 10 a 150 micron per AM a oltre 300 micron per processi di spruzzatura termica.<\/li>\n<li class=\"whitespace-normal\"><strong>Morfologia:<\/strong>?Particelle sferiche, granulari, dendritiche e irregolari. Una polvere liscia scorre meglio.<\/li>\n<li class=\"whitespace-normal\"><strong>Gradi:<\/strong>Conforme alle specifiche AMS 4255, ASTM B221, EN 573-3, ISO 209 e altri gradi personalizzati.<\/li>\n<li class=\"whitespace-normal\"><strong>Purezza:<\/strong>Da livello commerciale a livelli di grande purezza in base alla composizione chimica e alle esigenze dell'applicazione.<\/li>\n<\/ul>\n<h2>Fornitori globali di polvere Al 2024<\/h2>\n<p class=\"whitespace-pre-wrap\">Alcuni dei maggiori fornitori a livello globale sono:<\/p>\n<ul class=\"list-disc pl-8 space-y-2\">\n<li class=\"whitespace-normal\">Sandvik Osprey (Regno Unito)<\/li>\n<li class=\"whitespace-normal\">Valimet Inc. (USA)<\/li>\n<li class=\"whitespace-normal\">TLS Technik (Germania)<\/li>\n<li class=\"whitespace-normal\">China National Petroleum Corporation Powder Group (CNPC)<\/li>\n<li class=\"whitespace-normal\">Metal Powder Company (USA)<\/li>\n<li class=\"whitespace-normal\">Makin Metal Powders (UK)<\/li>\n<li class=\"whitespace-normal\">AMETEK Reading Alloys (USA)<\/li>\n<\/ul>\n<p class=\"whitespace-pre-wrap\">Queste aziende producono polvere Al 2024 adatte ad AM, spruzzatura termica, automotive, aerospaziale ed altre applicazioni impegnative.<\/p>\n<h2>Prezzi del 2024 Powder<\/h2>\n<p class=\"whitespace-pre-wrap\">I prezzi della polvere Al 2024 dipendono da fattori quali:<\/p>\n<ul class=\"list-disc pl-8 space-y-2\">\n<li class=\"whitespace-normal\">Livelli di purezza<\/li>\n<li class=\"whitespace-normal\">Caratteristiche e qualit\u00e0 delle polveri<\/li>\n<li class=\"whitespace-normal\">Metodo di produzione<\/li>\n<li class=\"whitespace-normal\">Quantit\u00e0 ordine<\/li>\n<li class=\"whitespace-normal\">Fornitore e sede<\/li>\n<\/ul>\n<table>\n<thead>\n<tr>\n<th>Grado<\/th>\n<th>Fascia di prezzo<\/th>\n<\/tr>\n<\/thead>\n<tbody>\n<tr>\n<td>Commerciale<\/td>\n<td>8-15 $ al kg<\/td>\n<\/tr>\n<tr>\n<td>Elevata purezza<\/td>\n<td>$15-30 al kg<\/td>\n<\/tr>\n<tr>\n<td>Ultrafine<\/td>\n<td>30-60 $ al kg<\/td>\n<\/tr>\n<tr>\n<td>Grado speciale<\/td>\n<td>50-100 dollari al kg<\/td>\n<\/tr>\n<\/tbody>\n<\/table>\n<p>&nbsp;<\/p>\n<p class=\"whitespace-pre-wrap\">Gli ultrapiuri gas atomizzati e le leghe personalizzate hanno prezzi molto pi\u00f9 alti dei normali gradi commerciali di polvere.<\/p>\n<h2>Conservazione e movimentazione della polvere Al 2024<\/h2>\n<p class=\"whitespace-pre-wrap\">La polvere Al 2024 richiede lo stoccaggio e la movimentazione attenti per prevenire:<\/p>\n<ul class=\"list-disc pl-8 space-y-2\">\n<li class=\"whitespace-normal\">Ossidazione e reazione con l'umidit\u00e0<\/li>\n<li class=\"whitespace-normal\">Esplosioni di polvere da accensione di polvere fine<\/li>\n<li class=\"whitespace-normal\">Problemi di salute correlati all'inalazione<\/li>\n<li class=\"whitespace-normal\">Le pratiche di sicurezza suggerite dal fornitore devono essere seguite<\/li>\n<\/ul>\n<p class=\"whitespace-pre-wrap\">Quando si maneggia la polvere, \u00e8 necessario utilizzare una coperta a gas inerte, una corretta messa a terra, ventilazione e DPI.<\/p>\n<h2>Metodi di Test e Caratterizzazione<\/h2>\n<p class=\"whitespace-pre-wrap\">I principali metodi di test utilizzati per la polvere Al 2024 includono:<\/p>\n<ul class=\"list-disc pl-8 space-y-2\">\n<li class=\"whitespace-normal\">Analisi chimiche usando la spettroscopia a emissione ottica (OES) o a raggi X (XRF)<\/li>\n<li class=\"whitespace-normal\">Distribuzione delle dimensioni delle particelle secondo lo standard ASTM B822<\/li>\n<li class=\"whitespace-normal\">Analisi morfologica mediante microscopia elettronica a scansione<\/li>\n<li class=\"whitespace-normal\">Misurazione della portata di polvere tramite flussometro Hall<\/li>\n<li class=\"whitespace-normal\">Misura della densit\u00e0 mediante picnometro ad elio<\/li>\n<li class=\"whitespace-normal\">Test di impurit\u00e0 mediante ICP-MS<\/li>\n<li class=\"whitespace-normal\">Esame microstrutturale tramite diffrattometria a raggi X<\/li>\n<\/ul>\n<p class=\"whitespace-pre-wrap\">Questi test garantiscono che la polvere soddisfi la struttura microchimica, le caratteristiche fisiche e la microstruttura richieste in base alle esigenze dell'applicazione.<\/p>\n<h2>Confronto tra polvere Al 2024 e Al 7075<\/h2>\n<p class=\"whitespace-pre-wrap\">Le polveri di lega di alluminio ad alta resistenza 2024 e 7075 a confronto:<\/p>\n<table>\n<thead>\n<tr>\n<th>Parametro<\/th>\n<th>Entro il 2024<\/th>\n<th>Al 7075<\/th>\n<\/tr>\n<\/thead>\n<tbody>\n<tr>\n<td>Tipo lega<\/td>\n<td>Trattato a caldo<\/td>\n<td>Trattato a caldo<\/td>\n<\/tr>\n<tr>\n<td>Contenuto Cu<\/td>\n<td>3.8-4.9%<\/td>\n<td>1.2-2%<\/td>\n<\/tr>\n<tr>\n<td>Contenuto di Zn<\/td>\n<td>0-0.25%<\/td>\n<td>5.1-6.1%<\/td>\n<\/tr>\n<tr>\n<td>Forza<\/td>\n<td>Elevato<\/td>\n<td>Elevatissimo<\/td>\n<\/tr>\n<tr>\n<td>Tenacit\u00e0 alla frattura<\/td>\n<td>Pi\u00f9 alto<\/td>\n<td>Moderato<\/td>\n<\/tr>\n<tr>\n<td>Resistenza alla corrosione<\/td>\n<td>Bene<\/td>\n<td>Moderato<\/td>\n<\/tr>\n<tr>\n<td>Saldabilit\u00e0<\/td>\n<td>Fiera<\/td>\n<td>Scarso<\/td>\n<\/tr>\n<tr>\n<td>Costi<\/td>\n<td>Inferiore<\/td>\n<td>Pi\u00f9 alto<\/td>\n<\/tr>\n<\/tbody>\n<\/table>\n<p>&nbsp;<\/p>\n<p class=\"whitespace-pre-wrap\">L'Al 2024 offre una migliori fabbricazione, mentre l'Al 7075 fornisce una resistenza molto elevata dopo il trattamento termico. L'Al 2024 \u00e8 pi\u00f9 conveniente.<\/p>\n<h2>FAQ sulla polvere Al 2024<\/h2>\n<p class=\"whitespace-pre-wrap\"><strong>D: Come viene prodotta la polvere Al 2024?<\/strong><\/p>\n<p class=\"whitespace-pre-wrap\">La polvere A: Al 2024 \u00e8 prodotta commercialmente utilizzando tecniche di atomizzazione a gas, atomizzazione ad acqua, lega meccanica e tecniche di elettrolisi. L'atomizzazione a gas offre il miglior controllo delle dimensioni delle particelle e della morfologia.<\/p>\n<p class=\"whitespace-pre-wrap\"><strong>D: Quali sono le principali applicazioni della polvere di Al 2024?<\/strong><\/p>\n<p class=\"whitespace-pre-wrap\">Le principali applicazioni includono la fabbricazione additiva, la spruzzatura termica, la metallurgia delle polveri, lo stampaggio a iniezione di metallo, le saldature di riempimento e le composizioni pirotecniche in cui sono richiesti elevata resistenza e buona resistenza alla corrosione.<\/p>\n<p class=\"whitespace-pre-wrap\"><strong>**Q:** Qual \u00e8 la dimensione di particella generalmente utilizzata per la polvere di Al 2024 in AM?<\/strong><\/p>\n<p class=\"whitespace-pre-wrap\">A: Nella maggior parte dei processi di stampa 3D in metallo, l'intervallo di dimensioni delle particelle ideale per la polvere di Al 2024 \u00e8 15-45 micron con morfologia sferica e buone caratteristiche di flusso.<\/p>\n<p class=\"whitespace-pre-wrap\"><strong>D: La polvere di Al 2024 richiede alcune precauzioni speciali per la movimentazione?<\/strong><\/p>\n<p class=\"whitespace-pre-wrap\">R: S\u00ec, \u00e8 consigliabile movimentare polveri di alluminio fini in atmosfere inerti mediante una corretta messa a terra, ventilazione e DPI per prevenire il rischio di incendi ed esplosioni.<\/p>\n<p class=\"whitespace-pre-wrap\"><strong>D: Dove posso acquistare polvere di Al 2024 adatta per componenti aerospaziali?<\/strong><\/p>\n<p class=\"whitespace-pre-wrap\">A: Polveri Al 2024 atomizzate a gas ad alta purezza che soddisfano i requisiti aerospaziali possono essere reperite da societ\u00e0 come Sandvik Osprey, Valimet Inc., TLS Technik e AMETEK Reading Alloys.<\/p>\n<p><\/span><\/span><\/p>","protected":false},"excerpt":{"rendered":"<p>Panoramica della polvere Al 2024 L'Al 2024 \u00e8 una delle leghe di alluminio battuto pi\u00f9 popolari della serie 2000, nota per la sua forza, la resistenza alla fatica, l'eccellente lavorabilit\u00e0 e la resistenza alla corrosione. L'aggiunta di rame conferisce un rafforzamento sostanziale attraverso l'indurimento per precipitazione, pur mantenendo la formabilit\u00e0 e la saldabilit\u00e0. Le caratteristiche principali della polvere Al 2024 includono: Elevata resistenza con moderata...<\/p>","protected":false},"featured_media":1802,"parent":0,"template":"","meta":{"_acf_changed":false,"_kad_blocks_custom_css":"","_kad_blocks_head_custom_js":"","_kad_blocks_body_custom_js":"","_kad_blocks_footer_custom_js":"","_kad_post_transparent":"","_kad_post_title":"","_kad_post_layout":"","_kad_post_sidebar_id":"","_kad_post_content_style":"","_kad_post_vertical_padding":"","_kad_post_feature":"","_kad_post_feature_position":"","_kad_post_header":false,"_kad_post_footer":false,"_kad_post_classname":""},"product-category":[119,124],"class_list":["post-3900","product","type-product","status-publish","has-post-thumbnail","hentry","product-category-3d-printing-metal-powder","product-category-aluminum-based-alloy-powder"],"acf":[],"taxonomy_info":{"product-category":[{"value":119,"label":"3D Printing Metal Powder"},{"value":124,"label":"Aluminum Based Alloy Powder"}]},"featured_image_src_large":["https:\/\/3dpmetal.com\/wp-content\/uploads\/2024\/02\/GA-Al-2024.png",981,745,false],"author_info":[],"comment_info":"","_links":{"self":[{"href":"https:\/\/3dpmetal.com\/it\/wp-json\/wp\/v2\/product\/3900","targetHints":{"allow":["GET"]}}],"collection":[{"href":"https:\/\/3dpmetal.com\/it\/wp-json\/wp\/v2\/product"}],"about":[{"href":"https:\/\/3dpmetal.com\/it\/wp-json\/wp\/v2\/types\/product"}],"wp:featuredmedia":[{"embeddable":true,"href":"https:\/\/3dpmetal.com\/it\/wp-json\/wp\/v2\/media\/1802"}],"wp:attachment":[{"href":"https:\/\/3dpmetal.com\/it\/wp-json\/wp\/v2\/media?parent=3900"}],"wp:term":[{"taxonomy":"product-category","embeddable":true,"href":"https:\/\/3dpmetal.com\/it\/wp-json\/wp\/v2\/product-category?post=3900"}],"curies":[{"name":"wp","href":"https:\/\/api.w.org\/{rel}","templated":true}]}}