{"id":3901,"date":"2024-03-18T06:10:12","date_gmt":"2024-03-18T06:10:12","guid":{"rendered":"https:\/\/3dp.45612300.xyz\/product\/al-6061-powder\/"},"modified":"2024-03-18T06:10:12","modified_gmt":"2024-03-18T06:10:12","slug":"al-6061-powder","status":"publish","type":"product","link":"https:\/\/3dpmetal.com\/it\/product\/al-6061-powder\/","title":{"rendered":"Polvere Al 6061"},"content":{"rendered":"<p><span style=\"vertical-align: inherit;\"><span style=\"vertical-align: inherit;\"><\/p>\n<h2>Panoramica della polvere di Al 6061<\/h2>\n<p class=\"whitespace-pre-wrap\">La Al 6061 \u00e8 una delle leghe di alluminio trattate termicamente pi\u00f9 versatili. Le aggiunte di magnesio e silicio consentono di rinforzarla attraverso un processo di tempra per precipitazione. Questa lega \u00e8 diventata molto popolare grazie alla sua eccellente resistenza alla corrosione, lavorabilit\u00e0, saldabilit\u00e0 e resistenza da media ad alta.<\/p>\n<p class=\"whitespace-pre-wrap\">Le caratteristiche principali della polvere di Al 6061 includono:<\/p>\n<ul class=\"list-disc pl-8 space-y-2\">\n<li class=\"whitespace-normal\">Resistenza da media ad alta con duttilit\u00e0 e tenacit\u00e0 eccellenti<\/li>\n<li class=\"whitespace-normal\">Eccellente resistenza alla corrosione e finitura<\/li>\n<li class=\"whitespace-normal\">Ottima saldabilit\u00e0 e lavorabilit\u00e0 meccanica<\/li>\n<li class=\"whitespace-normal\">Alta conducibilit\u00e0 termica ed elettrica<\/li>\n<li class=\"whitespace-normal\">Bassa densit\u00e0<\/li>\n<li class=\"whitespace-normal\">Disponibile in una vasta gamma di dimensioni e forme delle polveri<\/li>\n<\/ul>\n<p class=\"whitespace-pre-wrap\">La polvere di Alluminio 6061 \u00e8 usata ampiamente per applicazioni aerospaziali, marine, automobilistiche, costruttive e di ingegneria generale che richiedono leggerezza e buone propriet\u00e0 meccaniche.<\/p>\n<h2>Composizione chimica di polvere Al 6061<\/h2>\n<p class=\"whitespace-pre-wrap\">La tipica composizione chimica della polvere di Al 6061 \u00e8:<\/p>\n<table>\n<thead>\n<tr>\n<th>Elemento<\/th>\n<th>% Peso<\/th>\n<\/tr>\n<\/thead>\n<tbody>\n<tr>\n<td>Alluminio (Al)<\/td>\n<td>Equilibrio<\/td>\n<\/tr>\n<tr>\n<td>Silicio (Si)<\/td>\n<td>0.4-0.8%<\/td>\n<\/tr>\n<tr>\n<td>Ferro (Fe)<\/td>\n<td>0-0.7%<\/td>\n<\/tr>\n<tr>\n<td>Rame (Cu)<\/td>\n<td>0.15-0.4%<\/td>\n<\/tr>\n<tr>\n<td>Manganese (Mn)<\/td>\n<td>0-0.15%<\/td>\n<\/tr>\n<tr>\n<td>Magnesio (Mg)<\/td>\n<td>0.8-1.2%<\/td>\n<\/tr>\n<tr>\n<td>Cromo (Cr)<\/td>\n<td>0.04-0.35%<\/td>\n<\/tr>\n<tr>\n<td>Zinco (Zn)<\/td>\n<td>0-0.25%<\/td>\n<\/tr>\n<tr>\n<td>Titanio (Ti)<\/td>\n<td>0-0.15%<\/td>\n<\/tr>\n<\/tbody>\n<\/table>\n<p><img loading=\"lazy\" decoding=\"async\" class=\"size-medium wp-image-1409 aligncenter\" src=\"https:\/\/met3dp.com\/wp-content\/uploads\/2023\/09\/ed7a94ec-3c10-4b1b-87ed--300x300.jpg\" alt=\"Polvere Al 6061\" width=\"300\" height=\"300\" title=\"\"><\/p>\n<p class=\"whitespace-pre-wrap\">Il magnesio e il silicio sono gli elementi principali della lega. Anche le quantit\u00e0 residue di ferro, rame, manganese e cromo hanno effetti minori sulle propriet\u00e0 della lega.<\/p>\n<h2>Propriet\u00e0 della polvere Al 6061<\/h2>\n<p class=\"whitespace-pre-wrap\">Le propriet\u00e0 principali della polvere di Al 6061 includono:<\/p>\n<table>\n<thead>\n<tr>\n<th>Propriet\u00e0<\/th>\n<th>Valore<\/th>\n<\/tr>\n<\/thead>\n<tbody>\n<tr>\n<td>Densit\u00e0<\/td>\n<td>2,7 g\/cm3<\/td>\n<\/tr>\n<tr>\n<td>Punto di fusione<\/td>\n<td>582-652\u00a1\u00abC<\/td>\n<\/tr>\n<tr>\n<td>Conduttivit\u00e0 termica<\/td>\n<td>167 W\/mK<\/td>\n<\/tr>\n<tr>\n<td>Conduttivit\u00e0 Elettrica<\/td>\n<td>43-45% IACS<\/td>\n<\/tr>\n<tr>\n<td>Modulo di Young<\/td>\n<td>68-72 GPa<\/td>\n<\/tr>\n<tr>\n<td>Rapporto di Poisson<\/td>\n<td>0.33<\/td>\n<\/tr>\n<tr>\n<td>Resistenza alla trazione<\/td>\n<td>124-290 MPa<\/td>\n<\/tr>\n<tr>\n<td>Limite di snervamento<\/td>\n<td>55-250 MPa<\/td>\n<\/tr>\n<tr>\n<td>Allungamento<\/td>\n<td>10-25%<\/td>\n<\/tr>\n<tr>\n<td>Durezza<\/td>\n<td>40-95 Brinell<\/td>\n<\/tr>\n<\/tbody>\n<\/table>\n<p>&nbsp;<\/p>\n<p class=\"whitespace-pre-wrap\">La serie 6061 offre una resistenza media - elevata che pu\u00f2 essere ulteriormente migliorata con trattamento termico. Offre un'eccellente resistenza alla corrosione e finitura.<\/p>\n<h2>Metodo di produzione per la polvere di Aluminum 6061<\/h2>\n<p class=\"whitespace-pre-wrap\">I metodi di produzione commerciali per [Al 6061 in polvere includono:<\/p>\n<ul class=\"list-disc pl-8 space-y-2\">\n<li class=\"whitespace-normal\"><strong>Atomizzazione a gas<\/strong>?- Il gas inerte ad alta pressione disintegra il flusso di lega fusa in una polvere sferica fine con distribuzione granulometrica controllata.<\/li>\n<li class=\"whitespace-normal\"><strong>Atomizzazione dell'acqua<\/strong>?- Gli impatti del getto d'acqua ad alta velocit\u00e0 disintegrano il metallo fuso per produrre particelle fini di polvere irregolare.<\/li>\n<li class=\"whitespace-normal\"><strong>Legame meccanico<\/strong>?- Macinazione a sfere di un miscuglio di polveri di alluminio e di elementi di lega seguita da compattazione e sinterizzazione.<\/li>\n<\/ul>\n<p class=\"whitespace-pre-wrap\">L'atomizzazione a gas fornisce un controllo superiore sulle caratteristiche della polvere.<\/p>\n<h2>Applicazioni di Al 6061 in polvere<\/h2>\n<p class=\"whitespace-pre-wrap\">Le applicazioni tipiche di Al 6061 in polvere includono:<\/p>\n<ul class=\"list-disc pl-8 space-y-2\">\n<li class=\"whitespace-normal\"><strong>manifattura additiva<\/strong>- Utilizzato nella fusione selettiva laser, nella fusione a fascio di elettroni e nel getto di leganti per produrre componenti complessi.<\/li>\n<li class=\"whitespace-normal\"><strong>Stampaggio a iniezione di metallo<\/strong>?- Produrre piccole parti complesse con tolleranze strette e propriet\u00e0 eccellenti.<\/li>\n<li class=\"whitespace-normal\"><strong>Metallurgia delle polveri<\/strong>?-Procedimento di pressatura e sinterizzazione per creare componenti meccanici e automobilistici ad alte prestazioni.<\/li>\n<li class=\"whitespace-normal\"><strong>Termo-spruzzatura<\/strong>?- Spray ad arco al filo per depositare rivestimenti protettivi in Al 6061 che offrono resistenza all'usura e alla corrosione.<\/li>\n<li class=\"whitespace-normal\"><strong>Materiale di apporto per la saldatura<\/strong>?- Utilizzato come filo d'apporto per fornire una resistenza alla saldatura simile a quella del metallo base.<\/li>\n<li class=\"whitespace-normal\"><strong>Pigmenti<\/strong>?- Aggiunto a vernici e polimeri per dare lucentezza e protezione contro la corrosione.<\/li>\n<\/ul>\n<h2>Specifiche di Al 6061 in polvere<\/h2>\n<p class=\"whitespace-pre-wrap\">La polvere Al 6061 \u00e8 disponibile in diverse gamme di dimensioni, forme, gradi e livelli di purezza:<\/p>\n<ul class=\"list-disc pl-8 space-y-2\">\n<li class=\"whitespace-normal\"><strong>Dimensione particellare:<\/strong>?Dai 10-150 micron per i metodi AM, a 300 micron per i processi di spruzzatura termica.<\/li>\n<li class=\"whitespace-normal\"><strong>Morfologia:<\/strong>?Particelle sferiche, granulari, dendritiche e irregolari. Una polvere liscia scorre meglio.<\/li>\n<li class=\"whitespace-normal\"><strong>Purezza:<\/strong>Dalla qualit\u00e0 commerciale alla purezza elevata (99,9%) su misura per soddisfare i requisiti.<\/li>\n<li class=\"whitespace-normal\"><strong>Gradi:<\/strong>?Conforme alle specifiche ASTM B221, EN 573 e ISO 209. Gradi personalizzati disponibili.<\/li>\n<li class=\"whitespace-normal\"><strong>Capacit\u00e0 di scorrimento<\/strong>La polvere pu\u00f2 essere personalizzata in base a portate specifiche a seconda dell'applicazione.<\/li>\n<\/ul>\n<h2>Fornitori globali di polvere Al 6061<\/h2>\n<p class=\"whitespace-pre-wrap\">Alcuni dei maggiori fornitori globali sono:<\/p>\n<ul class=\"list-disc pl-8 space-y-2\">\n<li class=\"whitespace-normal\">Valimet Inc. (USA)<\/li>\n<li class=\"whitespace-normal\">Makin Metal Powders (UK)<\/li>\n<li class=\"whitespace-normal\">Metal Powder Company (USA)<\/li>\n<li class=\"whitespace-normal\">China National Petroleum Corporation Powder Group (CNPC)<\/li>\n<li class=\"whitespace-normal\">SCM Metal Products (USA)<\/li>\n<li class=\"whitespace-normal\">Shanghai Chaowei Nanotechnology (Cina)<\/li>\n<li class=\"whitespace-normal\">Polvere di titanio (Russia)<\/li>\n<\/ul>\n<p class=\"whitespace-pre-wrap\">Queste aziende producono polvere Al 6061 adatta per tecnologie AM, spray termico, aerospazio, auto e altre applicazioni impegnative utilizzando diversi metodi.<\/p>\n<h2>Prezzi delle polveri Al 6061<\/h2>\n<p class=\"whitespace-pre-wrap\">La valutazione della polvere di Al 6061 dipende da diversi fattori:<\/p>\n<ul class=\"list-disc pl-8 space-y-2\">\n<li class=\"whitespace-normal\">Livelli di purezza<\/li>\n<li class=\"whitespace-normal\">Caratteristiche delle particelle<\/li>\n<li class=\"whitespace-normal\">Metodo di produzione della polvere<\/li>\n<li class=\"whitespace-normal\">Volume di ordinazione<\/li>\n<li class=\"whitespace-normal\">Fornitore e ubicazione geografica<\/li>\n<\/ul>\n<table>\n<thead>\n<tr>\n<th>Grado<\/th>\n<th>Fascia di prezzo<\/th>\n<\/tr>\n<\/thead>\n<tbody>\n<tr>\n<td>Commerciale<\/td>\n<td>$ 5 - 15 per kg<\/td>\n<\/tr>\n<tr>\n<td>Elevata purezza<\/td>\n<td>$15-30 al kg<\/td>\n<\/tr>\n<tr>\n<td>Ultrafine<\/td>\n<td>30-60 $ al kg<\/td>\n<\/tr>\n<tr>\n<td>Grado speciale<\/td>\n<td>60-120 \u20ac al kg<\/td>\n<\/tr>\n<\/tbody>\n<\/table>\n<p>&nbsp;<\/p>\n<p class=\"whitespace-pre-wrap\">Powders sferici, con dimensioni delle particelle controllate e alta purezza raggiungono prezzi molto pi\u00f9 elevati rispetto a gradi commerciali regolari di polvere Al 6061.<\/p>\n<h2>Conservazione e manipolazione della polvere di alluminio 6061<\/h2>\n<p class=\"whitespace-pre-wrap\">La polvere 6061 di Al deve essere maneggiata e conservata correttamente per evitare:<\/p>\n<ul class=\"list-disc pl-8 space-y-2\">\n<li class=\"whitespace-normal\">Ossidazione e reazione con l'umidit\u00e0<\/li>\n<li class=\"whitespace-normal\">Pericoli di esplosione di polvere da polvere fine<\/li>\n<li class=\"whitespace-normal\">Problemi di salute correlati all'inalazione<\/li>\n<li class=\"whitespace-normal\">Le pratiche di sicurezza dalla scheda dati di sicurezza del fornitore devono essere seguite<\/li>\n<\/ul>\n<p class=\"whitespace-pre-wrap\">Si raccomanda lo stoccaggio con gas inerte, ventilazione adeguata, messa a terra e DPI durante la manipolazione della polvere.<\/p>\n<h2>Metodi di Test e Caratterizzazione<\/h2>\n<p class=\"whitespace-pre-wrap\">I metodi di test chiave utilizzati per la polvere di Al 6061 includono:<\/p>\n<ul class=\"list-disc pl-8 space-y-2\">\n<li class=\"whitespace-normal\">Analisi chimica utilizzando OES o XRF per la composizione<\/li>\n<li class=\"whitespace-normal\">Distribuzione delle dimensioni delle particelle secondo lo standard ASTM B822<\/li>\n<li class=\"whitespace-normal\">Analisi morfologica tramite SEM<\/li>\n<li class=\"whitespace-normal\">Portata di polvere misurata tramite imbuto di flusso Hall<\/li>\n<li class=\"whitespace-normal\">Determinazione della densit\u00e0 mediante picnometria ad elio<\/li>\n<li class=\"whitespace-normal\">Verifica contaminazioni da ICP-MS<\/li>\n<li class=\"whitespace-normal\">Esame microstrutturale tramite diffrattometria a raggi X<\/li>\n<\/ul>\n<p class=\"whitespace-pre-wrap\">Questi test garantiscono la coerenza dei batch e la conformit\u00e0 con i requisiti delle applicazioni.<\/p>\n<h2>Confronto tra polveri di Al 6061 e Al 7075<\/h2>\n<p class=\"whitespace-pre-wrap\">Al 6061 e Al 7075 sono due polveri per leghe di alluminio a confronto:<\/p>\n<table>\n<thead>\n<tr>\n<th>Parametro<\/th>\n<th>Al 6061<\/th>\n<th>Al 7075<\/th>\n<\/tr>\n<\/thead>\n<tbody>\n<tr>\n<td>Tipo lega<\/td>\n<td>Trattato a caldo<\/td>\n<td>Trattato a caldo<\/td>\n<\/tr>\n<tr>\n<td>Contenuto di Mg<\/td>\n<td>0.8-1.2%<\/td>\n<td>2.1-2.9%<\/td>\n<\/tr>\n<tr>\n<td>Forza<\/td>\n<td>Intermedio<\/td>\n<td>Elevatissimo<\/td>\n<\/tr>\n<tr>\n<td>Lavorabilit\u00e0<\/td>\n<td>Eccellente<\/td>\n<td>Scarso<\/td>\n<\/tr>\n<tr>\n<td>Saldabilit\u00e0<\/td>\n<td>Eccellente<\/td>\n<td>Scarso<\/td>\n<\/tr>\n<tr>\n<td>Resistenza alla corrosione<\/td>\n<td>Eccellente<\/td>\n<td>Bene<\/td>\n<\/tr>\n<tr>\n<td>Costi<\/td>\n<td>Inferiore<\/td>\n<td>Pi\u00f9 alto<\/td>\n<\/tr>\n<\/tbody>\n<\/table>\n<p>&nbsp;<\/p>\n<p class=\"whitespace-pre-wrap\">Al 6061 offre migliore resistenza alla corrosione e lavorabilit\u00e0 mentre Al 7075 fornisce molta maggiore resistenza dopo il trattamento termico.<\/p>\n<h2>Frequent Asked Questions sul prodotto Al 6061 in polvere<\/h2>\n<p class=\"whitespace-pre-wrap\"><strong>Q: Come viene prodotta la polvere Al 6061?<\/strong><\/p>\n<p class=\"whitespace-pre-wrap\">R: La polvere di Al 6061 viene prodotta commercialmente utilizzando tecniche di atomizzazione a gas, atomizzazione ad acqua, lega meccanica ed elettrolisi. L'atomizzazione a gas offre un controllo ottimale delle caratteristiche della polvere.<\/p>\n<p class=\"whitespace-pre-wrap\"><strong>D: Quali sono le principali applicazioni della polvere Al 6061?<\/strong><\/p>\n<p class=\"whitespace-pre-wrap\">A: Le principali applicazioni per la polvere Al 6061 includono fabbricazione additiva, spruzzatura termica, parti di metallurgia delle polveri, stampaggio a iniezione di metallo, pigmenti e filo di apporto per saldatura che richiedano resistenza media ed eccellente resistenza alla corrosione.<\/p>\n<p class=\"whitespace-pre-wrap\"><strong>D: Qual \u00e8 la dimensione consigliata delle polveri di Al 6061 per il binder jetting?<\/strong><\/p>\n<p class=\"whitespace-pre-wrap\">R: Per il processo di Binder jetting, la gamma di dimensioni di polvere Al 6061 tipica \u00e8 di 20-45 micron con morfologia sferica per consentire una buona densit\u00e0 del letto di polvere e infiltrazione del legante.<\/p>\n<p class=\"whitespace-pre-wrap\"><strong>D: La polvere di Al 6061 richiede particolari precauzioni di movimentazione?<\/strong><\/p>\n<p class=\"whitespace-pre-wrap\">A: S\u00ec, \u00e8 consigliabile trattare con cautela le polveri in lega di alluminio sotto atmosfera inerte con una messa a terra, una ventilazione e un DPI appropriati per prevenire pericoli di incendio o esplosione.<\/p>\n<p class=\"whitespace-pre-wrap\"><strong>D: Dove posso acquistare polvere Al 6061 adatta ad applicazioni aerospaziali?<\/strong><\/p>\n<p class=\"whitespace-pre-wrap\">A: Si pu\u00f2 acquistare una polvere atomizzata a gas ad alta purezza in Al 6061 che soddisfa gli standard aerospaziali dai principali produttori come Valimet, Makin Metal Powders e AMETEK.<\/p>\n<p><\/span><\/span><\/p>","protected":false},"excerpt":{"rendered":"<p>Panoramica della polvere di Al 6061 L'Al 6061 \u00e8 una delle leghe di alluminio pi\u00f9 versatili da trattare termicamente. L'aggiunta di magnesio e silicio ne consente il rafforzamento attraverso l'indurimento per precipitazione. Questa lega \u00e8 diventata immensamente popolare grazie alla sua eccellente resistenza alla corrosione, alla lavorabilit\u00e0, alla saldabilit\u00e0 e alla resistenza medio-alta. Le caratteristiche principali della polvere Al 6061 includono:...<\/p>","protected":false},"featured_media":1804,"parent":0,"template":"","meta":{"_acf_changed":false,"_kad_blocks_custom_css":"","_kad_blocks_head_custom_js":"","_kad_blocks_body_custom_js":"","_kad_blocks_footer_custom_js":"","_kad_post_transparent":"","_kad_post_title":"","_kad_post_layout":"","_kad_post_sidebar_id":"","_kad_post_content_style":"","_kad_post_vertical_padding":"","_kad_post_feature":"","_kad_post_feature_position":"","_kad_post_header":false,"_kad_post_footer":false,"_kad_post_classname":""},"product-category":[119,124],"class_list":["post-3901","product","type-product","status-publish","has-post-thumbnail","hentry","product-category-3d-printing-metal-powder","product-category-aluminum-based-alloy-powder"],"acf":[],"taxonomy_info":{"product-category":[{"value":119,"label":"3D Printing Metal Powder"},{"value":124,"label":"Aluminum Based Alloy Powder"}]},"featured_image_src_large":["https:\/\/3dpmetal.com\/wp-content\/uploads\/2024\/02\/Al-6061-powder.png",422,316,false],"author_info":[],"comment_info":"","_links":{"self":[{"href":"https:\/\/3dpmetal.com\/it\/wp-json\/wp\/v2\/product\/3901","targetHints":{"allow":["GET"]}}],"collection":[{"href":"https:\/\/3dpmetal.com\/it\/wp-json\/wp\/v2\/product"}],"about":[{"href":"https:\/\/3dpmetal.com\/it\/wp-json\/wp\/v2\/types\/product"}],"wp:featuredmedia":[{"embeddable":true,"href":"https:\/\/3dpmetal.com\/it\/wp-json\/wp\/v2\/media\/1804"}],"wp:attachment":[{"href":"https:\/\/3dpmetal.com\/it\/wp-json\/wp\/v2\/media?parent=3901"}],"wp:term":[{"taxonomy":"product-category","embeddable":true,"href":"https:\/\/3dpmetal.com\/it\/wp-json\/wp\/v2\/product-category?post=3901"}],"curies":[{"name":"wp","href":"https:\/\/api.w.org\/{rel}","templated":true}]}}