{"id":3904,"date":"2024-03-18T06:10:12","date_gmt":"2024-03-18T06:10:12","guid":{"rendered":"https:\/\/3dp.45612300.xyz\/product\/al-3103-powder\/"},"modified":"2024-03-18T06:10:12","modified_gmt":"2024-03-18T06:10:12","slug":"al-3103-powder","status":"publish","type":"product","link":"https:\/\/3dpmetal.com\/it\/product\/al-3103-powder\/","title":{"rendered":"Polvere Al 3103"},"content":{"rendered":"<p><span style=\"vertical-align: inherit;\"><span style=\"vertical-align: inherit;\"><\/p>\n<h2>Descrizione generale della polvere Al 3103<\/h2>\n<p class=\"whitespace-pre-wrap\">La 3103 \u00e8 una lega di alluminio lavorata non trattabile termicamente nota per l'eccellente resistenza alla corrosione, la buona formabilit\u00e0 e saldabilit\u00e0. Le aggiunte di manganese migliorano la resistenza mediante rinforzo della soluzione solida mantenendo un'eccellente duttilit\u00e0.<\/p>\n<p class=\"whitespace-pre-wrap\">Le caratteristiche chiave di Al 3103 in polvere includono:<\/p>\n<ul class=\"list-disc pl-8 space-y-2\">\n<li class=\"whitespace-normal\">Resistenza moderata con elevata duttilit\u00e0 e tenacit\u00e0<\/li>\n<li class=\"whitespace-normal\">Eccellente saldabilit\u00e0 e deformabilit\u00e0<\/li>\n<li class=\"whitespace-normal\">Ottima resistenza alla corrosione<\/li>\n<li class=\"whitespace-normal\">Alta conducibilit\u00e0 termica ed elettrica<\/li>\n<li class=\"whitespace-normal\">Bassa densit\u00e0<\/li>\n<li class=\"whitespace-normal\">Disponibile in varie granulometrie<\/li>\n<\/ul>\n<p class=\"whitespace-pre-wrap\">La polvere Al 3103 \u00e8 idonea per applicazioni come serbatoi chimici, attrezzature per la lavorazione degli alimenti, scambiatori termici, autocisterne, utensili ecc. che richiedono una resistenza moderata combinata con un'eccellente resistenza alla corrosione.<\/p>\n<h2>Composizione chimica di Al 3103 in polvere<\/h2>\n<p class=\"whitespace-pre-wrap\">La tipica composizione chimica della polvere Al 3103 \u00e8:<\/p>\n<table>\n<thead>\n<tr>\n<th>Elemento<\/th>\n<th>% Peso<\/th>\n<\/tr>\n<\/thead>\n<tbody>\n<tr>\n<td>Alluminio (Al)<\/td>\n<td>Equilibrio<\/td>\n<\/tr>\n<tr>\n<td>Manganese (Mn)<\/td>\n<td>1.0-1.5%<\/td>\n<\/tr>\n<tr>\n<td>Silicio (Si)<\/td>\n<td>max 0,6%<\/td>\n<\/tr>\n<tr>\n<td>Ferro (Fe)<\/td>\n<td>0,7% max<\/td>\n<\/tr>\n<tr>\n<td>Rame (Cu)<\/td>\n<td>0,10% max<\/td>\n<\/tr>\n<tr>\n<td>Magnesio (Mg)<\/td>\n<td>0,10% max<\/td>\n<\/tr>\n<tr>\n<td>Zinco (Zn)<\/td>\n<td>0,10% max<\/td>\n<\/tr>\n<tr>\n<td>Cromo (Cr)<\/td>\n<td>0.05-0.20%<\/td>\n<\/tr>\n<\/tbody>\n<\/table>\n<p>&nbsp;<\/p>\n<p class=\"whitespace-pre-wrap\">Il manganese \u00e8 il principale elemento di lega nell'alluminio 3103. Ferro, silicio, rame e zinco sono presenti come elementi di impurit\u00e0 con limiti specifici.<\/p>\n<h2>Propriet\u00e0 della polvere Al 3103<\/h2>\n<p class=\"whitespace-pre-wrap\">Le principali caratteristiche della polvere Al 3103 sono le seguenti:<\/p>\n<table>\n<thead>\n<tr>\n<th>Propriet\u00e0<\/th>\n<th>Valore<\/th>\n<\/tr>\n<\/thead>\n<tbody>\n<tr>\n<td>Densit\u00e0<\/td>\n<td>2,73 g\/cm3<\/td>\n<\/tr>\n<tr>\n<td>Punto di fusione<\/td>\n<td>630-654\u00a1\u00abC<\/td>\n<\/tr>\n<tr>\n<td>Conduttivit\u00e0 termica<\/td>\n<td>130 W\/mK<\/td>\n<\/tr>\n<tr>\n<td>Conduttivit\u00e0 Elettrica<\/td>\n<td>IACS 41-43%<\/td>\n<\/tr>\n<tr>\n<td>Modulo di Young<\/td>\n<td>70 GPa<\/td>\n<\/tr>\n<tr>\n<td>Rapporto di Poisson<\/td>\n<td>0.33<\/td>\n<\/tr>\n<tr>\n<td>Resistenza alla trazione<\/td>\n<td>110-180 MPa<\/td>\n<\/tr>\n<tr>\n<td>Limite di snervamento<\/td>\n<td>55-110 MPa<\/td>\n<\/tr>\n<tr>\n<td>Allungamento<\/td>\n<td>18-30%<\/td>\n<\/tr>\n<tr>\n<td>Durezza<\/td>\n<td>25-55 Brinell<\/td>\n<\/tr>\n<\/tbody>\n<\/table>\n<p>&nbsp;<\/p>\n<p class=\"whitespace-pre-wrap\">La lega offre una forza moderata con un'eccellente duttilit\u00e0, tenacit\u00e0 e formabilit\u00e0. Ha un'ottima resistenza ad ambienti atmosferici e marini.<\/p>\n<p><img loading=\"lazy\" decoding=\"async\" class=\"alignnone size-medium wp-image-1409\" src=\"https:\/\/met3dp.com\/wp-content\/uploads\/2023\/09\/ed7a94ec-3c10-4b1b-87ed--300x300.jpg\" alt=\"Polvere Al 3103\" width=\"300\" height=\"300\" title=\"\"><\/p>\n<h2>Metodo di produzione per Al 3103 in polvere<\/h2>\n<p class=\"whitespace-pre-wrap\">I metodi di produzione comuni per la polvere di Al 3103 includono:<\/p>\n<ul class=\"list-disc pl-8 space-y-2\">\n<li class=\"whitespace-normal\"><strong>Atomizzazione a gas<\/strong>?- Il getto di lega fusa viene disintegrato da getti di gas inerti in una fine polvere sferica con distribuzione granulometrica controllata.<\/li>\n<li class=\"whitespace-normal\"><strong>Atomizzazione dell'acqua<\/strong>?- Getto d'acqua ad alta velocit\u00e0 utilizzato per produrre particelle fini irregolari in Al 3103. Pi\u00f9 economico ma con maggiore contenuto di ossigeno.<\/li>\n<li class=\"whitespace-normal\"><strong>Legame meccanico<\/strong>?- Pallinatura dei polveri di alluminio e manganese seguita da compattazione a freddo e sinterizzazione.<\/li>\n<\/ul>\n<p class=\"whitespace-pre-wrap\">L'atomizzazione a gas garantisce il miglior controllo delle caratteristiche della polvere come dimensioni delle particelle, forma e microstruttura.<\/p>\n<h2>Applicazioni di Al 3103 in polvere<\/h2>\n<p class=\"whitespace-pre-wrap\">Le tipiche applicazioni della polvere Al 3103 comprendono:<\/p>\n<ul class=\"list-disc pl-8 space-y-2\">\n<li class=\"whitespace-normal\"><strong>manifattura additiva<\/strong>- Adatto a processi di getto di legante e fusione laser selettiva per produrre parti complesse in alluminio.<\/li>\n<li class=\"whitespace-normal\"><strong>Metallurgia delle polveri<\/strong>?- Processo di stampaggio e sinterizzazione per creare parti con buone propriet\u00e0 meccaniche e lavorabilit\u00e0.<\/li>\n<li class=\"whitespace-normal\"><strong>Stampaggio a iniezione di metallo<\/strong>?- Per la fabbricazione di piccoli componenti intricati che richiedono una resistenza moderata e resistenza alla corrosione.<\/li>\n<li class=\"whitespace-normal\"><strong>Termo-spruzzatura<\/strong>* - Proiezione ad arco di fili metallici per realizzare rivestimenti protettivi a media resistenza all\u2019usura e alla corrosione.<\/li>\n<li class=\"whitespace-normal\"><strong>Materiale di apporto per la saldatura<\/strong>?- Utilizzato come filo d'apporto che fornisce una resistenza alla saldatura simile a quella del metallo base.<\/li>\n<li class=\"whitespace-normal\"><strong>Pigmenti<\/strong>?- Aggiunto a vernici e rivestimenti per fornire lucentezza e protezione anticorrosione.<\/li>\n<\/ul>\n<h2>Specifiche della polvere Al 3103<\/h2>\n<p class=\"whitespace-pre-wrap\">La polvere Al 3103 \u00e8 disponibile in diversi intervalli di dimensioni, forme, livelli di purezza e gradi:<\/p>\n<ul class=\"list-disc pl-8 space-y-2\">\n<li class=\"whitespace-normal\"><strong>Dimensione particellare:<\/strong>?Dai 10-150 micron per i metodi AM, a 300 micron per i processi di spruzzatura termica.<\/li>\n<li class=\"whitespace-normal\"><strong>Morfologia:<\/strong>?Particelle sferiche, granulari, dendritiche e irregolari. Una polvere liscia scorre meglio.<\/li>\n<li class=\"whitespace-normal\"><strong>Purezza:<\/strong>?Da gradi commerciali a gradi ad alta purezza (99,8%) personalizzati in funzione dell'applicazione.<\/li>\n<li class=\"whitespace-normal\"><strong>Gradi:<\/strong>Conforme alle specifiche ASTM B209, EN 573, ISO. Offriamo gradi personalizzati.<\/li>\n<li class=\"whitespace-normal\"><strong>Capacit\u00e0 di scorrimento<\/strong>?\u00c8 possibile personalizzare eccellenti velocit\u00e0 di flusso della polvere superiori a 25 s\/50 g.<\/li>\n<\/ul>\n<h2>Fornitori globali di polvere di Al 3103<\/h2>\n<p class=\"whitespace-pre-wrap\">Alcuni dei maggiori fornitori globali sono:<\/p>\n<ul class=\"list-disc pl-8 space-y-2\">\n<li class=\"whitespace-normal\">Valimet Inc. (USA)<\/li>\n<li class=\"whitespace-normal\">Makin Metal Powders (UK)<\/li>\n<li class=\"whitespace-normal\">Micron Metals (Stati Uniti)<\/li>\n<li class=\"whitespace-normal\">Shanghai Chaowei Nanotechnology (Cina)<\/li>\n<li class=\"whitespace-normal\">Shandong Yamei Nanotecnologia (Cina)<\/li>\n<li class=\"whitespace-normal\">China National Petroleum Corporation Powder Group (CNPC)<\/li>\n<li class=\"whitespace-normal\">Polvere di titanio (Russia)<\/li>\n<\/ul>\n<p class=\"whitespace-pre-wrap\">Queste societ\u00e0 producono polveri di Al 3103 adatte per AM, MIM, rivestimento termico, automotive, navali e altre applicazioni utilizzando vari metodi.<\/p>\n<h2>Al 3103 Prezzi polveri<\/h2>\n<p class=\"whitespace-pre-wrap\">La definizione di prezzo per la polvere di Al 3103 dipende da diversi fattori:<\/p>\n<ul class=\"list-disc pl-8 space-y-2\">\n<li class=\"whitespace-normal\">Livelli di purezza<\/li>\n<li class=\"whitespace-normal\">Caratteristiche delle polveri<\/li>\n<li class=\"whitespace-normal\">Metodo di produzione<\/li>\n<li class=\"whitespace-normal\">Volume di ordinazione<\/li>\n<li class=\"whitespace-normal\">Fornitore e sede<\/li>\n<\/ul>\n<table>\n<thead>\n<tr>\n<th>Grado<\/th>\n<th>Fascia di prezzo<\/th>\n<\/tr>\n<\/thead>\n<tbody>\n<tr>\n<td>Commerciale<\/td>\n<td>$ 5 - 15 per kg<\/td>\n<\/tr>\n<tr>\n<td>Elevata purezza<\/td>\n<td>$15-25 al kg<\/td>\n<\/tr>\n<tr>\n<td>Ultrafine<\/td>\n<td>25-45 \u20ac per kg<\/td>\n<\/tr>\n<tr>\n<td>Grado speciale<\/td>\n<td>Da $45 a $90 per kg<\/td>\n<\/tr>\n<\/tbody>\n<\/table>\n<p>&nbsp;<\/p>\n<p class=\"whitespace-pre-wrap\">Polveri di elevata purezza, sferiche e con dimensioni delle particelle controllate hanno un prezzo pi\u00f9 alto rispetto ai normali gradi commerciali di polvere di Al 3103.<\/p>\n<h2>Conservazione e movimentazione della polvere di Al 3103<\/h2>\n<p class=\"whitespace-pre-wrap\">La polvere al 3103 dovrebbe essere gestita e conservata correttamente per prevenire:<\/p>\n<ul class=\"list-disc pl-8 space-y-2\">\n<li class=\"whitespace-normal\">Ossidazione e reazione con l'umidit\u00e0<\/li>\n<li class=\"whitespace-normal\">Pericoli di esplosione di polvere da polvere fine<\/li>\n<li class=\"whitespace-normal\">Problemi sanitari legati all'inalazione<\/li>\n<li class=\"whitespace-normal\">Le pratiche di sicurezza dalla scheda dati di sicurezza del fornitore devono essere seguite<\/li>\n<\/ul>\n<p class=\"whitespace-pre-wrap\">Si raccomanda l'inertizzazione con gas nobile, una messa a terra corretta, la ventilazione e il PPE quando si manipola la polvere.<\/p>\n<h2>Metodi di Test e Caratterizzazione<\/h2>\n<p class=\"whitespace-pre-wrap\">I principali metodi di testing usati per la polvere Al 3103 includono:<\/p>\n<ul class=\"list-disc pl-8 space-y-2\">\n<li class=\"whitespace-normal\">Analisi chimica utilizzando OES o XRF per la composizione<\/li>\n<li class=\"whitespace-normal\">Distribuzione delle dimensioni delle particelle secondo lo standard ASTM B822<\/li>\n<li class=\"whitespace-normal\">Analisi morfologica tramite SEM<\/li>\n<li class=\"whitespace-normal\">Portata di polvere misurata tramite imbuto di flusso Hall<\/li>\n<li class=\"whitespace-normal\">Determinazione della densit\u00e0 mediante picnometria ad elio<\/li>\n<li class=\"whitespace-normal\">Verifica contaminazioni da ICP-MS<\/li>\n<li class=\"whitespace-normal\">Esame microstrutturale tramite diffrattometria a raggi X<\/li>\n<\/ul>\n<p class=\"whitespace-pre-wrap\">Questi test garantiscono la coerenza del batch e la conformit\u00e0 alle specifiche.<\/p>\n<h2>Confronto tra polveri di Al 3103 e Al 3003<\/h2>\n<p class=\"whitespace-pre-wrap\">Al 3103 e Al 3003 sono due polveri di lega di alluminio confrontate:<\/p>\n<table>\n<thead>\n<tr>\n<th>Parametro<\/th>\n<th>AL 3103<\/th>\n<th>Al 3003<\/th>\n<\/tr>\n<\/thead>\n<tbody>\n<tr>\n<td>Tipo lega<\/td>\n<td>Non trattati a caldo<\/td>\n<td>Non trattati a caldo<\/td>\n<\/tr>\n<tr>\n<td>Contenuto Mn<\/td>\n<td>1.0-1.5%<\/td>\n<td>1.0-1.5%<\/td>\n<\/tr>\n<tr>\n<td>Forza<\/td>\n<td>Un po' pi\u00f9 basso<\/td>\n<td>Leggermente pi\u00f9 in alto<\/td>\n<\/tr>\n<tr>\n<td>Resistenza alla corrosione<\/td>\n<td>Eccellente<\/td>\n<td>Eccellente<\/td>\n<\/tr>\n<tr>\n<td>Saldabilit\u00e0<\/td>\n<td>Eccellente<\/td>\n<td>Eccellente<\/td>\n<\/tr>\n<tr>\n<td>Costi<\/td>\n<td>Inferiore<\/td>\n<td>Pi\u00f9 alto<\/td>\n<\/tr>\n<\/tbody>\n<\/table>\n<p>&nbsp;<\/p>\n<p class=\"whitespace-pre-wrap\">Al 3103 offre una migliore formabilit\u00e0 mentre Al 3003 fornisce una resistenza marginalmente superiore. Entrambi presentano un'eccellente resistenza alla corrosione.<\/p>\n<h2>Alcune domande frequenti sull'Al 3103 in polvere<\/h2>\n<p class=\"whitespace-pre-wrap\"><strong>Come viene prodotta la polvere Al 3103?<\/strong><\/p>\n<p class=\"whitespace-pre-wrap\">A: La polvere Al 3103 viene prodotta commercialmente mediante atomizzazione a gas, atomizzazione ad acqua e lega meccanica seguita dalla sinterizzazione. L'atomizzazione a gas fornisce il migliore controllo sulle caratteristiche delle particelle.<\/p>\n<p class=\"whitespace-pre-wrap\"><strong>D: Quali sono le principali applicazioni della polvere Al 3103?<\/strong><\/p>\n<p class=\"whitespace-pre-wrap\">A: Le principali applicazioni della polvere Al 3103 includono la manifattura additiva, lo stampaggio a iniezione di metalli, i rivestimenti a spruzzo termico, le parti in polvere metallica, i pigmenti e il filo di riempimento per saldatura.<\/p>\n<p class=\"whitespace-pre-wrap\"><strong>D: Quali sono le dimensioni tipiche della polvere Al 3103 utilizzata per la fusione laser selettiva?<\/strong><\/p>\n<p class=\"whitespace-pre-wrap\">R: Per il processo SLM, la dimensione ideale della polvere di Al 3103 \u00e8 compresa tra 20 e 45 micron con morfologia sferica per consentire una buona densit\u00e0 di polvere e la formazione del pool fuso.<\/p>\n<p class=\"whitespace-pre-wrap\"><strong>D: La polvere di Al 3103 richiede particolari precauzioni di gestione?<\/strong><\/p>\n<p class=\"whitespace-pre-wrap\">R: S\u00ec, si consiglia di trattare le polveri di alluminio con cautela sotto atmosfera inerte utilizzando una corretta messa a terra, ventilazione e DPI per evitare rischi di incendio o esplosione.<\/p>\n<p class=\"whitespace-pre-wrap\"><strong>D: Dove posso acquistare polvere Al 3103 adatta per applicazioni marine?<\/strong><\/p>\n<p class=\"whitespace-pre-wrap\">A: Polvere 3103 con elevata resistenza alla corrosione realizzata su misura per ambienti marini pu\u00f2 essere acquistata da noti produttori come Valimet, Makin Metal Powders e Micron Metals.<\/p>\n<p><\/span><\/span><\/p>","protected":false},"excerpt":{"rendered":"<p>Overview of Al 3103 Powder Al 3103 is a non-heat treatable wrought aluminum alloy known for its excellent corrosion resistance, good formability and weldability. Manganese additions improve strength through solid solution strengthening while maintaining excellent ductility. Key characteristics of Al 3103 powder include: Moderate strength with high ductility and toughness Excellent weldability and formability Very&#8230;<\/p>","protected":false},"featured_media":1810,"parent":0,"template":"","meta":{"_acf_changed":false,"_kad_blocks_custom_css":"","_kad_blocks_head_custom_js":"","_kad_blocks_body_custom_js":"","_kad_blocks_footer_custom_js":"","_kad_post_transparent":"","_kad_post_title":"","_kad_post_layout":"","_kad_post_sidebar_id":"","_kad_post_content_style":"","_kad_post_vertical_padding":"","_kad_post_feature":"","_kad_post_feature_position":"","_kad_post_header":false,"_kad_post_footer":false,"_kad_post_classname":""},"product-category":[119,124],"class_list":["post-3904","product","type-product","status-publish","has-post-thumbnail","hentry","product-category-3d-printing-metal-powder","product-category-aluminum-based-alloy-powder"],"acf":[],"taxonomy_info":{"product-category":[{"value":119,"label":"3D Printing Metal Powder"},{"value":124,"label":"Aluminum Based Alloy Powder"}]},"featured_image_src_large":["https:\/\/3dpmetal.com\/wp-content\/uploads\/2024\/02\/Ti22Al25Nb.jpg",406,304,false],"author_info":[],"comment_info":"","_links":{"self":[{"href":"https:\/\/3dpmetal.com\/it\/wp-json\/wp\/v2\/product\/3904","targetHints":{"allow":["GET"]}}],"collection":[{"href":"https:\/\/3dpmetal.com\/it\/wp-json\/wp\/v2\/product"}],"about":[{"href":"https:\/\/3dpmetal.com\/it\/wp-json\/wp\/v2\/types\/product"}],"wp:featuredmedia":[{"embeddable":true,"href":"https:\/\/3dpmetal.com\/it\/wp-json\/wp\/v2\/media\/1810"}],"wp:attachment":[{"href":"https:\/\/3dpmetal.com\/it\/wp-json\/wp\/v2\/media?parent=3904"}],"wp:term":[{"taxonomy":"product-category","embeddable":true,"href":"https:\/\/3dpmetal.com\/it\/wp-json\/wp\/v2\/product-category?post=3904"}],"curies":[{"name":"wp","href":"https:\/\/api.w.org\/{rel}","templated":true}]}}