{"id":3906,"date":"2024-03-18T06:10:12","date_gmt":"2024-03-18T06:10:12","guid":{"rendered":"https:\/\/3dp.45612300.xyz\/product\/al-3004-powder\/"},"modified":"2024-03-18T06:10:12","modified_gmt":"2024-03-18T06:10:12","slug":"al-3004-powder","status":"publish","type":"product","link":"https:\/\/3dpmetal.com\/it\/product\/al-3004-powder\/","title":{"rendered":"Polvere di Al 3004"},"content":{"rendered":"<p><span style=\"vertical-align: inherit;\"><span style=\"vertical-align: inherit;\"><\/p>\n<h2>Panoramica della polvere di Al 3004<\/h2>\n<p class=\"whitespace-pre-wrap\">L'Al 3004 \u00e8 una lega di alluminio forgiata nota per la sua moderata resistenza, l'eccellente resistenza alla corrosione, la buona formabilit\u00e0 e saldabilit\u00e0. Il manganese aumenta la resistenza attraverso il rafforzamento in soluzione solida, mentre il magnesio migliora la resistenza attraverso l'indurimento per precipitazione.<\/p>\n<p class=\"whitespace-pre-wrap\">Le caratteristiche principali della polvere di Al 3004 includono:<\/p>\n<ul class=\"list-disc pl-8 space-y-2\">\n<li class=\"whitespace-normal\">Moderata resistenza alla trazione con eccellente duttilit\u00e0<\/li>\n<li class=\"whitespace-normal\">Ottima formabilit\u00e0 e saldabilit\u00e0<\/li>\n<li class=\"whitespace-normal\">Eccellente resistenza alla corrosione<\/li>\n<li class=\"whitespace-normal\">Alta conducibilit\u00e0 termica ed elettrica<\/li>\n<li class=\"whitespace-normal\">Bassa densit\u00e0<\/li>\n<li class=\"whitespace-normal\">Disponibile in varie granulometrie<\/li>\n<\/ul>\n<p class=\"whitespace-pre-wrap\">La polvere di Al 3004 \u00e8 adatta per applicazioni che richiedono una moderata resistenza combinata con una buona saldabilit\u00e0, lavorabilit\u00e0 e resistenza alla corrosione.<\/p>\n<h2>Composizione chimica della polvere di Al 3004<\/h2>\n<p class=\"whitespace-pre-wrap\">La composizione tipica della polvere di Al 3004 \u00e8:<\/p>\n<table>\n<thead>\n<tr>\n<th>Elemento<\/th>\n<th>% Peso<\/th>\n<\/tr>\n<\/thead>\n<tbody>\n<tr>\n<td>Alluminio (Al)<\/td>\n<td>Equilibrio<\/td>\n<\/tr>\n<tr>\n<td>Manganese (Mn)<\/td>\n<td>1.0-1.5%<\/td>\n<\/tr>\n<tr>\n<td>Magnesio (Mg)<\/td>\n<td>0.2-0.8%<\/td>\n<\/tr>\n<tr>\n<td>Silicio (Si)<\/td>\n<td>0-0.6%<\/td>\n<\/tr>\n<tr>\n<td>Ferro (Fe)<\/td>\n<td>0-0.7%<\/td>\n<\/tr>\n<tr>\n<td>Rame (Cu)<\/td>\n<td>0-0.25%<\/td>\n<\/tr>\n<tr>\n<td>Cromo (Cr)<\/td>\n<td>0-0.10%<\/td>\n<\/tr>\n<tr>\n<td>Zinco (Zn)<\/td>\n<td>0-0.10%<\/td>\n<\/tr>\n<\/tbody>\n<\/table>\n<p><img loading=\"lazy\" decoding=\"async\" class=\"size-medium wp-image-1409 aligncenter\" src=\"https:\/\/met3dp.com\/wp-content\/uploads\/2023\/09\/ed7a94ec-3c10-4b1b-87ed--300x300.jpg\" alt=\"Polvere di Al 3004\" width=\"300\" height=\"300\" title=\"\"><\/p>\n<p class=\"whitespace-pre-wrap\">Il manganese e il magnesio sono elementi di lega aggiunti intenzionalmente, mentre silicio, ferro, rame e zinco sono presenti come impurit\u00e0.<\/p>\n<h2>Propriet\u00e0 della polvere di Al 3004<\/h2>\n<p class=\"whitespace-pre-wrap\">Le propriet\u00e0 principali della polvere di Al 3004 includono:<\/p>\n<table>\n<thead>\n<tr>\n<th>Propriet\u00e0<\/th>\n<th>Valore<\/th>\n<\/tr>\n<\/thead>\n<tbody>\n<tr>\n<td>Densit\u00e0<\/td>\n<td>2,73 g\/cm3<\/td>\n<\/tr>\n<tr>\n<td>Punto di fusione<\/td>\n<td>630-655\u00a1\"C<\/td>\n<\/tr>\n<tr>\n<td>Conduttivit\u00e0 termica<\/td>\n<td>180 W\/mK<\/td>\n<\/tr>\n<tr>\n<td>Conduttivit\u00e0 Elettrica<\/td>\n<td>41-43 %IACS<\/td>\n<\/tr>\n<tr>\n<td>Modulo di Young<\/td>\n<td>68-72 GPa<\/td>\n<\/tr>\n<tr>\n<td>Rapporto di Poisson<\/td>\n<td>0.33<\/td>\n<\/tr>\n<tr>\n<td>Resistenza alla trazione<\/td>\n<td>190-240 MPa<\/td>\n<\/tr>\n<tr>\n<td>Limite di snervamento<\/td>\n<td>110-170 MPa<\/td>\n<\/tr>\n<tr>\n<td>Allungamento<\/td>\n<td>10-20%<\/td>\n<\/tr>\n<tr>\n<td>Durezza<\/td>\n<td>50-65 Brinell<\/td>\n<\/tr>\n<\/tbody>\n<\/table>\n<p>&nbsp;<\/p>\n<p class=\"whitespace-pre-wrap\">La lega offre una resistenza moderata con eccellente duttilit\u00e0 e formabilit\u00e0. Ha una buona resistenza alla corrosione atmosferica. La conducibilit\u00e0 termica ed elettrica \u00e8 elevata.<\/p>\n<h2>Metodo di produzione della polvere di Al 3004<\/h2>\n<p class=\"whitespace-pre-wrap\">I metodi di produzione comuni per la polvere di Al 3004 includono:<\/p>\n<ul class=\"list-disc pl-8 space-y-2\">\n<li class=\"whitespace-normal\"><strong>Atomizzazione a gas<\/strong>Flusso di lega fusa disintegrato da getti di gas inerte in polvere fine e sferica con distribuzione controllata delle particelle.<\/li>\n<li class=\"whitespace-normal\"><strong>Atomizzazione dell'acqua<\/strong>Getto d'acqua ad alta velocit\u00e0 utilizzato per produrre fini particelle irregolari di Al 3004. Costo inferiore ma contenuto di ossigeno pi\u00f9 elevato.<\/li>\n<li class=\"whitespace-normal\"><strong>Legame meccanico<\/strong>Macinazione a sfere di una miscela di polveri di alluminio e leganti, seguita da compattazione a freddo e sinterizzazione.<\/li>\n<\/ul>\n<p class=\"whitespace-pre-wrap\">L'atomizzazione a gas offre un controllo superiore sulle caratteristiche della polvere, fondamentali per le applicazioni avanzate.<\/p>\n<h2>Applicazioni della polvere di Al 3004<\/h2>\n<p class=\"whitespace-pre-wrap\">Le applicazioni tipiche della polvere di Al 3004 includono:<\/p>\n<ul class=\"list-disc pl-8 space-y-2\">\n<li class=\"whitespace-normal\"><strong>manifattura additiva<\/strong>Utilizzato nei processi di binder jetting, fusione laser e fusione a fascio elettronico per produrre parti complesse in alluminio.<\/li>\n<li class=\"whitespace-normal\"><strong>Stampaggio a iniezione di metallo<\/strong>Per la produzione di piccoli componenti complessi che necessitano di una buona resistenza alla corrosione.<\/li>\n<li class=\"whitespace-normal\"><strong>Metallurgia delle polveri<\/strong>Processo di pressatura e sinterizzazione per la produzione di parti di automobili e macchinari ad alte prestazioni.<\/li>\n<li class=\"whitespace-normal\"><strong>Termo-spruzzatura<\/strong>Deposito a spruzzo con arco a filo per produrre rivestimenti protettivi che offrono una moderata resistenza all'usura e alla corrosione.<\/li>\n<li class=\"whitespace-normal\"><strong>Materiale di apporto per la saldatura<\/strong>?- Utilizzato come filo d'apporto per fornire una resistenza alla saldatura simile a quella del metallo base.<\/li>\n<li class=\"whitespace-normal\"><strong>Pigmenti<\/strong>?- Aggiunto a vernici e rivestimenti per fornire lucentezza e protezione anticorrosione.<\/li>\n<\/ul>\n<h2>Specifiche della polvere di Al 3004<\/h2>\n<p class=\"whitespace-pre-wrap\">La polvere di Al 3004 \u00e8 disponibile in diverse gamme di dimensioni, forme, livelli di purezza e gradi:<\/p>\n<ul class=\"list-disc pl-8 space-y-2\">\n<li class=\"whitespace-normal\"><strong>Dimensione particellare:<\/strong>?Dai 10-150 micron per i metodi AM, a 300 micron per i processi di spruzzatura termica.<\/li>\n<li class=\"whitespace-normal\"><strong>Morfologia:<\/strong>Sono disponibili forme di polvere sferiche, granulari, irregolari e a fiocchi.<\/li>\n<li class=\"whitespace-normal\"><strong>Purezza:<\/strong>Da gradi commerciali fino a livelli di elevata purezza basati su limiti di impurit\u00e0.<\/li>\n<li class=\"whitespace-normal\"><strong>Gradi:<\/strong>Conforme alle specifiche ASTM B209, EN 573 e ISO 209. Sono disponibili gradi personalizzati.<\/li>\n<li class=\"whitespace-normal\"><strong>Capacit\u00e0 di scorrimento<\/strong>La polvere pu\u00f2 essere personalizzata per portate specifiche in base ai requisiti dell'applicazione.<\/li>\n<\/ul>\n<h2>Fornitori globali di polvere di Al 3004<\/h2>\n<p class=\"whitespace-pre-wrap\">Alcuni dei maggiori fornitori globali sono:<\/p>\n<ul class=\"list-disc pl-8 space-y-2\">\n<li class=\"whitespace-normal\">Valimet Inc. (USA)<\/li>\n<li class=\"whitespace-normal\">Makin Metal Powders (UK)<\/li>\n<li class=\"whitespace-normal\">Sistemi di atomizzazione Limited (Canada)<\/li>\n<li class=\"whitespace-normal\">SCM Metal Products (USA)<\/li>\n<li class=\"whitespace-normal\">Shanghai Chaowei Nanotechnology (Cina)<\/li>\n<li class=\"whitespace-normal\">Agni Metal (USA)<\/li>\n<li class=\"whitespace-normal\">Polvere di titanio (Russia)<\/li>\n<\/ul>\n<p class=\"whitespace-pre-wrap\">Queste aziende producono polvere di Al 3004 adatta per applicazioni AM, thermal spray, automotive, aerospaziali e di ingegneria generale.<\/p>\n<h2>Prezzi della polvere Al 3004<\/h2>\n<p class=\"whitespace-pre-wrap\">Il prezzo della polvere di Al 3004 dipende da fattori quali:<\/p>\n<ul class=\"list-disc pl-8 space-y-2\">\n<li class=\"whitespace-normal\">Livelli di purezza<\/li>\n<li class=\"whitespace-normal\">Distribuzione granulometrica<\/li>\n<li class=\"whitespace-normal\">Morfologia e forma della polvere<\/li>\n<li class=\"whitespace-normal\">Quantit\u00e0 ordine<\/li>\n<li class=\"whitespace-normal\">Fornitore e ubicazione geografica<\/li>\n<\/ul>\n<table>\n<thead>\n<tr>\n<th>Grado<\/th>\n<th>Fascia di prezzo<\/th>\n<\/tr>\n<\/thead>\n<tbody>\n<tr>\n<td>Commerciale<\/td>\n<td>$ 5 - 15 per kg<\/td>\n<\/tr>\n<tr>\n<td>Elevata purezza<\/td>\n<td>$15-25 al kg<\/td>\n<\/tr>\n<tr>\n<td>Ultrafine<\/td>\n<td>25-45 \u20ac per kg<\/td>\n<\/tr>\n<tr>\n<td>Grado speciale<\/td>\n<td>Da $45 a $90 per kg<\/td>\n<\/tr>\n<\/tbody>\n<\/table>\n<p>&nbsp;<\/p>\n<p class=\"whitespace-pre-wrap\">I gradi sferici, a granulometria controllata e ad alta purezza sono pi\u00f9 costosi della semplice polvere di Al 3004 commerciale.<\/p>\n<h2>Conservazione e manipolazione della polvere di Al 3004<\/h2>\n<p class=\"whitespace-pre-wrap\">La polvere di Al 3004 deve essere maneggiata e conservata in modo appropriato per evitare che:<\/p>\n<ul class=\"list-disc pl-8 space-y-2\">\n<li class=\"whitespace-normal\">Ossidazione e reazione con l'umidit\u00e0<\/li>\n<li class=\"whitespace-normal\">Pericoli di esplosione di polvere da polvere fine<\/li>\n<li class=\"whitespace-normal\">Problemi di salute correlati all'inalazione<\/li>\n<li class=\"whitespace-normal\">Le pratiche di sicurezza dalla scheda dati di sicurezza del fornitore devono essere seguite<\/li>\n<\/ul>\n<p class=\"whitespace-pre-wrap\">Si raccomanda l'inertizzazione con gas nobile, una messa a terra corretta, la ventilazione e il PPE quando si manipola la polvere.<\/p>\n<h2>Metodi di Test e Caratterizzazione<\/h2>\n<p class=\"whitespace-pre-wrap\">I principali metodi di prova utilizzati per la polvere di Al 3004 includono:<\/p>\n<ul class=\"list-disc pl-8 space-y-2\">\n<li class=\"whitespace-normal\">Analisi della composizione chimica mediante OES o XRF<\/li>\n<li class=\"whitespace-normal\">Distribuzione delle dimensioni delle particelle secondo lo standard ASTM B822<\/li>\n<li class=\"whitespace-normal\">Analisi morfologica tramite SEM<\/li>\n<li class=\"whitespace-normal\">Portata della polvere misurata dal flussimetro di Hall<\/li>\n<li class=\"whitespace-normal\">Densit\u00e0 determinata mediante picnometria all'elio<\/li>\n<li class=\"whitespace-normal\">Test del livello di impurit\u00e0 mediante ICP-MS<\/li>\n<li class=\"whitespace-normal\">Esame microstrutturale tramite diffrattometria a raggi X<\/li>\n<\/ul>\n<p class=\"whitespace-pre-wrap\">Questi test garantiscono la coerenza tra i lotti e la conformit\u00e0 della polvere ai requisiti applicativi.<\/p>\n<h2>Confronto tra le polveri di Al 3004 e Al 6061<\/h2>\n<p class=\"whitespace-pre-wrap\">Al 3004 e Al 6061 sono due polveri di lega di alluminio a confronto:<\/p>\n<table>\n<thead>\n<tr>\n<th>Parametro<\/th>\n<th>Al 3004<\/th>\n<th>Al 6061<\/th>\n<\/tr>\n<\/thead>\n<tbody>\n<tr>\n<td>Tipo lega<\/td>\n<td>Non trattati a caldo<\/td>\n<td>Trattato a caldo<\/td>\n<\/tr>\n<tr>\n<td>Contenuto di Mg<\/td>\n<td>0.2-0.8%<\/td>\n<td>0.8-1.2%<\/td>\n<\/tr>\n<tr>\n<td>Forza<\/td>\n<td>Moderato<\/td>\n<td>Pi\u00f9 alto<\/td>\n<\/tr>\n<tr>\n<td>Resistenza alla corrosione<\/td>\n<td>Eccellente<\/td>\n<td>Eccellente<\/td>\n<\/tr>\n<tr>\n<td>Saldabilit\u00e0<\/td>\n<td>Eccellente<\/td>\n<td>Bene<\/td>\n<\/tr>\n<tr>\n<td>Lavorabilit\u00e0<\/td>\n<td>Bene<\/td>\n<td>Eccellente<\/td>\n<\/tr>\n<tr>\n<td>Costi<\/td>\n<td>Inferiore<\/td>\n<td>Pi\u00f9 alto<\/td>\n<\/tr>\n<\/tbody>\n<\/table>\n<p>&nbsp;<\/p>\n<p class=\"whitespace-pre-wrap\">L'Al 3004 offre una migliore saldabilit\u00e0, mentre l'Al 6061 ha una maggiore resistenza. Entrambi offrono un'eccellente resistenza alla corrosione.<\/p>\n<h2>FAQ sulla polvere di Al 3004<\/h2>\n<p class=\"whitespace-pre-wrap\"><strong>D: Come viene prodotta la polvere di Al 3004?<\/strong><\/p>\n<p class=\"whitespace-pre-wrap\">R: La polvere di Al 3004 viene prodotta commercialmente mediante atomizzazione a gas, atomizzazione ad acqua e legatura meccanica seguita da sinterizzazione. L'atomizzazione a gas offre il miglior controllo delle caratteristiche delle particelle.<\/p>\n<p class=\"whitespace-pre-wrap\"><strong>D: Quali sono le principali applicazioni della polvere di Al 3004?<\/strong><\/p>\n<p class=\"whitespace-pre-wrap\">R: Le principali applicazioni della polvere di Al 3004 includono la produzione additiva, i rivestimenti a spruzzo termico, la produzione di parti in metallurgia delle polveri, lo stampaggio a iniezione di metalli, i pigmenti e il filo di apporto per la saldatura.<\/p>\n<p class=\"whitespace-pre-wrap\"><strong>D: Qual \u00e8 la dimensione delle particelle consigliata per la polvere di Al 3004 per la stampa 3D a getto di legante?<\/strong><\/p>\n<p class=\"whitespace-pre-wrap\">R: Per il processo di getto del legante, la dimensione tipica della polvere di Al 3004 \u00e8 di 20-45 micron con una morfologia quasi sferica per garantire una buona densit\u00e0 del letto di polvere e l'infiltrazione del legante.<\/p>\n<p class=\"whitespace-pre-wrap\"><strong>D: La polvere di Al 3004 richiede particolari precauzioni di manipolazione?<\/strong><\/p>\n<p class=\"whitespace-pre-wrap\">R: S\u00ec, si consiglia di trattare le polveri di alluminio con cautela sotto atmosfera inerte utilizzando una corretta messa a terra, ventilazione e DPI per evitare rischi di incendio o esplosione.<\/p>\n<p class=\"whitespace-pre-wrap\"><strong>D: Dove posso acquistare la polvere di Al 3004 adatta al filo di saldatura aerospaziale?<\/strong><\/p>\n<p class=\"whitespace-pre-wrap\">R: La polvere di Al 3004 atomizzata a gas di elevata purezza e conforme agli standard aerospaziali pu\u00f2 essere acquistata da produttori leader come Valimet, Makin Metal Powders e ASL.<\/p>\n<p><\/span><\/span><\/p>","protected":false},"excerpt":{"rendered":"<p>Panoramica della polvere di Al 3004 L'Al 3004 \u00e8 una lega di alluminio forgiato nota per la sua moderata resistenza, l'eccellente resistenza alla corrosione, la buona formabilit\u00e0 e saldabilit\u00e0. Il manganese aumenta la resistenza attraverso il rafforzamento in soluzione solida, mentre il magnesio migliora la resistenza attraverso l'indurimento per precipitazione. Le caratteristiche principali della polvere di Al 3004 includono: Moderata resistenza alla trazione con eccellente duttilit\u00e0 Ottima formabilit\u00e0 e...<\/p>","protected":false},"featured_media":1814,"parent":0,"template":"","meta":{"_acf_changed":false,"_kad_blocks_custom_css":"","_kad_blocks_head_custom_js":"","_kad_blocks_body_custom_js":"","_kad_blocks_footer_custom_js":"","_kad_post_transparent":"","_kad_post_title":"","_kad_post_layout":"","_kad_post_sidebar_id":"","_kad_post_content_style":"","_kad_post_vertical_padding":"","_kad_post_feature":"","_kad_post_feature_position":"","_kad_post_header":false,"_kad_post_footer":false,"_kad_post_classname":""},"product-category":[119,124],"class_list":["post-3906","product","type-product","status-publish","has-post-thumbnail","hentry","product-category-3d-printing-metal-powder","product-category-aluminum-based-alloy-powder"],"acf":[],"taxonomy_info":{"product-category":[{"value":119,"label":"3D Printing Metal Powder"},{"value":124,"label":"Aluminum Based Alloy Powder"}]},"featured_image_src_large":["https:\/\/3dpmetal.com\/wp-content\/uploads\/2024\/02\/Al-3004-powder.png",412,318,false],"author_info":[],"comment_info":"","_links":{"self":[{"href":"https:\/\/3dpmetal.com\/it\/wp-json\/wp\/v2\/product\/3906","targetHints":{"allow":["GET"]}}],"collection":[{"href":"https:\/\/3dpmetal.com\/it\/wp-json\/wp\/v2\/product"}],"about":[{"href":"https:\/\/3dpmetal.com\/it\/wp-json\/wp\/v2\/types\/product"}],"wp:featuredmedia":[{"embeddable":true,"href":"https:\/\/3dpmetal.com\/it\/wp-json\/wp\/v2\/media\/1814"}],"wp:attachment":[{"href":"https:\/\/3dpmetal.com\/it\/wp-json\/wp\/v2\/media?parent=3906"}],"wp:term":[{"taxonomy":"product-category","embeddable":true,"href":"https:\/\/3dpmetal.com\/it\/wp-json\/wp\/v2\/product-category?post=3906"}],"curies":[{"name":"wp","href":"https:\/\/api.w.org\/{rel}","templated":true}]}}