{"id":3907,"date":"2024-03-18T06:10:12","date_gmt":"2024-03-18T06:10:12","guid":{"rendered":"https:\/\/3dp.45612300.xyz\/product\/al-3104-powder\/"},"modified":"2024-03-18T06:10:12","modified_gmt":"2024-03-18T06:10:12","slug":"al-3104-powder","status":"publish","type":"product","link":"https:\/\/3dpmetal.com\/it\/product\/al-3104-powder\/","title":{"rendered":"Polvere di Al 3104"},"content":{"rendered":"<p><span style=\"vertical-align: inherit;\"><span style=\"vertical-align: inherit;\"><\/p>\n<h2>Overview of Al 3104 Powder<\/h2>\n<p class=\"whitespace-pre-wrap\">Al 3104 is a 3000 series wrought aluminum alloy known for its good corrosion resistance, excellent formability and weldability. Manganese additions provide strength through solid solution strengthening while maintaining ductility and toughness.<\/p>\n<p class=\"whitespace-pre-wrap\">Key characteristics of Al 3104 powder include:<\/p>\n<ul class=\"list-disc pl-8 space-y-2\">\n<li class=\"whitespace-normal\">Moderate strength with excellent ductility<\/li>\n<li class=\"whitespace-normal\">Very good weldability and formability<\/li>\n<li class=\"whitespace-normal\">Eccellente resistenza alla corrosione<\/li>\n<li class=\"whitespace-normal\">Alta conducibilit\u00e0 termica ed elettrica<\/li>\n<li class=\"whitespace-normal\">Bassa densit\u00e0<\/li>\n<li class=\"whitespace-normal\">Disponibile in varie granulometrie<\/li>\n<\/ul>\n<p class=\"whitespace-pre-wrap\">Al 3104 powder is suitable for chemical tanks, utensils, heat exchangers and applications needing moderate strength combined with good corrosion resistance.<\/p>\n<h2>Chemical Composition of Al 3104 Powder<\/h2>\n<p class=\"whitespace-pre-wrap\">The typical chemical composition of Al 3104 powder is:<\/p>\n<table>\n<thead>\n<tr>\n<th>Elemento<\/th>\n<th>% Peso<\/th>\n<\/tr>\n<\/thead>\n<tbody>\n<tr>\n<td>Alluminio (Al)<\/td>\n<td>Equilibrio<\/td>\n<\/tr>\n<tr>\n<td>Manganese (Mn)<\/td>\n<td>1.0-1.5%<\/td>\n<\/tr>\n<tr>\n<td>Silicio (Si)<\/td>\n<td>0,3% max<\/td>\n<\/tr>\n<tr>\n<td>Ferro (Fe)<\/td>\n<td>0,7% max<\/td>\n<\/tr>\n<tr>\n<td>Rame (Cu)<\/td>\n<td>0,25% max<\/td>\n<\/tr>\n<tr>\n<td>Magnesio (Mg)<\/td>\n<td>0,25% max<\/td>\n<\/tr>\n<tr>\n<td>Zinco (Zn)<\/td>\n<td>0.20% max<\/td>\n<\/tr>\n<tr>\n<td>Cromo (Cr)<\/td>\n<td>0.05-0.20%<\/td>\n<\/tr>\n<\/tbody>\n<\/table>\n<p><img loading=\"lazy\" decoding=\"async\" class=\"size-medium wp-image-1409 aligncenter\" src=\"https:\/\/met3dp.com\/wp-content\/uploads\/2023\/09\/ed7a94ec-3c10-4b1b-87ed--300x300.jpg\" alt=\"Polvere di Al 3104\" width=\"300\" height=\"300\" title=\"\"><\/p>\n<p class=\"whitespace-pre-wrap\">Manganese is the key alloying element in 3104 aluminum. Impurity levels of silicon, iron, copper, and zinc are strictly controlled.<\/p>\n<h2>Properties of Al 3104 Powder<\/h2>\n<p class=\"whitespace-pre-wrap\">Key properties of Al 3104 powder include:<\/p>\n<table>\n<thead>\n<tr>\n<th>Propriet\u00e0<\/th>\n<th>Valore<\/th>\n<\/tr>\n<\/thead>\n<tbody>\n<tr>\n<td>Densit\u00e0<\/td>\n<td>2,73 g\/cm3<\/td>\n<\/tr>\n<tr>\n<td>Punto di fusione<\/td>\n<td>634-643\u00a1\u00abC<\/td>\n<\/tr>\n<tr>\n<td>Conduttivit\u00e0 termica<\/td>\n<td>134 W\/mK<\/td>\n<\/tr>\n<tr>\n<td>Conduttivit\u00e0 Elettrica<\/td>\n<td>38-42% IACS<\/td>\n<\/tr>\n<tr>\n<td>Modulo di Young<\/td>\n<td>70 GPa<\/td>\n<\/tr>\n<tr>\n<td>Rapporto di Poisson<\/td>\n<td>0.33<\/td>\n<\/tr>\n<tr>\n<td>Resistenza alla trazione<\/td>\n<td>150-195 MPa<\/td>\n<\/tr>\n<tr>\n<td>Limite di snervamento<\/td>\n<td>95-120 MPa<\/td>\n<\/tr>\n<tr>\n<td>Allungamento<\/td>\n<td>20-30%<\/td>\n<\/tr>\n<tr>\n<td>Durezza<\/td>\n<td>45-65 Brinell<\/td>\n<\/tr>\n<\/tbody>\n<\/table>\n<p>&nbsp;<\/p>\n<p class=\"whitespace-pre-wrap\">The alloy offers moderate strength with high ductility and excellent formability. It has very good resistance to atmospheric corrosion and marine environments.<\/p>\n<h2>Production Method for Al 3104 Powder<\/h2>\n<p class=\"whitespace-pre-wrap\">Common production methods for Al 3104 powder include:<\/p>\n<ul class=\"list-disc pl-8 space-y-2\">\n<li class=\"whitespace-normal\"><strong>Atomizzazione a gas<\/strong>?- Molten alloy stream disintegrated with high pressure inert gas jets into fine spherical powder. Controlled particle size distribution.<\/li>\n<li class=\"whitespace-normal\"><strong>Atomizzazione dell'acqua<\/strong>?- High velocity water jet used to produce fine irregular Al 3104 particles. More economical but higher oxygen pickup.<\/li>\n<li class=\"whitespace-normal\"><strong>Legame meccanico<\/strong>?- Ball milling of aluminum and manganese powder blends followed by cold compaction and sintering.<\/li>\n<\/ul>\n<p class=\"whitespace-pre-wrap\">L'atomizzazione a gas garantisce il miglior controllo delle caratteristiche della polvere come dimensioni delle particelle, forma e microstruttura.<\/p>\n<h2>Applications of Al 3104 Powder<\/h2>\n<p class=\"whitespace-pre-wrap\">Typical applications of Al 3104 powder include:<\/p>\n<ul class=\"list-disc pl-8 space-y-2\">\n<li class=\"whitespace-normal\"><strong>Stampaggio a iniezione di metallo<\/strong>?- To manufacture small intricate components needing moderate strength and good corrosion resistance.<\/li>\n<li class=\"whitespace-normal\"><strong>manifattura additiva<\/strong>- Adatto a processi di getto di legante e fusione laser selettiva per produrre parti complesse in alluminio.<\/li>\n<li class=\"whitespace-normal\"><strong>Metallurgia delle polveri<\/strong>?- Processo di stampaggio e sinterizzazione per creare parti con buone propriet\u00e0 meccaniche e lavorabilit\u00e0.<\/li>\n<li class=\"whitespace-normal\"><strong>Termo-spruzzatura<\/strong>Deposito a spruzzo con arco a filo per produrre rivestimenti protettivi che offrono una moderata resistenza all'usura e alla corrosione.<\/li>\n<li class=\"whitespace-normal\"><strong>Materiale di apporto per la saldatura<\/strong>?- Utilizzato come filo d'apporto per fornire una resistenza alla saldatura simile a quella del metallo base.<\/li>\n<li class=\"whitespace-normal\"><strong>Pigmenti<\/strong>?- Added to paints and plastics to provide shine and corrosion protection.<\/li>\n<\/ul>\n<h2>Specifications of Al 3104 Powder<\/h2>\n<p class=\"whitespace-pre-wrap\">Al 3104 powder is available under different size ranges, shapes, purity levels and grades:<\/p>\n<ul class=\"list-disc pl-8 space-y-2\">\n<li class=\"whitespace-normal\"><strong>Dimensione particellare:<\/strong>?Dai 10-150 micron per i metodi AM, a 300 micron per i processi di spruzzatura termica.<\/li>\n<li class=\"whitespace-normal\"><strong>Morfologia:<\/strong>?Spherical, granular, dendritic and irregular powder shapes. Smooth powder has better flowability.<\/li>\n<li class=\"whitespace-normal\"><strong>Purezza:<\/strong>?Da gradi commerciali a gradi ad alta purezza (99,8%) personalizzati in funzione dell'applicazione.<\/li>\n<li class=\"whitespace-normal\"><strong>Gradi:<\/strong>?Conforming to ASTM B209, EN 573, ISO 209 specifications. Custom grades offered.<\/li>\n<li class=\"whitespace-normal\"><strong>Capacit\u00e0 di scorrimento<\/strong>?Powder can be customized for excellent flow rates above 25 s\/50g.<\/li>\n<\/ul>\n<h2>Global Suppliers of Al 3104 Powder<\/h2>\n<p class=\"whitespace-pre-wrap\">Alcuni dei maggiori fornitori globali sono:<\/p>\n<ul class=\"list-disc pl-8 space-y-2\">\n<li class=\"whitespace-normal\">Valimet Inc. (USA)<\/li>\n<li class=\"whitespace-normal\">Makin Metal Powders (UK)<\/li>\n<li class=\"whitespace-normal\">Shanghai Chaowei Nanotechnology (Cina)<\/li>\n<li class=\"whitespace-normal\">Micron Metals (Stati Uniti)<\/li>\n<li class=\"whitespace-normal\">Shandong Yamei Nanotecnologia (Cina)<\/li>\n<li class=\"whitespace-normal\">China National Petroleum Corporation Powder Group (CNPC)<\/li>\n<li class=\"whitespace-normal\">Agni Metal (USA)<\/li>\n<\/ul>\n<p class=\"whitespace-pre-wrap\">These companies produce Al 3104 powder suitable for AM, MIM, thermal spray, welding, automotive, and other applications using various methods.<\/p>\n<h2>Al 3104 Powder Pricing<\/h2>\n<p class=\"whitespace-pre-wrap\">Pricing of Al 3104 powder depends on several factors:<\/p>\n<ul class=\"list-disc pl-8 space-y-2\">\n<li class=\"whitespace-normal\">Livelli di purezza<\/li>\n<li class=\"whitespace-normal\">Caratteristiche delle polveri<\/li>\n<li class=\"whitespace-normal\">Metodo di produzione<\/li>\n<li class=\"whitespace-normal\">Volume di ordinazione<\/li>\n<li class=\"whitespace-normal\">Fornitore e sede<\/li>\n<\/ul>\n<table>\n<thead>\n<tr>\n<th>Grado<\/th>\n<th>Fascia di prezzo<\/th>\n<\/tr>\n<\/thead>\n<tbody>\n<tr>\n<td>Commerciale<\/td>\n<td>$ 5 - 15 per kg<\/td>\n<\/tr>\n<tr>\n<td>Elevata purezza<\/td>\n<td>$15-25 al kg<\/td>\n<\/tr>\n<tr>\n<td>Ultrafine<\/td>\n<td>25-45 \u20ac per kg<\/td>\n<\/tr>\n<tr>\n<td>Grado speciale<\/td>\n<td>Da $45 a $90 per kg<\/td>\n<\/tr>\n<\/tbody>\n<\/table>\n<p>&nbsp;<\/p>\n<p class=\"whitespace-pre-wrap\">High purity, spherical and controlled particle size powders command much higher pricing over regular commercial grades of Al 3104 powder.<\/p>\n<h2>Storage and Handling of Al 3104 Powder<\/h2>\n<p class=\"whitespace-pre-wrap\">Al 3104 powder should be properly handled and stored to prevent:<\/p>\n<ul class=\"list-disc pl-8 space-y-2\">\n<li class=\"whitespace-normal\">Ossidazione e reazione con l'umidit\u00e0<\/li>\n<li class=\"whitespace-normal\">Pericoli di esplosione di polvere da polvere fine<\/li>\n<li class=\"whitespace-normal\">Problemi di salute correlati all'inalazione<\/li>\n<li class=\"whitespace-normal\">Le pratiche di sicurezza dalla scheda dati di sicurezza del fornitore devono essere seguite<\/li>\n<\/ul>\n<p class=\"whitespace-pre-wrap\">Si raccomanda l'inertizzazione con gas nobile, una messa a terra corretta, la ventilazione e il PPE quando si manipola la polvere.<\/p>\n<h2>Metodi di Test e Caratterizzazione<\/h2>\n<p class=\"whitespace-pre-wrap\">Key test methods used for Al 3104 powder include:<\/p>\n<ul class=\"list-disc pl-8 space-y-2\">\n<li class=\"whitespace-normal\">Analisi chimica utilizzando OES o XRF per la composizione<\/li>\n<li class=\"whitespace-normal\">Distribuzione delle dimensioni delle particelle secondo lo standard ASTM B822<\/li>\n<li class=\"whitespace-normal\">Analisi morfologica tramite SEM<\/li>\n<li class=\"whitespace-normal\">Portata di polvere misurata tramite imbuto di flusso Hall<\/li>\n<li class=\"whitespace-normal\">Determinazione della densit\u00e0 mediante picnometria ad elio<\/li>\n<li class=\"whitespace-normal\">Verifica contaminazioni da ICP-MS<\/li>\n<li class=\"whitespace-normal\">Esame microstrutturale tramite diffrattometria a raggi X<\/li>\n<\/ul>\n<p class=\"whitespace-pre-wrap\">Questi test garantiscono la coerenza dei batch e la conformit\u00e0 con i requisiti delle applicazioni.<\/p>\n<h2>Comparison Between Al 3104 and Al 3003 Powders<\/h2>\n<p class=\"whitespace-pre-wrap\">Al 3104 and Al 3003 are two aluminum alloy powders compared:<\/p>\n<table>\n<thead>\n<tr>\n<th>Parametro<\/th>\n<th>Al 3104<\/th>\n<th>Al 3003<\/th>\n<\/tr>\n<\/thead>\n<tbody>\n<tr>\n<td>Tipo lega<\/td>\n<td>Non trattati a caldo<\/td>\n<td>Non trattati a caldo<\/td>\n<\/tr>\n<tr>\n<td>Contenuto Mn<\/td>\n<td>1.0-1.5%<\/td>\n<td>1.0-1.5%<\/td>\n<\/tr>\n<tr>\n<td>Forza<\/td>\n<td>Un po' pi\u00f9 basso<\/td>\n<td>Leggermente pi\u00f9 in alto<\/td>\n<\/tr>\n<tr>\n<td>Resistenza alla corrosione<\/td>\n<td>Eccellente<\/td>\n<td>Eccellente<\/td>\n<\/tr>\n<tr>\n<td>Saldabilit\u00e0<\/td>\n<td>Eccellente<\/td>\n<td>Eccellente<\/td>\n<\/tr>\n<tr>\n<td>Costi<\/td>\n<td>Inferiore<\/td>\n<td>Pi\u00f9 alto<\/td>\n<\/tr>\n<\/tbody>\n<\/table>\n<p>&nbsp;<\/p>\n<p class=\"whitespace-pre-wrap\">Al 3104 offers slightly better formability whereas Al 3003 provides marginally higher strength. Both offer excellent corrosion resistance.<\/p>\n<h2>Al 3104 Powder FAQs<\/h2>\n<p class=\"whitespace-pre-wrap\"><strong>Q: How is Al 3104 powder produced?<\/strong><\/p>\n<p class=\"whitespace-pre-wrap\">A: Al 3104 powder is commercially produced using gas atomization, water atomization, and mechanical alloying followed by sintering. Gas atomization provides the best control of particle characteristics.<\/p>\n<p class=\"whitespace-pre-wrap\"><strong>Q: What are the main applications of Al 3104 powder?<\/strong><\/p>\n<p class=\"whitespace-pre-wrap\">A: The major applications of Al 3104 powder include metal injection molding, additive manufacturing, thermal spray coatings, powder metallurgy parts, pigments, and welding filler wire.<\/p>\n<p class=\"whitespace-pre-wrap\"><strong>Q: What is the recommended Al 3104 powder size for binder jet 3D printing?<\/strong><\/p>\n<p class=\"whitespace-pre-wrap\">A: For binder jetting process, the typical Al 3104 powder size range is 20-45 microns with near-spherical morphology to enable good powder bed density.<\/p>\n<p class=\"whitespace-pre-wrap\"><strong>Q: Does Al 3104 powder require any special handling precautions?<\/strong><\/p>\n<p class=\"whitespace-pre-wrap\">A: Yes, it is recommended to handle aluminum powders carefully in inert atmosphere using proper grounding, ventilation and PPE to prevent fire or explosion hazards.<\/p>\n<p class=\"whitespace-pre-wrap\"><strong>Q: Where can I purchase Al 3104 powder suitable for marine applications?<\/strong><\/p>\n<p class=\"whitespace-pre-wrap\">A: Al 3104 powder with high corrosion resistance tailored for marine environments can be purchased from leading manufacturers like Valimet, Makin Metal Powders, and Micron Metals.<\/p>\n<p><\/span><\/span><\/p>","protected":false},"excerpt":{"rendered":"<p>Panoramica della polvere Al 3104 L'Al 3104 \u00e8 una lega di alluminio battuto della serie 3000 nota per la sua buona resistenza alla corrosione, l'eccellente formabilit\u00e0 e saldabilit\u00e0. L'aggiunta di manganese conferisce resistenza attraverso il rafforzamento in soluzione solida, mantenendo al contempo duttilit\u00e0 e tenacit\u00e0. Le caratteristiche principali della polvere di Al 3104 includono: Moderata resistenza con eccellente duttilit\u00e0 Ottima saldabilit\u00e0 e formabilit\u00e0 Eccellente...<\/p>","protected":false},"featured_media":1816,"parent":0,"template":"","meta":{"_acf_changed":false,"_kad_blocks_custom_css":"","_kad_blocks_head_custom_js":"","_kad_blocks_body_custom_js":"","_kad_blocks_footer_custom_js":"","_kad_post_transparent":"","_kad_post_title":"","_kad_post_layout":"","_kad_post_sidebar_id":"","_kad_post_content_style":"","_kad_post_vertical_padding":"","_kad_post_feature":"","_kad_post_feature_position":"","_kad_post_header":false,"_kad_post_footer":false,"_kad_post_classname":""},"product-category":[119,124],"class_list":["post-3907","product","type-product","status-publish","has-post-thumbnail","hentry","product-category-3d-printing-metal-powder","product-category-aluminum-based-alloy-powder"],"acf":[],"taxonomy_info":{"product-category":[{"value":119,"label":"3D Printing Metal Powder"},{"value":124,"label":"Aluminum Based Alloy Powder"}]},"featured_image_src_large":["https:\/\/3dpmetal.com\/wp-content\/uploads\/2024\/02\/Al-3104-powder.png",451,429,false],"author_info":[],"comment_info":"","_links":{"self":[{"href":"https:\/\/3dpmetal.com\/it\/wp-json\/wp\/v2\/product\/3907","targetHints":{"allow":["GET"]}}],"collection":[{"href":"https:\/\/3dpmetal.com\/it\/wp-json\/wp\/v2\/product"}],"about":[{"href":"https:\/\/3dpmetal.com\/it\/wp-json\/wp\/v2\/types\/product"}],"wp:featuredmedia":[{"embeddable":true,"href":"https:\/\/3dpmetal.com\/it\/wp-json\/wp\/v2\/media\/1816"}],"wp:attachment":[{"href":"https:\/\/3dpmetal.com\/it\/wp-json\/wp\/v2\/media?parent=3907"}],"wp:term":[{"taxonomy":"product-category","embeddable":true,"href":"https:\/\/3dpmetal.com\/it\/wp-json\/wp\/v2\/product-category?post=3907"}],"curies":[{"name":"wp","href":"https:\/\/api.w.org\/{rel}","templated":true}]}}