{"id":3909,"date":"2024-03-18T06:10:12","date_gmt":"2024-03-18T06:10:12","guid":{"rendered":"https:\/\/3dp.45612300.xyz\/product\/nickel-based-k403-powder\/"},"modified":"2024-03-18T06:10:12","modified_gmt":"2024-03-18T06:10:12","slug":"nickel-based-k403-powder","status":"publish","type":"product","link":"https:\/\/3dpmetal.com\/it\/product\/nickel-based-k403-powder\/","title":{"rendered":"Polvere K403 a base di nichel"},"content":{"rendered":"<p><span style=\"vertical-align: inherit;\"><span style=\"vertical-align: inherit;\"><\/p>\n<h2>Panoramica della polvere K403 a base di nichel<\/h2>\n<p><img loading=\"lazy\" decoding=\"async\" class=\"wp-image-2098 size-full aligncenter\" src=\"https:\/\/met3dp.com\/wp-content\/uploads\/2023\/10\/K403-Powder.jpg\" alt=\"Polvere di inconel per stampa 3d K403\" width=\"600\" height=\"600\" title=\"\"><\/p>\n<p class=\"whitespace-pre-wrap\">La polvere K403 \u00e8 una polvere di lega di nichel-cromo-ferro-molibdeno. Offre un'eccellente resistenza all'ossidazione, alla corrosione e alle cricche da fatica termica. Il K403 ha una buona stabilit\u00e0 di fase alle alte temperature.<\/p>\n<p class=\"whitespace-pre-wrap\">Le caratteristiche principali della polvere K403 includono:<\/p>\n<ul class=\"list-disc pl-8 space-y-2\">\n<li class=\"whitespace-normal\">Eccezionale resistenza alle alte temperature e alla scorrimento viscoso<\/li>\n<li class=\"whitespace-normal\">Resiste all'ossidazione e alla corrosione a caldo fino a 1150\u00a1\"C<\/li>\n<li class=\"whitespace-normal\">Mantiene le propriet\u00e0 in condizioni di riscaldamento ciclico<\/li>\n<li class=\"whitespace-normal\">Coefficiente di espansione compatibile con le leghe comuni<\/li>\n<li class=\"whitespace-normal\">Disponibile in varie gamme di dimensioni e morfologie<\/li>\n<\/ul>\n<p class=\"whitespace-pre-wrap\">La polvere K403 \u00e8 progettata per rivestimenti protettivi, spray termici, saldatura, brasatura e altre applicazioni ad alta temperatura.<\/p>\n<p class=\"whitespace-pre-wrap\">Questo articolo fornisce una panoramica dettagliata sulla composizione, le propriet\u00e0, le applicazioni, le specifiche, i prezzi, la sicurezza e altre informazioni essenziali sulla polvere K403 a base di nichel.<\/p>\n<h2>Composizione della polvere K403 a base di nichel<\/h2>\n<p class=\"whitespace-pre-wrap\">La composizione tipica della polvere K403 a base di nichel \u00e8:<\/p>\n<table>\n<thead>\n<tr>\n<th>Elemento<\/th>\n<th>Composizione<\/th>\n<\/tr>\n<\/thead>\n<tbody>\n<tr>\n<td>Nichel (Ni)<\/td>\n<td>Equilibrio<\/td>\n<\/tr>\n<tr>\n<td>Cromo (Cr)<\/td>\n<td>21-23%<\/td>\n<\/tr>\n<tr>\n<td>Ferro (Fe)<\/td>\n<td>17-20%<\/td>\n<\/tr>\n<tr>\n<td>Molibdeno (Mo)<\/td>\n<td>8-10%<\/td>\n<\/tr>\n<tr>\n<td>Tungsteno (W)<\/td>\n<td>1-2%<\/td>\n<\/tr>\n<tr>\n<td>Manganese (Mn)<\/td>\n<td>\u00a8P0.5%<\/td>\n<\/tr>\n<tr>\n<td>Silicio (Si)<\/td>\n<td>\u00a8P0.5%<\/td>\n<\/tr>\n<tr>\n<td>Carbonio (C)<\/td>\n<td>\u00a8P0.1%<\/td>\n<\/tr>\n<\/tbody>\n<\/table>\n<p>&nbsp;<\/p>\n<p class=\"whitespace-pre-wrap\">Il nichel conferisce resistenza alla corrosione. Il cromo e il ferro conferiscono resistenza all'ossidazione. Il molibdeno e il tungsteno conferiscono resistenza alle alte temperature.<\/p>\n<p class=\"whitespace-pre-wrap\">La composizione esatta viene personalizzata in base al metodo di produzione della polvere e ai requisiti di applicazione.<\/p>\n<h2>Propriet\u00e0 della polvere K403 a base di nichel<\/h2>\n<p class=\"whitespace-pre-wrap\">La polvere K403 presenta le seguenti propriet\u00e0:<\/p>\n<table>\n<thead>\n<tr>\n<th>Propriet\u00e0<\/th>\n<th>Dettagli<\/th>\n<\/tr>\n<\/thead>\n<tbody>\n<tr>\n<td>Densit\u00e0<\/td>\n<td>8,2 g\/cm3<\/td>\n<\/tr>\n<tr>\n<td>Punto di fusione<\/td>\n<td>1350-1400 d.C<\/td>\n<\/tr>\n<tr>\n<td>Conduttivit\u00e0 termica<\/td>\n<td>11 W\/m.K<\/td>\n<\/tr>\n<tr>\n<td>Resistivit\u00e0 elettrica<\/td>\n<td>94 microhm-cm<\/td>\n<\/tr>\n<tr>\n<td>Modulo di Young<\/td>\n<td>207 GPa<\/td>\n<\/tr>\n<tr>\n<td>Rapporto di Poisson<\/td>\n<td>0.29-0.30<\/td>\n<\/tr>\n<tr>\n<td>Resistenza alla trazione<\/td>\n<td>\u00a1\u00d4 550 MPa fino a 1050\u00a1\"C<\/td>\n<\/tr>\n<tr>\n<td>Allungamento<\/td>\n<td>15-25%<\/td>\n<\/tr>\n<tr>\n<td>Durezza<\/td>\n<td>30-35 HRC<\/td>\n<\/tr>\n<tr>\n<td>Resistenza all'ossidazione<\/td>\n<td>Eccellente isotermia fino a 1150\u00a1\"C<\/td>\n<\/tr>\n<\/tbody>\n<\/table>\n<p>&nbsp;<\/p>\n<p class=\"whitespace-pre-wrap\">La lega mantiene un'elevata resistenza e durezza a temperature elevate. Ha una buona duttilit\u00e0 per i processi di deformazione. Il materiale resiste alle cricche da fatica termica.<\/p>\n<h2>Applicazioni della polvere K403 a base di nichel<\/h2>\n<p class=\"whitespace-pre-wrap\">La polvere K403 a base di nichel \u00e8 progettata per l'uso in ambienti ad alta temperatura. Le applicazioni tipiche includono:<\/p>\n<p class=\"whitespace-pre-wrap\"><strong>Rivestimenti tramite spruzzatura termica:<\/strong> Utilizzato per applicare rivestimenti spessi resistenti all'usura, alla corrosione e all'ossidazione ad alte temperature mediante spruzzatura a filo\/polvere o ad arco elettrico.<\/p>\n<p class=\"whitespace-pre-wrap\"><strong>Saldatura:<\/strong> Utilizzato come materiale d'apporto per la giunzione di leghe ad alta temperatura, offre resistenza all'ossidazione e alla corrosione.<\/p>\n<p class=\"whitespace-pre-wrap\"><strong>Brasatura:<\/strong> Eccellente lega d'apporto per la brasatura di gruppi operanti a oltre 1000\u00a1\"C come componenti di turbine, scambiatori di calore ecc.<\/p>\n<p class=\"whitespace-pre-wrap\"><strong>Additive Manufacturing:<\/strong> La fusione laser selettiva e altri processi di fusione a letto di polvere possono utilizzare la polvere K403 per fabbricare pezzi.<\/p>\n<p class=\"whitespace-pre-wrap\"><strong>Turbine a gas:<\/strong> Componenti di turbine con metallurgia delle polveri esposti a percorsi di gas caldi, come pale, alette e guarnizioni.<\/p>\n<p class=\"whitespace-pre-wrap\"><strong>Industria chimica:<\/strong> K403 componenti rivestiti in reattori a letto fluido, scambiatori di calore, separatori a ciclone.<\/p>\n<p class=\"whitespace-pre-wrap\"><strong>Industria del vetro:<\/strong> Rulli, guide e deflettori spruzzati a polvere utilizzati nei forni di fusione del vetro e negli avanfori.<\/p>\n<p class=\"whitespace-pre-wrap\"><strong>Trattamento termico:<\/strong> Dispositivi, vassoi, cestelli che operano in applicazioni ad alta temperatura.<\/p>\n<h2>Specifiche e gradi della polvere K403<\/h2>\n<p class=\"whitespace-pre-wrap\">La polvere K403 \u00e8 disponibile in varie gamme di dimensioni, morfologie e gradi:<\/p>\n<p class=\"whitespace-pre-wrap\"><strong>Dimensione particellare:<\/strong> Da 10-45 micron per i metodi AM, fino a 150 micron per i processi di spruzzatura termica.<\/p>\n<p class=\"whitespace-pre-wrap\"><strong>Morfologia:<\/strong> Sono disponibili particelle di forma sferica, irregolare e dendritica. Le polveri sferiche hanno una migliore fluidit\u00e0.<\/p>\n<p class=\"whitespace-pre-wrap\"><strong>Gradi:<\/strong> La polvere pu\u00f2 essere personalizzata secondo le specifiche AMS 7875, AMS 5887 o altre leghe ad alta temperatura.<\/p>\n<p class=\"whitespace-pre-wrap\"><strong>Purezza:<\/strong> Polvere atomizzata con gas argon ad alta purezza disponibile per applicazioni critiche.<\/p>\n<p class=\"whitespace-pre-wrap\"><strong>Personalizzazione:<\/strong> La chimica della lega e le caratteristiche delle particelle possono essere personalizzate in base ai requisiti dell'applicazione.<\/p>\n<h2>Fornitori globali di polvere K403 a base di nichel<\/h2>\n<p class=\"whitespace-pre-wrap\">Tra i principali fornitori globali di polvere K403 a base di nichel figurano:<\/p>\n<table>\n<thead>\n<tr>\n<th>Azienda<\/th>\n<th>Nazione<\/th>\n<\/tr>\n<\/thead>\n<tbody>\n<tr>\n<td>Sandvik<\/td>\n<td>Svezia<\/td>\n<\/tr>\n<tr>\n<td>Tecnologia per falegnami<\/td>\n<td>USA<\/td>\n<\/tr>\n<tr>\n<td>Hoganas<\/td>\n<td>Svezia<\/td>\n<\/tr>\n<tr>\n<td>Praxair<\/td>\n<td>USA<\/td>\n<\/tr>\n<tr>\n<td>Polvere CNPC<\/td>\n<td>Cina<\/td>\n<\/tr>\n<tr>\n<td>VDM Metals<\/td>\n<td>Germania<\/td>\n<\/tr>\n<tr>\n<td>AMETEK<\/td>\n<td>USA<\/td>\n<\/tr>\n<\/tbody>\n<\/table>\n<p>&nbsp;<\/p>\n<p class=\"whitespace-pre-wrap\">Queste aziende producono la polvere K403 utilizzando varie tecniche come l'atomizzazione con gas argon, l'atomizzazione al plasma e la fusione a induzione con elettrodi per ottenere le caratteristiche desiderate della polvere.<\/p>\n<h2>Prezzi della polvere K403 a base di nichel<\/h2>\n<p class=\"whitespace-pre-wrap\">La polvere K403 a base di nichel \u00e8 pi\u00f9 costosa delle polveri di leghe semplici a causa della complessa chimica e lavorazione:<\/p>\n<ul class=\"list-disc pl-8 space-y-2\">\n<li class=\"whitespace-normal\"><strong>Quantit\u00e0<\/strong>I prezzi variano da $80-120\/kg per gli ordini all'ingrosso superiori a 1000 kg. Le quantit\u00e0 pi\u00f9 piccole hanno prezzi pi\u00f9 alti.<\/li>\n<li class=\"whitespace-normal\"><strong>Qualit\u00e0<\/strong>La polvere di elevata purezza e morfologia sferica, prodotta in condizioni controllate con processi avanzati, richiede un prezzo elevato.<\/li>\n<li class=\"whitespace-normal\"><strong>Fornitore<\/strong>I principali fornitori globali tendono a offrire prezzi competitivi grazie ai volumi pi\u00f9 elevati.<\/li>\n<li class=\"whitespace-normal\"><strong>Geografia<\/strong>I prezzi variano da una regione all'altra: gli Stati Uniti e l'Europa sono mercati con prezzi pi\u00f9 elevati rispetto alla Cina e all'India.<\/li>\n<\/ul>\n<p class=\"whitespace-pre-wrap\">Per le applicazioni critiche, gli acquirenti dovrebbero concentrarsi sulla qualit\u00e0 piuttosto che sul costo pi\u00f9 basso quando acquistano la polvere K403. L'approvvigionamento di polvere conforme alle specifiche \u00e8 fondamentale per le prestazioni.<\/p>\n<h2>Considerazioni sulla salute e sulla sicurezza per la polvere K403<\/h2>\n<p class=\"whitespace-pre-wrap\">Come polvere di lega metallica, il K403 presenta alcuni rischi per la salute e la sicurezza:<\/p>\n<ul class=\"list-disc pl-8 space-y-2\">\n<li class=\"whitespace-normal\">Le polveri fini possono costituire un rischio di esplosione della polvere. Evitare l'accumulo di polvere e le fonti di accensione.<\/li>\n<li class=\"whitespace-normal\">Pu\u00f2 causare irritazione alla pelle e agli occhi in caso di esposizione prolungata. Utilizzare dispositivi di protezione individuale.<\/li>\n<li class=\"whitespace-normal\">Evitare l'inalazione. Usare una protezione respiratoria durante la manipolazione della polvere.<\/li>\n<li class=\"whitespace-normal\">La polvere pu\u00f2 catalizzare reazioni con gli ossidanti. Evitare il contatto tra materiali incompatibili.<\/li>\n<li class=\"whitespace-normal\">La corretta messa a terra dell'apparecchiatura, la ventilazione e le pratiche igieniche sono essenziali quando si maneggia la polvere.<\/li>\n<li class=\"whitespace-normal\">Per informazioni complete sui rischi per la salute, consultare le schede di sicurezza dei fornitori.<\/li>\n<\/ul>\n<p class=\"whitespace-pre-wrap\">Per la protezione dei lavoratori possono essere adottate procedure di sicurezza per le polveri metalliche, come glovebox a gas inerte e sistemi di soppressione delle esplosioni.<\/p>\n<h2>Ispezione e test della polvere K403<\/h2>\n<p class=\"whitespace-pre-wrap\">Per garantire che la polvere di lega di nichel K403 sia conforme alle specifiche, \u00e8 necessario eseguire vari test e ispezioni:<\/p>\n<ul class=\"list-disc pl-8 space-y-2\">\n<li class=\"whitespace-normal\"><strong>Composizione chimica<\/strong>Verificare la composizione dei principali elementi di lega mediante emissione ottica o spettroscopia di fluorescenza a raggi X.<\/li>\n<li class=\"whitespace-normal\"><strong>Distribuzione granulometrica<\/strong>Valutare la gamma di dimensioni delle particelle secondo lo standard ASTM B822 utilizzando la diffrazione laser.<\/li>\n<li class=\"whitespace-normal\"><strong>Morfologia<\/strong>Ispezionare la forma delle particelle e i difetti superficiali al SEM. Verificare la presenza di satelliti e porosit\u00e0.<\/li>\n<li class=\"whitespace-normal\"><strong>Portata<\/strong>Valutare la fluidit\u00e0 e la densit\u00e0 apparente secondo ASTM B213 utilizzando il flussimetro di Hall.<\/li>\n<li class=\"whitespace-normal\"><strong>Impurit\u00e0<\/strong>Misurare il contenuto di ossigeno e azoto utilizzando l'analisi per fusione di gas inerte. Ridurre al minimo le impurit\u00e0.<\/li>\n<li class=\"whitespace-normal\"><strong>Microstruttura<\/strong>Verificare le fasi presenti mediante analisi di diffrazione dei raggi X.<\/li>\n<li class=\"whitespace-normal\"><strong>Propriet\u00e0 meccaniche<\/strong>Eseguire prove di trazione e di durezza per parti in metallurgia delle polveri.<\/li>\n<\/ul>\n<p class=\"whitespace-pre-wrap\">I test di qualificazione e di lotto assicurano una qualit\u00e0 e prestazioni costanti della polvere.<\/p>\n<h2>Confronto tra la polvere K403 e la polvere IN738<\/h2>\n<p class=\"whitespace-pre-wrap\">K403 e IN738 sono due polveri di lega utilizzate per applicazioni ad alta temperatura:<\/p>\n<table>\n<thead>\n<tr>\n<th>Parametro<\/th>\n<th>K403 Polvere<\/th>\n<th>Polvere IN738<\/th>\n<\/tr>\n<\/thead>\n<tbody>\n<tr>\n<td>Composizione<\/td>\n<td>Ni-Cr-Fe-Mo<\/td>\n<td>Ni-Cr-Co-Al-Ti<\/td>\n<\/tr>\n<tr>\n<td>Resistenza all'ossidazione<\/td>\n<td>Eccellente fino a 1150 \u00a1\u00abC<\/td>\n<td>Molto buono fino a 1100\u00a1\"C<\/td>\n<\/tr>\n<tr>\n<td>Costi<\/td>\n<td>Pi\u00f9 alto<\/td>\n<td>Inferiore<\/td>\n<\/tr>\n<tr>\n<td>Stabilit\u00e0 di fase<\/td>\n<td>Davvero ottimo<\/td>\n<td>Scarso<\/td>\n<\/tr>\n<tr>\n<td>Resistenza meccanica<\/td>\n<td>Alta fino a 1050\u00a1\"C<\/td>\n<td>Buono fino a 750\u00a1\"C<\/td>\n<\/tr>\n<tr>\n<td>Fabbricazione<\/td>\n<td>Intermedio<\/td>\n<td>Facile<\/td>\n<\/tr>\n<tr>\n<td>APPLICAZIONI<\/td>\n<td>Proiezione termica, saldatura<\/td>\n<td>Componenti per turbine, parti AM<\/td>\n<\/tr>\n<tr>\n<td>Disponibilit\u00e0<\/td>\n<td>Moderato<\/td>\n<td>Facilmente disponibile<\/td>\n<\/tr>\n<\/tbody>\n<\/table>\n<p>&nbsp;<\/p>\n<p class=\"whitespace-pre-wrap\">Per temperature estreme superiori a 1100\u00a1\"C che richiedono stabilit\u00e0 di fase, si preferisce il K403, nonostante il costo pi\u00f9 elevato. L'IN738 offre una maggiore facilit\u00e0 di fabbricazione e un costo inferiore.<\/p>\n<h2>FAQ<\/h2>\n<p class=\"whitespace-pre-wrap\"><strong>D: Per cosa viene utilizzata la polvere K403 a base di nichel?<\/strong><\/p>\n<p class=\"whitespace-pre-wrap\">R: La polvere K403 \u00e8 progettata per applicazioni ad alta temperatura come i rivestimenti a spruzzo termico, la brasatura, la saldatura e la produzione additiva, dove \u00e8 richiesta una resistenza all'ossidazione e alla corrosione fino a 1150\u00a1\"C.<\/p>\n<p class=\"whitespace-pre-wrap\"><strong>D: Quale dimensione delle particelle viene utilizzata per la spruzzatura termica della polvere K403?<\/strong><\/p>\n<p class=\"whitespace-pre-wrap\">R: La polvere K403 pi\u00f9 grossolana, fino a 150 micron, viene comunemente utilizzata per i processi di spruzzatura termica, come la spruzzatura ad arco di filo, per massimizzare l'efficienza di deposizione e lo spessore del rivestimento.<\/p>\n<p class=\"whitespace-pre-wrap\"><strong>D: K403 \u00e8 adatto alla produzione additiva con fusione a letto di polvere laser?<\/strong><\/p>\n<p class=\"whitespace-pre-wrap\">R: S\u00ec, la polvere fine di K403 pu\u00f2 essere utilizzata nelle macchine per la fusione laser selettiva per fabbricare pezzi di geometria complessa che funzionano bene in ambienti ad alta temperatura.<\/p>\n<p class=\"whitespace-pre-wrap\"><strong>D: Come si colloca il K403 rispetto alla lega Haynes 214?<\/strong><\/p>\n<p class=\"whitespace-pre-wrap\">R: Il K403 ha una resistenza alle alte temperature e all'ossidazione leggermente migliore rispetto all'Haynes 214. Ma l'Haynes 214 offre eccellenti caratteristiche di fabbricazione e un costo inferiore.<\/p>\n<p class=\"whitespace-pre-wrap\"><strong>D: Quali sono i principali rischi per la salute della polvere K403?<\/strong><\/p>\n<p class=\"whitespace-pre-wrap\">R: La polvere fine K403 comporta rischi di esplosione della polvere. Pu\u00f2 anche irritare la pelle e gli occhi. L'inalazione deve essere evitata. Durante la manipolazione della polvere K403, utilizzare un equipaggiamento protettivo adeguato.<\/p>\n<p class=\"whitespace-pre-wrap\"><strong>D: Dove posso acquistare la polvere K403 per applicazioni di brasatura ad alta temperatura?<\/strong><\/p>\n<p class=\"whitespace-pre-wrap\">R: I principali fornitori, come Sandvik, Carpenter Powder Products e Praxair Supply, forniscono polvere di lega di nichel K403 adatta alla brasatura ad alta temperatura. Considerare le dimensioni delle particelle e i livelli di purezza raccomandati in base all'applicazione specifica.<\/p>\n<p><\/span><\/span><\/p>","protected":false},"excerpt":{"rendered":"<p>Panoramica della polvere K403 a base di nichel La polvere K403 \u00e8 una lega di nichel-cromo-ferro-molibdeno in polvere. Offre un'eccellente resistenza all'ossidazione, alla corrosione e alle cricche da fatica termica. Il K403 ha una buona stabilit\u00e0 di fase alle alte temperature. Le caratteristiche principali della polvere K403 includono: Eccezionale resistenza alle alte temperature e al creep Resiste all'ossidazione e alla corrosione a caldo fino a 1150\u00a1\"C Mantiene le propriet\u00e0...<\/p>","protected":false},"featured_media":1820,"parent":0,"template":"","meta":{"_acf_changed":false,"_kad_blocks_custom_css":"","_kad_blocks_head_custom_js":"","_kad_blocks_body_custom_js":"","_kad_blocks_footer_custom_js":"","_kad_post_transparent":"","_kad_post_title":"","_kad_post_layout":"","_kad_post_sidebar_id":"","_kad_post_content_style":"","_kad_post_vertical_padding":"","_kad_post_feature":"","_kad_post_feature_position":"","_kad_post_header":false,"_kad_post_footer":false,"_kad_post_classname":""},"product-category":[119,120],"class_list":["post-3909","product","type-product","status-publish","has-post-thumbnail","hentry","product-category-3d-printing-metal-powder","product-category-high-temperature-alloy-powder"],"acf":[],"taxonomy_info":{"product-category":[{"value":119,"label":"3D Printing Metal Powder"},{"value":120,"label":"High Temperature Alloy Powder"}]},"featured_image_src_large":["https:\/\/3dpmetal.com\/wp-content\/uploads\/2024\/02\/K403-Powder.jpg",600,600,false],"author_info":[],"comment_info":"","_links":{"self":[{"href":"https:\/\/3dpmetal.com\/it\/wp-json\/wp\/v2\/product\/3909","targetHints":{"allow":["GET"]}}],"collection":[{"href":"https:\/\/3dpmetal.com\/it\/wp-json\/wp\/v2\/product"}],"about":[{"href":"https:\/\/3dpmetal.com\/it\/wp-json\/wp\/v2\/types\/product"}],"wp:featuredmedia":[{"embeddable":true,"href":"https:\/\/3dpmetal.com\/it\/wp-json\/wp\/v2\/media\/1820"}],"wp:attachment":[{"href":"https:\/\/3dpmetal.com\/it\/wp-json\/wp\/v2\/media?parent=3909"}],"wp:term":[{"taxonomy":"product-category","embeddable":true,"href":"https:\/\/3dpmetal.com\/it\/wp-json\/wp\/v2\/product-category?post=3909"}],"curies":[{"name":"wp","href":"https:\/\/api.w.org\/{rel}","templated":true}]}}