{"id":3914,"date":"2024-03-18T06:10:14","date_gmt":"2024-03-18T06:10:14","guid":{"rendered":"https:\/\/3dp.45612300.xyz\/product\/cu-99-95-powder\/"},"modified":"2024-03-18T06:10:14","modified_gmt":"2024-03-18T06:10:14","slug":"cu-99-95-powder","status":"publish","type":"product","link":"https:\/\/3dpmetal.com\/it\/product\/cu-99-95-powder\/","title":{"rendered":"Polvere Cu 99,95"},"content":{"rendered":"<p><span style=\"vertical-align: inherit;\"><span style=\"vertical-align: inherit;\"><\/p>\n<h2>Panoramica su Cu 99,95 in polvere<\/h2>\n<p class=\"whitespace-pre-wrap\">La polvere con 99,95, denominata anche elettrolitico poltiglia dura (ETP) polvere di rame, \u00e8 una polvere di rame di elevata purezza contenente un minimo di 99,95% di rame.<\/p>\n<p class=\"whitespace-pre-wrap\">Ha una eccellente conduttivit\u00e0 elettrica e termica abbinata a buone propriet\u00e0 meccaniche. Le applicazioni chiave includono contatti elettrici, spazzole, prodotti di saldatura, brasatura, materiali di attrito e utensili diamantati.<\/p>\n<p class=\"whitespace-pre-wrap\">Alcune propriet\u00e0 fondamentali e vantaggi della polvere di Cu 99,95 includono:<\/p>\n<p class=\"whitespace-pre-wrap\"><strong>Propriet\u00e0 e caratteristiche della polvere Cu 99,95<\/strong><\/p>\n<table>\n<thead>\n<tr>\n<th>Propriet\u00e0<\/th>\n<th>Dettagli<\/th>\n<\/tr>\n<\/thead>\n<tbody>\n<tr>\n<td>Composizione<\/td>\n<td>99,95% di rame minimo<\/td>\n<\/tr>\n<tr>\n<td>Densit\u00e0<\/td>\n<td>8,94 g\/cc<\/td>\n<\/tr>\n<tr>\n<td>Forma delle particelle<\/td>\n<td>Irregolare, angolare<\/td>\n<\/tr>\n<tr>\n<td>Intervallo delle dimensioni<\/td>\n<td>2-150 micron<\/td>\n<\/tr>\n<tr>\n<td>Densit\u00e0 apparente<\/td>\n<td>Fino al 50% di densit\u00e0 reale<\/td>\n<\/tr>\n<tr>\n<td>Flussibilita<\/td>\n<td>Basso-moderato<\/td>\n<\/tr>\n<tr>\n<td>Conduttivit\u00e0<\/td>\n<td>Eccellente conducibilit\u00e0 elettrica e termica<\/td>\n<\/tr>\n<tr>\n<td>Sinterabilit\u00e0<\/td>\n<td>Buona sinterabilit\u00e0 in atmosfera H2<\/td>\n<\/tr>\n<tr>\n<td>Purezza<\/td>\n<td>Rame ad elevata purezza<\/td>\n<\/tr>\n<\/tbody>\n<\/table>\n<p class=\"whitespace-pre-wrap\">Cu 99,95 garantisce un equilibrio ottimale di conduttivit\u00e0, propriet\u00e0 meccaniche, caratteristiche di sinterizzazione e costo per la fabbricazione di parti tramite pressatura e sinterizzazione.<\/p>\n<h2>Composizione in polvere Cu 99,95<\/h2>\n<p class=\"whitespace-pre-wrap\">Composizione tipica di Cu 99,95 in polvere:<\/p>\n<p class=\"whitespace-pre-wrap\"><strong>Composizione in polvere Cu 99,95<\/strong><\/p>\n<table>\n<thead>\n<tr>\n<th>Elemento<\/th>\n<th>% Peso<\/th>\n<\/tr>\n<\/thead>\n<tbody>\n<tr>\n<td>Rame (Cu)<\/td>\n<td>99,95% min<\/td>\n<\/tr>\n<tr>\n<td>Ossigeno (O)<\/td>\n<td>0,05% max<\/td>\n<\/tr>\n<tr>\n<td>Piombo (Pb)<\/td>\n<td>0,005% max<\/td>\n<\/tr>\n<tr>\n<td>Altre impurit\u00e0<\/td>\n<td>0,005% max<\/td>\n<\/tr>\n<\/tbody>\n<\/table>\n<ul class=\"list-disc pl-8 space-y-2\">\n<li class=\"whitespace-normal\">Il rame fornisce un'eccellente conduttivit\u00e0 e duttilit\u00e0<\/li>\n<li class=\"whitespace-normal\">L'ossigeno presente come impurit\u00e0 influenza la conduttivit\u00e0 e la sinterizzazione<\/li>\n<li class=\"whitespace-normal\">Piombo e altre impurit\u00e0 accuratamente controllati<\/li>\n<\/ul>\n<p class=\"whitespace-pre-wrap\">L'elevato contenuto in rame conferisce un'eccellente conduttivit\u00e0 elettrica e termica combinata con buone propriet\u00e0 meccaniche dopo la sinterizzazione.<\/p>\n<p><img loading=\"lazy\" decoding=\"async\" class=\"size-medium wp-image-1409 aligncenter\" src=\"https:\/\/met3dp.com\/wp-content\/uploads\/2023\/09\/ed7a94ec-3c10-4b1b-87ed--300x300.jpg\" alt=\"Polvere Cu 99,95\" width=\"300\" height=\"300\" title=\"\"><\/p>\n<h2>Propriet\u00e0 fisiche di Cu 99.95 in polvere<\/h2>\n<p class=\"whitespace-pre-wrap\"><strong>Propriet\u00e0 fisiche di Cu 99.95 in polvere<\/strong><\/p>\n<table>\n<thead>\n<tr>\n<th>Propriet\u00e0<\/th>\n<th>Valori<\/th>\n<\/tr>\n<\/thead>\n<tbody>\n<tr>\n<td>Densit\u00e0<\/td>\n<td>8,94 g\/cc<\/td>\n<\/tr>\n<tr>\n<td>Punto di fusione<\/td>\n<td>1083\u00a1\u00abC<\/td>\n<\/tr>\n<tr>\n<td>Conduttivit\u00e0 termica<\/td>\n<td>400 W\/mK<\/td>\n<\/tr>\n<tr>\n<td>Resistivit\u00e0 elettrica<\/td>\n<td>1,72 \u00d7 10^-8 cm<\/td>\n<\/tr>\n<tr>\n<td>Temperatura di ricristallizzazione<\/td>\n<td>200-300\u00a1\u00abC<\/td>\n<\/tr>\n<tr>\n<td>Temperatura di Curie<\/td>\n<td>-269 \u00a1\u00abC<\/td>\n<\/tr>\n<\/tbody>\n<\/table>\n<ul class=\"list-disc pl-8 space-y-2\">\n<li class=\"whitespace-normal\">Elevata densit\u00e0 rispetto al ferro e all'alluminio<\/li>\n<li class=\"whitespace-normal\">Eccellente conducibilit\u00e0 termica per la rimozione del calore<\/li>\n<li class=\"whitespace-normal\">Bassa resistivit\u00e0 elettrica fornisce elevata conduttivit\u00e0<\/li>\n<li class=\"whitespace-normal\">La resistivit\u00e0 aumenta a temperature sopra il punto di Curie<\/li>\n<li class=\"whitespace-normal\">La ricristallizzazione consente la sinterizzazione e migliora la duttilit\u00e0<\/li>\n<\/ul>\n<p class=\"whitespace-pre-wrap\">Le propriet\u00e0 fisiche rendono Cu 99,95 adatto per applicazioni come contatti elettrici e spazzole che richiedono un\u2019elevata conduttivit\u00e0.<\/p>\n<h2>Polvere Cu 99,95 Propriet\u00e0 meccaniche<\/h2>\n<p class=\"whitespace-pre-wrap\"><strong>Polvere Cu 99,95 Propriet\u00e0 meccaniche<\/strong><\/p>\n<table>\n<thead>\n<tr>\n<th>Propriet\u00e0<\/th>\n<th>Valori<\/th>\n<\/tr>\n<\/thead>\n<tbody>\n<tr>\n<td>Resistenza alla trazione<\/td>\n<td>220-340 MPa<\/td>\n<\/tr>\n<tr>\n<td>Limite di snervamento<\/td>\n<td>70-190 MPa<\/td>\n<\/tr>\n<tr>\n<td>Allungamento<\/td>\n<td>35-60%<\/td>\n<\/tr>\n<tr>\n<td>Durezza<\/td>\n<td>45-90 HB<\/td>\n<\/tr>\n<tr>\n<td>Modulo di elasticit\u00e0<\/td>\n<td>110-130 GPa<\/td>\n<\/tr>\n<tr>\n<td>Resistenza alla compressione<\/td>\n<td>500-700 MPa<\/td>\n<\/tr>\n<\/tbody>\n<\/table>\n<ul class=\"list-disc pl-8 space-y-2\">\n<li class=\"whitespace-normal\">Buona combinazione di resistenza e duttilit\u00e0 elevata<\/li>\n<li class=\"whitespace-normal\">Durezza abbastanza bassa e alta malleabilit\u00e0<\/li>\n<li class=\"whitespace-normal\">Livelli di resistenza moderata rispetto a leghe ad alta resistenza<\/li>\n<li class=\"whitespace-normal\">Le propriet\u00e0 dipendono da fattori come la porosit\u00e0 e la dimensione dei grani<\/li>\n<\/ul>\n<p class=\"whitespace-pre-wrap\">Le propriet\u00e0 meccaniche rendono il Cu 99.95 adatto per componenti conduttivi pi\u00f9 morbidi che richiedono deformazione e resistenza alla compressione.<\/p>\n<h2>Applicazioni di polvere Cu al 99,95<\/h2>\n<p class=\"whitespace-pre-wrap\">Applicazioni tipiche della polvere di Cu 99.95 includono:<\/p>\n<p class=\"whitespace-pre-wrap\"><strong>Applicazioni di polvere Cu al 99,95<\/strong><\/p>\n<table>\n<thead>\n<tr>\n<th>Industria<\/th>\n<th>Esempi di applicazioni<\/th>\n<\/tr>\n<\/thead>\n<tbody>\n<tr>\n<td>Elettrico ed elettronico<\/td>\n<td>Contatti, connettori, spazzole, schermature RF<\/td>\n<\/tr>\n<tr>\n<td>Automotive<\/td>\n<td>Spazzole, boccole, cuscinetti<\/td>\n<\/tr>\n<tr>\n<td>Industriale<\/td>\n<td>Elettrodi di saldatura, stampi di ghisa, compositi a matrice metallica<\/td>\n<\/tr>\n<tr>\n<td>Produzione<\/td>\n<td>Brasatura e saldatura, componenti per utensili<\/td>\n<\/tr>\n<tr>\n<td>Prodotti di attrito<\/td>\n<td>Pastiglie freni, dischi frizione<\/td>\n<\/tr>\n<\/tbody>\n<\/table>\n<p class=\"whitespace-pre-wrap\">Alcuni usi specifici:<\/p>\n<ul class=\"list-disc pl-8 space-y-2\">\n<li class=\"whitespace-normal\">Contatti elettrici a scorrimento e spazzole<\/li>\n<li class=\"whitespace-normal\">Componenti strutturali che richiedono conduttivit\u00e0<\/li>\n<li class=\"whitespace-normal\">Lavorazione di gioielli e prodotti artigianali<\/li>\n<li class=\"whitespace-normal\">Utensili diamantati con matrice metallica di rame<\/li>\n<li class=\"whitespace-normal\">Formulazioni di bacchette per saldatura e pasta brasante<\/li>\n<li class=\"whitespace-normal\">Fodere per stampi per la colata di leghe reattive<\/li>\n<\/ul>\n<p class=\"whitespace-pre-wrap\">L'eccellente equilibrio tra conduttivit\u00e0, propriet\u00e0 meccaniche, malleabilit\u00e0 e costo rendono Cu 99.95 adatto per questa vasta gamma di applicazioni.<\/p>\n<h2>Specifiche in polvere Cu 99,95<\/h2>\n<p class=\"whitespace-pre-wrap\">Le principali specifiche per la polvere di Cu 99,95 includono:<\/p>\n<p class=\"whitespace-pre-wrap\"><strong>Specifiche in polvere Cu 99,95<\/strong><\/p>\n<table>\n<thead>\n<tr>\n<th>Standard<\/th>\n<th>Descrizione<\/th>\n<\/tr>\n<\/thead>\n<tbody>\n<tr>\n<td>ASTM B602<\/td>\n<td>Specifiche standard per rame grezzo elettrolitico non deformato e laminato<\/td>\n<\/tr>\n<tr>\n<td>JIS H3125<\/td>\n<td>Polveri di rame elettrolitico e leghe di rame<\/td>\n<\/tr>\n<tr>\n<td>ISO 3497<\/td>\n<td>Polveri di rame per uso generico<\/td>\n<\/tr>\n<tr>\n<td>Linee guida ASTM B<\/td>\n<td>Densit\u00e0 apparente, portata, distribuzione granulometrica<\/td>\n<\/tr>\n<\/tbody>\n<\/table>\n<p class=\"whitespace-pre-wrap\">Questi standard definiscono:<\/p>\n<ul class=\"list-disc pl-8 space-y-2\">\n<li class=\"whitespace-normal\">Contenuto minimo di rame del 99,95%<\/li>\n<li class=\"whitespace-normal\">Limiti di impurezze come O, Pb<\/li>\n<li class=\"whitespace-normal\">Caratteristiche della polvere richieste<\/li>\n<li class=\"whitespace-normal\">Metodo di produzione &#8211; processo elettrolitico<\/li>\n<li class=\"whitespace-normal\">Distribuzione della misura delle particelle accettabili<\/li>\n<li class=\"whitespace-normal\">Metodi di test per le propriet\u00e0 delle polveri<\/li>\n<\/ul>\n<p class=\"whitespace-pre-wrap\">La conformit\u00e0 garantisce che la polvere soddisfi la purezza e le propriet\u00e0 richieste per l'applicazione prevista.<\/p>\n<h2>Con dimensioni delle particelle in polvere di 99,95<\/h2>\n<p class=\"whitespace-pre-wrap\"><strong>Distribuzione granulometrica della polvere Cu 99,95<\/strong><\/p>\n<table>\n<thead>\n<tr>\n<th>Dimensione particellare<\/th>\n<th>Caratteristiche<\/th>\n<\/tr>\n<\/thead>\n<tbody>\n<tr>\n<td>2-20 micron<\/td>\n<td>Polvere finissima utilizzata nella microelettronica<\/td>\n<\/tr>\n<tr>\n<td>5-30 micron<\/td>\n<td>Polvere fine per sinterizzazione e stampaggio a iniezione<\/td>\n<\/tr>\n<tr>\n<td>15-150 micron<\/td>\n<td>Polvere grossolana adatta per pressatura<\/td>\n<\/tr>\n<\/tbody>\n<\/table>\n<ul class=\"list-disc pl-8 space-y-2\">\n<li class=\"whitespace-normal\">Dimensioni di polvere pi\u00f9 fini offrono una maggiore densit\u00e0 sinterizzata<\/li>\n<li class=\"whitespace-normal\">Una polvere grossolana presenta una maggiore scorrevolezza per un riempimento automatizzato<\/li>\n<li class=\"whitespace-normal\">Gamma taglie adattata ai requisiti del componente<\/li>\n<li class=\"whitespace-normal\">Sono disponibili sia forme di polvere irregolari che sferiche<\/li>\n<\/ul>\n<p class=\"whitespace-pre-wrap\">Il controllo della distribuzione dimensionale delle particelle consente di ottimizzare le caratteristiche di pressatura, densit\u00e0 sinterizzata e propriet\u00e0.<\/p>\n<h2>Cu 99.95 Densit\u00e0 apparente della polvere<\/h2>\n<p class=\"whitespace-pre-wrap\"><strong>Cu 99.95 Densit\u00e0 apparente della polvere<\/strong><\/p>\n<table>\n<thead>\n<tr>\n<th>Densit\u00e0 apparente<\/th>\n<th>Dettagli<\/th>\n<\/tr>\n<\/thead>\n<tbody>\n<tr>\n<td>Fino al 50% di densit\u00e0 reale<\/td>\n<td>Per morfologie di polveri irregolari<\/td>\n<\/tr>\n<tr>\n<td>Tipica 3,5-5,0 g\/cc<\/td>\n<td>Compatti a densit\u00e0 quasi completa dopo la pressatura e la sinterizzazione<\/td>\n<\/tr>\n<\/tbody>\n<\/table>\n<ul class=\"list-disc pl-8 space-y-2\">\n<li class=\"whitespace-normal\">Una densit\u00e0 apparente pi\u00f9 alta aumenta il flusso e la compattezza della polvere<\/li>\n<li class=\"whitespace-normal\">La morfologia irregolare limita la massima densit\u00e0 di impaccamento<\/li>\n<li class=\"whitespace-normal\">Con polvere sferica ottimizzata sono possibili valori fino al 60%<\/li>\n<li class=\"whitespace-normal\">Un'elevata densit\u00e0 verde dopo la compressione consente una buona sinterizzazione.<\/li>\n<\/ul>\n<p class=\"whitespace-pre-wrap\">Una maggiore densit\u00e0 apparente migliora la produttivit\u00e0 di fabbricazione e la qualit\u00e0 delle parti.<\/p>\n<h2>Metodo di produzione della polvere Cu 99.95<\/h2>\n<p class=\"whitespace-pre-wrap\"><strong>Produzione di polveri Cu 99,95<\/strong><\/p>\n<table>\n<thead>\n<tr>\n<th>Metodo<\/th>\n<th>Dettagli<\/th>\n<\/tr>\n<\/thead>\n<tbody>\n<tr>\n<td>Elettrolisi<\/td>\n<td>Catodo di rame dissolti anodicamente in ioni Cu+ che vengono depositati su catodi di acciaio inossidabile<\/td>\n<\/tr>\n<tr>\n<td>Rettifica<\/td>\n<td>Polvere grossolana suddivisa e classificata in specifiche fasce dimensionali<\/td>\n<\/tr>\n<tr>\n<td>Ricottura<\/td>\n<td>Addolcisce le particelle di polvere e migliora la comprimibilit\u00e0<\/td>\n<\/tr>\n<tr>\n<td>Riduzione dell'atmosfera<\/td>\n<td>Impedisce l'ossidazione delle particelle durante la produzione<\/td>\n<\/tr>\n<\/tbody>\n<\/table>\n<ul class=\"list-disc pl-8 space-y-2\">\n<li class=\"whitespace-normal\">Il processo elettrolitico automatizzato consente la produzione di polveri di alta purezza<\/li>\n<li class=\"whitespace-normal\">La macinazione e setacciatura forniscono una distribuzione controllata della granulometria<\/li>\n<li class=\"whitespace-normal\">La ricottura consente un facile compattamento in parti ad alta densit\u00e0<\/li>\n<li class=\"whitespace-normal\">Rigorosi controlli di processo garantiscono una qualit\u00e0 della polvere affidabile e costante<\/li>\n<\/ul>\n<h2>Tariffe della polvere di rame 99.95<\/h2>\n<p class=\"whitespace-pre-wrap\"><strong>Tariffe della polvere di rame 99.95<\/strong><\/p>\n<table>\n<thead>\n<tr>\n<th>Fattore<\/th>\n<th>Impatto sul prezzo<\/th>\n<\/tr>\n<\/thead>\n<tbody>\n<tr>\n<td>Grado di purezza<\/td>\n<td>I gradi con una purezza pi\u00f9 elevata sono pi\u00f9 costosi<\/td>\n<\/tr>\n<tr>\n<td>Dimensione particellare<\/td>\n<td>L'ultrafine \u00e8 pi\u00f9 costoso<\/td>\n<\/tr>\n<tr>\n<td>Quantit\u00e0 ordine<\/td>\n<td>Il prezzo diminuisce con ordini all'ingrosso<\/td>\n<\/tr>\n<tr>\n<td>Metodo di produzione<\/td>\n<td>Elaborazione aggiuntiva aumenta i costi<\/td>\n<\/tr>\n<tr>\n<td>Packaging<\/td>\n<td>Imballaggi speciali come la sigillatura sottovuoto aumentano i costi<\/td>\n<\/tr>\n<\/tbody>\n<\/table>\n<p class=\"whitespace-pre-wrap\"><strong>Prezzario indicativo<\/strong><\/p>\n<ul class=\"list-disc pl-8 space-y-2\">\n<li class=\"whitespace-normal\">Fondo polvere fine 99,95: $ 8-12 al kg<\/li>\n<li class=\"whitespace-normal\">Con 99,95 di polvere grezza: 7-10 euro al kg<\/li>\n<li class=\"whitespace-normal\">Prezzo ridotto applicabile per ordini all'ingrosso&gt;500 kg<\/li>\n<\/ul>\n<p class=\"whitespace-pre-wrap\">I prezzi variano in base al volume dell'ordinativo, alla granulometria, al metodo di produzione, al livello di purezza e al confezionamento.<\/p>\n<h2>Fornitori di Cu 99,95 in polvere<\/h2>\n<p class=\"whitespace-pre-wrap\"><strong>Fornitori di Cu 99,95 in polvere<\/strong><\/p>\n<table>\n<thead>\n<tr>\n<th>Azienda<\/th>\n<th>Ubicazione<\/th>\n<\/tr>\n<\/thead>\n<tbody>\n<tr>\n<td>Kymera International<\/td>\n<td>USA<\/td>\n<\/tr>\n<tr>\n<td>GGP Metalpowder<\/td>\n<td>Germania<\/td>\n<\/tr>\n<tr>\n<td>American Chemet Corporation<\/td>\n<td>USA<\/td>\n<\/tr>\n<tr>\n<td>Shanghai CNPC Powder Material<\/td>\n<td>Cina<\/td>\n<\/tr>\n<tr>\n<td>Nuclead<\/td>\n<td>Francia<\/td>\n<\/tr>\n<tr>\n<td>Libo Metals<\/td>\n<td>Cina<\/td>\n<\/tr>\n<\/tbody>\n<\/table>\n<p class=\"whitespace-pre-wrap\">Fattori di selezione dei fornitori:<\/p>\n<ul class=\"list-disc pl-8 space-y-2\">\n<li class=\"whitespace-normal\">Gradi e livelli di purezza della polvere offerti<\/li>\n<li class=\"whitespace-normal\">Capacit\u00e0 produttiva e tempi di consegna<\/li>\n<li class=\"whitespace-normal\">intervalli di dimensioni medie delle particelle<\/li>\n<li class=\"whitespace-normal\">Personalizzazione della distribuzione delle dimensioni<\/li>\n<li class=\"whitespace-normal\">Imballaggio e quantit\u00e0 minima d\u2019ordine<\/li>\n<li class=\"whitespace-normal\">Livelli di prezzo basati sul volume degli ordini<\/li>\n<li class=\"whitespace-normal\">Conformit\u00e0 alle specifiche internazionali<\/li>\n<\/ul>\n<h2>Gestione e stoccaggio di polvere Cu 99,95<\/h2>\n<p class=\"whitespace-pre-wrap\"><strong>Gestione polvere Cu 99.95<\/strong><\/p>\n<table>\n<thead>\n<tr>\n<th>Raccomandazione<\/th>\n<th>Motivo<\/th>\n<\/tr>\n<\/thead>\n<tbody>\n<tr>\n<td>Evitare l'inalazione<\/td>\n<td>Potenziale irritazione delle vie respiratorie<\/td>\n<\/tr>\n<tr>\n<td>Utilizzare mascherine, guanti<\/td>\n<td>Impedire ingestione<\/td>\n<\/tr>\n<tr>\n<td>Assicurarsi di una corretta ventilazione<\/td>\n<td>Riduci le particelle disperse nell'aria<\/td>\n<\/tr>\n<tr>\n<td>Evitare fonti di accensione<\/td>\n<td>Pericolo di polvere infiammabile<\/td>\n<\/tr>\n<tr>\n<td>Segui le procedure antistatiche<\/td>\n<td>Impedire l'incendio da scarica statica<\/td>\n<\/tr>\n<tr>\n<td>Utilizzare utensili anti-scintilla<\/td>\n<td>Evitare l'accensione durante la gestione<\/td>\n<\/tr>\n<tr>\n<td>Conservare in luogo fresco e asciutto<\/td>\n<td>Previene l'ossidazione e l'assorbimento dell'umidit\u00e0<\/td>\n<\/tr>\n<\/tbody>\n<\/table>\n<p class=\"whitespace-pre-wrap\"><strong>Consigli in merito allo storage<\/strong><\/p>\n<ul class=\"list-disc pl-8 space-y-2\">\n<li class=\"whitespace-normal\">Conservare in contenitori sigillati lontano da acidi o cloruri<\/li>\n<li class=\"whitespace-normal\">Mantenere le temperature al di sotto di 27\u00a1\u00abC<\/li>\n<li class=\"whitespace-normal\">Limita l'esposizione a:\n<ul class=\"list-disc pl-8 space-y-2\">\n<li class=\"whitespace-normal\">Acidi ossidanti, come l'acido nitrico<\/li>\n<li class=\"whitespace-normal\">Acido solforico caldo<\/li>\n<li class=\"whitespace-normal\">Solfuro di idrogeno<\/li>\n<li class=\"whitespace-normal\">Soluzioni ammoniacali<\/li>\n<li class=\"whitespace-normal\">Idrocarburi clorurati<\/li>\n<\/ul>\n<\/li>\n<\/ul>\n<p class=\"whitespace-pre-wrap\">Una corretta gestione e stoccaggio aiutano a preservare la purezza e prevenire rischi di reattivit\u00e0 o incendio.<\/p>\n<h2>Ispezione e collaudo polvere Cu 99.95<\/h2>\n<p class=\"whitespace-pre-wrap\"><strong>Prove di polvere Cu 99,95<\/strong><\/p>\n<table>\n<thead>\n<tr>\n<th>Tipo di test<\/th>\n<th>Dettagli<\/th>\n<\/tr>\n<\/thead>\n<tbody>\n<tr>\n<td>Analisi chimica<\/td>\n<td>Analisi ICP per verificare la composizione<\/td>\n<\/tr>\n<tr>\n<td>Distribuzione granulometrica<\/td>\n<td>Analisi della diffrazione laser<\/td>\n<\/tr>\n<tr>\n<td>Densit\u00e0 apparente<\/td>\n<td>Test di flussometro a canale secondo ASTM B212<\/td>\n<\/tr>\n<tr>\n<td>Morphologia delle polveri<\/td>\n<td>Immagini SEM<\/td>\n<\/tr>\n<tr>\n<td>Densit\u00e0 del materiale compattato<\/td>\n<td>Misurato dopo l'inserzione meccanica<\/td>\n<\/tr>\n<tr>\n<td>Analisi del flusso di lavoro<\/td>\n<td>Portata di flusso per gravit\u00e0 attraverso uno specifico ugello<\/td>\n<\/tr>\n<\/tbody>\n<\/table>\n<p class=\"whitespace-pre-wrap\">Una rigorosa attivit\u00e0 di test garantisce che la polvere ottemperi alle specifiche chimiche, fisiche e morfologiche richieste per l'applicazione.<\/p>\n<h2>99,95 Polvere Cons e Pro<\/h2>\n<p class=\"whitespace-pre-wrap\"><strong>Vantaggi della polvere di rame Cu 99,95<\/strong><\/p>\n<ul class=\"list-disc pl-8 space-y-2\">\n<li class=\"whitespace-normal\">Eccellente conducibilit\u00e0 elettrica e termica<\/li>\n<li class=\"whitespace-normal\">Buona duttilit\u00e0 e malleabilit\u00e0<\/li>\n<li class=\"whitespace-normal\">Economicamente vantaggioso rispetto al solo argento o oro<\/li>\n<li class=\"whitespace-normal\">Buona resistenza alla corrosione e biocompatibilit\u00e0<\/li>\n<li class=\"whitespace-normal\">Facile da sinterizzare e comprimere in parti ad alta densit\u00e0<\/li>\n<li class=\"whitespace-normal\">Riciclabile ed ecocompatibile<\/li>\n<\/ul>\n<p class=\"whitespace-pre-wrap\"><strong>Limiti di Cu 99,95 Powder<\/strong><\/p>\n<ul class=\"list-disc pl-8 space-y-2\">\n<li class=\"whitespace-normal\">Resistenza inferiore rispetto alle leghe ad alta resistenza<\/li>\n<li class=\"whitespace-normal\">Resistenza moderata all'ossidazione ad alta temperatura<\/li>\n<li class=\"whitespace-normal\">Pesante rispetto al magnesio e alluminio<\/li>\n<li class=\"whitespace-normal\">Non idoneo a componenti sottoposti a carico con notevole stress<\/li>\n<li class=\"whitespace-normal\">Superficie che si ossida nel tempo se non \u00e8 rivestita<\/li>\n<li class=\"whitespace-normal\">Applicazioni di contatto con cibo limitato<\/li>\n<\/ul>\n<h2>Confronto con la polvere CuCrZr<\/h2>\n<p class=\"whitespace-pre-wrap\"><strong>Cu 99,95 contro CuCrZr in polvere<\/strong><\/p>\n<table>\n<thead>\n<tr>\n<th>Parametro<\/th>\n<th>Cu 99.95<\/th>\n<th>CuCrZr<\/th>\n<\/tr>\n<\/thead>\n<tbody>\n<tr>\n<td>Densit\u00e0<\/td>\n<td>8,94 g\/cc<\/td>\n<td>8,8 g\/cc<\/td>\n<\/tr>\n<tr>\n<td>Forza<\/td>\n<td>220-340 MPa<\/td>\n<td>450-650 MPa<\/td>\n<\/tr>\n<tr>\n<td>Conduttivit\u00e0<\/td>\n<td>Eccellente<\/td>\n<td>Moderato<\/td>\n<\/tr>\n<tr>\n<td>Stabilit\u00e0 termica<\/td>\n<td>Fiera<\/td>\n<td>Eccellente<\/td>\n<\/tr>\n<tr>\n<td>Costi<\/td>\n<td>Scarso<\/td>\n<td>Elevato<\/td>\n<\/tr>\n<tr>\n<td>Usi<\/td>\n<td>Efficienza energetica, portata termica, carico moderato<\/td>\n<td>Componenti strutturali ad alta resistenza<\/td>\n<\/tr>\n<\/tbody>\n<\/table>\n<ul class=\"list-disc pl-8 space-y-2\">\n<li class=\"whitespace-normal\">Cu 99,95 ha migliore conduttivit\u00e0 e costo inferiore<\/li>\n<li class=\"whitespace-normal\">CuCrZr fornisce maggiore resistenza e stabilit\u00e0 termica<\/li>\n<li class=\"whitespace-normal\">Cu 99.95 adatto per componenti conduttori pi\u00f9 morbidi<\/li>\n<li class=\"whitespace-normal\">CuCrZr preferito per parti strutturali ad alto carico<\/li>\n<\/ul>\n<h2>FAQ sui 99.95 Powder<\/h2>\n<p class=\"whitespace-pre-wrap\"><strong>D: Quali sono le principali applicazioni della polvere di Cu 99,95?<\/strong><\/p>\n<p class=\"whitespace-pre-wrap\">A: Le principali applicazioni includono contatti elettrici, spazzole, prodotti di saldatura, utensili diamantati, leghe per brasatura, materiali di attrito e compositi a matrice metallica. Viene ampiamente utilizzato in prodotti elettronici, automobilistici e industriali.<\/p>\n<p class=\"whitespace-pre-wrap\"><strong>D: Cosa influenza le propriet\u00e0 dei pezzi in polvere di Cu 99,95?<\/strong><\/p>\n<p class=\"whitespace-pre-wrap\">A: I principali fattori che influenzano le propriet\u00e0 sono la densit\u00e0 apparente, la quantit\u00e0 di lubrificante, la pressione di compattazione, il tempo di sinterizzazione\/temperatura, la composizione della polvere, la distribuzione delle dimensioni delle particelle e la presenza di impurit\u00e0.<\/p>\n<p class=\"whitespace-pre-wrap\"><strong>D: Quali accorgimenti dovrebbero essere presi durante la manipolazione della polvere di Cu 99.95?<\/strong><\/p>\n<p class=\"whitespace-pre-wrap\">La precauzioni raccomandate comprendono evitare l'inalazione, assicurare un'adeguata ventilazione, indossare un equipaggiamento protettivo, controllare le scariche statiche, utilizzare attrezzi non generatori di scintille, evitare fonti di accensione e conservare in un luogo fresco e asciutto in contenitori sigillati.<\/p>\n<p class=\"whitespace-pre-wrap\"><strong>D: In che modo la polvere di Cu al 99,95% si differenzia dalle polveri di bronzo e ottone?<\/strong><\/p>\n<p class=\"whitespace-pre-wrap\">A: Il bronzo e l'ottone sono leghe di rame con stagno e zinco, mentre il Cu 99.95 \u00e8 rame puro. Ha una conduttivit\u00e0 pi\u00f9 elevata ma una minore resistenza rispetto al bronzo o all'ottone. Il Cu 99.95 \u00e8 pi\u00f9 conveniente.<\/p>\n<p><\/span><\/span><\/p>","protected":false},"excerpt":{"rendered":"<p>Panoramica della polvere di Cu 99,95 La polvere di Cu 99,95, detta anche polvere di rame elettrolitico tenace (ETP), \u00e8 una polvere di rame di elevata purezza contenente almeno il 99,95% di rame. Presenta un'eccellente conducibilit\u00e0 elettrica e termica, unita a buone propriet\u00e0 meccaniche. Le applicazioni principali includono contatti elettrici, spazzole, prodotti per la saldatura, brasatura, materiali per l'attrito e...<\/p>","protected":false},"featured_media":1829,"parent":0,"template":"","meta":{"_acf_changed":false,"_kad_blocks_custom_css":"","_kad_blocks_head_custom_js":"","_kad_blocks_body_custom_js":"","_kad_blocks_footer_custom_js":"","_kad_post_transparent":"","_kad_post_title":"","_kad_post_layout":"","_kad_post_sidebar_id":"","_kad_post_content_style":"","_kad_post_vertical_padding":"","_kad_post_feature":"","_kad_post_feature_position":"","_kad_post_header":false,"_kad_post_footer":false,"_kad_post_classname":""},"product-category":[119,129],"class_list":["post-3914","product","type-product","status-publish","has-post-thumbnail","hentry","product-category-3d-printing-metal-powder","product-category-copper-alloy-powder"],"acf":[],"taxonomy_info":{"product-category":[{"value":119,"label":"3D Printing Metal Powder"},{"value":129,"label":"Copper Alloy Powder"}]},"featured_image_src_large":["https:\/\/3dpmetal.com\/wp-content\/uploads\/2024\/02\/Cu-99.95-Powder.jpg",600,600,false],"author_info":[],"comment_info":"","_links":{"self":[{"href":"https:\/\/3dpmetal.com\/it\/wp-json\/wp\/v2\/product\/3914","targetHints":{"allow":["GET"]}}],"collection":[{"href":"https:\/\/3dpmetal.com\/it\/wp-json\/wp\/v2\/product"}],"about":[{"href":"https:\/\/3dpmetal.com\/it\/wp-json\/wp\/v2\/types\/product"}],"wp:featuredmedia":[{"embeddable":true,"href":"https:\/\/3dpmetal.com\/it\/wp-json\/wp\/v2\/media\/1829"}],"wp:attachment":[{"href":"https:\/\/3dpmetal.com\/it\/wp-json\/wp\/v2\/media?parent=3914"}],"wp:term":[{"taxonomy":"product-category","embeddable":true,"href":"https:\/\/3dpmetal.com\/it\/wp-json\/wp\/v2\/product-category?post=3914"}],"curies":[{"name":"wp","href":"https:\/\/api.w.org\/{rel}","templated":true}]}}