{"id":3915,"date":"2024-03-18T06:10:14","date_gmt":"2024-03-18T06:10:14","guid":{"rendered":"https:\/\/3dp.45612300.xyz\/product\/cusn10-powder\/"},"modified":"2024-03-18T06:10:14","modified_gmt":"2024-03-18T06:10:14","slug":"cusn10-powder","status":"publish","type":"product","link":"https:\/\/3dpmetal.com\/it\/product\/cusn10-powder\/","title":{"rendered":"Polvere CuSn10"},"content":{"rendered":"<p><span style=\"vertical-align: inherit;\"><span style=\"vertical-align: inherit;\"><\/p>\n<h2>Panoramica sulla polvere CuSn10<\/h2>\n<p class=\"whitespace-pre-wrap\">La polvere di CuSn10 \u00e8 una lega di rame-stagno contenente circa il 10% di stagno e il resto rame. Offre un'eccellente combinazione di resistenza, duttilit\u00e0, resistenza alla corrosione, resistenza all'usura e propriet\u00e0 antifrizione.<\/p>\n<p class=\"whitespace-pre-wrap\">Le propriet\u00e0 e le applicazioni principali della polvere CuSn10 includono:<\/p>\n<p class=\"whitespace-pre-wrap\"><strong>Propriet\u00e0 e caratteristiche della polvere CuSn10<\/strong><\/p>\n<table>\n<thead>\n<tr>\n<th>Propriet\u00e0<\/th>\n<th>Dettagli<\/th>\n<\/tr>\n<\/thead>\n<tbody>\n<tr>\n<td>Composizione<\/td>\n<td>90% rame, 10% stagno<\/td>\n<\/tr>\n<tr>\n<td>Densit\u00e0<\/td>\n<td>8,8 g\/cc<\/td>\n<\/tr>\n<tr>\n<td>Forma delle particelle<\/td>\n<td>Irregolare, angolare<\/td>\n<\/tr>\n<tr>\n<td>Intervallo delle dimensioni<\/td>\n<td>5-150 micron<\/td>\n<\/tr>\n<tr>\n<td>Densit\u00e0 apparente<\/td>\n<td>Fino al 50% di densit\u00e0 reale<\/td>\n<\/tr>\n<tr>\n<td>Flussibilita<\/td>\n<td>Moderato<\/td>\n<\/tr>\n<tr>\n<td>Forza<\/td>\n<td>Ideale per le polveri di leghe di Cu<\/td>\n<\/tr>\n<tr>\n<td>Ducilit\u00e0<\/td>\n<td>Bene<\/td>\n<\/tr>\n<tr>\n<td>Resistenza alla corrosione<\/td>\n<td>Davvero ottimo<\/td>\n<\/tr>\n<\/tbody>\n<\/table>\n<p class=\"whitespace-pre-wrap\">CuSn10 \u00e8 ampiamente utilizzato in gabbie cuscinetti, boccole, bacchette da saldatura e parti soggette a usura nei settori automobilistico, elettrico e industriale.<\/p>\n<h2>Composizione della polvere CuSn10<\/h2>\n<p class=\"whitespace-pre-wrap\">Composizione tipica di polvere CuSn10:<\/p>\n<p class=\"whitespace-pre-wrap\"><strong>Composizione della polvere CuSn10<\/strong><\/p>\n<table>\n<thead>\n<tr>\n<th>Elemento<\/th>\n<th>% Peso<\/th>\n<\/tr>\n<\/thead>\n<tbody>\n<tr>\n<td>Rame (Cu)<\/td>\n<td>Resto<\/td>\n<\/tr>\n<tr>\n<td>Stagno (Sn)<\/td>\n<td>9-11%<\/td>\n<\/tr>\n<tr>\n<td>Piombo (Pb)<\/td>\n<td>0,2% max<\/td>\n<\/tr>\n<tr>\n<td>Zinco (Zn)<\/td>\n<td>0,5% massimo<\/td>\n<\/tr>\n<tr>\n<td>Altre impurit\u00e0<\/td>\n<td>0,1% max<\/td>\n<\/tr>\n<\/tbody>\n<\/table>\n<ul class=\"list-disc pl-8 space-y-2\">\n<li class=\"whitespace-normal\">Il rame offre un'eccellente conduttivit\u00e0, resistenza alla corrosione e duttilit\u00e0<\/li>\n<li class=\"whitespace-normal\">Lo stagno ne migliora resistenza, durezza e resistenza all'usura<\/li>\n<li class=\"whitespace-normal\">Piombo, zinco e altre impurit\u00e0 attentamente controllate<\/li>\n<\/ul>\n<p class=\"whitespace-pre-wrap\">Il rapporto Cu-Sn ottimizzato fornisce un'eccellente combinazione di resistenza, duttilit\u00e0 e lavorabilit\u00e0.<\/p>\n<p><img loading=\"lazy\" decoding=\"async\" class=\"size-medium wp-image-1409 aligncenter\" src=\"https:\/\/met3dp.com\/wp-content\/uploads\/2023\/09\/ed7a94ec-3c10-4b1b-87ed--300x300.jpg\" alt=\"CuSn10\" width=\"300\" height=\"300\" title=\"\"><\/p>\n<h2>Propriet\u00e0 fisiche polvere CuSn10<\/h2>\n<p class=\"whitespace-pre-wrap\"><strong>Propriet\u00e0 fisiche polvere CuSn10<\/strong><\/p>\n<table>\n<thead>\n<tr>\n<th>Propriet\u00e0<\/th>\n<th>Valore<\/th>\n<\/tr>\n<\/thead>\n<tbody>\n<tr>\n<td>Densit\u00e0<\/td>\n<td>8,8 g\/cc<\/td>\n<\/tr>\n<tr>\n<td>Punto di fusione<\/td>\n<td>1020-1040\u00a1\u00abC<\/td>\n<\/tr>\n<tr>\n<td>Conduttivit\u00e0 termica<\/td>\n<td>55 W\/mK<\/td>\n<\/tr>\n<tr>\n<td>Resistivit\u00e0 elettrica<\/td>\n<td>7-9 pollici x 8 cm<\/td>\n<\/tr>\n<tr>\n<td>Temperatura di ricristallizzazione<\/td>\n<td>150-250\u00a1\u00abC<\/td>\n<\/tr>\n<tr>\n<td>Temperatura massima di servizio<\/td>\n<td>250\u00b0 C<\/td>\n<\/tr>\n<\/tbody>\n<\/table>\n<ul class=\"list-disc pl-8 space-y-2\">\n<li class=\"whitespace-normal\">La densit\u00e0 \u00e8 superiore a quella del rame<\/li>\n<li class=\"whitespace-normal\">Punto di fusione ridotto rispetto al rame puro<\/li>\n<li class=\"whitespace-normal\">Manutenzione della buona conducibilit\u00e0<\/li>\n<li class=\"whitespace-normal\">La ricristallizzazione consente la compattazione delle polveri<\/li>\n<li class=\"whitespace-normal\">Pu\u00f2 resistere a temperature operative moderatamente elevate<\/li>\n<\/ul>\n<p class=\"whitespace-pre-wrap\">Le propriet\u00e0 fisiche permettono di utilizzare CuSn10 nei componenti elettrici che richiedono una buona conducibilit\u00e0 e resistenza.<\/p>\n<h2>Propriet\u00e0 meccaniche della polvere di CuSn10<\/h2>\n<p class=\"whitespace-pre-wrap\"><strong>Propriet\u00e0 meccaniche della polvere di CuSn10<\/strong><\/p>\n<table>\n<thead>\n<tr>\n<th>Propriet\u00e0<\/th>\n<th>Valori<\/th>\n<\/tr>\n<\/thead>\n<tbody>\n<tr>\n<td>Durezza<\/td>\n<td>80-110 HB<\/td>\n<\/tr>\n<tr>\n<td>Resistenza alla trazione<\/td>\n<td>350-550 MPa<\/td>\n<\/tr>\n<tr>\n<td>Limite di snervamento<\/td>\n<td>220-320 MPa<\/td>\n<\/tr>\n<tr>\n<td>Allungamento<\/td>\n<td>10-20%<\/td>\n<\/tr>\n<tr>\n<td>Modulo di elasticit\u00e0<\/td>\n<td>110-140 GPa<\/td>\n<\/tr>\n<\/tbody>\n<\/table>\n<ul class=\"list-disc pl-8 space-y-2\">\n<li class=\"whitespace-normal\">Eccellente resistenza per una polvere di lega di rame<\/li>\n<li class=\"whitespace-normal\">Significativamente superiore al puro rame in polvere<\/li>\n<li class=\"whitespace-normal\">Buona duttilit\u00e0 per la composizione di stagno al 10%<\/li>\n<li class=\"whitespace-normal\">Valori di durezza adatti per applicazioni di usura<\/li>\n<li class=\"whitespace-normal\">Le propriet\u00e0 dipendono dal metodo di produzione e porosit\u00e0<\/li>\n<\/ul>\n<p class=\"whitespace-pre-wrap\">Le propriet\u00e0 meccaniche consentono l'impiego di polvere CuSn10 in componenti elettrici e di attrito ad elevata resistenza.<\/p>\n<h2>Applicazioni della polvere CuSn10<\/h2>\n<p class=\"whitespace-pre-wrap\">Alcune delle applicazioni tipiche della polvere CuSn10 includono:<\/p>\n<p class=\"whitespace-pre-wrap\"><strong>Applicazioni della polvere CuSn10<\/strong><\/p>\n<table>\n<thead>\n<tr>\n<th>Industria<\/th>\n<th>Esempi di applicazioni<\/th>\n<\/tr>\n<\/thead>\n<tbody>\n<tr>\n<td>Automotive<\/td>\n<td>Cuscinetti, boccole, pastiglie dei freni<\/td>\n<\/tr>\n<tr>\n<td>Elettrico<\/td>\n<td>Elettrodi per saldatura, connettori, contatti<\/td>\n<\/tr>\n<tr>\n<td>Industriale<\/td>\n<td>Gabbie per cuscinetti, guarnizioni di tenuta, giranti<\/td>\n<\/tr>\n<tr>\n<td>Produzione<\/td>\n<td>Componenti di utensili sinterizzati<\/td>\n<\/tr>\n<tr>\n<td>Olio e gas<\/td>\n<td>Boccole, valvole a sfera<\/td>\n<\/tr>\n<\/tbody>\n<\/table>\n<p class=\"whitespace-pre-wrap\">Alcuni usi specifici del prodotto:<\/p>\n<ul class=\"list-disc pl-8 space-y-2\">\n<li class=\"whitespace-normal\">Gabbie di supporto con requisiti antifrizione<\/li>\n<li class=\"whitespace-normal\">Boccole e cuscinetti reggispinta in applicazioni ad alti carichi<\/li>\n<li class=\"whitespace-normal\">Pastiglie dei freni e guarnizioni della frizione per autoveicoli<\/li>\n<li class=\"whitespace-normal\">Connettori elettrici e spine<\/li>\n<li class=\"whitespace-normal\">Leghe di saldatura e pasta saldante<\/li>\n<li class=\"whitespace-normal\">Componenti di piping come valvole e flange<\/li>\n<\/ul>\n<p class=\"whitespace-pre-wrap\">L'eccellente combinazione di resistenza, duttilit\u00e0 e costo rende CuSn10 una scelta popolare per queste applicazioni.<\/p>\n<h2>Specifiche della polvere CuSn10<\/h2>\n<p class=\"whitespace-pre-wrap\">Le specifiche principali per la polvere CuSn10 includono:<\/p>\n<p class=\"whitespace-pre-wrap\"><strong>Specifiche della polvere CuSn10<\/strong><\/p>\n<table>\n<thead>\n<tr>\n<th>Standard<\/th>\n<th>Descrizione<\/th>\n<\/tr>\n<\/thead>\n<tbody>\n<tr>\n<td>ISO 44001<\/td>\n<td>Polveri di rame e leghe di rame &#8211; Specifiche<\/td>\n<\/tr>\n<tr>\n<td>ASTM B602<\/td>\n<td>Specifica standard per polveri di lega di rame<\/td>\n<\/tr>\n<tr>\n<td>EN 1982<\/td>\n<td>Specifiche per lingotti e getti in rame e leghe di rame<\/td>\n<\/tr>\n<tr>\n<td>JIS H2111<\/td>\n<td>Polveri di bronzo<\/td>\n<\/tr>\n<\/tbody>\n<\/table>\n<p class=\"whitespace-pre-wrap\">Questi definiscono:<\/p>\n<ul class=\"list-disc pl-8 space-y-2\">\n<li class=\"whitespace-normal\">Limiti composizionali chimici<\/li>\n<li class=\"whitespace-normal\">Metodo di produzione &#8211; atomizzazione<\/li>\n<li class=\"whitespace-normal\">Propriet\u00e0 fisiche e meccaniche richieste<\/li>\n<li class=\"whitespace-normal\">Livelli di impurezza accettabili<\/li>\n<li class=\"whitespace-normal\">Distribuzione granulometrica<\/li>\n<li class=\"whitespace-normal\">Protocolli di test<\/li>\n<\/ul>\n<p class=\"whitespace-pre-wrap\">La conformit\u00e0 assicura idoneit\u00e0 ad applicazioni previste in tutti i mercati globali.<\/p>\n<h2>Dimensioni delle particelle in polvere CuSn10<\/h2>\n<p class=\"whitespace-pre-wrap\"><strong>Distribuzione delle dimensioni delle particelle di polvere CuSn10<\/strong><\/p>\n<table>\n<thead>\n<tr>\n<th>Dimensione particellare<\/th>\n<th>Caratteristiche<\/th>\n<\/tr>\n<\/thead>\n<tbody>\n<tr>\n<td>Da 5-25 micron<\/td>\n<td>Grado ultrafine per finiture ad alta densit\u00e0 e superficie<\/td>\n<\/tr>\n<tr>\n<td>15-45 micron<\/td>\n<td>Dimensioni comuni per pressatura e sinterizzazione<\/td>\n<\/tr>\n<tr>\n<td>45-150 micron<\/td>\n<td>Dimensioni pi\u00f9 grandi per una migliore scorrevolezza della polvere<\/td>\n<\/tr>\n<\/tbody>\n<\/table>\n<ul class=\"list-disc pl-8 space-y-2\">\n<li class=\"whitespace-normal\">Particelle pi\u00f9 fini consentono una maggiore densificazione<\/li>\n<li class=\"whitespace-normal\">Particelle pi\u00f9 grandi migliorano le propriet\u00e0 di flusso della polvere<\/li>\n<li class=\"whitespace-normal\">Le dimensioni vengono selezionate in base alle propriet\u00e0 finali necessarie delle parti<\/li>\n<li class=\"whitespace-normal\">Sono disponibili sia forme sferiche che irregolari<\/li>\n<\/ul>\n<p class=\"whitespace-pre-wrap\">Il controllo della distribuzione della pezzatura ottimizza le caratteristiche di pressatura e la densit\u00e0 finale sinterizzata.<\/p>\n<h2>Densit\u00e0 apparente della polvere CuSn10<\/h2>\n<p class=\"whitespace-pre-wrap\"><strong>Densit\u00e0 apparente della polvere CuSn10<\/strong><\/p>\n<table>\n<thead>\n<tr>\n<th>Densit\u00e0 apparente<\/th>\n<th>Dettagli<\/th>\n<\/tr>\n<\/thead>\n<tbody>\n<tr>\n<td>Fino al 50% di densit\u00e0 reale<\/td>\n<td>Per polvere di morfologia irregolare<\/td>\n<\/tr>\n<tr>\n<td>4,5-6,5 g\/cc<\/td>\n<td>Si migliora con maggiore densit\u00e0 di confezionamento<\/td>\n<\/tr>\n<\/tbody>\n<\/table>\n<ul class=\"list-disc pl-8 space-y-2\">\n<li class=\"whitespace-normal\">Una densit\u00e0 apparente pi\u00f9 alta aumenta il flusso e la compattezza della polvere<\/li>\n<li class=\"whitespace-normal\">Grazie all\u2019uso di polvere sferica ottimizzata, \u00e8 possibile raggiungere densit\u00e0 fino al 60%<\/li>\n<li class=\"whitespace-normal\">L'elevata densit\u00e0 apparente consente un pi\u00f9 facile compattamento in parti grezze<\/li>\n<\/ul>\n<p class=\"whitespace-pre-wrap\">Una densit\u00e0 apparentemente pi\u00f9 elevata porta a una maggiore produttivit\u00e0 nella lavorazione e alla qualit\u00e0 delle parti.<\/p>\n<h2>Metodo di produzione della polvere CuSn10<\/h2>\n<p class=\"whitespace-pre-wrap\"><strong>Produzione polvere CuSn10<\/strong><\/p>\n<table>\n<thead>\n<tr>\n<th>Metodo<\/th>\n<th>Dettagli<\/th>\n<\/tr>\n<\/thead>\n<tbody>\n<tr>\n<td>Atomizzazione<\/td>\n<td>Un flusso di lega fusa frantumato in particelle fini che si solidificano in polvere<\/td>\n<\/tr>\n<tr>\n<td>Fusione a induzione<\/td>\n<td>Rame puro e stagno fusi insieme in atmosfera controllata<\/td>\n<\/tr>\n<tr>\n<td>Atomizzazione dei gas inerti<\/td>\n<td>Impedisci l'ossidazione delle particelle durante la produzione<\/td>\n<\/tr>\n<tr>\n<td>Setacciamento<\/td>\n<td>Classifica la polvere in diversi intervalli di dimensioni delle particelle<\/td>\n<\/tr>\n<\/tbody>\n<\/table>\n<ul class=\"list-disc pl-8 space-y-2\">\n<li class=\"whitespace-normal\">L'atomizzazione automatizzata consente la produzione su larga scala<\/li>\n<li class=\"whitespace-normal\">La fusione e l'atomizzazione controllate riducono al minimo le impurit\u00e0<\/li>\n<li class=\"whitespace-normal\">Il gas inerte impedisce l'ossidazione delle polveri<\/li>\n<li class=\"whitespace-normal\">La post-elaborazione consente la personalizzazione delle dimensioni delle particelle<\/li>\n<\/ul>\n<p class=\"whitespace-pre-wrap\">Controlli di processo rigorosi producono una qualit\u00e0 affidabile della polvere e caratteristiche ripetibili.<\/p>\n<h2>Prezzi della polvere CuSn10<\/h2>\n<p class=\"whitespace-pre-wrap\"><strong>Prezzi della polvere CuSn10<\/strong><\/p>\n<table>\n<thead>\n<tr>\n<th>Fattore<\/th>\n<th>Impatto sul prezzo<\/th>\n<\/tr>\n<\/thead>\n<tbody>\n<tr>\n<td>Grado di purezza<\/td>\n<td>Maggiore purezza fa aumentare il prezzo<\/td>\n<\/tr>\n<tr>\n<td>Dimensione particellare<\/td>\n<td>La polvere pi\u00f9 fine \u00e8 pi\u00f9 costosa<\/td>\n<\/tr>\n<tr>\n<td>Quantit\u00e0 ordine<\/td>\n<td>Offerte di sconti sui prezzi all'ingrosso<\/td>\n<\/tr>\n<tr>\n<td>Metodo di produzione<\/td>\n<td>Processi complessi aumentano i costi<\/td>\n<\/tr>\n<tr>\n<td>Servizi aggiuntivi<\/td>\n<td>La personalizzazione aumenta i costi<\/td>\n<\/tr>\n<\/tbody>\n<\/table>\n<p class=\"whitespace-pre-wrap\"><strong>Prezzario indicativo<\/strong><\/p>\n<ul class=\"list-disc pl-8 space-y-2\">\n<li class=\"whitespace-normal\">Polvere CuSn10: 8-12 $ al kg<\/li>\n<li class=\"whitespace-normal\">Prezzi pi\u00f9 bassi applicabili per ordini all'ingrosso &gt; 1000 kg<\/li>\n<\/ul>\n<p class=\"whitespace-pre-wrap\">Il prezzo varia in base ai parametri dell'ordine, come quantit\u00e0, dimensione delle particelle, livello di purezza, composizione della lega ecc.<\/p>\n<h2>Fornitori di CuSn10 in polvere<\/h2>\n<p class=\"whitespace-pre-wrap\"><strong>Fornitori di CuSn10 in polvere<\/strong><\/p>\n<table>\n<thead>\n<tr>\n<th>Azienda<\/th>\n<th>Ubicazione<\/th>\n<\/tr>\n<\/thead>\n<tbody>\n<tr>\n<td>Kymera International<\/td>\n<td>USA<\/td>\n<\/tr>\n<tr>\n<td>Hoganas<\/td>\n<td>Svezia<\/td>\n<\/tr>\n<tr>\n<td>Gruppo Powder CNPC<\/td>\n<td>Cina<\/td>\n<\/tr>\n<tr>\n<td>Shanghai CNPC Powder Material<\/td>\n<td>Cina<\/td>\n<\/tr>\n<tr>\n<td>Gujarat Reclaim Industries<\/td>\n<td>India<\/td>\n<\/tr>\n<tr>\n<td>American Chemet Corporation<\/td>\n<td>USA<\/td>\n<\/tr>\n<\/tbody>\n<\/table>\n<p class=\"whitespace-pre-wrap\">Fattori di selezione dei fornitori:<\/p>\n<ul class=\"list-disc pl-8 space-y-2\">\n<li class=\"whitespace-normal\">Dimensioni delle polveri e tempi di consegna<\/li>\n<li class=\"whitespace-normal\">Funzionalit\u00e0 di personalizzazione<\/li>\n<li class=\"whitespace-normal\">capacit\u00e0 produttiva<\/li>\n<li class=\"whitespace-normal\">opzioni di confezionamento<\/li>\n<li class=\"whitespace-normal\">Livelli di prezzo<\/li>\n<li class=\"whitespace-normal\">Certificazioni di qualit\u00e0 e conformit\u00e0<\/li>\n<\/ul>\n<h2>Gestione e conservazione della polvere di CuSn10<\/h2>\n<p class=\"whitespace-pre-wrap\"><strong>Gestione della polvere di CuSn10<\/strong><\/p>\n<table>\n<thead>\n<tr>\n<th>Raccomandazione<\/th>\n<th>Motivo<\/th>\n<\/tr>\n<\/thead>\n<tbody>\n<tr>\n<td>Evitare l'inalazione<\/td>\n<td>Potenziale irritazione delle vie respiratorie<\/td>\n<\/tr>\n<tr>\n<td>Indossare maschera protettiva e occhialini<\/td>\n<td>Impedire ingestione accidentale<\/td>\n<\/tr>\n<tr>\n<td>Assicurarsi di una corretta ventilazione<\/td>\n<td>Riduci le particelle disperse nell'aria<\/td>\n<\/tr>\n<tr>\n<td>Evitare fonti di accensione<\/td>\n<td>Pericolo di polvere infiammabile<\/td>\n<\/tr>\n<tr>\n<td>Segui le procedure antistatiche<\/td>\n<td>Impedire l'incendio da scarica statica<\/td>\n<\/tr>\n<tr>\n<td>Utilizzare utensili anti-scintilla<\/td>\n<td>Evitare scintille durante la manipolazione<\/td>\n<\/tr>\n<tr>\n<td>Conservare i contenitori sigillati in un luogo fresco e asciutto<\/td>\n<td>Previene l'ossidazione e l'assorbimento dell'umidit\u00e0<\/td>\n<\/tr>\n<\/tbody>\n<\/table>\n<p class=\"whitespace-pre-wrap\"><strong>Consigli in merito allo storage<\/strong><\/p>\n<ul class=\"list-disc pl-8 space-y-2\">\n<li class=\"whitespace-normal\">Conservare in contenitori stabili e resistenti<\/li>\n<li class=\"whitespace-normal\">Tenere lontano da acidi, ammoniaca, acetilene<\/li>\n<li class=\"whitespace-normal\">Mantenere le temperature al di sotto di 27\u00a1\u00abC<\/li>\n<\/ul>\n<p class=\"whitespace-pre-wrap\">L'immagazzinamento e il trattamento appropriati preserva la purezza della polvere e previene i pericoli di reazione.<\/p>\n<h2>Ispezione e test della polvere CuSn10<\/h2>\n<p class=\"whitespace-pre-wrap\"><strong>Test polvere CuSn10<\/strong><\/p>\n<table>\n<thead>\n<tr>\n<th>Test<\/th>\n<th>Dettagli<\/th>\n<\/tr>\n<\/thead>\n<tbody>\n<tr>\n<td>Analisi chimica<\/td>\n<td>ICP e XRF per verificare la composizione<\/td>\n<\/tr>\n<tr>\n<td>Distribuzione granulometrica<\/td>\n<td>Analisi del setaccio o diffrattometria laser<\/td>\n<\/tr>\n<tr>\n<td>Densit\u00e0 apparente<\/td>\n<td>Test di flussometro a canale secondo ASTM B212<\/td>\n<\/tr>\n<tr>\n<td>Morphologia delle polveri<\/td>\n<td>Imaging SEM della forma delle particelle<\/td>\n<\/tr>\n<tr>\n<td>Densit\u00e0 del materiale compattato<\/td>\n<td>Densit\u00e0 misurata dopo toccatura meccanica<\/td>\n<\/tr>\n<tr>\n<td>Analisi del flusso di lavoro<\/td>\n<td>Portata di flusso per gravit\u00e0 attraverso uno specifico ugello<\/td>\n<\/tr>\n<\/tbody>\n<\/table>\n<p class=\"whitespace-pre-wrap\">Rigorosi test assicurano che la polvere corrisponda alla composizione chimica, alle propriet\u00e0 fisiche e alla microstruttura richieste per l'applicazione.<\/p>\n<h2>Pro e contro delle polveri CuSn10<\/h2>\n<p class=\"whitespace-pre-wrap\"><strong>Vantaggi di CuSn10 Powder<\/strong><\/p>\n<ul class=\"list-disc pl-8 space-y-2\">\n<li class=\"whitespace-normal\">Eccellente resistenza per una polvere di lega di rame<\/li>\n<li class=\"whitespace-normal\">Buona duttilit\u00e0 e lavorabilit\u00e0<\/li>\n<li class=\"whitespace-normal\">Ottima resistenza alla corrosione<\/li>\n<li class=\"whitespace-normal\">Rispettoso dei costi rispetto ai gradi di bronzo<\/li>\n<li class=\"whitespace-normal\">Buona conducibilit\u00e0 elettrica e termica<\/li>\n<li class=\"whitespace-normal\">Riciclabile ed ecocompatibile<\/li>\n<\/ul>\n<p class=\"whitespace-pre-wrap\"><strong>Svantaggi della polvere di CuSn10<\/strong><\/p>\n<ul class=\"list-disc pl-8 space-y-2\">\n<li class=\"whitespace-normal\">Conduttivit\u00e0 pi\u00f9 bassa rispetto alla polvere di puro rame<\/li>\n<li class=\"whitespace-normal\">Resistenza moderata alla temperatura elevata<\/li>\n<li class=\"whitespace-normal\">Pi\u00f9 pesante rispetto alle leghe di alluminio o magnesio<\/li>\n<li class=\"whitespace-normal\">Non idoneo per componenti strutturali altamente stressati<\/li>\n<li class=\"whitespace-normal\">Scolorimento superficiale nel tempo senza rivestimento<\/li>\n<li class=\"whitespace-normal\">Limitazioni per applicazioni a contatto con gli alimenti<\/li>\n<\/ul>\n<h2>Confronto con polvere CuNi10<\/h2>\n<p class=\"whitespace-pre-wrap\"><strong>Polvere CuSn10 vs. CuNi10<\/strong><\/p>\n<table>\n<thead>\n<tr>\n<th>Parametro<\/th>\n<th>CuSn10<\/th>\n<th>CuNi10<\/th>\n<\/tr>\n<\/thead>\n<tbody>\n<tr>\n<td>Densit\u00e0<\/td>\n<td>8,8 g\/cc<\/td>\n<td>8,9 g\/cc<\/td>\n<\/tr>\n<tr>\n<td>Forza<\/td>\n<td>350-550 MPa<\/td>\n<td>500-650 MPa<\/td>\n<\/tr>\n<tr>\n<td>Conduttivit\u00e0<\/td>\n<td>55 W\/mK<\/td>\n<td>20 W\/m\u22c5K<\/td>\n<\/tr>\n<tr>\n<td>Resistenza alla corrosione<\/td>\n<td>Eccellente<\/td>\n<td>Davvero ottimo<\/td>\n<\/tr>\n<tr>\n<td>Costi<\/td>\n<td>Scarso<\/td>\n<td>Elevato<\/td>\n<\/tr>\n<tr>\n<td>Usi<\/td>\n<td>Carichi elettrici leggeri-moderati<\/td>\n<td>Strutture ad alta resistenza<\/td>\n<\/tr>\n<\/tbody>\n<\/table>\n<ul class=\"list-disc pl-8 space-y-2\">\n<li class=\"whitespace-normal\">Il CuSn10 offre la migliore conducibilit\u00e0 e il miglior costo<\/li>\n<li class=\"whitespace-normal\">CuNi10 ha una maggiore resistenza alla trazione<\/li>\n<li class=\"whitespace-normal\">CuSn10 preferito per i componenti elettrici<\/li>\n<li class=\"whitespace-normal\">CuNi10 \u00e8 idonea per componenti strutturali ad alta resistenza<\/li>\n<\/ul>\n<h2>CuSn10 polvere FAQ<\/h2>\n<p class=\"whitespace-pre-wrap\"><strong>D: Quali sono le principali applicazioni della polvere di CuSn10?<\/strong><\/p>\n<p class=\"whitespace-pre-wrap\">A: Le applicazioni principali includono gabbie per cuscinetti, boccole, bacchette per saldatura, pastiglie dei freni, componenti antifrizione, contatti elettrici, connettori e spazzole. Viene utilizzato comunemente in prodotti automobilistici ed elettrici.<\/p>\n<p class=\"whitespace-pre-wrap\"><strong>D: La polvere CuSn10 richiede precauzioni speciali di movimentazione?<\/strong><\/p>\n<p class=\"whitespace-pre-wrap\">A: Si raccomandano le precauzioni generali che includono evitare l'inalazione, assicurare un'adeguata ventilazione, controllare la polvere, prevenire le fonti di accensione, evitare l'accumulo di cariche statiche, utilizzare attrezzi anti-scintille e conservare in un'atmosfera inerte e asciutta.<\/p>\n<p class=\"whitespace-pre-wrap\"><strong>D: Che cosa influisce sulle propriet\u00e0 delle parti in polvere di CuSn10?<\/strong><\/p>\n<p class=\"whitespace-pre-wrap\">A: I fattori chiave sono la densit\u00e0 apparente, la distribuzione delle dimensioni delle particelle, la pressione di compattazione, la temperatura e il tempo di sinterizzazione, la composizione della lega, le impurit\u00e0 e la porosit\u00e0.<\/p>\n<p class=\"whitespace-pre-wrap\"><strong>Q: Qual \u00e8 la differenza principale tra le polveri di bronzo e CuSn10?<\/strong><\/p>\n<p class=\"whitespace-pre-wrap\">Le polveri di bronzo contengono il 90-95% di rame mentre CuSn10 contiene il 90% di rame e il 10% di stagno. Il CuSn10 fornisce una combinazione ottimale di resistenza, duttilit\u00e0 e costo.<\/p>\n<div id=\"gtx-trans\" style=\"position: absolute; left: -2px; top: 59.8125px;\">\n<div class=\"gtx-trans-icon\"><\/div>\n<\/div>\n<p><\/span><\/span><\/p>","protected":false},"excerpt":{"rendered":"<p>Panoramica della polvere CuSn10 La polvere CuSn10 \u00e8 una lega di rame e stagno contenente circa 10% di stagno e il resto di rame. Offre un'eccellente combinazione di forza, duttilit\u00e0, resistenza alla corrosione, resistenza all'usura e propriet\u00e0 antifrizione. Le principali propriet\u00e0 e applicazioni della polvere CuSn10 includono: Propriet\u00e0 e caratteristiche della polvere CuSn10 Propriet\u00e0 Dettagli Composizione 90% rame, 10% stagno Densit\u00e0 8,8...<\/p>","protected":false},"featured_media":1831,"parent":0,"template":"","meta":{"_acf_changed":false,"_kad_blocks_custom_css":"","_kad_blocks_head_custom_js":"","_kad_blocks_body_custom_js":"","_kad_blocks_footer_custom_js":"","_kad_post_transparent":"","_kad_post_title":"","_kad_post_layout":"","_kad_post_sidebar_id":"","_kad_post_content_style":"","_kad_post_vertical_padding":"","_kad_post_feature":"","_kad_post_feature_position":"","_kad_post_header":false,"_kad_post_footer":false,"_kad_post_classname":""},"product-category":[119,129],"class_list":["post-3915","product","type-product","status-publish","has-post-thumbnail","hentry","product-category-3d-printing-metal-powder","product-category-copper-alloy-powder"],"acf":[],"taxonomy_info":{"product-category":[{"value":119,"label":"3D Printing Metal Powder"},{"value":129,"label":"Copper Alloy Powder"}]},"featured_image_src_large":["https:\/\/3dpmetal.com\/wp-content\/uploads\/2024\/02\/CuSn10-Powder.jpg",600,600,false],"author_info":[],"comment_info":"","_links":{"self":[{"href":"https:\/\/3dpmetal.com\/it\/wp-json\/wp\/v2\/product\/3915","targetHints":{"allow":["GET"]}}],"collection":[{"href":"https:\/\/3dpmetal.com\/it\/wp-json\/wp\/v2\/product"}],"about":[{"href":"https:\/\/3dpmetal.com\/it\/wp-json\/wp\/v2\/types\/product"}],"wp:featuredmedia":[{"embeddable":true,"href":"https:\/\/3dpmetal.com\/it\/wp-json\/wp\/v2\/media\/1831"}],"wp:attachment":[{"href":"https:\/\/3dpmetal.com\/it\/wp-json\/wp\/v2\/media?parent=3915"}],"wp:term":[{"taxonomy":"product-category","embeddable":true,"href":"https:\/\/3dpmetal.com\/it\/wp-json\/wp\/v2\/product-category?post=3915"}],"curies":[{"name":"wp","href":"https:\/\/api.w.org\/{rel}","templated":true}]}}