{"id":3918,"date":"2024-03-18T06:10:14","date_gmt":"2024-03-18T06:10:14","guid":{"rendered":"https:\/\/3dp.45612300.xyz\/product\/317l-powder\/"},"modified":"2024-03-18T06:10:14","modified_gmt":"2024-03-18T06:10:14","slug":"317l-powder","status":"publish","type":"product","link":"https:\/\/3dpmetal.com\/it\/product\/317l-powder\/","title":{"rendered":"Polvere 317L"},"content":{"rendered":"<p><span style=\"vertical-align: inherit;\"><span style=\"vertical-align: inherit;\"><\/p>\n<h2>Panoramica della polvere 317L<\/h2>\n<p class=\"whitespace-pre-wrap\">La polvere 317L \u00e8 una polvere in acciaio inossidabile austenitico che contiene il 18% di cromo, il 3% di molibdeno e lo 0,08% di carbonio. Offre un'eccellente combinazione di resistenza alla corrosione, resistenza, saldabilit\u00e0 e costi.<\/p>\n<p class=\"whitespace-pre-wrap\">Le principali propriet\u00e0 e vantaggi della polvere 317L includono:<\/p>\n<p class=\"whitespace-pre-wrap\"><strong>317L Propriet\u00e0 e caratteristiche della polvere<\/strong><\/p>\n<table>\n<thead>\n<tr>\n<th>Propriet\u00e0<\/th>\n<th>Dettagli<\/th>\n<\/tr>\n<\/thead>\n<tbody>\n<tr>\n<td>Composizione<\/td>\n<td>Lega Fe-18Cr-3Mo-0.08C<\/td>\n<\/tr>\n<tr>\n<td>Densit\u00e0<\/td>\n<td>8,0 g\/cc<\/td>\n<\/tr>\n<tr>\n<td>Forma delle particelle<\/td>\n<td>Irregolare, angolare<\/td>\n<\/tr>\n<tr>\n<td>Intervallo delle dimensioni<\/td>\n<td>10-150 micron<\/td>\n<\/tr>\n<tr>\n<td>Densit\u00e0 apparente<\/td>\n<td>Fino al 50% di densit\u00e0 reale<\/td>\n<\/tr>\n<tr>\n<td>Flussibilita<\/td>\n<td>Moderato<\/td>\n<\/tr>\n<tr>\n<td>Resistenza alla corrosione<\/td>\n<td>Eccellente in molti ambienti<\/td>\n<\/tr>\n<tr>\n<td>Potenziamento<\/td>\n<td>Deformazione a freddo e aumento della resistenza della soluzione solida<\/td>\n<\/tr>\n<\/tbody>\n<\/table>\n<p class=\"whitespace-pre-wrap\">La polvere 317L \u00e8 ampiamente utilizzata nell'elaborazione chimica, nelle applicazioni marine, nell'industria della cellulosa e della carta, nella produzione di energia nucleare e nelle caratteristiche architettoniche che richiedono resistenza alle intemperie.<\/p>\n<h2>Composizione della polvere 317L<\/h2>\n<p class=\"whitespace-pre-wrap\">Composizione tipica della polvere di acciaio inossidabile 317L:<\/p>\n<p class=\"whitespace-pre-wrap\"><strong>Composizione della polvere 317L<\/strong><\/p>\n<table>\n<thead>\n<tr>\n<th>Elemento<\/th>\n<th>% Peso<\/th>\n<\/tr>\n<\/thead>\n<tbody>\n<tr>\n<td>Ferro (Fe)<\/td>\n<td>Equilibrio<\/td>\n<\/tr>\n<tr>\n<td>Cromo (Cr)<\/td>\n<td>17-19%<\/td>\n<\/tr>\n<tr>\n<td>Nichel (Ni)<\/td>\n<td>11-15%<\/td>\n<\/tr>\n<tr>\n<td>Molibdeno (Mo)<\/td>\n<td>2.5-3.5%<\/td>\n<\/tr>\n<tr>\n<td>Manganese (Mn)<\/td>\n<td>&lt;2%<\/td>\n<\/tr>\n<tr>\n<td>Carbonio (C)<\/td>\n<td>0,08% massimo<\/td>\n<\/tr>\n<tr>\n<td>Silicio (Si)<\/td>\n<td>Al massimo l'1%<\/td>\n<\/tr>\n<tr>\n<td>Azoto (N)<\/td>\n<td>0,10% max<\/td>\n<\/tr>\n<tr>\n<td>Zolfo (S)<\/td>\n<td>0,03% max<\/td>\n<\/tr>\n<\/tbody>\n<\/table>\n<ul class=\"list-disc pl-8 space-y-2\">\n<li class=\"whitespace-normal\">Il ferro fornisce la matrice ferritica e la duttilit\u00e0<\/li>\n<li class=\"whitespace-normal\">Chromium ne accresce la corrosione e la resistenza all'ossidazione<\/li>\n<li class=\"whitespace-normal\">Il nichel stabilizza la struttura austenitica<\/li>\n<li class=\"whitespace-normal\">Il molibdeno migliora ulteriormente la resistenza alla corrosione a vaiolatura<\/li>\n<li class=\"whitespace-normal\">Carbonio, azoto e zolfo controllati come elementi indesiderati<\/li>\n<\/ul>\n<p class=\"whitespace-pre-wrap\">La composizione fornisce un ottimo equilibrio di resistenza alla corrosione, lavorabilit\u00e0, saldabilit\u00e0 e costi.<\/p>\n<p><img loading=\"lazy\" decoding=\"async\" class=\"size-medium wp-image-1409 aligncenter\" src=\"https:\/\/met3dp.com\/wp-content\/uploads\/2023\/09\/ed7a94ec-3c10-4b1b-87ed--300x300.jpg\" alt=\"Polvere 317L\" width=\"300\" height=\"300\" title=\"\"><\/p>\n<h2>Propriet\u00e0 fisiche della polvere 317L<\/h2>\n<p class=\"whitespace-pre-wrap\"><strong>Propriet\u00e0 fisiche della polvere 317L<\/strong><\/p>\n<table>\n<thead>\n<tr>\n<th>Propriet\u00e0<\/th>\n<th>Valori<\/th>\n<\/tr>\n<\/thead>\n<tbody>\n<tr>\n<td>Densit\u00e0<\/td>\n<td>8,0 g\/cc<\/td>\n<\/tr>\n<tr>\n<td>Punto di fusione<\/td>\n<td>1370-1400 d.C.<\/td>\n<\/tr>\n<tr>\n<td>Resistivit\u00e0 elettrica<\/td>\n<td>0,8 \u00c3\u2014 10^-12 m<\/td>\n<\/tr>\n<tr>\n<td>Conduttivit\u00e0 termica<\/td>\n<td>16 W\/mK<\/td>\n<\/tr>\n<tr>\n<td>Espansione termica<\/td>\n<td>16 x 10^-6 \/K<\/td>\n<\/tr>\n<tr>\n<td>Temperatura massima di servizio<\/td>\n<td>900\u00a1\u00abC<\/td>\n<\/tr>\n<\/tbody>\n<\/table>\n<ul class=\"list-disc pl-8 space-y-2\">\n<li class=\"whitespace-normal\">Elevata densit\u00e0 rispetto agli acciai inossidabili ferritici<\/li>\n<li class=\"whitespace-normal\">Mantiene resistenza e resistenza alla corrosione a temperature elevate<\/li>\n<li class=\"whitespace-normal\">Resistivit\u00e0 superiore al ferro puro o agli acciai al carbonio<\/li>\n<li class=\"whitespace-normal\">Conduttivit\u00e0 termica inferiore all'acciaio al carbonio<\/li>\n<li class=\"whitespace-normal\">Pu\u00f2 resistere a un servizio continuo fino a 900\u00a1\u00abC<\/li>\n<\/ul>\n<p class=\"whitespace-pre-wrap\">Le propriet\u00e0 fisiche rendono 317L adatto ad applicazioni ad alta temperatura che richiedono resistenza alla corrosione.<\/p>\n<h2>Propriet\u00e0 meccaniche dell'atomizzato 317L<\/h2>\n<p class=\"whitespace-pre-wrap\"><strong>Propriet\u00e0 meccaniche dell'atomizzato 317L<\/strong><\/p>\n<table>\n<thead>\n<tr>\n<th>Propriet\u00e0<\/th>\n<th>Valori<\/th>\n<\/tr>\n<\/thead>\n<tbody>\n<tr>\n<td>Resistenza alla trazione<\/td>\n<td>515-620 MPa<\/td>\n<\/tr>\n<tr>\n<td>Limite di snervamento<\/td>\n<td>205-275 MPa<\/td>\n<\/tr>\n<tr>\n<td>Allungamento<\/td>\n<td>40-50%<\/td>\n<\/tr>\n<tr>\n<td>Durezza<\/td>\n<td>88-95 HRB<\/td>\n<\/tr>\n<tr>\n<td>Resistenza agli urti<\/td>\n<td>100-150 J<\/td>\n<\/tr>\n<tr>\n<td>Modulo di elasticit\u00e0<\/td>\n<td>190-210 GPa<\/td>\n<\/tr>\n<\/tbody>\n<\/table>\n<ul class=\"list-disc pl-8 space-y-2\">\n<li class=\"whitespace-normal\">Eccellente combinazione di resistenza e duttilit\u00e0<\/li>\n<li class=\"whitespace-normal\">Si pu\u00f2 indurire notevolmente per aumentare la resistenza<\/li>\n<li class=\"whitespace-normal\">Altissima tenacit\u00e0 e resistenza agli urti<\/li>\n<li class=\"whitespace-normal\">La robustezza pu\u00f2 essere ulteriormente migliorata tramite lavorazione a freddo<\/li>\n<li class=\"whitespace-normal\">La durezza \u00e8 relativamente bassa in condizioni di ricottura<\/li>\n<\/ul>\n<p class=\"whitespace-pre-wrap\">Le propriet\u00e0 forniscono un eccellente equilibrio di resistenza, duttilit\u00e0 e tenacit\u00e0 richieste per molti ambienti corrosivi.<\/p>\n<h2>Applicazioni della polvere 317L<\/h2>\n<p class=\"whitespace-pre-wrap\">Le applicazioni tipiche della polvere di acciaio inossidabile 317L includono:<\/p>\n<p class=\"whitespace-pre-wrap\"><strong>Applicazioni della polvere 317L<\/strong><\/p>\n<table>\n<thead>\n<tr>\n<th>Industria<\/th>\n<th>Usi di esempio<\/th>\n<\/tr>\n<\/thead>\n<tbody>\n<tr>\n<td>Chimico<\/td>\n<td>Serbatoi, valvole, tubi, pompe<\/td>\n<\/tr>\n<tr>\n<td>Petrolchimico<\/td>\n<td>Apparecchiature di processo, tubazioni, valvole<\/td>\n<\/tr>\n<tr>\n<td>Marina<\/td>\n<td>Alberi portaeliche, elementi di fissaggio, hardware di coperta<\/td>\n<\/tr>\n<tr>\n<td>Nucleare<\/td>\n<td>Vasi del reattore, rivestimento degli elementi di combustibile<\/td>\n<\/tr>\n<tr>\n<td>Architettonico<\/td>\n<td>Parapetti, rivestimenti per pareti, tetti<\/td>\n<\/tr>\n<\/tbody>\n<\/table>\n<p class=\"whitespace-pre-wrap\">Alcuni usi specifici del prodotto:<\/p>\n<ul class=\"list-disc pl-8 space-y-2\">\n<li class=\"whitespace-normal\">Attrezzature per il controllo dell'inquinamento adatte alla manipolazione di acidi caldi<\/li>\n<li class=\"whitespace-normal\">Strutture interne dei reattori nucleari<\/li>\n<li class=\"whitespace-normal\">Assi per eliche marine, Arredi per ponti<\/li>\n<li class=\"whitespace-normal\">Tubi e valvole per l'industria della carta e della polpa<\/li>\n<li class=\"whitespace-normal\">Rivestimenti architettonici, coperture, rivestimenti<\/li>\n<\/ul>\n<p class=\"whitespace-pre-wrap\">L'eccellente resistenza alla corrosione combinata con una buona lavorabilit\u00e0 rende l'acciaio 317L ampiamente utilizzato in settori esigenti.<\/p>\n<h2>Specifiche della polvere 317L<\/h2>\n<p class=\"whitespace-pre-wrap\">Specifiche e standard pertinenti:<\/p>\n<p class=\"whitespace-pre-wrap\"><strong>Standard polvere 317L<\/strong><\/p>\n<table>\n<thead>\n<tr>\n<th>Standard<\/th>\n<th>Descrizione<\/th>\n<\/tr>\n<\/thead>\n<tbody>\n<tr>\n<td>ASTM A276<\/td>\n<td>Norme per barre e profilati in acciaio inossidabile<\/td>\n<\/tr>\n<tr>\n<td>ASTM A479<\/td>\n<td>Standard per i tubi in acciaio inossidabile<\/td>\n<\/tr>\n<tr>\n<td>AMS 5524<\/td>\n<td>Barre, fili metallici, forgiati in acciaio inossidabile ricotto<\/td>\n<\/tr>\n<tr>\n<td>ASME SA-276<\/td>\n<td>Specifiche per barre e sagomati in acciaio inossidabile<\/td>\n<\/tr>\n<tr>\n<td>AISI 630<\/td>\n<td>Normativa per acciai inossidabili a precipitazione indurita 17Cr-4N<\/td>\n<\/tr>\n<\/tbody>\n<\/table>\n<p class=\"whitespace-pre-wrap\">Questi standard definiscono:<\/p>\n<ul class=\"list-disc pl-8 space-y-2\">\n<li class=\"whitespace-normal\">Limiti composizionali chimici della lega 317L<\/li>\n<li class=\"whitespace-normal\">Livelli di impurezza ammissibili come S, P<\/li>\n<li class=\"whitespace-normal\">Propriet\u00e0 meccaniche richieste<\/li>\n<li class=\"whitespace-normal\">Metodi di produzione approvati<\/li>\n<li class=\"whitespace-normal\">Protocolli per test di conformit\u00e0<\/li>\n<li class=\"whitespace-normal\">Imballaggio, etichettatura e documentazione adeguati<\/li>\n<\/ul>\n<p class=\"whitespace-pre-wrap\">Il soddisfacimento dei requisiti di certificazione garantisce l'idoneit\u00e0 della polvere per le applicazioni previste.<\/p>\n<h2>Dimensioni delle particelle di polvere 317L<\/h2>\n<p class=\"whitespace-pre-wrap\"><strong>Distribuzione granulometrica delle polveri 317L<\/strong><\/p>\n<table>\n<thead>\n<tr>\n<th>Dimensione particellare<\/th>\n<th>Caratteristiche<\/th>\n<\/tr>\n<\/thead>\n<tbody>\n<tr>\n<td>10~45 micron<\/td>\n<td>Grado ultrafine per finiture ad alta densit\u00e0 e superficie<\/td>\n<\/tr>\n<tr>\n<td>45-150 micron<\/td>\n<td>Granulometria grossa fornisce una buona fluidit\u00e0<\/td>\n<\/tr>\n<tr>\n<td>15-150 micron<\/td>\n<td>Grado standard per stampaggio e sinterizzazione<\/td>\n<\/tr>\n<\/tbody>\n<\/table>\n<ul class=\"list-disc pl-8 space-y-2\">\n<li class=\"whitespace-normal\">Particelle pi\u00f9 fini consentono una maggiore densificazione durante la sinterizzazione<\/li>\n<li class=\"whitespace-normal\">Una polvere pi\u00f9 grossa scorre meglio e riempie uniformemente le cavit\u00e0 degli stampi<\/li>\n<li class=\"whitespace-normal\">La gamma di dimensioni viene adattata in base alle propriet\u00e0 finali richieste<\/li>\n<li class=\"whitespace-normal\">Sono disponibili entrambe le polveri atomizzate a gas e ad acqua<\/li>\n<\/ul>\n<p class=\"whitespace-pre-wrap\">Il controllo della distribuzione granulometrica permette di ottimizzare il comportamento di processazione e le prestazioni finali del pezzo.<\/p>\n<h2>Densit\u00e0 apparente della polvere 317L<\/h2>\n<p class=\"whitespace-pre-wrap\"><strong>Densit\u00e0 apparente della polvere 317L<\/strong><\/p>\n<table>\n<thead>\n<tr>\n<th>Densit\u00e0 apparente<\/th>\n<th>Dettagli<\/th>\n<\/tr>\n<\/thead>\n<tbody>\n<tr>\n<td>Fino al 50% di densit\u00e0 reale<\/td>\n<td>Per morfologie di polveri irregolari<\/td>\n<\/tr>\n<tr>\n<td>4,5-5,5 g\/cc tipico<\/td>\n<td>Si migliora con maggiore densit\u00e0 di confezionamento<\/td>\n<\/tr>\n<\/tbody>\n<\/table>\n<ul class=\"list-disc pl-8 space-y-2\">\n<li class=\"whitespace-normal\">La densit\u00e0 apparentiore migliora la compressibilit\u00e0 e il flusso di polvere<\/li>\n<li class=\"whitespace-normal\">La morfologia irregolare limita la massima densit\u00e0 di impaccamento<\/li>\n<li class=\"whitespace-normal\">Con polvere sferica sono possibili valori fino al 60%<\/li>\n<li class=\"whitespace-normal\">L'elevata densit\u00e0 apparente migliora l'efficienza di riempimento dello stampo<\/li>\n<\/ul>\n<p class=\"whitespace-pre-wrap\">Una densit\u00e0 apparentemente pi\u00f9 elevata porta a una maggiore produttivit\u00e0 nella lavorazione e alla qualit\u00e0 delle parti.<\/p>\n<h2>Metodo di produzione della polvere 317L<\/h2>\n<p class=\"whitespace-pre-wrap\"><strong>Produzione di polvere 317L<\/strong><\/p>\n<table>\n<thead>\n<tr>\n<th>Metodo<\/th>\n<th>Dettagli<\/th>\n<\/tr>\n<\/thead>\n<tbody>\n<tr>\n<td>Atomizzazione a gas<\/td>\n<td>Il gas inerte ad alta pressione rompe il flusso del metallo fuso in fini goccioline<\/td>\n<\/tr>\n<tr>\n<td>Atomizzazione dell'acqua<\/td>\n<td>Il getto d'acqua ad alta pressione frantuma il metallo in particelle fini<\/td>\n<\/tr>\n<tr>\n<td>Fusione a induzione in vuoto<\/td>\n<td>Materiali di ingresso ad alta purezza fusi sotto vuoto.<\/td>\n<\/tr>\n<tr>\n<td>Rifusione multipla<\/td>\n<td>Migliora l'omogeneizzazione chimica<\/td>\n<\/tr>\n<tr>\n<td>Setacciamento<\/td>\n<td>Classifica la polvere in diversi intervalli di dimensioni delle particelle<\/td>\n<\/tr>\n<\/tbody>\n<\/table>\n<ul class=\"list-disc pl-8 space-y-2\">\n<li class=\"whitespace-normal\">L'atomizzazione con gas fornisce una morfologia pulviscolare sferica pulita<\/li>\n<li class=\"whitespace-normal\">L'atomizzazione dell'acqua \u00e8 un processo pi\u00f9 economico con particelle irregolari<\/li>\n<li class=\"whitespace-normal\">La fusione e rifusione sotto vuoto minimizza le impurit\u00e0 gassose<\/li>\n<li class=\"whitespace-normal\">La post-elaborazione consente la personalizzazione delle dimensioni delle particelle<\/li>\n<\/ul>\n<p class=\"whitespace-pre-wrap\">La produzione automatizzata e i rigorosi controlli di qualit\u00e0 danno come risultato una polvere omogenea adatta alle applicazioni critiche.<\/p>\n<h2>Prezzi in polvere 317L<\/h2>\n<p class=\"whitespace-pre-wrap\"><strong>Prezzi in polvere 317L<\/strong><\/p>\n<table>\n<thead>\n<tr>\n<th>Fattore<\/th>\n<th>Impatto sul prezzo<\/th>\n<\/tr>\n<\/thead>\n<tbody>\n<tr>\n<td>Livello di purezza<\/td>\n<td>Maggiore purezza aumenta il costo<\/td>\n<\/tr>\n<tr>\n<td>Morphologia delle polveri<\/td>\n<td>La polvere sferica costa di pi\u00f9 di quella irregolare<\/td>\n<\/tr>\n<tr>\n<td>Dimensione particellare<\/td>\n<td>Polvere ultrafine pi\u00f9 costosa<\/td>\n<\/tr>\n<tr>\n<td>Volume di ordinazione<\/td>\n<td>Quantit\u00e0 maggiori comportano un prezzo unitario inferiore<\/td>\n<\/tr>\n<tr>\n<td>Servizi aggiuntivi<\/td>\n<td>La personalizzazione aumenta i costi<\/td>\n<\/tr>\n<\/tbody>\n<\/table>\n<p class=\"whitespace-pre-wrap\"><strong>Prezzario indicativo<\/strong><\/p>\n<ul class=\"list-disc pl-8 space-y-2\">\n<li class=\"whitespace-normal\">Polvere irregolare 317L: $ 6-10 al kg<\/li>\n<li class=\"whitespace-normal\">Polvere sferica 317L: 10-15 $\/kg<\/li>\n<li class=\"whitespace-normal\">La tariffazione in base al volume pu\u00f2 essere inferiore del 30-50%<\/li>\n<\/ul>\n<p class=\"whitespace-pre-wrap\">La determinazione del prezzo dipende dalla purezza, dalle caratteristiche delle particelle, dal volume dell'ordine e dalle esigenze di personalizzazione.<\/p>\n<h2>Fornitori di polvere 317L<\/h2>\n<p class=\"whitespace-pre-wrap\"><strong>Fornitori di polvere 317L<\/strong><\/p>\n<table>\n<thead>\n<tr>\n<th>Azienda<\/th>\n<th>Ubicazione<\/th>\n<\/tr>\n<\/thead>\n<tbody>\n<tr>\n<td>H\u00e5kon<\/td>\n<td>Svezia<\/td>\n<\/tr>\n<tr>\n<td>Sandvik<\/td>\n<td>Germania<\/td>\n<\/tr>\n<tr>\n<td>Polvere CNPC<\/td>\n<td>Cina<\/td>\n<\/tr>\n<tr>\n<td>Carpenter Powder Products<\/td>\n<td>USA<\/td>\n<\/tr>\n<tr>\n<td>Erasteel<\/td>\n<td>Francia<\/td>\n<\/tr>\n<tr>\n<td>Daido Steel<\/td>\n<td>Giappone<\/td>\n<\/tr>\n<\/tbody>\n<\/table>\n<p class=\"whitespace-pre-wrap\">Fattori chiave nella scelta del fornitore:<\/p>\n<ul class=\"list-disc pl-8 space-y-2\">\n<li class=\"whitespace-normal\">Taglie delle polveri offerti<\/li>\n<li class=\"whitespace-normal\">capacit\u00e0 produttiva<\/li>\n<li class=\"whitespace-normal\">Morfologia delle particelle e intervalli di grandezza<\/li>\n<li class=\"whitespace-normal\">Report di analisi batch<\/li>\n<li class=\"whitespace-normal\">Prezzo e quantit\u00e0 minima di ordine<\/li>\n<li class=\"whitespace-normal\">Servizi di personalizzazione<\/li>\n<li class=\"whitespace-normal\">Tempi di consegna e affidabilit\u00e0<\/li>\n<\/ul>\n<h2>Gestione e stoccaggio della polvere 317L<\/h2>\n<p class=\"whitespace-pre-wrap\"><strong>Gestione della polvere 317L<\/strong><\/p>\n<table>\n<thead>\n<tr>\n<th>Raccomandazione<\/th>\n<th>Motivo<\/th>\n<\/tr>\n<\/thead>\n<tbody>\n<tr>\n<td>Utilizzare DPI e areazione<\/td>\n<td>Evitate l'esposizione alle fini particelle metalliche<\/td>\n<\/tr>\n<tr>\n<td>Assicurati una corretta messa a terra<\/td>\n<td>Prevenire le scariche elettrostatiche durante la manipolazione<\/td>\n<\/tr>\n<tr>\n<td>Evitare fonti di accensione<\/td>\n<td>La polvere pu\u00f2 combustionare in presenza di ossigeno<\/td>\n<\/tr>\n<tr>\n<td>Utilizzare utensili anti-scintilla<\/td>\n<td>Prevenire la possibilit\u00e0 di accensione<\/td>\n<\/tr>\n<tr>\n<td>Seguire i protocolli di sicurezza<\/td>\n<td>Riduci il rischio di ustioni, inalazione, ingestione<\/td>\n<\/tr>\n<tr>\n<td>Memorizzare in contenitori stabili<\/td>\n<td>Impedire contaminazione o ossidazione<\/td>\n<\/tr>\n<\/tbody>\n<\/table>\n<p class=\"whitespace-pre-wrap\">Considerando che la polvere 317L \u00e8 infiammabile, i rischi di accensione ed esplosione dovrebbero essere controllati durante la manipolazione e lo stoccaggio. Altrimenti \u00e8 relativamente sicura con le adeguate precauzioni.<\/p>\n<h2>Ispezione e prova delle polveri 317L<\/h2>\n<p class=\"whitespace-pre-wrap\"><strong>Test di polvere 317L<\/strong><\/p>\n<table>\n<thead>\n<tr>\n<th>Test<\/th>\n<th>Dettagli<\/th>\n<\/tr>\n<\/thead>\n<tbody>\n<tr>\n<td>Analisi chimica<\/td>\n<td>L'ICP e XRF verificano la composizione<\/td>\n<\/tr>\n<tr>\n<td>Distribuzione granulometrica<\/td>\n<td>La diffrazione laser determina la distribuzione delle dimensioni<\/td>\n<\/tr>\n<tr>\n<td>Densit\u00e0 apparente<\/td>\n<td>Test del misuratore di portata Hall secondo lo standard ASTM B212<\/td>\n<\/tr>\n<tr>\n<td>Morphologia delle polveri<\/td>\n<td>Le immagini SEM mostrano la forma delle particelle<\/td>\n<\/tr>\n<tr>\n<td>Analisi del flusso di lavoro<\/td>\n<td>Portata di flusso per gravit\u00e0 attraverso uno specifico ugello<\/td>\n<\/tr>\n<tr>\n<td>Perdita all\u2019accensione<\/td>\n<td>Determina il contenuto di umidit\u00e0 residua<\/td>\n<\/tr>\n<\/tbody>\n<\/table>\n<p class=\"whitespace-pre-wrap\">Test rigorosi garantiscono che la polvere soddisfi i requisiti di purezza chimica, caratteristiche delle particelle, densit\u00e0, morfologia, e scorrevolezza in base alle specifiche applicabili.<\/p>\n<h2>Pro e contro della polvere 317L<\/h2>\n<p class=\"whitespace-pre-wrap\"><strong>Vantaggi della polvere 317L<\/strong><\/p>\n<ul class=\"list-disc pl-8 space-y-2\">\n<li class=\"whitespace-normal\">Eccellente resistenza alla corrosione in molti ambienti<\/li>\n<li class=\"whitespace-normal\">Elevata resistenza alla temperatura e resistenza all'ossidazione<\/li>\n<li class=\"whitespace-normal\">Ottima duttilit\u00e0, tenacit\u00e0 e saldabilit\u00e0<\/li>\n<li class=\"whitespace-normal\">Pi\u00f9 conveniente delle leghe austenitiche ad elevato contenuto di nichel<\/li>\n<li class=\"whitespace-normal\">Facilmente formabile tramite tecniche tradizionali<\/li>\n<li class=\"whitespace-normal\">Indurimento lavorativo a freddo\/caldo<\/li>\n<\/ul>\n<p class=\"whitespace-pre-wrap\"><strong>Svantaggi della polvere 317L<\/strong><\/p>\n<ul class=\"list-disc pl-8 space-y-2\">\n<li class=\"whitespace-normal\">Resistenza alla deformazione viscosa ad alta temperatura inferiore rispetto ad alcuni gradi ferritici<\/li>\n<li class=\"whitespace-normal\">Durezza e resistenza all'usura inferiori rispetto a quelli martensitici<\/li>\n<li class=\"whitespace-normal\">Suscettibile a fenomeni di corrosione sotto sollecitazione in presenza di cloruri<\/li>\n<li class=\"whitespace-normal\">Richiede la ricottura post-saldatura per prevenire la sensibilizzazione<\/li>\n<li class=\"whitespace-normal\">Capacit\u00e0 limitata di formatura e intestatura a freddo<\/li>\n<li class=\"whitespace-normal\">Scolorimento superficiale nel tempo in caso di esposizione all'esterno<\/li>\n<\/ul>\n<h2>Confronto con polvere 316L<\/h2>\n<p class=\"whitespace-pre-wrap\"><strong>Polvere di acciaio inossidabile 317L vs 316L<\/strong><\/p>\n<table>\n<thead>\n<tr>\n<th>Parametro<\/th>\n<th>317L<\/th>\n<th>316L<\/th>\n<\/tr>\n<\/thead>\n<tbody>\n<tr>\n<td>Densit\u00e0<\/td>\n<td>8,0 g\/cc<\/td>\n<td>8,0 g\/cc<\/td>\n<\/tr>\n<tr>\n<td>Forza<\/td>\n<td>515-620 MPa<\/td>\n<td>485-550 MPa<\/td>\n<\/tr>\n<tr>\n<td>Resistenza alla corrosione<\/td>\n<td>Eccellente<\/td>\n<td>Straordinario<\/td>\n<\/tr>\n<tr>\n<td>Resistenza alla corrosione per vaiolatura<\/td>\n<td>Davvero ottimo<\/td>\n<td>Eccellente<\/td>\n<\/tr>\n<tr>\n<td>Costi<\/td>\n<td>Scarso<\/td>\n<td>Elevato<\/td>\n<\/tr>\n<tr>\n<td>Usi<\/td>\n<td>Industria di processo, marina<\/td>\n<td>Prodotti chimici, farmaceutici<\/td>\n<\/tr>\n<\/tbody>\n<\/table>\n<ul class=\"list-disc pl-8 space-y-2\">\n<li class=\"whitespace-normal\">317L offre una resistenza superiore a un costo inferiore<\/li>\n<li class=\"whitespace-normal\">316L offre una migliore resistenza alla corrosione da vaiolatura<\/li>\n<li class=\"whitespace-normal\">317L vanta una buona resistenza alla corrosione sotto sforzo in presenza di cloruri<\/li>\n<li class=\"whitespace-normal\">316L preferita per ambienti molto corrosivi<\/li>\n<li class=\"whitespace-normal\">317L adatto per applicazioni marine e industria nucleare<\/li>\n<\/ul>\n<h2>FAQ sulla polvere 317L<\/h2>\n<p class=\"whitespace-pre-wrap\"><strong>D: Quali sono le principali applicazioni della polvere di acciaio inossidabile 317L?<\/strong><\/p>\n<p class=\"whitespace-pre-wrap\">A: Le applicazioni principali includono quella chimica, petrolchimica, marina, nucleare, cartaria e architettonica. Viene utilizzato per attrezzature come serbatoi, valvole, tubi, pompe, alberi e rivestimenti.<\/p>\n<p class=\"whitespace-pre-wrap\"><strong>D: Quali precauzioni vanno prese quando si maneggia polvere metallica 317L?<\/strong><\/p>\n<p class=\"whitespace-pre-wrap\">A: Le precauzioni consigliate includono la ventilazione, la messa a terra, l'evitare fonti di accensione, l'uso di attrezzi anti-scintilla, dispositivi di protezione individuale, l'archiviazione sicura e il controllo dell'esposizione alla polvere.<\/p>\n<p class=\"whitespace-pre-wrap\"><strong>D: In che modo il molibdeno migliora la resistenza alla corrosione dell'acciaio 317L?<\/strong><\/p>\n<p class=\"whitespace-pre-wrap\">A: Il molibdeno migliora la resistenza alla corrosione per vaiolatura e a fessura in ambienti con cloruri. Stabilizze la pellicola passiva che protegge la superficie.<\/p>\n<p class=\"whitespace-pre-wrap\"><strong>D: Qual \u00e8 la differenza principale tra la polvere in acciaio inox 304L e 317L?<\/strong><\/p>\n<p class=\"whitespace-pre-wrap\">A: 317L contiene il 3% di molibdeno che gli conferisce una migliore resistenza alla corrosione rispetto al 304L in ambienti marini e altri con cloruri.<\/p>\n<p><\/span><\/span><\/p>","protected":false},"excerpt":{"rendered":"<p>Panoramica della polvere 317L La polvere 317L \u00e8 una polvere di acciaio inossidabile austenitico contenente 18% di cromo, 3% di molibdeno e 0,08% di carbonio. Offre un'eccellente combinazione di resistenza alla corrosione, forza, saldabilit\u00e0 e costo. Le propriet\u00e0 e i vantaggi principali della polvere 317L includono: Propriet\u00e0 e caratteristiche della polvere 317L Propriet\u00e0 Dettagli Composizione Lega Fe-18Cr-3Mo-0,08C Densit\u00e0 8,0 g\/cc Forma delle particelle...<\/p>","protected":false},"featured_media":1837,"parent":0,"template":"","meta":{"_acf_changed":false,"_kad_blocks_custom_css":"","_kad_blocks_head_custom_js":"","_kad_blocks_body_custom_js":"","_kad_blocks_footer_custom_js":"","_kad_post_transparent":"","_kad_post_title":"","_kad_post_layout":"","_kad_post_sidebar_id":"","_kad_post_content_style":"","_kad_post_vertical_padding":"","_kad_post_feature":"","_kad_post_feature_position":"","_kad_post_header":false,"_kad_post_footer":false,"_kad_post_classname":""},"product-category":[119,122],"class_list":["post-3918","product","type-product","status-publish","has-post-thumbnail","hentry","product-category-3d-printing-metal-powder","product-category-iron-based-alloy-powder"],"acf":[],"taxonomy_info":{"product-category":[{"value":119,"label":"3D Printing Metal Powder"},{"value":122,"label":"Iron Based Alloy Powder"}]},"featured_image_src_large":["https:\/\/3dpmetal.com\/wp-content\/uploads\/2024\/02\/317L-Powder.jpg",600,600,false],"author_info":[],"comment_info":"","_links":{"self":[{"href":"https:\/\/3dpmetal.com\/it\/wp-json\/wp\/v2\/product\/3918","targetHints":{"allow":["GET"]}}],"collection":[{"href":"https:\/\/3dpmetal.com\/it\/wp-json\/wp\/v2\/product"}],"about":[{"href":"https:\/\/3dpmetal.com\/it\/wp-json\/wp\/v2\/types\/product"}],"wp:featuredmedia":[{"embeddable":true,"href":"https:\/\/3dpmetal.com\/it\/wp-json\/wp\/v2\/media\/1837"}],"wp:attachment":[{"href":"https:\/\/3dpmetal.com\/it\/wp-json\/wp\/v2\/media?parent=3918"}],"wp:term":[{"taxonomy":"product-category","embeddable":true,"href":"https:\/\/3dpmetal.com\/it\/wp-json\/wp\/v2\/product-category?post=3918"}],"curies":[{"name":"wp","href":"https:\/\/api.w.org\/{rel}","templated":true}]}}