{"id":3919,"date":"2024-03-18T06:10:14","date_gmt":"2024-03-18T06:10:14","guid":{"rendered":"https:\/\/3dp.45612300.xyz\/product\/310-powder\/"},"modified":"2024-03-18T06:10:14","modified_gmt":"2024-03-18T06:10:14","slug":"310-powder","status":"publish","type":"product","link":"https:\/\/3dpmetal.com\/it\/product\/310-powder\/","title":{"rendered":"Polvere 310"},"content":{"rendered":"<p><span style=\"vertical-align: inherit;\"><span style=\"vertical-align: inherit;\"><\/p>\n<h2>Panoramica di 310 Powder<\/h2>\n<p class=\"whitespace-pre-wrap\">La polvere 310 \u00e8 una polvere di acciaio inossidabile austenitico contenente alti livelli di cromo, nichel e azoto per propriet\u00e0 meccaniche avanzate e resistenza alla corrosione. Offre un'eccellente combinazione di resistenza, durezza, tenacit\u00e0 e resistenza all'usura.<\/p>\n<p class=\"whitespace-pre-wrap\">Le principali propriet\u00e0 e i vantaggi della polvere 310 includono:<\/p>\n<p class=\"whitespace-pre-wrap\"><strong>310 Propriet\u00e0 e caratteristiche delle polveri<\/strong><\/p>\n<table>\n<thead>\n<tr>\n<th>Propriet\u00e0<\/th>\n<th>Dettagli<\/th>\n<\/tr>\n<\/thead>\n<tbody>\n<tr>\n<td>Composizione<\/td>\n<td>Lega Fe-25Cr-20Ni-0.25N<\/td>\n<\/tr>\n<tr>\n<td>Densit\u00e0<\/td>\n<td>8,1 g\/cc<\/td>\n<\/tr>\n<tr>\n<td>Forma delle particelle<\/td>\n<td>Irregolare, angolare<\/td>\n<\/tr>\n<tr>\n<td>Intervallo delle dimensioni<\/td>\n<td>10-150 micron<\/td>\n<\/tr>\n<tr>\n<td>Densit\u00e0 apparente<\/td>\n<td>Fino al 50% di densit\u00e0 reale<\/td>\n<\/tr>\n<tr>\n<td>Flussibilita<\/td>\n<td>Moderato<\/td>\n<\/tr>\n<tr>\n<td>Forza<\/td>\n<td>Molto elevato per una polvere della serie 300<\/td>\n<\/tr>\n<tr>\n<td>Resistenza all'usura<\/td>\n<td>Eccellenti per tempra di lavoro<\/td>\n<\/tr>\n<\/tbody>\n<\/table>\n<p class=\"whitespace-pre-wrap\">La polvere 310 \u00e8 ampiamente utilizzata in applicazioni che richiedono durezza, resistenza all'usura e resistenza alla corrosione come particolari di valvole, alberi, gabbie di cuscinetti, elementi di fissaggio, strumenti chirurgici, ecc.<\/p>\n<h2>310 Composizione polvere<\/h2>\n<p class=\"whitespace-pre-wrap\">Tipica composizione di polvere di acciaio inossidabile 310:<\/p>\n<p class=\"whitespace-pre-wrap\"><strong>310 Composizione polvere<\/strong><\/p>\n<table>\n<thead>\n<tr>\n<th>Elemento<\/th>\n<th>% Peso<\/th>\n<\/tr>\n<\/thead>\n<tbody>\n<tr>\n<td>Ferro (Fe)<\/td>\n<td>Equilibrio<\/td>\n<\/tr>\n<tr>\n<td>Cromo (Cr)<\/td>\n<td>24-26%<\/td>\n<\/tr>\n<tr>\n<td>Nichel (Ni)<\/td>\n<td>19-22%<\/td>\n<\/tr>\n<tr>\n<td>Azoto (N)<\/td>\n<td>0.2-0.4%<\/td>\n<\/tr>\n<tr>\n<td>Carbonio (C)<\/td>\n<td>0,25% max<\/td>\n<\/tr>\n<tr>\n<td>Silicio (Si)<\/td>\n<td>1,5% max<\/td>\n<\/tr>\n<tr>\n<td>Manganese (Mn)<\/td>\n<td>Max 2%<\/td>\n<\/tr>\n<tr>\n<td>Zolfo (S)<\/td>\n<td>0,03% max<\/td>\n<\/tr>\n<tr>\n<td>Fosforo (P)<\/td>\n<td>0,045% max<\/td>\n<\/tr>\n<\/tbody>\n<\/table>\n<ul class=\"list-disc pl-8 space-y-2\">\n<li class=\"whitespace-normal\">Il ferro fornisce la matrice ferritica e la duttilit\u00e0<\/li>\n<li class=\"whitespace-normal\">Cromo e nichel migliorano la resistenza alla corrosione<\/li>\n<li class=\"whitespace-normal\">L'azoto fornisce un solido rafforzamento in soluzione<\/li>\n<li class=\"whitespace-normal\">Carbonio, silicio, manganese controllati come elementi vaganti<\/li>\n<\/ul>\n<p class=\"whitespace-pre-wrap\">La composizione ottimizzata fornisce una combinazione eccellente di resistenza, durezza, resistenza alla corrosione e costo.<\/p>\n<p><img loading=\"lazy\" decoding=\"async\" class=\"aligncenter wp-image-1409 size-medium\" src=\"https:\/\/met3dp.com\/wp-content\/uploads\/2023\/09\/ed7a94ec-3c10-4b1b-87ed--300x300.jpg\" alt=\"Polvere 310\" width=\"300\" height=\"300\" title=\"\"><\/p>\n<h2>310 Powder Propriet\u00e0 fisiche<\/h2>\n<p class=\"whitespace-pre-wrap\"><strong>310 Powder Propriet\u00e0 fisiche<\/strong><\/p>\n<table>\n<thead>\n<tr>\n<th>Propriet\u00e0<\/th>\n<th>Valori<\/th>\n<\/tr>\n<\/thead>\n<tbody>\n<tr>\n<td>Densit\u00e0<\/td>\n<td>8,1 g\/cc<\/td>\n<\/tr>\n<tr>\n<td>Punto di fusione<\/td>\n<td>1370-1400 d.C.<\/td>\n<\/tr>\n<tr>\n<td>Resistivit\u00e0 elettrica<\/td>\n<td>0,8 \u00c3\u2014 10^-12 m<\/td>\n<\/tr>\n<tr>\n<td>Conduttivit\u00e0 termica<\/td>\n<td>12 W\/mK<\/td>\n<\/tr>\n<tr>\n<td>Espansione termica<\/td>\n<td>11 x 10^-6 \/K<\/td>\n<\/tr>\n<tr>\n<td>Temperatura massima di servizio<\/td>\n<td>1150\u00a1\u00abC<\/td>\n<\/tr>\n<\/tbody>\n<\/table>\n<ul class=\"list-disc pl-8 space-y-2\">\n<li class=\"whitespace-normal\">Elevata densit\u00e0 rispetto agli acciai inossidabili ferritici<\/li>\n<li class=\"whitespace-normal\">Resistenza di prim'ordine a temperature elevate<\/li>\n<li class=\"whitespace-normal\">Resistivit\u00e0 superiore al ferro puro o agli acciai al carbonio<\/li>\n<li class=\"whitespace-normal\">Conduttivit\u00e0 termica inferiore all'acciaio al carbonio<\/li>\n<li class=\"whitespace-normal\">Pu\u00f2 resistere a un servizio continuo fino a 1150 \u00a1\u00abC<\/li>\n<\/ul>\n<p class=\"whitespace-pre-wrap\">Le propriet\u00e0 fisiche rendono 310 idoneo per applicazioni ad alta temperatura che richiedono durezza, resistenza e resistenza alla corrosione.<\/p>\n<h2>310 Propriet\u00e0 meccaniche della polvere<\/h2>\n<p class=\"whitespace-pre-wrap\"><strong>310 Propriet\u00e0 meccaniche della polvere<\/strong><\/p>\n<table>\n<thead>\n<tr>\n<th>Propriet\u00e0<\/th>\n<th>Valori<\/th>\n<\/tr>\n<\/thead>\n<tbody>\n<tr>\n<td>Resistenza alla trazione<\/td>\n<td>760-900 MPa<\/td>\n<\/tr>\n<tr>\n<td>Limite di snervamento<\/td>\n<td>450-550 MPa<\/td>\n<\/tr>\n<tr>\n<td>Allungamento<\/td>\n<td>35-40%<\/td>\n<\/tr>\n<tr>\n<td>Durezza<\/td>\n<td>32-38 HRC<\/td>\n<\/tr>\n<tr>\n<td>Resistenza agli urti<\/td>\n<td>50-100 J<\/td>\n<\/tr>\n<tr>\n<td>Modulo di elasticit\u00e0<\/td>\n<td>190-210 GPa<\/td>\n<\/tr>\n<\/tbody>\n<\/table>\n<ul class=\"list-disc pl-8 space-y-2\">\n<li class=\"whitespace-normal\">Resistenza molto elevata per acciaio inox serie 300<\/li>\n<li class=\"whitespace-normal\">Eccellente durezza e resistenza all'usura<\/li>\n<li class=\"whitespace-normal\">Elevata tenacit\u00e0 e resistenza all'urto<\/li>\n<li class=\"whitespace-normal\">La resistenza pu\u00f2 essere ulteriormente aumentata mediante lavorazione a freddo<\/li>\n<li class=\"whitespace-normal\">Inoltre, la lavorazione a freddo aumenta significativamente la durezza<\/li>\n<\/ul>\n<p class=\"whitespace-pre-wrap\">Le propriet\u00e0 offrono una combinazione eccellente di robustezza, durezza e resistenza necessarie in molte applicazioni resistenti all'usura.<\/p>\n<h2>310 Applicazioni in polvere<\/h2>\n<p class=\"whitespace-pre-wrap\">Applicazioni tipiche della polvere di acciaio inossidabile 310 includono:<\/p>\n<p class=\"whitespace-pre-wrap\"><strong>310 Applicazioni in polvere<\/strong><\/p>\n<table>\n<thead>\n<tr>\n<th>Industria<\/th>\n<th>Usi di esempio<\/th>\n<\/tr>\n<\/thead>\n<tbody>\n<tr>\n<td>Petrolchimico<\/td>\n<td>Valvole, pompe, alberi<\/td>\n<\/tr>\n<tr>\n<td>Elaborazione alimentare<\/td>\n<td>Coclee di estrusori, lame<\/td>\n<\/tr>\n<tr>\n<td>Automotive<\/td>\n<td>Ingranaggi, alberi, dispositivi di fissaggio<\/td>\n<\/tr>\n<tr>\n<td>Produzione<\/td>\n<td>Attrezzature di stampaggio, gabbie per cuscinetti<\/td>\n<\/tr>\n<tr>\n<td>Medico<\/td>\n<td>Strumenti chirurgici, impianti<\/td>\n<\/tr>\n<\/tbody>\n<\/table>\n<p class=\"whitespace-pre-wrap\">Alcuni usi specifici del prodotto:<\/p>\n<ul class=\"list-disc pl-8 space-y-2\">\n<li class=\"whitespace-normal\">Fissaggi, bulloni, dadi ad alta resistenza<\/li>\n<li class=\"whitespace-normal\">Componenti di pompa e valvola, come guarnizioni, alberi<\/li>\n<li class=\"whitespace-normal\">Viti e lame di estrusori per la lavorazione alimentare<\/li>\n<li class=\"whitespace-normal\">Strumenti e stampi per pressatura ad alta durezza<\/li>\n<li class=\"whitespace-normal\">Attrezzature di miscelazione, giranti che richiedono resistenza all'usura<\/li>\n<\/ul>\n<p class=\"whitespace-pre-wrap\">Grazie all'eccellente combinazione delle sue propriet\u00e0, 310 \u00e8 ampiamente utilizzato per applicazioni specialistiche in tutti i settori.<\/p>\n<h2>Specifiche di 310 Powder<\/h2>\n<p class=\"whitespace-pre-wrap\">Specifiche e standard pertinenti:<\/p>\n<p class=\"whitespace-pre-wrap\"><strong>310 Standard polveri<\/strong><\/p>\n<table>\n<thead>\n<tr>\n<th>Standard<\/th>\n<th>Descrizione<\/th>\n<\/tr>\n<\/thead>\n<tbody>\n<tr>\n<td>ASTM A276<\/td>\n<td>Specifica standard per barre e profili in acciaio inossidabile<\/td>\n<\/tr>\n<tr>\n<td>ASTM A314<\/td>\n<td>Standard per tubazioni e condutture piegate in acciaio inossidabile<\/td>\n<\/tr>\n<tr>\n<td>ASME SA-479<\/td>\n<td>Specifica per tubi in acciaio inossidabile<\/td>\n<\/tr>\n<tr>\n<td>AMS 5517<\/td>\n<td>Barra di acciaio inossidabile resistente alla corrosione ricotto, filo, forgiatura<\/td>\n<\/tr>\n<tr>\n<td>AMS 5903<\/td>\n<td>Barre, fili e forgiature d'acciaio inossidabile temprato per precipitazione<\/td>\n<\/tr>\n<\/tbody>\n<\/table>\n<p class=\"whitespace-pre-wrap\">Questi standard definiscono:<\/p>\n<ul class=\"list-disc pl-8 space-y-2\">\n<li class=\"whitespace-normal\">Limiti di composizione chimica della lega 310<\/li>\n<li class=\"whitespace-normal\">Livelli di impurezza ammissibili come S, P<\/li>\n<li class=\"whitespace-normal\">Propriet\u00e0 meccaniche richieste<\/li>\n<li class=\"whitespace-normal\">Metodi di produzione approvati<\/li>\n<li class=\"whitespace-normal\">Protocolli per test di conformit\u00e0<\/li>\n<li class=\"whitespace-normal\">Imballaggio, etichettatura e documentazione adeguati<\/li>\n<\/ul>\n<p class=\"whitespace-pre-wrap\">Il soddisfacimento dei requisiti di certificazione garantisce l'idoneit\u00e0 della polvere.<\/p>\n<h2>310 Dimensione particellare in polvere<\/h2>\n<p class=\"whitespace-pre-wrap\"><strong>Distribuzione delle dimensioni delle particelle di polvere 310<\/strong><\/p>\n<table>\n<thead>\n<tr>\n<th>Dimensione particellare<\/th>\n<th>Caratteristiche<\/th>\n<\/tr>\n<\/thead>\n<tbody>\n<tr>\n<td>10~45 micron<\/td>\n<td>Grado ultrafine per finiture ad alta densit\u00e0 e superficie<\/td>\n<\/tr>\n<tr>\n<td>45-150 micron<\/td>\n<td>Granulometria grossa fornisce una buona fluidit\u00e0<\/td>\n<\/tr>\n<tr>\n<td>15-150 micron<\/td>\n<td>Grado standard per stampaggio e sinterizzazione<\/td>\n<\/tr>\n<\/tbody>\n<\/table>\n<ul class=\"list-disc pl-8 space-y-2\">\n<li class=\"whitespace-normal\">Particelle pi\u00f9 fini consentono una maggiore densificazione durante la sinterizzazione<\/li>\n<li class=\"whitespace-normal\">Una polvere pi\u00f9 grossa scorre meglio e riempie uniformemente le cavit\u00e0 degli stampi<\/li>\n<li class=\"whitespace-normal\">La gamma di dimensioni viene adattata in base alle propriet\u00e0 finali richieste<\/li>\n<li class=\"whitespace-normal\">Sono disponibili entrambe le polveri atomizzate a gas e ad acqua<\/li>\n<\/ul>\n<p class=\"whitespace-pre-wrap\">Il controllo della distribuzione granulometrica permette di ottimizzare il comportamento di processazione e le prestazioni finali del pezzo.<\/p>\n<h2>310 Densit\u00e0 apparente della polvere<\/h2>\n<p class=\"whitespace-pre-wrap\"><strong>310 Densit\u00e0 apparente della polvere<\/strong><\/p>\n<table>\n<thead>\n<tr>\n<th>Densit\u00e0 apparente<\/th>\n<th>Dettagli<\/th>\n<\/tr>\n<\/thead>\n<tbody>\n<tr>\n<td>Fino al 50% di densit\u00e0 reale<\/td>\n<td>Per morfologie di polveri irregolari<\/td>\n<\/tr>\n<tr>\n<td>4,5-5,5 g\/cc tipico<\/td>\n<td>Si migliora con maggiore densit\u00e0 di confezionamento<\/td>\n<\/tr>\n<\/tbody>\n<\/table>\n<ul class=\"list-disc pl-8 space-y-2\">\n<li class=\"whitespace-normal\">La densit\u00e0 apparentiore migliora la compressibilit\u00e0 e il flusso di polvere<\/li>\n<li class=\"whitespace-normal\">La morfologia irregolare limita la massima densit\u00e0 di impaccamento<\/li>\n<li class=\"whitespace-normal\">Sono possibili valori fino al 60% con polveri sferiche<\/li>\n<li class=\"whitespace-normal\">L'elevata densit\u00e0 apparente migliora l'efficienza di riempimento dello stampo<\/li>\n<\/ul>\n<p class=\"whitespace-pre-wrap\">Una densit\u00e0 apparentemente pi\u00f9 elevata porta a una maggiore produttivit\u00e0 nella lavorazione e alla qualit\u00e0 delle parti.<\/p>\n<h2>Metodo di produzione della polvere 310<\/h2>\n<p class=\"whitespace-pre-wrap\"><strong>310 Produzione di polvere<\/strong><\/p>\n<table>\n<thead>\n<tr>\n<th>Metodo<\/th>\n<th>Dettagli<\/th>\n<\/tr>\n<\/thead>\n<tbody>\n<tr>\n<td>Atomizzazione a gas<\/td>\n<td>Il gas inerte ad alta pressione rompe il flusso del metallo fuso in fini goccioline<\/td>\n<\/tr>\n<tr>\n<td>Atomizzazione dell'acqua<\/td>\n<td>Il getto d'acqua ad alta pressione frantuma il metallo in particelle fini<\/td>\n<\/tr>\n<tr>\n<td>Fusione a induzione in vuoto<\/td>\n<td>Materiali di ingresso ad alta purezza fusi sotto vuoto.<\/td>\n<\/tr>\n<tr>\n<td>Rifusione multipla<\/td>\n<td>Migliora l'omogeneizzazione chimica<\/td>\n<\/tr>\n<tr>\n<td>Setacciamento<\/td>\n<td>Classifica la polvere in diversi intervalli di dimensioni delle particelle<\/td>\n<\/tr>\n<\/tbody>\n<\/table>\n<ul class=\"list-disc pl-8 space-y-2\">\n<li class=\"whitespace-normal\">L'atomizzazione con gas fornisce una morfologia pulviscolare sferica pulita<\/li>\n<li class=\"whitespace-normal\">L'atomizzazione dell'acqua \u00e8 un processo pi\u00f9 economico con particelle irregolari<\/li>\n<li class=\"whitespace-normal\">La fusione e rifusione sotto vuoto minimizza le impurit\u00e0 gassose<\/li>\n<li class=\"whitespace-normal\">La post-elaborazione consente la personalizzazione delle dimensioni delle particelle<\/li>\n<\/ul>\n<p class=\"whitespace-pre-wrap\">La produzione automatizzata e i rigorosi controlli di qualit\u00e0 danno come risultato una polvere omogenea adatta alle applicazioni critiche.<\/p>\n<h2>Prezzi polvere da 310<\/h2>\n<p class=\"whitespace-pre-wrap\"><strong>Prezzi polvere da 310<\/strong><\/p>\n<table>\n<thead>\n<tr>\n<th>Fattore<\/th>\n<th>Impatto sul prezzo<\/th>\n<\/tr>\n<\/thead>\n<tbody>\n<tr>\n<td>Livello di purezza<\/td>\n<td>Maggiore purezza aumenta il costo<\/td>\n<\/tr>\n<tr>\n<td>Morphologia delle polveri<\/td>\n<td>La polvere sferica costa di pi\u00f9<\/td>\n<\/tr>\n<tr>\n<td>Dimensione particellare<\/td>\n<td>Polvere ultrafine pi\u00f9 costosa<\/td>\n<\/tr>\n<tr>\n<td>Volume di ordinazione<\/td>\n<td>Quantit\u00e0 maggiori comportano un prezzo unitario inferiore<\/td>\n<\/tr>\n<tr>\n<td>Servizi aggiuntivi<\/td>\n<td>La personalizzazione aumenta i costi<\/td>\n<\/tr>\n<\/tbody>\n<\/table>\n<p class=\"whitespace-pre-wrap\"><strong>Prezzario indicativo<\/strong><\/p>\n<ul class=\"list-disc pl-8 space-y-2\">\n<li class=\"whitespace-normal\">Irregolare 310 polvere: $8-12 al kg<\/li>\n<li class=\"whitespace-normal\">Polvere Spherical 310: $12-18 per kg<\/li>\n<li class=\"whitespace-normal\">La tariffazione in base al volume pu\u00f2 essere inferiore del 30-50%<\/li>\n<\/ul>\n<p class=\"whitespace-pre-wrap\">La determinazione del prezzo dipende dalla purezza, dalle caratteristiche delle particelle, dal volume dell'ordine e dalle esigenze di personalizzazione.<\/p>\n<h2>310 fornitori di polvere<\/h2>\n<p class=\"whitespace-pre-wrap\"><strong>310 fornitori di polvere<\/strong><\/p>\n<table>\n<thead>\n<tr>\n<th>Azienda<\/th>\n<th>Ubicazione<\/th>\n<\/tr>\n<\/thead>\n<tbody>\n<tr>\n<td>H\u00e5kon<\/td>\n<td>Svezia<\/td>\n<\/tr>\n<tr>\n<td>Sandvik<\/td>\n<td>Germania<\/td>\n<\/tr>\n<tr>\n<td>Daido Steel<\/td>\n<td>Giappone<\/td>\n<\/tr>\n<tr>\n<td>Polvere CNPC<\/td>\n<td>Cina<\/td>\n<\/tr>\n<tr>\n<td>Carpenter Powder Products<\/td>\n<td>USA<\/td>\n<\/tr>\n<tr>\n<td>Erasteel<\/td>\n<td>Francia<\/td>\n<\/tr>\n<\/tbody>\n<\/table>\n<p class=\"whitespace-pre-wrap\">Fattori chiave nella scelta del fornitore:<\/p>\n<ul class=\"list-disc pl-8 space-y-2\">\n<li class=\"whitespace-normal\">Taglie delle polveri offerti<\/li>\n<li class=\"whitespace-normal\">capacit\u00e0 produttiva<\/li>\n<li class=\"whitespace-normal\">Morfologia delle particelle e intervalli di grandezza<\/li>\n<li class=\"whitespace-normal\">Report di analisi batch<\/li>\n<li class=\"whitespace-normal\">Prezzo e quantit\u00e0 minima di ordine<\/li>\n<li class=\"whitespace-normal\">Servizi di personalizzazione<\/li>\n<li class=\"whitespace-normal\">Tempi di consegna e affidabilit\u00e0<\/li>\n<\/ul>\n<h2>310 Gestione e deposito delle polveri<\/h2>\n<p class=\"whitespace-pre-wrap\"><strong>310 Gestione polvere<\/strong><\/p>\n<table>\n<thead>\n<tr>\n<th>Raccomandazione<\/th>\n<th>Motivo<\/th>\n<\/tr>\n<\/thead>\n<tbody>\n<tr>\n<td>Utilizzare DPI e areazione<\/td>\n<td>Evitate l'esposizione alle fini particelle metalliche<\/td>\n<\/tr>\n<tr>\n<td>Assicurati una corretta messa a terra<\/td>\n<td>Prevenire le scariche elettrostatiche durante la manipolazione<\/td>\n<\/tr>\n<tr>\n<td>Evitare fonti di accensione<\/td>\n<td>La polvere pu\u00f2 combustionare in presenza di ossigeno<\/td>\n<\/tr>\n<tr>\n<td>Utilizzare utensili anti-scintilla<\/td>\n<td>Prevenire la possibilit\u00e0 di accensione<\/td>\n<\/tr>\n<tr>\n<td>Seguire i protocolli di sicurezza<\/td>\n<td>Riduci il rischio di ustioni, inalazione, ingestione<\/td>\n<\/tr>\n<tr>\n<td>Memorizzare in contenitori stabili<\/td>\n<td>Impedire contaminazione o ossidazione<\/td>\n<\/tr>\n<\/tbody>\n<\/table>\n<p class=\"whitespace-pre-wrap\">Dato che la polvere 310 \u00e8 infiammabile, i rischi di combustione e di esplosione dovrebbero essere controllati durante la manipolazione e lo stoccaggio. Diversamente \u00e8 relativamente sicura se vengono prese le dovute precauzioni.<\/p>\n<h2>310 Test e ispezione polveri<\/h2>\n<p class=\"whitespace-pre-wrap\"><strong>310 Test polvere<\/strong><\/p>\n<table>\n<thead>\n<tr>\n<th>Test<\/th>\n<th>Dettagli<\/th>\n<\/tr>\n<\/thead>\n<tbody>\n<tr>\n<td>Analisi chimica<\/td>\n<td>L'ICP e XRF verificano la composizione<\/td>\n<\/tr>\n<tr>\n<td>Distribuzione granulometrica<\/td>\n<td>La diffrazione laser determina la distribuzione delle dimensioni<\/td>\n<\/tr>\n<tr>\n<td>Densit\u00e0 apparente<\/td>\n<td>Test del misuratore di portata Hall secondo lo standard ASTM B212<\/td>\n<\/tr>\n<tr>\n<td>Morphologia delle polveri<\/td>\n<td>Le immagini SEM mostrano la forma delle particelle<\/td>\n<\/tr>\n<tr>\n<td>Analisi del flusso di lavoro<\/td>\n<td>Portata di flusso per gravit\u00e0 attraverso uno specifico ugello<\/td>\n<\/tr>\n<tr>\n<td>Perdita all\u2019accensione<\/td>\n<td>Determina il contenuto di umidit\u00e0 residua<\/td>\n<\/tr>\n<\/tbody>\n<\/table>\n<p class=\"whitespace-pre-wrap\">Test rigorosi garantiscono che la polvere soddisfi i requisiti di purezza chimica, caratteristiche delle particelle, densit\u00e0, morfologia, e scorrevolezza in base alle specifiche applicabili.<\/p>\n<h2>310 Pro e contro delle polvere<\/h2>\n<p class=\"whitespace-pre-wrap\"><strong>Vantaggi di 310 Powder<\/strong><\/p>\n<ul class=\"list-disc pl-8 space-y-2\">\n<li class=\"whitespace-normal\">Elevata resistenza e durezza per polveri di acciaio inossidabile<\/li>\n<li class=\"whitespace-normal\">Resistenza a temperatura e alla corrosione elevate<\/li>\n<li class=\"whitespace-normal\">Ottima duttilit\u00e0, tenacit\u00e0 e saldabilit\u00e0<\/li>\n<li class=\"whitespace-normal\">Eccellente resistenza all'usura e all'abrasione<\/li>\n<li class=\"whitespace-normal\">La lettura indurisce notevolmente<\/li>\n<li class=\"whitespace-normal\">Pi\u00f9 conveniente rispetto alle leghe ad alto contenuto di nichel o esotiche<\/li>\n<\/ul>\n<p class=\"whitespace-pre-wrap\"><strong>Svantaggi della polvere 310<\/strong><\/p>\n<ul class=\"list-disc pl-8 space-y-2\">\n<li class=\"whitespace-normal\">Meno duttilit\u00e0 rispetto alle qualit\u00e0 austenitiche nello stato ricotto<\/li>\n<li class=\"whitespace-normal\">Resistenza alla corrosione per vaiolatura inferiore al grado 316<\/li>\n<li class=\"whitespace-normal\">Richiede cura durante la saldatura per evitare sensibilizzazione<\/li>\n<li class=\"whitespace-normal\">Capacit\u00e0 limitata di formatura e intestatura a freddo<\/li>\n<li class=\"whitespace-normal\">Suscettibile all'indebolimento della fase sigma ad alte temperature<\/li>\n<li class=\"whitespace-normal\">Colorazione di superficie che col tempo perde colore in alcuni ambienti<\/li>\n<\/ul>\n<h2>Confronto con polvere 316L<\/h2>\n<p class=\"whitespace-pre-wrap\"><strong>Acciaio inossidabile in polvere 310 vs 316L<\/strong><\/p>\n<table>\n<thead>\n<tr>\n<th>Parametro<\/th>\n<th>310<\/th>\n<th>316L<\/th>\n<\/tr>\n<\/thead>\n<tbody>\n<tr>\n<td>Densit\u00e0<\/td>\n<td>8,1 g\/cc<\/td>\n<td>8,0 g\/cc<\/td>\n<\/tr>\n<tr>\n<td>Forza<\/td>\n<td>760-900 MPa<\/td>\n<td>485-550 MPa<\/td>\n<\/tr>\n<tr>\n<td>Durezza<\/td>\n<td>32-38 HRC<\/td>\n<td>79-95 HRB<\/td>\n<\/tr>\n<tr>\n<td>Resistenza alla corrosione<\/td>\n<td>Davvero ottimo<\/td>\n<td>Eccellente<\/td>\n<\/tr>\n<tr>\n<td>Costi<\/td>\n<td>Scarso<\/td>\n<td>Elevato<\/td>\n<\/tr>\n<tr>\n<td>Usi<\/td>\n<td>Parti soggette ad usura, utensili<\/td>\n<td>Impianti chimici, marini<\/td>\n<\/tr>\n<\/tbody>\n<\/table>\n<ul class=\"list-disc pl-8 space-y-2\">\n<li class=\"whitespace-normal\">310 ha una resistenza e una durezza assai pi\u00f9 elevate<\/li>\n<li class=\"whitespace-normal\">316L fornisce una migliore resistenza globale alla corrosione.<\/li>\n<li class=\"whitespace-normal\">310 \u00e8 pi\u00f9 conveniente di 316L<\/li>\n<li class=\"whitespace-normal\">310 idoneo per applicazioni che richiedono durezza e resistenza all'usura<\/li>\n<li class=\"whitespace-normal\">316L preferito dove la corrosione \u00e8 la preoccupazione primaria<\/li>\n<\/ul>\n<h2>310 FONTE D'ALIMENTAZIONE Domande frequenti<\/h2>\n<p class=\"whitespace-pre-wrap\"><strong>D: Quali sono le principali applicazioni della polvere di acciaio inossidabile 310?<\/strong><\/p>\n<p class=\"whitespace-pre-wrap\">A. Le sue applicazioni principali includono bulloneria ad alta resistenza, componenti per pompe e valvole, viti per estrusori, attrezzature per stampaggio, gabbie di cuscinetti, alberi e strumenti chirurgici che richiedono durezza, resistenza e resistenza all'usura.<\/p>\n<p class=\"whitespace-pre-wrap\"><strong>D: Qual \u00e8 il ruolo dell'azoto nell'acciaio inossidabile 310?<\/strong><\/p>\n<p class=\"whitespace-pre-wrap\">L'azoto non fornisce un rafforzamento sostanziale della soluzione solida che aumenta significativamente la resistenza e durezza dell'acciaio inossidabile 310.<\/p>\n<p class=\"whitespace-pre-wrap\"><strong>Q: Che precauzioni sono necessarie quando si lavora con la polvere 310?<\/strong><\/p>\n<p class=\"whitespace-pre-wrap\">A: I consigli di prudenza includono ventilazione, atmosfera inerte, messa a terra, evitare fonti di accensione, dispositivi di protezione, utilizzo di utensili non scintillanti, e stoccaggio sicuro in contenitori stabili.<\/p>\n<p class=\"whitespace-pre-wrap\"><strong>D: In che modo l'acciaio inossidabile 310 si differenzia dai gradi 304 e 316?<\/strong><\/p>\n<p class=\"whitespace-pre-wrap\">A: 310 ha resistenza e durezza molto pi\u00f9 elevate rispetto 304 o 316 a causa del suo elevato contenuto di azoto. Offre una migliore resistenza all'usura ma una minore resistenza alla corrosione rispetto 316.<\/p>\n<p><\/span><\/span><\/p>","protected":false},"excerpt":{"rendered":"<p>Panoramica della polvere 310 La polvere 310 \u00e8 una polvere di acciaio inossidabile austenitico contenente alti livelli di cromo, nichel e azoto per migliorare le propriet\u00e0 meccaniche e la resistenza alla corrosione. Offre un'eccellente combinazione di forza, durezza, tenacit\u00e0 e resistenza all'usura. Le propriet\u00e0 e i vantaggi principali della polvere 310 includono: Propriet\u00e0 e caratteristiche della polvere 310 Propriet\u00e0 Dettagli Composizione...<\/p>","protected":false},"featured_media":1839,"parent":0,"template":"","meta":{"_acf_changed":false,"_kad_blocks_custom_css":"","_kad_blocks_head_custom_js":"","_kad_blocks_body_custom_js":"","_kad_blocks_footer_custom_js":"","_kad_post_transparent":"","_kad_post_title":"","_kad_post_layout":"","_kad_post_sidebar_id":"","_kad_post_content_style":"","_kad_post_vertical_padding":"","_kad_post_feature":"","_kad_post_feature_position":"","_kad_post_header":false,"_kad_post_footer":false,"_kad_post_classname":""},"product-category":[119,122],"class_list":["post-3919","product","type-product","status-publish","has-post-thumbnail","hentry","product-category-3d-printing-metal-powder","product-category-iron-based-alloy-powder"],"acf":[],"taxonomy_info":{"product-category":[{"value":119,"label":"3D Printing Metal Powder"},{"value":122,"label":"Iron Based Alloy Powder"}]},"featured_image_src_large":["https:\/\/3dpmetal.com\/wp-content\/uploads\/2024\/02\/310-Powder.jpg",600,600,false],"author_info":[],"comment_info":"","_links":{"self":[{"href":"https:\/\/3dpmetal.com\/it\/wp-json\/wp\/v2\/product\/3919","targetHints":{"allow":["GET"]}}],"collection":[{"href":"https:\/\/3dpmetal.com\/it\/wp-json\/wp\/v2\/product"}],"about":[{"href":"https:\/\/3dpmetal.com\/it\/wp-json\/wp\/v2\/types\/product"}],"wp:featuredmedia":[{"embeddable":true,"href":"https:\/\/3dpmetal.com\/it\/wp-json\/wp\/v2\/media\/1839"}],"wp:attachment":[{"href":"https:\/\/3dpmetal.com\/it\/wp-json\/wp\/v2\/media?parent=3919"}],"wp:term":[{"taxonomy":"product-category","embeddable":true,"href":"https:\/\/3dpmetal.com\/it\/wp-json\/wp\/v2\/product-category?post=3919"}],"curies":[{"name":"wp","href":"https:\/\/api.w.org\/{rel}","templated":true}]}}