{"id":3921,"date":"2024-03-18T06:10:14","date_gmt":"2024-03-18T06:10:14","guid":{"rendered":"https:\/\/3dp.45612300.xyz\/product\/s2-powder\/"},"modified":"2024-03-18T06:10:14","modified_gmt":"2024-03-18T06:10:14","slug":"s2-powder","status":"publish","type":"product","link":"https:\/\/3dpmetal.com\/it\/product\/s2-powder\/","title":{"rendered":"Polvere S2"},"content":{"rendered":"<p><span style=\"vertical-align: inherit;\"><span style=\"vertical-align: inherit;\"><\/p>\n<h2>Panoramica sulla polvere S2<\/h2>\n<p class=\"whitespace-pre-wrap\">La polvere S2 \u00e8 un acciaio ad alta velocit\u00e0 utensile in polvere ideale per realizzare attrezzature di taglio che necessitano di elevata durezza, resistenza e resistenza all'usura a temperature elevate. Contiene tungsteno, molibdeno, vanadio e leghe aggiuntive che forniscono eccellente durezza a caldo e resistenza alla fatica termica.<\/p>\n<p class=\"whitespace-pre-wrap\">Propriet\u00e0 e vantaggi chiave della polvere S2:<\/p>\n<p class=\"whitespace-pre-wrap\"><strong>S2 Powder Properties and Characteristics<\/strong><\/p>\n<table>\n<thead>\n<tr>\n<th>Propriet\u00e0<\/th>\n<th>Dettagli<\/th>\n<\/tr>\n<\/thead>\n<tbody>\n<tr>\n<td>Composizione<\/td>\n<td>Lega Fe-1C-5Cr-2.35Mo-6.4W-1.4V-2Si<\/td>\n<\/tr>\n<tr>\n<td>Densit\u00e0<\/td>\n<td>7,7 g\/cc<\/td>\n<\/tr>\n<tr>\n<td>Forma delle particelle<\/td>\n<td>Irregolare, angolare<\/td>\n<\/tr>\n<tr>\n<td>Intervallo delle dimensioni<\/td>\n<td>10-150 micron<\/td>\n<\/tr>\n<tr>\n<td>Densit\u00e0 apparente<\/td>\n<td>Fino al 50% di densit\u00e0 reale<\/td>\n<\/tr>\n<tr>\n<td>Flussibilita<\/td>\n<td>Basso-moderato<\/td>\n<\/tr>\n<tr>\n<td>Durezza<\/td>\n<td>62-64 HRC quando sottoposto a trattamento termico<\/td>\n<\/tr>\n<tr>\n<td>Resistenza<\/td>\n<td>Davvero ottimo<\/td>\n<\/tr>\n<\/tbody>\n<\/table>\n<p class=\"whitespace-pre-wrap\">La polvere S2 produce utensili da taglio, stampi e componenti di macchinari con una durata maggiore in condizioni di temperature elevate e sollecitazioni d'urto intermittenti.<\/p>\n<h2>composizione della polvere S2<\/h2>\n<p class=\"whitespace-pre-wrap\">Composizione tipica di polveri di acciaio rapido S2 ad alta velocit\u00e0:<\/p>\n<p class=\"whitespace-pre-wrap\"><strong>composizione della polvere S2<\/strong><\/p>\n<table>\n<thead>\n<tr>\n<th>Elemento<\/th>\n<th>% Peso<\/th>\n<\/tr>\n<\/thead>\n<tbody>\n<tr>\n<td>Ferro (Fe)<\/td>\n<td>Equilibrio<\/td>\n<\/tr>\n<tr>\n<td>Carbonio (C)<\/td>\n<td>0.9-1.2%<\/td>\n<\/tr>\n<tr>\n<td>Cromo (Cr)<\/td>\n<td>3.8-4.5%<\/td>\n<\/tr>\n<tr>\n<td>Tungsteno (W)<\/td>\n<td>6.4%<\/td>\n<\/tr>\n<tr>\n<td>Molibdeno (Mo)<\/td>\n<td>1.9-2.2%<\/td>\n<\/tr>\n<tr>\n<td>Vanadio (V)<\/td>\n<td>1.3-1.6%<\/td>\n<\/tr>\n<tr>\n<td>Manganese (Mn)<\/td>\n<td>0.2-0.5%<\/td>\n<\/tr>\n<tr>\n<td>Silicio (Si)<\/td>\n<td>0.9-1.4%<\/td>\n<\/tr>\n<\/tbody>\n<\/table>\n<ul class=\"list-disc pl-8 space-y-2\">\n<li class=\"whitespace-normal\">Il ferro fornisce la matrice ferritica<\/li>\n<li class=\"whitespace-normal\">Carbonio, tungsteno e cromo formano carburi duri<\/li>\n<li class=\"whitespace-normal\">Vanadio e molibdeno aumentano la resistenza all'usura<\/li>\n<li class=\"whitespace-normal\">Il manganese e il silicio agevolano la lavorabilit\u00e0<\/li>\n<\/ul>\n<p class=\"whitespace-pre-wrap\">La composizione \u00e8 ottimizzata per ottenere un'eccezionale combinazione di durezza a caldo, durezza a rosso e tenacit\u00e0 necessarie per applicazioni di lavorazione ad alta velocit\u00e0.<\/p>\n<p><img loading=\"lazy\" decoding=\"async\" class=\"size-medium wp-image-1409 aligncenter\" src=\"https:\/\/met3dp.com\/wp-content\/uploads\/2023\/09\/ed7a94ec-3c10-4b1b-87ed--300x300.jpg\" alt=\"Polvere S2\" width=\"300\" height=\"300\" title=\"\"><\/p>\n<h2>Propriet\u00e0 fisiche delle polveri S2<\/h2>\n<p class=\"whitespace-pre-wrap\"><strong>Propriet\u00e0 fisiche delle polveri S2<\/strong><\/p>\n<table>\n<thead>\n<tr>\n<th>Propriet\u00e0<\/th>\n<th>Valori<\/th>\n<\/tr>\n<\/thead>\n<tbody>\n<tr>\n<td>Densit\u00e0<\/td>\n<td>7,7 g\/cc<\/td>\n<\/tr>\n<tr>\n<td>Punto di fusione<\/td>\n<td>1320-1350\u00a1\u00abC<\/td>\n<\/tr>\n<tr>\n<td>Conduttivit\u00e0 termica<\/td>\n<td>37 W\/mK<\/td>\n<\/tr>\n<tr>\n<td>Resistivit\u00e0 elettrica<\/td>\n<td>0,6 \u00c3\u201410-6 m<\/td>\n<\/tr>\n<tr>\n<td>Temperatura massima di servizio<\/td>\n<td>600 \u00a1\u00abC<\/td>\n<\/tr>\n<tr>\n<td>Temperatura di Curie<\/td>\n<td>770\u00abC<\/td>\n<\/tr>\n<\/tbody>\n<\/table>\n<ul class=\"list-disc pl-8 space-y-2\">\n<li class=\"whitespace-normal\">L'elevata densit\u00e0 consente componenti miniaturizzati<\/li>\n<li class=\"whitespace-normal\">Mantiene durezza e resistenza alle alte temperature<\/li>\n<li class=\"whitespace-normal\">Diventa paramagnetico sopra il punto di Curie<\/li>\n<li class=\"whitespace-normal\">Pu\u00f2 resistere a un servizio prolungato fino a 600 \u00a1\u00ab C<\/li>\n<li class=\"whitespace-normal\">Una buona conducibilit\u00e0 termica riduce le tensioni di dilatazione termica<\/li>\n<\/ul>\n<p class=\"whitespace-pre-wrap\">Queste propriet\u00e0 offrono una combinazione bilanciata di durezza a caldo e resistenza agli shock termici necessaria nelle applicazioni di lavorazione ad alta velocit\u00e0.<\/p>\n<h2>Propriet\u00e0 meccaniche della polvere S2<\/h2>\n<p class=\"whitespace-pre-wrap\"><strong>Propriet\u00e0 meccaniche della polvere S2<\/strong><\/p>\n<table>\n<thead>\n<tr>\n<th>Propriet\u00e0<\/th>\n<th>Valori<\/th>\n<\/tr>\n<\/thead>\n<tbody>\n<tr>\n<td>Durezza<\/td>\n<td>62-64 HRC<\/td>\n<\/tr>\n<tr>\n<td>Resistenza alla rottura trasversale<\/td>\n<td>4500-4800 MPa<\/td>\n<\/tr>\n<tr>\n<td>Resistenza alla compressione<\/td>\n<td>3800-4100 MPa<\/td>\n<\/tr>\n<tr>\n<td>Resistenza alla trazione<\/td>\n<td>2050-2250 MPa<\/td>\n<\/tr>\n<tr>\n<td>Limite di snervamento<\/td>\n<td>1930-2050 MPa<\/td>\n<\/tr>\n<tr>\n<td>Allungamento<\/td>\n<td>8-10%<\/td>\n<\/tr>\n<tr>\n<td>Tenacit\u00e0 all\u2019urto<\/td>\n<td>10-14 J\/cm2<\/td>\n<\/tr>\n<\/tbody>\n<\/table>\n<ul class=\"list-disc pl-8 space-y-2\">\n<li class=\"whitespace-normal\">Resistenza eccezionale quando trattata termicamente<\/li>\n<li class=\"whitespace-normal\">Alta resistenza con duttilit\u00e0 ragionevole<\/li>\n<li class=\"whitespace-normal\">Resistenza alla rottura trasversale e compressiva molto buona<\/li>\n<li class=\"whitespace-normal\">Eccellente durezza a caldo<\/li>\n<li class=\"whitespace-normal\">La resistenza dipende dal processo di trattamento termico<\/li>\n<\/ul>\n<p class=\"whitespace-pre-wrap\">La polvere S2 produce strumenti di taglio e matrici con la durezza, la resistenza e le propriet\u00e0 termiche necessarie per lavorare materiali difficili ad alte velocit\u00e0 e temperature.<\/p>\n<h2>Applicazioni polvere S2<\/h2>\n<p class=\"whitespace-pre-wrap\">Applicazioni tipiche della polvere di acciaio utensile ad alta velocit\u00e0 S2 includono:<\/p>\n<p class=\"whitespace-pre-wrap\"><strong>Applicazioni polvere S2<\/strong><\/p>\n<table>\n<thead>\n<tr>\n<th>Industria<\/th>\n<th>Usi di esempio<\/th>\n<\/tr>\n<\/thead>\n<tbody>\n<tr>\n<td>Automotive<\/td>\n<td>Utensili per taglio e fresatura.<\/td>\n<\/tr>\n<tr>\n<td>Aerospaziale<\/td>\n<td>Trapani, frese<\/td>\n<\/tr>\n<tr>\n<td>Produzione<\/td>\n<td>Punzoni, matrici di formatura<\/td>\n<\/tr>\n<tr>\n<td>Olio e gas<\/td>\n<td>Utensili da fondo, punte da perforazione<\/td>\n<\/tr>\n<tr>\n<td>Lavorazioni meccaniche generali<\/td>\n<td>Attrezzi per tornitura, alesatura e piallatura<\/td>\n<\/tr>\n<\/tbody>\n<\/table>\n<p class=\"whitespace-pre-wrap\">Alcuni usi specifici del prodotto:<\/p>\n<ul class=\"list-disc pl-8 space-y-2\">\n<li class=\"whitespace-normal\">Inserti di avvallamento, utensile con inserti<\/li>\n<li class=\"whitespace-normal\">Alesatori, svasatori, maschi, filiere<\/li>\n<li class=\"whitespace-normal\">Seghe per taglio di metalli e coltelli industriali.<\/li>\n<li class=\"whitespace-normal\">Attrezzatura di estrusione e filiere di trafilatura<\/li>\n<li class=\"whitespace-normal\">Matrici di estrusione a freddo e forgiatura<\/li>\n<li class=\"whitespace-normal\">Manometri, componenti resistenti all'usura<\/li>\n<\/ul>\n<p class=\"whitespace-pre-wrap\">Le propriet\u00e0 uniche del tipo S2 lo rendono la scelta migliore per utensili da taglio e componenti affidabili utilizzati in impegnative applicazioni di lavorazione dei metalli.<\/p>\n<h2>Specifiche della polvere S2<\/h2>\n<p class=\"whitespace-pre-wrap\">Specifiche chiave per polvere di acciaio ad alta velocit\u00e0 S2:<\/p>\n<p class=\"whitespace-pre-wrap\"><strong>Standard S2 in polvere<\/strong><\/p>\n<table>\n<thead>\n<tr>\n<th>Standard<\/th>\n<th>Descrizione<\/th>\n<\/tr>\n<\/thead>\n<tbody>\n<tr>\n<td>ASTM A600<\/td>\n<td>Specifica per acciai da utensili acciaio rapido<\/td>\n<\/tr>\n<tr>\n<td>JIS G4403<\/td>\n<td>Acciai per utensili ad alta velocit\u00e0<\/td>\n<\/tr>\n<tr>\n<td>DIN 1.2363<\/td>\n<td>Equivalente all'acciaio rapido AISI S7<\/td>\n<\/tr>\n<tr>\n<td>UNS T11302<\/td>\n<td>Designazione per grado AISI S2<\/td>\n<\/tr>\n<tr>\n<td>ISO 4957<\/td>\n<td>Specifiche degli acciai per utensili<\/td>\n<\/tr>\n<\/tbody>\n<\/table>\n<p class=\"whitespace-pre-wrap\">Questi definiscono:<\/p>\n<ul class=\"list-disc pl-8 space-y-2\">\n<li class=\"whitespace-normal\">Limiti di composizione chimica di S2<\/li>\n<li class=\"whitespace-normal\">Propriet\u00e0 meccaniche richieste in condizione trattata termicamente<\/li>\n<li class=\"whitespace-normal\">Metodi di produzione approvati come l'atomizzazione a gas<\/li>\n<li class=\"whitespace-normal\">Protocolli per test di conformit\u00e0<\/li>\n<li class=\"whitespace-normal\">Requisiti per la garanzia della qualit\u00e0<\/li>\n<li class=\"whitespace-normal\">Corretto imballaggio e identificazione<\/li>\n<\/ul>\n<p class=\"whitespace-pre-wrap\">Le polveri prodotte in base a questi standard garantiscono l'idoneit\u00e0 per le applicazioni degli utensili per alta resistenza all'usura in condizioni di affaticamento termico.<\/p>\n<h2>Taglie delle particelle in polvere S2<\/h2>\n<p class=\"whitespace-pre-wrap\"><strong>Distribuzione della dimensione delle particelle di polvere (S2)<\/strong><\/p>\n<table>\n<thead>\n<tr>\n<th>Dimensione particellare<\/th>\n<th>Caratteristiche<\/th>\n<\/tr>\n<\/thead>\n<tbody>\n<tr>\n<td>10-22 micron<\/td>\n<td>Il grado ultrafine fornisce la densit\u00e0 pi\u00f9 elevata<\/td>\n<\/tr>\n<tr>\n<td>22-53 micron<\/td>\n<td>Gamma di taglie pi\u00f9 utilizzata<\/td>\n<\/tr>\n<tr>\n<td>53-105 micron<\/td>\n<td>Il formato pi\u00f9 grezzo consente un buon flusso<\/td>\n<\/tr>\n<\/tbody>\n<\/table>\n<ul class=\"list-disc pl-8 space-y-2\">\n<li class=\"whitespace-normal\">Particelle pi\u00f9 fini consentono una maggiore densificazione durante la sinterizzazione<\/li>\n<li class=\"whitespace-normal\">Le particelle pi\u00f9 grossolane migliorano il flusso di polvere in cavit\u00e0 di stampaggio<\/li>\n<li class=\"whitespace-normal\">Le dimensioni vengono selezionate in base alle propriet\u00e0 finali necessarie delle parti<\/li>\n<li class=\"whitespace-normal\">Utilizzate sia particelle atomizzate a gas che ad acqua<\/li>\n<\/ul>\n<p class=\"whitespace-pre-wrap\">Il controllo della distribuzione delle dimensioni ottimizza il comportamento di pressatura, la densit\u00e0 sinterizzata e le prestazioni finali del componente.<\/p>\n<h2>Densit\u00e0 apparente in polvere S2<\/h2>\n<p class=\"whitespace-pre-wrap\"><strong>Densit\u00e0 apparente in polvere S2<\/strong><\/p>\n<table>\n<thead>\n<tr>\n<th>Densit\u00e0 apparente<\/th>\n<th>Dettagli<\/th>\n<\/tr>\n<\/thead>\n<tbody>\n<tr>\n<td>Fino al 50% di densit\u00e0 reale<\/td>\n<td>Per morfologie di polveri irregolari<\/td>\n<\/tr>\n<tr>\n<td>4.0-5.0 g\/cm\u00b3<\/td>\n<td>Pi\u00f9 alto per polvere sferica, pi\u00f9 basso per polvere irregolare<\/td>\n<\/tr>\n<\/tbody>\n<\/table>\n<ul class=\"list-disc pl-8 space-y-2\">\n<li class=\"whitespace-normal\">La forma sferica della polvere fornisce un'alta densit\u00e0 apparente<\/li>\n<li class=\"whitespace-normal\">Le polveri irregolari hanno una densit\u00e0 inferiore attorno al 45-50%<\/li>\n<li class=\"whitespace-normal\">Una densit\u00e0 apparente pi\u00f9 elevata migliora il riempimento della matrice e la qualit\u00e0 della parte<\/li>\n<li class=\"whitespace-normal\">Consente la compattazione di geometrie utensile complesse<\/li>\n<\/ul>\n<p class=\"whitespace-pre-wrap\">Un'elevata densit\u00e0 apparente genera migliori prestazioni e velocit\u00e0 di produzione del componente.<\/p>\n<h2>Metodo di produzione della polvere S2<\/h2>\n<p class=\"whitespace-pre-wrap\"><strong>Produzione polvere S2<\/strong><\/p>\n<table>\n<thead>\n<tr>\n<th>Metodo<\/th>\n<th>Dettagli<\/th>\n<\/tr>\n<\/thead>\n<tbody>\n<tr>\n<td>Atomizzazione a gas<\/td>\n<td>Il gas inerte ad alta pressione suddivide il flusso di lega fusa in goccioline fini<\/td>\n<\/tr>\n<tr>\n<td>Fusione a induzione in vuoto<\/td>\n<td>Materiali di ingresso ad alta purezza fusi sotto vuoto.<\/td>\n<\/tr>\n<tr>\n<td>Rifusione multipla<\/td>\n<td>Migliora l'omogeneit\u00e0 chimica<\/td>\n<\/tr>\n<tr>\n<td>Setacciamento<\/td>\n<td>Classifica la polvere in diverse frazioni di dimensioni delle particelle<\/td>\n<\/tr>\n<\/tbody>\n<\/table>\n<ul class=\"list-disc pl-8 space-y-2\">\n<li class=\"whitespace-normal\">L'atomizzazione a gas fornisce una forma di polvere sferica<\/li>\n<li class=\"whitespace-normal\">La fusione sotto vuoto elimina le impurezze gassose<\/li>\n<li class=\"whitespace-normal\">La rifusione multipla migliora l'uniformit\u00e0<\/li>\n<li class=\"whitespace-normal\">La post-elaborazione permette la personalizzazione della dimensione delle particelle<\/li>\n<\/ul>\n<p class=\"whitespace-pre-wrap\">Processi completamente automatizzati combinati con rigorosi controlli qualit\u00e0 garantiscono propriet\u00e0 della polvere S2 affidabili e costanti, fondamentali per le prestazioni degli utensili.<\/p>\n<h2>Determinazione del prezzo di S2 Powder<\/h2>\n<p class=\"whitespace-pre-wrap\"><strong>Determinazione del prezzo di S2 Powder<\/strong><\/p>\n<table>\n<thead>\n<tr>\n<th>Fattore<\/th>\n<th>Impatto sul prezzo<\/th>\n<\/tr>\n<\/thead>\n<tbody>\n<tr>\n<td>Livello di purezza<\/td>\n<td>I gradi con una purezza pi\u00f9 elevata sono pi\u00f9 costosi<\/td>\n<\/tr>\n<tr>\n<td>Dimensione particellare<\/td>\n<td>Polvere ultrafine pi\u00f9 costosa<\/td>\n<\/tr>\n<tr>\n<td>Quantit\u00e0 ordine<\/td>\n<td>Il prezzo diminuisce con volumi maggiori<\/td>\n<\/tr>\n<tr>\n<td>Servizi aggiuntivi<\/td>\n<td>La personalizzazione aumenta i costi<\/td>\n<\/tr>\n<\/tbody>\n<\/table>\n<p class=\"whitespace-pre-wrap\"><strong>Prezzario indicativo<\/strong><\/p>\n<ul class=\"list-disc pl-8 space-y-2\">\n<li class=\"whitespace-normal\">Polvere sferica S2: 18-22 \u20ac\/kg<\/li>\n<li class=\"whitespace-normal\">Polvere irregolare S2: $12-16 al kg<\/li>\n<li class=\"whitespace-normal\">Sconti per volumi elevati fino al 30%<\/li>\n<\/ul>\n<p class=\"whitespace-pre-wrap\">La determinazione dei prezzi dipende dalla purezza, dalle caratteristiche delle particelle, dalla quantita' dell'ordine e dai requisiti di personalizzazione aggiuntiva.<\/p>\n<h2>Fornitori di Polvere S2<\/h2>\n<p class=\"whitespace-pre-wrap\"><strong>Fornitori di Polvere S2<\/strong><\/p>\n<table>\n<thead>\n<tr>\n<th>Azienda<\/th>\n<th>Ubicazione<\/th>\n<\/tr>\n<\/thead>\n<tbody>\n<tr>\n<td>H\u00e5kon<\/td>\n<td>Svezia<\/td>\n<\/tr>\n<tr>\n<td>Carpenter Powder Products<\/td>\n<td>USA<\/td>\n<\/tr>\n<tr>\n<td>Erasteel<\/td>\n<td>USA, Europa<\/td>\n<\/tr>\n<tr>\n<td>Crucible Industries<\/td>\n<td>USA<\/td>\n<\/tr>\n<tr>\n<td>voxco<\/td>\n<td>Germania<\/td>\n<\/tr>\n<tr>\n<td>Jingdong nuovi materiali<\/td>\n<td>Cina<\/td>\n<\/tr>\n<\/tbody>\n<\/table>\n<p class=\"whitespace-pre-wrap\">Fattori chiave nella scelta del fornitore:<\/p>\n<ul class=\"list-disc pl-8 space-y-2\">\n<li class=\"whitespace-normal\">Taglie delle polveri offerti<\/li>\n<li class=\"whitespace-normal\">capacit\u00e0 produttiva<\/li>\n<li class=\"whitespace-normal\">Caratteristiche delle particelle e consistenza<\/li>\n<li class=\"whitespace-normal\">Capacit\u00e0 di test e controllo di qualit\u00e0<\/li>\n<li class=\"whitespace-normal\">Tariffe e tempi di consegna<\/li>\n<li class=\"whitespace-normal\">Servizio clienti tecnico<\/li>\n<\/ul>\n<h2>Gestione e stoccaggio della polvere S2<\/h2>\n<p class=\"whitespace-pre-wrap\"><strong>Gestione polveri S2<\/strong><\/p>\n<table>\n<thead>\n<tr>\n<th>Raccomandazione<\/th>\n<th>Motivo<\/th>\n<\/tr>\n<\/thead>\n<tbody>\n<tr>\n<td>Garantire una ventilazione adeguata<\/td>\n<td>Evitare l'esposizione a particelle di metallo fini<\/td>\n<\/tr>\n<tr>\n<td>Indossare i DPI appropriati<\/td>\n<td>Evitare l'ingestione tramite il naso\/la bocca<\/td>\n<\/tr>\n<tr>\n<td>Attrezzatura di terra<\/td>\n<td>Evita la scarica elettrostatica<\/td>\n<\/tr>\n<tr>\n<td>Evitare fonti di accensione<\/td>\n<td>Pericolo di polvere infiammabile<\/td>\n<\/tr>\n<tr>\n<td>Utilizzare utensili anti-scintilla<\/td>\n<td>Prevenire la possibilit\u00e0 di accensione<\/td>\n<\/tr>\n<tr>\n<td>Segui protocolli sicuri<\/td>\n<td>Riduci rischi per esplosioni, incendi e per la salute<\/td>\n<\/tr>\n<\/tbody>\n<\/table>\n<p class=\"whitespace-pre-wrap\"><strong>Consigli in merito allo storage<\/strong><\/p>\n<ul class=\"list-disc pl-8 space-y-2\">\n<li class=\"whitespace-normal\">Conservare i contenitori sigillati al riparo dall'umidit\u00e0 o dalla contaminazione<\/li>\n<li class=\"whitespace-normal\">Mantenere le temperature di stoccaggio al di sotto dei 27 \u00a1\u00abC<\/li>\n<li class=\"whitespace-normal\">Limitare l'esposizione agli acidi ossidanti e ai composti di cloro.<\/li>\n<\/ul>\n<p class=\"whitespace-pre-wrap\">Idonee precauzioni durante la manipolazione e l'immagazzinamento aiutano a preservare la purezza e a prevenire pericoli per la sicurezza.<\/p>\n<h2>Controlli e prove su polvere S2<\/h2>\n<p class=\"whitespace-pre-wrap\"><strong>S2 Power Testing<\/strong><\/p>\n<table>\n<thead>\n<tr>\n<th>Test<\/th>\n<th>Dettagli<\/th>\n<\/tr>\n<\/thead>\n<tbody>\n<tr>\n<td>Analisi chimica<\/td>\n<td>Verifica la composizione utilizzando spettroscopia ottica\/ICP<\/td>\n<\/tr>\n<tr>\n<td>Analisi dimensionale delle particelle<\/td>\n<td>Determina la distribuzione dimensionale mediante diffrazione del laser o setacciatura<\/td>\n<\/tr>\n<tr>\n<td>Densit\u00e0 apparente<\/td>\n<td>Misurato secondo ASTM B212 utilizzando un flussometro Hall<\/td>\n<\/tr>\n<tr>\n<td>Morphologia delle polveri<\/td>\n<td>Immagini SEM per determinare la forma delle particelle<\/td>\n<\/tr>\n<tr>\n<td>Test di portata<\/td>\n<td>Portata di flusso per gravit\u00e0 attraverso un imbuto specificato<\/td>\n<\/tr>\n<tr>\n<td>Test di densit\u00e0 del tap<\/td>\n<td>Densit\u00e0 misurata dopo aver fatto cadere meccanicamente il campione di polvere<\/td>\n<\/tr>\n<\/tbody>\n<\/table>\n<p class=\"whitespace-pre-wrap\">I test assicurano che la polvere rispetta la composizione chimica, le caratteristiche fisiche, la distribuzione della granulometria, la morfologia, la densit\u00e0 e le specifiche del flusso richieste.<\/p>\n<h2>Vantaggi e svantaggi di S2 Powder<\/h2>\n<p class=\"whitespace-pre-wrap\"><strong>Vantaggi della polvere S2<\/strong><\/p>\n<ul class=\"list-disc pl-8 space-y-2\">\n<li class=\"whitespace-normal\">Straordinaria durezza a caldo e durezza a caldo<\/li>\n<li class=\"whitespace-normal\">Alta resistenza e resistenza all'usura a temperature elevate<\/li>\n<li class=\"whitespace-normal\">Buona resilienza e resistenza agli shock termici<\/li>\n<li class=\"whitespace-normal\">Resiste all'ammorbidimento e al cambiamento di forma fino a 600 \u00a1\u00abC<\/li>\n<li class=\"whitespace-normal\">Stabilit\u00e0 dimensionale durante il ciclo termico<\/li>\n<li class=\"whitespace-normal\">Economico rispetto all'esotico PM in acciaio utensile<\/li>\n<\/ul>\n<p class=\"whitespace-pre-wrap\"><strong>Limitazioni della polvere S2<\/strong><\/p>\n<ul class=\"list-disc pl-8 space-y-2\">\n<li class=\"whitespace-normal\">Resistenza alla corrosione moderata senza trattamento superficiale<\/li>\n<li class=\"whitespace-normal\">Lavorabilit\u00e0 a freddo e resistenza al taglio limitate<\/li>\n<li class=\"whitespace-normal\">Richiede un attento trattamento termico da parte di fornitori esperti<\/li>\n<li class=\"whitespace-normal\">Non saldabile mediante saldatura a fusione convenzionale<\/li>\n<li class=\"whitespace-normal\">le sezioni trasversali ampie possono subire fenomeni di fragilizzazione<\/li>\n<li class=\"whitespace-normal\">Contiene elementi leganti costosi<\/li>\n<\/ul>\n<h2>Confronto con polvere d'acciaio di utensili H13<\/h2>\n<p class=\"whitespace-pre-wrap\"><strong>**Polvere di acciaio utensile S2 vs H13**<\/strong><\/p>\n<table>\n<thead>\n<tr>\n<th>Parametro<\/th>\n<th>S2<\/th>\n<th>H13<\/th>\n<\/tr>\n<\/thead>\n<tbody>\n<tr>\n<td>Durezza<\/td>\n<td>62-64 HRC<\/td>\n<td>54-57 HRC<\/td>\n<\/tr>\n<tr>\n<td>Durezza a caldo<\/td>\n<td>Eccellente<\/td>\n<td>Bene<\/td>\n<\/tr>\n<tr>\n<td>Resistenza<\/td>\n<td>Davvero ottimo<\/td>\n<td>Bene<\/td>\n<\/tr>\n<tr>\n<td>Resistenza termica allo shock<\/td>\n<td>Eccellente<\/td>\n<td>Moderato<\/td>\n<\/tr>\n<tr>\n<td>Resistenza a freddo<\/td>\n<td>Bene<\/td>\n<td>Eccellente<\/td>\n<\/tr>\n<tr>\n<td>Costi<\/td>\n<td>Elevato<\/td>\n<td>Scarso<\/td>\n<\/tr>\n<\/tbody>\n<\/table>\n<ul class=\"list-disc pl-8 space-y-2\">\n<li class=\"whitespace-normal\">L'S2 ha una durezza a caldo e una resistenza agli shock termici molto maggiori<\/li>\n<li class=\"whitespace-normal\">H13 fornisce una migliore tenacit\u00e0 e resistenza al freddo<\/li>\n<li class=\"whitespace-normal\">S2 \u00e8 pi\u00f9 costoso a causa del maggiore contenuto di lega<\/li>\n<li class=\"whitespace-normal\">S2 preferita per applicazioni di lavorazione ad alta velocit\u00e0<\/li>\n<li class=\"whitespace-normal\">H13 adatto per utensili di stampaggio a caldo e a freddo<\/li>\n<\/ul>\n<h2>DOMANDE FREQUENTI SU Polvere S2<\/h2>\n<p class=\"whitespace-pre-wrap\"><strong>D: Quali sono le principali applicazioni della polvere d'acciaio per utensili S2?<\/strong><\/p>\n<p class=\"whitespace-pre-wrap\">A: Le principali applicazioni includono utensili da taglio quali punte, frese, inserti, maschi, filiere, seghe, utensili da piallatura nonch\u00e9 utensili per estrusione, stampi per forgiatura, calibri e componenti che richiedono durezza a caldo e resistenza agli shock termici.<\/p>\n<p class=\"whitespace-pre-wrap\"><strong>D: Quale trattamento termico viene utilizzato per la polvere di acciaio per utensili S2?<\/strong><\/p>\n<p class=\"whitespace-pre-wrap\">A: L'acciaio per utensili S2 viene generalmente trattato a calore per austenitizzazione tra 1.150-1.200 \u00b0C, seguito da tempra ad aria, olio o polimero, quindi tempra tra 540-650 \u00b0C per raggiungere una durezza tra 62-64 HRC.<\/p>\n<p class=\"whitespace-pre-wrap\"><strong>Grazie al tungsteno, la durezza e la resistenza all'usura dell'acciaio S2 sono considerevolmente migliorate, il che lo rende ideale per la produzione di utensili per taglio ad alta resistenza che possono sopportare le condizioni difficili di un'officina. Domande: In che modo il tungsteno migliora le propriet\u00e0 dell'acciaio S2?<\/strong><\/p>\n<p class=\"whitespace-pre-wrap\">Il tungsteno forma dei complessi tungsteno-ferro-carbonio che forniscono un'eccezionale durezza a caldo, resistenza e resistenza all'usura alle elevate temperature richieste per le applicazioni di lavorazione ad alta velocit\u00e0.<\/p>\n<p class=\"whitespace-pre-wrap\"><strong>D: Quali precauzioni di sicurezza devono essere prese quando si lavora con polvere S2?<\/strong><\/p>\n<p class=\"whitespace-pre-wrap\">A: Corretta ventilazione, dispositivi di protezione, atmosfera inerte, messa a terra, evitare fonti di innesco, utilizzo di utensili non generatori di scintille e stoccaggio sicuro lontano da contaminazione o umidit\u00e0.<\/p>\n<p><\/span><\/span><\/p>","protected":false},"excerpt":{"rendered":"<p>Panoramica della polvere S2 La polvere S2 \u00e8 una polvere di acciaio per utensili ad alta velocit\u00e0 ideale per la produzione di utensili da taglio che richiedono elevata durezza, forza e resistenza all'usura a temperature elevate. Contiene tungsteno, molibdeno, vanadio e altre leghe che garantiscono un'eccellente durezza a caldo e resistenza alla fatica termica. Propriet\u00e0 e vantaggi principali della polvere S2: Propriet\u00e0 della polvere S2 e...<\/p>","protected":false},"featured_media":1843,"parent":0,"template":"","meta":{"_acf_changed":false,"_kad_blocks_custom_css":"","_kad_blocks_head_custom_js":"","_kad_blocks_body_custom_js":"","_kad_blocks_footer_custom_js":"","_kad_post_transparent":"","_kad_post_title":"","_kad_post_layout":"","_kad_post_sidebar_id":"","_kad_post_content_style":"","_kad_post_vertical_padding":"","_kad_post_feature":"","_kad_post_feature_position":"","_kad_post_header":false,"_kad_post_footer":false,"_kad_post_classname":""},"product-category":[119,122],"class_list":["post-3921","product","type-product","status-publish","has-post-thumbnail","hentry","product-category-3d-printing-metal-powder","product-category-iron-based-alloy-powder"],"acf":[],"taxonomy_info":{"product-category":[{"value":119,"label":"3D Printing Metal Powder"},{"value":122,"label":"Iron Based Alloy Powder"}]},"featured_image_src_large":["https:\/\/3dpmetal.com\/wp-content\/uploads\/2024\/02\/S2.jpg",600,600,false],"author_info":[],"comment_info":"","_links":{"self":[{"href":"https:\/\/3dpmetal.com\/it\/wp-json\/wp\/v2\/product\/3921","targetHints":{"allow":["GET"]}}],"collection":[{"href":"https:\/\/3dpmetal.com\/it\/wp-json\/wp\/v2\/product"}],"about":[{"href":"https:\/\/3dpmetal.com\/it\/wp-json\/wp\/v2\/types\/product"}],"wp:featuredmedia":[{"embeddable":true,"href":"https:\/\/3dpmetal.com\/it\/wp-json\/wp\/v2\/media\/1843"}],"wp:attachment":[{"href":"https:\/\/3dpmetal.com\/it\/wp-json\/wp\/v2\/media?parent=3921"}],"wp:term":[{"taxonomy":"product-category","embeddable":true,"href":"https:\/\/3dpmetal.com\/it\/wp-json\/wp\/v2\/product-category?post=3921"}],"curies":[{"name":"wp","href":"https:\/\/api.w.org\/{rel}","templated":true}]}}