{"id":3922,"date":"2024-03-18T06:10:14","date_gmt":"2024-03-18T06:10:14","guid":{"rendered":"https:\/\/3dp.45612300.xyz\/product\/t15-powder\/"},"modified":"2024-03-18T06:10:14","modified_gmt":"2024-03-18T06:10:14","slug":"t15-powder","status":"publish","type":"product","link":"https:\/\/3dpmetal.com\/it\/product\/t15-powder\/","title":{"rendered":"T15 Polvere"},"content":{"rendered":"<p><span style=\"vertical-align: inherit;\"><span style=\"vertical-align: inherit;\"><\/p>\n<h2>Introduzione alla polvere T15<\/h2>\n<p class=\"whitespace-pre-wrap\">La polvere T15 \u00e8 una polvere di carburo cementato tungsteno-cobalto che fornisce un'eccezionale combinazione di durezza, resistenza e tenacit\u00e0. Contiene un'alta percentuale di carburo di tungsteno insieme al 15% di cobalto come fase legante.<\/p>\n<p class=\"whitespace-pre-wrap\">Propriet\u00e0 e vantaggi principali della polvere T15:<\/p>\n<p class=\"whitespace-pre-wrap\"><strong>Propriet\u00e0 e caratteristiche della polvere T15<\/strong><\/p>\n<table>\n<thead>\n<tr>\n<th>Propriet\u00e0<\/th>\n<th>Dettagli<\/th>\n<\/tr>\n<\/thead>\n<tbody>\n<tr>\n<td>Composizione<\/td>\n<td>85 % di carburo di tungsteno con 15 % di cobalto legante<\/td>\n<\/tr>\n<tr>\n<td>Densit\u00e0<\/td>\n<td>13.0-14.5 g\/cc<\/td>\n<\/tr>\n<tr>\n<td>Forma delle particelle<\/td>\n<td>Arrotondata, dalle mille sfaccettature<\/td>\n<\/tr>\n<tr>\n<td>Intervallo delle dimensioni<\/td>\n<td>0,5-15 micron<\/td>\n<\/tr>\n<tr>\n<td>Durezza<\/td>\n<td>88-93 HRA se sinterizzato<\/td>\n<\/tr>\n<tr>\n<td>Resistenza alla rottura trasversale<\/td>\n<td>550-650 MPa<\/td>\n<\/tr>\n<\/tbody>\n<\/table>\n<p class=\"whitespace-pre-wrap\">Le particelle di carburo di tungsteno ultraduro tenute unite in una matrice di cobalto rendono T15 ideale per le condizioni di usura e abrasione pi\u00f9 estreme nei settori industriale, minerario e edile.<\/p>\n<h2>Composizione della polvere T15<\/h2>\n<p class=\"whitespace-pre-wrap\">Composizione tipica della polvere di Metallo Duro T15 cementato:<\/p>\n<p class=\"whitespace-pre-wrap\"><strong>Composizione della polvere T15<\/strong><\/p>\n<table>\n<thead>\n<tr>\n<th>Componente<\/th>\n<th>% Peso<\/th>\n<\/tr>\n<\/thead>\n<tbody>\n<tr>\n<td>Carburo di Tungsteno (WC)<\/td>\n<td>84-86%<\/td>\n<\/tr>\n<tr>\n<td>Cobalto (Co)<\/td>\n<td>14-16%<\/td>\n<\/tr>\n<tr>\n<td>Carbonio (C)<\/td>\n<td>0,8% max<\/td>\n<\/tr>\n<tr>\n<td>Ossigeno (O)<\/td>\n<td>0,5% massimo<\/td>\n<\/tr>\n<tr>\n<td>Ferro (Fe)<\/td>\n<td>0,3% max<\/td>\n<\/tr>\n<tr>\n<td>Nichel (Ni)<\/td>\n<td>0,3% max<\/td>\n<\/tr>\n<\/tbody>\n<\/table>\n<ul class=\"list-disc pl-8 space-y-2\">\n<li class=\"whitespace-normal\">Il carburo di tungsteno offre estrema durezza e resistenza all'usura<\/li>\n<li class=\"whitespace-normal\">Il cobalto agisce come un legante tenace e duttile che mantiene uniti i granelli di WC<\/li>\n<li class=\"whitespace-normal\">Carbonio e ossigeno presenti come impurit\u00e0<\/li>\n<li class=\"whitespace-normal\">Rintracciare ferro e nichel dalle materie prime<\/li>\n<\/ul>\n<p class=\"whitespace-pre-wrap\">Il rapporto ottimizzato WC-Co fornisce la migliore combinazione di durezza, tenacit\u00e0 della frattura e resistenza all'impatto richiesta nelle applicazioni di usura.<\/p>\n<h2>T15 Powder Physical Properties<\/h2>\n<p class=\"whitespace-pre-wrap\"><strong>T15 Powder Physical Properties<\/strong><\/p>\n<table>\n<thead>\n<tr>\n<th>Propriet\u00e0<\/th>\n<th>Valori<\/th>\n<\/tr>\n<\/thead>\n<tbody>\n<tr>\n<td>Densit\u00e0<\/td>\n<td>13.0-14.5 g\/cc<\/td>\n<\/tr>\n<tr>\n<td>Punto di fusione<\/td>\n<td>2870\u00a1\u00abC (WC) e 1495\u00a1\u00abC (Co)<\/td>\n<\/tr>\n<tr>\n<td>Conduttivit\u00e0 termica<\/td>\n<td>60-100 W\/mK<\/td>\n<\/tr>\n<tr>\n<td>Resistivit\u00e0 elettrica<\/td>\n<td>25-35 \u00c3\u2014 cm<\/td>\n<\/tr>\n<tr>\n<td>Coefficiente di espansione termica<\/td>\n<td>4,5-6,0 x 10^-6 \/K<\/td>\n<\/tr>\n<tr>\n<td>Temperatura massima di servizio<\/td>\n<td>500\u00a1\u00abC in aria<\/td>\n<\/tr>\n<\/tbody>\n<\/table>\n<ul class=\"list-disc pl-8 space-y-2\">\n<li class=\"whitespace-normal\">Densit\u00e0 elevatissima che consente di utilizzarlo in componenti miniaturizzati e compatti<\/li>\n<li class=\"whitespace-normal\">CTE molto basso riduce deformazioni e i sollecitazioni termiche<\/li>\n<li class=\"whitespace-normal\">Supporta il servizio continuo fino a 500 \u00a1\u00abC<\/li>\n<li class=\"whitespace-normal\">Una buona conducibilit\u00e0 termica riduce i gradienti di temperatura<\/li>\n<\/ul>\n<p class=\"whitespace-pre-wrap\">Queste propriet\u00e0 rendono T15 idoneo in caso di severe condizioni di abrasione e forza di impatto ripetute sperimentate negli ambienti minerari, di perforazione e di costruzione.<\/p>\n<h2>Propriet\u00e0 meccaniche della polvere T15<\/h2>\n<p class=\"whitespace-pre-wrap\"><strong>Propriet\u00e0 meccaniche della polvere T15<\/strong><\/p>\n<table>\n<thead>\n<tr>\n<th>Propriet\u00e0<\/th>\n<th>Valori<\/th>\n<\/tr>\n<\/thead>\n<tbody>\n<tr>\n<td>Durezza<\/td>\n<td>88-93 AIA<\/td>\n<\/tr>\n<tr>\n<td>Resistenza alla rottura trasversale<\/td>\n<td>550-650 MPa<\/td>\n<\/tr>\n<tr>\n<td>Resistenza alla compressione<\/td>\n<td>5500-6200 MPA<\/td>\n<\/tr>\n<tr>\n<td>Tenacit\u00e0 alla frattura<\/td>\n<td>10-12 MPa.m^1\/2<\/td>\n<\/tr>\n<tr>\n<td>Modulo di Young<\/td>\n<td>550-650 GPa<\/td>\n<\/tr>\n<tr>\n<td>Resistenza agli urti<\/td>\n<td>350-900 kJ\/m2<\/td>\n<\/tr>\n<\/tbody>\n<\/table>\n<ul class=\"list-disc pl-8 space-y-2\">\n<li class=\"whitespace-normal\">L'estrema durezza offre resistenza all'usura e all'abrasione<\/li>\n<li class=\"whitespace-normal\">Elevatezza della resistenza a compressione resiste alle forze di frantumazione<\/li>\n<li class=\"whitespace-normal\">Tenacia alla frattura e resistenza all'impatto ragionevoli<\/li>\n<li class=\"whitespace-normal\">Durezza e tenacit\u00e0 determinate dalle distribuzione e dimensione delle particelle di WC<\/li>\n<\/ul>\n<p class=\"whitespace-pre-wrap\">Questa eccezionale combinazione di durezza, resistenza e tenacit\u00e0 rende il T15 adatto alle condizioni di impatto, abrasione e usura da solco pi\u00f9 severe.<\/p>\n<h2>Applicazioni polvere T15<\/h2>\n<p class=\"whitespace-pre-wrap\">Le applicazioni tipiche della polvere di carburo di tungsteno-cobalto T15 includono:<\/p>\n<p class=\"whitespace-pre-wrap\"><strong>Applicazioni polvere T15<\/strong><\/p>\n<table>\n<thead>\n<tr>\n<th>Industria<\/th>\n<th>Usi di esempio<\/th>\n<\/tr>\n<\/thead>\n<tbody>\n<tr>\n<td>Estrazione<\/td>\n<td>Punte da trapano per roccia, ugelli per sabbiatura.<\/td>\n<\/tr>\n<tr>\n<td>Costruzione<\/td>\n<td>Strumenti di demolizione, frantoi per rocce<\/td>\n<\/tr>\n<tr>\n<td>Produzione<\/td>\n<td>Stampaggio di stampi, ricambi per trafilatura<\/td>\n<\/tr>\n<tr>\n<td>Olio e gas<\/td>\n<td>Stabilizzatori, motori di fondo<\/td>\n<\/tr>\n<tr>\n<td>Generale<\/td>\n<td>Utensili di taglio e lavorazione.<\/td>\n<\/tr>\n<\/tbody>\n<\/table>\n<p class=\"whitespace-pre-wrap\">Alcuni usi specifici del prodotto:<\/p>\n<ul class=\"list-disc pl-8 space-y-2\">\n<li class=\"whitespace-normal\">Punte per perforazione a percussione, utensili per estrazione mineraria<\/li>\n<li class=\"whitespace-normal\">Parti di pompa per fanghi molto abrasivi come alberi, giranti<\/li>\n<li class=\"whitespace-normal\">Stampi per estrusione per la produzione di mattoni e ceramiche<\/li>\n<li class=\"whitespace-normal\">Componenti resistenti all'usura nell'apparecchiatura per sabbiatura<\/li>\n<li class=\"whitespace-normal\">Lame da taglio, coltelli, denti di sega che necessitano di estrema durezza.<\/li>\n<\/ul>\n<p class=\"whitespace-pre-wrap\">La durezza incomparabile e le prestazioni di usura del T15 lo rendono la scelta migliore per le attrezzature utilizzate nelle condizioni pi\u00f9 gravi di impatto-abrasione nei settori industriali.<\/p>\n<h2>Specifiche della polvere T15<\/h2>\n<p class=\"whitespace-pre-wrap\">Specifiche chiave per la polvere in carburo cementato T15:<\/p>\n<p class=\"whitespace-pre-wrap\"><strong>Standard di polvere T15<\/strong><\/p>\n<table>\n<thead>\n<tr>\n<th>Standard<\/th>\n<th>Descrizione<\/th>\n<\/tr>\n<\/thead>\n<tbody>\n<tr>\n<td>ISO 513<\/td>\n<td>Classificazione e applicazione dei metalli duri cementati<\/td>\n<\/tr>\n<tr>\n<td>ASTM B276<\/td>\n<td>Polveri in carburo di cobalto-tungsteno e metallo duro<\/td>\n<\/tr>\n<tr>\n<td>JIS G 4053<\/td>\n<td>DURE METALL SINTERIZZATE<\/td>\n<\/tr>\n<tr>\n<td>GB\/T 4661-2006<\/td>\n<td>Standard cinese sui carburi cementati<\/td>\n<\/tr>\n<\/tbody>\n<\/table>\n<p class=\"whitespace-pre-wrap\">Questi definiscono:<\/p>\n<ul class=\"list-disc pl-8 space-y-2\">\n<li class=\"whitespace-normal\">Composizione chimica &#8211; Contenuto di Co e WC<\/li>\n<li class=\"whitespace-normal\">Dimensione granulare del carburo e distribuzione granulometrica della polvere<\/li>\n<li class=\"whitespace-normal\">Propriet\u00e0 meccaniche richieste<\/li>\n<li class=\"whitespace-normal\">Impurit\u00e0 Accettabili<\/li>\n<li class=\"whitespace-normal\">Processi di produzione approvati come la carburazione e la riduzione-diffusione<\/li>\n<\/ul>\n<p class=\"whitespace-pre-wrap\">Soddisfare queste specifiche assicura una combinazione ottimale di durezza, resistenza e tenacit\u00e0, per la massima prestazione di usura.<\/p>\n<h2>Granulometria polvere T15<\/h2>\n<p class=\"whitespace-pre-wrap\"><strong>Distribuzione granulometrica di polvere T15<\/strong><\/p>\n<table>\n<thead>\n<tr>\n<th>Dimensione particellare<\/th>\n<th>Caratteristiche<\/th>\n<\/tr>\n<\/thead>\n<tbody>\n<tr>\n<td>da 0,5 a 2 micron<\/td>\n<td>La superfinitura \u00e8 data dalla grana ultrafine<\/td>\n<\/tr>\n<tr>\n<td>0,5-5 micron<\/td>\n<td>Intervallo submicronico migliora la tenacit\u00e0<\/td>\n<\/tr>\n<tr>\n<td>3-15 micron<\/td>\n<td>Dimensione pi\u00f9 comunemente utilizzata per propriet\u00e0 ottimali<\/td>\n<\/tr>\n<\/tbody>\n<\/table>\n<ul class=\"list-disc pl-8 space-y-2\">\n<li class=\"whitespace-normal\">Polveri pi\u00f9 fini aumentano la durezza e la finitura<\/li>\n<li class=\"whitespace-normal\">Polveri pi\u00f9 grossolane migliorano la resistenza alla frattura e la resilienza all'urto<\/li>\n<li class=\"whitespace-normal\">La distribuzione delle dimensioni delle particelle viene ottimizzata in base alle condizioni di servizio<\/li>\n<li class=\"whitespace-normal\">Sia nei triturati che nelle polveri di carburi sinterizzati utilizzate<\/li>\n<\/ul>\n<p class=\"whitespace-pre-wrap\">Il controllo della distribuzione e morfologia delle dimensioni delle particelle ottimizza le prestazioni e le propriet\u00e0 del componente finale.<\/p>\n<h2>T15 Metodo di Produzione della polvere<\/h2>\n<p class=\"whitespace-pre-wrap\"><strong>Produzione di polvere T15<\/strong><\/p>\n<table>\n<thead>\n<tr>\n<th>Metodo<\/th>\n<th>Dettagli<\/th>\n<\/tr>\n<\/thead>\n<tbody>\n<tr>\n<td>Carburazione e di riduzione-diffusione<\/td>\n<td>Produce fini polveri di forma sferica<\/td>\n<\/tr>\n<tr>\n<td>Schiacciamento del materiale fuso<\/td>\n<td>Particelle angolari irregolari a basso costo<\/td>\n<\/tr>\n<tr>\n<td>Fresatura<\/td>\n<td>Il mulino a sfere utilizzato per la riduzione delle dimensioni delle particelle<\/td>\n<\/tr>\n<tr>\n<td>Essiccazione a spruzzo<\/td>\n<td>Processo di granulazione e sferoidizzazione<\/td>\n<\/tr>\n<tr>\n<td>Degassaggio<\/td>\n<td>Rimuovi le impurit\u00e0 gassose<\/td>\n<\/tr>\n<\/tbody>\n<\/table>\n<ul class=\"list-disc pl-8 space-y-2\">\n<li class=\"whitespace-normal\">La morfologia sferica della polvere garantisce un'alta densit\u00e0 di riempimento<\/li>\n<li class=\"whitespace-normal\">Le polveri frantumate hanno un costo di produzione pi\u00f9 basso<\/li>\n<li class=\"whitespace-normal\">F fresatura, l'essiccazione a spruzzo viene utilizzata per il controllo delle dimensioni delle particelle<\/li>\n<li class=\"whitespace-normal\">La degasazione ottimizza la purezza della polvere e la microstruttura sinterizzata<\/li>\n<\/ul>\n<p class=\"whitespace-pre-wrap\">I processi di produzione automatizzati e ad alto volume si traducono in un feedstock coerente ottimizzato per le prestazioni delle parti.<\/p>\n<h2>T15 Prezzi in polvere<\/h2>\n<p class=\"whitespace-pre-wrap\"><strong>T15 Prezzi in polvere<\/strong><\/p>\n<table>\n<thead>\n<tr>\n<th>Fattore<\/th>\n<th>Impatto sul prezzo<\/th>\n<\/tr>\n<\/thead>\n<tbody>\n<tr>\n<td>Grado polvere<\/td>\n<td>I gradi con una purezza pi\u00f9 elevata sono pi\u00f9 costosi<\/td>\n<\/tr>\n<tr>\n<td>Dimensione particellare<\/td>\n<td>Le polveri ultrafini sono pi\u00f9 costose<\/td>\n<\/tr>\n<tr>\n<td>Quantit\u00e0 ordine<\/td>\n<td>Il prezzo diminuisce con volumi maggiori<\/td>\n<\/tr>\n<tr>\n<td>Metodo di produzione<\/td>\n<td>Metodi complessi aumentano i costi<\/td>\n<\/tr>\n<tr>\n<td>Packaging<\/td>\n<td>Sacchetti o lattine speciali aumentano il costo<\/td>\n<\/tr>\n<\/tbody>\n<\/table>\n<p class=\"whitespace-pre-wrap\"><strong>Prezzario indicativo<\/strong><\/p>\n<ul class=\"list-disc pl-8 space-y-2\">\n<li class=\"whitespace-normal\">Polvere sferica T15: $ 45-60 per Kg<\/li>\n<li class=\"whitespace-normal\">Polvere tritata T15: $35-45 al kg<\/li>\n<li class=\"whitespace-normal\">La definizione del prezzo di grandi volumi pu\u00f2 essere inferiore del 20-30%<\/li>\n<\/ul>\n<p class=\"whitespace-pre-wrap\">Il prezzo dipende dalle caratteristiche della polvere, dal metodo di produzione, dalla dimensione dell\u2019ordine, dall\u2019imballaggio e dal tempo di consegna.<\/p>\n<h2>T15 Powder Provider<\/h2>\n<p class=\"whitespace-pre-wrap\"><strong>T15 Powder Provider<\/strong><\/p>\n<table>\n<thead>\n<tr>\n<th>Azienda<\/th>\n<th>Ubicazione<\/th>\n<\/tr>\n<\/thead>\n<tbody>\n<tr>\n<td>Sandvik<\/td>\n<td>Svezia<\/td>\n<\/tr>\n<tr>\n<td>Kennametal<\/td>\n<td>USA<\/td>\n<\/tr>\n<tr>\n<td>H.C. Starck<\/td>\n<td>Germania<\/td>\n<\/tr>\n<tr>\n<td>Jingdong New Material<\/td>\n<td>Cina<\/td>\n<\/tr>\n<tr>\n<td>Zhuzhou Cemented Carbide Group<\/td>\n<td>Cina<\/td>\n<\/tr>\n<tr>\n<td>Toshiba Materials<\/td>\n<td>Giappone<\/td>\n<\/tr>\n<\/tbody>\n<\/table>\n<p class=\"whitespace-pre-wrap\">Fattori di selezione:<\/p>\n<ul class=\"list-disc pl-8 space-y-2\">\n<li class=\"whitespace-normal\">Gradazioni della polvere e morfologie delle particelle<\/li>\n<li class=\"whitespace-normal\">Capacit\u00e0 produttiva e tempi di consegna<\/li>\n<li class=\"whitespace-normal\">Esperienza tecnica e servizio clienti<\/li>\n<li class=\"whitespace-normal\">Procedure per il campionamento, test e controllo di qualit\u00e0<\/li>\n<li class=\"whitespace-normal\">Livelli di prezzi e condizioni di pagamento<\/li>\n<li class=\"whitespace-normal\">Conformit\u00e0 alle normative sui materiali internazionali<\/li>\n<\/ul>\n<h2>Gestione e stoccaggio polvere T15<\/h2>\n<p class=\"whitespace-pre-wrap\"><strong>Manipolazione della polvere T15<\/strong><\/p>\n<table>\n<thead>\n<tr>\n<th>Raccomandazione<\/th>\n<th>Motivo<\/th>\n<\/tr>\n<\/thead>\n<tbody>\n<tr>\n<td>Utilizzare DPI e areazione<\/td>\n<td>Prevenire l'esposizione alle polveri sottili<\/td>\n<\/tr>\n<tr>\n<td>Evitare fonti di accensione<\/td>\n<td>La polvere pu\u00f2 bruciare se surriscaldata all'aria<\/td>\n<\/tr>\n<tr>\n<td>Segui protocolli sicuri<\/td>\n<td>Ridurre i pericoli per la salute e gli incendi<\/td>\n<\/tr>\n<tr>\n<td>Utilizzare atmosfera inerte<\/td>\n<td>Prevenire l'ossidazione durante l'elaborazione in polvere<\/td>\n<\/tr>\n<tr>\n<td>Conserva i contenitori sigillati<\/td>\n<td>Prevenire contaminazione o assorbimento<\/td>\n<\/tr>\n<\/tbody>\n<\/table>\n<p class=\"whitespace-pre-wrap\"><strong>Consigli in merito allo storage<\/strong><\/p>\n<ul class=\"list-disc pl-8 space-y-2\">\n<li class=\"whitespace-normal\">Conservare in contenitori stabili e a temperature ambiente<\/li>\n<li class=\"whitespace-normal\">Limitare l'esposizione all'umidit\u00e0, acidi, cloro<\/li>\n<li class=\"whitespace-normal\">Evita la contaminazione incrociata causata da altre polveri<\/li>\n<\/ul>\n<p class=\"whitespace-pre-wrap\">Le dovute precauzioni preservano la purezza della polvere ed evitano problemi di sicurezza durante la movimentazione e lo stoccaggio.<\/p>\n<h2>Ispezione e prove su polveri T15<\/h2>\n<p class=\"whitespace-pre-wrap\"><strong>Test di polvere T15<\/strong><\/p>\n<table>\n<thead>\n<tr>\n<th>Test<\/th>\n<th>Dettagli<\/th>\n<\/tr>\n<\/thead>\n<tbody>\n<tr>\n<td>Analisi chimica<\/td>\n<td>Verifica la composizione con ICP, EDX o XRF<\/td>\n<\/tr>\n<tr>\n<td>Distribuzione granulometrica<\/td>\n<td>Analisi per diffrazione laser o sedimentazione<\/td>\n<\/tr>\n<tr>\n<td>Morphologia delle polveri<\/td>\n<td>Imaging SEM della forma delle particelle<\/td>\n<\/tr>\n<tr>\n<td>Densit\u00e0 apparente<\/td>\n<td>Misurato secondo lo standard ASTM B212<\/td>\n<\/tr>\n<tr>\n<td>Densit\u00e0 del materiale compattato<\/td>\n<td>Densit\u00e0 misurata dopo toccatura meccanica<\/td>\n<\/tr>\n<tr>\n<td>Portata del corridoio<\/td>\n<td>Determina la scorrevolezza della polvere<\/td>\n<\/tr>\n<\/tbody>\n<\/table>\n<p class=\"whitespace-pre-wrap\">Il test attesta che la polvere rispetta le specifiche di composizione chimica, caratteristiche delle particelle, morfologia, densit\u00e0 e scorrevolezza richieste e conformi agli standard pertinenti.<\/p>\n<h2>Pro e contro di T15 Powder<\/h2>\n<p class=\"whitespace-pre-wrap\"><strong>Vantaggi di T15 Powder<\/strong><\/p>\n<ul class=\"list-disc pl-8 space-y-2\">\n<li class=\"whitespace-normal\">Durezza, resistenza all'usura e forza eccezionali<\/li>\n<li class=\"whitespace-normal\">Resiste benissimo a una elevata compressione senza fratturarsi.<\/li>\n<li class=\"whitespace-normal\">Buona tenacit\u00e0 alla frattura e resistenza agli impatti<\/li>\n<li class=\"whitespace-normal\">Stabilit\u00e0 dimensionale sotto carichi pesanti<\/li>\n<li class=\"whitespace-normal\">Resiste alla deformazione ad alte temperature<\/li>\n<li class=\"whitespace-normal\">Consente componenti pi\u00f9 piccoli e leggeri<\/li>\n<\/ul>\n<p class=\"whitespace-pre-wrap\"><strong>Limitazioni della polvere T15<\/strong><\/p>\n<ul class=\"list-disc pl-8 space-y-2\">\n<li class=\"whitespace-normal\">Difficile da lavorare a macchina dopo la sinterizzazione<\/li>\n<li class=\"whitespace-normal\">Non adatto per applicazioni con cuscinetti dinamici<\/li>\n<li class=\"whitespace-normal\">Comportamento relativamente fragile<\/li>\n<li class=\"whitespace-normal\">Ossidazione ad alte temperature senza rivestimenti di resistenza<\/li>\n<li class=\"whitespace-normal\">Costi delle materie prime pi\u00f9 elevati delle polveri d\u2019acciaio<\/li>\n<li class=\"whitespace-normal\">Richiede esperienza specializzata per un utilizzo ottimale<\/li>\n<\/ul>\n<h2>Confronto con carburo di tungsteno e carburo di titanio e carburo di tantalio<\/h2>\n<p class=\"whitespace-pre-wrap\"><strong>T15 contro WC-TiC-TaC<\/strong><\/p>\n<table>\n<thead>\n<tr>\n<th>Parametro<\/th>\n<th>T15<\/th>\n<th>WC-TiC-TaC<\/th>\n<\/tr>\n<\/thead>\n<tbody>\n<tr>\n<td>Durezza<\/td>\n<td>88-93 AIA<\/td>\n<td>92-96 HRA<\/td>\n<\/tr>\n<tr>\n<td>Tenacit\u00e0 alla frattura<\/td>\n<td>10-12 MPa.m^1\/2<\/td>\n<td>8-9 MPa.m^1\/2<\/td>\n<\/tr>\n<tr>\n<td>Forza<\/td>\n<td>Elevatissimo<\/td>\n<td>Estremamente alto<\/td>\n<\/tr>\n<tr>\n<td>Costi<\/td>\n<td>Moderato<\/td>\n<td>Elevatissimo<\/td>\n<\/tr>\n<tr>\n<td>Resistenza alla corrosione<\/td>\n<td>Fiera<\/td>\n<td>Eccellente<\/td>\n<\/tr>\n<tr>\n<td>APPLICAZIONI<\/td>\n<td>Parti di usura generiche<\/td>\n<td>Abrasione e corrosione estreme<\/td>\n<\/tr>\n<\/tbody>\n<\/table>\n<ul class=\"list-disc pl-8 space-y-2\">\n<li class=\"whitespace-normal\">WC-TiC-TaC presenta una durezza e resistenza leggermente superiori<\/li>\n<li class=\"whitespace-normal\">T15 fornisce una resilienza alla frattura decisamente migliore<\/li>\n<li class=\"whitespace-normal\">WC-TiC-TaC offre un'eccellente resistenza alla corrosione<\/li>\n<li class=\"whitespace-normal\">T15 \u00e8 pi\u00f9 conveniente<\/li>\n<li class=\"whitespace-normal\">WC-TiC-TaC per applicazioni pi\u00f9 critiche e costose<\/li>\n<\/ul>\n<h2>FAQ su T15 Powder<\/h2>\n<p class=\"whitespace-pre-wrap\"><strong>Q: Quali sono le principali applicazioni della polvere di carburo di cobalto T15?<\/strong><\/p>\n<p class=\"whitespace-pre-wrap\">Le principali applicazioni includono utensili per l'estrazione come punte per trivella, frantoi e attrezzature di dragaggio; utensili da costruzione come attrezzature di demolizione e polverizzazione; matrici, parti di stampaggio, utensili di estrusione; componenti resistenti all'abrasione; e utensili generali da taglio e lavorazione.<\/p>\n<p class=\"whitespace-pre-wrap\"><strong>D: Perch\u00e9 il cobalto viene utilizzato come legante nei tipi di carburo di tungsteno?<\/strong><\/p>\n<p class=\"whitespace-pre-wrap\">A: Il cobalto offre buona resistenza alla corrosione, elevata resistenza e tenacit\u00e0 e facilita la sinterizzazione di fase liquida delle particelle di carburo di tungsteno durante il processo di densificazione per ottenere densit\u00e0 e propriet\u00e0 ottimali.<\/p>\n<p class=\"whitespace-pre-wrap\"><strong>D: Quale trattamento termico viene utilizzato per le parti in cobalto in carburo di tungsteno T15?<\/strong><\/p>\n<p class=\"whitespace-pre-wrap\">A: T15 non richiede alcun trattamento termico di post-sinterizzazione. Il processo di sinterizzazione in fase liquida consente di ottenere la densit\u00e0 completa e le propriet\u00e0 desiderate durante il consolidamento della polvere stessa.<\/p>\n<p class=\"whitespace-pre-wrap\"><strong>D: In che modo viene prodotta la polvere di lega di cobalto e carburo di tungsteno T15?<\/strong><\/p>\n<p class=\"whitespace-pre-wrap\">A: Tra i principali metodi di produzione troviamo: la carburizzazione e la riduzione-diffusione per produrre polveri sferiche oppure la frantumazione e la macinazione di materiale al carburo di tungsteno sinterizzato in particelle irregolari. Queste polveri vengono poi miscelate con una polvere di cobalto nel rapporto desiderato.<\/p>\n<div id=\"gtx-trans\" style=\"position: absolute; left: -76px; top: 49.8125px;\">\n<div class=\"gtx-trans-icon\"><\/div>\n<\/div>\n<p><\/span><\/span><\/p>","protected":false},"excerpt":{"rendered":"<p>Panoramica della polvere T15 La polvere T15 \u00e8 una polvere di carburo di tungsteno-cobalto cementata che offre un'eccezionale combinazione di durezza, resistenza e tenacit\u00e0. Contiene un'alta percentuale di carburo di tungsteno e cobalto 15% come fase legante. Propriet\u00e0 e vantaggi principali della polvere T15: Propriet\u00e0 e caratteristiche della polvere T15 Propriet\u00e0 Dettagli Composizione 85%...<\/p>","protected":false},"featured_media":1845,"parent":0,"template":"","meta":{"_acf_changed":false,"_kad_blocks_custom_css":"","_kad_blocks_head_custom_js":"","_kad_blocks_body_custom_js":"","_kad_blocks_footer_custom_js":"","_kad_post_transparent":"","_kad_post_title":"","_kad_post_layout":"","_kad_post_sidebar_id":"","_kad_post_content_style":"","_kad_post_vertical_padding":"","_kad_post_feature":"","_kad_post_feature_position":"","_kad_post_header":false,"_kad_post_footer":false,"_kad_post_classname":""},"product-category":[119,122],"class_list":["post-3922","product","type-product","status-publish","has-post-thumbnail","hentry","product-category-3d-printing-metal-powder","product-category-iron-based-alloy-powder"],"acf":[],"taxonomy_info":{"product-category":[{"value":119,"label":"3D Printing Metal Powder"},{"value":122,"label":"Iron Based Alloy Powder"}]},"featured_image_src_large":["https:\/\/3dpmetal.com\/wp-content\/uploads\/2024\/02\/T15-Powder.jpg",600,600,false],"author_info":[],"comment_info":"","_links":{"self":[{"href":"https:\/\/3dpmetal.com\/it\/wp-json\/wp\/v2\/product\/3922","targetHints":{"allow":["GET"]}}],"collection":[{"href":"https:\/\/3dpmetal.com\/it\/wp-json\/wp\/v2\/product"}],"about":[{"href":"https:\/\/3dpmetal.com\/it\/wp-json\/wp\/v2\/types\/product"}],"wp:featuredmedia":[{"embeddable":true,"href":"https:\/\/3dpmetal.com\/it\/wp-json\/wp\/v2\/media\/1845"}],"wp:attachment":[{"href":"https:\/\/3dpmetal.com\/it\/wp-json\/wp\/v2\/media?parent=3922"}],"wp:term":[{"taxonomy":"product-category","embeddable":true,"href":"https:\/\/3dpmetal.com\/it\/wp-json\/wp\/v2\/product-category?post=3922"}],"curies":[{"name":"wp","href":"https:\/\/api.w.org\/{rel}","templated":true}]}}