{"id":3924,"date":"2024-03-18T06:10:14","date_gmt":"2024-03-18T06:10:14","guid":{"rendered":"https:\/\/3dp.45612300.xyz\/product\/pure-copper-powder\/"},"modified":"2024-03-18T06:10:14","modified_gmt":"2024-03-18T06:10:14","slug":"pure-copper-powder","status":"publish","type":"product","link":"https:\/\/3dpmetal.com\/it\/product\/pure-copper-powder\/","title":{"rendered":"Polvere di rame puro"},"content":{"rendered":"<p><span style=\"vertical-align: inherit;\"><span style=\"vertical-align: inherit;\"><\/p>\n<h2>Panoramica sulla polvere di rame puro<\/h2>\n<p class=\"whitespace-pre-wrap\">La polvere di rame puro contiene il 99,5% o pi\u00f9 di rame. Offre un'eccellente conducibilit\u00e0 termica ed elettrica unita a una buona resistenza alla corrosione, saldabilit\u00e0 e biocompatibilit\u00e0.<\/p>\n<p class=\"whitespace-pre-wrap\">Principali propriet\u00e0 e vantaggi della polvere di rame puro:<\/p>\n<p class=\"whitespace-pre-wrap\"><strong>Propriet\u00e0 e caratteristiche della polvere di rame puro<\/strong><\/p>\n<table>\n<thead>\n<tr>\n<th>Propriet\u00e0<\/th>\n<th>Dettagli<\/th>\n<\/tr>\n<\/thead>\n<tbody>\n<tr>\n<td>Composizione<\/td>\n<td>99,5% o superiore di contenuto di rame<\/td>\n<\/tr>\n<tr>\n<td>Densit\u00e0<\/td>\n<td>8,94 g\/cc<\/td>\n<\/tr>\n<tr>\n<td>Forma delle particelle<\/td>\n<td>Sferica, irregolare<\/td>\n<\/tr>\n<tr>\n<td>Intervallo delle dimensioni<\/td>\n<td>1-150 micron<\/td>\n<\/tr>\n<tr>\n<td>Densit\u00e0 apparente<\/td>\n<td>Fino al 50% di densit\u00e0 reale<\/td>\n<\/tr>\n<tr>\n<td>Conduttivit\u00e0<\/td>\n<td>Eccezionale, secondo solo all'argento<\/td>\n<\/tr>\n<tr>\n<td>Saldabilit\u00e0<\/td>\n<td>Eccellente grazie alla resistenza all'ossidazione<\/td>\n<\/tr>\n<tr>\n<td>Biocompatibilit\u00e0<\/td>\n<td>Massima resistenza, sicuro per contatto alimentare<\/td>\n<\/tr>\n<\/tbody>\n<\/table>\n<p class=\"whitespace-pre-wrap\">La polvere di rame puro \u00e8 ideale per applicazioni quali prodotti di saldatura, leghe brasanti, materiali di attrito, strumenti diamantati, contatti elettrici e stampaggio a iniezione di metallo.<\/p>\n<h2>Composizione in polvere di rame puro<\/h2>\n<p class=\"whitespace-pre-wrap\">Composizione tipica di polvere di rame puro:<\/p>\n<p class=\"whitespace-pre-wrap\"><strong>Composizione in polvere di rame puro<\/strong><\/p>\n<table>\n<thead>\n<tr>\n<th>Elemento<\/th>\n<th>% Peso<\/th>\n<\/tr>\n<\/thead>\n<tbody>\n<tr>\n<td>Rame (Cu)<\/td>\n<td>99,5% min<\/td>\n<\/tr>\n<tr>\n<td>Ossigeno (O)<\/td>\n<td>0,05% max<\/td>\n<\/tr>\n<tr>\n<td>Piombo (Pb)<\/td>\n<td>0,005% max<\/td>\n<\/tr>\n<tr>\n<td>Altre impurit\u00e0<\/td>\n<td>0,005% max<\/td>\n<\/tr>\n<\/tbody>\n<\/table>\n<ul class=\"list-disc pl-8 space-y-2\">\n<li class=\"whitespace-normal\">Il rame offre ottima conduttivit\u00e0 e resistenza alla corrosione<\/li>\n<li class=\"whitespace-normal\">L'ossigeno presente come impurit\u00e0 influenza la conduttivit\u00e0 e la sinterizzazione<\/li>\n<li class=\"whitespace-normal\">Piombo e altre impurit\u00e0 accuratamente controllati<\/li>\n<\/ul>\n<p class=\"whitespace-pre-wrap\">L'elevato contenuto di rame, il basso contenuto di ossidi e le minime impurit\u00e0 portano a una conducibilit\u00e0 elettrica e termica eccellenti, combinata con buone propriet\u00e0 meccaniche.<\/p>\n<p><img loading=\"lazy\" decoding=\"async\" class=\"alignnone size-medium wp-image-1409\" src=\"https:\/\/met3dp.com\/wp-content\/uploads\/2023\/09\/ed7a94ec-3c10-4b1b-87ed--300x300.jpg\" alt=\"Polvere di rame puro\" width=\"300\" height=\"300\" title=\"\"><\/p>\n<h2>Propriet\u00e0 fisiche della polvere di rame puro<\/h2>\n<p class=\"whitespace-pre-wrap\"><strong>Propriet\u00e0 fisiche della polvere di rame puro<\/strong><\/p>\n<table>\n<thead>\n<tr>\n<th>Propriet\u00e0<\/th>\n<th>Valori<\/th>\n<\/tr>\n<\/thead>\n<tbody>\n<tr>\n<td>Densit\u00e0<\/td>\n<td>8,94 g\/cc<\/td>\n<\/tr>\n<tr>\n<td>Punto di fusione<\/td>\n<td>1083\u00a1\u00abC<\/td>\n<\/tr>\n<tr>\n<td>Conduttivit\u00e0 termica<\/td>\n<td>400 W\/mK<\/td>\n<\/tr>\n<tr>\n<td>Resistivit\u00e0 elettrica<\/td>\n<td>1,72 \u00d7 10^-8 cm<\/td>\n<\/tr>\n<tr>\n<td>Temperatura di ricristallizzazione<\/td>\n<td>200-300\u00a1\u00abC<\/td>\n<\/tr>\n<tr>\n<td>Temperatura di Curie<\/td>\n<td>-269 \u00a1\u00abC<\/td>\n<\/tr>\n<\/tbody>\n<\/table>\n<ul class=\"list-disc pl-8 space-y-2\">\n<li class=\"whitespace-normal\">Elevata densit\u00e0 rispetto a magnesio o alluminio<\/li>\n<li class=\"whitespace-normal\">Eccellente conduttivit\u00e0 termica per dissipazione del calore<\/li>\n<li class=\"whitespace-normal\">Bassa resistivit\u00e0 elettrica fornisce elevata conduttivit\u00e0<\/li>\n<li class=\"whitespace-normal\">La ricristallizzazione consente la sinterizzazione e migliora la duttilit\u00e0<\/li>\n<li class=\"whitespace-normal\">La resistivit\u00e0 aumenta al di sopra del punto di Curie<\/li>\n<\/ul>\n<p class=\"whitespace-pre-wrap\">Queste propriet\u00e0 rendono il rame puro adatto per componenti altamente conduttori come contatti elettrici e spazzole.<\/p>\n<h2>Propriet\u00e0 meccaniche della polvere di rame puro<\/h2>\n<p class=\"whitespace-pre-wrap\"><strong>Propriet\u00e0 meccaniche della polvere di rame puro<\/strong><\/p>\n<table>\n<thead>\n<tr>\n<th>Propriet\u00e0<\/th>\n<th>Valori<\/th>\n<\/tr>\n<\/thead>\n<tbody>\n<tr>\n<td>Resistenza alla trazione<\/td>\n<td>220-340 MPa<\/td>\n<\/tr>\n<tr>\n<td>Limite di snervamento<\/td>\n<td>69-172 MPa<\/td>\n<\/tr>\n<tr>\n<td>Allungamento<\/td>\n<td>35-60%<\/td>\n<\/tr>\n<tr>\n<td>Durezza<\/td>\n<td>45-90 HB<\/td>\n<\/tr>\n<tr>\n<td>Modulo di elasticit\u00e0<\/td>\n<td>110-130 GPa<\/td>\n<\/tr>\n<tr>\n<td>Resistenza alla compressione<\/td>\n<td>500-700 MPa<\/td>\n<\/tr>\n<\/tbody>\n<\/table>\n<ul class=\"list-disc pl-8 space-y-2\">\n<li class=\"whitespace-normal\">Buona combinazione di resistenza e duttilit\u00e0 molto elevata<\/li>\n<li class=\"whitespace-normal\">Durezza abbastanza bassa e alta malleabilit\u00e0<\/li>\n<li class=\"whitespace-normal\">Media resistenza rispetto ad altre leghe ad alta resistenza<\/li>\n<li class=\"whitespace-normal\">Le propriet\u00e0 dipendono da fattori come la porosit\u00e0 e la dimensione dei grani<\/li>\n<\/ul>\n<p class=\"whitespace-pre-wrap\">Le propriet\u00e0 rendono il rame puro adatto per componenti soffici e altamente conduttivi, che richiedono un buon allungamento e resistenza a compressione.<\/p>\n<h2>Applicazioni in polvere di rame puro<\/h2>\n<p class=\"whitespace-pre-wrap\">Le applicazioni tipiche della polvere di rame puro includono:<\/p>\n<p class=\"whitespace-pre-wrap\"><strong>Applicazioni in polvere di rame puro<\/strong><\/p>\n<table>\n<thead>\n<tr>\n<th>Industria<\/th>\n<th>Usi<\/th>\n<\/tr>\n<\/thead>\n<tbody>\n<tr>\n<td>Elettricit\u00e0<\/td>\n<td>Contatti, spazzole, elettrodi per saldatura<\/td>\n<\/tr>\n<tr>\n<td>Elettronica<\/td>\n<td>Adesivi conduttivi, schermatura RF<\/td>\n<\/tr>\n<tr>\n<td>Automotive<\/td>\n<td>Spazzole, boccole, cuscinetti<\/td>\n<\/tr>\n<tr>\n<td>Industriale<\/td>\n<td>Strumenti diamantati, stampi per colata<\/td>\n<\/tr>\n<tr>\n<td>Produzione<\/td>\n<td>Leghe di brasatura, metallurgia delle polveri<\/td>\n<\/tr>\n<tr>\n<td>Prodotti di attrito<\/td>\n<td>Pastiglie freni, dischi frizione<\/td>\n<\/tr>\n<\/tbody>\n<\/table>\n<p class=\"whitespace-pre-wrap\">Alcuni usi specifici del prodotto:<\/p>\n<ul class=\"list-disc pl-8 space-y-2\">\n<li class=\"whitespace-normal\">Contatti elettrici a scorrimento e spazzole<\/li>\n<li class=\"whitespace-normal\">Componenti di dissipatori e di gestione termica<\/li>\n<li class=\"whitespace-normal\">Elettrodi per saldatura, paste brasanti e metalli di apporto per brasatura<\/li>\n<li class=\"whitespace-normal\">Compositi matrice metallica come strumenti di diamante<\/li>\n<li class=\"whitespace-normal\">Componenti di forma netta realizzati tramite stampaggio a iniezione di metallo<\/li>\n<li class=\"whitespace-normal\">Boccole per pompe, giranti e altre parti soggette ad usura<\/li>\n<\/ul>\n<p class=\"whitespace-pre-wrap\">Elevata conduttivit\u00e0, resistenza alla corrosione, biocompatibilit\u00e0 e resistenza moderata rendono il rame puro adatto per questa varia gamma di impieghi elettrici, termici e di usura moderata in tutti i settori.<\/p>\n<h2>Specifiche della polvere pura di rame<\/h2>\n<p class=\"whitespace-pre-wrap\">Le principali specifiche per la polvere di rame puro includono:<\/p>\n<p class=\"whitespace-pre-wrap\"><strong>Specifiche della polvere pura di rame<\/strong><\/p>\n<table>\n<thead>\n<tr>\n<th>Standard<\/th>\n<th>Descrizione<\/th>\n<\/tr>\n<\/thead>\n<tbody>\n<tr>\n<td>ASTM B602<\/td>\n<td>Specifiche per polvere di rame elettrolitico ad alta purezza<\/td>\n<\/tr>\n<tr>\n<td>JIS H2111<\/td>\n<td>Specifiche per rame elettrolitico e polveri di leghe di rame<\/td>\n<\/tr>\n<tr>\n<td>ISO 3497<\/td>\n<td>Specifiche in merito alle polveri di rame per uso generale<\/td>\n<\/tr>\n<tr>\n<td>ASTM B243<\/td>\n<td>Indicazioni su densit\u00e0 apparente e portata<\/td>\n<\/tr>\n<\/tbody>\n<\/table>\n<p class=\"whitespace-pre-wrap\">Questi definiscono:<\/p>\n<ul class=\"list-disc pl-8 space-y-2\">\n<li class=\"whitespace-normal\">Contenuto di rame minimo 99,5%<\/li>\n<li class=\"whitespace-normal\">Limiti su impurit\u00e0 quali ossigeno e piombo<\/li>\n<li class=\"whitespace-normal\">Caratteristiche della polvere richieste<\/li>\n<li class=\"whitespace-normal\">Densit\u00e0 apparente e portata<\/li>\n<li class=\"whitespace-normal\">Metodo di produzione approvato - elettrolitico<\/li>\n<li class=\"whitespace-normal\">Protocolli di campionamento e collaudo<\/li>\n<\/ul>\n<p class=\"whitespace-pre-wrap\">Adempiendo a queste specifiche, si garantisce l'idoneit\u00e0 per le applicazioni in cui \u00e8 richiesta un'elevata conducibilit\u00e0 termica ed elettrica, combinata con buone propriet\u00e0 meccaniche.<\/p>\n<h2>Dimensioni delle particelle di polvere di rame puro<\/h2>\n<p class=\"whitespace-pre-wrap\"><strong>Distribuzione dimensionale delle particelle di polvere di rame puro<\/strong><\/p>\n<table>\n<thead>\n<tr>\n<th>Dimensione<\/th>\n<th>Caratteristiche<\/th>\n<\/tr>\n<\/thead>\n<tbody>\n<tr>\n<td>1-10 micron<\/td>\n<td>Grado ultrafine utilizzato nella microelettronica<\/td>\n<\/tr>\n<tr>\n<td>10-30 micron<\/td>\n<td>Granulometria fine adatta alla sinterizzazione<\/td>\n<\/tr>\n<tr>\n<td>Da 30 a 150 micron<\/td>\n<td>La grana grossa ha un buon flusso per la pressatura<\/td>\n<\/tr>\n<\/tbody>\n<\/table>\n<ul class=\"list-disc pl-8 space-y-2\">\n<li class=\"whitespace-normal\">Dimensioni pi\u00f9 ridotte forniscono una densit\u00e0 sinterizzata pi\u00f9 elevata<\/li>\n<li class=\"whitespace-normal\">Polveri pi\u00f9 grossolane hanno una migliore fluidit\u00e0<\/li>\n<li class=\"whitespace-normal\">Gamma dimensionale personalizzata in base all'applicazione mirata<\/li>\n<li class=\"whitespace-normal\">Sono disponibili sia forme sferiche che irregolari<\/li>\n<\/ul>\n<p class=\"whitespace-pre-wrap\">Il controllo della distribuzione delle dimensioni delle particelle ottimizza il comportamento di pressatura, la densit\u00e0 sinterizzata e le propriet\u00e0 finali del pezzo.<\/p>\n<h2>Densit\u00e0 apparente della polvere di rame puro<\/h2>\n<p class=\"whitespace-pre-wrap\"><strong>Densit\u00e0 apparente della polvere di rame puro<\/strong><\/p>\n<table>\n<thead>\n<tr>\n<th>Densit\u00e0 apparente<\/th>\n<th>Dettagli<\/th>\n<\/tr>\n<\/thead>\n<tbody>\n<tr>\n<td>Fino al 50% di densit\u00e0 reale<\/td>\n<td>Per morfologie di polveri irregolari<\/td>\n<\/tr>\n<tr>\n<td>Tipica 3,5-5,0 g\/cc<\/td>\n<td>Si migliora con maggiore densit\u00e0 di confezionamento<\/td>\n<\/tr>\n<\/tbody>\n<\/table>\n<ul class=\"list-disc pl-8 space-y-2\">\n<li class=\"whitespace-normal\">La densit\u00e0 apparentiore migliora la compressibilit\u00e0 e il flusso di polvere<\/li>\n<li class=\"whitespace-normal\">La morfologia irregolare limita la massima densit\u00e0 di impaccamento<\/li>\n<li class=\"whitespace-normal\">Con polvere sferica si raggiungono valori fino al 60%<\/li>\n<li class=\"whitespace-normal\">Una densit\u00e0 apparente pi\u00f9 elevata consente una compattazione pi\u00f9 agevole<\/li>\n<\/ul>\n<p class=\"whitespace-pre-wrap\">Una densit\u00e0 apparente maggiore comporta una pressatura della polvere e una sinterizzazione pi\u00f9 efficienti fino alla densit\u00e0 completa.<\/p>\n<h2>Produzione di polvere di rame puro<\/h2>\n<p class=\"whitespace-pre-wrap\"><strong>Produzione di polvere di rame puro<\/strong><\/p>\n<table>\n<thead>\n<tr>\n<th>Metodo<\/th>\n<th>Dettagli<\/th>\n<\/tr>\n<\/thead>\n<tbody>\n<tr>\n<td>Elettrolisi<\/td>\n<td>Catodi in rame dissolti anodicamente in ioni Cu+ e depositati su catodi in acciaio inossidabile<\/td>\n<\/tr>\n<tr>\n<td>Macinazione a sfere<\/td>\n<td>Polvere grossolana frantumata e classificata in dimensioni specifiche<\/td>\n<\/tr>\n<tr>\n<td>Ricottura<\/td>\n<td>Addolcisce le particelle di polvere e migliora la comprimibilit\u00e0<\/td>\n<\/tr>\n<tr>\n<td>Riduzione dell'atmosfera<\/td>\n<td>Impedisce l'ossidazione delle particelle durante la produzione<\/td>\n<\/tr>\n<\/tbody>\n<\/table>\n<ul class=\"list-disc pl-8 space-y-2\">\n<li class=\"whitespace-normal\">Un processo elettrolitico automatizzato consente una produzione su larga scala.<\/li>\n<li class=\"whitespace-normal\">La macinatura e la setacciatura garantiscono una distribuzione controllata delle dimensioni delle particelle<\/li>\n<li class=\"whitespace-normal\">La ricottura facilita la pressatura e la manipolazione<\/li>\n<li class=\"whitespace-normal\">Rigorosi controlli di processo garantiscono elevata purezza e qualit\u00e0 ripetibile<\/li>\n<\/ul>\n<h2>Prezzo polvere di rame puro<\/h2>\n<p class=\"whitespace-pre-wrap\"><strong>Prezzo polvere di rame puro<\/strong><\/p>\n<table>\n<thead>\n<tr>\n<th>Fattore<\/th>\n<th>Impatto sul prezzo<\/th>\n<\/tr>\n<\/thead>\n<tbody>\n<tr>\n<td>Grado di purezza<\/td>\n<td>Maggiore purezza aumenta il costo<\/td>\n<\/tr>\n<tr>\n<td>Dimensione particellare<\/td>\n<td>Polvere ultrafine pi\u00f9 costosa<\/td>\n<\/tr>\n<tr>\n<td>Quantit\u00e0 ordine<\/td>\n<td>Gli ordini all'ingrosso hanno un prezzo unitario inferiore<\/td>\n<\/tr>\n<tr>\n<td>Metodo di produzione<\/td>\n<td>Elaborazione aggiuntiva aumenta i costi<\/td>\n<\/tr>\n<tr>\n<td>Packaging<\/td>\n<td>Imballaggi speciali come la sigillatura sottovuoto aumentano i costi<\/td>\n<\/tr>\n<\/tbody>\n<\/table>\n<p class=\"whitespace-pre-wrap\"><strong>Prezzario indicativo<\/strong><\/p>\n<ul class=\"list-disc pl-8 space-y-2\">\n<li class=\"whitespace-normal\">Polvere ultrafine di rame puro: $ 15-25 per kg<\/li>\n<li class=\"whitespace-normal\">Polvere di rame puro grezzo: $10-15 al chilogrammo<\/li>\n<li class=\"whitespace-normal\">Il prezzo dei volumi elevati pu\u00f2 essere inferiore del 40%<\/li>\n<\/ul>\n<p class=\"whitespace-pre-wrap\">Il prezzo varia in base a purezza, dimensione delle particelle, metodo di produzione, quantit\u00e0 ordinata, confezionamento ecc.<\/p>\n<h2>Fornitori di polvere di rame puro<\/h2>\n<p class=\"whitespace-pre-wrap\"><strong>Fornitori di polvere di rame puro<\/strong><\/p>\n<table>\n<thead>\n<tr>\n<th>Azienda<\/th>\n<th>Ubicazione<\/th>\n<\/tr>\n<\/thead>\n<tbody>\n<tr>\n<td>Kymera International<\/td>\n<td>USA<\/td>\n<\/tr>\n<tr>\n<td>GGP Metalpowder<\/td>\n<td>Germania<\/td>\n<\/tr>\n<tr>\n<td>American Chemet Corporation<\/td>\n<td>USA<\/td>\n<\/tr>\n<tr>\n<td>Shanghai CNPC Powder Material<\/td>\n<td>Cina<\/td>\n<\/tr>\n<tr>\n<td>Mitsui Kinzoku<\/td>\n<td>Giappone<\/td>\n<\/tr>\n<tr>\n<td>Nuclead<\/td>\n<td>Francia<\/td>\n<\/tr>\n<\/tbody>\n<\/table>\n<p class=\"whitespace-pre-wrap\">Fattori di selezione dei fornitori:<\/p>\n<ul class=\"list-disc pl-8 space-y-2\">\n<li class=\"whitespace-normal\">Livelli e grado di purezza offerti<\/li>\n<li class=\"whitespace-normal\">Capacit\u00e0 produttiva e tempi di consegna<\/li>\n<li class=\"whitespace-normal\">intervalli di dimensioni medie delle particelle<\/li>\n<li class=\"whitespace-normal\">Personalizzazione della distribuzione delle dimensioni<\/li>\n<li class=\"whitespace-normal\">Opzioni di confezionamento e quantit\u00e0 degli ordini<\/li>\n<li class=\"whitespace-normal\">Livelli di prezzo basati sul volume<\/li>\n<li class=\"whitespace-normal\">Conformit\u00e0 alle specifiche internazionali<\/li>\n<\/ul>\n<h2>Gestione e stoccaggio della polvere di rame puro<\/h2>\n<p class=\"whitespace-pre-wrap\"><strong>Gestione della polvere di rame puro<\/strong><\/p>\n<table>\n<thead>\n<tr>\n<th>Raccomandazione<\/th>\n<th>Motivo<\/th>\n<\/tr>\n<\/thead>\n<tbody>\n<tr>\n<td>Garantire una ventilazione adeguata<\/td>\n<td>Prevenire l'esposizione alle polveri sottili<\/td>\n<\/tr>\n<tr>\n<td>Indossare i DPI appropriati<\/td>\n<td>Evitare l'ingestione accidentale<\/td>\n<\/tr>\n<tr>\n<td>Segui protocolli sicuri<\/td>\n<td>Ridurre i pericoli per la salute<\/td>\n<\/tr>\n<tr>\n<td>Evitare fonti di accensione<\/td>\n<td>Pericolo di polvere infiammabile<\/td>\n<\/tr>\n<tr>\n<td>Attrezzatura di terra<\/td>\n<td>Previene le scariche elettrostatiche<\/td>\n<\/tr>\n<tr>\n<td>Utilizzare utensili anti-scintilla<\/td>\n<td>Prevenire la possibilit\u00e0 di accensione<\/td>\n<\/tr>\n<\/tbody>\n<\/table>\n<p class=\"whitespace-pre-wrap\"><strong>Consigli in merito allo storage<\/strong><\/p>\n<ul class=\"list-disc pl-8 space-y-2\">\n<li class=\"whitespace-normal\">Conservare in contenitori stagni in un luogo fresco ed asciutto<\/li>\n<li class=\"whitespace-normal\">Evitare il contatto con acidi, ammoniaca, acetilene<\/li>\n<li class=\"whitespace-normal\">Mantenere le temperature al di sotto dei 30 \u00a1\u00abC<\/li>\n<\/ul>\n<p class=\"whitespace-pre-wrap\">Le corrette precauzioni durante la gestione e la conservazione aiutano a preservare la purezza e a prevenire problemi di sicurezza.<\/p>\n<h2>Ispezione e Test Pure Copper Powder<\/h2>\n<p class=\"whitespace-pre-wrap\"><strong>Test della polvere di rame puro<\/strong><\/p>\n<table>\n<thead>\n<tr>\n<th>Test<\/th>\n<th>Dettagli<\/th>\n<\/tr>\n<\/thead>\n<tbody>\n<tr>\n<td>Analisi chimica<\/td>\n<td>ICP o XRF verificano la composizione<\/td>\n<\/tr>\n<tr>\n<td>Distribuzione granulometrica<\/td>\n<td>Analisi della diffrazione laser<\/td>\n<\/tr>\n<tr>\n<td>Densit\u00e0 apparente<\/td>\n<td>Test di flussometro a canale secondo ASTM B212<\/td>\n<\/tr>\n<tr>\n<td>Morphologia delle polveri<\/td>\n<td>Imaging SEM della forma delle particelle<\/td>\n<\/tr>\n<tr>\n<td>Test di densit\u00e0 del tap<\/td>\n<td>Densit\u00e0 misurata dopo toccatura meccanica<\/td>\n<\/tr>\n<tr>\n<td>Analisi del flusso di lavoro<\/td>\n<td>Flusso per gravit\u00e0 attraverso un imbuto specificato<\/td>\n<\/tr>\n<\/tbody>\n<\/table>\n<p class=\"whitespace-pre-wrap\">I test garantiscono che la polvere soddisfi i livelli di purezza richiesti, le caratteristiche delle particelle, le specifiche di densit\u00e0, la morfologia e la scorrevolezza secondo gli standard applicabili.<\/p>\n<h2>Pro e contro della polvere di rame puro<\/h2>\n<p class=\"whitespace-pre-wrap\"><strong>Vantaggi della polvere di rame puro<\/strong><\/p>\n<ul class=\"list-disc pl-8 space-y-2\">\n<li class=\"whitespace-normal\">Eccellente conduttivit\u00e0 termica ed elettrica<\/li>\n<li class=\"whitespace-normal\">Buona resistenza alla corrosione e biocompatibilit\u00e0<\/li>\n<li class=\"whitespace-normal\">L'elevata purezza garantisce prestazioni ottimali<\/li>\n<li class=\"whitespace-normal\">Facilit\u00e0 di sinterizzazione e compressione in componenti ad alta densit\u00e0<\/li>\n<li class=\"whitespace-normal\">Ducettile e malleabile<\/li>\n<li class=\"whitespace-normal\">Riciclabile ed ecosostenibile<\/li>\n<\/ul>\n<p class=\"whitespace-pre-wrap\"><strong>Limitazioni della polvere di rame puro<\/strong><\/p>\n<ul class=\"list-disc pl-8 space-y-2\">\n<li class=\"whitespace-normal\">Resistenza minore rispetto a molte polveri in lega<\/li>\n<li class=\"whitespace-normal\">Resistenza moderata all'ossidazione ad alta temperatura<\/li>\n<li class=\"whitespace-normal\">Pesante rispetto al magnesio o all'alluminio<\/li>\n<li class=\"whitespace-normal\">Non adatto per applicazioni ad usura o carico elevati<\/li>\n<li class=\"whitespace-normal\">Sensibile alla contaminazione da zinco e zolfo<\/li>\n<li class=\"whitespace-normal\">Si scurisce gradualmente nel tempo se non verniciato<\/li>\n<\/ul>\n<h2>Confronto con le polveri di ottone e bronzo<\/h2>\n<p class=\"whitespace-pre-wrap\"><strong>Rame puro contro polveri di ottone e bronzo<\/strong><\/p>\n<table>\n<thead>\n<tr>\n<th>Parametro<\/th>\n<th>Rame puro<\/th>\n<th>Ottone\/Bronzo<\/th>\n<\/tr>\n<\/thead>\n<tbody>\n<tr>\n<td>Densit\u00e0<\/td>\n<td>8,94 g\/cc<\/td>\n<td>8,7-8,8 g\/cc<\/td>\n<\/tr>\n<tr>\n<td>Forza<\/td>\n<td>220-340 MPa<\/td>\n<td>350-550 MPa<\/td>\n<\/tr>\n<tr>\n<td>Conduttivit\u00e0<\/td>\n<td>Eccellente<\/td>\n<td>Bene<\/td>\n<\/tr>\n<tr>\n<td>Resistenza alla corrosione<\/td>\n<td>Eccellente<\/td>\n<td>Bene<\/td>\n<\/tr>\n<tr>\n<td>Costi<\/td>\n<td>Scarso<\/td>\n<td>Moderato<\/td>\n<\/tr>\n<tr>\n<td>Usi<\/td>\n<td>Elettrico, termico<\/td>\n<td>Hardware, decorativo<\/td>\n<\/tr>\n<\/tbody>\n<\/table>\n<ul class=\"list-disc pl-8 space-y-2\">\n<li class=\"whitespace-normal\">Il rame puro ha conducibilit\u00e0 e duttilit\u00e0 maggiori<\/li>\n<li class=\"whitespace-normal\">Ottone\/bronzo offrono una maggiore resistenza<\/li>\n<li class=\"whitespace-normal\">Il rame puro pi\u00f9 adatto alla gestione termica<\/li>\n<li class=\"whitespace-normal\">Ottone\/bronzo utilizzato per componenti hardware e oggetti decorativi<\/li>\n<\/ul>\n<h2>FAQ sulla polvere di rame puro<\/h2>\n<p class=\"whitespace-pre-wrap\"><strong>Q: Quali sono le principali applicazioni della polvere di rame puro?<\/strong><\/p>\n<p class=\"whitespace-pre-wrap\">Applicazioni principali: contatti elettrici e spazzole, aste di saldatura, leghe di brasatura, utensili al diamante, dissipatori di calore, componenti a forma di rete realizzati tramite metallurgia delle polveri, materiali per frizione e adesivi conduttivi.<\/p>\n<p class=\"whitespace-pre-wrap\"><strong>D: Quale precauzioni occorre prendere quando si lavora con polvere di rame puro?<\/strong><\/p>\n<p class=\"whitespace-pre-wrap\">A: Tra le precauzioni consigliate ci sono ventilazione adeguata, DPI appropriati, protocolli di gestione in tutta sicurezza, attrezzature di messa a terra, evitare le fonti di accensione, utilizzare strumenti che non fanno scintille e conservarle in contenitori inerti stabili lontano dai contaminanti.<\/p>\n<p class=\"whitespace-pre-wrap\"><strong>D: In che modo la polvere di rame puro si differenzia dal rame deossigenato ad alta conducibilit\u00e0 (ETP)?<\/strong><\/p>\n<p class=\"whitespace-pre-wrap\">A: La polvere di rame puro presenta una percentuale di rame del 99,5% o pi\u00f9, mentre la polvere di rame ETP presenta un minimo del 99,5% di rame. Il rame puro fornisce una conduttivit\u00e0 leggermente superiore ma i due sono per lo pi\u00f9 intercambiabili per le applicazioni comuni.<\/p>\n<p class=\"whitespace-pre-wrap\"><strong>D: Cosa influisce sulle propriet\u00e0 delle parti realizzate in polvere di rame puro?<\/strong><\/p>\n<p class=\"whitespace-pre-wrap\">A: I principali fattori evidenti sono la densit\u00e0 apparente, la composizione in polvere, la distribuzione dimensionale delle particelle, la pressione di compattazione, i parametri di sinterizzazione, la presenza di impurit\u00e0 e la porosit\u00e0 finale della parte.<\/p>\n<p><\/span><\/span><\/p>","protected":false},"excerpt":{"rendered":"<p>Panoramica della polvere di rame puro La polvere di rame puro contiene 99,5% o un contenuto di rame superiore. Offre un'eccellente conducibilit\u00e0 termica ed elettrica, unita a una buona resistenza alla corrosione, saldabilit\u00e0 e biocompatibilit\u00e0. Propriet\u00e0 e vantaggi principali della polvere di rame puro: Propriet\u00e0 e caratteristiche della polvere di rame puro Propriet\u00e0 Dettagli Composizione 99,5% o contenuto di rame superiore Densit\u00e0 8,94 g\/cc Particelle...<\/p>","protected":false},"featured_media":1804,"parent":0,"template":"","meta":{"_acf_changed":false,"_kad_blocks_custom_css":"","_kad_blocks_head_custom_js":"","_kad_blocks_body_custom_js":"","_kad_blocks_footer_custom_js":"","_kad_post_transparent":"","_kad_post_title":"","_kad_post_layout":"","_kad_post_sidebar_id":"","_kad_post_content_style":"","_kad_post_vertical_padding":"","_kad_post_feature":"","_kad_post_feature_position":"","_kad_post_header":false,"_kad_post_footer":false,"_kad_post_classname":""},"product-category":[119,129],"class_list":["post-3924","product","type-product","status-publish","has-post-thumbnail","hentry","product-category-3d-printing-metal-powder","product-category-copper-alloy-powder"],"acf":[],"taxonomy_info":{"product-category":[{"value":119,"label":"3D Printing Metal Powder"},{"value":129,"label":"Copper Alloy Powder"}]},"featured_image_src_large":["https:\/\/3dpmetal.com\/wp-content\/uploads\/2024\/02\/Al-6061-powder.png",422,316,false],"author_info":[],"comment_info":"","_links":{"self":[{"href":"https:\/\/3dpmetal.com\/it\/wp-json\/wp\/v2\/product\/3924","targetHints":{"allow":["GET"]}}],"collection":[{"href":"https:\/\/3dpmetal.com\/it\/wp-json\/wp\/v2\/product"}],"about":[{"href":"https:\/\/3dpmetal.com\/it\/wp-json\/wp\/v2\/types\/product"}],"wp:featuredmedia":[{"embeddable":true,"href":"https:\/\/3dpmetal.com\/it\/wp-json\/wp\/v2\/media\/1804"}],"wp:attachment":[{"href":"https:\/\/3dpmetal.com\/it\/wp-json\/wp\/v2\/media?parent=3924"}],"wp:term":[{"taxonomy":"product-category","embeddable":true,"href":"https:\/\/3dpmetal.com\/it\/wp-json\/wp\/v2\/product-category?post=3924"}],"curies":[{"name":"wp","href":"https:\/\/api.w.org\/{rel}","templated":true}]}}