{"id":3925,"date":"2024-03-18T06:10:14","date_gmt":"2024-03-18T06:10:14","guid":{"rendered":"https:\/\/3dp.45612300.xyz\/product\/ti6al4v-powder\/"},"modified":"2024-03-18T06:10:14","modified_gmt":"2024-03-18T06:10:14","slug":"ti6al4v-powder","status":"publish","type":"product","link":"https:\/\/3dpmetal.com\/it\/product\/ti6al4v-powder\/","title":{"rendered":"Polvere Ti6Al4V"},"content":{"rendered":"<p><span style=\"vertical-align: inherit;\"><span style=\"vertical-align: inherit;\"><\/p>\n<h2>Panoramica della polvere di Ti6Al4V<\/h2>\n<p class=\"whitespace-pre-wrap\">Powders di Ti6Al4V, anche detto lega di titanio di Grado 5, sono una delle polveri di lega di titanio pi\u00f9 usate. Contiene alluminio al 6% e vanadio al 4% come elementi leganti chiave insieme al restante titanio.<\/p>\n<p class=\"whitespace-pre-wrap\">Sferica polvere Ti6Al4V offre un'eccezionale combinazione di resistenza elevata, peso ridotto, resistenza alla corrosione<a href=\"https:\/\/en.wikipedia.org\/wiki\/Biocompatibility\" target=\"_blank\" rel=\"noopener\"> biocompatibilit\u00e0<\/a>e praticit\u00e0.<\/p>\n<p class=\"whitespace-pre-wrap\">Principali propriet\u00e0 e vantaggi della polvere Ti6Al4V<\/p>\n<p class=\"whitespace-pre-wrap\"><strong>Propriet\u00e0 e caratteristiche della polvere Ti6Al4V<\/strong><\/p>\n<table>\n<thead>\n<tr>\n<th>Propriet\u00e0<\/th>\n<th>Dettagli<\/th>\n<\/tr>\n<\/thead>\n<tbody>\n<tr>\n<td>Composizione<\/td>\n<td>Lega Ti-6Al-4V<\/td>\n<\/tr>\n<tr>\n<td>Densit\u00e0<\/td>\n<td>4,43 g\/cm\u00b3<\/td>\n<\/tr>\n<tr>\n<td>Forma delle particelle<\/td>\n<td>Sferico prevalente<\/td>\n<\/tr>\n<tr>\n<td>Intervallo delle dimensioni<\/td>\n<td>15-45 micron<\/td>\n<\/tr>\n<tr>\n<td>Densit\u00e0 apparente<\/td>\n<td>Fino al 60% di vera densit\u00e0<\/td>\n<\/tr>\n<tr>\n<td>Flussibilita<\/td>\n<td>Bene<\/td>\n<\/tr>\n<tr>\n<td>Forza<\/td>\n<td>Elevato per una lega di titanio<\/td>\n<\/tr>\n<tr>\n<td>Resistenza alla corrosione<\/td>\n<td>Eccellente<\/td>\n<\/tr>\n<\/tbody>\n<\/table>\n<p class=\"whitespace-pre-wrap\">Ti6Al4V \u00e8 ampiamente utilizzato nei settori aerospaziale, medico, automobilistico, chimico e dei beni di consumo grazie al suo profilo di propriet\u00e0 ben bilanciato.<\/p>\n<h2>Composizione Polvere Ti6Al4V<\/h2>\n<p class=\"whitespace-pre-wrap\">Composizione tipica delle polveri Ti6Al4V:<\/p>\n<p class=\"whitespace-pre-wrap\"><strong>Composizione Polvere Ti6Al4V<\/strong><\/p>\n<table>\n<thead>\n<tr>\n<th>Elemento<\/th>\n<th>% Peso<\/th>\n<\/tr>\n<\/thead>\n<tbody>\n<tr>\n<td>Titanio<\/td>\n<td>Equilibrio<\/td>\n<\/tr>\n<tr>\n<td>Alluminio<\/td>\n<td>5.5-6.75%<\/td>\n<\/tr>\n<tr>\n<td>Vanadio<\/td>\n<td>3.5-4.5%<\/td>\n<\/tr>\n<tr>\n<td>Ossigeno<\/td>\n<td>&lt;0,2%<\/td>\n<\/tr>\n<tr>\n<td>Carbonio<\/td>\n<td>&lt;0,1%<\/td>\n<\/tr>\n<tr>\n<td>Azoto<\/td>\n<td>&lt;0,05%<\/td>\n<\/tr>\n<tr>\n<td>Idrogeno<\/td>\n<td>&lt;0,015%<\/td>\n<\/tr>\n<tr>\n<td>Ferro<\/td>\n<td>&lt;0,3%<\/td>\n<\/tr>\n<\/tbody>\n<\/table>\n<ul class=\"list-disc pl-8 space-y-2\">\n<li class=\"whitespace-normal\">Il titanio forma la matrice che fornisce resistenza e resistenza alla corrosione<\/li>\n<li class=\"whitespace-normal\">L'alluminio stabilizza la fase alfa e aumenta la resistenza<\/li>\n<li class=\"whitespace-normal\">Il vanadio stabilizza la fase beta e migliora la lavorabilit\u00e0<\/li>\n<li class=\"whitespace-normal\">Altri elementi limitati come impurit\u00e0<\/li>\n<\/ul>\n<p class=\"whitespace-pre-wrap\">I rapporti Ti-Al-V ottimizzati forniscono una combinazione eccezionale di resistenza, duttilit\u00e0, tenacit\u00e0 alla frattura e resistenza alla fatica.<\/p>\n<p><img loading=\"lazy\" decoding=\"async\" class=\"size-medium wp-image-1409 aligncenter\" src=\"https:\/\/met3dp.com\/wp-content\/uploads\/2023\/09\/ed7a94ec-3c10-4b1b-87ed--300x300.jpg\" alt=\"Ti6Al4V powder\" width=\"300\" height=\"300\" title=\"\"><\/p>\n<h2>Propriet\u00e0 fisiche della polvere di Ti6Al4V<\/h2>\n<p class=\"whitespace-pre-wrap\"><strong>Propriet\u00e0 fisiche della polvere di Ti6Al4V<\/strong><\/p>\n<table>\n<thead>\n<tr>\n<th>Propriet\u00e0<\/th>\n<th>Valori<\/th>\n<\/tr>\n<\/thead>\n<tbody>\n<tr>\n<td>Densit\u00e0<\/td>\n<td>4,43 g\/cm\u00b3<\/td>\n<\/tr>\n<tr>\n<td>Punto di fusione<\/td>\n<td>1604-1660\u00a1\u00abC<\/td>\n<\/tr>\n<tr>\n<td>Conduttivit\u00e0 termica<\/td>\n<td>6,7 W\/mK<\/td>\n<\/tr>\n<tr>\n<td>Resistivit\u00e0 elettrica<\/td>\n<td>170 x cm\u00b2<\/td>\n<\/tr>\n<tr>\n<td>Coefficiente di espansione termica<\/td>\n<td>8,4 x 10^-6 \/K<\/td>\n<\/tr>\n<tr>\n<td>Temperatura massima di servizio<\/td>\n<td>400\u00a1\u00abC<\/td>\n<\/tr>\n<\/tbody>\n<\/table>\n<ul class=\"list-disc pl-8 space-y-2\">\n<li class=\"whitespace-normal\">Bassa densit\u00e0 rispetto agli acciai<\/li>\n<li class=\"whitespace-normal\">Elevato punto di fusione consente l'utilizzo a temperature moderatamente elevate<\/li>\n<li class=\"whitespace-normal\">La bassa conduttivit\u00e0 termica richiede di considerare la progettazione<\/li>\n<li class=\"whitespace-normal\">Resistenza elettrica elevata adatta per le chiusure resistenti alla corrosione<\/li>\n<li class=\"whitespace-normal\">Coefficiente di dilatazione termica inferiore rispetto agli acciai e alle leghe di nichel<\/li>\n<\/ul>\n<p class=\"whitespace-pre-wrap\">Queste propriet\u00e0 rendono il Ti6Al4V adattissimo a molte applicazioni strutturali leggere nei diversi settori.<\/p>\n<h2>Propriet\u00e0 meccaniche della polvere Ti6Al4V<\/h2>\n<p class=\"whitespace-pre-wrap\"><strong>Propriet\u00e0 meccaniche della polvere Ti6Al4V<\/strong><\/p>\n<table>\n<thead>\n<tr>\n<th>Propriet\u00e0<\/th>\n<th>Valori<\/th>\n<\/tr>\n<\/thead>\n<tbody>\n<tr>\n<td>Resistenza alla trazione<\/td>\n<td>950 \u2013 1050 MPa<\/td>\n<\/tr>\n<tr>\n<td>Limite di snervamento<\/td>\n<td>860\u2013950 MPa<\/td>\n<\/tr>\n<tr>\n<td>Allungamento<\/td>\n<td>10 &#8211; 18%<\/td>\n<\/tr>\n<tr>\n<td>Durezza<\/td>\n<td>330 &#8211; 380 HB<\/td>\n<\/tr>\n<tr>\n<td>Modulo di elasticit\u00e0<\/td>\n<td>110 - 120 GPa<\/td>\n<\/tr>\n<tr>\n<td>Resistenza alla fatica<\/td>\n<td>400 - 500 MPa<\/td>\n<\/tr>\n<\/tbody>\n<\/table>\n<ul class=\"list-disc pl-8 space-y-2\">\n<li class=\"whitespace-normal\">Eccellente combinazione di elevata resistenza e adeguata duttilit\u00e0<\/li>\n<li class=\"whitespace-normal\">La resistenza supera altri gradi di titanio come il titanio commercialmente puro<\/li>\n<li class=\"whitespace-normal\">Durezza superiore rispetto al titanio senza lega<\/li>\n<li class=\"whitespace-normal\">La straordinaria resistenza alla fatica lo rende adatto per applicazioni di carico ciclico<\/li>\n<\/ul>\n<p class=\"whitespace-pre-wrap\">Le propriet\u00e0 rendono il materiale Ti6Al4V idoneo per applicazioni impegnative che richiedono un'elevata resistenza specifica e resistenza alla fatica.<\/p>\n<h2>Applicazioni in polvere Ti6Al4V<\/h2>\n<p class=\"whitespace-pre-wrap\">La polvere Ti6Al4V \u00e8 ampiamente utilizzata nei settori:<\/p>\n<p class=\"whitespace-pre-wrap\"><strong>Applicazioni in polvere Ti6Al4V<\/strong><\/p>\n<table>\n<thead>\n<tr>\n<th>Industria<\/th>\n<th>Usi<\/th>\n<\/tr>\n<\/thead>\n<tbody>\n<tr>\n<td>Aerospaziale<\/td>\n<td>Parti di struttura aeronautica, componenti di motore<\/td>\n<\/tr>\n<tr>\n<td>Biomedicale<\/td>\n<td>Impianti ortopedici e dentali<\/td>\n<\/tr>\n<tr>\n<td>Automotive<\/td>\n<td>Bielle, valvole, molle<\/td>\n<\/tr>\n<tr>\n<td>Chimico<\/td>\n<td>Serbatoi, recipienti, scambiatori di calore<\/td>\n<\/tr>\n<tr>\n<td>Consumatore<\/td>\n<td>Articoli sportivi, casse di orologi, corpi di cellulari<\/td>\n<\/tr>\n<tr>\n<td>Stampa 3D<\/td>\n<td>Componenti aerospaziali e medici<\/td>\n<\/tr>\n<\/tbody>\n<\/table>\n<p class=\"whitespace-pre-wrap\">Alcune applicazioni specifiche del prodotto includono:<\/p>\n<ul class=\"list-disc pl-8 space-y-2\">\n<li class=\"whitespace-normal\">Piastre di osteosintesi, impianti di sostituzione articolare<\/li>\n<li class=\"whitespace-normal\">Componenti strutturali di elicotteri e aereoplani<\/li>\n<li class=\"whitespace-normal\">Valvole del motore ed aste di biella<\/li>\n<li class=\"whitespace-normal\">Apparecchiature chimiche quali tubi, pompe, valvole<\/li>\n<li class=\"whitespace-normal\">Articoli sportivi inclusi mazze da golf e telai di biciclette<\/li>\n<li class=\"whitespace-normal\">Fabbricazione additiva di strutture leggere<\/li>\n<\/ul>\n<p class=\"whitespace-pre-wrap\">Ti6Al4V fornisce il miglior rapporto resistenza\/peso e biocompatibilit\u00e0 per parti strutturali critiche in questi settori esigenti.<\/p>\n<h2>Specifiche Ti6Al4V in polvere<\/h2>\n<p class=\"whitespace-pre-wrap\">Specifiche e standard principali per polvere Ti6Al4V:<\/p>\n<p class=\"whitespace-pre-wrap\"><strong>Standard di polvere Ti6Al4V<\/strong><\/p>\n<table>\n<thead>\n<tr>\n<th>Standard<\/th>\n<th>Descrizione<\/th>\n<\/tr>\n<\/thead>\n<tbody>\n<tr>\n<td>ASTM F2924<\/td>\n<td>Lega additiva Ti6Al4V<\/td>\n<\/tr>\n<tr>\n<td>ASTM F3001<\/td>\n<td>Specifiche per la polvere di lega di Ti atomizzata a gas per AM<\/td>\n<\/tr>\n<tr>\n<td>AMS 4954<\/td>\n<td>Limiti di composizione della polvere di Ti-6Al-4V per la produzione additiva<\/td>\n<\/tr>\n<tr>\n<td>ASTM B348<\/td>\n<td>Specifiche per polveri di titanio e lega di titanio<\/td>\n<\/tr>\n<tr>\n<td>ASTM F1472<\/td>\n<td>Lega Ti6Al4V lavorata per impianti chirurgici<\/td>\n<\/tr>\n<\/tbody>\n<\/table>\n<p class=\"whitespace-pre-wrap\">Questi definiscono:<\/p>\n<ul class=\"list-disc pl-8 space-y-2\">\n<li class=\"whitespace-normal\">Intervalli di composizione chimica<\/li>\n<li class=\"whitespace-normal\">Propriet\u00e0 meccaniche richieste<\/li>\n<li class=\"whitespace-normal\">Metodo di produzione di polveri: atomizzazione con gas inerti<\/li>\n<li class=\"whitespace-normal\">Limiti di impurit\u00e0 come O, N, C, Fe<\/li>\n<li class=\"whitespace-normal\">Distribuzione granulometrica e morfologia<\/li>\n<li class=\"whitespace-normal\">Metodi di collaudo per verificare la qualit\u00e0 delle polveri<\/li>\n<\/ul>\n<p class=\"whitespace-pre-wrap\">La polvere certificata Ti6Al4V adatta a queste specifiche garantisce propriet\u00e0 e prestazioni ottimali per diverse applicazioni intersettoriali.<\/p>\n<h2>Dimensioni particellari di polvere Ti6Al4V<\/h2>\n<p class=\"whitespace-pre-wrap\"><strong>Distribuzione delle dimensioni delle particelle di polvere Ti6Al4V<\/strong><\/p>\n<table>\n<thead>\n<tr>\n<th>Dimensione particellare<\/th>\n<th>Caratteristiche<\/th>\n<\/tr>\n<\/thead>\n<tbody>\n<tr>\n<td>15-45 micron<\/td>\n<td>Intervallo di dimensioni per uso generico<\/td>\n<\/tr>\n<tr>\n<td>45 - 100 micron<\/td>\n<td>Ottimizzato per lo spray a freddo<\/td>\n<\/tr>\n<tr>\n<td>Da 5-25 micron<\/td>\n<td>Dimensioni pi\u00f9 sottili utilizzate nei processi di fabbricazione additiva laser<\/td>\n<\/tr>\n<\/tbody>\n<\/table>\n<ul class=\"list-disc pl-8 space-y-2\">\n<li class=\"whitespace-normal\">Una polvere pi\u00f9 fine fornisce una risoluzione e una finitura superficiale superiori<\/li>\n<li class=\"whitespace-normal\">Una polvere grossolana soddisfa metodi ad alto tasso di deposito come lo spray a freddo<\/li>\n<li class=\"whitespace-normal\">Intervallo di taglie personalizzato in base al metodo di produzione utilizzato<\/li>\n<li class=\"whitespace-normal\">Morfologia sferica mantenuta in tutte le dimensioni<\/li>\n<\/ul>\n<p class=\"whitespace-pre-wrap\">Controllare la distribuzione granulometrica e la morfologia \u00e8 fondamentale per un'elevata densit\u00e0 di impacchettamento delle polveri, lavorabilit\u00e0 e propriet\u00e0 finali del componente.<\/p>\n<h2>Densit\u00e0 apparente della polvere di Ti6Al4V<\/h2>\n<p class=\"whitespace-pre-wrap\"><strong>Densit\u00e0 apparente della polvere di Ti6Al4V<\/strong><\/p>\n<table>\n<thead>\n<tr>\n<th>Densit\u00e0 apparente<\/th>\n<th>Dettagli<\/th>\n<\/tr>\n<\/thead>\n<tbody>\n<tr>\n<td>Fino al 60% di vera densit\u00e0<\/td>\n<td>Per morfologia di polvere sferica<\/td>\n<\/tr>\n<tr>\n<td>2,6 &#8211; 3,0 g\/cc<\/td>\n<td>Si migliora con maggiore densit\u00e0 di confezionamento<\/td>\n<\/tr>\n<\/tbody>\n<\/table>\n<ul class=\"list-disc pl-8 space-y-2\">\n<li class=\"whitespace-normal\">Densit\u00e0 apparente maggiore migliora la fluidit\u00e0 di polvere e l'efficienza del riempimento della matrice<\/li>\n<li class=\"whitespace-normal\">Con polvere sferica ottimizzata sono possibili valori fino al 65%<\/li>\n<li class=\"whitespace-normal\">L'elevata densit\u00e0 apparente riduce al minimo i tempi del ciclo di stampaggio<\/li>\n<\/ul>\n<p class=\"whitespace-pre-wrap\">La massimizzazione della densit\u00e0 apparente consente una pressatura della polvere automatizzata efficiente e una sinterizzazione fino alla piena densit\u00e0.<\/p>\n<h2>Metodo di produzione di polvere di Ti6Al4V<\/h2>\n<p class=\"whitespace-pre-wrap\"><strong>Produzione in polvere Ti6Al4V<\/strong><\/p>\n<table>\n<thead>\n<tr>\n<th>Metodo<\/th>\n<th>Dettagli<\/th>\n<\/tr>\n<\/thead>\n<tbody>\n<tr>\n<td>Atomizzazione a gas<\/td>\n<td>Il gas inerte ad alta pressione suddivide il flusso di lega fusa in goccioline fini<\/td>\n<\/tr>\n<tr>\n<td>Fusione ad arco sottovuoto<\/td>\n<td>Materiali di input ad alta purezza raffinati e fusi nel vuoto<\/td>\n<\/tr>\n<tr>\n<td>Numerose rifusioni<\/td>\n<td>Migliora l'omogeneit\u00e0 chimica<\/td>\n<\/tr>\n<tr>\n<td>Setacciamento<\/td>\n<td>Classifica la polvere in diverse frazioni di dimensioni delle particelle<\/td>\n<\/tr>\n<\/tbody>\n<\/table>\n<ul class=\"list-disc pl-8 space-y-2\">\n<li class=\"whitespace-normal\">L'atomizzazione del gas con gas inerte produce polvere pulita e sferica.<\/li>\n<li class=\"whitespace-normal\">La lavorazione sottovuoto minimizza le impurit\u00e0 gassose<\/li>\n<li class=\"whitespace-normal\">Rifusioni multiple migliorano l'uniformit\u00e0 della composizione<\/li>\n<li class=\"whitespace-normal\">La post-elaborazione consente di controllare la distribuzione di dimensioni delle particelle<\/li>\n<\/ul>\n<p class=\"whitespace-pre-wrap\">I metodi automatizzati combinati con un rigido controllo qualit\u00e0 comportano una polvere Ti6Al4V affidabile e coerente adatta per applicazioni critiche.<\/p>\n<h2>Prezzi in polvere di Ti6Al4V<\/h2>\n<p class=\"whitespace-pre-wrap\"><strong>Prezzi in polvere di Ti6Al4V<\/strong><\/p>\n<table>\n<thead>\n<tr>\n<th>Fattore<\/th>\n<th>Impatto sul prezzo<\/th>\n<\/tr>\n<\/thead>\n<tbody>\n<tr>\n<td>Grado di purezza<\/td>\n<td>Aumento di prezzo per maggiori percentuali di purezza<\/td>\n<\/tr>\n<tr>\n<td>Dimensione particellare<\/td>\n<td>Polvere ultrafine pi\u00f9 costosa<\/td>\n<\/tr>\n<tr>\n<td>Quantit\u00e0 ordine<\/td>\n<td>Riduzione di prezzo per ordini all'ingrosso<\/td>\n<\/tr>\n<tr>\n<td>Metodo di produzione<\/td>\n<td>L'uso di pi\u00f9 refusioni aumenta i costi<\/td>\n<\/tr>\n<tr>\n<td>Packaging<\/td>\n<td>I cilindri pieni di Argon costano di pi\u00fa<\/td>\n<\/tr>\n<tr>\n<td>Lead time<\/td>\n<td>Tempi di consegna pi\u00f9 rapidi aumentano il prezzo<\/td>\n<\/tr>\n<\/tbody>\n<\/table>\n<p class=\"whitespace-pre-wrap\"><strong>Prezzario indicativo<\/strong><\/p>\n<ul class=\"list-disc pl-8 space-y-2\">\n<li class=\"whitespace-normal\">Ti6Al4V per applicazioni mediche: 150-250 $ al kg<\/li>\n<li class=\"whitespace-normal\">Ti6Al4V per applicazioni industriali: 100-150 $\/kg<\/li>\n<\/ul>\n<p class=\"whitespace-pre-wrap\">Prezzi considerevolmente pi\u00f9 bassi applicabili per ordini all'ingrosso di quantit\u00e0 di tonnellate.<\/p>\n<h2>Fornitori di polvere Ti6Al4V<\/h2>\n<p class=\"whitespace-pre-wrap\"><strong>Fornitori di polvere Ti6Al4V<\/strong><\/p>\n<table>\n<thead>\n<tr>\n<th>Azienda<\/th>\n<th>Ubicazione<\/th>\n<\/tr>\n<\/thead>\n<tbody>\n<tr>\n<td>AP&amp;C<\/td>\n<td>USA, Canada<\/td>\n<\/tr>\n<tr>\n<td>Additive Carpenter<\/td>\n<td>USA<\/td>\n<\/tr>\n<tr>\n<td><a href=\"https:\/\/met3dp.com\/\" target=\"_blank\" rel=\"noopener\">Met3DP<\/a><\/td>\n<td>Cina<\/td>\n<\/tr>\n<tr>\n<td>Tecnologia TLS<\/td>\n<td>Germania<\/td>\n<\/tr>\n<tr>\n<td>Sandvik Osprey<\/td>\n<td>GB<\/td>\n<\/tr>\n<tr>\n<td>Tekna<\/td>\n<td>Canada<\/td>\n<\/tr>\n<\/tbody>\n<\/table>\n<p class=\"whitespace-pre-wrap\">Fattori chiave di selezione:<\/p>\n<ul class=\"list-disc pl-8 space-y-2\">\n<li class=\"whitespace-normal\">Gamma di gradi di purezza e dimensioni delle particelle offerte<\/li>\n<li class=\"whitespace-normal\">Qualit\u00e0 e consistenza ottimali della polvere da lotto a lotto<\/li>\n<li class=\"whitespace-normal\">Capacit\u00e0 produttiva e tempi di consegna<\/li>\n<li class=\"whitespace-normal\">Conformit\u00e0 agli standard medici e aerospaziali<\/li>\n<li class=\"whitespace-normal\">Livelli di prezzo basati sul volume degli ordini<\/li>\n<li class=\"whitespace-normal\">Competenza tecnica e assistenza clienti<\/li>\n<\/ul>\n<h2>Gestione e stoccaggio della polvere Ti6Al4V<\/h2>\n<p class=\"whitespace-pre-wrap\"><strong>Gestione della polvere Ti6Al4V<\/strong><\/p>\n<table>\n<thead>\n<tr>\n<th>Raccomandazione<\/th>\n<th>Motivo<\/th>\n<\/tr>\n<\/thead>\n<tbody>\n<tr>\n<td>Evitare l'inalazione<\/td>\n<td>A causa del rischio di danni al tessuto polmonare derivanti dalle particelle fini<\/td>\n<\/tr>\n<tr>\n<td>Usa la mascherina protettiva<\/td>\n<td>Impedire ingestione accidentale<\/td>\n<\/tr>\n<tr>\n<td>Gestisci in aeree ventilate<\/td>\n<td>Riduci la sospensione delle particelle aerodisperse<\/td>\n<\/tr>\n<tr>\n<td>Assicurarsi che non ci siano fonti di accensione<\/td>\n<td>La polvere pu\u00f2 combustionare in presenza di ossigeno<\/td>\n<\/tr>\n<tr>\n<td>Attenersi ai protocolli antistatici<\/td>\n<td>Impedire incendi dovuti a scariche statiche durante la movimentazione<\/td>\n<\/tr>\n<tr>\n<td>Conservare i contenitori sigillati in un luogo fresco e asciutto<\/td>\n<td>Impedire l'assorbimento dell'umidit\u00e0 e la reattivit\u00e0<\/td>\n<\/tr>\n<\/tbody>\n<\/table>\n<p class=\"whitespace-pre-wrap\">Sebbene la polvere Ti6Al4V sia relativamente inerte, \u00e8 necessario adottare precauzioni consigliate durante la manipolazione e lo stoccaggio per preservarne la purezza.<\/p>\n<h2>Ispezione e collaudo di polveri Ti6Al4V<\/h2>\n<p class=\"whitespace-pre-wrap\"><strong>Test sulla polvere di Ti6Al4V<\/strong><\/p>\n<table>\n<thead>\n<tr>\n<th>Test<\/th>\n<th>Dettagli<\/th>\n<\/tr>\n<\/thead>\n<tbody>\n<tr>\n<td>Analisi chimica<\/td>\n<td>Spettroscopia ICP utilizzata per verificare la composizione<\/td>\n<\/tr>\n<tr>\n<td>Distribuzione granulometrica<\/td>\n<td>Diffrazione Laser utilizzata per determinare la distribuzione delle dimensioni<\/td>\n<\/tr>\n<tr>\n<td>Densit\u00e0 apparente<\/td>\n<td>Misurati con flussimetro Hall secondo ASTM B212<\/td>\n<\/tr>\n<tr>\n<td>Morphologia delle polveri<\/td>\n<td>Imaging SEM per controllare la sfericit\u00e0 delle particelle<\/td>\n<\/tr>\n<tr>\n<td>Analisi del flusso di lavoro<\/td>\n<td>Utilizzando l'imbuto del flussometro di Hall<\/td>\n<\/tr>\n<tr>\n<td>Test di densit\u00e0 del tap<\/td>\n<td>Densit\u00e0 misurata dopo aver fatto cadere meccanicamente il campione di polvere<\/td>\n<\/tr>\n<\/tbody>\n<\/table>\n<p class=\"whitespace-pre-wrap\">Il collaudo garantisce che la polvere sia conforme alle specifiche relative alla composizione chimica, alle caratteristiche fisiche, alla morfologia, alla densit\u00e0 e al flusso richieste, in base agli standard applicabili.<\/p>\n<h2>Pros e contro della polvere Ti6Al4V<\/h2>\n<p class=\"whitespace-pre-wrap\"><strong>Vantaggi di polvere Ti6Al4V<\/strong><\/p>\n<ul class=\"list-disc pl-8 space-y-2\">\n<li class=\"whitespace-normal\">Ottimo rapporto resistenza\/peso<\/li>\n<li class=\"whitespace-normal\">Alta resistenza alla fatica e tenacit\u00e0 della frattura<\/li>\n<li class=\"whitespace-normal\">Eccezionale resistenza alla corrosione<\/li>\n<li class=\"whitespace-normal\">Buona duttilit\u00e0 e lavorabilit\u00e0<\/li>\n<li class=\"whitespace-normal\">Elevata biocompatibilit\u00e0 per usi medici<\/li>\n<li class=\"whitespace-normal\">Rispetto ad altre leghe di titanio presenta un buon rapporto costi-benefici<\/li>\n<\/ul>\n<p class=\"whitespace-pre-wrap\"><strong>Limitazioni della polvere Ti6Al4V<\/strong><\/p>\n<ul class=\"list-disc pl-8 space-y-2\">\n<li class=\"whitespace-normal\">Resistenza moderata all'ossidazione ad alta temperatura<\/li>\n<li class=\"whitespace-normal\">Minore resistenza rispetto ad alcune leghe di titanio<\/li>\n<li class=\"whitespace-normal\">L'alta reattivit\u00e0 richiede un'atmosfera inerte di lavorazione<\/li>\n<li class=\"whitespace-normal\">Difficile da lavorare allo stato completamente sinterizzato<\/li>\n<li class=\"whitespace-normal\">Limitazioni nella saldatura della lega<\/li>\n<li class=\"whitespace-normal\">Preoccupazioni di tossicit\u00e0 sull'elemento vanadio<\/li>\n<\/ul>\n<h2>Confronto con le polveri Ti64 e Ti Grado 2<\/h2>\n<p class=\"whitespace-pre-wrap\"><strong>Ti6Al4V contro Ti64 e polvere di grado 2<\/strong><\/p>\n<table>\n<thead>\n<tr>\n<th>Parametro<\/th>\n<th>Ti6Al4V<\/th>\n<th>Ti64<\/th>\n<th>Livello 2<\/th>\n<\/tr>\n<\/thead>\n<tbody>\n<tr>\n<td>Alluminio<\/td>\n<td>6%<\/td>\n<td>6%<\/td>\n<td>&#8211;<\/td>\n<\/tr>\n<tr>\n<td>Vanadio<\/td>\n<td>4%<\/td>\n<td>4%<\/td>\n<td>&#8211;<\/td>\n<\/tr>\n<tr>\n<td>Forza<\/td>\n<td>950-1050 MPa<\/td>\n<td>950-1050 MPa<\/td>\n<td>420-550 MPa si traduce in \"420-550 megapascal\".<\/td>\n<\/tr>\n<tr>\n<td>Ducilit\u00e0<\/td>\n<td>10-18%<\/td>\n<td>10-18%<\/td>\n<td>15-30%<\/td>\n<\/tr>\n<tr>\n<td>Costi<\/td>\n<td>Moderato<\/td>\n<td>Moderato<\/td>\n<td>Scarso<\/td>\n<\/tr>\n<tr>\n<td>Usi<\/td>\n<td>Aerospaziale, medico<\/td>\n<td>Aerospaziale, automotive<\/td>\n<td>Industriale, consumer<\/td>\n<\/tr>\n<\/tbody>\n<\/table>\n<ul class=\"list-disc pl-8 space-y-2\">\n<li class=\"whitespace-normal\">Ti6Al4V e Ti64 hanno propriet\u00e0 praticamente identiche<\/li>\n<li class=\"whitespace-normal\">L'acciaio di grado 2 Ti fornisce maggiore duttilit\u00e0 ma minore resistenza.<\/li>\n<li class=\"whitespace-normal\">Ti6Al4V preferito per parti strutturali critiche che necessitano di elevata resistenza<\/li>\n<\/ul>\n<h2>FAQ su polvere Ti6Al4V<\/h2>\n<p class=\"whitespace-pre-wrap\"><strong>D: Quali sono le principali applicazioni della polvere di Ti6Al4V?<\/strong><\/p>\n<p class=\"whitespace-pre-wrap\">R: Le applicazioni principali comprendono componenti strutturali aerospaziali, impianti biomedici come articolazioni dell'anca e del ginocchio, componenti per autoveicoli come valvole e bielle, attrezzature per la lavorazione chimica e prodotti di consumo come attrezzature sportive e casse per orologi.<\/p>\n<p class=\"whitespace-pre-wrap\"><strong>D: Perch\u00e9 la Ti6Al4V \u00e8 la lega di titanio pi\u00f9 diffusa?<\/strong><\/p>\n<p class=\"whitespace-pre-wrap\">A: Ti6Al4V fornisce la migliore combinazione generale di alta resistenza, bassa densit\u00e0, tenacit\u00e0 alla frattura, resistenza alla corrosione, biocompatibilit\u00e0, saldabilit\u00e0 e costi moderati.<\/p>\n<p class=\"whitespace-pre-wrap\"><strong>D: Quali precauzioni occorrono quando si lavora con polvere di Ti6Al4V?<\/strong><\/p>\n<p class=\"whitespace-pre-wrap\">A: Le precauzioni consigliate includono l'uso di dispositivi di protezione individuale, la movimentazione in un'atmosfera inerte, evitando fonti di accensione, il controllo delle cariche statiche, l'uso di utensili non producenti scintille e il mantenimento dei contenitori sigillati in un luogo fresco e asciutto.<\/p>\n<p class=\"whitespace-pre-wrap\"><strong>D: In che modo il vanadio influisce sulle propriet\u00e0 della lega Ti6Al4V?<\/strong><\/p>\n<p class=\"whitespace-pre-wrap\">A: Il vanadio agisce come stabilizzatore beta che migliora la lavorabilit\u00e0. Contribuisce anche alla tempra di precipitazione che conferisce resistenza e resistenza allo scorrimento ad alta temperatura alla lega.<\/p>\n<p><\/span><\/span><\/p>","protected":false},"excerpt":{"rendered":"<p>Overview of Ti6Al4V Powder Ti6Al4V powder, also referred to as Grade 5 titanium alloy, is one of the most popular titanium alloy powders. It contains 6% aluminum and 4% vanadium as the key alloying elements along with the remainder titanium. Spherical powder ti6al4v offers an exceptional combination of high strength, low weight, corrosion resistance, biocompatibility,&#8230;<\/p>","protected":false},"featured_media":1792,"parent":0,"template":"","meta":{"_acf_changed":false,"_kad_blocks_custom_css":"","_kad_blocks_head_custom_js":"","_kad_blocks_body_custom_js":"","_kad_blocks_footer_custom_js":"","_kad_post_transparent":"","_kad_post_title":"","_kad_post_layout":"","_kad_post_sidebar_id":"","_kad_post_content_style":"","_kad_post_vertical_padding":"","_kad_post_feature":"","_kad_post_feature_position":"","_kad_post_header":false,"_kad_post_footer":false,"_kad_post_classname":""},"product-category":[119,123],"class_list":["post-3925","product","type-product","status-publish","has-post-thumbnail","hentry","product-category-3d-printing-metal-powder","product-category-titanium-based-alloy-powder"],"acf":[],"taxonomy_info":{"product-category":[{"value":119,"label":"3D Printing Metal Powder"},{"value":123,"label":"Titanium Based Alloy Powder"}]},"featured_image_src_large":["https:\/\/3dpmetal.com\/wp-content\/uploads\/2024\/02\/FeCoNiCrMo.jpg",500,432,false],"author_info":[],"comment_info":"","_links":{"self":[{"href":"https:\/\/3dpmetal.com\/it\/wp-json\/wp\/v2\/product\/3925","targetHints":{"allow":["GET"]}}],"collection":[{"href":"https:\/\/3dpmetal.com\/it\/wp-json\/wp\/v2\/product"}],"about":[{"href":"https:\/\/3dpmetal.com\/it\/wp-json\/wp\/v2\/types\/product"}],"wp:featuredmedia":[{"embeddable":true,"href":"https:\/\/3dpmetal.com\/it\/wp-json\/wp\/v2\/media\/1792"}],"wp:attachment":[{"href":"https:\/\/3dpmetal.com\/it\/wp-json\/wp\/v2\/media?parent=3925"}],"wp:term":[{"taxonomy":"product-category","embeddable":true,"href":"https:\/\/3dpmetal.com\/it\/wp-json\/wp\/v2\/product-category?post=3925"}],"curies":[{"name":"wp","href":"https:\/\/api.w.org\/{rel}","templated":true}]}}