{"id":3926,"date":"2024-03-18T06:10:14","date_gmt":"2024-03-18T06:10:14","guid":{"rendered":"https:\/\/3dp.45612300.xyz\/product\/aluminum-alloy-series\/"},"modified":"2024-03-18T06:10:14","modified_gmt":"2024-03-18T06:10:14","slug":"aluminum-alloy-series","status":"publish","type":"product","link":"https:\/\/3dpmetal.com\/it\/product\/aluminum-alloy-series\/","title":{"rendered":"Serie di lega di alluminio"},"content":{"rendered":"<p><span style=\"vertical-align: inherit;\"><span style=\"vertical-align: inherit;\"><\/p>\n<div style=\"overflow-x: auto;\">\n<table>\n<tbody>\n<tr>\n<td data-sheets-value=\"{&quot;1&quot;:2,&quot;2&quot;:&quot;Product&quot;}\">Prodotto<\/td>\n<td data-sheets-value=\"{&quot;1&quot;:2,&quot;2&quot;:&quot;Specification&quot;}\">Specificazione<\/td>\n<td data-sheets-value=\"{&quot;1&quot;:2,&quot;2&quot;:&quot;Apparent Density&quot;}\">Densit\u00e0 apparente<\/td>\n<td data-sheets-value=\"{&quot;1&quot;:2,&quot;2&quot;:&quot;Flow Ability&quot;}\">Flussibilit\u00e0<\/td>\n<td data-sheets-value=\"{&quot;1&quot;:2,&quot;2&quot;:&quot;Oxygen Content&quot;}\">Contenuto di ossigeno<\/td>\n<td data-sheets-value=\"{&quot;1&quot;:2,&quot;2&quot;:&quot;Tensile Strength&quot;}\">Resistenza alla trazione<\/td>\n<td data-sheets-value=\"{&quot;1&quot;:2,&quot;2&quot;:&quot;Yield Strength&quot;}\">Limite di snervamento<\/td>\n<td data-sheets-value=\"{&quot;1&quot;:2,&quot;2&quot;:&quot;Elongation&quot;}\">Allungamento<\/td>\n<\/tr>\n<tr>\n<td data-sheets-value=\"{&quot;1&quot;:2,&quot;2&quot;:&quot;AISi10Mg&quot;}\">AISi10Mg<\/td>\n<td colspan=\"1\" rowspan=\"4\" data-sheets-value=\"{&quot;1&quot;:2,&quot;2&quot;:&quot;15-53\u00c3\u00d7mn45-105\u00c3\u00d7mn75-150\u00c3\u00d7m&quot;}\">\n<div>15-53\u00c3\u2014m<br \/>\n45-105 mm<br \/>\n75-150 mm<\/div>\n<\/td>\n<td data-sheets-value=\"{&quot;1&quot;:2,&quot;2&quot;:&quot;\u00a1\u00d41.35g\/cm3&quot;}\">\u00a1\u00d41,35 g\/cm3<\/td>\n<td data-sheets-value=\"{&quot;1&quot;:2,&quot;2&quot;:&quot;\u00a8P80s\/50g&quot;}\">\u00a8P80s\/50g<\/td>\n<td data-sheets-value=\"{&quot;1&quot;:2,&quot;2&quot;:&quot;\u00a8P300ppm&quot;}\">\u00a8P300 ppm<\/td>\n<td data-sheets-value=\"{&quot;1&quot;:2,&quot;2&quot;:&quot;300\u00a9I20Mpa &quot;}\">300\u00a9I20MPa<\/td>\n<td data-sheets-value=\"{&quot;1&quot;:2,&quot;2&quot;:&quot;200\u00a9I20Mpa &quot;}\">200\u00a9I20Mpa<\/td>\n<td data-sheets-value=\"{&quot;1&quot;:2,&quot;2&quot;:&quot;20\u00a9I2%&quot;}\">20% del 12%<\/td>\n<\/tr>\n<tr>\n<td data-sheets-value=\"{&quot;1&quot;:2,&quot;2&quot;:&quot;AMgScZr&quot;}\">AMgScZr<\/td>\n<td data-sheets-value=\"{&quot;1&quot;:2,&quot;2&quot;:&quot;\u00a1\u00d41.30g\/cm3&quot;}\">1,30 g\/cm3<\/td>\n<td data-sheets-value=\"{&quot;1&quot;:2,&quot;2&quot;:&quot;\u00a8P80s\/50g&quot;}\">\u00a8P80s\/50g<\/td>\n<td data-sheets-value=\"{&quot;1&quot;:2,&quot;2&quot;:&quot;\u00a8P300ppm&quot;}\">\u00a8P300 ppm<\/td>\n<td data-sheets-value=\"{&quot;1&quot;:2,&quot;2&quot;:&quot;545\u00a9I20Mpa &quot;}\">545\u00a9I20Mpa<\/td>\n<td data-sheets-value=\"{&quot;1&quot;:2,&quot;2&quot;:&quot;500\u00a9I20Mpa &quot;}\">500\u00a9I20Mpa<\/td>\n<td data-sheets-value=\"{&quot;1&quot;:2,&quot;2&quot;:&quot;10\u00a9I2%&quot;}\">10\u00a9I2%<\/td>\n<\/tr>\n<tr>\n<td data-sheets-value=\"{&quot;1&quot;:2,&quot;2&quot;:&quot;AK400 (can be anodized)&quot;}\">AK400 (pu\u00f2 essere anodizzato)<\/td>\n<td data-sheets-value=\"{&quot;1&quot;:2,&quot;2&quot;:&quot;\u00a1\u00d41.30g\/cm3&quot;}\">1,30 g\/cm3<\/td>\n<td data-sheets-value=\"{&quot;1&quot;:2,&quot;2&quot;:&quot;\u00a8P80s\/50g&quot;}\">\u00a8P80s\/50g<\/td>\n<td data-sheets-value=\"{&quot;1&quot;:2,&quot;2&quot;:&quot;\u00a8P300ppm&quot;}\">\u00a8P300 ppm<\/td>\n<td data-sheets-value=\"{&quot;1&quot;:2,&quot;2&quot;:&quot;430\u00a9I20Mpa &quot;}\">430\u00a9I20Mpa<\/td>\n<td data-sheets-value=\"{&quot;1&quot;:2,&quot;2&quot;:&quot;300\u00a9I20Mpa &quot;}\">300\u00a9I20MPa<\/td>\n<td data-sheets-value=\"{&quot;1&quot;:2,&quot;2&quot;:&quot;10\u00a9I2%&quot;}\">10\u00a9I2%<\/td>\n<\/tr>\n<tr>\n<td data-sheets-value=\"{&quot;1&quot;:2,&quot;2&quot;:&quot;Pure aluminum powder (purity 99.8%)&quot;}\">Polvere di alluminio puro (purezza 99,8%)<\/td>\n<td data-sheets-value=\"{&quot;1&quot;:2,&quot;2&quot;:&quot;\u00a1\u00d41.20g\/cm3&quot;}\">\u00a1 1,20 g\/cm3 2.<\/td>\n<td data-sheets-value=\"{&quot;1&quot;:2,&quot;2&quot;:&quot;\u00a8P100s\/50g&quot;}\">\u00a8P100s\/50 g<\/td>\n<td data-sheets-value=\"{&quot;1&quot;:2,&quot;2&quot;:&quot;\u00a8P1000ppm&quot;}\">\u00a8P1000ppm<\/td>\n<td data-sheets-value=\"{&quot;1&quot;:2,&quot;2&quot;:&quot;\\&quot;}\"><\/td>\n<td data-sheets-value=\"{&quot;1&quot;:2,&quot;2&quot;:&quot;\\&quot;}\"><\/td>\n<td data-sheets-value=\"{&quot;1&quot;:2,&quot;2&quot;:&quot;\\&quot;}\"><\/td>\n<\/tr>\n<\/tbody>\n<\/table>\n<\/div>\n<p><img loading=\"lazy\" decoding=\"async\" class=\"size-medium wp-image-1409 aligncenter\" src=\"https:\/\/met3dp.com\/wp-content\/uploads\/2023\/09\/ed7a94ec-3c10-4b1b-87ed--300x300.jpg\" alt=\"Serie di lega di alluminio\" width=\"300\" height=\"300\" title=\"\"><\/p>\n<p><strong>Processo<\/strong>: Metodo di atomizzazione aria vuoto<\/p>\n<p><strong>Vantaggi<\/strong>: basso rapporto polvere di satelliti\/polvere cava, buona fluidit\u00e0, alta sfericit\u00e0 e alta densit\u00e0 di massa. Le parti stampate finite hanno alta resistenza alla corrosione, bassa densit\u00e0 e resistenza meccanica<br \/>\nElevato grado di trattamento termico, che richiede un trattamento termico inferiore rispetto ai getti<\/p>\n<p><strong>Applicazione<\/strong>: stampa 3D leggera, parentesi e altre parti strutturali, componenti di dissipazione del calore, ecc. nei settori aerospaziale, di fabbricazione automobilistica e altri<\/p>\n<p><strong>Packaging<\/strong>: sacchetti di stagnola d'alluminio\/bottiglie di plastica\/fusti di ferro e altri imballaggi ordinari o imballaggi sottovuoto, ecc.<\/p>\n<div id=\"gtx-trans\" style=\"position: absolute; left: -59px; top: 433px;\">\n<div class=\"gtx-trans-icon\"><\/div>\n<\/div>\n<p><\/span><\/span><\/p>","protected":false},"excerpt":{"rendered":"<p>Specifiche del prodotto Densit\u00e0 apparente Capacit\u00e0 di flusso Contenuto di ossigeno Resistenza alla trazione Resistenza allo snervamento Allungamento AISi10Mg 15-53\u00d7m 45-105\u00d7m 75-150\u00d7m \u00a1\u00d41,35g\/cm3 \u00a8P80s\/50g \u00a8P300ppm 300\u00a9I20Mpa 200\u00a9I20Mpa 20\u00a9I2% AMgScZr \u00a1\u00d41.30g\/cm3 \u00a8P80s\/50g \u00a8P300ppm 545\u00a9I20Mpa 500\u00a9I20Mpa 10\u00a9I2% AK400 (anodizzabile) \u00a1\u00d41,30g\/cm3 \u00a8P80s\/50g \u00a8P300ppm 430\u00a9I20Mpa 300\u00a9I20Mpa 10\u00a9I2% Polvere di alluminio puro (purezza 99,8%) \u00a1\u00d41,20g\/cm3 \u00a8P100s\/50g \u00a8P1000ppm Processo: Metodo di atomizzazione dell'aria sotto vuoto Vantaggi:...<\/p>","protected":false},"featured_media":1850,"parent":0,"template":"","meta":{"_acf_changed":false,"_kad_blocks_custom_css":"","_kad_blocks_head_custom_js":"","_kad_blocks_body_custom_js":"","_kad_blocks_footer_custom_js":"","_kad_post_transparent":"","_kad_post_title":"","_kad_post_layout":"","_kad_post_sidebar_id":"","_kad_post_content_style":"","_kad_post_vertical_padding":"","_kad_post_feature":"","_kad_post_feature_position":"","_kad_post_header":false,"_kad_post_footer":false,"_kad_post_classname":""},"product-category":[119,124],"class_list":["post-3926","product","type-product","status-publish","has-post-thumbnail","hentry","product-category-3d-printing-metal-powder","product-category-aluminum-based-alloy-powder"],"acf":[],"taxonomy_info":{"product-category":[{"value":119,"label":"3D Printing Metal Powder"},{"value":124,"label":"Aluminum Based Alloy Powder"}]},"featured_image_src_large":["https:\/\/3dpmetal.com\/wp-content\/uploads\/2024\/02\/Aluminum-alloy-series.jpg",600,600,false],"author_info":[],"comment_info":"","_links":{"self":[{"href":"https:\/\/3dpmetal.com\/it\/wp-json\/wp\/v2\/product\/3926","targetHints":{"allow":["GET"]}}],"collection":[{"href":"https:\/\/3dpmetal.com\/it\/wp-json\/wp\/v2\/product"}],"about":[{"href":"https:\/\/3dpmetal.com\/it\/wp-json\/wp\/v2\/types\/product"}],"wp:featuredmedia":[{"embeddable":true,"href":"https:\/\/3dpmetal.com\/it\/wp-json\/wp\/v2\/media\/1850"}],"wp:attachment":[{"href":"https:\/\/3dpmetal.com\/it\/wp-json\/wp\/v2\/media?parent=3926"}],"wp:term":[{"taxonomy":"product-category","embeddable":true,"href":"https:\/\/3dpmetal.com\/it\/wp-json\/wp\/v2\/product-category?post=3926"}],"curies":[{"name":"wp","href":"https:\/\/api.w.org\/{rel}","templated":true}]}}