{"id":3927,"date":"2024-03-18T06:10:14","date_gmt":"2024-03-18T06:10:14","guid":{"rendered":"https:\/\/3dp.45612300.xyz\/product\/almgsczr-powder\/"},"modified":"2024-03-18T06:10:14","modified_gmt":"2024-03-18T06:10:14","slug":"almgsczr-powder","status":"publish","type":"product","link":"https:\/\/3dpmetal.com\/it\/product\/almgsczr-powder\/","title":{"rendered":"Polvere di AlMgScZr"},"content":{"rendered":"<p><span style=\"vertical-align: inherit;\"><span style=\"vertical-align: inherit;\"><\/p>\n<h2>Informazioni generali su AlMgScZr Powder<\/h2>\n<p class=\"whitespace-pre-wrap\">L\u2019alluminio AlMgScZr \u00e8 una lega di alluminio che contiene magnesio, scandio e zirconio come suoi principali elementi di lega. Presenta ottime caratteristiche di resistenza, saldabilit\u00e0 e resistenza alla corrosione, pur mantenendo il vantaggio di una bassa densit\u00e0 dell'alluminio.<\/p>\n<p class=\"whitespace-pre-wrap\">Le propriet\u00e0 chiave e i vantaggi della polvere AlMgScZr sono:<\/p>\n<p class=\"whitespace-pre-wrap\"><strong>Propriet\u00e0 e caratteristiche delle polveri AlMgScZr<\/strong><\/p>\n<table>\n<thead>\n<tr>\n<th>Propriet\u00e0<\/th>\n<th>Dettagli<\/th>\n<\/tr>\n<\/thead>\n<tbody>\n<tr>\n<td>Composizione<\/td>\n<td>Lega Al-Mg-Sc-Zr<\/td>\n<\/tr>\n<tr>\n<td>Densit\u00e0<\/td>\n<td>2,7 g\/cc<\/td>\n<\/tr>\n<tr>\n<td>Forma delle particelle<\/td>\n<td>Sferica<\/td>\n<\/tr>\n<tr>\n<td>Intervallo delle dimensioni<\/td>\n<td>10-75 micron<\/td>\n<\/tr>\n<tr>\n<td>Densit\u00e0 apparente<\/td>\n<td>Fino al 60% di vera densit\u00e0<\/td>\n<\/tr>\n<tr>\n<td>Flussibilita<\/td>\n<td>Eccellente<\/td>\n<\/tr>\n<tr>\n<td>Forza<\/td>\n<td>Molto alta per polvere di lega Al<\/td>\n<\/tr>\n<tr>\n<td>Saldabilit\u00e0<\/td>\n<td>Eccellente<\/td>\n<\/tr>\n<\/tbody>\n<\/table>\n<p class=\"whitespace-pre-wrap\">La polvere di AlMgScZr consente di fabbricare componenti strutturali e funzionali leggeri nei settori aerospaziale, automobilistico e industriale che necessitano di un'elevata resistenza specifica.<\/p>\n<h2>Composizione in polvere AlMgScZr<\/h2>\n<p class=\"whitespace-pre-wrap\">Composizione tipica della polvere di AlMgScZr:<\/p>\n<p class=\"whitespace-pre-wrap\"><strong>Composizione in polvere AlMgScZr<\/strong><\/p>\n<table>\n<thead>\n<tr>\n<th>Elemento<\/th>\n<th>% Peso<\/th>\n<\/tr>\n<\/thead>\n<tbody>\n<tr>\n<td>Alluminio<\/td>\n<td>Equilibrio<\/td>\n<\/tr>\n<tr>\n<td>Magnesio<\/td>\n<td>0.2-1%<\/td>\n<\/tr>\n<tr>\n<td>Scandio<\/td>\n<td>0.2-0.7%<\/td>\n<\/tr>\n<tr>\n<td>Zirconio<\/td>\n<td>0.05-0.25%<\/td>\n<\/tr>\n<tr>\n<td>Silicio<\/td>\n<td>0,1% max<\/td>\n<\/tr>\n<tr>\n<td>Ferro<\/td>\n<td>0,1% max<\/td>\n<\/tr>\n<tr>\n<td>Rame<\/td>\n<td>0,1% max<\/td>\n<\/tr>\n<\/tbody>\n<\/table>\n<ul class=\"list-disc pl-8 space-y-2\">\n<li class=\"whitespace-normal\">L'alluminio forma la matrice, fornendo una bassa densit\u00e0<\/li>\n<li class=\"whitespace-normal\">Il magnesio potenzia la resistenza con rafforzamento per soluzione solida<\/li>\n<li class=\"whitespace-normal\">Lo scandio abilita l'indurimento per precipitazione per la massima resistenza<\/li>\n<li class=\"whitespace-normal\">Lo zirconio promuove una fine struttura granulare ricristallina<\/li>\n<li class=\"whitespace-normal\">Altri elementi presenti solo come impurit\u00e0<\/li>\n<\/ul>\n<p class=\"whitespace-pre-wrap\">La composizione \u00e8 ottimizzata per massimizzare la precipitazione indurita e garantire una resistenza eccezionale.<\/p>\n<p><img loading=\"lazy\" decoding=\"async\" class=\"size-medium wp-image-1409 aligncenter\" src=\"https:\/\/met3dp.com\/wp-content\/uploads\/2023\/09\/ed7a94ec-3c10-4b1b-87ed--300x300.jpg\" alt=\"Polvere di AlMgScZr\" width=\"300\" height=\"300\" title=\"\"><\/p>\n<h2>Propriet\u00e0 fisiche della polvere di AlMgScZr<\/h2>\n<p class=\"whitespace-pre-wrap\"><strong>Propriet\u00e0 fisiche della polvere di AlMgScZr<\/strong><\/p>\n<table>\n<thead>\n<tr>\n<th>Propriet\u00e0<\/th>\n<th>Valori<\/th>\n<\/tr>\n<\/thead>\n<tbody>\n<tr>\n<td>Densit\u00e0<\/td>\n<td>2,7 g\/cc<\/td>\n<\/tr>\n<tr>\n<td>Punto di fusione<\/td>\n<td>640-655\u00a1\u00abC<\/td>\n<\/tr>\n<tr>\n<td>Resistivit\u00e0 elettrica<\/td>\n<td>4,5-5,5 \u00c3\u2014\u00b4.\u00ce-cm<\/td>\n<\/tr>\n<tr>\n<td>Conduttivit\u00e0 termica<\/td>\n<td>150-180 W\/mK<\/td>\n<\/tr>\n<tr>\n<td>Espansione termica<\/td>\n<td>21-24 x 10^-6 \/K<\/td>\n<\/tr>\n<tr>\n<td>Temperatura massima di servizio<\/td>\n<td>250\u00b0 C<\/td>\n<\/tr>\n<\/tbody>\n<\/table>\n<ul class=\"list-disc pl-8 space-y-2\">\n<li class=\"whitespace-normal\">Densit\u00e0 molto bassa rispetto agli acciai e alle leghe di titanio<\/li>\n<li class=\"whitespace-normal\">Punto di fusione moderatamente alto per una lega di alluminio<\/li>\n<li class=\"whitespace-normal\">Elevata conduttivit\u00e0 elettrica e termica<\/li>\n<li class=\"whitespace-normal\">Un CTE relativamente alto rende necessarie delle considerazioni di design<\/li>\n<li class=\"whitespace-normal\">Pu\u00f2 essere utilizzato per periodi prolungati fino a 250 \u00a1\u00abC<\/li>\n<\/ul>\n<p class=\"whitespace-pre-wrap\">Grazie alle sue propriet\u00e0, AlMgScZr \u00e8 ideale per applicazioni strutturali leggeri nei settori automobilistico, aerospaziale e altri.<\/p>\n<h2>Propriet\u00e0 meccaniche della polvere di AlMgScZr<\/h2>\n<p class=\"whitespace-pre-wrap\"><strong>Propriet\u00e0 meccaniche della polvere di AlMgScZr<\/strong><\/p>\n<table>\n<thead>\n<tr>\n<th>Propriet\u00e0<\/th>\n<th>Valori<\/th>\n<\/tr>\n<\/thead>\n<tbody>\n<tr>\n<td>Limite di snervamento<\/td>\n<td>400-500 MPa<\/td>\n<\/tr>\n<tr>\n<td>Resistenza alla trazione<\/td>\n<td>480-570 MPa<\/td>\n<\/tr>\n<tr>\n<td>Allungamento<\/td>\n<td>7-10%<\/td>\n<\/tr>\n<tr>\n<td>Durezza<\/td>\n<td>115-150 HB<\/td>\n<\/tr>\n<tr>\n<td>Resistenza a taglio<\/td>\n<td>330 MPa<\/td>\n<\/tr>\n<tr>\n<td>Tenacit\u00e0 alla frattura<\/td>\n<td>29-35 MPa\u00a9|m<\/td>\n<\/tr>\n<\/tbody>\n<\/table>\n<ul class=\"list-disc pl-8 space-y-2\">\n<li class=\"whitespace-normal\">Altissima resistenza per una lega di alluminio<\/li>\n<li class=\"whitespace-normal\">Significativamente pi\u00f9 forte di altre leghe di Al non sottoponibili a trattamento termico<\/li>\n<li class=\"whitespace-normal\">Duttilit\u00e0 ragionevole in condizioni di invecchiamento di picco<\/li>\n<li class=\"whitespace-normal\">Resistenza alla frattura piuttosto elevata<\/li>\n<li class=\"whitespace-normal\">La forza pu\u00f2 essere modellata tramite il trattamento dell'invecchiamento<\/li>\n<\/ul>\n<p class=\"whitespace-pre-wrap\">Le propriet\u00e0 rendono AlMgScZr una scelta eccezionale per le parti strutturali che richiedono un elevato rapporto resistenza-peso.<\/p>\n<h2>Applicazioni in polvere di AlMgScZr<\/h2>\n<p class=\"whitespace-pre-wrap\"><strong>Applicazioni in polvere di AlMgScZr<\/strong><\/p>\n<table>\n<thead>\n<tr>\n<th>Settore<\/th>\n<th>Usi<\/th>\n<\/tr>\n<\/thead>\n<tbody>\n<tr>\n<td>Aerospaziale<\/td>\n<td>Fusoliere, ali, rivestimenti di fusoliera<\/td>\n<\/tr>\n<tr>\n<td>Automotive<\/td>\n<td>Telaio, parti di sospensione<\/td>\n<\/tr>\n<tr>\n<td>Industriale<\/td>\n<td>Bracci robotici, attrezzature di sollevamento<\/td>\n<\/tr>\n<tr>\n<td>manifattura additiva<\/td>\n<td>Component ad alte prestazioni<\/td>\n<\/tr>\n<\/tbody>\n<\/table>\n<p class=\"whitespace-pre-wrap\">Alcuni usi specifici del prodotto:<\/p>\n<ul class=\"list-disc pl-8 space-y-2\">\n<li class=\"whitespace-normal\">Strutture aeronautiche, paratie, longheroni alari<\/li>\n<li class=\"whitespace-normal\">Carter di trasmissione per automobili, blocchi motore<\/li>\n<li class=\"whitespace-normal\">Bracci robotici industriali, impianti di sollevamento<\/li>\n<li class=\"whitespace-normal\">Produzione additiva di componenti ottimizzati dal punto di vista topologico<\/li>\n<li class=\"whitespace-normal\">Involucri elettronici che richiedono la gestione termica<\/li>\n<\/ul>\n<p class=\"whitespace-pre-wrap\">AlMgScZr fornisce la massima resistenza con la minima penalit\u00e0 di peso nelle applicazioni critiche.<\/p>\n<h2>Specifiche della polvere AlMgScZr<\/h2>\n<p class=\"whitespace-pre-wrap\">Le principali specifiche per la polvere di AlMgScZr includono:<\/p>\n<p class=\"whitespace-pre-wrap\"><strong>Standard in polvere AlMgScZr<\/strong><\/p>\n<table>\n<thead>\n<tr>\n<th>Standard<\/th>\n<th>Descrizione<\/th>\n<\/tr>\n<\/thead>\n<tbody>\n<tr>\n<td>ASTM B951<\/td>\n<td>Standard per leghe di alluminio invecchiato con precipitazione<\/td>\n<\/tr>\n<tr>\n<td>DIN 1718<\/td>\n<td>Designationi di alluminio e leghe di alluminio<\/td>\n<\/tr>\n<tr>\n<td>EN 586-2<\/td>\n<td>Forgiature per applicazioni strutturali ad alta resistenza<\/td>\n<\/tr>\n<tr>\n<td>AMS 4413<\/td>\n<td>Composizioni di polvere in lega di alluminio per la fabbricazione additiva<\/td>\n<\/tr>\n<\/tbody>\n<\/table>\n<p class=\"whitespace-pre-wrap\">Questi definiscono:<\/p>\n<ul class=\"list-disc pl-8 space-y-2\">\n<li class=\"whitespace-normal\">Limiti di composizione chimica della AlMgScZr<\/li>\n<li class=\"whitespace-normal\">Propriet\u00e0 meccaniche richieste in condizione di invecchiamento di picco<\/li>\n<li class=\"whitespace-normal\">Metodo di produzione di polvere approvato - atomizzazione con gas inerte<\/li>\n<li class=\"whitespace-normal\">Limiti di impurit\u00e0 per elementi quali Fe<\/li>\n<li class=\"whitespace-normal\">Protocolli di controllo qualit\u00e0<\/li>\n<li class=\"whitespace-normal\">Gestione e stoccaggio corretti<\/li>\n<\/ul>\n<p class=\"whitespace-pre-wrap\">Il rispetto dei requisiti di certificazione garantisce le prestazioni ottimali della lega.<\/p>\n<h2>Dimensioni particellari di polvere di AlMgScZr<\/h2>\n<p class=\"whitespace-pre-wrap\"><strong>Distribuzione delle dimensioni delle particelle della polvere AlMgScZr<\/strong><\/p>\n<table>\n<thead>\n<tr>\n<th>Dimensione particellare<\/th>\n<th>Caratteristiche<\/th>\n<\/tr>\n<\/thead>\n<tbody>\n<tr>\n<td>10-25 micron<\/td>\n<td>Polveri ultrafini utilizzati in processi di AM laser<\/td>\n<\/tr>\n<tr>\n<td>25-45 micron<\/td>\n<td>Intervallo comune di dimensioni per stampa laser e inkjet a getto di legante<\/td>\n<\/tr>\n<tr>\n<td>45-75 micron<\/td>\n<td>Dimensioni pi\u00f9 grandi utilizzate nella spruzzatura a freddo<\/td>\n<\/tr>\n<\/tbody>\n<\/table>\n<ul class=\"list-disc pl-8 space-y-2\">\n<li class=\"whitespace-normal\">Una polvere pi\u00f9 fine fornisce una risoluzione e una finitura superficiale superiori<\/li>\n<li class=\"whitespace-normal\">Polvere meno fine adatta a processi con elevate velocit\u00e0 di deposito<\/li>\n<li class=\"whitespace-normal\">Intervallo dimensionale personalizzato in base al metodo di produzione AM utilizzato<\/li>\n<li class=\"whitespace-normal\">Morfologia sferica mantenuta in tutte le dimensioni<\/li>\n<\/ul>\n<p class=\"whitespace-pre-wrap\">Il controllo della distribuzione e della forma di dimensioni delle particelle \u00e8 fondamentale per la lavorazione AM, la densit\u00e0 di imballaggio e le propriet\u00e0 del componente finale.<\/p>\n<h2>Densit\u00e0 apparente della polvere AlMgScZr<\/h2>\n<p class=\"whitespace-pre-wrap\"><strong>Densit\u00e0 apparente della polvere AlMgScZr<\/strong><\/p>\n<table>\n<thead>\n<tr>\n<th>Densit\u00e0 apparente<\/th>\n<th>Dettagli<\/th>\n<\/tr>\n<\/thead>\n<tbody>\n<tr>\n<td>Fino al 60% di vera densit\u00e0<\/td>\n<td>Per una forma di polvere sferica<\/td>\n<\/tr>\n<tr>\n<td>1,5-1,7 g\/cc<\/td>\n<td>Si migliora con maggiore densit\u00e0 di confezionamento<\/td>\n<\/tr>\n<\/tbody>\n<\/table>\n<ul class=\"list-disc pl-8 space-y-2\">\n<li class=\"whitespace-normal\">La forma sferoidale conferisce elevata densit\u00e0 apparente<\/li>\n<li class=\"whitespace-normal\">La densit\u00e0 maggiore migliora il flusso della polvere e l\u2019impacchettamento del letto in AM<\/li>\n<li class=\"whitespace-normal\">Riduce la porosit\u00e0 interstiziale del gas nel pezzo finale<\/li>\n<li class=\"whitespace-normal\">Massimizzare la densit\u00e0 minimizza il tempo di ciclo della pressa<\/li>\n<\/ul>\n<p class=\"whitespace-pre-wrap\">Una maggiore densit\u00e0 apparente comporta una migliore produttivit\u00e0 produttiva e prestazioni delle parti.<\/p>\n<h2>Metodo di produzione della polvere AlMgScZr<\/h2>\n<p class=\"whitespace-pre-wrap\"><strong>Produzione polvere AlMgScZr<\/strong><\/p>\n<table>\n<thead>\n<tr>\n<th>Metodo<\/th>\n<th>Dettagli<\/th>\n<\/tr>\n<\/thead>\n<tbody>\n<tr>\n<td>Atomizzazione a gas<\/td>\n<td>Un gas inerte ad alta pressione scompone il flusso di metallo fuso in goccioline sottili<\/td>\n<\/tr>\n<tr>\n<td>Fusione a induzione in vuoto<\/td>\n<td>Materie prime di elevata purezza fuse nel vuoto<\/td>\n<\/tr>\n<tr>\n<td>Rifusione multipla<\/td>\n<td>Migliora l'omogeneit\u00e0 chimica<\/td>\n<\/tr>\n<tr>\n<td>Setacciamento<\/td>\n<td>Classifica la polvere in diverse frazioni di dimensioni delle particelle<\/td>\n<\/tr>\n<\/tbody>\n<\/table>\n<ul class=\"list-disc pl-8 space-y-2\">\n<li class=\"whitespace-normal\">L'atomizzazione del gas con gas inerte produce polvere pulita e sferica.<\/li>\n<li class=\"whitespace-normal\">La lavorazione sottovuoto minimizza le impurit\u00e0 gassose<\/li>\n<li class=\"whitespace-normal\">Rifusioni multiple migliorano l'uniformit\u00e0 della composizione<\/li>\n<li class=\"whitespace-normal\">La post elaborazione garantisce il controllo della distribuzione della dimensione delle particelle<\/li>\n<\/ul>\n<p class=\"whitespace-pre-wrap\">Metodi completamente automatizzati combinati con un rigido controllo qualit\u00e0 si traducono in una polvere AlMgScZr adeguata per applicazioni critiche.<\/p>\n<h2>Prezzi delle polveri AlMgScZr<\/h2>\n<p class=\"whitespace-pre-wrap\"><strong>Prezzi delle polveri AlMgScZr<\/strong><\/p>\n<table>\n<thead>\n<tr>\n<th>Fattore<\/th>\n<th>Impatto sul prezzo<\/th>\n<\/tr>\n<\/thead>\n<tbody>\n<tr>\n<td>Grado di purezza<\/td>\n<td>Aumento di prezzo per maggiori percentuali di purezza<\/td>\n<\/tr>\n<tr>\n<td>Dimensione particellare<\/td>\n<td>Polvere ultrafine pi\u00f9 costosa<\/td>\n<\/tr>\n<tr>\n<td>Quantit\u00e0 ordine<\/td>\n<td>Riduzione di prezzo per ordini all'ingrosso<\/td>\n<\/tr>\n<tr>\n<td>Metodo di produzione<\/td>\n<td>L'uso di pi\u00f9 refusioni aumenta i costi<\/td>\n<\/tr>\n<tr>\n<td>Packaging<\/td>\n<td>I cilindri pieni di Argon costano di pi\u00fa<\/td>\n<\/tr>\n<\/tbody>\n<\/table>\n<p class=\"whitespace-pre-wrap\"><strong>Prezzario indicativo<\/strong><\/p>\n<ul class=\"list-disc pl-8 space-y-2\">\n<li class=\"whitespace-normal\">Polvere di AlMgScZr: $ 80-120 per kg<\/li>\n<li class=\"whitespace-normal\">L'applicazione del pricing ai grandi volumi pu\u00f2 portare a un ribasso fino al 40%<\/li>\n<\/ul>\n<p class=\"whitespace-pre-wrap\">Il prezzo dipende dalla purezza, dalla granulometria, dal volume d\u2019ordine, dal metodo di produzione e dal confezionamento.<\/p>\n<h2>Fornitori di polvere di AlMgScZr<\/h2>\n<p class=\"whitespace-pre-wrap\"><strong>Fornitori di polvere di AlMgScZr<\/strong><\/p>\n<table>\n<thead>\n<tr>\n<th>Azienda<\/th>\n<th>Ubicazione<\/th>\n<\/tr>\n<\/thead>\n<tbody>\n<tr>\n<td>Rio Tinto<\/td>\n<td>Canada<\/td>\n<\/tr>\n<tr>\n<td>Tecnologia TLS<\/td>\n<td>Germania<\/td>\n<\/tr>\n<tr>\n<td>Sandvik Osprey<\/td>\n<td>GB<\/td>\n<\/tr>\n<tr>\n<td>Praxair<\/td>\n<td>USA<\/td>\n<\/tr>\n<tr>\n<td>Polveri AMC<\/td>\n<td>GB<\/td>\n<\/tr>\n<tr>\n<td>Universit\u00e0 Tecnica di Riga<\/td>\n<td>Lettonia<\/td>\n<\/tr>\n<\/tbody>\n<\/table>\n<p class=\"whitespace-pre-wrap\">Fattori di selezione dei fornitori:<\/p>\n<ul class=\"list-disc pl-8 space-y-2\">\n<li class=\"whitespace-normal\">Gradi di polvere e dimensioni delle particelle offerti<\/li>\n<li class=\"whitespace-normal\">Capacit\u00e0 produttiva e tempi di consegna<\/li>\n<li class=\"whitespace-normal\">Controllo qualit\u00e0 e coerenza<\/li>\n<li class=\"whitespace-normal\">Conformit\u00e0 alle specifiche come ASTM B951<\/li>\n<li class=\"whitespace-normal\">Livelli di prezzo basati sul volume degli ordini<\/li>\n<li class=\"whitespace-normal\">Competenza tecnica e assistenza clienti<\/li>\n<\/ul>\n<h2>Gestione e stoccaggio di polvere AlMgScZr<\/h2>\n<p class=\"whitespace-pre-wrap\"><strong>Gestione di polvere AlMgScZr<\/strong><\/p>\n<table>\n<thead>\n<tr>\n<th>Raccomandazione<\/th>\n<th>Motivo<\/th>\n<\/tr>\n<\/thead>\n<tbody>\n<tr>\n<td>Garantire una ventilazione adeguata<\/td>\n<td>Evitate l'esposizione alle fini particelle metalliche<\/td>\n<\/tr>\n<tr>\n<td>Indossare i DPI appropriati<\/td>\n<td>Evitare inalazione o ingestione accidentali<\/td>\n<\/tr>\n<tr>\n<td>Evitare fonti di accensione<\/td>\n<td>La polvere pu\u00f2 combustionare in presenza di ossigeno<\/td>\n<\/tr>\n<tr>\n<td>Segui protocolli sicuri<\/td>\n<td>Ridurre i pericoli per la salute e gli incendi<\/td>\n<\/tr>\n<tr>\n<td>Conserva i contenitori sigillati<\/td>\n<td>Impedire contaminazione o ossidazione<\/td>\n<\/tr>\n<\/tbody>\n<\/table>\n<p class=\"whitespace-pre-wrap\">La polvere di AlMgScZr \u00e8 relativamente stabile ma sono comunque consigliate precauzioni generali per una manipolazione sicura e per il mantenimento della purezza.<\/p>\n<h2>Ispezione e test di polvere AlMgScZr<\/h2>\n<p class=\"whitespace-pre-wrap\"><strong>Test di polvere AlMgScZr<\/strong><\/p>\n<table>\n<thead>\n<tr>\n<th>Test<\/th>\n<th>Dettagli<\/th>\n<\/tr>\n<\/thead>\n<tbody>\n<tr>\n<td>Analisi chimica<\/td>\n<td>Verifica la composizione tramite spettroscopia OES o XRF<\/td>\n<\/tr>\n<tr>\n<td>Distribuzione granulometrica<\/td>\n<td>Analisi della diffrazione laser<\/td>\n<\/tr>\n<tr>\n<td>Densit\u00e0 apparente<\/td>\n<td>Test del misuratore di portata Hall secondo lo standard ASTM B212<\/td>\n<\/tr>\n<tr>\n<td>Morphologia delle polveri<\/td>\n<td>Imaging SEM della forma delle particelle<\/td>\n<\/tr>\n<tr>\n<td>Analisi del flusso di lavoro<\/td>\n<td>Portata di flusso per gravit\u00e0 attraverso uno specifico ugello<\/td>\n<\/tr>\n<tr>\n<td>Misurazione dell'umidit\u00e0<\/td>\n<td>Test di perdita per essiccazione<\/td>\n<\/tr>\n<\/tbody>\n<\/table>\n<p class=\"whitespace-pre-wrap\">Il Test assicura che la polvere soddisfi le specifiche richieste per la purezza chimica, le caratteristiche delle particelle, la densit\u00e0 apparente, la morfologia e il deflusso, come da standard applicabili.<\/p>\n<h2>Pro e contro della polvere AlMgScZr<\/h2>\n<p class=\"whitespace-pre-wrap\"><strong>Vantaggi della polvere AlMgScZr<\/strong><\/p>\n<ul class=\"list-disc pl-8 space-y-2\">\n<li class=\"whitespace-normal\">Altissima resistenza per una lega di alluminio<\/li>\n<li class=\"whitespace-normal\">Manterr\u00e0 la resistenza fino a 250\u00a1\u00abC<\/li>\n<li class=\"whitespace-normal\">Eccellente resistenza alla corrosione<\/li>\n<li class=\"whitespace-normal\">Alta tenacit\u00e0 alla frattura e resistenza a fatica<\/li>\n<li class=\"whitespace-normal\">Ottima saldabilit\u00e0 utilizzando tecniche convenzionali<\/li>\n<li class=\"whitespace-normal\">Bassa densit\u00e0 per ridurre il peso<\/li>\n<\/ul>\n<p class=\"whitespace-pre-wrap\"><strong>Limitazioni della polvere di AlMgScZr<\/strong><\/p>\n<ul class=\"list-disc pl-8 space-y-2\">\n<li class=\"whitespace-normal\">Relativamente costoso rispetto ad altre qualit\u00e0 di alluminio<\/li>\n<li class=\"whitespace-normal\">Richiede un trattamento termico controllato per caratteristiche ottimali<\/li>\n<li class=\"whitespace-normal\">Resistenza strisciante limitata ad alte temperature<\/li>\n<li class=\"whitespace-normal\">Formabilit\u00e0 a caldo limitata in condizione di invecchiamento di picco<\/li>\n<li class=\"whitespace-normal\">Suscettibile a corrosione galvanica se non protetto adeguatamente<\/li>\n<\/ul>\n<h2>Confronto con polvere con lega di alluminio 6061<\/h2>\n<p class=\"whitespace-pre-wrap\"><strong>Polvere di lega di AlMgScZr vs 6061 Al<\/strong><\/p>\n<table>\n<thead>\n<tr>\n<th>Parametro<\/th>\n<th>AlMgScZr<\/th>\n<th>6061 Al<\/th>\n<\/tr>\n<\/thead>\n<tbody>\n<tr>\n<td>Densit\u00e0<\/td>\n<td>2,7 g\/cc<\/td>\n<td>2,7 g\/cc<\/td>\n<\/tr>\n<tr>\n<td>Resistenza alla trazione<\/td>\n<td>480-570 MPa<\/td>\n<td>250-310 MPa<\/td>\n<\/tr>\n<tr>\n<td>Limite di snervamento<\/td>\n<td>400-500 MPa<\/td>\n<td>55-275 MPa<\/td>\n<\/tr>\n<tr>\n<td>Saldabilit\u00e0<\/td>\n<td>Eccellente<\/td>\n<td>Bene<\/td>\n<\/tr>\n<tr>\n<td>Resistenza alla corrosione<\/td>\n<td>Eccellente<\/td>\n<td>Bene<\/td>\n<\/tr>\n<tr>\n<td>Costi<\/td>\n<td>Elevato<\/td>\n<td>Scarso<\/td>\n<\/tr>\n<tr>\n<td>Usi<\/td>\n<td>Aerospaziale, automotive<\/td>\n<td>Applicazioni generali<\/td>\n<\/tr>\n<\/tbody>\n<\/table>\n<ul class=\"list-disc pl-8 space-y-2\">\n<li class=\"whitespace-normal\">AlMgScZr fornisce maggiore potenza e resistenza alla corrosione<\/li>\n<li class=\"whitespace-normal\">6061 Al offre una resistenza moderata a basso costo<\/li>\n<li class=\"whitespace-normal\">AlMgScZr preferito per i componenti strutturali critici<\/li>\n<li class=\"whitespace-normal\">6061 Al ampiamente utilizzato per applicazioni generali<\/li>\n<\/ul>\n<h2>Domande frequenti sulla polvere AlMgScZr<\/h2>\n<p class=\"whitespace-pre-wrap\"><strong>D: Quali sono le principali applicazioni dell'alluminio AlMgScZr in polvere?<\/strong><\/p>\n<p class=\"whitespace-pre-wrap\">R: Le applicazioni principali sono componenti aerospaziali quali fusoliere e ali, parti automobilistiche quali telai e ruote, bracci di robot industriali e attrezzature di sollevamento nonch\u00e9 fabbricazione additiva di componenti ad alte prestazioni con topologia ottimizzata.<\/p>\n<p class=\"whitespace-pre-wrap\"><strong>D: Come rafforza lo scandio la lega AlMgScZr?<\/strong><\/p>\n<p class=\"whitespace-pre-wrap\">A: Lo scandinio consente l\u2019indurimento per precipitazione formando precipitati di Al3Sc su nanoscala durante il trattamento di invecchiamento. Ci\u00f2 ostacola il movimento delle dislocazioni, aumentando notevolmente la resistenza.<\/p>\n<p class=\"whitespace-pre-wrap\"><strong>D: Quali precauzioni bisogna prendere quando si lavora con la polvere di AlMgScZr?<\/strong><\/p>\n<p class=\"whitespace-pre-wrap\">A: Le precauzioni raccomandate includono una ventilazione adeguata, l'evitare fonti di accensione, l'uso di DPI appropriati, il rispetto di protocolli di manipolazione sicuri, un'atmosfera inerte e lo stoccaggio di contenitori sigillati lontano da umidit\u00e0 o contaminanti.<\/p>\n<p class=\"whitespace-pre-wrap\"><strong>D: Come si confronta AlMgScZr con la polvere della lega AlZnMgCu?<\/strong><\/p>\n<p class=\"whitespace-pre-wrap\">A: AlMgScZr offre maggiore robustezza, saldabilit\u00e0 e resistenza alla corrosione rispetto alle leghe di alluminio serie 7000 come AlZnMgCu. \u00c8 preferito per parti strutturali critiche, mentre AlZnMgCu \u00e8 pi\u00f9 economico.<\/p>\n<p><\/span><\/span><\/p>","protected":false},"excerpt":{"rendered":"<p>Panoramica della polvere AlMgScZr La polvere AlMgScZr \u00e8 una lega di alluminio contenente magnesio, scandio e zirconio come principali elementi di lega. Presenta eccellenti caratteristiche di forza, saldabilit\u00e0 e resistenza alla corrosione, pur mantenendo il vantaggio della bassa densit\u00e0 dell'alluminio. Le propriet\u00e0 e i vantaggi principali della polvere AlMgScZr includono: Propriet\u00e0 e caratteristiche della polvere AlMgScZr Propriet\u00e0 Dettagli Composizione Lega Al-Mg-Sc-Zr Densit\u00e0...<\/p>","protected":false},"featured_media":1852,"parent":0,"template":"","meta":{"_acf_changed":false,"_kad_blocks_custom_css":"","_kad_blocks_head_custom_js":"","_kad_blocks_body_custom_js":"","_kad_blocks_footer_custom_js":"","_kad_post_transparent":"","_kad_post_title":"","_kad_post_layout":"","_kad_post_sidebar_id":"","_kad_post_content_style":"","_kad_post_vertical_padding":"","_kad_post_feature":"","_kad_post_feature_position":"","_kad_post_header":false,"_kad_post_footer":false,"_kad_post_classname":""},"product-category":[119,124],"class_list":["post-3927","product","type-product","status-publish","has-post-thumbnail","hentry","product-category-3d-printing-metal-powder","product-category-aluminum-based-alloy-powder"],"acf":[],"taxonomy_info":{"product-category":[{"value":119,"label":"3D Printing Metal Powder"},{"value":124,"label":"Aluminum Based Alloy Powder"}]},"featured_image_src_large":["https:\/\/3dpmetal.com\/wp-content\/uploads\/2024\/02\/AlMgScZr-Powder.jpg",600,600,false],"author_info":[],"comment_info":"","_links":{"self":[{"href":"https:\/\/3dpmetal.com\/it\/wp-json\/wp\/v2\/product\/3927","targetHints":{"allow":["GET"]}}],"collection":[{"href":"https:\/\/3dpmetal.com\/it\/wp-json\/wp\/v2\/product"}],"about":[{"href":"https:\/\/3dpmetal.com\/it\/wp-json\/wp\/v2\/types\/product"}],"wp:featuredmedia":[{"embeddable":true,"href":"https:\/\/3dpmetal.com\/it\/wp-json\/wp\/v2\/media\/1852"}],"wp:attachment":[{"href":"https:\/\/3dpmetal.com\/it\/wp-json\/wp\/v2\/media?parent=3927"}],"wp:term":[{"taxonomy":"product-category","embeddable":true,"href":"https:\/\/3dpmetal.com\/it\/wp-json\/wp\/v2\/product-category?post=3927"}],"curies":[{"name":"wp","href":"https:\/\/api.w.org\/{rel}","templated":true}]}}