{"id":3929,"date":"2024-03-18T06:10:14","date_gmt":"2024-03-18T06:10:14","guid":{"rendered":"https:\/\/3dp.45612300.xyz\/product\/gh-3625-powder\/"},"modified":"2024-03-18T06:10:14","modified_gmt":"2024-03-18T06:10:14","slug":"gh-3625-powder","status":"publish","type":"product","link":"https:\/\/3dpmetal.com\/it\/product\/gh-3625-powder\/","title":{"rendered":"GH 3625 polvere"},"content":{"rendered":"<p><span style=\"vertical-align: inherit;\"><span style=\"vertical-align: inherit;\"><\/p>\n<h2>Panoramica di GH3625 in polvere<\/h2>\n<p class=\"whitespace-pre-wrap\">La polvere GH 3625 \u00e8 una lega a base di ferro-nichel temprabile per invecchiamento contenente il 25% di cromo insieme ad aggiunte di molibdeno e alluminio. Fornisce una combinazione eccezionale di elevata resistenza, durezza, resistenza alla corrosione e resistenza all'ossidazione a temperature elevate.<\/p>\n<p class=\"whitespace-pre-wrap\">Le propriet\u00e0 chiave e i vantaggi della polvere GH3625 includono:<\/p>\n<p class=\"whitespace-pre-wrap\"><strong>Propriet\u00e0 e caratteristiche della polvere GH3625<\/strong><\/p>\n<table>\n<thead>\n<tr>\n<th>Propriet\u00e0<\/th>\n<th>Dettagli<\/th>\n<\/tr>\n<\/thead>\n<tbody>\n<tr>\n<td>Composizione<\/td>\n<td>Ni-25Cr-4,5Mo-3,5Al<\/td>\n<\/tr>\n<tr>\n<td>Densit\u00e0<\/td>\n<td>8,2 g\/cc<\/td>\n<\/tr>\n<tr>\n<td>Forma delle particelle<\/td>\n<td>Sferico prevalente<\/td>\n<\/tr>\n<tr>\n<td>Intervallo delle dimensioni<\/td>\n<td>15-45 micron<\/td>\n<\/tr>\n<tr>\n<td>Densit\u00e0 apparente<\/td>\n<td>Fino al 60% di vera densit\u00e0<\/td>\n<\/tr>\n<tr>\n<td>Flussibilita<\/td>\n<td>Bene<\/td>\n<\/tr>\n<tr>\n<td>Forza<\/td>\n<td>Molto elevata dopo il trattamento di invecchiamento<\/td>\n<\/tr>\n<tr>\n<td>Resistenza alla corrosione<\/td>\n<td>Eccellente che include la corrosione per vaiolature e fessurazioni<\/td>\n<\/tr>\n<\/tbody>\n<\/table>\n<p class=\"whitespace-pre-wrap\">Il GH3625 viene ampiamente utilizzato nei settori aerospaziale, petrolio e gas, elaborazione chimica e generazione di energia che necessitano di elevata resistenza e resistenza alla corrosione a temperature elevate.<\/p>\n<h2>Composizione della polvere GH3625<\/h2>\n<p class=\"whitespace-pre-wrap\">Composizione tipica della polvere di lega nichel-cromo GH3625:<\/p>\n<p class=\"whitespace-pre-wrap\"><strong>Composizione della polvere GH3625<\/strong><\/p>\n<table>\n<thead>\n<tr>\n<th>Elemento<\/th>\n<th>% Peso<\/th>\n<\/tr>\n<\/thead>\n<tbody>\n<tr>\n<td>Nickel<\/td>\n<td>Equilibrio<\/td>\n<\/tr>\n<tr>\n<td>Chromium<\/td>\n<td>24-27%<\/td>\n<\/tr>\n<tr>\n<td>Molibdeno<\/td>\n<td>4-5%<\/td>\n<\/tr>\n<tr>\n<td>Alluminio<\/td>\n<td>3-4%<\/td>\n<\/tr>\n<tr>\n<td>Carbonio<\/td>\n<td>0,1% max<\/td>\n<\/tr>\n<tr>\n<td>Manganese<\/td>\n<td>Al massimo l'1%<\/td>\n<\/tr>\n<tr>\n<td>Silicio<\/td>\n<td>0,5% massimo<\/td>\n<\/tr>\n<tr>\n<td>Zolfo<\/td>\n<td>0,015% max<\/td>\n<\/tr>\n<\/tbody>\n<\/table>\n<ul class=\"list-disc pl-8 space-y-2\">\n<li class=\"whitespace-normal\">Il nichel fornisce resistenza alla corrosione e coadiuva l'indurimento per precipitazione<\/li>\n<li class=\"whitespace-normal\">Chromium migliora in modo significativo la resistenza alla corrosione e all'ossidazione<\/li>\n<li class=\"whitespace-normal\">Il molibdeno e l'alluminio facilitano un rafforzamento delle precipitazioni<\/li>\n<li class=\"whitespace-normal\">Carbonio e altri elementi presenti in quantit\u00e0 limitata come impurit\u00e0<\/li>\n<\/ul>\n<p class=\"whitespace-pre-wrap\">Questa composizione \u00e8 ottimizzata per garantire il massimo rinforzo dai fenomeni di precipitazione e per offrire un'eccellente resistenza alla corrosione e all'ossidazione.<\/p>\n<p><img loading=\"lazy\" decoding=\"async\" class=\"size-medium wp-image-1409 aligncenter\" src=\"https:\/\/met3dp.com\/wp-content\/uploads\/2023\/09\/ed7a94ec-3c10-4b1b-87ed--300x300.jpg\" alt=\"GH 3625 polvere\" width=\"300\" height=\"300\" title=\"\"><\/p>\n<h2>Propriet\u00e0 fisiche della polvere GH3625<\/h2>\n<p class=\"whitespace-pre-wrap\"><strong>Propriet\u00e0 fisiche della polvere GH3625<\/strong><\/p>\n<table>\n<thead>\n<tr>\n<th>Propriet\u00e0<\/th>\n<th>Valori<\/th>\n<\/tr>\n<\/thead>\n<tbody>\n<tr>\n<td>Densit\u00e0<\/td>\n<td>8,2 g\/cc<\/td>\n<\/tr>\n<tr>\n<td>Punto di fusione<\/td>\n<td>1390-1440\u00a1\u00abC<\/td>\n<\/tr>\n<tr>\n<td>Conduttivit\u00e0 termica<\/td>\n<td>11 W\/mK<\/td>\n<\/tr>\n<tr>\n<td>Resistivit\u00e0 elettrica<\/td>\n<td>52 x 10^-2 cm<\/td>\n<\/tr>\n<tr>\n<td>Coefficiente di espansione termica<\/td>\n<td>13,0 x 10^-6 \/K<\/td>\n<\/tr>\n<\/tbody>\n<\/table>\n<ul class=\"list-disc pl-8 space-y-2\">\n<li class=\"whitespace-normal\">Alta densit\u00e0 rispetto agli acciai e alle leghe di titanio<\/li>\n<li class=\"whitespace-normal\">Conserva un'elevata resistenza a temperature superiori a 1000\u00a0\u00b0C<\/li>\n<li class=\"whitespace-normal\">Una relativamente bassa conducibilit\u00e0 termica rende necessarie delle considerazioni di progettazione<\/li>\n<li class=\"whitespace-normal\">Il CTE \u00e8 moderato e simile agli acciai inossidabili<\/li>\n<\/ul>\n<p class=\"whitespace-pre-wrap\">Queste propriet\u00e0 rendono GH3625 adatto per applicazioni ad alta resistenza a temperature elevate che richiedono resistenza alla corrosione.<\/p>\n<h2>Propriet\u00e0 meccaniche della polvere GH3625<\/h2>\n<p class=\"whitespace-pre-wrap\"><strong>Propriet\u00e0 meccaniche della polvere GH3625<\/strong><\/p>\n<table>\n<thead>\n<tr>\n<th>Propriet\u00e0<\/th>\n<th>Condizione<\/th>\n<th>Valori<\/th>\n<\/tr>\n<\/thead>\n<tbody>\n<tr>\n<td>Durezza<\/td>\n<td>Ricotto soluzione<\/td>\n<td>35 HRC<\/td>\n<\/tr>\n<tr>\n<td>Durezza<\/td>\n<td>Di et\u00e0 massima<\/td>\n<td>50-56 HRC<\/td>\n<\/tr>\n<tr>\n<td>Resistenza alla trazione<\/td>\n<td>Ricotto<\/td>\n<td>1000 MPa<\/td>\n<\/tr>\n<tr>\n<td>Resistenza alla trazione<\/td>\n<td>Anzianit\u00e0<\/td>\n<td>1500\u20131800 MPa<\/td>\n<\/tr>\n<tr>\n<td>Limite di snervamento<\/td>\n<td>Anzianit\u00e0<\/td>\n<td>1200-1600 MPa<\/td>\n<\/tr>\n<tr>\n<td>Allungamento<\/td>\n<td>Anzianit\u00e0<\/td>\n<td>10-15%<\/td>\n<\/tr>\n<\/tbody>\n<\/table>\n<ul class=\"list-disc pl-8 space-y-2\">\n<li class=\"whitespace-normal\">Invecchia ad elevatissimi livelli di resistenza superando altre leghe indurite per precipitazione<\/li>\n<li class=\"whitespace-normal\">Mantiene una adeguata duttilit\u00e0 in condizioni di invecchiamento di picco<\/li>\n<li class=\"whitespace-normal\">La durezza aumenta sostanzialmente dopo il trattamento di invecchiamento<\/li>\n<li class=\"whitespace-normal\">La durezza pu\u00f2 essere personalizzata in base al tempo di conservazione e alla temperatura<\/li>\n<\/ul>\n<p class=\"whitespace-pre-wrap\">Queste propriet\u00e0 rendono GH3625 adatto per componenti che necessitano di un'elevata resistenza combinata con la resistenza alla corrosione.<\/p>\n<h2>Applicazioni della polvere GH3625<\/h2>\n<p class=\"whitespace-pre-wrap\">Alcune delle applicazioni tipiche per la polvere di lega di nichel-cromo GH3625 comprendono:<\/p>\n<p class=\"whitespace-pre-wrap\"><strong>Applicazioni della polvere GH3625<\/strong><\/p>\n<table>\n<thead>\n<tr>\n<th>Industria<\/th>\n<th>Usi<\/th>\n<\/tr>\n<\/thead>\n<tbody>\n<tr>\n<td>Aerospaziale<\/td>\n<td>Lame di turbina, bulloni, elementi di fissaggio<\/td>\n<\/tr>\n<tr>\n<td>Olio e gas<\/td>\n<td>Valvole testa pozzo, attrezzi per sondaggi<\/td>\n<\/tr>\n<tr>\n<td>Elaborazione chimica<\/td>\n<td>Viti di estrusori, parti di valvole<\/td>\n<\/tr>\n<tr>\n<td>Generazione energetica<\/td>\n<td>Componenti di caldaia, turbine a vapore e a gas<\/td>\n<\/tr>\n<\/tbody>\n<\/table>\n<p class=\"whitespace-pre-wrap\">Alcune applicazioni specifiche del prodotto includono:<\/p>\n<ul class=\"list-disc pl-8 space-y-2\">\n<li class=\"whitespace-normal\">Pale, dischi ed elementi di fissaggio per turbine di motori aerospaziali<\/li>\n<li class=\"whitespace-normal\">Fissaggio mediante bulloni per tubazioni petrolchimiche ad alta temperatura<\/li>\n<li class=\"whitespace-normal\">Componenti di valvole utilizzati in ambienti chimici corrosivi<\/li>\n<li class=\"whitespace-normal\">Tubi e collettori di surriscaldatori di caldaie<\/li>\n<li class=\"whitespace-normal\">Lamelle e fissaggi della turbina a vapore<\/li>\n<\/ul>\n<p class=\"whitespace-pre-wrap\">GH3625 fornisce una straordinaria resistenza e resistenza alla corrosione per i componenti critici utilizzati a temperature elevate nelle industrie pi\u00f9 esigenti.<\/p>\n<h2>Specifiche polvere GH3625<\/h2>\n<p class=\"whitespace-pre-wrap\">Le principali specifiche del GH3625 in polvere includono:<\/p>\n<p class=\"whitespace-pre-wrap\"><strong>Standard polvere GH3625<\/strong><\/p>\n<table>\n<thead>\n<tr>\n<th>Standard<\/th>\n<th>Descrizione<\/th>\n<\/tr>\n<\/thead>\n<tbody>\n<tr>\n<td>AMS 5815<\/td>\n<td>Composizioni di polveri in lega di nichel<\/td>\n<\/tr>\n<tr>\n<td>AMS 5408<\/td>\n<td>Fili, bacchette e barre di leghe di nichel indurite di precipitazione<\/td>\n<\/tr>\n<tr>\n<td>AMS 5698<\/td>\n<td>Fusioni di investimento in leghe di nichel PH<\/td>\n<\/tr>\n<tr>\n<td>AMS 5772<\/td>\n<td>Forgiati in lega di nichel<\/td>\n<\/tr>\n<tr>\n<td>AMS 5634<\/td>\n<td>Forme estruse in lega di nichel<\/td>\n<\/tr>\n<\/tbody>\n<\/table>\n<p class=\"whitespace-pre-wrap\">Questi definiscono:<\/p>\n<ul class=\"list-disc pl-8 space-y-2\">\n<li class=\"whitespace-normal\">Limite di composizione chimica del GH3625<\/li>\n<li class=\"whitespace-normal\">Propriet\u00e0 meccaniche richieste a fronte di diverse condizioni di trattamento termico<\/li>\n<li class=\"whitespace-normal\">Metodo di produzione di polvere approvato - atomizzazione con gas inerte<\/li>\n<li class=\"whitespace-normal\">Limiti di impurit\u00e0 per elementi critici<\/li>\n<li class=\"whitespace-normal\">Protocolli per test di conformit\u00e0<\/li>\n<li class=\"whitespace-normal\">Istruzioni appropriate per la movimentazione e lo stoccaggio<\/li>\n<\/ul>\n<p class=\"whitespace-pre-wrap\">Soddisfare questi requisiti di certificazione garantisce prestazioni ottimali.<\/p>\n<h2>Dimensioni particelle in polvere GH3625<\/h2>\n<p class=\"whitespace-pre-wrap\"><strong>Distribuzione delle dimensioni delle particelle in polvere GH3625<\/strong><\/p>\n<table>\n<thead>\n<tr>\n<th>Dimensione particellare<\/th>\n<th>Caratteristiche<\/th>\n<\/tr>\n<\/thead>\n<tbody>\n<tr>\n<td>15-25 micron<\/td>\n<td>Polveri ultrafini utilizzati in processi di AM laser<\/td>\n<\/tr>\n<tr>\n<td>25-45 micron<\/td>\n<td>Intervallo di dimensioni per la maggior parte dei sistemi AM a letto di polvere<\/td>\n<\/tr>\n<tr>\n<td>45-75 micron<\/td>\n<td>Taglie pi\u00f9 grandi usate nella rivettatura laser<\/td>\n<\/tr>\n<\/tbody>\n<\/table>\n<ul class=\"list-disc pl-8 space-y-2\">\n<li class=\"whitespace-normal\">Una polvere pi\u00f9 fine fornisce una risoluzione e una finitura superficiale superiori<\/li>\n<li class=\"whitespace-normal\">Polvere meno fine adatta a processi con elevate velocit\u00e0 di deposito<\/li>\n<li class=\"whitespace-normal\">Distribuzione dimensionale adattata in base al metodo AM usato<\/li>\n<li class=\"whitespace-normal\">Morfologia sferica mantenuta in tutte le dimensioni<\/li>\n<\/ul>\n<p class=\"whitespace-pre-wrap\">Il controllo della distribuzione dimensionale delle particelle e della morfologia \u00e8 fondamentale per le prestazioni AM, le propriet\u00e0 e la qualit\u00e0 delle parti finali.<\/p>\n<h2>Densit\u00e0 Apparente in Polvere GH3625<\/h2>\n<p class=\"whitespace-pre-wrap\"><strong>Densit\u00e0 Apparente in Polvere GH3625<\/strong><\/p>\n<table>\n<thead>\n<tr>\n<th>Densit\u00e0 apparente<\/th>\n<th>Dettagli<\/th>\n<\/tr>\n<\/thead>\n<tbody>\n<tr>\n<td>Fino al 60% di vera densit\u00e0<\/td>\n<td>Per morfologia di polvere sferica<\/td>\n<\/tr>\n<tr>\n<td>4,5 &#8211; 5,2 g\/cc<\/td>\n<td>Si migliora con maggiore densit\u00e0 di confezionamento<\/td>\n<\/tr>\n<\/tbody>\n<\/table>\n<ul class=\"list-disc pl-8 space-y-2\">\n<li class=\"whitespace-normal\">La forma sferica della polvere fornisce un'alta densit\u00e0 apparente<\/li>\n<li class=\"whitespace-normal\">La densit\u00e0 maggiore migliora il flusso della polvere e l\u2019impacchettamento del letto in AM<\/li>\n<li class=\"whitespace-normal\">Riduce la porosit\u00e0 interstiziale del gas nel pezzo finale<\/li>\n<li class=\"whitespace-normal\">Massimizzare la densit\u00e0 minimizza il tempo di ciclo della pressa<\/li>\n<\/ul>\n<p class=\"whitespace-pre-wrap\">Una maggiore densit\u00e0 apparente comporta una migliore produttivit\u00e0 produttiva e prestazioni delle parti.<\/p>\n<h2>Metodo di produzione della polvere GH3625<\/h2>\n<p class=\"whitespace-pre-wrap\"><strong>Produzioni polvere GH3625<\/strong><\/p>\n<table>\n<thead>\n<tr>\n<th>Metodo<\/th>\n<th>Dettagli<\/th>\n<\/tr>\n<\/thead>\n<tbody>\n<tr>\n<td>Atomizzazione a gas<\/td>\n<td>Un gas inerte ad alta pressione scompone il flusso di metallo fuso in goccioline sottili<\/td>\n<\/tr>\n<tr>\n<td>Fusione a induzione in vuoto<\/td>\n<td>Materiali di ingresso ad alta purezza fusi sotto vuoto.<\/td>\n<\/tr>\n<tr>\n<td>Rifusione multipla<\/td>\n<td>Migliora l'omogeneit\u00e0 chimica<\/td>\n<\/tr>\n<tr>\n<td>Setacciamento<\/td>\n<td>Classifica la polvere in diverse frazioni di dimensioni delle particelle<\/td>\n<\/tr>\n<\/tbody>\n<\/table>\n<ul class=\"list-disc pl-8 space-y-2\">\n<li class=\"whitespace-normal\">L'atomizzazione del gas con gas inerte produce pulviscolo pulito sferico<\/li>\n<li class=\"whitespace-normal\">La lavorazione sottovuoto minimizza le impurit\u00e0 gassose<\/li>\n<li class=\"whitespace-normal\">Rifusioni multiple migliorano l'uniformit\u00e0 della composizione<\/li>\n<li class=\"whitespace-normal\">La post elaborazione garantisce il controllo della distribuzione della dimensione delle particelle<\/li>\n<\/ul>\n<p class=\"whitespace-pre-wrap\">Metodi automatizzati combinati con uno stretto controllo della qualit\u00e0 generano costantemente polvere GH3625 adatta ad applicazioni importanti.<\/p>\n<h2>Prezzi della polvere GH3625<\/h2>\n<p class=\"whitespace-pre-wrap\"><strong>Prezzi della polvere GH3625<\/strong><\/p>\n<table>\n<thead>\n<tr>\n<th>Fattore<\/th>\n<th>Impatto sul prezzo<\/th>\n<\/tr>\n<\/thead>\n<tbody>\n<tr>\n<td>Grado polvere<\/td>\n<td>Maggiore purezza aumenta il costo<\/td>\n<\/tr>\n<tr>\n<td>Dimensione particellare<\/td>\n<td>Polvere ultrafine pi\u00f9 costosa<\/td>\n<\/tr>\n<tr>\n<td>Quantit\u00e0 ordine<\/td>\n<td>Il prezzo diminuisce con volumi maggiori<\/td>\n<\/tr>\n<tr>\n<td>Metodo di produzione<\/td>\n<td>Refusioni multiple aumentano i costi<\/td>\n<\/tr>\n<tr>\n<td>Packaging<\/td>\n<td>Un imballaggio speciale ne comporta il costo<\/td>\n<\/tr>\n<\/tbody>\n<\/table>\n<p class=\"whitespace-pre-wrap\"><strong>Prezzario indicativo<\/strong><\/p>\n<ul class=\"list-disc pl-8 space-y-2\">\n<li class=\"whitespace-normal\">Polvere GH3625: $100-150 al kg<\/li>\n<li class=\"whitespace-normal\">I prezzi per volumi elevati possono essere inferiori del 30%+<\/li>\n<\/ul>\n<p class=\"whitespace-pre-wrap\">I prezzi dipendono dalla purezza, dalla granulometria, dal metodo di produzione, dal volume degli ordini, dalla confezione e dai requisiti di consegna.<\/p>\n<h2>Fornitori di GH3625 Powder<\/h2>\n<p class=\"whitespace-pre-wrap\"><strong>Fornitori di GH3625 Powder<\/strong><\/p>\n<table>\n<thead>\n<tr>\n<th>Azienda<\/th>\n<th>Ubicazione<\/th>\n<\/tr>\n<\/thead>\n<tbody>\n<tr>\n<td>Sandvik Osprey<\/td>\n<td>GB<\/td>\n<\/tr>\n<tr>\n<td>Additive Carpenter<\/td>\n<td>USA<\/td>\n<\/tr>\n<tr>\n<td>Erasteel<\/td>\n<td>Svezia<\/td>\n<\/tr>\n<tr>\n<td>Aubert e Duval<\/td>\n<td>Francia<\/td>\n<\/tr>\n<tr>\n<td>it.koowe.powder<\/td>\n<td>Cina<\/td>\n<\/tr>\n<tr>\n<td>Shanghai STAL Precision<\/td>\n<td>Cina<\/td>\n<\/tr>\n<\/tbody>\n<\/table>\n<p class=\"whitespace-pre-wrap\">Fattori di selezione dei fornitori:<\/p>\n<ul class=\"list-disc pl-8 space-y-2\">\n<li class=\"whitespace-normal\">Gradi di polvere prodotti e dimensioni delle particelle offerte<\/li>\n<li class=\"whitespace-normal\">Capacit\u00e0 produttiva e tempi di consegna<\/li>\n<li class=\"whitespace-normal\">Controllo qualit\u00e0, coerenza e conformit\u00e0<\/li>\n<li class=\"whitespace-normal\">Competenza tecnica e assistenza clienti<\/li>\n<li class=\"whitespace-normal\">Livelli di prezzo basati su volumi degli ordini<\/li>\n<li class=\"whitespace-normal\">Esperienza nel settore di destinazione<\/li>\n<\/ul>\n<h2>GH3625 Manipolazione e stoccaggio di polvere<\/h2>\n<p class=\"whitespace-pre-wrap\"><strong>GH3625 Gestione delle polveri<\/strong><\/p>\n<table>\n<thead>\n<tr>\n<th>Raccomandazione<\/th>\n<th>Motivo<\/th>\n<\/tr>\n<\/thead>\n<tbody>\n<tr>\n<td>Garantire una ventilazione adeguata<\/td>\n<td>Evitate l'esposizione alle fini particelle metalliche<\/td>\n<\/tr>\n<tr>\n<td>Indossare i DPI appropriati<\/td>\n<td>Evitare inalazione o ingestione accidentali<\/td>\n<\/tr>\n<tr>\n<td>Segui protocolli sicuri<\/td>\n<td>Ridurre i pericoli per la salute e gli incendi<\/td>\n<\/tr>\n<tr>\n<td>Conserva i contenitori sigillati<\/td>\n<td>Impedire contaminazione o ossidazione<\/td>\n<\/tr>\n<\/tbody>\n<\/table>\n<p class=\"whitespace-pre-wrap\">La polvere di GH3625 \u00e8 relativamente stabile, ma per una manipolazione e un mantenimento sicuri della purezza sono comunque consigliate le precauzioni generali.<\/p>\n<p class=\"whitespace-pre-wrap\"><strong>Consigli in merito allo storage<\/strong><\/p>\n<ul class=\"list-disc pl-8 space-y-2\">\n<li class=\"whitespace-normal\">Conservare in contenitori stabili in una zona fresca e asciutta<\/li>\n<li class=\"whitespace-normal\">Limitare l'esposizione all'umidit\u00e0 che pu\u00f2 alterare le propriet\u00e0<\/li>\n<li class=\"whitespace-normal\">Mantenere le temperature al di sotto dei 30 \u00a1\u00abC<\/li>\n<\/ul>\n<p class=\"whitespace-pre-wrap\">Idonee precauzione preservano lo stato della polvere e prevengono problemi di sicurezza.<\/p>\n<h2>GH3625 Ispezione e prova del polvere<\/h2>\n<p class=\"whitespace-pre-wrap\"><strong>Test polvere GH3625<\/strong><\/p>\n<table>\n<thead>\n<tr>\n<th>Test<\/th>\n<th>Dettagli<\/th>\n<\/tr>\n<\/thead>\n<tbody>\n<tr>\n<td>Analisi chimica<\/td>\n<td>Spettroscopia OES o XRF, usata per verificare la composizione<\/td>\n<\/tr>\n<tr>\n<td>Distribuzione granulometrica<\/td>\n<td>Analisi della diffrazione laser<\/td>\n<\/tr>\n<tr>\n<td>Densit\u00e0 apparente<\/td>\n<td>Misurato secondo lo standard ASTM B212<\/td>\n<\/tr>\n<tr>\n<td>Morphologia delle polveri<\/td>\n<td>Imaging SEM della forma delle particelle<\/td>\n<\/tr>\n<tr>\n<td>Analisi del flusso di lavoro<\/td>\n<td>Portata di flusso per gravit\u00e0 attraverso uno specifico ugello<\/td>\n<\/tr>\n<tr>\n<td>Misurazione dell'umidit\u00e0<\/td>\n<td>Analisi delle perdite di essiccazione<\/td>\n<\/tr>\n<\/tbody>\n<\/table>\n<p class=\"whitespace-pre-wrap\">La prova assicura che la polvere soddisfi i requisiti di purezza chimica, caratteristiche delle particelle, specifiche di densit\u00e0, morfologia e scorrevolezza secondo gli standard di riferimento.<\/p>\n<h2>Pro e contro della polvere GH3625<\/h2>\n<p class=\"whitespace-pre-wrap\"><strong>Vantaggi del GH3625 in polvere<\/strong><\/p>\n<ul class=\"list-disc pl-8 space-y-2\">\n<li class=\"whitespace-normal\">Resistenza eccezionale alla temperatura elevata e scorrimento<\/li>\n<li class=\"whitespace-normal\">Mantiene resistenza e durezza fino a 1100\u00a1\u00abC<\/li>\n<li class=\"whitespace-normal\">Eccellente resistenza alla corrosione in diversi ambienti<\/li>\n<li class=\"whitespace-normal\">Buona resistenza alla fatica e tenacit\u00e0 alla frattura<\/li>\n<li class=\"whitespace-normal\">Elevata durezza combinata con una duttilit\u00e0 ragionevole<\/li>\n<li class=\"whitespace-normal\">Meno densa delle superleghe al nichel<\/li>\n<\/ul>\n<p class=\"whitespace-pre-wrap\"><strong>Limiti della polvere GH3625<\/strong><\/p>\n<ul class=\"list-disc pl-8 space-y-2\">\n<li class=\"whitespace-normal\">Pi\u00f9 costosi delle polveri di acciaio inossidabile<\/li>\n<li class=\"whitespace-normal\">Richiede un trattamento termico controllato per caratteristiche ottimali<\/li>\n<li class=\"whitespace-normal\">Resistenza all\u2019usura inferiore rispetto alle leghe di cobalto<\/li>\n<li class=\"whitespace-normal\">Difficile da lavorare a macchina dopo la sinterizzazione<\/li>\n<li class=\"whitespace-normal\">Capacit\u00e0 limitata di formatura e intestatura a freddo<\/li>\n<li class=\"whitespace-normal\">Soggetto a pitting in acidi fortemente ossidanti<\/li>\n<\/ul>\n<h2>Comparison con polvere Inconel 718<\/h2>\n<p class=\"whitespace-pre-wrap\"><strong>Polvere GH3625 vs Inconel 718<\/strong><\/p>\n<table>\n<thead>\n<tr>\n<th>Parametro<\/th>\n<th>GH3625<\/th>\n<th>Inconel 718<\/th>\n<\/tr>\n<\/thead>\n<tbody>\n<tr>\n<td>Densit\u00e0<\/td>\n<td>8,2 g\/cc<\/td>\n<td>8,2 g\/cc<\/td>\n<\/tr>\n<tr>\n<td>Forza<\/td>\n<td>Pi\u00f9 alto<\/td>\n<td>Inferiore<\/td>\n<\/tr>\n<tr>\n<td>Resistenza alla corrosione<\/td>\n<td>Eccellente<\/td>\n<td>Straordinario<\/td>\n<\/tr>\n<tr>\n<td>Costi<\/td>\n<td>Moderato<\/td>\n<td>Elevatissimo<\/td>\n<\/tr>\n<tr>\n<td>Usi<\/td>\n<td>Settore petrolifero e del gas, lavorazione chimica<\/td>\n<td>Aerospaziale, nucleare<\/td>\n<\/tr>\n<\/tbody>\n<\/table>\n<ul class=\"list-disc pl-8 space-y-2\">\n<li class=\"whitespace-normal\">GH3625 fornisce una maggiore resistenza alla trazione<\/li>\n<li class=\"whitespace-normal\">Inconel 718 offre migliore resistenza complessiva alla corrosione<\/li>\n<li class=\"whitespace-normal\">GH3625 \u00e8 pi\u00f9 conveniente<\/li>\n<li class=\"whitespace-normal\">L'Inconel 718 \u00e8 preferito per ambienti estremi<\/li>\n<li class=\"whitespace-normal\">GH3625 offre un equilibrio ottimale tra resistenza e costo<\/li>\n<\/ul>\n<h2>Domande frequenti sulla polvere GH3625<\/h2>\n<p class=\"whitespace-pre-wrap\"><strong>D: Quali sono le principali applicazioni della polvere di lega di nichel GH3625?<\/strong><\/p>\n<p class=\"whitespace-pre-wrap\">A: Le principali applicazioni includono componenti di turbine aerospaziali, valvole per teste di pozzo per l'estrazione di olio e gas e utensili per attrezzature di fondo pozzo, parti per la produzione di energia, attrezzature per la lavorazione di prodotti chimici e altri componenti ad alta temperatura che richiedono resistenza e resistenza alla corrosione.<\/p>\n<p class=\"whitespace-pre-wrap\"><strong>D: Perch\u00e9 il GH3625 viene preferito alle polveri di acciaio inossidabile nelle applicazioni ad alta temperatura?<\/strong><\/p>\n<p class=\"whitespace-pre-wrap\">A: GH3625 mantiene una resistenza nettamente superiore rispetto agli acciai inossidabili a temperature maggiori di 650 \u00b0C. Offre inoltre un'eccellente resistenza alla corrosione in ambienti corrosivi caldi.<\/p>\n<p class=\"whitespace-pre-wrap\"><strong>D: Quali precauzioni dovrebbero essere prese quando si lavora con la polvere GH3625?<\/strong><\/p>\n<p class=\"whitespace-pre-wrap\">A: Le precauzioni consigliate includono ventilazione, DPI appropriati, evitare fonti di accensione, rispettare i protocolli di gestione sicura e conservare i contenitori sigillati lontano da umidit\u00e0, aria e contaminanti.<\/p>\n<p class=\"whitespace-pre-wrap\"><strong>Q: In che modo l'alluminio influisce sulle propriet\u00e0 della lega GH3625?<\/strong><\/p>\n<p class=\"whitespace-pre-wrap\">A: L'alluminio valorizza l'indurimento per precipitazione formando precipitati di nichel-alluminio durante il trattamento di invecchiamento. Ci\u00f2 fornisce un rinforzo sostanziale mantenendo una duttilit\u00e0 ragionevole.<\/p>\n<p><\/span><\/span><\/p>","protected":false},"excerpt":{"rendered":"<p>Panoramica della polvere GH3625 La polvere GH 3625 \u00e8 una lega di base di nichel-ferro indurente all'invecchiamento, contenente cromo 25% e aggiunte di molibdeno e alluminio. Offre un'eccezionale combinazione di elevata resistenza, durezza, resistenza alla corrosione e all'ossidazione a temperature elevate. Le propriet\u00e0 e i vantaggi principali della polvere GH3625 includono: Propriet\u00e0 e caratteristiche della polvere GH3625 Propriet\u00e0 Dettagli...<\/p>","protected":false},"featured_media":1798,"parent":0,"template":"","meta":{"_acf_changed":false,"_kad_blocks_custom_css":"","_kad_blocks_head_custom_js":"","_kad_blocks_body_custom_js":"","_kad_blocks_footer_custom_js":"","_kad_post_transparent":"","_kad_post_title":"","_kad_post_layout":"","_kad_post_sidebar_id":"","_kad_post_content_style":"","_kad_post_vertical_padding":"","_kad_post_feature":"","_kad_post_feature_position":"","_kad_post_header":false,"_kad_post_footer":false,"_kad_post_classname":""},"product-category":[119,120],"class_list":["post-3929","product","type-product","status-publish","has-post-thumbnail","hentry","product-category-3d-printing-metal-powder","product-category-high-temperature-alloy-powder"],"acf":[],"taxonomy_info":{"product-category":[{"value":119,"label":"3D Printing Metal Powder"},{"value":120,"label":"High Temperature Alloy Powder"}]},"featured_image_src_large":["https:\/\/3dpmetal.com\/wp-content\/uploads\/2024\/02\/GH-3625-Powder.jpg",600,600,false],"author_info":[],"comment_info":"","_links":{"self":[{"href":"https:\/\/3dpmetal.com\/it\/wp-json\/wp\/v2\/product\/3929","targetHints":{"allow":["GET"]}}],"collection":[{"href":"https:\/\/3dpmetal.com\/it\/wp-json\/wp\/v2\/product"}],"about":[{"href":"https:\/\/3dpmetal.com\/it\/wp-json\/wp\/v2\/types\/product"}],"wp:featuredmedia":[{"embeddable":true,"href":"https:\/\/3dpmetal.com\/it\/wp-json\/wp\/v2\/media\/1798"}],"wp:attachment":[{"href":"https:\/\/3dpmetal.com\/it\/wp-json\/wp\/v2\/media?parent=3929"}],"wp:term":[{"taxonomy":"product-category","embeddable":true,"href":"https:\/\/3dpmetal.com\/it\/wp-json\/wp\/v2\/product-category?post=3929"}],"curies":[{"name":"wp","href":"https:\/\/api.w.org\/{rel}","templated":true}]}}