{"id":3944,"date":"2024-03-18T06:10:15","date_gmt":"2024-03-18T06:10:15","guid":{"rendered":"https:\/\/3dp.45612300.xyz\/product\/aermet100-stainless-steel-powder\/"},"modified":"2024-03-18T06:10:15","modified_gmt":"2024-03-18T06:10:15","slug":"aermet100-stainless-steel-powder","status":"publish","type":"product","link":"https:\/\/3dpmetal.com\/it\/product\/aermet100-stainless-steel-powder\/","title":{"rendered":"Polvere di acciaio inossidabile AerMet100"},"content":{"rendered":"<p><span style=\"vertical-align: inherit;\"><span style=\"vertical-align: inherit;\"><\/p>\n<p class=\"whitespace-pre-wrap\">AerMet100 \u00e8 una polvere in acciaio inossidabile ad alte prestazioni, progettata per applicazioni di fabbricazione additiva che richiedano elevata resistenza e resistenza all'affaticamento. Alcune delle caratteristiche principali di questo materiale includono:<\/p>\n<ul class=\"list-disc pl-8 space-y-2\">\n<li class=\"whitespace-normal\">Elevata resistenza e durezza &#8211; AerMet100 presenta un'eccellente resistenza con una resistenza alla trazione di oltre 200 ksi e una durezza compresa tra 30 e 36 HRC.<\/li>\n<li class=\"whitespace-normal\">Buona duttilit\u00e0: nonostante l'elevata resistenza, AerMet100 offre ancora una discreta duttilit\u00e0 e resistenza all'impatto. I valori di allungamento sono superiori al 10%.<\/li>\n<li class=\"whitespace-normal\">Eccezionale resistenza alla fatica - Il limite di fatica di AerMet100 \u00e8 molto alto a circa il 50% della resistenza alla trazione. Ci\u00f2 consente componenti durevoli esposti a sollecitazioni cicliche.<\/li>\n<li class=\"whitespace-normal\">Resistenza allo scorrimento - AerMet100 resiste alla deformazione sotto carico a temperature elevate fino a 700\u00a1\u00abC, rendendolo adatto a un servizio a temperature elevate.<\/li>\n<li class=\"whitespace-normal\">Resistenza alla corrosione - La composizione dell'acciaio inossidabile fornisce resistenza alla corrosione e all'ossidazione per l'uso in ambienti difficili.<\/li>\n<li class=\"whitespace-normal\">Saldabilit\u00e0 - Il contenuto a bassa percentuale di carbonio consente una buona saldabilit\u00e0 mediante i metodi standard di saldatura a fusione.<\/li>\n<li class=\"whitespace-normal\">Efficacia in termini di costi: AerMet100 \u00e8 pi\u00f9 conveniente rispetto ad altre leghe speciali con propriet\u00e0 simili.<\/li>\n<\/ul>\n<p class=\"whitespace-pre-wrap\">Questo bilanciamento eccezionale delle propriet\u00e0 rende AerMet100 adatto ad applicazioni esigenti nei settori aerospaziale, gas e petrolio, automobilistico e industriale. Le parti realizzate con polvere AerMet100 dimostrano un elevato rapporto resistenza-peso, durata e affidabilit\u00e0 sotto carichi di lavoro.<\/p>\n<h2>Composizione della polvere di acciaio inossidabile AerMet100<\/h2>\n<p class=\"whitespace-pre-wrap\">La AerMet100 \u00e8 una composizione in acciaio inossidabile martensitico con aggiunte di cobalto, nichel e molibdeno per resistenza e durezza. La composizione nominale \u00e8 indicata di seguito:<\/p>\n<table>\n<thead>\n<tr>\n<th>Elemento<\/th>\n<th>% Peso<\/th>\n<\/tr>\n<\/thead>\n<tbody>\n<tr>\n<td>Ferro (Fe)<\/td>\n<td>Equilibrio<\/td>\n<\/tr>\n<tr>\n<td>Cromo (Cr)<\/td>\n<td>15.0 &#8211; 17.0<\/td>\n<\/tr>\n<tr>\n<td>Nichel (Ni)<\/td>\n<td>7.0 &#8211; 10.0<\/td>\n<\/tr>\n<tr>\n<td>Cobalto (Co)<\/td>\n<td>8.0 &#8211; 10.0<\/td>\n<\/tr>\n<tr>\n<td>Molibdeno (Mo)<\/td>\n<td>4.0 &#8211; 5.0<\/td>\n<\/tr>\n<tr>\n<td>Manganese (Mn)<\/td>\n<td>&lt; 1.0<\/td>\n<\/tr>\n<tr>\n<td>Silicio (Si)<\/td>\n<td>&lt; 1.0<\/td>\n<\/tr>\n<tr>\n<td>Carbonio (C)<\/td>\n<td>&lt; 0,03<\/td>\n<\/tr>\n<\/tbody>\n<\/table>\n<p class=\"whitespace-pre-wrap\">Gli elementi di lega principali e i loro effetti sono:<\/p>\n<ul class=\"list-disc pl-8 space-y-2\">\n<li class=\"whitespace-normal\"><strong>Chromium<\/strong>?- Fornisce resistenza a corrosione ed ossidazione<\/li>\n<li class=\"whitespace-normal\"><strong>Nickel<\/strong>- Aumenta la tenacit\u00e0 e la duttilit\u00e0<\/li>\n<li class=\"whitespace-normal\"><strong>Cobalto<\/strong>?- Potenziatore di soluzione solida, aumenta la resistenza<\/li>\n<li class=\"whitespace-normal\"><strong>Molibdeno<\/strong>?- Rinforzo per soluzioni solide, aumenta la resistenza e la resistenza allo scorrimento<\/li>\n<li class=\"whitespace-normal\"><strong>Manganese e silicio<\/strong>?- Deossidanti per migliorare la lavorabilit\u00e0 della polvere<\/li>\n<li class=\"whitespace-normal\"><strong>Carbonio<\/strong>?- Tenere basso per una migliore saldabilit\u00e0<\/li>\n<\/ul>\n<p class=\"whitespace-pre-wrap\">La combinazione di questi elementi conferisce all\u2019acciaio inossidabile AerMet100 il suo set unico di propriet\u00e0.<\/p>\n<h2>Propriet\u00e0 della polvere in acciaio inossidabile AerMet100<\/h2>\n<p class=\"whitespace-pre-wrap\">AerMet100 presenta le seguenti propriet\u00e0 fisiche e meccaniche in condizioni \"as-built\" AM e trattate termicamente:<\/p>\n<table>\n<thead>\n<tr>\n<th>Propriet\u00e0<\/th>\n<th>As-Built<\/th>\n<th>Trattamento termico<\/th>\n<\/tr>\n<\/thead>\n<tbody>\n<tr>\n<td><strong>Densit\u00e0<\/strong><\/td>\n<td>7,9 g\/cc<\/td>\n<td>7,9 g\/cc<\/td>\n<\/tr>\n<tr>\n<td><strong>Porosit\u00e0<\/strong><\/td>\n<td>&lt; 1 %<\/td>\n<td>&lt; 1 %<\/td>\n<\/tr>\n<tr>\n<td><strong>Rugosit\u00e0 superficiale (Ra)<\/strong><\/td>\n<td>15-25 \u00c3\u2014m<\/td>\n<td>15-25 \u00c3\u2014m<\/td>\n<\/tr>\n<tr>\n<td><strong>Durezza<\/strong><\/td>\n<td>30-35 HRC<\/td>\n<td>34-38 HRC<\/td>\n<\/tr>\n<tr>\n<td><strong>Resistenza alla trazione<\/strong><\/td>\n<td>170\u00a0190\u00a0ksi<\/td>\n<td>190-220 ksi<\/td>\n<\/tr>\n<tr>\n<td><strong>Resistenza allo snervamento (Offset dello 0,2%)<\/strong><\/td>\n<td>160-180 ksi<\/td>\n<td>180-210 ksi<\/td>\n<\/tr>\n<tr>\n<td><strong>Allungamento<\/strong><\/td>\n<td>8-13%<\/td>\n<td>10-15%<\/td>\n<\/tr>\n<tr>\n<td><strong>Riduzione dell'area<\/strong><\/td>\n<td>15-25%<\/td>\n<td>15-25%<\/td>\n<\/tr>\n<tr>\n<td><strong>Modulo di elasticit\u00e0<\/strong><\/td>\n<td>27-30 mesi<\/td>\n<td>Msi 29-32<\/td>\n<\/tr>\n<tr>\n<td><strong>CTE (70-400\u00a1\u00abC)<\/strong><\/td>\n<td>11-12 A\/m\/m\u00a1\u00abC<\/td>\n<td>11-12 A\/m\/m\u00a1\u00abC<\/td>\n<\/tr>\n<tr>\n<td><strong>Conduttivit\u00e0<\/strong><\/td>\n<td>25-30% IACS<\/td>\n<td>25-30% IACS<\/td>\n<\/tr>\n<\/tbody>\n<\/table>\n<p class=\"whitespace-pre-wrap\">Le propriet\u00e0 rendono AerMet100 idoneo per componenti strutturali ad alta resistenza, fissaggi aerospaziali, utensili di perforazione, valvole e pompe e altre parti critiche dove la resistenza all'affaticamento \u00e8 di primaria importanza.<\/p>\n<h2>Applicazioni con polvere di acciaio inossidabile AerMet100<\/h2>\n<p class=\"whitespace-pre-wrap\">Le particolari propriet\u00e0 dell'AerMet100 ne rendono l'installazione una scelta eccellente per le seguenti applicazioni:<\/p>\n<h3>Aerospaziale<\/h3>\n<ul class=\"list-disc pl-8 space-y-2\">\n<li class=\"whitespace-normal\">Staffaggi strutturali, bretelle, componenti della fusoliera<\/li>\n<li class=\"whitespace-normal\">Parti del carrello di atterraggio, componenti alari, impennaggi<\/li>\n<li class=\"whitespace-normal\">Supporti motore, componenti di scarico<\/li>\n<li class=\"whitespace-normal\">Pale di turbina, giranti, componenti compressore<\/li>\n<li class=\"whitespace-normal\">Fissaggi di alta resistenza, bulloni, dadi, rivetti<\/li>\n<\/ul>\n<h3>Petrolio e gas<\/h3>\n<ul class=\"list-disc pl-8 space-y-2\">\n<li class=\"whitespace-normal\">Utensili e componenti per perforazione da foro a fondo<\/li>\n<li class=\"whitespace-normal\">Parti di teste di pozzo, valvole, pompe<\/li>\n<li class=\"whitespace-normal\">Serbatoi a pressione, raccordi per tubi<\/li>\n<li class=\"whitespace-normal\">Parti strutturali subacquee\/offshore<\/li>\n<\/ul>\n<h3>Automotive<\/h3>\n<ul class=\"list-disc pl-8 space-y-2\">\n<li class=\"whitespace-normal\">Componenti di generazione di energia<\/li>\n<li class=\"whitespace-normal\">Parti di sistemi di trasmissione come ingranaggi e alberi<\/li>\n<li class=\"whitespace-normal\">Tiranti strutturali, componenti del telaio<\/li>\n<li class=\"whitespace-normal\">Componenti da corsa ad alte prestazioni<\/li>\n<\/ul>\n<h3>Industriale<\/h3>\n<ul class=\"list-disc pl-8 space-y-2\">\n<li class=\"whitespace-normal\">Parti di robotica soggetti ad usura ed impatto<\/li>\n<li class=\"whitespace-normal\">Stampi, matrici, utensili<\/li>\n<li class=\"whitespace-normal\">Parti per la movimentazione di fluidi come valvole e pompe<\/li>\n<li class=\"whitespace-normal\">Altri componenti caricati ad alto ciclo<\/li>\n<\/ul>\n<p class=\"whitespace-pre-wrap\">L'eccellente resistenza a fatica di AerMet100 lo rende un sostituto ideale per componenti tradizionalmente realizzati in titanio o leghe di nichel. L'elevata durezza garantisce anche una buona resistenza all'usura.<\/p>\n<h2>Specifiche della polvere di acciaio inossidabile AerMet100<\/h2>\n<p class=\"whitespace-pre-wrap\">I prodotti in polvere AerMet100 soddisfano le seguenti specifiche:<\/p>\n<table>\n<thead>\n<tr>\n<th><strong>Specificazione<\/strong><\/th>\n<th><strong>Grado\/Lega<\/strong><\/th>\n<\/tr>\n<\/thead>\n<tbody>\n<tr>\n<td>AMS 7245<\/td>\n<td>AerMet100<\/td>\n<\/tr>\n<tr>\n<td>ASTM F3056<\/td>\n<td>AlloySpec 23A<\/td>\n<\/tr>\n<tr>\n<td>DIN 17224<\/td>\n<td>X3NiCoMoAl 15-7-3<\/td>\n<\/tr>\n<\/tbody>\n<\/table>\n<p class=\"whitespace-pre-wrap\">Distributioni delle dimensioni tipiche per l'elaborazione AM:<\/p>\n<table>\n<thead>\n<tr>\n<th><strong>Dimensione particellare<\/strong><\/th>\n<th><strong>Distribuzione<\/strong><\/th>\n<\/tr>\n<\/thead>\n<tbody>\n<tr>\n<td>15-53 \u00c3\u2014 m<\/td>\n<td>98%<\/td>\n<\/tr>\n<tr>\n<td>&lt;106 \u00c3\u00d7m<\/td>\n<td>99%<\/td>\n<\/tr>\n<\/tbody>\n<\/table>\n<p class=\"whitespace-pre-wrap\">La composizione chimica deve rispettare gli intervalli consentiti per elementi quali Cr, Ni, Co, Mo, C, ecc. come delineato nelle specifiche AMS 7245 per la lega Aermet100.<\/p>\n<p class=\"whitespace-pre-wrap\">Le propriet\u00e0 meccaniche devono soddisfare o superare i valori minimi per durezza, resistenza alla trazione, resistenza allo snervamento, allungamento e riduzione percentuale di area indicati in AMS 7245.<\/p>\n<p class=\"whitespace-pre-wrap\">I controlli non distruttivi, come il penetrante colorato o l'ispezione con particelle magnetiche, non devono mostrare difetti o sbavature critiche. La polvere deve avere una buona scorrevolezza e non presentare grumi.<\/p>\n<h2>Fornitori e prezzi di polvere di acciaio inossidabile AerMet100<\/h2>\n<p class=\"whitespace-pre-wrap\">La polvere di AerMet100 \u00e8 disponibile presso i seguenti fornitori principali:<\/p>\n<table>\n<thead>\n<tr>\n<th><strong>Fornitore<\/strong><\/th>\n<th><strong>Nome del prodotto<\/strong><\/th>\n<th><strong>Fascia di prezzo al kg<\/strong><\/th>\n<\/tr>\n<\/thead>\n<tbody>\n<tr>\n<td>Additive Carpenter<\/td>\n<td>CarTech AerMet100<\/td>\n<td>$85-110<\/td>\n<\/tr>\n<tr>\n<td>H\u00e5kon<\/td>\n<td>Digital Metal DM100<\/td>\n<td>$90-120<\/td>\n<\/tr>\n<tr>\n<td>Praxair<\/td>\n<td>TRU100<\/td>\n<td>$80-100<\/td>\n<\/tr>\n<tr>\n<td>Sandvik Osprey<\/td>\n<td>Osprey Met 100<\/td>\n<td>$75-95<\/td>\n<\/tr>\n<\/tbody>\n<\/table>\n<p class=\"whitespace-pre-wrap\">I prezzi variano in base al volume degli ordini, alla dimensione dei lotti, al distributore regionale e ad altri sconti. Piccole quantit\u00e0 di ricerca potrebbero costare di pi\u00f9 dei volumi di produzione in blocco.<\/p>\n<h2>Archiviazione e gestione<\/h2>\n<p class=\"whitespace-pre-wrap\">Per mantenere la qualit\u00e0 della polvere AerMet100 per l'utilizzo AM, si applicano i seguenti indirizzi per la conservazione e la gestione:<\/p>\n<ul class=\"list-disc pl-8 space-y-2\">\n<li class=\"whitespace-normal\">Conservare i contenitori sigillati in un luogo fresco, asciutto e lontano da umidit\u00e0 e fonti di contaminazione<\/li>\n<li class=\"whitespace-normal\">Evitare di esporre la polvere a elevata umidit\u00e0 (&gt;60% RH) per un periodo prolungato<\/li>\n<li class=\"whitespace-normal\">Lasciare che la polvere si equilibri alla temperatura ambiente prima di aprire il contenitore per impedire la formazione di condensa<\/li>\n<li class=\"whitespace-normal\">Versare e trasferire polvere in ambienti inerti a basso contenuto di ossigeno, se possibile<\/li>\n<li class=\"whitespace-normal\">Utilizzare attrezzature per la movimentazione di polveri e accessori realizzati con materiali compatibili per prevenire la contaminazione<\/li>\n<li class=\"whitespace-normal\">Limita il riutilizzo della polvere a 2-3 cicli al massimo per evitare il degrado delle propriet\u00e0<\/li>\n<li class=\"whitespace-normal\">Effettuare le prove della polvere usata per garantire che soddisfi ancora tutte le specifiche per il riutilizzo<\/li>\n<\/ul>\n<p class=\"whitespace-pre-wrap\">Una corretta conservazione e una gestione attenta sono la chiave per prevenire l'ossidazione della polvere, la contaminazione o i cambiamenti di scorrevolezza.<\/p>\n<h2>Informazioni sulla sicurezza<\/h2>\n<ul class=\"list-disc pl-8 space-y-2\">\n<li class=\"whitespace-normal\">Indossare dpi quando si maneggia la polvere: guanti, maschera di respirazione, occhiali protettivi<\/li>\n<li class=\"whitespace-normal\">Per evitare possibili reazioni allergiche evitare il contatto con la pelle<\/li>\n<li class=\"whitespace-normal\">Evitare di inalare polveri sottili per lunghi periodi<\/li>\n<li class=\"whitespace-normal\">Assicurare una adeguata ventilazione e raccolta della polvere durante la lavorazione<\/li>\n<li class=\"whitespace-normal\">Utilizzare utensili che non creano scintille per distribuire e gestire la polvere<\/li>\n<li class=\"whitespace-normal\">Si raccomanda di inertizzare con gas inerte la copertura per la movimentazione della polvere<\/li>\n<li class=\"whitespace-normal\">Osservare tutte le linee guida del foglio dati di sicurezza (SDS) applicabili<\/li>\n<li class=\"whitespace-normal\">Smaltire secondo le normative locali e garantire il contenimento<\/li>\n<\/ul>\n<p class=\"whitespace-pre-wrap\">Le polveri in lega AerMet100 in genere non sono materiali pericolosi, ma \u00e8 consigliabile seguire le pratiche di base di sicurezza durante la conservazione, la gestione e la lavorazione.<\/p>\n<h2>Ispezione e test<\/h2>\n<p class=\"whitespace-pre-wrap\">Per garantire che la polvere AerMet100 sia conforme alle specifiche, \u00e8 possibile utilizzare le seguenti procedure di controllo e collaudo:<\/p>\n<table>\n<thead>\n<tr>\n<th><strong>Metodo di Test<\/strong><\/th>\n<th><strong>Propriet\u00e0 verificata<\/strong><\/th>\n<\/tr>\n<\/thead>\n<tbody>\n<tr>\n<td>Ispezione visiva<\/td>\n<td>Scorrimento della polvere, contaminazione<\/td>\n<\/tr>\n<tr>\n<td>Microscopia elettronica a scansione<\/td>\n<td>Distribuzione granulometrica e morfologia<\/td>\n<\/tr>\n<tr>\n<td>Spettroscopia di raggi X con energia dispersiva<\/td>\n<td>Chimica delle leghe, contaminazione<\/td>\n<\/tr>\n<tr>\n<td>Diffrazione dei raggi X<\/td>\n<td>Fasi presenti, contaminazione<\/td>\n<\/tr>\n<tr>\n<td>Misuratore di portata a sbarra<\/td>\n<td>Portata in polvere<\/td>\n<\/tr>\n<tr>\n<td>Densit\u00e0 apparente<\/td>\n<td>Densit\u00e0 di impaccamento di polvere<\/td>\n<\/tr>\n<tr>\n<td>Test di densit\u00e0 del tap<\/td>\n<td>Scorrimento della polvere<\/td>\n<\/tr>\n<tr>\n<td>Analisi granulometrica<\/td>\n<td>Distribuzione granulometrica secondo ASTM B214<\/td>\n<\/tr>\n<tr>\n<td>Analisi chimica<\/td>\n<td>Composizione per AMS 7245, ossidi<\/td>\n<\/tr>\n<tr>\n<td>Misura di densit\u00e0<\/td>\n<td>Densit\u00e0 della polvere vs AMS 7245<\/td>\n<\/tr>\n<\/tbody>\n<\/table>\n<p class=\"whitespace-pre-wrap\">I test meccanici su provini stampati secondo l'AMS 7245 convalidano che le propriet\u00e0 finali delle parti soddisfano i requisiti. I metodi di prova includono la durezza, la trazione, l'urto Charpy, la fatica ad alto numero di cicli, la fatica a basso numero di cicli, la rottura per creep, la tenacit\u00e0 alla frattura, la corrosione, ecc.<\/p>\n<h2>Confronto tra le polveri di acciaio inossidabile AerMet100 e materiali simili<\/h2>\n<p class=\"whitespace-pre-wrap\">AerMet100 si confronta con altri acciai inossidabili martensitici ad alta resistenza come segue:<\/p>\n<table>\n<thead>\n<tr>\n<th><strong>Lega<\/strong><\/th>\n<th><strong>Forza<\/strong><\/th>\n<th><strong>Ducilit\u00e0<\/strong><\/th>\n<th><strong>Saldabilit\u00e0<\/strong><\/th>\n<th><strong>Costi<\/strong><\/th>\n<\/tr>\n<\/thead>\n<tbody>\n<tr>\n<td>AerMet100<\/td>\n<td>Elevatissimo<\/td>\n<td>Moderato<\/td>\n<td>Fiera<\/td>\n<td>Moderato<\/td>\n<\/tr>\n<tr>\n<td>17-4PH<\/td>\n<td>Elevato<\/td>\n<td>Scarso<\/td>\n<td>Scarso<\/td>\n<td>Scarso<\/td>\n<\/tr>\n<tr>\n<td>Personalizzato 465<\/td>\n<td>Elevatissimo<\/td>\n<td>Scarso<\/td>\n<td>Scarso<\/td>\n<td>Elevato<\/td>\n<\/tr>\n<tr>\n<td>316L<\/td>\n<td>Moderato<\/td>\n<td>Elevato<\/td>\n<td>Eccellente<\/td>\n<td>Scarso<\/td>\n<\/tr>\n<tr>\n<td>Inconel 718<\/td>\n<td>Elevato<\/td>\n<td>Elevato<\/td>\n<td>Moderato<\/td>\n<td>Elevatissimo<\/td>\n<\/tr>\n<\/tbody>\n<\/table>\n<p class=\"whitespace-pre-wrap\"><strong>Vantaggi di AerMet100:<\/strong><\/p>\n<ul class=\"list-disc pl-8 space-y-2\">\n<li class=\"whitespace-normal\">Resistenza maggiore rispetto alla 17-4PH e alla 316L<\/li>\n<li class=\"whitespace-normal\">Migliore duttilit\u00e0 di Custom 465 per maggiore resistenza all'impatto<\/li>\n<li class=\"whitespace-normal\">Pi\u00f9 saldabili di leghe indurite con precipitati<\/li>\n<li class=\"whitespace-normal\">Costo inferiore all'Inconel 718<\/li>\n<\/ul>\n<p class=\"whitespace-pre-wrap\"><strong>Limiti di AerMet100:<\/strong><\/p>\n<ul class=\"list-disc pl-8 space-y-2\">\n<li class=\"whitespace-normal\">Minore duttilit\u00e0\/tenacia alla frattura rispetto all'austenitico 316L<\/li>\n<li class=\"whitespace-normal\">Saldatura di qualit\u00e0 inferiore al 316L<\/li>\n<li class=\"whitespace-normal\">Costo elevato rispetto a 17-4PH oppure 316L<\/li>\n<li class=\"whitespace-normal\">Resistenza minore di Custom 465 in stato di invecchiamento di picco<\/li>\n<\/ul>\n<p class=\"whitespace-pre-wrap\">Nel complesso, AerMet100 fornisce una combinazione ottimale di resistenza, duttilit\u00e0, saldabilit\u00e0 e costo per componenti ad alte prestazioni realizzati mediante processi di produzione additiva.<\/p>\n<h2>FAQ<\/h2>\n<p class=\"whitespace-pre-wrap\"><strong>Q: Quali sono i principali vantaggi della lega AerMet100?<\/strong><\/p>\n<p class=\"whitespace-pre-wrap\">I principali vantaggi di AerMet100 sono l\u2019elevata resistenza e durezza unita a un\u2019ottima duttilit\u00e0, eccellente resistenza alla fatica, resistenza allo scorrimento plastico, resistenza alla corrosione e costo moderato. Questo lo rende ben adatto per applicazioni AM critiche.<\/p>\n<p class=\"whitespace-pre-wrap\"><strong>D: Quale trattamento termico \u00e8 utilizzato per AerMet100?<\/strong><\/p>\n<p class=\"whitespace-pre-wrap\">A: Un tipico trattamento termico consiste in 1-2 ore di mantenimento in soluzione a 1040-1080 \u00b0C seguito da raffreddamento in aria o in forno a temperatura ambiente, quindi invecchiamento a 480 \u00b0C per 4 ore per raggiungere la massima resistenza e durezza.<\/p>\n<p class=\"whitespace-pre-wrap\"><strong>Q: Che processo di saldatura pu\u00f2 essere usato per unire le parti di AerMet100?<\/strong><\/p>\n<p class=\"whitespace-pre-wrap\">A: Per evitare fessurazioni e minimizzare la distorsione, per AerMet100 si consigliano metodi di saldatura a fusione quali GTAW, GMAW e PAW. Viene inoltre suggerita saldatura con basso apporto termico e martellatura delle saldature. Anche la brasatura pu\u00f2 produrre buone giunzioni.<\/p>\n<p class=\"whitespace-pre-wrap\"><strong>D: Come si confronta AerMet100 con gli acciai maraging per la fabbricazione additiva?<\/strong><\/p>\n<p class=\"whitespace-pre-wrap\">A: L'AerMet100 ha una maggiore duttilit\u00e0 ma una resistenza leggermente inferiore rispetto agli acciai maraging come 18Ni300 o 18Ni350. Gli acciai maraging hanno una scarsa saldabilit\u00e0. L'AerMet100 \u00e8 una buona alternativa a basso costo al maraging.<\/p>\n<p class=\"whitespace-pre-wrap\"><strong>D: AerMet100 pu\u00f2 essere lavorato dopo la lavorazione AM?<\/strong><\/p>\n<p class=\"whitespace-pre-wrap\">A: S\u00ec, AerMet100 pu\u00f2 essere lavorato dopo la produzione additiva, ma bisogna prestare attenzione a tenere conto degli effetti di indurimento da lavoro. Si consigliano bassi sforzi di taglio, utensili in carburo e un'adeguata refrigerazione. Dopo una lavorazione estesa potrebbe essere necessaria la ricottura.<\/p>\n<p class=\"whitespace-pre-wrap\"><strong>D: Qual \u00e8 la gamma di dimensione delle particelle della polvere AerMet100 ottimale per la FA?<\/strong><\/p>\n<p class=\"whitespace-pre-wrap\">A: La gamma di dimensioni delle particelle consigliate per la FA \u00e8 15-45 \u00c3\u00d7m. Polveri pi\u00f9 fini migliorano la risoluzione ma possono influire negativamente sulla fluidit\u00e0. Polveri pi\u00f9 grossolane al di sopra di 53 \u00c3\u00d7m possono causare difetti di stampa. Il punto ottimale tipico \u00e8 25-35 \u00c3\u00d7m.<\/p>\n<p><\/span><\/span><\/p>","protected":false},"excerpt":{"rendered":"<p>La polvere di acciaio inossidabile AerMet100 \u00e8 una polvere di lega ad alte prestazioni progettata per applicazioni di produzione additiva che richiedono elevata forza e resistenza alla fatica. Alcune caratteristiche chiave di questo materiale sono: Elevata resistenza e durezza - AerMet100 ha un'eccellente resistenza con una forza di trazione superiore a 200 ksi e una durezza compresa tra 30 e 36 HRC. Buona duttilit\u00e0 - Nonostante l'elevata resistenza,...<\/p>","protected":false},"featured_media":1950,"parent":0,"template":"","meta":{"_acf_changed":false,"_kad_blocks_custom_css":"","_kad_blocks_head_custom_js":"","_kad_blocks_body_custom_js":"","_kad_blocks_footer_custom_js":"","_kad_post_transparent":"","_kad_post_title":"","_kad_post_layout":"","_kad_post_sidebar_id":"","_kad_post_content_style":"","_kad_post_vertical_padding":"","_kad_post_feature":"","_kad_post_feature_position":"","_kad_post_header":false,"_kad_post_footer":false,"_kad_post_classname":""},"product-category":[119,122],"class_list":["post-3944","product","type-product","status-publish","has-post-thumbnail","hentry","product-category-3d-printing-metal-powder","product-category-iron-based-alloy-powder"],"acf":[],"taxonomy_info":{"product-category":[{"value":119,"label":"3D Printing Metal Powder"},{"value":122,"label":"Iron Based Alloy Powder"}]},"featured_image_src_large":["https:\/\/3dpmetal.com\/wp-content\/uploads\/2024\/02\/300M-Stainless-Steel-Powder.jpg",545,408,false],"author_info":[],"comment_info":"","_links":{"self":[{"href":"https:\/\/3dpmetal.com\/it\/wp-json\/wp\/v2\/product\/3944","targetHints":{"allow":["GET"]}}],"collection":[{"href":"https:\/\/3dpmetal.com\/it\/wp-json\/wp\/v2\/product"}],"about":[{"href":"https:\/\/3dpmetal.com\/it\/wp-json\/wp\/v2\/types\/product"}],"wp:featuredmedia":[{"embeddable":true,"href":"https:\/\/3dpmetal.com\/it\/wp-json\/wp\/v2\/media\/1950"}],"wp:attachment":[{"href":"https:\/\/3dpmetal.com\/it\/wp-json\/wp\/v2\/media?parent=3944"}],"wp:term":[{"taxonomy":"product-category","embeddable":true,"href":"https:\/\/3dpmetal.com\/it\/wp-json\/wp\/v2\/product-category?post=3944"}],"curies":[{"name":"wp","href":"https:\/\/api.w.org\/{rel}","templated":true}]}}