{"id":3946,"date":"2024-03-18T06:10:15","date_gmt":"2024-03-18T06:10:15","guid":{"rendered":"https:\/\/3dp.45612300.xyz\/product\/gh3536-alloy-powder\/"},"modified":"2024-03-18T06:10:15","modified_gmt":"2024-03-18T06:10:15","slug":"gh3536-alloy-powder","status":"publish","type":"product","link":"https:\/\/3dpmetal.com\/it\/product\/gh3536-alloy-powder\/","title":{"rendered":"Polvere di lega GH3536"},"content":{"rendered":"<p><span style=\"vertical-align: inherit;\"><span style=\"vertical-align: inherit;\"><\/p>\n<p class=\"whitespace-pre-wrap\">La polvere di lega GH3536 \u00e8 stata progettata specificatamente per la fabbricazione additiva, utilizzando tecniche di ottimizzazione della composizione e atomizzazione delle polveri per ottenere propriet\u00e0 superiori rispetto alle superleghe di nichel convenzionali. Le caratteristiche fondamentali della polvere di lega GH3536 includono:<\/p>\n<ul class=\"list-disc pl-8 space-y-2\">\n<li class=\"whitespace-normal\">Elevata robustezza a temperature fino a 760\u00a1\u00abC (1400\u00a1\u00abF)<\/li>\n<li class=\"whitespace-normal\">Resistenza all'ossidazione e alla corrosione in ambienti difficili<\/li>\n<li class=\"whitespace-normal\">Eccellente durata di fatica termica e resistenza alla propagazione delle crepe<\/li>\n<li class=\"whitespace-normal\">Buona stampabilit\u00e0 e bassa porosit\u00e0 dei pezzi stampati<\/li>\n<li class=\"whitespace-normal\">Pu\u00f2 essere sottoposto a indurimento per ottimizzare la resistenza e la duttilit\u00e0<\/li>\n<\/ul>\n<p class=\"whitespace-pre-wrap\">La combinazione di propriet\u00e0 rende GH3536 adatto per componenti soggetti a temperature e sollecitazioni estreme nell'industria aerospaziale, nella generazione di energia, nei settori petrolifero e del gas e nella lavorazione chimica. Sia la fabbricazione di nuovi componenti sia la riparazione di componenti usurati possono beneficiare dall'uso di questa polvere avanzata.<\/p>\n<p>&nbsp;<\/p>\n<p><img loading=\"lazy\" decoding=\"async\" class=\"size-medium wp-image-2078 aligncenter\" src=\"https:\/\/met3dp.com\/wp-content\/uploads\/2023\/10\/GH3536-1-300x300.jpg\" alt=\"GH3536 alloy powder\" width=\"300\" height=\"300\" title=\"\"><\/p>\n<p>&nbsp;<\/p>\n<h2>Composizione in polvere di lega GH3536<\/h2>\n<p class=\"whitespace-pre-wrap\">GH3536 \u00e8 costituito da una composizione complessa progettata per fornire un equilibrio ottimale di propriet\u00e0. Di seguito viene riportata la composizione nominale:<\/p>\n<table>\n<thead>\n<tr>\n<th>Elemento<\/th>\n<th>% Peso<\/th>\n<\/tr>\n<\/thead>\n<tbody>\n<tr>\n<td>Nichel (Ni)<\/td>\n<td>Equilibrio<\/td>\n<\/tr>\n<tr>\n<td>Cromo (Cr)<\/td>\n<td>13.5 &#8211; 16.0<\/td>\n<\/tr>\n<tr>\n<td>Cobalto (Co)<\/td>\n<td>12.0 &#8211; 15.0<\/td>\n<\/tr>\n<tr>\n<td>Tungsteno (W)<\/td>\n<td>5.0 &#8211; 7.0<\/td>\n<\/tr>\n<tr>\n<td>Tantalio (Ta)<\/td>\n<td>3.0 &#8211; 5.0<\/td>\n<\/tr>\n<tr>\n<td>Alluminio (Al)<\/td>\n<td>2.8 &#8211; 3.8<\/td>\n<\/tr>\n<tr>\n<td>Titanio (Ti)<\/td>\n<td>0.5 &#8211; 1.5<\/td>\n<\/tr>\n<tr>\n<td>Niobio (Nb)<\/td>\n<td>0.5 &#8211; 1.5<\/td>\n<\/tr>\n<tr>\n<td>Hafnio (Hf)<\/td>\n<td>0.2 &#8211; 0.8<\/td>\n<\/tr>\n<tr>\n<td>Carbonio (C)<\/td>\n<td>0.05 &#8211; 0.15<\/td>\n<\/tr>\n<tr>\n<td>Boro (B)<\/td>\n<td>0.01 &#8211; 0.03<\/td>\n<\/tr>\n<tr>\n<td>Zirconio (Zr)<\/td>\n<td>0.01 &#8211; 0.05<\/td>\n<\/tr>\n<\/tbody>\n<\/table>\n<p class=\"whitespace-pre-wrap\">Il nichel costituisce la matrice, mentre elementi come cromo, cobalto e alluminio migliorano la resistenza all'ossidazione. Elementi refrattari come tantalio, tungsteno, niobio e afnio contribuiscono alla resistenza a temperature elevate. Il titanio e il niobio rinforzano la lega mediante la formazione di carburo. Tracce di carbonio, boro e zirconio migliorano l'indurimento per precipitazione.<\/p>\n<p class=\"whitespace-pre-wrap\">La composizione della polvere \u00e8 stata ideata per limitarne la segregazione e garantire uniformit\u00e0 della composizione durante la stampa, assicurando cos\u00ec propriet\u00e0 uniformi nel componente finale. Anche la morfologia sferica della polvere ne migliora la scorrevolezza e la densit\u00e0 di imballaggio per garantirne una buona stampabilit\u00e0.<\/p>\n<h2>Propriet\u00e0 della polvere di lega GH3536<\/h2>\n<p class=\"whitespace-pre-wrap\">GH3536 mostra una combinazione eccellente di resistenza, duttilit\u00e0 e resistenza ambientale dovuta alla sua composizione personalizzata e al processo di produzione ottimizzato. Di seguito sono riepilogate le propriet\u00e0 fondamentali:<\/p>\n<p class=\"whitespace-pre-wrap\"><strong>Propriet\u00e0 meccaniche<\/strong><\/p>\n<table>\n<thead>\n<tr>\n<th>Propriet\u00e0<\/th>\n<th>Come stampato<\/th>\n<th>Anzianit\u00e0<\/th>\n<\/tr>\n<\/thead>\n<tbody>\n<tr>\n<td>Resistenza alla trazione<\/td>\n<td>1050\u20131250 MPa (152\u2013181 ksi)<\/td>\n<td>1275-1400 MPa (185-203 ksi)<\/td>\n<\/tr>\n<tr>\n<td>Resistenza allo snervamento (Offset dello 0,2%)<\/td>\n<td>900 \u2013 1100 MPa (131 \u2013 160 ksi)<\/td>\n<td>1150-1300 MPa (167-189 ksi)<\/td>\n<\/tr>\n<tr>\n<td>Allungamento<\/td>\n<td>25 &#8211; 35%<\/td>\n<td>16 &#8211; 22%<\/td>\n<\/tr>\n<tr>\n<td>Durezza<\/td>\n<td>32 &#8211; 38 CHR<\/td>\n<td>36 &#8211; 43 HRC<\/td>\n<\/tr>\n<\/tbody>\n<\/table>\n<p class=\"whitespace-pre-wrap\"><strong>Propriet\u00e0 fisiche<\/strong><\/p>\n<table>\n<thead>\n<tr>\n<th>Propriet\u00e0<\/th>\n<th>Valore tipico<\/th>\n<\/tr>\n<\/thead>\n<tbody>\n<tr>\n<td>Densit\u00e0<\/td>\n<td>8,3 g\/cm3<\/td>\n<\/tr>\n<tr>\n<td>Punto di fusione<\/td>\n<td>1310\u00b0C (2390\u00b0F)<\/td>\n<\/tr>\n<\/tbody>\n<\/table>\n<p class=\"whitespace-pre-wrap\"><strong>Propriet\u00e0 termiche<\/strong><\/p>\n<table>\n<thead>\n<tr>\n<th>Propriet\u00e0<\/th>\n<th>Temperatura<\/th>\n<\/tr>\n<\/thead>\n<tbody>\n<tr>\n<td>Coefficiente di espansione termica<\/td>\n<td>12,8 x 10^-6\/\u00a1\u00abC a 20-100\u00a1\u00abC<\/td>\n<\/tr>\n<tr>\n<td>Conduttivit\u00e0 termica<\/td>\n<td>11,4 W\/m-K a 20\u00a1\u00abC<\/td>\n<\/tr>\n<tr>\n<td>Calore specifico<\/td>\n<td>0,43 J\/g-\u00a1\u00abC alle 20\u00a1\u00abC<\/td>\n<\/tr>\n<\/tbody>\n<\/table>\n<p class=\"whitespace-pre-wrap\"><strong>Resistenza all'ossidazione<\/strong><\/p>\n<ul class=\"list-disc pl-8 space-y-2\">\n<li class=\"whitespace-normal\">Resiste all'ossidazione nell'aria fino a ~980\u00a1\u00abC. Si forma una pellicola protettiva di ossido di Cr2O3.<\/li>\n<li class=\"whitespace-normal\">Resistenza maggiore all'ossidazione rispetto all'Inconel 718 e molte altre leghe a base di nichel.<\/li>\n<\/ul>\n<p class=\"whitespace-pre-wrap\"><strong>Resistenza alla corrosione<\/strong><\/p>\n<ul class=\"list-disc pl-8 space-y-2\">\n<li class=\"whitespace-normal\">Eccellente resistenza alla corrosione a caldo e alla solfatazione.<\/li>\n<li class=\"whitespace-normal\">Resiste molti acidi organici, cloruri, caustici.<\/li>\n<\/ul>\n<p class=\"whitespace-pre-wrap\"><strong>Altre propriet\u00e0<\/strong><\/p>\n<ul class=\"list-disc pl-8 space-y-2\">\n<li class=\"whitespace-normal\">Conserva resistenza e duttilit\u00e0 dopo esposizioni prolungate fino a 760\u00a1\u00abC.<\/li>\n<li class=\"whitespace-normal\">Eccellente durata alla fatica termica. Resiste alla crescita delle crepe.<\/li>\n<li class=\"whitespace-normal\">Basso coefficiente di attrito e resistenza al grippaggio.<\/li>\n<\/ul>\n<p class=\"whitespace-pre-wrap\">La resistenza di GH3536 in condizioni invecchiate supera quella delle superleghe di nichel convenzionali come Inconel 718, mantenendo al contempo una duttilit\u00e0 robusta. La lega \u00e8 pi\u00f9 resistente di molti acciai inossidabili alle alte temperature. La resistenza all'ossidazione si avvicina a quella delle leghe nichel-cromo come Inconel 601. Nel complesso, GH3536 offre un eccezionale equilibrio di propriet\u00e0 per applicazioni critiche.<\/p>\n<h2>Applicazioni della polvere di lega GH3536<\/h2>\n<p class=\"whitespace-pre-wrap\">La combinazione di resistenza, resistenza ambientale, stampabilit\u00e0 e facilit\u00e0 di post-elaborazione rendono il GH3536 adatto a:<\/p>\n<p class=\"whitespace-pre-wrap\"><strong>Componenti per l'industria aerospaziale<\/strong><\/p>\n<ul class=\"list-disc pl-8 space-y-2\">\n<li class=\"whitespace-normal\">Palette turbina, rotore, combustori<\/li>\n<li class=\"whitespace-normal\">Parti strutturali, sistemi di atterraggio<\/li>\n<li class=\"whitespace-normal\">Ugelli per motori a razzo, propulsori<\/li>\n<li class=\"whitespace-normal\">Strutture calde per veicoli ipersonici<\/li>\n<\/ul>\n<p class=\"whitespace-pre-wrap\"><strong>Generazione energetica<\/strong><\/p>\n<ul class=\"list-disc pl-8 space-y-2\">\n<li class=\"whitespace-normal\">Parti di sezione calda della turbina a gas<\/li>\n<li class=\"whitespace-normal\">Scambiatori di calore, recuperatori<\/li>\n<li class=\"whitespace-normal\">schermi termici, pozzetti<\/li>\n<\/ul>\n<p class=\"whitespace-pre-wrap\"><strong>Petrolio e gas<\/strong><\/p>\n<ul class=\"list-disc pl-8 space-y-2\">\n<li class=\"whitespace-normal\">Utensili di fondo pozzo, parti per testata pozzo<\/li>\n<li class=\"whitespace-normal\">Valvole, pompe per servizi corrosivi<\/li>\n<\/ul>\n<p class=\"whitespace-pre-wrap\"><strong>Automotive<\/strong><\/p>\n<ul class=\"list-disc pl-8 space-y-2\">\n<li class=\"whitespace-normal\">Giranti e alloggiamenti turbocompressore<\/li>\n<li class=\"whitespace-normal\">Componenti di scarico<\/li>\n<\/ul>\n<p class=\"whitespace-pre-wrap\"><strong>Elaborazione chimica<\/strong><\/p>\n<ul class=\"list-disc pl-8 space-y-2\">\n<li class=\"whitespace-normal\">Valvole, pompe, reattori<\/li>\n<li class=\"whitespace-normal\">Tubi di scambiatori di calore<\/li>\n<\/ul>\n<p class=\"whitespace-pre-wrap\"><strong>Strumenti<\/strong><\/p>\n<ul class=\"list-disc pl-8 space-y-2\">\n<li class=\"whitespace-normal\">Stampi ad iniezione con raffreddamento conforme<\/li>\n<li class=\"whitespace-normal\">Stampi per fusione a pressione, utensili per stampaggio a caldo<\/li>\n<\/ul>\n<p class=\"whitespace-pre-wrap\"><strong>Altri<\/strong><\/p>\n<ul class=\"list-disc pl-8 space-y-2\">\n<li class=\"whitespace-normal\">Elementi riscaldanti<\/li>\n<li class=\"whitespace-normal\">Contenitori di rifiuti radioattivi<\/li>\n<li class=\"whitespace-normal\">Elementi di fissaggio e molle speciali<\/li>\n<\/ul>\n<p class=\"whitespace-pre-wrap\">GH3536 pu\u00f2 sostituire parti esistenti realizzate con materiali a prestazioni inferiori per migliorare la durevolezza e l'efficienza. La polvere \u00e8 inoltre ideale per realizzare nuovi progetti non possibili con la produzione convenzionale. Sono consentite sia la produzione di nuove parti sia la riparazione\/revisione di componenti usurati.<\/p>\n<h2>Stampa di polvere di lega GH3536<\/h2>\n<p class=\"whitespace-pre-wrap\">La polvere GH3536 pu\u00f2 essere stampata correttamente utilizzando processi di fusione mediante letto di polvere laser (L-PBF) e fusione mediante letto di polvere a fascio di elettroni (E-PBF). La morfologia della polvere sferica offre un buon flusso e imballaggio. Le considerazioni principali includono:<\/p>\n<p class=\"whitespace-pre-wrap\"><strong>Processo di stampa<\/strong><\/p>\n<ul class=\"list-disc pl-8 space-y-2\">\n<li class=\"whitespace-normal\">Tecnologie Laser e fascio di elettroni utilizzabili su letto di polvere<\/li>\n<li class=\"whitespace-normal\">I parametri del processo devono essere sviluppati per nuove macchine.<\/li>\n<li class=\"whitespace-normal\">Atmosfera in camera di gas inerte (argon o azoto).<\/li>\n<\/ul>\n<p class=\"whitespace-pre-wrap\"><strong>Specificazioni di polvere<\/strong><\/p>\n<ul class=\"list-disc pl-8 space-y-2\">\n<li class=\"whitespace-normal\">Intervalli dimensionali di particelle 10-45 \u00c3 \u00d7m, D50 in genere ~25 \u00c3 \u00d7m.<\/li>\n<li class=\"whitespace-normal\">Densit\u00e0 apparente 2,5-3,5 g\/cm3.<\/li>\n<li class=\"whitespace-normal\">Portata 25-35 s (flussometro Hall).<\/li>\n<\/ul>\n<p class=\"whitespace-pre-wrap\"><strong>Consigli di stampa<\/strong><\/p>\n<ul class=\"list-disc pl-8 space-y-2\">\n<li class=\"whitespace-normal\">Il preriscaldamento della piastra di base a ~150\u00a1\u00abC riduce le sollecitazioni termiche.<\/li>\n<li class=\"whitespace-normal\">Le velocit\u00e0 di scansione tipiche sono comprese tra 400 e 1000 mm\/s.<\/li>\n<li class=\"whitespace-normal\">Interasse di 0,08-0,12 mm per un buon addensamento.<\/li>\n<li class=\"whitespace-normal\">100% polvere fresca pronta per il riutilizzo.<\/li>\n<\/ul>\n<p class=\"whitespace-pre-wrap\"><strong>Post Processing<\/strong><\/p>\n<ul class=\"list-disc pl-8 space-y-2\">\n<li class=\"whitespace-normal\">Riduzione dello stress: 1080\u00a1\u00abC\/2hr, raffreddamento ad aria.<\/li>\n<li class=\"whitespace-normal\">Invecchiamento: 760\u00a1\u00abC \/ 8-16 ore, raffreddamento ad aria.<\/li>\n<li class=\"whitespace-normal\">La pressatura isostatica a caldo pu\u00f2 ulteriormente ridurre la porosit\u00e0.<\/li>\n<\/ul>\n<p class=\"whitespace-pre-wrap\">Con l\u2019ottimizzazione dei parametri \u00e8 possibile raggiungere densit\u00e0 superiori al 99,8%. La microstruttura consiste di granuli fini e uniformi adatti a impieghi critici.<\/p>\n<h2>Specifiche della polvere GH3536<\/h2>\n<p class=\"whitespace-pre-wrap\">La polvere di lega GH3536 \u00e8 disponibile in commercio con la distribuzione delle dimensioni standard e le classificazioni riepilogate di seguito. \u00c8 anche possibile produrre variazioni personalizzate.<\/p>\n<table>\n<thead>\n<tr>\n<th>Distribuzione granulometrica della polvere<\/th>\n<th><\/th>\n<\/tr>\n<\/thead>\n<tbody>\n<tr>\n<td>D10<\/td>\n<td>10 \u03c7\u03bc<\/td>\n<\/tr>\n<tr>\n<td>D50<\/td>\n<td>25 \u00b5m<\/td>\n<\/tr>\n<tr>\n<td>D90<\/td>\n<td>45 \u00b5m<\/td>\n<\/tr>\n<\/tbody>\n<\/table>\n<table>\n<thead>\n<tr>\n<th>Classi di polvere<\/th>\n<th>Portata di flusso nominale<\/th>\n<th>Densit\u00e0 apparente<\/th>\n<\/tr>\n<\/thead>\n<tbody>\n<tr>\n<td>Classe I<\/td>\n<td>25 s<\/td>\n<td>2,5 g\/cm3<\/td>\n<\/tr>\n<tr>\n<td>Classe II<\/td>\n<td>28 s<\/td>\n<td>2,8 g\/cm3<\/td>\n<\/tr>\n<tr>\n<td>Classe III<\/td>\n<td>32 s<\/td>\n<td>3,2 g\/cm3<\/td>\n<\/tr>\n<\/tbody>\n<\/table>\n<p class=\"whitespace-pre-wrap\">Altre specifiche:<\/p>\n<ul class=\"list-disc pl-8 space-y-2\">\n<li class=\"whitespace-normal\">Morfologia sferica con frazione di satelliti inferiore all'1%.<\/li>\n<li class=\"whitespace-normal\">Contenuto di ossigeno inferiore a 100 ppm.<\/li>\n<li class=\"whitespace-normal\">Nessun legante o lubrificante aggiunto.<\/li>\n<\/ul>\n<p class=\"whitespace-pre-wrap\">Ogni lotto di polvere \u00e8 fornito con un Certificato di analisi che riporta nel dettaglio la composizione, le caratteristiche delle particelle, la portata e altri parametri.<\/p>\n<h2>Maneggio e stoccaggio di GH3536<\/h2>\n<p class=\"whitespace-pre-wrap\">Per mantenere la qualit\u00e0 della polvere durante la movimentazione e lo stoccaggio:<\/p>\n<ul class=\"list-disc pl-8 space-y-2\">\n<li class=\"whitespace-normal\">Conservare i recipienti contenenti polvere sigillata in un ambiente fresco e asciutto. Si consiglia l'uso di un essiccante.<\/li>\n<li class=\"whitespace-normal\">Evitare di esporre la polvere a umidit\u00e0 che pu\u00f2 causare grumi e problemi di flusso.<\/li>\n<li class=\"whitespace-normal\">Limitare le escursioni di temperatura durante il trasporto e lo stoccaggio.<\/li>\n<li class=\"whitespace-normal\">Aprire i contenitori solo in una glove box a atmosfera inerte o camera ad argon.<\/li>\n<li class=\"whitespace-normal\">Elaborare immediatamente i contenitori aperti per limitare l'ossidazione. Non riutilizzare la polvere esposta.<\/li>\n<li class=\"whitespace-normal\">Utilizzare DPI adeguati ed evitare l'inalazione o il contatto con la pelle e gli occhi.<\/li>\n<\/ul>\n<p class=\"whitespace-pre-wrap\">Con una corretta manipolazione, la polvere GH3536 ha una durata di conservazione superiore a un anno dalla data di produzione. Si raccomanda la rotazione scorte FIFO.<\/p>\n<h2>Dati sulla sicurezza per GH3536<\/h2>\n<p class=\"whitespace-pre-wrap\">Come polvere in lega contenente nichel e altri elementi, durante la gestione \u00e8 necessario adottare le normali precauzioni di sicurezza:<\/p>\n<ul class=\"list-disc pl-8 space-y-2\">\n<li class=\"whitespace-normal\">Usa DPI: Mascherina antipolvere idonea, guanti, protezioni oculari, tuta protettiva.<\/li>\n<li class=\"whitespace-normal\">Evita il contatto della pelle o l'inalazione delle polveri durante la lavorazione.<\/li>\n<li class=\"whitespace-normal\">Mantenere adeguatamente tutte le attrezzature di movimentazione delle polveri. Si consigliano glove box ad atmosfera controllata.<\/li>\n<li class=\"whitespace-normal\">Utilizzare un sistema di aspirazione durante la pulizia. Evitare di generare polvere nell'aria.<\/li>\n<li class=\"whitespace-normal\">Elimina la polvere in eccesso e ripulisci i detriti in modo appropriato.<\/li>\n<li class=\"whitespace-normal\">Fare riferimento al documento SDS per ulteriori informazioni sulla sicurezza.<\/li>\n<\/ul>\n<p class=\"whitespace-pre-wrap\">La polvere di nickel \u00e8 classificata come presunto cancerogeno. Rispettate tutte le leggi e le normative per la gestione sicura delle polveri metalliche.<\/p>\n<h2>Ispezione di polvere GH3536<\/h2>\n<p class=\"whitespace-pre-wrap\">Per assicurarti che la polvere GH3536 soddisfi i requisiti dell'applicazione, \u00e8 possibile utilizzare le seguenti procedure di ispezione:<\/p>\n<p class=\"whitespace-pre-wrap\"><strong>Distribuzione granulometrica<\/strong><\/p>\n<ul class=\"list-disc pl-8 space-y-2\">\n<li class=\"whitespace-normal\">Analisi di diffrazione laser (ISO 13320)<\/li>\n<li class=\"whitespace-normal\">Analisi granulometrica (ASTM B214)<\/li>\n<\/ul>\n<p class=\"whitespace-pre-wrap\"><strong>Morfologia e microstruttura<\/strong><\/p>\n<ul class=\"list-disc pl-8 space-y-2\">\n<li class=\"whitespace-normal\">Microscopia elettronica a scansione<\/li>\n<li class=\"whitespace-normal\">Microscopy ottica di provini montati e lucidati<\/li>\n<\/ul>\n<p class=\"whitespace-pre-wrap\"><strong>Composizione in polvere<\/strong><\/p>\n<ul class=\"list-disc pl-8 space-y-2\">\n<li class=\"whitespace-normal\">Spettrometria di massa a plasma accoppiato induttivamente (ASTM E1097)<\/li>\n<li class=\"whitespace-normal\">Fusione a gas inerte per O e N (ASTM E1019)<\/li>\n<\/ul>\n<p class=\"whitespace-pre-wrap\"><strong>Densit\u00e0 polvere<\/strong><\/p>\n<ul class=\"list-disc pl-8 space-y-2\">\n<li class=\"whitespace-normal\">Densit\u00e0 apparente (Flussometro Hall)<\/li>\n<li class=\"whitespace-normal\">Densit\u00e0 allo stato compatto (ASTM B527)<\/li>\n<\/ul>\n<p class=\"whitespace-pre-wrap\"><strong>Scorrimento della polvere<\/strong><\/p>\n<ul class=\"list-disc pl-8 space-y-2\">\n<li class=\"whitespace-normal\">Flussometri a effetto Hall (ASTM B213)<\/li>\n<li class=\"whitespace-normal\">Analizzatore di polvere rivoluzionario<\/li>\n<\/ul>\n<p class=\"whitespace-pre-wrap\"><strong>Accettazione di lotto<\/strong><\/p>\n<ul class=\"list-disc pl-8 space-y-2\">\n<li class=\"whitespace-normal\">Campionamento secondo la norma ASTM B215<\/li>\n<li class=\"whitespace-normal\">Verificare che la polvere soddisfi le specifiche di dimensione, composizione e morfologia<\/li>\n<\/ul>\n<p class=\"whitespace-pre-wrap\">Si dovrebbe testare ogni lotto di polvere per verificarne la conformit\u00e0 agli standard ASTM applicabili. Ci\u00f2 garantisce una materia prima in polvere di alta qualit\u00e0 e uniforme per la stampa.<\/p>\n<h2>FAQ<\/h2>\n<p class=\"whitespace-pre-wrap\"><strong>D: Cosa rende GH3536 migliore di altre superleghe di Ni per AM?<\/strong><\/p>\n<p class=\"whitespace-pre-wrap\">A: GH3536 ha una resistenza superiore a quella delle leghe di spicco come l'Inconel 718, pur mantenendo la duttilit\u00e0. La composizione della polvere e il processo di atomizzazione riducono al minimo la segregazione e la porosit\u00e0.<\/p>\n<p class=\"whitespace-pre-wrap\"><strong>D: Il GH3536 richiede la pressatura isostatica a caldo (HIP) dopo la stampa?<\/strong><\/p>\n<p class=\"whitespace-pre-wrap\">A: HIP pu\u00f2 ulteriormente ridurre la porosit\u00e0 interna ma non \u00e8 necessario per ottenere densit\u00e0 elevate (&gt;99,5%) con parametri AM ottimizzati. L'HIP pu\u00f2 consentire temperature di esercizio pi\u00f9 elevate.<\/p>\n<p class=\"whitespace-pre-wrap\"><strong>D: Quali post-elaborazioni sono necessarie dopo la stampa in GH3536?<\/strong><\/p>\n<p class=\"whitespace-pre-wrap\">A: Dopo la stampa \u00e8 possibile utilizzare un semplice trattamento termico di decompressione. Per una resistenza ottimale, si consiglia un trattamento termico di invecchiamento.<\/p>\n<p class=\"whitespace-pre-wrap\"><strong>D: Quali sono i tempi di consegna per l'acquisto di polvere GH3536?<\/strong><\/p>\n<p class=\"whitespace-pre-wrap\">A: I lotti piccoli possono essere spediti in 2-4 settimane. In base alla disponibilit\u00e0, per i grandi volumi di produzione, attendere da 3 a 5 mesi.<\/p>\n<p class=\"whitespace-pre-wrap\"><strong>D: GH3536 contiene alluminio o titanio che possono causare problemi durante la stampa?<\/strong><\/p>\n<p class=\"whitespace-pre-wrap\">A: La concentrazioni di Al e Ti sono bilanciate per evitare l'ossidazione della polvere o reazioni eccessive con il bagno di fusione durante la stampa.<\/p>\n<p class=\"whitespace-pre-wrap\"><strong>D: Qual \u00e8 la distribuzione granulometrica delle particelle raccomandata per la stampa GH3536?<\/strong><\/p>\n<p class=\"whitespace-pre-wrap\">Una distribuzione con D10 di 10 \u00c3\u2014m, D50 di 25 \u00c3\u2014m e D90 di 45 \u00c3\u2014m offre un buon equilibrio di scorrevolezza e stampa.<\/p>\n<p class=\"whitespace-pre-wrap\"><strong>Q: \u00c8 possibile usare il GH3536 per stampare parti con sporgenze e geometrie complesse?<\/strong><\/p>\n<p class=\"whitespace-pre-wrap\">A: S\u00ec, la GH3536 ha dimostrato un\u2019eccellente stampabilit\u00e0 per parti con sporgenze superiori a 45\u00a1\u00ab angolo di sporgenza.<\/p>\n<h1>Conclusione<\/h1>\n<p class=\"whitespace-pre-wrap\">La polvere di superlega di nichel GH3536 offre un'eccezionale combinazione di alta resistenza, capacit\u00e0 di temperatura, resistenza all'ossidazione, possibilit\u00e0 di stampa e risposta alla post-elaborazione per impegnative applicazioni di fabbricazione additiva nei settori aerospaziale, energetico, petrolchimico, automobilistico e di lavorazione chimica. La composizione su misura, le caratteristiche ottimizzate della polvere e il potenziale di trattamento termico consentono di regolare le propriet\u00e0 per nuovi design non possibili con la produzione convenzionale. Con procedure di stampa e manipolazione adeguate, GH3536 consente di realizzare complesse parti metalliche ad alte prestazioni che combinano peso ridotto e durata come mai prima d'ora.<\/p>\n<div class=\"flex gap-0.5 -mx-1 -mt-2 text-stone-500 justify-between items-stretch\">\n<div class=\"flex gap-0.5\">\n<div class=\"contents\"><\/div>\n<\/div>\n<\/div>\n<p><\/span><\/span><\/p>","protected":false},"excerpt":{"rendered":"<p>La polvere di lega GH3536 \u00e8 stata progettata specificamente per la produzione additiva, utilizzando tecniche di ottimizzazione della composizione e di atomizzazione della polvere per ottenere propriet\u00e0 superiori rispetto alle superleghe di nichel convenzionali. Le caratteristiche principali della polvere di lega GH3536 includono: Elevata resistenza a temperature fino a 760\u00a1\"C (1400\u00a1\"F) Resistenza all'ossidazione e alla corrosione in ambienti difficili Eccellente durata alla fatica termica e crescita delle cricche...<\/p>","protected":false},"featured_media":1954,"parent":0,"template":"","meta":{"_acf_changed":false,"_kad_blocks_custom_css":"","_kad_blocks_head_custom_js":"","_kad_blocks_body_custom_js":"","_kad_blocks_footer_custom_js":"","_kad_post_transparent":"","_kad_post_title":"","_kad_post_layout":"","_kad_post_sidebar_id":"","_kad_post_content_style":"","_kad_post_vertical_padding":"","_kad_post_feature":"","_kad_post_feature_position":"","_kad_post_header":false,"_kad_post_footer":false,"_kad_post_classname":""},"product-category":[119,120],"class_list":["post-3946","product","type-product","status-publish","has-post-thumbnail","hentry","product-category-3d-printing-metal-powder","product-category-high-temperature-alloy-powder"],"acf":[],"taxonomy_info":{"product-category":[{"value":119,"label":"3D Printing Metal Powder"},{"value":120,"label":"High Temperature Alloy Powder"}]},"featured_image_src_large":["https:\/\/3dpmetal.com\/wp-content\/uploads\/2024\/02\/GH3536-Alloy-Powder.jpg",333,339,false],"author_info":[],"comment_info":"","_links":{"self":[{"href":"https:\/\/3dpmetal.com\/it\/wp-json\/wp\/v2\/product\/3946","targetHints":{"allow":["GET"]}}],"collection":[{"href":"https:\/\/3dpmetal.com\/it\/wp-json\/wp\/v2\/product"}],"about":[{"href":"https:\/\/3dpmetal.com\/it\/wp-json\/wp\/v2\/types\/product"}],"wp:featuredmedia":[{"embeddable":true,"href":"https:\/\/3dpmetal.com\/it\/wp-json\/wp\/v2\/media\/1954"}],"wp:attachment":[{"href":"https:\/\/3dpmetal.com\/it\/wp-json\/wp\/v2\/media?parent=3946"}],"wp:term":[{"taxonomy":"product-category","embeddable":true,"href":"https:\/\/3dpmetal.com\/it\/wp-json\/wp\/v2\/product-category?post=3946"}],"curies":[{"name":"wp","href":"https:\/\/api.w.org\/{rel}","templated":true}]}}