{"id":3947,"date":"2024-03-18T06:10:15","date_gmt":"2024-03-18T06:10:15","guid":{"rendered":"https:\/\/3dp.45612300.xyz\/product\/ti3al-powder\/"},"modified":"2024-03-18T06:10:15","modified_gmt":"2024-03-18T06:10:15","slug":"ti3al-powder","status":"publish","type":"product","link":"https:\/\/3dpmetal.com\/it\/product\/ti3al-powder\/","title":{"rendered":"Polvere di Ti3Al"},"content":{"rendered":"<p><span style=\"vertical-align: inherit;\"><span style=\"vertical-align: inherit;\"><\/p>\n<h1><strong>Ti3Al polvere: composizione, propriet\u00e0, applicazioni e altro<\/strong><\/h1>\n<p class=\"whitespace-pre-wrap\">Alcune delle principali propriet\u00e0 e caratteristiche della polvere di Ti3Al comprendono:<\/p>\n<ul class=\"list-disc pl-8 space-y-2\">\n<li class=\"whitespace-normal\">Elevata resistenza a temperature elevate fino a 750\u00a1\u00abC<\/li>\n<li class=\"whitespace-normal\">Densit\u00e0 circa la met\u00e0 di quella delle superleghe al nichel<\/li>\n<li class=\"whitespace-normal\">Eccezionale resistenza alla corrosione<\/li>\n<li class=\"whitespace-normal\">Bassa densit\u00e0 rispetto a altre leghe di titanio<\/li>\n<li class=\"whitespace-normal\">Resistenza all'ossidazione fino a circa 700\u00a1\u00abC<\/li>\n<li class=\"whitespace-normal\">Resistenza all'usura<\/li>\n<li class=\"whitespace-normal\">biocompatibilit\u00e0<\/li>\n<\/ul>\n<p class=\"whitespace-pre-wrap\">Tuttavia, Ti3Al presenta anche delle limitazioni come scarsa duttilit\u00e0 a temperatura ambiente, bassa tenacit\u00e0 alla frattura e scarsa saldabilit\u00e0. Per ottimizzare il bilanciamento delle propriet\u00e0 per varie applicazioni sono necessarie adeguate lavorazioni e aggiunte di lega.<\/p>\n<p class=\"whitespace-pre-wrap\">Questo articolo offre una panoramica dettagliata della composizione, delle propriet\u00e0, delle applicazioni, dei fornitori, dei costi, dei metodi di test e di altri dettagli tecnici relativi alla polvere di Ti3Al.<\/p>\n<h2><strong>Composizione della polvere di Ti3Al<\/strong><\/h2>\n<p class=\"whitespace-pre-wrap\">La polvere Ti3Al presenta una composizione nominale del 75% di titanio e 25% di alluminio in peso. Il composto intermetallico aluminuro di titanio si forma con il 50-75% di alluminio, mentre il Ti3Al \u00e8 la versione pi\u00f9 comune.<\/p>\n<p class=\"whitespace-pre-wrap\">La composizione esatta pu\u00f2 variare a seconda del metodo di produzione. Altri elementi come Nb, Mo, Si, B, Ta, W, C e O vengono spesso aggiunti in piccole quantit\u00e0 per migliorare alcune propriet\u00e0. La tabella seguente mostra il tipico intervallo di composizione:<\/p>\n<table>\n<thead>\n<tr>\n<th><strong>Elemento<\/strong><\/th>\n<th><strong>% Peso<\/strong><\/th>\n<\/tr>\n<\/thead>\n<tbody>\n<tr>\n<td>Titanio (Ti)<\/td>\n<td>69 &#8211; 76%<\/td>\n<\/tr>\n<tr>\n<td>Alluminio (Al)<\/td>\n<td>24 &#8211; 31%<\/td>\n<\/tr>\n<tr>\n<td>Niobio (Nb)<\/td>\n<td>0 &#8211; 6%<\/td>\n<\/tr>\n<tr>\n<td>Molibdeno (Mo)<\/td>\n<td>0 &#8211; 4%<\/td>\n<\/tr>\n<tr>\n<td>Silicio (Si)<\/td>\n<td>0 &#8211; 2%<\/td>\n<\/tr>\n<tr>\n<td>Boro (B)<\/td>\n<td>0 &#8211; 0.5%<\/td>\n<\/tr>\n<tr>\n<td>Tantalio (Ta)<\/td>\n<td>0 &#8211; 5%<\/td>\n<\/tr>\n<tr>\n<td>Tungsteno (W)<\/td>\n<td>0 &#8211; 5%<\/td>\n<\/tr>\n<tr>\n<td>Carbonio (C)<\/td>\n<td>0 &#8211; 0.1%<\/td>\n<\/tr>\n<tr>\n<td>Ossigeno (O)<\/td>\n<td>0 &#8211; 0.2%<\/td>\n<\/tr>\n<\/tbody>\n<\/table>\n<p class=\"whitespace-pre-wrap\">Il controllo del tenore di ossigeno e carbonio \u00e8 fondamentale per evitare l'infragilimento e mantenere la duttilit\u00e0. A seconda delle materie prime e del processo, potrebbero essere presenti anche altri elementi.<\/p>\n<h2><strong>Propriet\u00e0 della polvere di Ti3Al<\/strong><\/h2>\n<p class=\"whitespace-pre-wrap\">Le particolari propriet\u00e0 della polvere Ti3Al derivano dalla sua struttura cristallina intermetallica ordinata composta da atomi sia di titanio che di alluminio. Alcune delle propriet\u00e0 degne di nota sono:<\/p>\n<h3>Resistenza alle alte temperature<\/h3>\n<p class=\"whitespace-pre-wrap\">Ti3Al mantiene una resistenza relativamente elevata fino a 750\u00a1\u00abC, decisamente migliore rispetto a titanio o alluminio da soli. Questo lo rende adatto ad applicazioni ad alte temperature in motori, turbine, valvole, ecc. La tabella sottostante confronta la resistenza di Ti3Al con altre leghe di titanio a temperature diverse:<\/p>\n<table>\n<thead>\n<tr>\n<th><strong>Lega<\/strong><\/th>\n<th><strong>Resistenza alla temperatura ambiente (MPa)<\/strong><\/th>\n<th><strong>Resistenza a 500\u00a1\u00abC (MPa)<\/strong><\/th>\n<th><strong>Densit\u00e0 (g\/cm3)<\/strong><\/th>\n<\/tr>\n<\/thead>\n<tbody>\n<tr>\n<td>Ti3Al<\/td>\n<td>400<\/td>\n<td>260<\/td>\n<td>3.9<\/td>\n<\/tr>\n<tr>\n<td>Ti6Al4V<\/td>\n<td>900<\/td>\n<td>500<\/td>\n<td>4.5<\/td>\n<\/tr>\n<tr>\n<td>Ti64<\/td>\n<td>900<\/td>\n<td>400<\/td>\n<td>4.5<\/td>\n<\/tr>\n<\/tbody>\n<\/table>\n<h3>Bassa densit\u00e0<\/h3>\n<p class=\"whitespace-pre-wrap\">Con una densit\u00e0 di circa 3,7-4,1 g\/cm3, Ti3Al \u00e8 molto pi\u00f9 leggero delle superleghe di nichel e della maggior parte delle altre leghe di titanio. Questo aiuta a ridurre il peso del componente critico per le applicazioni aerospaziali.<\/p>\n<h3>Resistenza all'ossidazione<\/h3>\n<p class=\"whitespace-pre-wrap\">Ti3Al offre una buona resistenza all'ossidazione fino a 700\u00b0C nell'aria, migliore del titanio non legato. Ci\u00f2 consente il suo impiego ad alte temperature senza eccessive perdite di materiale.<\/p>\n<h3>Resistenza alla corrosione<\/h3>\n<p class=\"whitespace-pre-wrap\">Il contenuto di titanio conferisce a Ti3Al un'eccellente resistenza alla corrosione ad un'ampia gamma di acidi, alcali e ambienti salini. Ci\u00f2 lo rende utile nelle apparecchiature di trattamento chimico.<\/p>\n<h3>Resistenza all'usura<\/h3>\n<p class=\"whitespace-pre-wrap\">Ti3Al ha una buona resistenza all\u2019abrasione e all\u2019erosione, paragonabile a quella degli acciai, il che lo rende adatto per applicazioni di usura elevata come valvole, pompe e filiere di estrusione.<\/p>\n<p class=\"whitespace-pre-wrap\">Tuttavia, il Ti3Al soffre anche di svantaggi come:<\/p>\n<ul class=\"list-disc pl-8 space-y-2\">\n<li class=\"whitespace-normal\">Scarsa duttilit\u00e0 a temperatura ambiente e tenacit\u00e0 alla frattura<\/li>\n<li class=\"whitespace-normal\">Difficile da realizzare e lavorare con la macchina<\/li>\n<li class=\"whitespace-normal\">Scarsa saldabilit\u00e0 dovuta alla suscettibilit\u00e0 a fessurazioni<\/li>\n<\/ul>\n<p class=\"whitespace-pre-wrap\">Elaborazione adeguata e aggiunte di leganti sono necessarie per ottimizzare il bilanciamento delle propriet\u00e0 per l'applicazione prevista.<\/p>\n<h2><strong>Applicazioni in polvere Ti3Al<\/strong><\/h2>\n<p class=\"whitespace-pre-wrap\">Le caratteristiche uniche della polvere Ti3Al la rendono adatta per le seguenti applicazioni:<\/p>\n<h3>Aerospaziale<\/h3>\n<p class=\"whitespace-pre-wrap\">Il settore aerospaziale \u00e8 il principale consumatore di prodotti al Ti3Al a causa della necessit\u00e0 di riduzione del peso, resistenza alle alte temperature e resistenza all'ossidazione. Le applicazioni tipiche includono:<\/p>\n<ul class=\"list-disc pl-8 space-y-2\">\n<li class=\"whitespace-normal\">Lame turbina, palette, dischi<\/li>\n<li class=\"whitespace-normal\">Camere di combustione, post bruciatori<\/li>\n<li class=\"whitespace-normal\">Fusoliere, componenti strutturali<\/li>\n<li class=\"whitespace-normal\">Tubi idraulici, valvole<\/li>\n<\/ul>\n<h3>Automotive<\/h3>\n<p class=\"whitespace-pre-wrap\">Il settore automobilistico utilizza Ti3Al per componenti di turbocompressori, valvole, molle, elementi di fissaggio e parti di sistemi di scarico che richiedono resistenza alle alte temperature e peso ridotto.<\/p>\n<h3>Elaborazione chimica<\/h3>\n<p class=\"whitespace-pre-wrap\">Il Ti3Al viene utilizzato per componenti quali valvole, pompe, raccordi per tubi, serbatoi di reazione che richiedono resistenza alla corrosione abbinata a propriet\u00e0 meccaniche ad alta temperatura.<\/p>\n<h3>Biomedicale<\/h3>\n<p class=\"whitespace-pre-wrap\">La biocompatibilit\u00e0, la resistenza alla corrosione e la resistenza del Ti3Al lo rendono adatto per impianti ortopedici come protesi d'anca artificiali.<\/p>\n<p class=\"whitespace-pre-wrap\">Altre applicazioni comprendono valvole ad alte prestazioni, stampi per estrusione, elementi riscaldanti e attrezzi sportivi. Il Ti3Al viene utilizzato anche come polvere per la produzione additiva.<\/p>\n<h2><strong>Specifiche in polvere Ti3Al<\/strong><\/h2>\n<p class=\"whitespace-pre-wrap\">La polvere Ti3Al \u00e8 disponibile in vari intervalli di granulometria, morfologie e livelli di purezza a seconda del processo di produzione. Le specifiche principali sono riportate di seguito:<\/p>\n<table>\n<thead>\n<tr>\n<th><strong>Specificazione<\/strong><\/th>\n<th><strong>Dettagli<\/strong><\/th>\n<\/tr>\n<\/thead>\n<tbody>\n<tr>\n<td>Dimensioni delle particelle<\/td>\n<td>15 &#8211; 150 micron<\/td>\n<\/tr>\n<tr>\n<td>Morfologia<\/td>\n<td>Sferico, angolare, misto<\/td>\n<\/tr>\n<tr>\n<td>Densit\u00e0 apparente<\/td>\n<td>2&#8211;3,5 g\/cm3<\/td>\n<\/tr>\n<tr>\n<td>Densit\u00e0 del materiale compattato<\/td>\n<td>3-4,5 g\/cm\u00b3<\/td>\n<\/tr>\n<tr>\n<td>Purezza<\/td>\n<td>!99%,!99,9%<\/td>\n<\/tr>\n<tr>\n<td>Contenuto di ossigeno<\/td>\n<td>\u00a8P 0,2% in peso<\/td>\n<\/tr>\n<tr>\n<td>Contenuto di azoto<\/td>\n<td>\u00a8P 0,05 % in peso<\/td>\n<\/tr>\n<tr>\n<td>Contenuto di carbonio<\/td>\n<td>\u00a8P 0,08% peso<\/td>\n<\/tr>\n<tr>\n<td>Contenuto di ferro<\/td>\n<td>P 0,30 wt%<\/td>\n<\/tr>\n<tr>\n<td>Contenuto di nichel<\/td>\n<td>\u00a8P 0.10% in peso<\/td>\n<\/tr>\n<tr>\n<td>Pacchetti standard<\/td>\n<td>5 kg, 10 kg, 25 kg<\/td>\n<\/tr>\n<\/tbody>\n<\/table>\n<p class=\"whitespace-pre-wrap\">Solitamente, dimensioni delle particelle pi\u00f9 sottili consentono una migliore scorrevolezza, densit\u00e0 di riempimento e reattivit\u00e0. Le morfologie sferiche migliorano anche la scorrevolezza della polvere. Un'elevata purezza riduce i contaminanti e migliora le propriet\u00e0.<\/p>\n<h2><strong>Produzione di polvere di Ti3Al<\/strong><\/h2>\n<p class=\"whitespace-pre-wrap\">Esistono diversi metodi utilizzati per produrre polvere di Ti3Al tra cui:<\/p>\n<ul class=\"list-disc pl-8 space-y-2\">\n<li class=\"whitespace-normal\"><strong>Atomizzazione a gas<\/strong>?- La lega Ti-Al fusa viene polverizzata con gas inerte in goccioline fini che si solidificano in polvere. Ci\u00f2 produce particelle sferiche con una buona scorrevolezza.<\/li>\n<li class=\"whitespace-normal\"><strong>Legame meccanico<\/strong>?- Le polveri elementali di Ti e Al vengono macinate a palle per sintetizzare l'intermetallico meccanicamente. Le particelle di polvere hanno forme irregolari.<\/li>\n<li class=\"whitespace-normal\"><strong>Sferoidizzazione al plasma<\/strong>?- La polvere di Ti3Al irregolare derivante dalla lega meccanica viene rifusa in un plasma per generare polvere sferica.<\/li>\n<li class=\"whitespace-normal\"><strong>Fusione ad induzione con elettrodi Atomizzazione a gas (EIGA)<\/strong>?- Fondi e atomizza direttamente un elettrodo di Ti3Al per produrre polvere.<\/li>\n<\/ul>\n<p class=\"whitespace-pre-wrap\">La polverizzazione a gas e il processamento al plasma consentono un migliore controllo sulla distribuzione delle dimensioni delle particelle, sulla morfologia, sull'assorbimento di ossigeno e sulla microstruttura. La polvere normalmente deve essere setacciata in frazioni di dimensioni specifiche dopo la produzione in base ai requisiti dell'applicazione.<\/p>\n<h2><strong>Costo polvere di Ti3Al<\/strong><\/h2>\n<p class=\"whitespace-pre-wrap\">Le polveri di Ti3Al sono significativamente pi\u00f9 costose delle polveri di titanio o alluminio da sole. I costi variano tra:<\/p>\n<ul class=\"list-disc pl-8 space-y-2\">\n<li class=\"whitespace-normal\">$100 - $500 al chilogrammo per polvere atomizzata al gas con purezza del 99%.<\/li>\n<li class=\"whitespace-normal\">$50-250 a kg per una polvere con lega meccanica al 99%<\/li>\n<li class=\"whitespace-normal\">$300 - $1000 al kg per polvere sferoidale al plasma al 99,9%<\/li>\n<\/ul>\n<p class=\"whitespace-pre-wrap\">I prezzi dipendono da dimensioni delle particelle, morfologia, livello di purezza, quantit\u00e0 dell'ordine e produttore. Le leghe personalizzate con composizioni speciali possono costare ancora di pi\u00f9. I costi sono diminuiti grazie all'aumento dei volumi di produzione e ai miglioramenti dei processi.<\/p>\n<h2><strong>Fornitori di polvere Ti3Al<\/strong><\/h2>\n<p class=\"whitespace-pre-wrap\">Alcuni tra i principali fornitori mondiali di polvere di Ti3Al includono:<\/p>\n<table>\n<thead>\n<tr>\n<th><strong>Azienda<\/strong><\/th>\n<th><strong>Ubicazione<\/strong><\/th>\n<\/tr>\n<\/thead>\n<tbody>\n<tr>\n<td>AP&amp;C<\/td>\n<td>Canada<\/td>\n<\/tr>\n<tr>\n<td>TLS Technik GmbH<\/td>\n<td>Germania<\/td>\n<\/tr>\n<tr>\n<td>Tecnologia dei metalli<\/td>\n<td>GB<\/td>\n<\/tr>\n<tr>\n<td>ATI Powder Metals<\/td>\n<td>USA<\/td>\n<\/tr>\n<tr>\n<td>Additive Carpenter<\/td>\n<td>USA<\/td>\n<\/tr>\n<tr>\n<td><a href=\"https:\/\/met3dp.com\/\" target=\"_blank\" rel=\"noopener\">Met3DP<\/a><\/td>\n<td>Cina<\/td>\n<\/tr>\n<tr>\n<td>Tekna<\/td>\n<td>Canada<\/td>\n<\/tr>\n<\/tbody>\n<\/table>\n<p class=\"whitespace-pre-wrap\">Anche in Cina ci sono alcuni produttori. Si consiglia di reperire la polvere da produttori affermati che utilizzano processi di produzione qualificati per garantire propriet\u00e0 e qualit\u00e0 affidabili.<\/p>\n<h2><strong>Ti3Al versus Alternative<\/strong><\/h2>\n<p class=\"whitespace-pre-wrap\">Ti3Al combatte contro diverse alternative per applicazioni strutturali ad alte temperature:<\/p>\n<p class=\"whitespace-pre-wrap\"><strong>Tabella: Confronto tra Ti3Al e altre leghe ad alta temperatura<\/strong><\/p>\n<table>\n<thead>\n<tr>\n<th>Lega<\/th>\n<th>Densit\u00e0<\/th>\n<th>Temperatura massimo<\/th>\n<th>Forza<\/th>\n<th>Ducilit\u00e0<\/th>\n<th>Resistenza all'ossidazione<\/th>\n<th>Costi<\/th>\n<\/tr>\n<\/thead>\n<tbody>\n<tr>\n<td><strong>Ti3Al<\/strong><\/td>\n<td>Scarso<\/td>\n<td>Elevatissimo<\/td>\n<td>Elevato<\/td>\n<td>Scarso<\/td>\n<td>Bene<\/td>\n<td>Elevato<\/td>\n<\/tr>\n<tr>\n<td>Inconel 718<\/td>\n<td>Elevato<\/td>\n<td>Elevato<\/td>\n<td>Intermedio<\/td>\n<td>Intermedio<\/td>\n<td>Bene<\/td>\n<td>Intermedio<\/td>\n<\/tr>\n<tr>\n<td>Haynes 230<\/td>\n<td>Elevato<\/td>\n<td>Elevatissimo<\/td>\n<td>Elevato<\/td>\n<td>Scarso<\/td>\n<td>Eccellente<\/td>\n<td>Elevatissimo<\/td>\n<\/tr>\n<tr>\n<td>Ti6Al4V<\/td>\n<td>Intermedio<\/td>\n<td>Intermedio<\/td>\n<td>Intermedio<\/td>\n<td>Intermedio<\/td>\n<td>Eccellente<\/td>\n<td>Intermedio<\/td>\n<\/tr>\n<tr>\n<td>Acciai inossidabili ferritici<\/td>\n<td>Intermedio<\/td>\n<td>Intermedio<\/td>\n<td>Scarso<\/td>\n<td>Elevato<\/td>\n<td>Scarso<\/td>\n<td>Scarso<\/td>\n<\/tr>\n<\/tbody>\n<\/table>\n<p class=\"whitespace-pre-wrap\">Per temperature di servizio massime, le superleghe a base di Nichel, come Haynes 230, e Ti3Al sono superiori. Tuttavia, la densit\u00e0 e il costo inferiori del Ti3Al sono vantaggiosi per applicazioni in cui il peso \u00e8 critico, come nel settore aerospaziale.<\/p>\n<p class=\"whitespace-pre-wrap\">La scarsa duttilit\u00e0 della temperatura ambiente del Ti3Al resta un limite principale rispetto agli acciai e al Ti6Al4V. Lo sviluppo della lega e del processo continuano a migliorare la lavorabilit\u00e0 e la fabbricazione.<\/p>\n<h2><strong>Vantaggi della polvere di Ti3Al<\/strong><\/h2>\n<p class=\"whitespace-pre-wrap\">I principali vantaggi dell'utilizzo della polvere Ti3Al includono:<\/p>\n<ul class=\"list-disc pl-8 space-y-2\">\n<li class=\"whitespace-normal\">Alta resistenza mantenuta fino a 800\u00a1\u00abC<\/li>\n<li class=\"whitespace-normal\">Densit\u00e0 inferiore del 40% rispetto alle superleghe di nichel<\/li>\n<li class=\"whitespace-normal\">Eccellenti resistenza allo scorrimento viscoso<\/li>\n<li class=\"whitespace-normal\">Buona resistenza all'ossidazione e alla corrosione<\/li>\n<li class=\"whitespace-normal\">Sostituzione di metalli refrattari senza rischi per i materiali strategici<\/li>\n<li class=\"whitespace-normal\">Produzione di forme quasi nette con polveri metallurgiche<\/li>\n<li class=\"whitespace-normal\">I componenti possono operare a temperature superiori<\/li>\n<li class=\"whitespace-normal\">Risparmio sul peso nelle parti rotanti, come le pale delle turbine<\/li>\n<li class=\"whitespace-normal\">Efficienza migliorata attravero parametri di funzionamento maggiori<\/li>\n<\/ul>\n<p class=\"whitespace-pre-wrap\">La combinazione unica di propriet\u00e0 meccaniche, bassa densit\u00e0 e stabilit\u00e0 termica rendono il Ti3Al un materiale abilitante per i sistemi aerospaziali, automobilistici e di generazione di energia di prossima generazione.<\/p>\n<h2><strong>Limitazioni della polvere di Ti3Al<\/strong><\/h2>\n<p class=\"whitespace-pre-wrap\">Nonostante i suoi vantaggi, Ti3Al presenta anche alcuni svantaggi:<\/p>\n<ul class=\"list-disc pl-8 space-y-2\">\n<li class=\"whitespace-normal\">Fragile a temperatura ambiente, la duttilit\u00e0 migliora sopra i 500\u00a1\u00abC<\/li>\n<li class=\"whitespace-normal\">Fabbricare e lavorare \u00e8 impegnativo<\/li>\n<li class=\"whitespace-normal\">Rapida perdita di propriet\u00e0 al di sotto di 400\u00a1\u00abC<\/li>\n<li class=\"whitespace-normal\">Il costo delle materie prime e della lavorazione \u00e8 molto elevato<\/li>\n<li class=\"whitespace-normal\">La catena di fornitura \u00e8 limitata da pochi produttori<\/li>\n<li class=\"whitespace-normal\">La progettazione dei componenti richiede competenze tecniche specializzate<\/li>\n<li class=\"whitespace-normal\">Non facilmente saldata o collegata con tecniche convenzionali<\/li>\n<li class=\"whitespace-normal\">Difficile da riciclare e riutilizzare<\/li>\n<\/ul>\n<p class=\"whitespace-pre-wrap\">Finora, gli ostacoli relativi a produzione e costi hanno rallentato l'ampia adozione commerciale del Ti3Al. Ma le sue capacit\u00e0 continuano a guidare gli sforzi di sviluppo per superare queste limitazioni tramite migliore chimica metallica, qualit\u00e0 della polvere e design di componenti.<\/p>\n<h2><strong>Prospettive per la polvere Ti3Al<\/strong><\/h2>\n<p class=\"whitespace-pre-wrap\">Secondo le previsioni, il Ti3Al vedr\u00e0 un ampliamento del suo utilizzo nei settori aerospaziale, automobilistico, delle turbine a gas industriali e della generazione di energia a causa di:<\/p>\n<ul class=\"list-disc pl-8 space-y-2\">\n<li class=\"whitespace-normal\">Domanda crescente di carburante efficiente per i motori a reazione ed emissioni pi\u00f9 basse<\/li>\n<li class=\"whitespace-normal\">I materiali ad alta temperatura necessari per turbocompressori elettrici<\/li>\n<li class=\"whitespace-normal\">Mercato in crescita per le tecnologie di fabbricazione additiva<\/li>\n<li class=\"whitespace-normal\">Focalizzarsi sulla sostituzione strategica dei materiali per terre rare e metalli refrattari<\/li>\n<li class=\"whitespace-normal\">Riduzione dei costi grazie a una maggiore produttivit\u00e0 produttiva<\/li>\n<\/ul>\n<p class=\"whitespace-pre-wrap\">I mercati automobilistici e industriali sono pi\u00f9 sensibili ai prezzi e richiedono un vantaggio dimostrato di costi e prestazioni rispetto alle leghe esistenti. Il settore aerospaziale \u00e8 pi\u00f9 disposto a pagare un premio per le massime prestazioni.<\/p>\n<p class=\"whitespace-pre-wrap\">Le iniziative governative negli Stati Uniti, nell'UE e in Giappone stanno accelerando la R&amp;S sulla produzione di polvere Ti3Al, la fabbricazione di componenti, i metodi di giunzione e lo sviluppo delle leghe. Ci\u00f2 amplier\u00e0 lo spazio applicativo e guider\u00e0 tassi di adozione pi\u00f9 elevati.<\/p>\n<h2><strong>Domande frequenti<\/strong><\/h2>\n<p class=\"whitespace-pre-wrap\"><strong>D: A cosa serve la polvere Ti3Al?<\/strong><\/p>\n<p class=\"whitespace-pre-wrap\">A: La polvere di Ti3Al \u00e8 utilizzata per realizzare componenti ad alte temperature, come pale di turbine, giranti di turbocompressori, scambiatori di calore e altre parti operative con temperature tra 500-800\u00a1\u00abC. Fornisce un eccellente equilibrio tra elevata resistenza, bassa densit\u00e0 e buona resistenza all'ossidazione.<\/p>\n<p class=\"whitespace-pre-wrap\"><strong>D: Come viene prodotta la polvere Ti3Al?<\/strong><\/p>\n<p class=\"whitespace-pre-wrap\">A: Tra i metodi di produzione comuni figurano l'atomizzazione a gas, l'atomizzazione al plasma, l'atomizzazione a gas per fusione a induzione elettrodica (EIGA) e la lega meccanica. Ciascun processo produce polveri con caratteristiche diverse, adatte ad applicazioni specifiche.<\/p>\n<p class=\"whitespace-pre-wrap\"><strong>Domanda: la polvere Ti3Al \u00e8 migliore di Inconel 718?<\/strong><\/p>\n<p class=\"whitespace-pre-wrap\">A: Il Ti3Al presenta densit\u00e0 pi\u00f9 bassa, perci\u00f2 fornisce un risparmio di peso rispetto all'Inconel 718. Presenta una resistenza maggiore a temperature superiori a 700 \u00a1\u00abC. Invece, la duttilit\u00e0 del Ti3Al a temperatura ambiente \u00e8 piuttosto bassa, mentre l'Inconel 718 pu\u00f2 essere lavorato e macchinato facilmente.<\/p>\n<p class=\"whitespace-pre-wrap\"><strong>D: Qual \u00e8 il costo della polvere Ti3Al?<\/strong><\/p>\n<p class=\"whitespace-pre-wrap\">A: La polvere di Ti3Al costa circa 450-750 dollari al kg, che \u00e8 quasi 5 volte di pi\u00f9 delle superleghe di nichel e 10 volte di pi\u00f9 delle polveri di titanio e alluminio. Il costo elevato \u00e8 dovuto a un processo di lavorazione complesso e a una domanda di mercato limitata.<\/p>\n<p class=\"whitespace-pre-wrap\"><strong>Q: Come viene manipolata e conservata la polvere di Ti3Al?<\/strong><\/p>\n<p class=\"whitespace-pre-wrap\">A: Come altre polveri di lega reattive, Ti3Al richiede gas inerte per inertizzazione e stoccaggio senza umidita. Si possono usare solo contenitori in ceramica, vetro o inox. Le precauzioni di sicurezza includono la messa a terra, la ventilazione e l'uso di dispositivi di protezione delle vie respiratorie.<\/p>\n<p class=\"whitespace-pre-wrap\"><strong>D: Quali sono le sfide nell'utilizzo della polvere Ti3Al?<\/strong><\/p>\n<p class=\"whitespace-pre-wrap\">A: Le principali limitazioni sono la scarsa duttilit\u00e0 a temperatura ambiente, l'elevato costo del materiale, il numero limitato di fornitori, la difficolt\u00e0 di lavorazione\/fabbricazione e la mancanza di tecnologie di giunzione. Sono necessari miglioramenti delle leghe, sviluppi di processo e ottimizzazione della progettazione dei componenti per espandere l'uso commerciale.<\/p>\n<p class=\"whitespace-pre-wrap\"><strong>D: Qual \u00e8 la prospettiva futura per la polvere di Ti3Al?<\/strong><\/p>\n<p class=\"whitespace-pre-wrap\">A: Si prevede che l'utilizzo di polveri di Ti3Al aumenter\u00e0 notevolmente nei motori aerospaziali, turbocompressori per automobili e applicazioni industriali ad alta temperatura. Le iniziative per ridurre i costi, migliorare le propriet\u00e0 e far maturare la produzione consentiranno un'adozione pi\u00f9 ampia.<\/p>\n<p><\/span><\/span><\/p>","protected":false},"excerpt":{"rendered":"<p>Ti3Al Powder: Composition, Properties, Applications, and More Some of the key properties and characteristics of Ti3Al powder include: High strength at elevated temperatures up to 750\u00a1\u00abC Density about half that of nickel superalloys Outstanding corrosion resistance Low density compared to other titanium alloys Oxidation resistance up to about 700\u00a1\u00abC Wear resistance Biocompatibility However, Ti3Al also&#8230;<\/p>","protected":false},"featured_media":1956,"parent":0,"template":"","meta":{"_acf_changed":false,"_kad_blocks_custom_css":"","_kad_blocks_head_custom_js":"","_kad_blocks_body_custom_js":"","_kad_blocks_footer_custom_js":"","_kad_post_transparent":"","_kad_post_title":"","_kad_post_layout":"","_kad_post_sidebar_id":"","_kad_post_content_style":"","_kad_post_vertical_padding":"","_kad_post_feature":"","_kad_post_feature_position":"","_kad_post_header":false,"_kad_post_footer":false,"_kad_post_classname":""},"product-category":[119,128],"class_list":["post-3947","product","type-product","status-publish","has-post-thumbnail","hentry","product-category-3d-printing-metal-powder","product-category-imcintermetallic-compound-powder"],"acf":[],"taxonomy_info":{"product-category":[{"value":119,"label":"3D Printing Metal Powder"},{"value":128,"label":"IMC(Intermetallic Compound Powder)"}]},"featured_image_src_large":["https:\/\/3dpmetal.com\/wp-content\/uploads\/2024\/02\/A100.jpg",549,423,false],"author_info":[],"comment_info":"","_links":{"self":[{"href":"https:\/\/3dpmetal.com\/it\/wp-json\/wp\/v2\/product\/3947","targetHints":{"allow":["GET"]}}],"collection":[{"href":"https:\/\/3dpmetal.com\/it\/wp-json\/wp\/v2\/product"}],"about":[{"href":"https:\/\/3dpmetal.com\/it\/wp-json\/wp\/v2\/types\/product"}],"wp:featuredmedia":[{"embeddable":true,"href":"https:\/\/3dpmetal.com\/it\/wp-json\/wp\/v2\/media\/1956"}],"wp:attachment":[{"href":"https:\/\/3dpmetal.com\/it\/wp-json\/wp\/v2\/media?parent=3947"}],"wp:term":[{"taxonomy":"product-category","embeddable":true,"href":"https:\/\/3dpmetal.com\/it\/wp-json\/wp\/v2\/product-category?post=3947"}],"curies":[{"name":"wp","href":"https:\/\/api.w.org\/{rel}","templated":true}]}}