{"id":3950,"date":"2024-03-18T06:10:15","date_gmt":"2024-03-18T06:10:15","guid":{"rendered":"https:\/\/3dp.45612300.xyz\/product\/cocrfeni-powder\/"},"modified":"2024-03-18T06:10:15","modified_gmt":"2024-03-18T06:10:15","slug":"cocrfeni-powder","status":"publish","type":"product","link":"https:\/\/3dpmetal.com\/it\/product\/cocrfeni-powder\/","title":{"rendered":"Polvere CoCrFeNi"},"content":{"rendered":"<p><span style=\"vertical-align: inherit;\"><span style=\"vertical-align: inherit;\"><\/p>\n<h2>Panoramica sulla polvere di CoCrFeNi<\/h2>\n<p class=\"whitespace-pre-wrap\">Polvere CoCrFeNi, nota anche come polvere di CoCrFeNiMn o polvere di lega ad alta entropia (HEA), \u00e8 un materiale composto da elementi di cobalto, cromo, ferro e nichel in rapporti quasi-stechiometrici. Questa innovativa polvere di lega ha propriet\u00e0 eccezionali rispetto alle leghe convenzionali e ha attirato un notevole interesse per varie applicazioni.<\/p>\n<p class=\"whitespace-pre-wrap\">Alcune funzionalit\u00e0 chiave della polvere di CoCrFeNi includono:<\/p>\n<ul class=\"list-disc pl-8 space-y-2\">\n<li class=\"whitespace-normal\">Elevata entropia configurazionale che porta a straordinaria resistenza, durezza, stabilit\u00e0 termica e resistenza alla corrosione<\/li>\n<li class=\"whitespace-normal\">Microstruttura di fase FCC monosolida a soluzione solida<\/li>\n<li class=\"whitespace-normal\">Eccellente combinazione di resistenza e duttilit\u00e0<\/li>\n<li class=\"whitespace-normal\">Elevata tenacit\u00e0 della frattura<\/li>\n<li class=\"whitespace-normal\">Buona lavorabilit\u00e0 e deformabilit\u00e0<\/li>\n<li class=\"whitespace-normal\">Resistenza all'ammorbidimento a temperature elevate<\/li>\n<li class=\"whitespace-normal\">Personalizzabile con piccole aggiunte di elementi come il manganese<\/li>\n<\/ul>\n<p class=\"whitespace-pre-wrap\">Lo sfasamento unico nella disposizione atomica di CoCrFeNi conferisce elevate prestazioni meccaniche. Le concentrazioni quasi uguali degli elementi principali ostacolano il movimento di dislocazione, aumentando la durezza. La struttura multifase fornisce rafforzamento della soluzione solida attraverso gli effetti di deformazione reticolare.<\/p>\n<h3>Composizione della polvere CoCrFeNi<\/h3>\n<p class=\"whitespace-pre-wrap\">La composizione della polvere CoCrFeNi HEA pu\u00f2 essere personalizzata, ma in genere consiste in:<\/p>\n<table>\n<thead>\n<tr>\n<th>Elemento<\/th>\n<th>Gamma di composizione tipica<\/th>\n<\/tr>\n<\/thead>\n<tbody>\n<tr>\n<td>Cobalto (Co)<\/td>\n<td>20-35 atomi %<\/td>\n<\/tr>\n<tr>\n<td>Cromo (Cr)<\/td>\n<td>20-35 atomi %<\/td>\n<\/tr>\n<tr>\n<td>Ferro (Fe)<\/td>\n<td>20-35 atomi %<\/td>\n<\/tr>\n<tr>\n<td>Nichel (Ni)<\/td>\n<td>20-35 atomi %<\/td>\n<\/tr>\n<\/tbody>\n<\/table>\n<p class=\"whitespace-pre-wrap\">La proporzione equiatomica fornisce la massima entropia configurazionale ma piccole variazioni non influenzano le propriet\u00e0 in modo significativo. \u00c8 comune aggiungere l'1-2 atomi % di manganese per migliorare ulteriormente le propriet\u00e0 tramite la raffinazione dei grani e il rinforzo per precipitazione.<\/p>\n<h3>Propriet\u00e0 della polvere di CoCrFeNi<\/h3>\n<p class=\"whitespace-pre-wrap\">La polvere di lega CoCrFeNi mostra una combinazione unica di propriet\u00e0 eccezionali:<\/p>\n<table>\n<thead>\n<tr>\n<th>Propriet\u00e0<\/th>\n<th>Valori<\/th>\n<\/tr>\n<\/thead>\n<tbody>\n<tr>\n<td>Densit\u00e0<\/td>\n<td>7,5-8,3 g\/cm\u00b3<\/td>\n<\/tr>\n<tr>\n<td>Punto di fusione<\/td>\n<td>1200\u00a0\u20ac<\/td>\n<\/tr>\n<tr>\n<td>Microdurezza<\/td>\n<td>2,5-4 GPa<\/td>\n<\/tr>\n<tr>\n<td>Resistenza alla trazione massima<\/td>\n<td>500-1300 MPa<\/td>\n<\/tr>\n<tr>\n<td>Limite di snervamento<\/td>\n<td>200-1100 MPa<\/td>\n<\/tr>\n<tr>\n<td>Allungamento<\/td>\n<td>10-60%<\/td>\n<\/tr>\n<tr>\n<td>Modulo di Young<\/td>\n<td>150-250 GPa<\/td>\n<\/tr>\n<tr>\n<td>The translation of \"Shear Modulus\" into Italian is \"Modulo di Taglio.\"<\/td>\n<td>65-85 GPa<\/td>\n<\/tr>\n<tr>\n<td>Rapporto di Poisson<\/td>\n<td>0.21-0.33<\/td>\n<\/tr>\n<tr>\n<td>Tenacit\u00e0 alla frattura<\/td>\n<td>&gt; 100 MPa\u00a9|m<\/td>\n<\/tr>\n<tr>\n<td>Conduttivit\u00e0 termica<\/td>\n<td>10-30 W\/mK<\/td>\n<\/tr>\n<tr>\n<td>Resistivit\u00e0 elettrica<\/td>\n<td>70-100 n\u00b4\u00cem<\/td>\n<\/tr>\n<tr>\n<td>Resistenza alla corrosione<\/td>\n<td>Eccellente in vari ambienti<\/td>\n<\/tr>\n<\/tbody>\n<\/table>\n<p class=\"whitespace-pre-wrap\">L'elevata durezza \u00e8 dovuta al rafforzamento della soluzione solida, mentre la struttura FCC conferisce una buona duttilit\u00e0. Le propriet\u00e0 possono essere modificate tramite aggiustamenti della composizione ed elaborazione.<\/p>\n<h3>Caratteristiche della polvere di CoCrFeNi<\/h3>\n<p class=\"whitespace-pre-wrap\">Alcune caratteristiche salienti della polvere in lega di CoCrFeNi includono:<\/p>\n<ul class=\"list-disc pl-8 space-y-2\">\n<li class=\"whitespace-normal\">Struttura cubica a facce centrate monofase priva di fasi intermetalliche<\/li>\n<li class=\"whitespace-normal\">Presenti gemelli di ricottura e guasti di accatastamento<\/li>\n<li class=\"whitespace-normal\">Morfologia della polvere equiaxiale con buona scorrevolezza<\/li>\n<li class=\"whitespace-normal\">Dimensione della distribuzione della polvere che va da 15 a 150 \u00c3\u00d7m<\/li>\n<li class=\"whitespace-normal\">Alta purezza con basso contenuto di ossigeno<\/li>\n<li class=\"whitespace-normal\">Forma sferica in polvere e superficie liscia<\/li>\n<li class=\"whitespace-normal\">Dimensioni, forma e composizione della polvere personalizzabili<\/li>\n<\/ul>\n<p class=\"whitespace-pre-wrap\">La polvere presenta un'elevata omogeneit\u00e0 chimica con una distribuzione uniforme degli elementi di lega. La morfologia sferica fornisce buone caratteristiche di riempimento e di flusso.<\/p>\n<h2>Applicazioni della polvere di CoCrFeNi<\/h2>\n<p class=\"whitespace-pre-wrap\">La combinazione eccezionale di resistenza, durezza e lavorabilit\u00e0 della polvere CoCrFeNi la rende adatta per:<\/p>\n<p class=\"whitespace-pre-wrap\"><strong>Additive Manufacturing:<\/strong> Eccellente stampabilit\u00e0 grazie a un buon flusso e buone caratteristiche di fusione. Usato per componentistica aerospaziale, utensili e impianti biomedici.<\/p>\n<p class=\"whitespace-pre-wrap\"><strong>Rivestimenti tramite spruzzatura termica:<\/strong> Resistenza all'usura, alla corrosione e all'ammorbidimento termico. Rivestimenti per applicazioni meccaniche, marine e chimiche.<\/p>\n<p class=\"whitespace-pre-wrap\"><strong>Sviluppo Leghe:<\/strong> Materiale di base per nuove leghe ad alta entropia con aggiunte di Al, Ti, ecc.<\/p>\n<p class=\"whitespace-pre-wrap\"><strong>Stampaggio a iniezione di metallo:<\/strong> Parti ad alta rigidezza con buona stabilit\u00e0 dimensionale per l'aviazione e l'automotive.<\/p>\n<p class=\"whitespace-pre-wrap\"><strong>Metallurgia delle polveri<\/strong> Componenti in P\/M ad alte prestazioni con resistenza e duttilit\u00e0 bilanciate.<\/p>\n<p class=\"whitespace-pre-wrap\"><strong>Applicazioni criogeniche:<\/strong> Ritenzione di duttilit\u00e0 e tenacit\u00e0 a temperature sottozero.<\/p>\n<h2>Specifiche della polvere CoCrFeNi<\/h2>\n<p class=\"whitespace-pre-wrap\">La polvere in lega CoCrFeNi \u00e8 disponibile in varie gamme di dimensioni, composizioni e forme:<\/p>\n<table>\n<thead>\n<tr>\n<th>Parametro<\/th>\n<th>Varianti<\/th>\n<\/tr>\n<\/thead>\n<tbody>\n<tr>\n<td>Intervallo delle dimensioni<\/td>\n<td>15-25 \u00b5m, 25-45 \u00b5m, 45-75 \u00b5m, 75-105 \u00b5m, 105-150 \u00b5m<\/td>\n<\/tr>\n<tr>\n<td>Composizione<\/td>\n<td>Proporzioni elementali personalizzate eforhold d'equiatomici<\/td>\n<\/tr>\n<tr>\n<td>Forma in polvere<\/td>\n<td>Sferica, irregolare<\/td>\n<\/tr>\n<tr>\n<td>Metodo di produzione<\/td>\n<td>Atomizzazione a gas\/acqua, lega meccanica<\/td>\n<\/tr>\n<tr>\n<td>Modulo di fornitura<\/td>\n<td>Polvere sciolta, preforme sinterizzate<\/td>\n<\/tr>\n<\/tbody>\n<\/table>\n<p class=\"whitespace-pre-wrap\">Le dimensioni pi\u00f9 grandi per le polveri di 45-150 \u00c3x m sono preferite per lo spray termico e lo stampaggio a iniezione di metalli. Le dimensioni pi\u00f9 piccole di 15-45 \u00c3x m sono usate per la fabbricazione additiva. Le polveri possono essere personalizzate in forma, dimensione, contenuto di ossigeno e fluidit\u00e0.<\/p>\n<h2>Fornitori di polvere CoCrFeNi<\/h2>\n<p class=\"whitespace-pre-wrap\">Tra i principali fornitori globali di polvere di lega ad alta entropia CoCrFeNi ci sono:<\/p>\n<table>\n<thead>\n<tr>\n<th>Azienda<\/th>\n<th>capacit\u00e0 produttiva<\/th>\n<th>Ubicazione<\/th>\n<\/tr>\n<\/thead>\n<tbody>\n<tr>\n<td>Sandvik<\/td>\n<td>200 tonnellate all'anno<\/td>\n<td>Svezia<\/td>\n<\/tr>\n<tr>\n<td>Praxair<\/td>\n<td>150 tonnellate all'anno<\/td>\n<td>USA<\/td>\n<\/tr>\n<tr>\n<td>Hoganas<\/td>\n<td>100 tonnellate all'anno<\/td>\n<td>Svezia<\/td>\n<\/tr>\n<tr>\n<td>Polvere CNPC<\/td>\n<td>50 tonnellate all'anno<\/td>\n<td>Cina<\/td>\n<\/tr>\n<tr>\n<td>Carpenter Technologies<\/td>\n<td>40 tonnellate all'anno<\/td>\n<td>USA<\/td>\n<\/tr>\n<\/tbody>\n<\/table>\n<p class=\"whitespace-pre-wrap\">Le polveri vengono generalmente prodotte tramite processi di polverizzazione con gas o acqua. Questi fornitori possono fornire composizioni e dimensioni di polvere personalizzate.<\/p>\n<h3>tariffazione<\/h3>\n<table>\n<thead>\n<tr>\n<th>Granulometria<\/th>\n<th>Fascia di prezzo<\/th>\n<\/tr>\n<\/thead>\n<tbody>\n<tr>\n<td>15-45 micron<\/td>\n<td>150-200$ al kg<\/td>\n<\/tr>\n<tr>\n<td>45-105 micron<\/td>\n<td>$100-150 al kg<\/td>\n<\/tr>\n<tr>\n<td>105-150+ micron<\/td>\n<td>80-120 $ per kg<\/td>\n<\/tr>\n<\/tbody>\n<\/table>\n<p class=\"whitespace-pre-wrap\">Le dimensioni maggiori della polvere sono pi\u00f9 economiche a causa degli elevati tassi di produzione nell'atomizzazione. Le leghe e le composizioni personalizzate sono pi\u00f9 costose. I prezzi delle polveri sono diminuiti a causa della crescente concorrenza di mercato e delle capacit\u00e0.<\/p>\n<h2>Pro e contro di CoCrFeNi in polvere<\/h2>\n<table>\n<thead>\n<tr>\n<th>Vantaggi<\/th>\n<th>Limitazioni<\/th>\n<\/tr>\n<\/thead>\n<tbody>\n<tr>\n<td>Resistenza e durezza eccellenti<\/td>\n<td>Elevati costi dei materiali dovuti al Co e al Ni<\/td>\n<\/tr>\n<tr>\n<td>Eccellente duttilit\u00e0 e tenacit\u00e0<\/td>\n<td>Dati limitati sulle prestazioni a lungo termine<\/td>\n<\/tr>\n<tr>\n<td>Buona fabbricazione tramite AM, MIM, PM<\/td>\n<td>Sfide di elaborazione con controllo microstrutturale<\/td>\n<\/tr>\n<tr>\n<td>Stabilit\u00e0 termica e microstrutturale<\/td>\n<td>La composizione deve essere controllata con precisione.<\/td>\n<\/tr>\n<tr>\n<td>Elevata resistenza alla corrosione e all'usura<\/td>\n<td>Lavorabilit\u00e0 inferiore rispetto alle leghe tradizionali<\/td>\n<\/tr>\n<tr>\n<td>Mantiene la resistenza a temperature elevate<\/td>\n<td>Spesso richiede post-elaborazione HIP<\/td>\n<\/tr>\n<\/tbody>\n<\/table>\n<p class=\"whitespace-pre-wrap\">La polvere CoCrFeNi HEA consente la produzione di componenti con inarrivabili combinazioni di propriet\u00e0. Ciononostante, i costi di produzione e del materiale sono elevati. La microstruttura e le propriet\u00e0 dipendono fortemente dal preciso controllo della composizione.<\/p>\n<h2>Confronto con alternative.<\/h2>\n<p class=\"whitespace-pre-wrap\"><strong>Contro le polveri di acciaio inox<\/strong><\/p>\n<ul class=\"list-disc pl-8 space-y-2\">\n<li class=\"whitespace-normal\">Resistenza e durezza superiori<\/li>\n<li class=\"whitespace-normal\">Resistenza superiore all'usura e alla corrosione<\/li>\n<li class=\"whitespace-normal\">Costi pi\u00f9 elevati dei materiali di base<\/li>\n<li class=\"whitespace-normal\">Minore lavorabilit\u00e0 e saldabilit\u00e0<\/li>\n<\/ul>\n<p class=\"whitespace-pre-wrap\"><strong>Vs. Polveri di acciaio per utensili<\/strong><\/p>\n<ul class=\"list-disc pl-8 space-y-2\">\n<li class=\"whitespace-normal\">Maggiore duttilit\u00e0 e tenacit\u00e0 alla frattura<\/li>\n<li class=\"whitespace-normal\">Bassa resistenza alle alte temperature<\/li>\n<li class=\"whitespace-normal\">Metodi di elaborazione meno consolidati<\/li>\n<li class=\"whitespace-normal\">Disponibilit\u00e0 limitata di dimensioni e varianti di lega<\/li>\n<\/ul>\n<p class=\"whitespace-pre-wrap\"><strong>Contro i superalloy in polvere in Inconel<\/strong><\/p>\n<ul class=\"list-disc pl-8 space-y-2\">\n<li class=\"whitespace-normal\">Resistenza comparabile alle alte temperature<\/li>\n<li class=\"whitespace-normal\">Materiali a basso costo<\/li>\n<li class=\"whitespace-normal\">Cronologia delle prestazioni pi\u00f9 breve<\/li>\n<li class=\"whitespace-normal\">Stabilit\u00e0 microstrutturale limitata a temperature molto elevate<\/li>\n<\/ul>\n<h2>FAQ<\/h2>\n<p class=\"whitespace-pre-wrap\"><strong>Q: Che cosa \u00e8 una polvere a elevata entropia (HEA)?<\/strong><\/p>\n<p class=\"whitespace-pre-wrap\">A: La polvere HEA contiene pi\u00f9 elementi principali in rapporti quasi equatomici, per produrre propriet\u00e0 eccezionali di resistenza, duttilit\u00e0 e stabilit\u00e0. La polvere CoCrFeNi \u00e8 una HEA leader.<\/p>\n<p class=\"whitespace-pre-wrap\"><strong>D: Quali sono le tipiche dimensioni della polvere di CoCrFeNi disponibile?<\/strong><\/p>\n<p class=\"whitespace-pre-wrap\">A: Gama di dimensioni di fabbricazione comuni 15-45 \u0102\u00d7m per AM, 45-105 \u0102\u00d7m per spruzzatura termica e 105-150 \u0102\u00d7m per MIM e altre applicazioni. Dimensioni pi\u00f9 fini e pi\u00f9 grossolane possono essere personalizzate.<\/p>\n<p class=\"whitespace-pre-wrap\"><strong>D: Cosa incide sul prezzo della polvere di lega CoCrFeNi?<\/strong><\/p>\n<p class=\"whitespace-pre-wrap\">R: Il prezzo viene determinato da dimensioni, composizione, purezza, metodo di produzione e quantit\u00e0 ordinata della polvere. Le dimensioni maggiori di 100 \u00b5m costano meno. Le aggiunte minori o i range di composizione pi\u00f9 stretti fanno aumentare il costo.<\/p>\n<p class=\"whitespace-pre-wrap\"><strong>D: In che modo viene prodotta la polvere HEA di CoCrFeNi?<\/strong><\/p>\n<p class=\"whitespace-pre-wrap\">A: Atomizzazione a gas e atomizzazione ad acqua sono i principali metodi di produzione. La polvere pu\u00f2 essere realizzata anche mediante lega meccanica o criofrantumazione di lingotti prelegati.<\/p>\n<p class=\"whitespace-pre-wrap\"><strong>Q: Quali sono alcune delle applicazioni di esempio della polvere CoCrFeNi?<\/strong><\/p>\n<p class=\"whitespace-pre-wrap\">A: gli impieghi principali sono la fabbricazione additiva di componenti per utensili e aerospaziali, rivestimenti a spruzzo termico per resistenza all'usura\/alla corrosione, sviluppo di leghe, stampaggio a iniezione di metallo di componenti automobilistici e metallurgia delle polveri di componenti ad alte prestazioni.<\/p>\n<p class=\"whitespace-pre-wrap\"><strong>D: Quali sono le propriet\u00e0 chiave della polvere HEA di CoCrFeNi?<\/strong><\/p>\n<p class=\"whitespace-pre-wrap\">A: Espone una combinazione eccezionale di elevata resistenza, durezza, duttilit\u00e0, tenacit\u00e0 alla frattura, stabilit\u00e0 termica e resistenza alla corrosione rispetto alle leghe convenzionali.<\/p>\n<p class=\"whitespace-pre-wrap\"><strong>D: Quali sono i limiti della polvere CoCrFeNi?<\/strong><\/p>\n<p class=\"whitespace-pre-wrap\">A: Elevato costo dei materiali di base, difficolta' di lavorazione nel controllo della microstruttura, dati prestazionali a lungo termine limitati, minore saldabilit\u00e0 rispetto agli acciai sono alcuni degli svantaggi.<\/p>\n<p class=\"whitespace-pre-wrap\"><strong>D: Quale paragone c'\u00e8 tra la polvere CoCrFeNi e gli acciai per utensili e gli acciai inossidabili?<\/strong><\/p>\n<p class=\"whitespace-pre-wrap\">A: Ha una resistenza ed una durezza notevolmente maggiore rispetto agli acciai inossidabili, ma una lavorabilit\u00e0 inferiore. Rispetto agli acciai per utensili, offre una tenacit\u00e0 e una duttilit\u00e0 alla frattura superiori.<\/p>\n<p class=\"whitespace-pre-wrap\"><strong>D: Il CoCrFeNi \u00e8 adatto ad applicazioni criogeniche?<\/strong><\/p>\n<p class=\"whitespace-pre-wrap\">A: S\u00ec, mantiene una buona duttilit\u00e0 e tenacit\u00e0 a temperature inferiori allo zero mentre le leghe convenzionali diventano fragili. Ci\u00f2 lo rende utile per le attrezzature criogeniche.<\/p>\n<p class=\"whitespace-pre-wrap\"><strong>D: La composizione della polvere CoCrFeNi pu\u00f2 essere personalizzata?<\/strong><\/p>\n<p class=\"whitespace-pre-wrap\">A: S\u00ec, i fornitori possono offrire rapporti elementali personalizzati oltre alla composizione equiatomica. Le regolazioni comuni sono aggiunte di 1-2% in peso di Mn o Co per personalizzare le propriet\u00e0.<\/p>\n<p><\/span><\/span><\/p>","protected":false},"excerpt":{"rendered":"<p>Panoramica della polvere di CoCrFeNi La polvere di CoCrFeNi, nota anche come polvere di CoCrFeNiMn o polvere di lega ad alta entropia (HEA), si riferisce a un materiale composto da elementi di cobalto, cromo, ferro e nichel in rapporti quasi equiatomici. Questa nuova polvere di lega mostra propriet\u00e0 eccezionali rispetto alle leghe convenzionali e ha suscitato un notevole interesse per diverse applicazioni. Alcune caratteristiche chiave...<\/p>","protected":false},"featured_media":1789,"parent":0,"template":"","meta":{"_acf_changed":false,"_kad_blocks_custom_css":"","_kad_blocks_head_custom_js":"","_kad_blocks_body_custom_js":"","_kad_blocks_footer_custom_js":"","_kad_post_transparent":"","_kad_post_title":"","_kad_post_layout":"","_kad_post_sidebar_id":"","_kad_post_content_style":"","_kad_post_vertical_padding":"","_kad_post_feature":"","_kad_post_feature_position":"","_kad_post_header":false,"_kad_post_footer":false,"_kad_post_classname":""},"product-category":[119,127],"class_list":["post-3950","product","type-product","status-publish","has-post-thumbnail","hentry","product-category-3d-printing-metal-powder","product-category-high-entropy-alloy-powder"],"acf":[],"taxonomy_info":{"product-category":[{"value":119,"label":"3D Printing Metal Powder"},{"value":127,"label":"High Entropy Alloy Powder"}]},"featured_image_src_large":["https:\/\/3dpmetal.com\/wp-content\/uploads\/2024\/02\/FeCoNiCrAl-powder.jpg",600,600,false],"author_info":[],"comment_info":"","_links":{"self":[{"href":"https:\/\/3dpmetal.com\/it\/wp-json\/wp\/v2\/product\/3950","targetHints":{"allow":["GET"]}}],"collection":[{"href":"https:\/\/3dpmetal.com\/it\/wp-json\/wp\/v2\/product"}],"about":[{"href":"https:\/\/3dpmetal.com\/it\/wp-json\/wp\/v2\/types\/product"}],"wp:featuredmedia":[{"embeddable":true,"href":"https:\/\/3dpmetal.com\/it\/wp-json\/wp\/v2\/media\/1789"}],"wp:attachment":[{"href":"https:\/\/3dpmetal.com\/it\/wp-json\/wp\/v2\/media?parent=3950"}],"wp:term":[{"taxonomy":"product-category","embeddable":true,"href":"https:\/\/3dpmetal.com\/it\/wp-json\/wp\/v2\/product-category?post=3950"}],"curies":[{"name":"wp","href":"https:\/\/api.w.org\/{rel}","templated":true}]}}