{"id":4294,"date":"2024-04-07T08:17:04","date_gmt":"2024-04-07T08:17:04","guid":{"rendered":"https:\/\/3dpmetal.com\/product\/titanium-ti1023-powder\/"},"modified":"2024-04-08T00:50:22","modified_gmt":"2024-04-08T00:50:22","slug":"titanium-ti1023-powder","status":"publish","type":"product","link":"https:\/\/3dpmetal.com\/it\/product\/titanium-ti1023-powder\/","title":{"rendered":"Polvere di titanio Ti1023"},"content":{"rendered":"<h2>Polvere di titanio Ti1023: Panoramica<\/h2>\n<p>Titanio <a href=\"https:\/\/en.wikipedia.org\/wiki\/Metal_powder\" target=\"_blank\" rel=\"noopener\">Polvere di Ti1023<\/a> \u00e8 una polvere di lega a base di titanio molto ricercata, nota per la sua eccezionale forza, resistenza alla corrosione e al calore. Ampiamente utilizzata in tutti i settori industriali, in particolare in quello aerospaziale, automobilistico e medico, questa polvere svolge un ruolo cruciale nelle applicazioni che richiedono prestazioni superiori in condizioni difficili.<\/p>\n<h2>Composizione<\/h2>\n<p>La polvere di titanio Ti1023 \u00e8 lavorata meticolosamente con precisi elementi di lega per ottenere le sue eccezionali propriet\u00e0:<\/p>\n<table>\n<thead>\n<tr>\n<th>Elemento<\/th>\n<th>% Peso<\/th>\n<\/tr>\n<\/thead>\n<tbody>\n<tr>\n<td>Titanio (Ti)<\/td>\n<td>89.0-91.0<\/td>\n<\/tr>\n<tr>\n<td>Alluminio (Al)<\/td>\n<td>5.5-6.5<\/td>\n<\/tr>\n<tr>\n<td>Vanadio (V)<\/td>\n<td>2.0-3.0<\/td>\n<\/tr>\n<tr>\n<td>Ferro (Fe)<\/td>\n<td>\u22640.25<\/td>\n<\/tr>\n<tr>\n<td>Carbonio (C)<\/td>\n<td>\u22640.08<\/td>\n<\/tr>\n<tr>\n<td>Azoto (N)<\/td>\n<td>\u22640.05<\/td>\n<\/tr>\n<tr>\n<td>Idrogeno (H)<\/td>\n<td>\u22640.015<\/td>\n<\/tr>\n<tr>\n<td>Ossigeno (O)<\/td>\n<td>\u22640.18<\/td>\n<\/tr>\n<\/tbody>\n<\/table>\n<p>Questi elementi di lega contribuiscono sinergicamente alla forza, alla resistenza alla corrosione e alla resistenza al calore della lega.<\/p>\n<h2>Propriet\u00e0<\/h2>\n<p>La polvere di titanio Ti1023 presenta notevoli propriet\u00e0, essenziali per le applicazioni pi\u00f9 esigenti:<\/p>\n<table>\n<thead>\n<tr>\n<th>Propriet\u00e0<\/th>\n<th>Valore<\/th>\n<\/tr>\n<\/thead>\n<tbody>\n<tr>\n<td>Densit\u00e0<\/td>\n<td>4,51 g\/cm\u00b3<\/td>\n<\/tr>\n<tr>\n<td>Durezza (HB)<\/td>\n<td>340-380<\/td>\n<\/tr>\n<tr>\n<td>Resistenza alla trazione<\/td>\n<td>900-1000 MPa<\/td>\n<\/tr>\n<tr>\n<td>Limite di snervamento<\/td>\n<td>800-900 MPa<\/td>\n<\/tr>\n<tr>\n<td>Allungamento<\/td>\n<td>10-15%<\/td>\n<\/tr>\n<tr>\n<td>Punto di fusione<\/td>\n<td>1600-1650\u00b0C<\/td>\n<\/tr>\n<tr>\n<td>Conduttivit\u00e0 termica<\/td>\n<td>6,7 W\/m-K<\/td>\n<\/tr>\n<tr>\n<td>Coefficiente di espansione<\/td>\n<td>8,6 \u00b5m\/m-K<\/td>\n<\/tr>\n<\/tbody>\n<\/table>\n<p>Queste eccezionali propriet\u00e0 rendono la polvere di titanio Ti1023 adatta a un'ampia gamma di applicazioni che richiedono elevata forza, resistenza alla corrosione e al calore.<\/p>\n<h2>APPLICAZIONI<\/h2>\n<p>La polvere di titanio Ti1023 trova ampie applicazioni in diversi settori industriali:<\/p>\n<ul>\n<li>Aerospaziale: componenti per aerei, parti di motori<\/li>\n<li>Automotive: componenti leggeri, sistemi di scarico<\/li>\n<li>Medicale: impianti chirurgici, dispositivi ortopedici<\/li>\n<li>Attrezzature sportive: telai di biciclette, mazze da golf<\/li>\n<li>Trattamento chimico: reattori, scambiatori di calore<\/li>\n<\/ul>\n<p>La combinazione di propriet\u00e0 superiori lo rende ideale per i componenti critici sottoposti ad ambienti corrosivi, alte temperature e condizioni di forte stress.<\/p>\n<h2>Processo di fabbricazione additiva<\/h2>\n<p>La polvere di titanio Ti1023 viene tipicamente prodotta attraverso tecniche di produzione avanzate come l'atomizzazione al plasma o l'atomizzazione a gas, ottenendo particelle sferiche adatte alle tecniche di produzione additiva come la fusione laser selettiva (SLM) e la fusione a fascio elettronico (EBM).<\/p>\n<h2>Specifiche della polvere<\/h2>\n<p>La polvere di titanio Ti1023 \u00e8 disponibile in diverse specifiche, studiate su misura per soddisfare i requisiti di applicazioni specifiche, tra cui la distribuzione delle dimensioni delle particelle, la morfologia, la densit\u00e0 apparente, la purezza e il contenuto di ossigeno.<\/p>\n<h2>Standard e voti<\/h2>\n<p>La polvere di titanio Ti1023 \u00e8 conforme agli standard industriali come ASTM B348 e AMS 4902, garantendo la sua qualit\u00e0 e la sua idoneit\u00e0 per diverse applicazioni.<\/p>\n<h2>Controllo qualit\u00e0<\/h2>\n<p>Per la polvere di titanio Ti1023 vengono attuate rigorose misure di controllo della qualit\u00e0, tra cui l'analisi chimica, l'analisi delle dimensioni delle particelle, la valutazione della morfologia della polvere, il test della densit\u00e0, la valutazione della purezza e l'analisi del contenuto di ossigeno, per garantire coerenza e affidabilit\u00e0.<\/p>\n<h2>Analisi dei costi<\/h2>\n<p>Il costo della polvere di titanio Ti1023 varia in base a diversi fattori, tra cui il volume degli ordini, la gamma di dimensioni delle particelle, la morfologia della polvere, i livelli di purezza e i margini del produttore\/distributore.<\/p>\n<h2>Stoccaggio e manipolazione delle polveri<\/h2>\n<p>Per preservare l'integrit\u00e0 della polvere di titanio Ti1023 \u00e8 indispensabile adottare pratiche di conservazione e manipolazione adeguate, tra cui la conservazione in contenitori sigillati in un ambiente controllato e l'osservanza di protocolli di manipolazione appropriati.<\/p>\n<h2>Salute e sicurezza<\/h2>\n<p>La polvere di titanio Ti1023 presenta rischi minimi per la salute in caso di manipolazione corretta, ma richiede l'uso di dispositivi di protezione individuale e il rispetto dei protocolli di sicurezza durante la manipolazione e la lavorazione.<\/p>\n<h2>FAQ<\/h2>\n<ol>\n<li><strong>Quali sono i principali vantaggi della polvere di titanio Ti1023?<\/strong> La polvere di titanio Ti1023 offre una forza, una resistenza alla corrosione e una resistenza al calore eccezionali, che la rendono adatta a un'ampia gamma di applicazioni nei settori aerospaziale, automobilistico e medico.<\/li>\n<li><strong>La polvere di titanio Ti1023 \u00e8 adatta per gli impianti medici?<\/strong> S\u00ec, la polvere di titanio Ti1023 \u00e8 comunemente utilizzata nelle applicazioni mediche per la sua biocompatibilit\u00e0, forza e resistenza alla corrosione, che la rendono ideale per impianti chirurgici e dispositivi ortopedici.<\/li>\n<li><strong>La polvere di titanio Ti1023 pu\u00f2 essere utilizzata nelle applicazioni aerospaziali?<\/strong> S\u00ec, la polvere di titanio Ti1023 \u00e8 adatta per le applicazioni aerospaziali, compresi i componenti di aerei e motori, grazie alla sua elevata forza e resistenza alla corrosione.<\/li>\n<li><strong>Quali processi di produzione additiva possono utilizzare la polvere di titanio Ti1023?<\/strong> La polvere di titanio Ti1023 pu\u00f2 essere lavorata con tecniche di produzione additiva come la fusione laser selettiva (SLM) e la fusione a fascio di elettroni (EBM) per produrre componenti complessi ad alta precisione.<\/li>\n<li><strong>Quali sono i costi tipici associati alla polvere di titanio Ti1023?<\/strong> I costi della polvere di titanio Ti1023 variano in base a fattori quali il volume, la gamma di dimensioni delle particelle, i livelli di purezza e le condizioni di mercato.<\/li>\n<\/ol>","protected":false},"excerpt":{"rendered":"<p>Polvere di titanio Ti1023: Panoramica La polvere di titanio Ti1023 \u00e8 una polvere di lega a base di titanio molto ricercata, nota per la sua eccezionale forza, resistenza alla corrosione e al calore. Ampiamente utilizzata in tutti i settori industriali, in particolare in quello aerospaziale, automobilistico e medico, questa polvere svolge un ruolo cruciale nelle applicazioni che richiedono prestazioni superiori in condizioni difficili. Composizione La polvere di titanio Ti1023 \u00e8 lavorata meticolosamente...<\/p>","protected":false},"featured_media":1792,"parent":0,"template":"","meta":{"_acf_changed":false,"_kad_blocks_custom_css":"","_kad_blocks_head_custom_js":"","_kad_blocks_body_custom_js":"","_kad_blocks_footer_custom_js":"","_kad_post_transparent":"","_kad_post_title":"","_kad_post_layout":"","_kad_post_sidebar_id":"","_kad_post_content_style":"","_kad_post_vertical_padding":"","_kad_post_feature":"","_kad_post_feature_position":"","_kad_post_header":false,"_kad_post_footer":false,"_kad_post_classname":""},"product-category":[119],"class_list":["post-4294","product","type-product","status-publish","has-post-thumbnail","hentry","product-category-3d-printing-metal-powder"],"acf":[],"taxonomy_info":{"product-category":[{"value":119,"label":"3D Printing Metal Powder"}]},"featured_image_src_large":["https:\/\/3dpmetal.com\/wp-content\/uploads\/2024\/02\/FeCoNiCrMo.jpg",500,432,false],"author_info":[],"comment_info":"","_links":{"self":[{"href":"https:\/\/3dpmetal.com\/it\/wp-json\/wp\/v2\/product\/4294","targetHints":{"allow":["GET"]}}],"collection":[{"href":"https:\/\/3dpmetal.com\/it\/wp-json\/wp\/v2\/product"}],"about":[{"href":"https:\/\/3dpmetal.com\/it\/wp-json\/wp\/v2\/types\/product"}],"wp:featuredmedia":[{"embeddable":true,"href":"https:\/\/3dpmetal.com\/it\/wp-json\/wp\/v2\/media\/1792"}],"wp:attachment":[{"href":"https:\/\/3dpmetal.com\/it\/wp-json\/wp\/v2\/media?parent=4294"}],"wp:term":[{"taxonomy":"product-category","embeddable":true,"href":"https:\/\/3dpmetal.com\/it\/wp-json\/wp\/v2\/product-category?post=4294"}],"curies":[{"name":"wp","href":"https:\/\/api.w.org\/{rel}","templated":true}]}}