{"id":4311,"date":"2024-04-07T08:17:24","date_gmt":"2024-04-07T08:17:24","guid":{"rendered":"https:\/\/3dpmetal.com\/product\/nickel-alloy-52-powder\/"},"modified":"2024-04-08T01:25:33","modified_gmt":"2024-04-08T01:25:33","slug":"nickel-alloy-52-powder","status":"publish","type":"product","link":"https:\/\/3dpmetal.com\/it\/product\/nickel-alloy-52-powder\/","title":{"rendered":"Polvere di lega di nichel 52"},"content":{"rendered":"<h2>Polvere di lega di nichel 52: Panoramica<\/h2>\n<p><a href=\"https:\/\/en.wikipedia.org\/wiki\/Metal_powder\" target=\"_blank\" rel=\"noopener\">Polvere di lega di nichel 52<\/a> \u00e8 una polvere di lega di nichel-ferro molto apprezzata, nota per le sue eccezionali propriet\u00e0 di espansione termica, la bassa conduttivit\u00e0 termica e l'elevata resistivit\u00e0 elettrica. Ampiamente utilizzata nelle applicazioni elettroniche ed elettriche, questa polvere svolge un ruolo cruciale nella produzione di componenti che richiedono un controllo preciso dell'espansione termica e un'elevata affidabilit\u00e0.<\/p>\n<h2>Composizione<\/h2>\n<p>La polvere di Nichel Alloy 52 \u00e8 lavorata meticolosamente con precisi elementi di lega per ottenere le sue eccezionali propriet\u00e0:<\/p>\n<table>\n<thead>\n<tr>\n<th>Elemento<\/th>\n<th>% Peso<\/th>\n<\/tr>\n<\/thead>\n<tbody>\n<tr>\n<td>Nichel (Ni)<\/td>\n<td>49.0-51.0<\/td>\n<\/tr>\n<tr>\n<td>Ferro (Fe)<\/td>\n<td>Equilibrio<\/td>\n<\/tr>\n<tr>\n<td>Manganese (Mn)<\/td>\n<td>\u22640.60<\/td>\n<\/tr>\n<tr>\n<td>Silicio (Si)<\/td>\n<td>\u22640.30<\/td>\n<\/tr>\n<tr>\n<td>Carbonio (C)<\/td>\n<td>\u22640.05<\/td>\n<\/tr>\n<tr>\n<td>Zolfo (S)<\/td>\n<td>\u22640.02<\/td>\n<\/tr>\n<tr>\n<td>Fosforo (P)<\/td>\n<td>\u22640.02<\/td>\n<\/tr>\n<\/tbody>\n<\/table>\n<p>Questi elementi di lega lavorano sinergicamente per migliorare le propriet\u00e0 di espansione termica e la resistivit\u00e0 elettrica della lega.<\/p>\n<h2>Propriet\u00e0<\/h2>\n<p>La polvere di lega di nichel 52 presenta notevoli propriet\u00e0, essenziali per le applicazioni pi\u00f9 esigenti:<\/p>\n<table>\n<thead>\n<tr>\n<th>Propriet\u00e0<\/th>\n<th>Valore<\/th>\n<\/tr>\n<\/thead>\n<tbody>\n<tr>\n<td>Densit\u00e0<\/td>\n<td>8,25 g\/cm\u00b3<\/td>\n<\/tr>\n<tr>\n<td>Coefficiente di espansione<\/td>\n<td>10,9 \u00b5m\/m-K<\/td>\n<\/tr>\n<tr>\n<td>Conduttivit\u00e0 termica<\/td>\n<td>17,1 W\/m-K<\/td>\n<\/tr>\n<tr>\n<td>Resistivit\u00e0 elettrica<\/td>\n<td>0,44 \u00b5\u03a9-m<\/td>\n<\/tr>\n<tr>\n<td>Resistenza alla trazione<\/td>\n<td>450 MPa<\/td>\n<\/tr>\n<tr>\n<td>Limite di snervamento<\/td>\n<td>175 MPa<\/td>\n<\/tr>\n<tr>\n<td>Allungamento<\/td>\n<td>40%<\/td>\n<\/tr>\n<tr>\n<td>Punto di fusione<\/td>\n<td>~1330-1370\u00b0C<\/td>\n<\/tr>\n<\/tbody>\n<\/table>\n<p>Queste eccezionali propriet\u00e0 rendono la polvere di nichel 52 adatta a un'ampia gamma di applicazioni che richiedono un preciso controllo dell'espansione termica e un'elevata resistivit\u00e0 elettrica.<\/p>\n<h2>APPLICAZIONI<\/h2>\n<p>La polvere di nichel 52 trova ampie applicazioni in diversi settori industriali:<\/p>\n<ul>\n<li>Elettronica: telai in piombo, guarnizioni ceramica-metallo, guarnizioni vetro-metallo<\/li>\n<li>Elettrico: resistenze a filo, strumenti di precisione, termocoppie<\/li>\n<li>Automotive: componenti per sensori, componenti per rel\u00e8<\/li>\n<li>Aerospaziale: componenti per satelliti, elettronica aerospaziale<\/li>\n<\/ul>\n<p>La combinazione di propriet\u00e0 superiori lo rende ideale per i componenti critici che richiedono una gestione termica precisa e un'elevata affidabilit\u00e0.<\/p>\n<h2>Processo di fabbricazione additiva<\/h2>\n<p>La polvere di Nickel Alloy 52 viene tipicamente prodotta attraverso processi di atomizzazione a gas o al plasma, ottenendo particelle sferiche adatte a tecniche di produzione additiva come la fusione laser selettiva (SLM) e la fusione a fascio elettronico (EBM).<\/p>\n<h2>Specifiche della polvere<\/h2>\n<p>La polvere di nichel 52 \u00e8 disponibile in varie gamme di dimensioni, morfologie e livelli di qualit\u00e0, per soddisfare i requisiti di applicazioni specifiche.<\/p>\n<h2>Standard e voti<\/h2>\n<p>La polvere di nichel 52 \u00e8 conforme a standard industriali quali ASTM F e AMS 4, che ne garantiscono la qualit\u00e0 e l'idoneit\u00e0 a diverse applicazioni.<\/p>\n<h2>Controllo qualit\u00e0<\/h2>\n<p>Per la polvere di nichel 52 vengono attuate rigorose misure di controllo della qualit\u00e0, tra cui l'analisi chimica, l'analisi delle dimensioni delle particelle, la valutazione della morfologia della polvere, il test della densit\u00e0, la valutazione della purezza e l'analisi del contenuto di ossigeno, per garantire coerenza e affidabilit\u00e0.<\/p>\n<h2>Analisi dei costi<\/h2>\n<p>Il costo della polvere di nichel 52 varia in base a diversi fattori, tra cui il volume degli ordini, la gamma di dimensioni delle particelle, la morfologia della polvere, i livelli di purezza e le condizioni di mercato.<\/p>\n<h2>Stoccaggio e manipolazione delle polveri<\/h2>\n<p>Per preservare l'integrit\u00e0 della polvere di nichel 52 \u00e8 indispensabile adottare pratiche di conservazione e manipolazione corrette, tra cui la conservazione in contenitori sigillati in un ambiente controllato e l'osservanza di protocolli di manipolazione appropriati.<\/p>\n<h2>Salute e sicurezza<\/h2>\n<p>La polvere di nichel 52 presenta rischi minimi per la salute in caso di manipolazione corretta, ma richiede l'uso di dispositivi di protezione individuale e il rispetto dei protocolli di sicurezza durante la manipolazione e la lavorazione.<\/p>","protected":false},"excerpt":{"rendered":"<p>Polvere di nichel in lega 52: Panoramica La polvere di Nickel Alloy 52 \u00e8 una polvere di lega di nichel-ferro molto apprezzata, nota per le sue eccezionali propriet\u00e0 di espansione termica, la bassa conduttivit\u00e0 termica e l'elevata resistivit\u00e0 elettrica. Ampiamente utilizzata nelle applicazioni elettroniche ed elettriche, questa polvere svolge un ruolo cruciale nella produzione di componenti che richiedono un controllo preciso dell'espansione termica e un'elevata affidabilit\u00e0. Composizione...<\/p>","protected":false},"featured_media":1798,"parent":0,"template":"","meta":{"_acf_changed":false,"_kad_blocks_custom_css":"","_kad_blocks_head_custom_js":"","_kad_blocks_body_custom_js":"","_kad_blocks_footer_custom_js":"","_kad_post_transparent":"","_kad_post_title":"","_kad_post_layout":"","_kad_post_sidebar_id":"","_kad_post_content_style":"","_kad_post_vertical_padding":"","_kad_post_feature":"","_kad_post_feature_position":"","_kad_post_header":false,"_kad_post_footer":false,"_kad_post_classname":""},"product-category":[119],"class_list":["post-4311","product","type-product","status-publish","has-post-thumbnail","hentry","product-category-3d-printing-metal-powder"],"acf":[],"taxonomy_info":{"product-category":[{"value":119,"label":"3D Printing Metal Powder"}]},"featured_image_src_large":["https:\/\/3dpmetal.com\/wp-content\/uploads\/2024\/02\/GH-3625-Powder.jpg",600,600,false],"author_info":[],"comment_info":"","_links":{"self":[{"href":"https:\/\/3dpmetal.com\/it\/wp-json\/wp\/v2\/product\/4311","targetHints":{"allow":["GET"]}}],"collection":[{"href":"https:\/\/3dpmetal.com\/it\/wp-json\/wp\/v2\/product"}],"about":[{"href":"https:\/\/3dpmetal.com\/it\/wp-json\/wp\/v2\/types\/product"}],"wp:featuredmedia":[{"embeddable":true,"href":"https:\/\/3dpmetal.com\/it\/wp-json\/wp\/v2\/media\/1798"}],"wp:attachment":[{"href":"https:\/\/3dpmetal.com\/it\/wp-json\/wp\/v2\/media?parent=4311"}],"wp:term":[{"taxonomy":"product-category","embeddable":true,"href":"https:\/\/3dpmetal.com\/it\/wp-json\/wp\/v2\/product-category?post=4311"}],"curies":[{"name":"wp","href":"https:\/\/api.w.org\/{rel}","templated":true}]}}