{"id":4325,"date":"2024-04-07T08:17:41","date_gmt":"2024-04-07T08:17:41","guid":{"rendered":"https:\/\/3dpmetal.com\/product\/alloy-g-30-powder\/"},"modified":"2024-04-08T01:48:44","modified_gmt":"2024-04-08T01:48:44","slug":"alloy-g-30-powder","status":"publish","type":"product","link":"https:\/\/3dpmetal.com\/it\/product\/alloy-g-30-powder\/","title":{"rendered":"Lega G-30 in polvere"},"content":{"rendered":"<h2>Lega G-30 in polvere: Panoramica<\/h2>\n<p><a href=\"https:\/\/en.wikipedia.org\/wiki\/Metal_powder\" target=\"_blank\" rel=\"noopener\">Lega G-30 in polvere<\/a> \u00e8 molto apprezzato per la sua eccezionale resistenza alla corrosione, l'elevata forza e la versatilit\u00e0, che lo rendono indispensabile in vari ambienti difficili. La sua combinazione unica di propriet\u00e0 lo rende adatto ad applicazioni in cui la resistenza ad ambienti chimici difficili \u00e8 fondamentale.<\/p>\n<h2>Composizione<\/h2>\n<p>La polvere Alloy G-30 \u00e8 realizzata meticolosamente con precisi elementi di lega:<\/p>\n<table>\n<thead>\n<tr>\n<th>Elemento<\/th>\n<th>% Peso<\/th>\n<\/tr>\n<\/thead>\n<tbody>\n<tr>\n<td>Nichel (Ni)<\/td>\n<td>50.0-55.0<\/td>\n<\/tr>\n<tr>\n<td>Cromo (Cr)<\/td>\n<td>14.0-17.0<\/td>\n<\/tr>\n<tr>\n<td>Molibdeno (Mo)<\/td>\n<td>15.0-17.0<\/td>\n<\/tr>\n<tr>\n<td>Ferro (Fe)<\/td>\n<td>5.0-7.0<\/td>\n<\/tr>\n<tr>\n<td>Cobalto (Co)<\/td>\n<td>2,5 max<\/td>\n<\/tr>\n<tr>\n<td>Tungsteno (W)<\/td>\n<td>2,5 max<\/td>\n<\/tr>\n<tr>\n<td>Rame (Cu)<\/td>\n<td>1.0-2.5<\/td>\n<\/tr>\n<tr>\n<td>Vanadio (V)<\/td>\n<td>0,35 max<\/td>\n<\/tr>\n<tr>\n<td>Carbonio (C)<\/td>\n<td>0,03 max<\/td>\n<\/tr>\n<tr>\n<td>Silicio (Si)<\/td>\n<td>0,08 max<\/td>\n<\/tr>\n<tr>\n<td>Fosforo (P)<\/td>\n<td>0,020 max<\/td>\n<\/tr>\n<tr>\n<td>Zolfo (S)<\/td>\n<td>0,010 max<\/td>\n<\/tr>\n<\/tbody>\n<\/table>\n<h2>Propriet\u00e0<\/h2>\n<p>La polvere di lega G-30 vanta propriet\u00e0 eccezionali:<\/p>\n<table>\n<thead>\n<tr>\n<th>Propriet\u00e0<\/th>\n<th>Valore<\/th>\n<\/tr>\n<\/thead>\n<tbody>\n<tr>\n<td>Densit\u00e0<\/td>\n<td>8,22 g\/cm\u00b3<\/td>\n<\/tr>\n<tr>\n<td>Resistenza alla trazione<\/td>\n<td>760 MPa (min)<\/td>\n<\/tr>\n<tr>\n<td>Limite di snervamento<\/td>\n<td>350 MPa (min)<\/td>\n<\/tr>\n<tr>\n<td>Allungamento<\/td>\n<td>40% (min)<\/td>\n<\/tr>\n<tr>\n<td>Durezza (HRB)<\/td>\n<td>92 HRB<\/td>\n<\/tr>\n<tr>\n<td>Punto di fusione<\/td>\n<td>1360-1415\u00b0C<\/td>\n<\/tr>\n<tr>\n<td>Conduttivit\u00e0 termica<\/td>\n<td>10,3 W\/m-K<\/td>\n<\/tr>\n<tr>\n<td>Resistivit\u00e0 elettrica<\/td>\n<td>1,25 \u00b5\u03a9-m<\/td>\n<\/tr>\n<\/tbody>\n<\/table>\n<h2>APPLICAZIONI<\/h2>\n<p>La lega G-30 in polvere trova ampie applicazioni nell'industria chimica, farmaceutica e di controllo dell'inquinamento per componenti quali recipienti di reattori, scambiatori di calore e sistemi di depurazione.<\/p>\n<h2>Processo di fabbricazione additiva<\/h2>\n<p>Prodotta attraverso processi di atomizzazione a gas o al plasma, la polvere Alloy G-30 \u00e8 adatta alle tecniche di produzione additiva come la fusione a letto di polvere e la deposizione a energia diretta.<\/p>\n<h2>Specifiche della polvere<\/h2>\n<p>Disponibile in varie gamme di dimensioni, morfologie e livelli di qualit\u00e0, la polvere di Lega G-30 soddisfa i requisiti di applicazioni specifiche.<\/p>\n<h2>Standard e voti<\/h2>\n<p>La Lega G-30 in polvere \u00e8 conforme agli standard industriali come ASTM B582, garantendo qualit\u00e0 e idoneit\u00e0 per diverse applicazioni.<\/p>\n<h2>Controllo qualit\u00e0<\/h2>\n<p>Le rigorose misure di controllo della qualit\u00e0, tra cui l'analisi chimica e delle dimensioni delle particelle, garantiscono la consistenza e l'affidabilit\u00e0 della Lega G-30 in polvere.<\/p>\n<h2>Analisi dei costi<\/h2>\n<p>Il costo della polvere di Alloy G-30 varia a seconda di fattori quali il volume, la gamma di dimensioni delle particelle e le condizioni di mercato.<\/p>\n<h2>Stoccaggio e manipolazione delle polveri<\/h2>\n<p>La corretta conservazione in contenitori sigillati e l'osservanza dei protocolli di manipolazione sono essenziali per mantenere l'integrit\u00e0 della polvere Alloy G-30.<\/p>\n<h2>Salute e sicurezza<\/h2>\n<p>La polvere di Alloy G-30 presenta rischi minimi per la salute, ma richiede l'uso di dispositivi di protezione individuale durante la manipolazione e la lavorazione.<\/p>\n<h2>FAQ<\/h2>\n<ol>\n<li><strong>Quali sono i principali vantaggi della Lega G-30 in polvere?<\/strong> La lega G-30 in polvere offre un'eccezionale resistenza alla corrosione, un'elevata forza e versatilit\u00e0, che la rendono ideale per applicazioni in ambienti chimici difficili.<\/li>\n<li><strong>La polvere di Alloy G-30 pu\u00f2 essere utilizzata nella produzione additiva?<\/strong> S\u00ec, la polvere di Alloy G-30 \u00e8 comunemente utilizzata nelle tecniche di produzione additiva come la fusione a letto di polvere e la deposizione a energia diretta per produrre componenti con resistenza alla corrosione e propriet\u00e0 meccaniche superiori.<\/li>\n<li><strong>La Lega G-30 in polvere \u00e8 adatta per le applicazioni nei contenitori dei reattori?<\/strong> S\u00ec, la Lega G-30 in polvere \u00e8 ampiamente utilizzata nei contenitori dei reattori grazie alla sua eccellente resistenza alla corrosione e all'elevata forza.<\/li>\n<li><strong>Quali sono i costi tipici associati alla polvere di Alloy G-30?<\/strong> I costi della polvere di Lega G-30 variano in base a fattori quali il volume, la gamma di dimensioni delle particelle, la morfologia della polvere, i livelli di purezza e le condizioni di mercato.<\/li>\n<\/ol>","protected":false},"excerpt":{"rendered":"<p>Lega G-30 in polvere: Panoramica La Lega G-30 in polvere \u00e8 molto apprezzata per la sua eccezionale resistenza alla corrosione, l'elevata forza e la versatilit\u00e0, che la rendono indispensabile in vari ambienti difficili. La sua combinazione unica di propriet\u00e0 la rende adatta alle applicazioni in cui la resistenza agli ambienti chimici difficili \u00e8 fondamentale. La composizione della Lega G-30 in polvere \u00e8 realizzata meticolosamente con precisi elementi di lega:...<\/p>","protected":false},"featured_media":4210,"parent":0,"template":"","meta":{"_acf_changed":false,"_kad_blocks_custom_css":"","_kad_blocks_head_custom_js":"","_kad_blocks_body_custom_js":"","_kad_blocks_footer_custom_js":"","_kad_post_transparent":"","_kad_post_title":"","_kad_post_layout":"","_kad_post_sidebar_id":"","_kad_post_content_style":"","_kad_post_vertical_padding":"","_kad_post_feature":"","_kad_post_feature_position":"","_kad_post_header":false,"_kad_post_footer":false,"_kad_post_classname":""},"product-category":[119],"class_list":["post-4325","product","type-product","status-publish","has-post-thumbnail","hentry","product-category-3d-printing-metal-powder"],"acf":[],"taxonomy_info":{"product-category":[{"value":119,"label":"3D Printing Metal Powder"}]},"featured_image_src_large":["https:\/\/3dpmetal.com\/wp-content\/uploads\/2024\/04\/Gh3536.jpg",600,600,false],"author_info":[],"comment_info":"","_links":{"self":[{"href":"https:\/\/3dpmetal.com\/it\/wp-json\/wp\/v2\/product\/4325","targetHints":{"allow":["GET"]}}],"collection":[{"href":"https:\/\/3dpmetal.com\/it\/wp-json\/wp\/v2\/product"}],"about":[{"href":"https:\/\/3dpmetal.com\/it\/wp-json\/wp\/v2\/types\/product"}],"wp:featuredmedia":[{"embeddable":true,"href":"https:\/\/3dpmetal.com\/it\/wp-json\/wp\/v2\/media\/4210"}],"wp:attachment":[{"href":"https:\/\/3dpmetal.com\/it\/wp-json\/wp\/v2\/media?parent=4325"}],"wp:term":[{"taxonomy":"product-category","embeddable":true,"href":"https:\/\/3dpmetal.com\/it\/wp-json\/wp\/v2\/product-category?post=4325"}],"curies":[{"name":"wp","href":"https:\/\/api.w.org\/{rel}","templated":true}]}}