{"id":3865,"date":"2024-03-18T06:10:08","date_gmt":"2024-03-18T06:10:08","guid":{"rendered":"https:\/\/3dp.45612300.xyz\/product\/cocrw-powder\/"},"modified":"2024-03-18T06:10:08","modified_gmt":"2024-03-18T06:10:08","slug":"cocrw-powder","status":"publish","type":"product","link":"https:\/\/3dpmetal.com\/ja\/product\/cocrw-powder\/","title":{"rendered":"CoCrW\u30d1\u30a6\u30c0\u30fc"},"content":{"rendered":"<p><span style=\"vertical-align: inherit;\"><span style=\"vertical-align: inherit;\"><\/p>\n<div>\n<table>\n<tbody>\n<tr>\n<td data-sheets-value=\"{&quot;1&quot;:2,&quot;2&quot;:&quot;No&quot;}\"><strong>\u3044\u3044\u3048<\/strong><\/td>\n<td data-sheets-value=\"{&quot;1&quot;:2,&quot;2&quot;:&quot;Name&quot;}\"><strong>\u540d\u524d<\/strong><\/td>\n<td data-sheets-value=\"{&quot;1&quot;:2,&quot;2&quot;:&quot;Chemical Composition(wt%)&quot;}\"><strong>\u5316\u5b66\u7d44\u6210(wt%)<\/strong><\/td>\n<\/tr>\n<tr>\n<td data-sheets-value=\"{&quot;1&quot;:3,&quot;3&quot;:1}\">1<\/td>\n<td data-sheets-value=\"{&quot;1&quot;:2,&quot;2&quot;:&quot;18Ni300&quot;}\">18Ni300<\/td>\n<td data-sheets-value=\"{&quot;1&quot;:2,&quot;2&quot;:&quot;Ni17-19\u00a8\u00dbMo4.5-5.2\u00a8\u00dbCo8.5-9.5\u00a8\u00dbTi0.6-0.8\u00a8\u00dbAl0.05-0.15\u00a8\u00dbFe(Bal.)&quot;}\">Ni17-19\u00a8\u00dbMo4.5-5.2\u00a8\u00dbCo8.5-9.5\u00a8\u00dbTi0.6-0.8\u00a8\u00dbAl0.05-0.15\u00a8\u00dbFe(Bal.)<\/td>\n<\/tr>\n<tr>\n<td data-sheets-value=\"{&quot;1&quot;:3,&quot;3&quot;:2}\">2<\/td>\n<td data-sheets-value=\"{&quot;1&quot;:2,&quot;2&quot;:&quot;Hastelloy Alloy&quot;}\">\u30cf\u30b9\u30c6\u30ed\u30a4\u5408\u91d1<\/td>\n<td data-sheets-value=\"{&quot;1&quot;:2,&quot;2&quot;:&quot;Fe17-20\u00a8\u00dbCr20.5-23\u00a8\u00dbMo8-10\u00a8\u00dbW0.2-1\u00a8\u00dbCo0.5-2.5\u00a8\u00dbC0.05-0.15\u00a8\u00dbNi(Bal.)&quot;}\">Fe17-20\u00a8\u00dbCr20.5-23\u00a8\u00dbMo8-10\u00a8\u00dbW0.2-1\u00a8\u00dbCo0.5-2.5\u00a8\u00dbC0.05-0.15\u00a8\u00dbNi(Bal.)<\/td>\n<\/tr>\n<tr>\n<td data-sheets-value=\"{&quot;1&quot;:3,&quot;3&quot;:3}\">3<\/td>\n<td data-sheets-value=\"{&quot;1&quot;:2,&quot;2&quot;:&quot;AlSi10Mg&quot;}\">AlSi10Mg<\/td>\n<td data-sheets-value=\"{&quot;1&quot;:2,&quot;2&quot;:&quot;Si9-11\u00a8\u00dbMg0.2-0.45\u00a8\u00dbAl(Bal.)&quot;}\">Si9-11\u00a8\u00dbMg0.2-0.45\u00a8\u00dbAl(Bal.)<\/td>\n<\/tr>\n<tr>\n<td data-sheets-value=\"{&quot;1&quot;:3,&quot;3&quot;:4}\">4<\/td>\n<td data-sheets-value=\"{&quot;1&quot;:2,&quot;2&quot;:&quot;CoCrW&quot;}\">CoCrW<\/td>\n<td data-sheets-value=\"{&quot;1&quot;:2,&quot;2&quot;:&quot;Cr26.5-29\u00a8\u00dbW7-9\u00a8\u00dbSi1.2-1.9\u00a8\u00dbCo(Bal.)&quot;}\">Cr26.5-29\u00a8\u00dbW7-9\u00a8\u00dbSi1.2-1.9\u00a8\u00dbCo(Bal.)<\/td>\n<\/tr>\n<tr>\n<td data-sheets-value=\"{&quot;1&quot;:3,&quot;3&quot;:5}\">5<\/td>\n<td data-sheets-value=\"{&quot;1&quot;:2,&quot;2&quot;:&quot;Co28Cr6Mo(CoCrF75)&quot;}\">Co28Cr6Mo(CoCrF75)<\/td>\n<td data-sheets-value=\"{&quot;1&quot;:2,&quot;2&quot;:&quot;Cr27-29\u00a8\u00dbMo5-7\u00a8\u00dbCo(Bal.)&quot;}\">Cr27-29\u00a8\u00dbMo5-7\u00a8\u00dbCo(Bal.)<\/td>\n<\/tr>\n<tr>\n<td data-sheets-value=\"{&quot;1&quot;:3,&quot;3&quot;:6}\">6<\/td>\n<td data-sheets-value=\"{&quot;1&quot;:2,&quot;2&quot;:&quot;Spherical Ti Powder&quot;}\">\u7403\u72b6\u30c1\u30bf\u30f3\u7c89\u672b<\/td>\n<td data-sheets-value=\"{&quot;1&quot;:2,&quot;2&quot;:&quot;Ti\u00a1\u00d499.9&quot;}\">99.9\u30d1\u30fc\u30bb\u30f3\u30c8<\/td>\n<\/tr>\n<tr>\n<td data-sheets-value=\"{&quot;1&quot;:3,&quot;3&quot;:7}\">7<\/td>\n<td data-sheets-value=\"{&quot;1&quot;:2,&quot;2&quot;:&quot;TC4&quot;}\">TC4<\/td>\n<td data-sheets-value=\"{&quot;1&quot;:2,&quot;2&quot;:&quot;Al5.5-6.8\u00a8\u00dbV3.5-4.5\u00a8\u00dbTi(Bal.)&quot;}\">Al5.5-6.8\u00a8\u00dbV3.5-4.5\u00a8\u00dbTi(Bal.)<\/td>\n<\/tr>\n<tr>\n<td data-sheets-value=\"{&quot;1&quot;:3,&quot;3&quot;:8}\">8<\/td>\n<td data-sheets-value=\"{&quot;1&quot;:2,&quot;2&quot;:&quot;TA15&quot;}\">TA15<\/td>\n<td data-sheets-value=\"{&quot;1&quot;:2,&quot;2&quot;:&quot;Al5.5-7.1\u00a8\u00dbV0.8-2.5\u00a8\u00dbMo0.8-2\u00a8\u00dbZr1.5-2.5\u00a8\u00dbAl(Bal.)&quot;}\">Al5.5-7.1\u00a8\u00dbV0.8-2.5\u00a8\u00dbMo0.8-2\u00a8\u00dbZr1.5-2.5\u00a8\u00dbAl(Bal.)<\/td>\n<\/tr>\n<tr>\n<td data-sheets-value=\"{&quot;1&quot;:3,&quot;3&quot;:9}\">9<\/td>\n<td data-sheets-value=\"{&quot;1&quot;:2,&quot;2&quot;:&quot;316L&quot;}\">316L<\/td>\n<td data-sheets-value=\"{&quot;1&quot;:2,&quot;2&quot;:&quot;Cr16.00-18.00\u00a8\u00db Ni10.00-14.00\u00a8\u00dbMo2.00-3.00\u00a8\u00dbFe(Bal.)&quot;}\">Cr16.00-18.00\u00a8\u00db Ni10.00-14.00\u00a8\u00dbMo2.00-3.00\u00a8\u00dbFe(Bal.)<\/td>\n<\/tr>\n<tr>\n<td data-sheets-value=\"{&quot;1&quot;:3,&quot;3&quot;:10}\">10<\/td>\n<td data-sheets-value=\"{&quot;1&quot;:2,&quot;2&quot;:&quot;S136&quot;}\">S136<\/td>\n<td data-sheets-value=\"{&quot;1&quot;:2,&quot;2&quot;:&quot;Cr12.0-14.0\u00a8\u00dbSi0.8-1.0\u00a8\u00dbV0.15-0.4\u00a8\u00dbC0.2-0.45\u00a8\u00dbFe(Bal.)&quot;}\">Cr12.0-14.0\u00a8\u00dbSi0.8-1.0\u00a8\u00dbV0.15-0.4\u00a8\u00dbC0.2-0.45\u00a8\u00dbFe(Bal.)<\/td>\n<\/tr>\n<tr>\n<td data-sheets-value=\"{&quot;1&quot;:3,&quot;3&quot;:11}\">11<\/td>\n<td data-sheets-value=\"{&quot;1&quot;:2,&quot;2&quot;:&quot;In625&quot;}\">In625<\/td>\n<td data-sheets-value=\"{&quot;1&quot;:2,&quot;2&quot;:&quot;Cr20-23 , Mo8-10 , Nb 3.15-4.15 , Co\u00a8P1, Fe\u00a8P1 , Ni (bal.)&quot;}\">Cr20-23 , Mo8-10 , Nb 3.15-4.15 , Co\u00a8P1, Fe\u00a8P1 , Ni (bal.)<\/td>\n<\/tr>\n<tr>\n<td data-sheets-value=\"{&quot;1&quot;:3,&quot;3&quot;:12}\">12<\/td>\n<td data-sheets-value=\"{&quot;1&quot;:2,&quot;2&quot;:&quot;In718&quot;}\">In718<\/td>\n<td data-sheets-value=\"{&quot;1&quot;:2,&quot;2&quot;:&quot;Cr17-21 , Mo2.8-3.3 , Nb 4.75-5.5 , Co\u00a8P1, Ni50-51 , Fe(Bal.)&quot;}\">Cr17-21\u3001Mo2.8-3.3\u3001Nb4.75-5.5\u3001Co\u00a8P1\u3001Ni50-51\u3001Fe\uff08Bal.\uff09<\/td>\n<\/tr>\n<tr>\n<td data-sheets-value=\"{&quot;1&quot;:3,&quot;3&quot;:13}\">13<\/td>\n<td data-sheets-value=\"{&quot;1&quot;:2,&quot;2&quot;:&quot;Spherica WC&quot;}\">\u30b9\u30d5\u30a7\u30ea\u30abWC<\/td>\n<td data-sheets-value=\"{&quot;1&quot;:2,&quot;2&quot;:&quot;C3.7-4.2\u00a8\u00dbW(Bal.)&quot;}\">C3.7-4.2\u00dbW(\u30d0\u30eb.)<\/td>\n<\/tr>\n<tr>\n<td data-sheets-value=\"{&quot;1&quot;:3,&quot;3&quot;:14}\">14<\/td>\n<td data-sheets-value=\"{&quot;1&quot;:2,&quot;2&quot;:&quot;Spherical Cr Powder&quot;}\">\u7403\u72b6Cr\u30d1\u30a6\u30c0\u30fc<\/td>\n<td data-sheets-value=\"{&quot;1&quot;:2,&quot;2&quot;:&quot;Cr\u00a1\u00d499.9&quot;}\">\u30af\u30ec\u30e099.9<\/td>\n<\/tr>\n<tr>\n<td data-sheets-value=\"{&quot;1&quot;:3,&quot;3&quot;:15}\">15<\/td>\n<td data-sheets-value=\"{&quot;1&quot;:2,&quot;2&quot;:&quot;Spherica Mo Powder&quot;}\">\u30b9\u30d5\u30a7\u30ea\u30abMo\u30d1\u30a6\u30c0\u30fc<\/td>\n<td data-sheets-value=\"{&quot;1&quot;:2,&quot;2&quot;:&quot;Mo\u00a1\u00d499.9&quot;}\">Mo\u00a1\u00d499.9<\/td>\n<\/tr>\n<tr>\n<td data-sheets-value=\"{&quot;1&quot;:3,&quot;3&quot;:16}\">16<\/td>\n<td data-sheets-value=\"{&quot;1&quot;:2,&quot;2&quot;:&quot;Spherica Ta Powder&quot;}\">\u30b9\u30d5\u30a7\u30ea\u30ab\u30fb\u30bf\u30fb\u30d1\u30a6\u30c0\u30fc<\/td>\n<td data-sheets-value=\"{&quot;1&quot;:2,&quot;2&quot;:&quot;Ta\u00a1\u00d499.9&quot;}\">99.9<\/td>\n<\/tr>\n<tr>\n<td data-sheets-value=\"{&quot;1&quot;:3,&quot;3&quot;:17}\">17<\/td>\n<td data-sheets-value=\"{&quot;1&quot;:2,&quot;2&quot;:&quot;Spherica W Powder&quot;}\">\u30b9\u30d5\u30a7\u30ea\u30abW\u30d1\u30a6\u30c0\u30fc<\/td>\n<td data-sheets-value=\"{&quot;1&quot;:2,&quot;2&quot;:&quot;W\u00a1\u00d499.9&quot;}\">W<\/td>\n<\/tr>\n<\/tbody>\n<\/table>\n<\/div>\n<p><img loading=\"lazy\" decoding=\"async\" class=\"size-medium wp-image-1409 aligncenter\" src=\"https:\/\/met3dp.com\/wp-content\/uploads\/2023\/09\/ed7a94ec-3c10-4b1b-87ed--300x300.jpg\" alt=\"CoCrW\u30d1\u30a6\u30c0\u30fc\" width=\"300\" height=\"300\" title=\"\"><\/p>\n<p>CoCrW\u306f\u30b9\u30c6\u30e9\u30a4\u30c8\u5408\u91d1\u306e\u4e00\u3064\u3067\u3001\u9ad8\u6e29\u3067\u306e\u5404\u7a2e\u78e8\u8017\u3001\u8150\u98df\u3001\u9178\u5316\u306b\u8010\u3048\u308b\u3053\u3068\u304c\u3067\u304d\u308b\u3002\u5408\u91d1\u306e\u7d44\u6210\u306b\u3088\u308a\u3001\u6eb6\u63a5\u30ef\u30a4\u30e4\u3001\u786c\u8cea\u8868\u9762\u51e6\u7406\u3001\u6eb6\u5c04\u3001\u6eb6\u5c04\u6eb6\u63a5\u306b\u4f7f\u7528\u3055\u308c\u308b\u7c89\u672b\u306b\u3059\u308b\u3053\u3068\u304c\u3067\u304d\u307e\u3059\u3002\u307e\u305f\u3001\u92f3\u9020\u54c1\u3001\u935b\u9020\u54c1\u3001\u7c89\u672b\u51b6\u91d1\u90e8\u54c1\u306b\u3059\u308b\u3053\u3068\u3082\u3067\u304d\u308b\u3002<\/p>\n<p><strong>\u88fd\u54c1\u7279\u6027<\/strong><\/p>\n<ol>\n<li>\u5916\u89b3\u7070\u8272\u306e\u7c89<\/li>\n<li>\u30b5\u30a4\u30ba\uff1a15-53um<\/li>\n<li>\u5316\u5b66\u7d44\u6210\uff1aCr27-29\u00a8Mo5-7\u00a8Co\uff08Bal.\uff09<\/li>\n<li>PSD: D10=17.9\u00c3\u00d7m\u00a8\u00dbD50=31\u00c3\u00d7m\u00a8\u00dbD90=51.8\u00c3\u00d7m<\/li>\n<li>\u6ce8\uff1a\u305d\u306e\u4ed6\u306e3D\u30d7\u30ea\u30f3\u30c6\u30a3\u30f3\u30b0\u30d1\u30a6\u30c0\u30fc\u306f\u3001\u304a\u5ba2\u69d8\u306e\u3054\u8981\u671b\u306b\u5fdc\u3058\u3066\u63d0\u4f9b\u53ef\u80fd\u3067\u3059\u3002<\/li>\n<\/ol>\n<p><strong>\u30a2\u30d7\u30ea\u30b1\u30fc\u30b7\u30e7\u30f3<\/strong><\/p>\n<ol>\n<li>3D \u30d7\u30ea\u30f3\u30c6\u30a3\u30f3\u30b0<\/li>\n<li>\u5c04\u51fa\u6210\u5f62(MIM)<\/li>\n<li>\u7c89\u672b\u51b6\u91d1(PM)<\/li>\n<li>\u30b9\u30d7\u30ec\u30fc\u30b3\u30fc\u30c6\u30a3\u30f3\u30b0\uff08SP\uff09\u306a\u3069<\/li>\n<\/ol>\n<p><\/span><\/span><\/p>","protected":false},"excerpt":{"rendered":"<p>\u5316\u5b66\u6210\u5206\uff08wt%\uff09 1 18Ni300 Ni17-19\u00a8Mo4.5-5.2\u00a8Co8.5-9.5\u00a8Ti0.6-0.8\u00a8Al0.05-0.15\u00a8Fe\uff08Bal.) 2 \u30cf\u30b9\u30c6\u30ed\u30a4\u5408\u91d1 Fe17-20\u00a8Cr20.5-23\u00a8Mo8-10\u00a8W0.2-1\u00a8Co0.5-2.5\u00a8Cu0.05-0.15\u00a8Ni\uff08Bal.\uff09 3 AlSi10Mg Si9-11\u00a8Mg0.2-0.45\u00a8Bal.4 CoCrW Cr26.5-29 \u00dbW7-9 \u00dbSi1.2-1.9 \u00dbCo(Bal.) 5 Co28Cr6Mo(CoCrF75) Cr27-29 \u00dbMo5-7 \u00dbCo(Bal.) 6 \u7403\u72b6Ti\u7c89\u672b Ti\u00a1\u00d499.9 7 TC4 Al5.5-6.8 \u00dbV3.5-4.5 \u00dbTi\uff08Bal.\uff09 8 TA15 Al5.5-7.1 \u00dbV0.8-2.5 \u00dbMo0.8-2 \u00dbZr1.5-2.5 \u00dbAl\uff08Bal.\uff09 9 316L Cr16.00-18.00 \u00dbNi10.10 S136 Cr12.0-14.0 \u00a8Si0.8-1.0 \u00a8V0.15-0.4 \u00a8C0.2-0.45 \u00a8Fe\uff08\u30d0\u30eb\uff09 11 In625 Cr20-23 , Mo8-10 , Nb 3.15-4.15 , Co\u00a8P1, Fe\u00a8P1 , Ni(Bal.) 12 In718 Cr17-21 , Mo2.8-3.3 , Nb 4.75-5.5 , Co\u00a8P1, Ni50-51 , Fe(Bal.) 13 Spherica WC C3.7-4.2 \u00dbW(Bal.) 14 \u7403\u72b6 Cr \u7c89\u672b Cr \u00d499.9 15 \u7403\u72b6 Mo \u7c89\u672b Mo \u00d499.9 16 \u7403\u72b6 Ta \u7c89\u672b Ta \u00d499.9 17 \u7403\u72b6 W \u7c89\u672b W \u00d499.9 CoCrW \u306f\u30b9\u30c6\u30e9\u30a4\u30c8\u5408\u91d1\u306e\u4e00\u3064\u3067\u3001\u9ad8\u6e29\u3067\u306e\u5404\u7a2e\u6469\u8017\u3001\u8150\u98df\u3001\u9178\u5316\u306b\u8010\u3048\u308b\u3053\u3068\u304c\u3067\u304d\u308b\u3002\u305d\u308c\u306b\u3088\u308b\u3068\u3001...<\/p>","protected":false},"featured_media":1738,"parent":0,"template":"","meta":{"_acf_changed":false,"_kad_blocks_custom_css":"","_kad_blocks_head_custom_js":"","_kad_blocks_body_custom_js":"","_kad_blocks_footer_custom_js":"","_kad_post_transparent":"","_kad_post_title":"","_kad_post_layout":"","_kad_post_sidebar_id":"","_kad_post_content_style":"","_kad_post_vertical_padding":"","_kad_post_feature":"","_kad_post_feature_position":"","_kad_post_header":false,"_kad_post_footer":false,"_kad_post_classname":""},"product-category":[119,121],"class_list":["post-3865","product","type-product","status-publish","has-post-thumbnail","hentry","product-category-3d-printing-metal-powder","product-category-cobalt-alloy-powder"],"acf":[],"taxonomy_info":{"product-category":[{"value":119,"label":"3D Printing Metal Powder"},{"value":121,"label":"Cobalt Alloy Powder"}]},"featured_image_src_large":["https:\/\/3dpmetal.com\/wp-content\/uploads\/2024\/02\/CoCrW-Powder.jpg",600,600,false],"author_info":[],"comment_info":"","_links":{"self":[{"href":"https:\/\/3dpmetal.com\/ja\/wp-json\/wp\/v2\/product\/3865","targetHints":{"allow":["GET"]}}],"collection":[{"href":"https:\/\/3dpmetal.com\/ja\/wp-json\/wp\/v2\/product"}],"about":[{"href":"https:\/\/3dpmetal.com\/ja\/wp-json\/wp\/v2\/types\/product"}],"wp:featuredmedia":[{"embeddable":true,"href":"https:\/\/3dpmetal.com\/ja\/wp-json\/wp\/v2\/media\/1738"}],"wp:attachment":[{"href":"https:\/\/3dpmetal.com\/ja\/wp-json\/wp\/v2\/media?parent=3865"}],"wp:term":[{"taxonomy":"product-category","embeddable":true,"href":"https:\/\/3dpmetal.com\/ja\/wp-json\/wp\/v2\/product-category?post=3865"}],"curies":[{"name":"wp","href":"https:\/\/api.w.org\/{rel}","templated":true}]}}