{"id":3894,"date":"2024-03-18T06:10:12","date_gmt":"2024-03-18T06:10:12","guid":{"rendered":"https:\/\/3dp.45612300.xyz\/product\/feconicrti-powder\/"},"modified":"2024-03-18T06:10:12","modified_gmt":"2024-03-18T06:10:12","slug":"feconicrti-powder","status":"publish","type":"product","link":"https:\/\/3dpmetal.com\/ja\/product\/feconicrti-powder\/","title":{"rendered":"FeCoNiCrTi\u7c89\u672b"},"content":{"rendered":"<p><span style=\"vertical-align: inherit;\"><span style=\"vertical-align: inherit;\"><\/p>\n<h2>FeCoNiCrTi\u7c89\u672b\u306e\u6982\u8981<\/h2>\n<p class=\"whitespace-pre-wrap\">FeCoNiCrTi \u306f\u9ad8\u6027\u80fd\u5408\u91d1\u3067\u3042\u308a\u3001\u9ad8\u6e29\u3067\u826f\u597d\u306a\u6a5f\u68b0\u7684\u6027\u8cea\u3068\u8010\u8150\u98df\u6027\u3092\u793a\u3057\u307e\u3059\u3002\u9244\u3068\u30b3\u30d0\u30eb\u30c8\u306f\u3001\u512a\u308c\u305f\u9ad8\u6e29\u5f37\u5ea6\u3092\u4e0e\u3048\u307e\u3059\u3002\u30cb\u30c3\u30b1\u30eb\u306f\u3001\u5c55\u5ef6\u6027\u3068\u976d\u6027\u3092\u5411\u4e0a\u3055\u305b\u307e\u3059\u3002\u30af\u30ed\u30e0\u306f\u3001\u5353\u8d8a\u3057\u305f\u9178\u5316\u30fb\u8010\u8150\u98df\u6027\u3092\u63d0\u4f9b\u3057\u307e\u3059\u3002<\/p>\n<p class=\"whitespace-pre-wrap\">FeCoNiCrTi \u30d1\u30a6\u30c0\u30fc\u306e\u4e3b\u306a\u7279\u5fb4\u306f\u6b21\u306e\u3068\u304a\u308a\u3067\u3059\u3002<\/p>\n<ul class=\"list-disc pl-8 space-y-2\">\n<li class=\"whitespace-normal\">\u512a\u308c\u305f\u9ad8\u6e29\u5f37\u5ea6\u3068\u30af\u30ea\u30fc\u30d7\u8010\u6027<\/li>\n<li class=\"whitespace-normal\">\u9ad8\u3044\u5ef6\u6027\u3001\u976d\u6027\u3001\u52a0\u5de5\u6027<\/li>\n<li class=\"whitespace-normal\">\u512a\u308c\u305f\u8010\u9178\u5316\u6027\u304a\u3088\u3073\u8010\u8150\u98df\u6027<\/li>\n<li class=\"whitespace-normal\">\u9ad8\u3044\u8010\u71b1\u6027\u3068\u5fae\u7d30\u69cb\u9020\u306e\u5b89\u5b9a\u6027<\/li>\n<li class=\"whitespace-normal\">\u3055\u307e\u3056\u307e\u306a\u7c92\u5b50\u30b5\u30a4\u30ba\u5206\u5e03\u3068\u5f62\u614b\u3067\u5229\u7528\u53ef\u80fd<\/li>\n<\/ul>\n<p class=\"whitespace-pre-wrap\">FeCoNiCrTi\u7c89\u672b\u9002\u5408\u7528\u4e8e\u9ad8\u6e29\u7ed3\u6784\u90e8\u4ef6\u3001\u4fdd\u62a4\u6d82\u5c42\u548c\u5176\u4ed6\u9700\u8981\u8010\u9ad8\u6e29\u6027\u3001\u5f3a\u5ea6\u548c\u73af\u5883\u8010\u53d7\u6027\u7684\u82db\u523b\u5e94\u7528\u3002<\/p>\n<h2>FeCoNiCrTi\u7c89\u672b\u6210\u5206<\/h2>\n<p class=\"whitespace-pre-wrap\">FeCoNiCrTi\u7c89\u672b\u306e\u6a19\u6e96\u7d44\u6210\u306f\u4ee5\u4e0b\u306e\u901a\u308a\u3067\u3059\u3002<\/p>\n<table>\n<thead>\n<tr>\n<th>\u30a8\u30ec\u30e1\u30f3\u30c8<\/th>\n<th>\u4f5c\u66f2<\/th>\n<\/tr>\n<\/thead>\n<tbody>\n<tr>\n<td>\u9244 (Fe)<\/td>\n<td>\u30d0\u30e9\u30f3\u30b9<\/td>\n<\/tr>\n<tr>\n<td>\u30b3\u30d0\u30eb\u30c8 (Co)<\/td>\n<td>35-50%<\/td>\n<\/tr>\n<tr>\n<td>\u30cb\u30c3\u30b1\u30eb (Ni)<\/td>\n<td>10-30%<\/td>\n<\/tr>\n<tr>\n<td>\u30af\u30ed\u30e0<\/td>\n<td>8-12%<\/td>\n<\/tr>\n<tr>\n<td>\u30c1\u30bf\u30f3\uff08Ti\uff09<\/td>\n<td>0.5-2%<\/td>\n<\/tr>\n<tr>\n<td>\u70ad\u7d20\uff08C\uff09<\/td>\n<td>\u6700\u5927 0.5%<\/td>\n<\/tr>\n<tr>\n<td>\u30b1\u30a4\u7d20\uff08Si\uff09<\/td>\n<td>1% max<\/td>\n<\/tr>\n<tr>\n<td>\u30de\u30f3\u30ac\u30f3 (Mn)<\/td>\n<td>1% max<\/td>\n<\/tr>\n<\/tbody>\n<\/table>\n<p><img loading=\"lazy\" decoding=\"async\" class=\"aligncenter wp-image-1409 size-medium\" src=\"https:\/\/met3dp.com\/wp-content\/uploads\/2023\/09\/ed7a94ec-3c10-4b1b-87ed--300x300.jpg\" alt=\"FeCoNiCrTi\u7c89\u672b\" width=\"300\" height=\"300\" title=\"\"><\/p>\n<p class=\"whitespace-pre-wrap\">\u30b3\u30d0\u30eb\u30c8\u3001\u30cb\u30c3\u30b1\u30eb\u3001\u30af\u30ed\u30e0\u3001\u30c1\u30bf\u30f3\u306e\u30ec\u30d9\u30eb\u306f\u3001\u7528\u9014\u306e\u8981\u4ef6\u306b\u57fa\u3065\u3044\u3066\u8abf\u6574\u3067\u304d\u307e\u3059\u3002\u70ad\u7d20\u3001\u30b7\u30ea\u30b3\u30f3\u3001\u30de\u30f3\u30ac\u30f3\u306a\u3069\u306e\u4e0d\u7d14\u7269\u306f\u6700\u5c0f\u9650\u306b\u6291\u3048\u3089\u308c\u3066\u3044\u307e\u3059\u3002<\/p>\n<h2>FeCoNiCrTi b\u1ed9t\u306e\u7279\u6027<\/h2>\n<p class=\"whitespace-pre-wrap\">FeCoNiCrTi \u30d1\u30a6\u30c0\u30fc\u306f\u3001\u4ee5\u4e0b\u306e\u6027\u8cea\u3092\u6301\u3064:<\/p>\n<table>\n<thead>\n<tr>\n<th>\u30d7\u30ed\u30d1\u30c6\u30a3<\/th>\n<th>\u4fa1\u5024<\/th>\n<\/tr>\n<\/thead>\n<tbody>\n<tr>\n<td>\u5bc6\u5ea6<\/td>\n<td>8.0-8.5 g\/cm3<\/td>\n<\/tr>\n<tr>\n<td>\u878d\u70b9 (Y\u016bten)<\/td>\n<td>1300-1400\u5e74<\/td>\n<\/tr>\n<tr>\n<td>\u71b1\u4f1d\u5c0e\u7387<\/td>\n<td>10-30 W\/mK<\/td>\n<\/tr>\n<tr>\n<td>\u96fb\u6c17\u62b5\u6297\u7387<\/td>\n<td>70-90 \u00d7 1 \u00d7 cm<\/td>\n<\/tr>\n<tr>\n<td>\u30e4\u30f3\u30b0\u4fc2\u6570<\/td>\n<td>180\u2013220 GPa<\/td>\n<\/tr>\n<tr>\n<td>\u30dd\u30a2\u30bd\u30f3\u6bd4<\/td>\n<td>0.28-0.32<\/td>\n<\/tr>\n<tr>\n<td>\u5f15\u5f35\u5f37\u5ea6<\/td>\n<td>650-1100 MPa<\/td>\n<\/tr>\n<tr>\n<td>\u964d\u4f0f\u5f37\u5ea6<\/td>\n<td>450\uff5e750 MPa<\/td>\n<\/tr>\n<tr>\n<td>\u4f38\u9577<\/td>\n<td>10-30%<\/td>\n<\/tr>\n<tr>\n<td>\u786c\u5ea6<\/td>\n<td>25-50 HRC<\/td>\n<\/tr>\n<\/tbody>\n<\/table>\n<p>&nbsp;<\/p>\n<p class=\"whitespace-pre-wrap\">\u5f15\u3063\u5f35\u308a\u5f37\u5ea6\u3001\u30af\u30ea\u30fc\u30d7\u62b5\u6297\u3001\u5fae\u7d30\u69cb\u9020\u306e\u5b89\u5b9a\u6027\u306a\u3069\u306e\u7279\u6027\u306f\u30011000\u00a1\u00abC \u3092\u8d85\u3048\u308b\u6e29\u5ea6\u3067\u3082\u7dad\u6301\u3055\u308c\u3001\u9ad8\u6e29\u30a2\u30d7\u30ea\u30b1\u30fc\u30b7\u30e7\u30f3\u306b\u9069\u3057\u3066\u3044\u307e\u3059\u3002<\/p>\n<h2>FeCoNiCrTi\u30d1\u30a6\u30c0\u30fc\u306e\u88fd\u9020\u65b9\u6cd5<\/h2>\n<p class=\"whitespace-pre-wrap\">FeCoNiCrTi\u7c89\u672b\u7684\u5e38\u89c1\u751f\u4ea7\u65b9\u6cd5\u5305\u62ec\uff1a<\/p>\n<ul class=\"list-disc pl-8 space-y-2\">\n<li class=\"whitespace-normal\"><strong>\u30ac\u30b9\u30a2\u30c8\u30de\u30a4\u30bc\u30fc\u30b7\u30e7\u30f3<\/strong>?- \u6eb6\u878d\u5408\u91d1\u306e\u6d41\u308c\u3092\u5fae\u7d30\u306a\u7403\u5f62\u306e\u7c89\u672b\u7c92\u5b50\u306b\u5206\u89e3\u3059\u308b\u305f\u3081\u306b\u4f7f\u7528\u3055\u308c\u308b\u9ad8\u5727\u4e0d\u6d3b\u6027\u30ac\u30b9\u30b8\u30a7\u30c3\u30c8\u3067\u3001\u512a\u308c\u305f\u6d41\u52d5\u6027\u3068\u5145\u586b\u5bc6\u5ea6\u304c\u5f97\u3089\u308c\u307e\u3059\u3002<\/li>\n<li class=\"whitespace-normal\"><strong>\u6c34\u306e\u539f\u5b50\u5316<\/strong>- \u9ad8\u901f\u6c34\u5c04\u6d41\u51b2\u51fb\u7c89\u788e\u7194\u878d\u6d41\u4ee5\u4ea7\u751f\u7ec6\u5c0f\u7684\u4e0d\u89c4\u5219\u7c89\u672b\u3002\u6210\u672c\u8f83\u4f4e\uff0c\u4f46\u6c27\u6c14\u5438\u6536\u7387\u8f83\u9ad8\u3002<\/li>\n<li class=\"whitespace-normal\"><strong>\u6a5f\u68b0\u5408\u91d1\u5316<\/strong>?- \u5143\u7d20\u91d1\u5c5e\u7c89\u672b\u7403\u78e8\uff0c\u7136\u540e\u70e7\u7ed3\u4ee5\u5408\u6210\u5408\u91d1\u7c89\u672b\u3002<\/li>\n<\/ul>\n<p class=\"whitespace-pre-wrap\">\u30ac\u30b9\u30a2\u30c8\u30de\u30a4\u30bc\u30fc\u30b7\u30e7\u30f3\u3067\u306f\u7c89\u672b\u306e\u7279\u5fb4\u304c\u6700\u9ad8\u306b\u30b3\u30f3\u30c8\u30ed\u30fc\u30eb\u3055\u308c\u307e\u3059\u3002\u7c92\u5b50\u306e\u5927\u304d\u3055\u306e\u5206\u5e03\u306f\u7528\u9014\u306e\u8981\u4ef6\u3054\u3068\u306b\u8abf\u6574\u3059\u308b\u3053\u3068\u304c\u3067\u304d\u307e\u3059\u3002<\/p>\n<h2>FeCoNiCrTi\u7c89\u4f53\u306e\u30a2\u30d7\u30ea\u30b1\u30fc\u30b7\u30e7\u30f3<\/h2>\n<p class=\"whitespace-pre-wrap\">FeCoNiCrTi \u7c89\u672b\u306f\u3001\u6b21\u306e\u3088\u3046\u306a\u9ad8\u6e29\u7528\u9014\u306b\u4f7f\u7528\u3055\u308c\u307e\u3059\u3002<\/p>\n<ul class=\"list-disc pl-8 space-y-2\">\n<li class=\"whitespace-normal\"><strong>\u5897\u6750\u88fd\u9020<\/strong>?- \u904e\u9177\u306a\u9ad8\u6e29\u5f37\u5ea6\u3092\u5fc5\u8981\u3068\u3059\u308b\u8907\u96d1\u306a\u90e8\u54c1\u3092\u751f\u7523\u3059\u308b\u305f\u3081\u306b\u3001\u9078\u629e\u7684\u30ec\u30fc\u30b6\u30fc\u6eb6\u878d\u3001\u96fb\u5b50\u30d3\u30fc\u30e0\u6eb6\u878d<\/li>\n<li class=\"whitespace-normal\"><strong>\u30b5\u30fc\u30de\u30eb\u30b9\u30d7\u30ec\u30fc\u30b3\u30fc\u30c6\u30a3\u30f3\u30b0<\/strong>?- \u30a8\u30ec\u30af\u30c8\u30ed\u30b9\u30d7\u30ec\u30fc\u306b\u3088\u308a\u8010\u6469\u8017\u6027\u304a\u3088\u3073 \u8010\u98df\u6027\u306e\u539a\u3044\u30b3\u30fc\u30c6\u30a3\u30f3\u30b0\u3092\u9ad8\u6e29\u306b\u63d0\u4f9b\u3057\u307e\u3059\u3002<\/li>\n<li class=\"whitespace-normal\"><strong>\u308d\u3046\u4ed8\u3051\u30d5\u30a3\u30e9\u30fc<\/strong>?- \u8010\u9178\u5316\u6027\u3092\u8981\u6c42\u3059\u308b\u9ad8\u6e29\u5408\u91d1\u304a\u3088\u3073\u30bb\u30e9\u30df\u30c3\u30af\u30b9\u306e\u63a5\u5408<\/li>\n<li class=\"whitespace-normal\"><strong>\u30ac\u30e9\u30b9\u52a0\u5de5<\/strong>?- \u8010\u71b1\u6027\u304c\u9ad8\u3044\u7c89\u672b\u51b6\u91d1\u30b3\u30f3\u30d9\u30e4\u30fc\u30ed\u30fc\u30eb\u3002\u30ac\u30e9\u30b9\u7089\u3067\u4f7f\u7528\u3055\u308c\u308b\u3002<\/li>\n<li class=\"whitespace-normal\"><strong>\u7c89\u672b\u51b6\u91d1<\/strong>?- \u30d7\u30ec\u30b9\u6210\u5f62\u3084\u713c\u7d50\u306a\u3069\u306e\u5de5\u7a0b\u3067\u751f\u7523\u3055\u308c\u305f\u3001\u30bf\u30fc\u30d3\u30f3\u30d6\u30ec\u30fc\u30c9\u3084\u30d9\u30fc\u30f3\u306a\u3069\u306e\u9ad8\u5f37\u5ea6\u69cb\u9020\u90e8\u54c1\u3002<\/li>\n<li class=\"whitespace-normal\"><strong>\u6eb6\u63a5\u6d88\u8017\u54c1<\/strong>\uff1f- \u512a\u308c\u305f\u6eb6\u63a5\u5f37\u5ea6\u3068\u8010\u8150\u98df\u6027\u3092\u767a\u63ee\u3059\u308b\u305f\u3081\u306b\u3001\u5145\u586b\u6750\u3068\u3057\u3066\u4f7f\u7528\u3055\u308c\u307e\u3059\u3002<\/li>\n<\/ul>\n<h2>FeCoNiCrTi\u7c89\u672b\u306e\u4ed5\u69d8<\/h2>\n<p class=\"whitespace-pre-wrap\">FeCoNiCrTi\u30d1\u30a6\u30c0\u30fc\u306f\u3001\u3055\u307e\u3056\u307e\u306a\u30b5\u30a4\u30ba\u3001\u5f62\u614b\u3001\u30b0\u30ec\u30fc\u30c9\u3067\u5165\u624b\u3067\u304d\u307e\u3059\u3002<\/p>\n<ul class=\"list-disc pl-8 space-y-2\">\n<li class=\"whitespace-normal\"><strong>\u7c92\u5f84:<\/strong>?AM\u624b\u6cd5\u3067\u306f10\uff5e45\u30df\u30af\u30ed\u30f3\u3001\u30b5\u30fc\u30de\u30eb\u30b9\u30d7\u30ec\u30fc\u30d7\u30ed\u30bb\u30b9\u3067\u306f\u6700\u5927150\u30df\u30af\u30ed\u30f3\u306e\u7bc4\u56f2\u3002<\/li>\n<li class=\"whitespace-normal\"><strong>\u5f62\u614b\u5b66:<\/strong>\u7403\u5f62\u3001\u4e0d\u898f\u5247\u3067\u6df7\u3056\u308a\u5408\u3063\u305f\u7c89\u672b\u306e\u5f62\u72b6\u3002\u7403\u5f62\u7c89\u672b\u306f\u6700\u9069\u306a\u6d41\u308c\u3068\u5145\u586b\u3092\u63d0\u4f9b\u3057\u307e\u3059\u3002<\/li>\n<li class=\"whitespace-normal\"><strong>\u7d14\u7c8b\u6027:<\/strong>\u4e0d\u7d14\u7269\u30ec\u30d9\u30eb\u3084\u7528\u9014\u306e\u8981\u4ef6\u306b\u57fa\u3065\u3044\u3066\u5546\u7528\u30b0\u30ec\u30fc\u30c9\u304b\u3089\u9ad8\u7d14\u5ea6\u30b0\u30ec\u30fc\u30c9\u3078\u3002<\/li>\n<li class=\"whitespace-normal\"><strong>\u8868\u9762\u7a4d:<\/strong>?\u53d6\u308a\u6271\u3044\u304a\u3088\u3073\u4fdd\u7ba1\u4e2d\u306e\u9178\u5316\u3092\u6700\u5c0f\u9650\u306b\u6291\u3048\u308b\u305f\u3081\u3001\u8868\u9762\u7a4d\u306f\u5c0f\u3055\u304f\u3059\u308b\u3053\u3068\u3092\u512a\u5148\u3002<\/li>\n<li class=\"whitespace-normal\"><strong>\u6210\u7e3e\uff1a<\/strong>?\u4f7f\u7528\u65b9\u6cd5\u3084\u52a0\u5de5\u65b9\u6cd5\u306b\u5fdc\u3058\u305f\u30ab\u30b9\u30bf\u30de\u30a4\u30ba\u3055\u308c\u305f\u7d44\u6210\u3068\u7c89\u672b\u306e\u7279\u6027\u3002<\/li>\n<\/ul>\n<h2>FeCoNiCrTi\u30d1\u30a6\u30c0\u30fc\u306e\u30b0\u30ed\u30fc\u30d0\u30eb\u30b5\u30d7\u30e9\u30a4\u30e4\u30fc<\/h2>\n<p class=\"whitespace-pre-wrap\">FeCoNiCrTi\u30d1\u30a6\u30c0\u30fc\u306e\u4e16\u754c\u7684\u306a\u4e3b\u8981\u4f9b\u7d66\u4f1a\u793e\u306e\u3044\u304f\u3064\u304b\u306b\u306f\u6b21\u306e\u3088\u3046\u306a\u3082\u306e\u304c\u3042\u308a\u307e\u3059\u3002<\/p>\n<ul class=\"list-disc pl-8 space-y-2\">\n<li class=\"whitespace-normal\">\u30b5\u30f3\u30c9\u30d3\u30c3\u30af\u30aa\u30b9\u30d7\u30ec\u30a4\uff08\u82f1\u56fd\uff09<\/li>\n<li class=\"whitespace-normal\">\u30db\u30fc\u30ac\u30cd\u30b9 (\u30b9\u30a6\u30a7\u30fc\u30c7\u30f3)<\/li>\n<li class=\"whitespace-normal\">Praxair\uff08\u30a2\u30e1\u30ea\u30ab\uff09<\/li>\n<li class=\"whitespace-normal\">\u4e2d\u56fd\u77f3\u6cb9\u5316\u5de5 (\u682a)<\/li>\n<li class=\"whitespace-normal\">Erasteel\uff08\u30d5\u30e9\u30f3\u30b9\uff09<\/li>\n<li class=\"whitespace-normal\">\u30c6\u30af\u30ca\uff08\u30ab\u30ca\u30c0\uff09<\/li>\n<li class=\"whitespace-normal\">AMETEK\uff08\u7c73\u56fd\uff09<\/li>\n<\/ul>\n<p class=\"whitespace-pre-wrap\">\u3053\u308c\u3089\u306e\u4f1a\u793e\u306f\u3001\u30ac\u30b9\u30a2\u30c8\u30de\u30a4\u30bc\u30fc\u30b7\u30e7\u30f3\u3001\u6c34\u7d20\u30a2\u30c8\u30de\u30a4\u30bc\u30fc\u30b7\u30e7\u30f3\u3001\u305d\u306e\u4ed6\u306e\u7a4d\u5c64\u9020\u5f62\u6cd5\u3001\u71b1\u5674\u5c04\u3001\u308d\u3046\u4ed8\u3051\u3001\u305d\u306e\u4ed6\u306e\u9ad8\u6e29\u7528\u9014\u306b\u5408\u308f\u305b\u305f\u6280\u8853\u3092\u4f7f\u7528\u3057\u3066\u3001\u3055\u307e\u3056\u307e\u306a\u7b49\u7d1a\u306e FeCoNiCrTi \u7c89\u672b\u3092\u751f\u7523\u3057\u307e\u3059\u3002<\/p>\n<h2>FeCoNiCrTi \u7c89\u672b\u306e\u4fa1\u683c\u8a2d\u5b9a<\/h2>\n<p class=\"whitespace-pre-wrap\">FeCoNiCrTi \u30d1\u30a6\u30c0\u30fc\u306e\u4fa1\u683c\u306f\u3001\u4ee5\u4e0b\u306e\u8981\u56e0\u306b\u4f9d\u5b58\u3057\u307e\u3059\u3002<\/p>\n<ul class=\"list-disc pl-8 space-y-2\">\n<li class=\"whitespace-normal\">\u6210\u5206\u3001\u7d14\u5ea6\u30ec\u30d9\u30eb<\/li>\n<li class=\"whitespace-normal\">\u7c92\u5b50\u5f84\u5206\u5e03\u3068\u5f62\u614b<\/li>\n<li class=\"whitespace-normal\">\u5236\u4f5c\u65b9\u6cd5<\/li>\n<li class=\"whitespace-normal\">\u6ce8\u6587\u6570<\/li>\n<li class=\"whitespace-normal\">\u30b5\u30d7\u30e9\u30a4\u30e4\u3068\u6240\u5728\u5730<\/li>\n<\/ul>\n<table>\n<thead>\n<tr>\n<th>\u30b0\u30ec\u30fc\u30c9<\/th>\n<th>\u4fa1\u683c\u306e\u7bc4\u56f2<\/th>\n<\/tr>\n<\/thead>\n<tbody>\n<tr>\n<td>\u30b3\u30de\u30fc\u30b7\u30e3\u30eb<\/td>\n<td>1\u30ad\u30ed\u30b0\u30e9\u30e050\uff5e100\u30c9\u30eb<\/td>\n<\/tr>\n<tr>\n<td>\u9ad8\u7d14\u5ea6<\/td>\n<td>$100-250\/kg<\/td>\n<\/tr>\n<tr>\n<td>\u8d85\u5fae\u7c92\u5b50<\/td>\n<td>$250-450\/kg<\/td>\n<\/tr>\n<tr>\n<td>\u7279\u5225\u7b49\u7d1a<\/td>\n<td>1\u30ad\u30ed\u30b0\u30e9\u30e0\u3042\u305f\u308a450-850\u5186<\/td>\n<\/tr>\n<\/tbody>\n<\/table>\n<p>&nbsp;<\/p>\n<p class=\"whitespace-pre-wrap\">\u30ac\u30b9\u30a2\u30c8\u30de\u30a4\u30ba\u3055\u308c\u305f\u3001\u9ad8\u7d14\u5ea6\u3067\u5fae\u7d30\u306a\u30d1\u30a6\u30c0\u30fc\u30b5\u30a4\u30ba\u306f\u3001\u5358\u7d14\u306a\u5546\u7528\u7b49\u7d1a\u306b\u6bd4\u3079\u3066\u306f\u308b\u304b\u306b\u9ad8\u4fa1\u683c\u3067\u3042\u308b\u3002<\/p>\n<h2>FeCoNiCrTi\u7c89\u672b\u306e\u8caf\u8535\u3068\u53d6\u308a\u6271\u3044<\/h2>\n<p class=\"whitespace-pre-wrap\">FeCoNiCrTi \u7c89\u672b\u9700\u8981\u5c0f\u5fc3\u4fdd\u7ba1\u548c\u642c\u8fd0\uff1a<\/p>\n<ul class=\"list-disc pl-8 space-y-2\">\n<li class=\"whitespace-normal\">\u9178\u5316\u3092\u9632\u3050\u305f\u3081\u306b\u4e0d\u6d3b\u6027\u30ac\u30b9\u4e0b\u306e\u5bc6\u9589\u5bb9\u5668\u5185\u3067\u4fdd\u7ba1\u3059\u308b\u5fc5\u8981\u304c\u3042\u308a\u307e\u3059\u3002<\/li>\n<li class=\"whitespace-normal\">\u7c89\u3058\u3093\u7206\u767a\u306e\u30ea\u30b9\u30af\u3092\u6700\u5c0f\u9650\u306b\u6291\u3048\u308b\u305f\u3081\u306b\u3001\u5fae\u7c89\u672b\u306e\u84c4\u7a4d\u3092\u907f\u3051\u3066\u304f\u3060\u3055\u3044<\/li>\n<li class=\"whitespace-normal\">\u53d6\u308a\u6271\u3044\u306e\u969b\u306b\u306f\u9069\u5207\u306a PPE\u3001\u63db\u6c17\u3001\u5b89\u5168\u5bfe\u7b56\u3092\u5b9f\u65bd\u3057\u3066\u304f\u3060\u3055\u3044\u3002<\/li>\n<li class=\"whitespace-normal\">\u7c89\u672b\u3068\u9069\u5408\u3057\u306a\u3044\u6750\u6599\u3068\u306e\u63a5\u89e6\u3092\u9632\u3050<\/li>\n<li class=\"whitespace-normal\">\u88fd\u9020\u5143\u304b\u3089\u63d0\u4f9b\u3055\u308c\u305f\u5b89\u5168\u6307\u793a\u3092\u53c2\u7167\u3057\u3066\u304f\u3060\u3055\u3044<\/li>\n<\/ul>\n<p class=\"whitespace-pre-wrap\">\u3053\u306e\u53cd\u5fdc\u6027\u5408\u91d1\u306e\u7c89\u672b\u3092\u6271\u3046\u3068\u304d\u306b\u306f\u3001\u9069\u5207\u306a\u63a5\u5730\u3001\u30d6\u30e9\u30f3\u30b1\u30c3\u30c8\u3001\u6ce8\u610f\u304c\u5fc5\u8981\u3067\u3059\u3002<\/p>\n<h2>FeCoNiCrTi \u7c89\u672b\u306e\u691c\u67fb\u304a\u3088\u3073\u8a66\u9a13<\/h2>\n<p class=\"whitespace-pre-wrap\">FeCoNiCrTi\u7c89\u672b\u306e\u54c1\u8cea\u7ba1\u7406\u306b\u4f7f\u7528\u3055\u308c\u308b\u4e3b\u306a\u8a66\u9a13\u3068\u3057\u3066\u306f\u4ee5\u4e0b\u306e\u3082\u306e\u304c\u3042\u308a\u307e\u3059\u3002<\/p>\n<ul class=\"list-disc pl-8 space-y-2\">\n<li class=\"whitespace-normal\">\u69cb\u6210\u5206\u304c\u4ed5\u69d8\u3092\u6e80\u305f\u3057\u3066\u3044\u308b\u3053\u3068\u3092\u78ba\u8a8d\u3059\u308b\u305f\u3081\u306e OES \u307e\u305f\u306f XRF \u3092\u4f7f\u7528\u3057\u305f\u5316\u5b66\u5206\u6790<\/li>\n<li class=\"whitespace-normal\">ASTM B822 \u306b\u57fa\u3065\u304f\u7c92\u5ea6\u5206\u5e03\u5206\u6790<\/li>\n<li class=\"whitespace-normal\">SEM\u30a4\u30e1\u30fc\u30b8\u30f3\u30b0\u3092\u4f7f\u7528\u3057\u305f\u5f62\u614b\u89e3\u6790<\/li>\n<li class=\"whitespace-normal\">ASTM B213 \u306b\u6e96\u62e0\u3057\u305f\u30db\u30fc\u30eb\u5f0f\u30d5\u30ed\u30fc\u30e1\u30fc\u30bf\u30fc\u306b\u3088\u308b\u30d1\u30a6\u30c0\u30fc\u6d41\u52d5\u7387\u6e2c\u5b9a<\/li>\n<li class=\"whitespace-normal\">\u30d8\u30ea\u30a6\u30e0\u30d4\u30af\u30ce\u30e1\u30c8\u30ea\u30fc\u306b\u3088\u308b\u5bc6\u5ea6\u6e2c\u5b9a<\/li>\n<li class=\"whitespace-normal\">ICP-MS \u3092\u4f7f\u7528\u3057\u305f\u4e0d\u7d14\u7269\u8a66\u9a13<\/li>\n<li class=\"whitespace-normal\">X \u7dda\u56de\u6298\u306b\u3088\u308b\u5fae\u7d30\u69cb\u9020\u7279\u6027\u8a55\u4fa1<\/li>\n<\/ul>\n<p class=\"whitespace-pre-wrap\">\u5ff5\u5165\u308a\u306a\u8a66\u9a13\u304a\u3088\u3073\u691c\u67fb\u306b\u3088\u308a\u4fe1\u983c\u6027\u306e\u9ad8\u3044\u4e00\u8cab\u3057\u305f\u30d1\u30a6\u30c0\u30fc\u54c1\u8cea\u304c\u78ba\u4fdd\u3055\u308c\u3001\u6027\u80fd\u8981\u4ef6\u304c\u6e80\u305f\u3055\u308c\u3066\u3044\u307e\u3059\u3002<\/p>\n<h2>FeCoNiCrTi \u3068\u30a4\u30f3\u30b3\u30cd\u30eb718\u306e\u7c89\u306e\u6bd4\u8f03<\/h2>\n<p class=\"whitespace-pre-wrap\">FeCoNiCrTi\u3068Inconel 718\u306e2\u3064\u306e\u9ad8\u6e29\u5408\u91d1\u7c89\u672b\u3092\u6bd4\u8f03\u3059\u308b\u3068\u3001<\/p>\n<table>\n<thead>\n<tr>\n<th>\u30d1\u30e9\u30e1\u30fc\u30bf<\/th>\n<th>FeCoNiCrTi\u5408\u91d1<\/th>\n<th>\u30a4\u30f3\u30b3\u30cd\u30eb718<\/th>\n<\/tr>\n<\/thead>\n<tbody>\n<tr>\n<td>\u4f5c\u66f2<\/td>\n<td>5 \u5143\u5408\u91d1<\/td>\n<td>\u30cb\u30c3\u30b1\u30eb\u30fb\u30af\u30ed\u30e0\u30fb\u9244\u30fb\u30cb\u30aa\u30d6\u5408\u91d1<\/td>\n<\/tr>\n<tr>\n<td>\u5229\u7528\u6599<\/td>\n<td>\u4e0a<\/td>\n<td>\u4e0b\u3052\u308b<\/td>\n<\/tr>\n<tr>\n<td>\u5f37\u3055<\/td>\n<td>\u975e\u5e38\u306b\u9ad8\u6e29\u3067\u306f\u3088\u308a\u9ad8\u3044\u5024\u306b<\/td>\n<td>\u6700\u9ad8700\u00a1\u00abC\u307e\u3067<\/td>\n<\/tr>\n<tr>\n<td>\u6297\u9178\u5316\u6027<\/td>\n<td>\u540c\u7b49<\/td>\n<td>\u540c\u7b49<\/td>\n<\/tr>\n<tr>\n<td>\u64cd\u4f5c\u6027<\/td>\n<td>\u4e2d\u7a0b\u5ea6<\/td>\n<td>\u7d20\u6674\u3089\u3057\u3044<\/td>\n<\/tr>\n<tr>\n<td>\u30a2\u30d7\u30ea\u30b1\u30fc\u30b7\u30e7\u30f3<\/td>\n<td>\u30b5\u30fc\u30de\u30eb\u30b9\u30d7\u30ec\u30fc\u3001\u6eb6\u63a5 (S\u0101maru Supur\u0113, y\u014dsetsu)<\/td>\n<td>\u30a8\u30a2\u30ed\u30b9\u30da\u30fc\u30b9\u30b3\u30f3\u30dd\u30fc\u30cd\u30f3\u30c8\u3001\u3070\u306d<\/td>\n<\/tr>\n<tr>\n<td>\u7a7a\u304d\u72b6\u6cc1<\/td>\n<td>\u4e2d\u7a0b\u5ea6<\/td>\n<td>\u7c21\u5358\u306b\u7528\u610f\u3067\u304d\u308b<\/td>\n<\/tr>\n<\/tbody>\n<\/table>\n<p>&nbsp;<\/p>\n<p class=\"whitespace-pre-wrap\">FeCoNiCrTi \u306f Inconel 718 \u306e\u3088\u3046\u306a\u512a\u308c\u305f\u52a0\u5de5\u6027\u3084\u5165\u624b\u6027\u304c\u306a\u3044\u304c\u3001\u3088\u308a\u8010\u71b1\u6027\u306b\u512a\u308c\u3066\u3044\u308b\u3002<\/p>\n<h2>FeCoNiCrTi \u7c89\u672b\u306b\u95a2\u3059\u308b\u3088\u304f\u3042\u308b\u8cea\u554f<\/h2>\n<p class=\"whitespace-pre-wrap\"><strong>Q: FeCoNiCrTi\u7c89\u672b\u306f\u3069\u306e\u69d8\u306b\u751f\u7523\u3055\u308c\u307e\u3059\u304b?<\/strong><\/p>\n<p class=\"whitespace-pre-wrap\">A: FeCoNiCrTi\u7c89\u672b\u4e00\u822c\u4f7f\u7528\u7164\u6c14\u96fe\u5316\uff0c\u6c34\u96fe\u5316\uff0c \u673a\u68b0\u5408\u91d1\u5316\u7136\u540e\u70e7\u7ed3\u3002\u7164\u6c14\u96fe\u5316\u5bf9\u9897\u7c92\u7279\u6027\u7684\u63a7\u5236\u6700\u4f18\u3002<\/p>\n<p class=\"whitespace-pre-wrap\"><strong>Q: FeCoNiCrTi\u7cfb\u7c89\u672b\u306e\u7528\u9014\u306f\u4f55\u3067\u3059\u304b?<\/strong><\/p>\n<p class=\"whitespace-pre-wrap\">A: FeCoNiCrTi \u306f\u3001\u6e29\u5ea6\u62b5\u6297\u6027\u3001\u5f37\u5ea6\u3001\u74b0\u5883\u8010\u6027\u304c\u5fc5\u8981\u306a\u7528\u9014\u3067\u7528\u3044\u3089\u308c\u307e\u3059\u3002\u9ad8\u6027\u80fd\u88fd\u9020\u3001\u71b1\u30b9\u30d7\u30ec\u30fc\u30b3\u30fc\u30c6\u30a3\u30f3\u30b0\u3001\u30d6\u30ec\u30fc\u30b8\u30f3\u30b0\u30d5\u30a3\u30e9\u30fc\u3001\u7c89\u672b\u51b6\u91d1\u90e8\u54c1\u3001\u6eb6\u63a5\u6d88\u8017\u54c1\u306a\u3069\u306e\u9ad8\u6e29\u74b0\u5883\u3067\u4f7f\u7528\u3055\u308c\u307e\u3059\u3002<\/p>\n<p class=\"whitespace-pre-wrap\"><strong>Q\uff1a\u30b5\u30fc\u30de\u30eb\u30b9\u30d7\u30ec\u30fc\u306b\u63a8\u5968\u3055\u308c\u308b\u7c89\u672b\u30b5\u30a4\u30ba\u306f?<\/strong><\/p>\n<p class=\"whitespace-pre-wrap\">A: \u305f\u3044\u3066\u3044\u306e\u71b1\u5674\u5c04\u30d7\u30ed\u30bb\u30b9\u3067\u306f\u3001FeCoNiCrTi\u30d1\u30a6\u30c0\u30fc\u306e\u7c92\u5f84\u306f45\uff5e150\u30df\u30af\u30ed\u30f3\u306e\u7bc4\u56f2\u5185\u304c\u597d\u307e\u308c\u3001\u5806\u7a4d\u52b9\u7387\u3068\u30b3\u30fc\u30c6\u30a3\u30f3\u30b0\u7279\u6027\u3092\u6700\u5927\u5316\u3057\u307e\u3059\u3002<\/p>\n<p class=\"whitespace-pre-wrap\"><strong>Q: FeCoNiCrTi\u7d1b\u672b\u306f\u53d6\u308a\u6271\u3044\u4e0a\u306e\u7279\u5225\u5bfe\u7b56\u304c\u5fc5\u8981\u3067\u3059\u304b\uff1f<\/strong><\/p>\n<p class=\"whitespace-pre-wrap\">A: \u306f\u3044\u3001\u3053\u306e\u53cd\u5fdc\u6027\u306e\u9ad8\u3044\u7d30\u5408\u91d1\u7c89\u306f\u3001\u60f0\u6027\u5927\u6c17\u3001\u9069\u5207\u306a\u30a2\u30fc\u30b9\u3001\u63db\u6c17\u304a\u3088\u3073 PPE \u3092\u4f7f\u7528\u3057\u3066\u6ce8\u610f\u6df1\u304f\u53d6\u308a\u6271\u3046\u3053\u3068\u3092\u304a\u52e7\u3081\u3057\u307e\u3059\u3002<\/p>\n<p class=\"whitespace-pre-wrap\"><strong>Q. \u30a2\u30c7\u30a3\u30c6\u30a3\u30d6\u30de\u30cb\u30e5\u30d5\u30a1\u30af\u30c1\u30e3\u30ea\u30f3\u30b0\u5411\u3051\u306eFeCoNiCrTi\u30d1\u30a6\u30c0\u30fc\u306f\u3069\u3053\u3067\u5165\u624b\u3067\u304d\u307e\u3059\u304b\uff1f<\/strong><\/p>\n<p class=\"whitespace-pre-wrap\">A: Sandvik\u3001Hoganas\u3001Praxair\u3001Erasteel\u306a\u3069\u306e\u5927\u624b\u30e1\u30fc\u30ab\u30fc\u304b\u3089AM\u8981\u4ef6\u3092\u6e80\u305f\u3059\u30d5\u30a1\u30a4\u30f3\u30ac\u30b9\u30a2\u30c8\u30de\u30a4\u30baFeCoNiCrTi\u30d1\u30a6\u30c0\u30fc\u3092\u8cfc\u5165\u3067\u304d\u307e\u3059\u3002<\/p>\n<p><\/span><\/span><\/p>","protected":false},"excerpt":{"rendered":"<p>FeCoNiCrTi\u7c89\u672b\u306e\u6982\u8981 FeCoNiCrTi\u306f\u3001\u9ad8\u6e29\u3067\u826f\u597d\u306a\u6a5f\u68b0\u7684\u7279\u6027\u3068\u8010\u98df\u6027\u3092\u793a\u3059\u9ad8\u6027\u80fd\u5408\u91d1\u3067\u3042\u308b\u3002\u9244\u3068\u30b3\u30d0\u30eb\u30c8\u306f\u512a\u308c\u305f\u9ad8\u6e29\u5f37\u5ea6\u3092\u4ed8\u4e0e\u3057\u307e\u3059\u3002\u30cb\u30c3\u30b1\u30eb\u306f\u5ef6\u6027\u3068\u976d\u6027\u3092\u9ad8\u3081\u307e\u3059\u3002\u30af\u30ed\u30e0\u306f\u5353\u8d8a\u3057\u305f\u8010\u9178\u5316\u6027\u3068\u8010\u98df\u6027\u3092\u63d0\u4f9b\u3059\u308b\u3002FeCoNiCrTi\u7c89\u672b\u306e\u4e3b\u306a\u7279\u6027\u306f\u4ee5\u4e0b\u306e\u901a\u308a\uff1a\u512a\u308c\u305f\u9ad8\u6e29\u5f37\u5ea6\u3068\u8010\u30af\u30ea\u30fc\u30d7\u6027 \u512a\u308c\u305f\u5ef6\u6027\u3001\u976d\u6027\u3001\u52a0\u5de5\u6027 \u5353\u8d8a\u3057\u305f\u8010\u9178\u5316\u6027\u3068\u8010\u98df\u6027 \u9ad8\u3044\u71b1\u5b89\u5b9a\u6027\u3068\u7d44\u7e54\u5b89\u5b9a\u6027 \u69d8\u3005\u306a\u7c92\u5ea6\u5206\u5e03\u3068\u5f62\u614b\u304c\u5165\u624b\u53ef\u80fd FeCoNiCrTi\u7c89\u672b\u306f\u3001\u9ad8\u6e29\u69cb\u9020\u90e8\u54c1\u3001\u4fdd\u8b77\u30b3\u30fc\u30c6\u30a3\u30f3\u30b0\u3001\u305d\u306e\u4ed6\u6e29\u5ea6\u8010\u6027\u3001\u5f37\u5ea6\u3001\u8010\u74b0\u5883\u6027\u304c\u8981\u6c42\u3055\u308c\u308b\u53b3\u3057\u3044\u7528\u9014\u306b\u9069\u3057\u3066\u3044\u307e\u3059\u3002FeCoNiCrTi\u7c89\u672b\u306e\u7d44\u6210 FeCoNiCrTi\u7c89\u672b\u306e\u516c\u79f0\u7d44\u6210\u306f\u4ee5\u4e0b\u306e\u901a\u308a\uff1a\u5143\u7d20...<\/p>","protected":false},"featured_media":1766,"parent":0,"template":"","meta":{"_acf_changed":false,"_kad_blocks_custom_css":"","_kad_blocks_head_custom_js":"","_kad_blocks_body_custom_js":"","_kad_blocks_footer_custom_js":"","_kad_post_transparent":"","_kad_post_title":"","_kad_post_layout":"","_kad_post_sidebar_id":"","_kad_post_content_style":"","_kad_post_vertical_padding":"","_kad_post_feature":"","_kad_post_feature_position":"","_kad_post_header":false,"_kad_post_footer":false,"_kad_post_classname":""},"product-category":[119,127],"class_list":["post-3894","product","type-product","status-publish","has-post-thumbnail","hentry","product-category-3d-printing-metal-powder","product-category-high-entropy-alloy-powder"],"acf":[],"taxonomy_info":{"product-category":[{"value":119,"label":"3D Printing Metal Powder"},{"value":127,"label":"High Entropy Alloy Powder"}]},"featured_image_src_large":["https:\/\/3dpmetal.com\/wp-content\/uploads\/2024\/02\/FeCoNiCrTi-Powder.png",600,600,false],"author_info":[],"comment_info":"","_links":{"self":[{"href":"https:\/\/3dpmetal.com\/ja\/wp-json\/wp\/v2\/product\/3894","targetHints":{"allow":["GET"]}}],"collection":[{"href":"https:\/\/3dpmetal.com\/ja\/wp-json\/wp\/v2\/product"}],"about":[{"href":"https:\/\/3dpmetal.com\/ja\/wp-json\/wp\/v2\/types\/product"}],"wp:featuredmedia":[{"embeddable":true,"href":"https:\/\/3dpmetal.com\/ja\/wp-json\/wp\/v2\/media\/1766"}],"wp:attachment":[{"href":"https:\/\/3dpmetal.com\/ja\/wp-json\/wp\/v2\/media?parent=3894"}],"wp:term":[{"taxonomy":"product-category","embeddable":true,"href":"https:\/\/3dpmetal.com\/ja\/wp-json\/wp\/v2\/product-category?post=3894"}],"curies":[{"name":"wp","href":"https:\/\/api.w.org\/{rel}","templated":true}]}}