{"id":3926,"date":"2024-03-18T06:10:14","date_gmt":"2024-03-18T06:10:14","guid":{"rendered":"https:\/\/3dp.45612300.xyz\/product\/aluminum-alloy-series\/"},"modified":"2024-03-18T06:10:14","modified_gmt":"2024-03-18T06:10:14","slug":"aluminum-alloy-series","status":"publish","type":"product","link":"https:\/\/3dpmetal.com\/ja\/product\/aluminum-alloy-series\/","title":{"rendered":"\u30a2\u30eb\u30df\u5408\u91d1\u7cfb\u5217"},"content":{"rendered":"<p><span style=\"vertical-align: inherit;\"><span style=\"vertical-align: inherit;\"><\/p>\n<div style=\"overflow-x: auto;\">\n<table>\n<tbody>\n<tr>\n<td data-sheets-value=\"{&quot;1&quot;:2,&quot;2&quot;:&quot;Product&quot;}\">\u88fd\u54c1<\/td>\n<td data-sheets-value=\"{&quot;1&quot;:2,&quot;2&quot;:&quot;Specification&quot;}\">\u4ed5\u69d8<\/td>\n<td data-sheets-value=\"{&quot;1&quot;:2,&quot;2&quot;:&quot;Apparent Density&quot;}\">\u898b\u639b\u3051\u6bd4\u91cd<\/td>\n<td data-sheets-value=\"{&quot;1&quot;:2,&quot;2&quot;:&quot;Flow Ability&quot;}\">\u6d41\u52d5\u6027<\/td>\n<td data-sheets-value=\"{&quot;1&quot;:2,&quot;2&quot;:&quot;Oxygen Content&quot;}\">\u9178\u7d20\u542b\u91cf<\/td>\n<td data-sheets-value=\"{&quot;1&quot;:2,&quot;2&quot;:&quot;Tensile Strength&quot;}\">\u5f15\u5f35\u5f37\u5ea6<\/td>\n<td data-sheets-value=\"{&quot;1&quot;:2,&quot;2&quot;:&quot;Yield Strength&quot;}\">\u964d\u4f0f\u5f37\u5ea6<\/td>\n<td data-sheets-value=\"{&quot;1&quot;:2,&quot;2&quot;:&quot;Elongation&quot;}\">\u4f38\u9577<\/td>\n<\/tr>\n<tr>\n<td data-sheets-value=\"{&quot;1&quot;:2,&quot;2&quot;:&quot;AISi10Mg&quot;}\">AISi10Mg<\/td>\n<td colspan=\"1\" rowspan=\"4\" data-sheets-value=\"{&quot;1&quot;:2,&quot;2&quot;:&quot;15-53\u00c3\u00d7mn45-105\u00c3\u00d7mn75-150\u00c3\u00d7m&quot;}\">\n<div>15\uff5e53\u00d7m<br \/>\n45\uff5e105mm<br \/>\n75\u00d7150\uff5e150\u00d7300\u30df\u30af\u30ed\u30f3<\/div>\n<\/td>\n<td data-sheets-value=\"{&quot;1&quot;:2,&quot;2&quot;:&quot;\u00a1\u00d41.35g\/cm3&quot;}\">\u00a1\u00d41.35g\/cm3<\/td>\n<td data-sheets-value=\"{&quot;1&quot;:2,&quot;2&quot;:&quot;\u00a8P80s\/50g&quot;}\">\u00a8P80s \/ 50g<\/td>\n<td data-sheets-value=\"{&quot;1&quot;:2,&quot;2&quot;:&quot;\u00a8P300ppm&quot;}\">\u00a8P300ppm<\/td>\n<td data-sheets-value=\"{&quot;1&quot;:2,&quot;2&quot;:&quot;300\u00a9I20Mpa &quot;}\">300\u00a9I20Mpa<\/td>\n<td data-sheets-value=\"{&quot;1&quot;:2,&quot;2&quot;:&quot;200\u00a9I20Mpa &quot;}\">200MPa\uff08200\u00a9I\uff09<\/td>\n<td data-sheets-value=\"{&quot;1&quot;:2,&quot;2&quot;:&quot;20\u00a9I2%&quot;}\">20\u00a9I2%<\/td>\n<\/tr>\n<tr>\n<td data-sheets-value=\"{&quot;1&quot;:2,&quot;2&quot;:&quot;AMgScZr&quot;}\">AMgScZr<\/td>\n<td data-sheets-value=\"{&quot;1&quot;:2,&quot;2&quot;:&quot;\u00a1\u00d41.30g\/cm3&quot;}\">1.30g\/cm3<\/td>\n<td data-sheets-value=\"{&quot;1&quot;:2,&quot;2&quot;:&quot;\u00a8P80s\/50g&quot;}\">\u00a8P80s \/ 50g<\/td>\n<td data-sheets-value=\"{&quot;1&quot;:2,&quot;2&quot;:&quot;\u00a8P300ppm&quot;}\">\u00a8P300ppm<\/td>\n<td data-sheets-value=\"{&quot;1&quot;:2,&quot;2&quot;:&quot;545\u00a9I20Mpa &quot;}\">545\u00a9I20Mpa<\/td>\n<td data-sheets-value=\"{&quot;1&quot;:2,&quot;2&quot;:&quot;500\u00a9I20Mpa &quot;}\">500\u00a9I20Mpa<\/td>\n<td data-sheets-value=\"{&quot;1&quot;:2,&quot;2&quot;:&quot;10\u00a9I2%&quot;}\">10\u00a9I2%<\/td>\n<\/tr>\n<tr>\n<td data-sheets-value=\"{&quot;1&quot;:2,&quot;2&quot;:&quot;AK400 (can be anodized)&quot;}\">AK400 \uff08\u30a2\u30eb\u30de\u30a4\u30c8\u53ef\u80fd\u3067\u3059\uff09<\/td>\n<td data-sheets-value=\"{&quot;1&quot;:2,&quot;2&quot;:&quot;\u00a1\u00d41.30g\/cm3&quot;}\">1.30g\/cm3<\/td>\n<td data-sheets-value=\"{&quot;1&quot;:2,&quot;2&quot;:&quot;\u00a8P80s\/50g&quot;}\">\u00a8P80s \/ 50g<\/td>\n<td data-sheets-value=\"{&quot;1&quot;:2,&quot;2&quot;:&quot;\u00a8P300ppm&quot;}\">\u00a8P300ppm<\/td>\n<td data-sheets-value=\"{&quot;1&quot;:2,&quot;2&quot;:&quot;430\u00a9I20Mpa &quot;}\">430\u00a9I20Mpa<\/td>\n<td data-sheets-value=\"{&quot;1&quot;:2,&quot;2&quot;:&quot;300\u00a9I20Mpa &quot;}\">300\u00a9I20Mpa<\/td>\n<td data-sheets-value=\"{&quot;1&quot;:2,&quot;2&quot;:&quot;10\u00a9I2%&quot;}\">10\u00a9I2%<\/td>\n<\/tr>\n<tr>\n<td data-sheets-value=\"{&quot;1&quot;:2,&quot;2&quot;:&quot;Pure aluminum powder (purity 99.8%)&quot;}\">\u7d14\u30a2\u30eb\u30df\u30cb\u30a6\u30e0\u7c89\u672b\uff08\u7d14\u5ea699.8\uff05\uff09<\/td>\n<td data-sheets-value=\"{&quot;1&quot;:2,&quot;2&quot;:&quot;\u00a1\u00d41.20g\/cm3&quot;}\">1.20g\/cm3<\/td>\n<td data-sheets-value=\"{&quot;1&quot;:2,&quot;2&quot;:&quot;\u00a8P100s\/50g&quot;}\">\u00a8P100s\/50g<\/td>\n<td data-sheets-value=\"{&quot;1&quot;:2,&quot;2&quot;:&quot;\u00a8P1000ppm&quot;}\">\u00a8P1000ppm<\/td>\n<td data-sheets-value=\"{&quot;1&quot;:2,&quot;2&quot;:&quot;\\&quot;}\"><\/td>\n<td data-sheets-value=\"{&quot;1&quot;:2,&quot;2&quot;:&quot;\\&quot;}\"><\/td>\n<td data-sheets-value=\"{&quot;1&quot;:2,&quot;2&quot;:&quot;\\&quot;}\"><\/td>\n<\/tr>\n<\/tbody>\n<\/table>\n<\/div>\n<p><img loading=\"lazy\" decoding=\"async\" class=\"size-medium wp-image-1409 aligncenter\" src=\"https:\/\/met3dp.com\/wp-content\/uploads\/2023\/09\/ed7a94ec-3c10-4b1b-87ed--300x300.jpg\" alt=\"\u30a2\u30eb\u30df\u5408\u91d1\u7cfb\u5217\" width=\"300\" height=\"300\" title=\"\"><\/p>\n<p><strong>\u30d7\u30ed\u30bb\u30b9<\/strong>\uff1a\u771f\u7a7a\u4e2d\u6c17\u4f53\u30a2\u30c8\u30de\u30a4\u30bc\u30fc\u30b7\u30e7\u30f3\u6cd5<\/p>\n<p><strong>\u5229\u70b9<\/strong>: \u4f4e\u3044\u30b5\u30c6\u30e9\u30a4\u30c8\u30d1\u30a6\u30c0\u30fc\/\u30db\u30ed\u30d1\u30a6\u30c0\u30fc\u6bd4\u7387\u3001\u826f\u597d\u306a\u6d41\u52d5\u6027\u3001\u9ad8\u3044\u7403\u5f62\u5ea6\u3068\u9ad8\u3044\u30d0\u30eb\u30af\u5bc6\u5ea6\u3002\u5370\u5237\u5b8c\u6210\u54c1\u306f\u9ad8\u3044\u8010\u8150\u98df\u6027\u3001\u4f4e\u5bc6\u5ea6\u304a\u3088\u3073\u6a5f\u68b0\u7684\u5f37\u5ea6\u3092\u6709\u3059\u308b<br \/>\n\u9ad8\u6e29\u51e6\u7406\u306e\u5ea6\u5408\u3044\u304c\u9ad8\u304f\u3001\u92f3\u7269\u3088\u308a\u3082\u4f4e\u3044\u51e6\u7406\u6e29\u5ea6\u3067\u5fc5\u8981\u5341\u5206\u306a\u786c\u5ea6\u304c\u5f97\u3089\u308c\u308b<\/p>\n<p><strong>\u30a2\u30d7\u30ea\u30b1\u30fc\u30b7\u30e7\u30f3<\/strong>: 3D\u30d7\u30ea\u30f3\u30c8\u8efd\u91cf\u5316\u3001\u822a\u7a7a\u5b87\u5b99\u30fb\u81ea\u52d5\u8eca\u88fd\u9020\u306a\u3069\u306b\u304a\u3051\u308b\u30d6\u30e9\u30b1\u30c3\u30c8\u3084\u305d\u306e\u4ed6\u69cb\u9020\u90e8\u54c1\u3001\u653e\u71b1\u90e8\u54c1\u306a\u3069<\/p>\n<p><strong>\u30d1\u30c3\u30b1\u30fc\u30b8\u30f3\u30b0<\/strong>\uff1a\u94dd\u7b94\u888b\/\u5851\u6599\u74f6\/\u94c1\u6876\u7b49\u666e\u901a\u5305\u88c5\u6216\u771f\u7a7a\u5305\u88c5\u7b49<\/p>\n<div id=\"gtx-trans\" style=\"position: absolute; left: -59px; top: 433px;\">\n<div class=\"gtx-trans-icon\"><\/div>\n<\/div>\n<p><\/span><\/span><\/p>","protected":false},"excerpt":{"rendered":"<p>Product Specification Apparent Density Flow Ability Oxygen Content Tensile Strength Yield Strength Elongation AISi10Mg 15-53\u00c3\u00d7m 45-105\u00c3\u00d7m 75-150\u00c3\u00d7m \u00a1\u00d41.35g\/cm3 \u00a8P80s\/50g \u00a8P300ppm 300\u00a9I20Mpa 200\u00a9I20Mpa 20\u00a9I2% AMgScZr \u00a1\u00d41.30g\/cm3 \u00a8P80s\/50g \u00a8P300ppm 545\u00a9I20Mpa 500\u00a9I20Mpa 10\u00a9I2% AK400 (can be anodized) \u00a1\u00d41.30g\/cm3 \u00a8P80s\/50g \u00a8P300ppm 430\u00a9I20Mpa 300\u00a9I20Mpa 10\u00a9I2% Pure aluminum powder (purity 99.8%) \u00a1\u00d41.20g\/cm3 \u00a8P100s\/50g \u00a8P1000ppm Process: Vacuum air atomization method Advantages: low satellite powder\/hollow powder ratio, good fluidity, high sphericity, and high bulk density. Printed finished parts have high corrosion resistance, low density and mechanical strength High degree of heat treatment, requiring less heat treatment than castings Application: 3D printing lightweight, brackets and other structural parts, heat dissipation components, etc. in aerospace, automobile manufacturing and other industries&#8230;<\/p>","protected":false},"featured_media":1850,"parent":0,"template":"","meta":{"_acf_changed":false,"_kad_blocks_custom_css":"","_kad_blocks_head_custom_js":"","_kad_blocks_body_custom_js":"","_kad_blocks_footer_custom_js":"","_kad_post_transparent":"","_kad_post_title":"","_kad_post_layout":"","_kad_post_sidebar_id":"","_kad_post_content_style":"","_kad_post_vertical_padding":"","_kad_post_feature":"","_kad_post_feature_position":"","_kad_post_header":false,"_kad_post_footer":false,"_kad_post_classname":""},"product-category":[119,124],"class_list":["post-3926","product","type-product","status-publish","has-post-thumbnail","hentry","product-category-3d-printing-metal-powder","product-category-aluminum-based-alloy-powder"],"acf":[],"taxonomy_info":{"product-category":[{"value":119,"label":"3D Printing Metal Powder"},{"value":124,"label":"Aluminum Based Alloy Powder"}]},"featured_image_src_large":["https:\/\/3dpmetal.com\/wp-content\/uploads\/2024\/02\/Aluminum-alloy-series.jpg",600,600,false],"author_info":[],"comment_info":"","_links":{"self":[{"href":"https:\/\/3dpmetal.com\/ja\/wp-json\/wp\/v2\/product\/3926","targetHints":{"allow":["GET"]}}],"collection":[{"href":"https:\/\/3dpmetal.com\/ja\/wp-json\/wp\/v2\/product"}],"about":[{"href":"https:\/\/3dpmetal.com\/ja\/wp-json\/wp\/v2\/types\/product"}],"wp:featuredmedia":[{"embeddable":true,"href":"https:\/\/3dpmetal.com\/ja\/wp-json\/wp\/v2\/media\/1850"}],"wp:attachment":[{"href":"https:\/\/3dpmetal.com\/ja\/wp-json\/wp\/v2\/media?parent=3926"}],"wp:term":[{"taxonomy":"product-category","embeddable":true,"href":"https:\/\/3dpmetal.com\/ja\/wp-json\/wp\/v2\/product-category?post=3926"}],"curies":[{"name":"wp","href":"https:\/\/api.w.org\/{rel}","templated":true}]}}