{"id":3928,"date":"2024-03-18T06:10:14","date_gmt":"2024-03-18T06:10:14","guid":{"rendered":"https:\/\/3dp.45612300.xyz\/product\/high-temperature-alloy-series\/"},"modified":"2024-03-18T06:10:14","modified_gmt":"2024-03-18T06:10:14","slug":"high-temperature-alloy-series","status":"publish","type":"product","link":"https:\/\/3dpmetal.com\/ja\/product\/high-temperature-alloy-series\/","title":{"rendered":"\u9ad8\u6e29\u5408\u91d1\u7cfb\u5217"},"content":{"rendered":"<p><span style=\"vertical-align: inherit;\"><span style=\"vertical-align: inherit;\"><\/p>\n<div style=\"overflow-x: auto;\">\n<table>\n<tbody>\n<tr>\n<td data-sheets-value=\"{&quot;1&quot;:2,&quot;2&quot;:&quot;Product&quot;}\">\u88fd\u54c1<\/td>\n<td data-sheets-value=\"{&quot;1&quot;:2,&quot;2&quot;:&quot;Specification&quot;}\">\u4ed5\u69d8<\/td>\n<td data-sheets-value=\"{&quot;1&quot;:2,&quot;2&quot;:&quot;Apparent Density&quot;}\">\u898b\u639b\u3051\u6bd4\u91cd<\/td>\n<td data-sheets-value=\"{&quot;1&quot;:2,&quot;2&quot;:&quot;Flow Ability&quot;}\">\u6d41\u52d5\u6027<\/td>\n<td data-sheets-value=\"{&quot;1&quot;:2,&quot;2&quot;:&quot;Oxygen Content&quot;}\">\u9178\u7d20\u542b\u91cf<\/td>\n<td data-sheets-value=\"{&quot;1&quot;:2,&quot;2&quot;:&quot;Tensile Strength&quot;}\">\u5f15\u5f35\u5f37\u5ea6<\/td>\n<td data-sheets-value=\"{&quot;1&quot;:2,&quot;2&quot;:&quot;Yield Strength&quot;}\">\u964d\u4f0f\u5f37\u5ea6<\/td>\n<td data-sheets-value=\"{&quot;1&quot;:2,&quot;2&quot;:&quot;Elongation&quot;}\">\u4f38\u9577<\/td>\n<\/tr>\n<tr>\n<td data-sheets-value=\"{&quot;1&quot;:2,&quot;2&quot;:&quot;GH3625&quot;}\">GH3625<\/td>\n<td colspan=\"1\" rowspan=\"4\" data-sheets-value=\"{&quot;1&quot;:2,&quot;2&quot;:&quot;15-53\u00c3\u00d7mn45-105\u00c3\u00d7mn75-150\u00c3\u00d7m&quot;}\">\n<div>15\uff5e53\u00d7m<br \/>\n45\uff5e105mm<br \/>\n75\u00d7150\uff5e150\u00d7300\u30df\u30af\u30ed\u30f3<\/div>\n<\/td>\n<td data-sheets-value=\"{&quot;1&quot;:2,&quot;2&quot;:&quot;\u00a1\u00d44.40g\/cm3&quot;}\">4.40 g\/cm3<\/td>\n<td data-sheets-value=\"{&quot;1&quot;:2,&quot;2&quot;:&quot;\u00a8P20s\/50g&quot;}\">\u00a8P20s\/50g<\/td>\n<td data-sheets-value=\"{&quot;1&quot;:2,&quot;2&quot;:&quot;\u00a8P300ppm&quot;}\">\u00a8P300ppm<\/td>\n<td data-sheets-value=\"{&quot;1&quot;:2,&quot;2&quot;:&quot;1000\u00a9I50Mpa &quot;}\">1000\u2103 I 50Mpa<\/td>\n<td data-sheets-value=\"{&quot;1&quot;:2,&quot;2&quot;:&quot;600\u00a9I50Mpa &quot;}\">600\u00a9I50Mpa<\/td>\n<td data-sheets-value=\"{&quot;1&quot;:2,&quot;2&quot;:&quot;35\u00a9I5%&quot;}\">35\u00a9I5%<\/td>\n<\/tr>\n<tr>\n<td data-sheets-value=\"{&quot;1&quot;:2,&quot;2&quot;:&quot;GH4169&quot;}\">GH4169<\/td>\n<td data-sheets-value=\"{&quot;1&quot;:2,&quot;2&quot;:&quot;\u00a1\u00d44.20g\/cm3&quot;}\">\u00d4 4.20g\/cm3<\/td>\n<td data-sheets-value=\"{&quot;1&quot;:2,&quot;2&quot;:&quot;\u00a8P20s\/50g&quot;}\">\u00a8P20s\/50g<\/td>\n<td data-sheets-value=\"{&quot;1&quot;:2,&quot;2&quot;:&quot;\u00a8P300ppm&quot;}\">\u00a8P300ppm<\/td>\n<td data-sheets-value=\"{&quot;1&quot;:2,&quot;2&quot;:&quot;1250\u00a9I30Mpa &quot;}\">1250\u00a9I30Mpa<\/td>\n<td data-sheets-value=\"{&quot;1&quot;:2,&quot;2&quot;:&quot;1000\u00a9I30Mpa &quot;}\">1000\u00a9I30Mpa<\/td>\n<td data-sheets-value=\"{&quot;1&quot;:2,&quot;2&quot;:&quot;18\u00a9I3%&quot;}\">18\u00a9I3%<\/td>\n<\/tr>\n<tr>\n<td data-sheets-value=\"{&quot;1&quot;:2,&quot;2&quot;:&quot;GH3230&quot;}\">GH3230<\/td>\n<td data-sheets-value=\"{&quot;1&quot;:2,&quot;2&quot;:&quot;\u00a1\u00d44.40g\/cm3&quot;}\">4.40 g\/cm3<\/td>\n<td data-sheets-value=\"{&quot;1&quot;:2,&quot;2&quot;:&quot;\u00a8P20s\/50g&quot;}\">\u00a8P20s\/50g<\/td>\n<td data-sheets-value=\"{&quot;1&quot;:2,&quot;2&quot;:&quot;\u00a8P300ppm&quot;}\">\u00a8P300ppm<\/td>\n<td data-sheets-value=\"{&quot;1&quot;:2,&quot;2&quot;:&quot;930\u00a9I30Mpa &quot;}\">930\u00a9I30Mpa<\/td>\n<td data-sheets-value=\"{&quot;1&quot;:2,&quot;2&quot;:&quot;930\u00a9I30Mpa &quot;}\">930\u00a9I30Mpa<\/td>\n<td data-sheets-value=\"{&quot;1&quot;:2,&quot;2&quot;:&quot;25\u00a9I5%&quot;}\">25\u00a9I5%<\/td>\n<\/tr>\n<tr>\n<td data-sheets-value=\"{&quot;1&quot;:2,&quot;2&quot;:&quot;GH3536&quot;}\">GH3536<\/td>\n<td data-sheets-value=\"{&quot;1&quot;:2,&quot;2&quot;:&quot;\u00a1\u00d44.40g\/cm3&quot;}\">4.40 g\/cm3<\/td>\n<td data-sheets-value=\"{&quot;1&quot;:2,&quot;2&quot;:&quot;\u00a8P20s\/50g&quot;}\">\u00a8P20s\/50g<\/td>\n<td data-sheets-value=\"{&quot;1&quot;:2,&quot;2&quot;:&quot;\u00a8P300ppm&quot;}\">\u00a8P300ppm<\/td>\n<td data-sheets-value=\"{&quot;1&quot;:2,&quot;2&quot;:&quot;850\u00a9I30Mpa &quot;}\">850\u00a9I30Mpa<\/td>\n<td data-sheets-value=\"{&quot;1&quot;:2,&quot;2&quot;:&quot;550\u00a9I20Mpa &quot;}\">550\u00a9I20Mpa<\/td>\n<td data-sheets-value=\"{&quot;1&quot;:2,&quot;2&quot;:&quot;42\u00a9I5%&quot;}\">42\u00a9I5%<\/td>\n<\/tr>\n<\/tbody>\n<\/table>\n<\/div>\n<p><img loading=\"lazy\" decoding=\"async\" class=\"size-medium wp-image-1409 aligncenter\" src=\"https:\/\/met3dp.com\/wp-content\/uploads\/2023\/09\/ed7a94ec-3c10-4b1b-87ed--300x300.jpg\" alt=\"\u9ad8\u6e29\u5408\u91d1\u7cfb\u5217\" width=\"300\" height=\"300\" title=\"\"><\/p>\n<p><strong>\u30d7\u30ed\u30bb\u30b9<\/strong>\uff1a\u771f\u7a7a\u4e2d\u6c17\u4f53\u30a2\u30c8\u30de\u30a4\u30bc\u30fc\u30b7\u30e7\u30f3\u6cd5<\/p>\n<p><strong>\u5229\u70b9<\/strong>:\u30b9\u30d5\u30a7\u30ea\u30b7\u30c6\u30a3\u304c\u9ad8\u304f\u3001\u30b5\u30c6\u30e9\u30a4\u30c8\u30d1\u30a6\u30c0\u30fc\u304c\u5c0f\u3055\u304f\u3001\u6d41\u52d5\u6027\u304c\u9ad8\u304f\u3001\u30d0\u30eb\u30af\u5bc6\u5ea6\u304c\u9ad8\u3044\u3002\u5370\u5237\u88fd\u54c1\u306f\u8010\u75b2\u52b4\u6027\u3001\u8010\u9178\u5316\u6027\u80fd\u3001\u69cb\u9020\u5b89\u5b9a\u6027\u306b\u512a\u308c\u3066\u3044\u307e\u3059\u3002<\/p>\n<p><strong>\u30a2\u30d7\u30ea\u30b1\u30fc\u30b7\u30e7\u30f3<\/strong>: \u822a\u7a7a\u5b87\u5b99\u304a\u3088\u3073\u7523\u696d\u7528\u30bf\u30fc\u30d3\u30f3\u30c7\u30a3\u30b9\u30af\u3001\u30ea\u30f3\u30b0\u3001\u30d6\u30ec\u30fc\u30c9\u3001\u6a5f\u68b0\u3084\u305d\u306e\u4ed6\u306e\u69cb\u9020\u7269\u3001\u822a\u7a7a\u5b87\u5b99\u30a8\u30f3\u30b8\u30f3\u71c3\u713c\u5ba4<\/p>\n<p><strong>\u30d1\u30c3\u30b1\u30fc\u30b8\u30f3\u30b0<\/strong>:\u30a2\u30eb\u30df\u30db\u30a4\u30eb\u30d0\u30c3\u30b0\/\u30d7\u30e9\u30b9\u30c1\u30c3\u30af\u30dc\u30c8\u30eb\/\u30a2\u30a4\u30a2\u30f3\u30c9\u30e9\u30e0\u306a\u3069\u306e\u901a\u5e38\u306e\u68b1\u5305\u3001\u771f\u7a7a\u5305\u88c5\u3001\u4e0d\u6d3b\u6027\u30ac\u30b9\u5145\u586b\u5305\u88c5\u306a\u3069<\/p>\n<div id=\"gtx-trans\" style=\"position: absolute; left: -47px; top: 337px;\">\n<div class=\"gtx-trans-icon\"><\/div>\n<\/div>\n<p><\/span><\/span><\/p>","protected":false},"excerpt":{"rendered":"<p>\u88fd\u54c1\u4ed5\u69d8 \u898b\u304b\u3051\u5bc6\u5ea6 \u30d5\u30ed\u30fc\u80fd\u529b \u9178\u7d20\u542b\u6709\u91cf \u5f15\u5f35\u5f37\u3055 \u964d\u4f0f\u5f37\u3055 \u4f38\u3073 GH3625 15-53\u00c3\u00d7m 45-105\u00c3\u00d7m 75-150\u00c3\u00d7m \u00d44.40g\/cm3 \u00a8P20s\/50g \u00a8P300ppm 1000\u00a9I50Mpa 600\u00a9I50Mpa 35\u00a9I5% GH4169 \u00d44.20g\/cm3 \u00a8P20s\/50g \u00a8P300ppm 1250\u00a9I30Mpa 1000\u00a9I30Mpa 18\u00a9I3% GH3230 \u00a1\u00d44.40g\/cm3 \u00a8P20s\/50g \u00a8P300ppm 930\u00a9I30Mpa 930\u00a9I30Mpa 25\u00a9I5% GH3536 \u00a84.40g\/cm3 \u00a8P20s\/50g \u00a8P300ppm 850\u00a9I30Mpa 550\u00a9I20Mpa 42\u00a9I5% \u30d7\u30ed\u30bb\u30b9\uff1a\u771f\u7a7a\u7a7a\u6c17\u5674\u9727\u6cd5 \u5229\u70b9\uff1a\u771f\u7403\u5ea6\u304c\u9ad8\u304f\u3001\u30b5\u30c6\u30e9\u30a4\u30c8\u30d1\u30a6\u30c0\u30fc\u304c\u5c0f\u3055\u304f\u3001\u6d41\u52d5\u6027\u304c\u3088\u304f\u3001\u304b\u3055\u5bc6\u5ea6\u304c\u9ad8\u3044\u3002\u5370\u5237\u3055\u308c\u305f\u88fd\u54c1\u306f\u3001\u826f\u597d\u306a\u8010\u75b2\u52b4\u6027\u3001\u8010\u9178\u5316\u6027\u80fd\u3001\u69cb\u9020\u5b89\u5b9a\u6027\u3092\u6709\u3059\u308b \u7528\u9014\uff1a\u822a\u7a7a\u5b87\u5b99\u304a\u3088\u3073\u5de5\u696d\u7528\u30bf\u30fc\u30d3\u30f3\u30c7\u30a3\u30b9\u30af\u3001\u30ea\u30f3\u30b0\u3001\u30d6\u30ec\u30fc\u30c9\u3001\u6a5f\u68b0\u304a\u3088\u3073\u305d\u306e\u4ed6\u306e\u69cb\u9020\u3001\u822a\u7a7a\u5b87\u5b99\u30a8\u30f3\u30b8\u30f3\u71c3\u713c\u5ba4 \u5305\u88c5\uff1a\u30a2\u30eb\u30df\u7b94\u888b\/\u30d7\u30e9\u30b9\u30c1\u30c3\u30af\u30dc\u30c8\u30eb\/\u9244\u30c9\u30e9\u30e0\u306a\u3069\u306e\u901a\u5e38\u306e\u5305\u88c5\u3001\u771f\u7a7a\u5305\u88c5\u307e\u305f\u306f\u4e0d\u6d3b\u6027\u30ac\u30b9\u5145\u586b\u5305\u88c5\u306a\u3069\u3002<\/p>","protected":false},"featured_media":1855,"parent":0,"template":"","meta":{"_acf_changed":false,"_kad_blocks_custom_css":"","_kad_blocks_head_custom_js":"","_kad_blocks_body_custom_js":"","_kad_blocks_footer_custom_js":"","_kad_post_transparent":"","_kad_post_title":"","_kad_post_layout":"","_kad_post_sidebar_id":"","_kad_post_content_style":"","_kad_post_vertical_padding":"","_kad_post_feature":"","_kad_post_feature_position":"","_kad_post_header":false,"_kad_post_footer":false,"_kad_post_classname":""},"product-category":[119,120],"class_list":["post-3928","product","type-product","status-publish","has-post-thumbnail","hentry","product-category-3d-printing-metal-powder","product-category-high-temperature-alloy-powder"],"acf":[],"taxonomy_info":{"product-category":[{"value":119,"label":"3D Printing Metal Powder"},{"value":120,"label":"High Temperature Alloy Powder"}]},"featured_image_src_large":["https:\/\/3dpmetal.com\/wp-content\/uploads\/2024\/02\/High-temperature-alloy.jpg",600,600,false],"author_info":[],"comment_info":"","_links":{"self":[{"href":"https:\/\/3dpmetal.com\/ja\/wp-json\/wp\/v2\/product\/3928","targetHints":{"allow":["GET"]}}],"collection":[{"href":"https:\/\/3dpmetal.com\/ja\/wp-json\/wp\/v2\/product"}],"about":[{"href":"https:\/\/3dpmetal.com\/ja\/wp-json\/wp\/v2\/types\/product"}],"wp:featuredmedia":[{"embeddable":true,"href":"https:\/\/3dpmetal.com\/ja\/wp-json\/wp\/v2\/media\/1855"}],"wp:attachment":[{"href":"https:\/\/3dpmetal.com\/ja\/wp-json\/wp\/v2\/media?parent=3928"}],"wp:term":[{"taxonomy":"product-category","embeddable":true,"href":"https:\/\/3dpmetal.com\/ja\/wp-json\/wp\/v2\/product-category?post=3928"}],"curies":[{"name":"wp","href":"https:\/\/api.w.org\/{rel}","templated":true}]}}