{"id":3931,"date":"2024-03-18T06:10:14","date_gmt":"2024-03-18T06:10:14","guid":{"rendered":"https:\/\/3dp.45612300.xyz\/product\/copper-alloy-series\/"},"modified":"2024-03-18T06:10:14","modified_gmt":"2024-03-18T06:10:14","slug":"copper-alloy-series","status":"publish","type":"product","link":"https:\/\/3dpmetal.com\/ja\/product\/copper-alloy-series\/","title":{"rendered":"\u9285\u5408\u91d1\u30b7\u30ea\u30fc\u30ba"},"content":{"rendered":"<p><span style=\"vertical-align: inherit;\"><span style=\"vertical-align: inherit;\"><\/p>\n<div>\n<table>\n<tbody>\n<tr>\n<td data-sheets-value=\"{&quot;1&quot;:2,&quot;2&quot;:&quot;Product&quot;}\">\u88fd\u54c1<\/td>\n<td data-sheets-value=\"{&quot;1&quot;:2,&quot;2&quot;:&quot;Specification&quot;}\">\u4ed5\u69d8<\/td>\n<td data-sheets-value=\"{&quot;1&quot;:2,&quot;2&quot;:&quot;Apparent Density&quot;}\">\u898b\u639b\u3051\u6bd4\u91cd<\/td>\n<td data-sheets-value=\"{&quot;1&quot;:2,&quot;2&quot;:&quot;Flow Ability&quot;}\">\u6d41\u52d5\u6027<\/td>\n<td data-sheets-value=\"{&quot;1&quot;:2,&quot;2&quot;:&quot;Oxygen Content&quot;}\">\u9178\u7d20\u542b\u91cf<\/td>\n<td data-sheets-value=\"{&quot;1&quot;:2,&quot;2&quot;:&quot;Tensile Strength&quot;}\">\u5f15\u5f35\u5f37\u5ea6<\/td>\n<td data-sheets-value=\"{&quot;1&quot;:2,&quot;2&quot;:&quot;Yield Strength&quot;}\">\u964d\u4f0f\u5f37\u5ea6<\/td>\n<td data-sheets-value=\"{&quot;1&quot;:2,&quot;2&quot;:&quot;Elongation&quot;}\">\u4f38\u9577<\/td>\n<\/tr>\n<tr>\n<td data-sheets-value=\"{&quot;1&quot;:2,&quot;2&quot;:&quot;CuCrZr&quot;}\">CuCrZr<\/td>\n<td colspan=\"1\" rowspan=\"3\" data-sheets-value=\"{&quot;1&quot;:2,&quot;2&quot;:&quot;15-53\u00c3\u00d7mn45-105\u00c3\u00d7mn75-150\u00c3\u00d7m&quot;}\">\n<div>15\uff5e53\u00d7m<br \/>\n45\uff5e105mm<br \/>\n75\u00d7150\uff5e150\u00d7300\u30df\u30af\u30ed\u30f3<\/div>\n<\/td>\n<td data-sheets-value=\"{&quot;1&quot;:2,&quot;2&quot;:&quot;\u00a1\u00d44.10g\/cm3&quot;}\">1.4 \u30aa\u30f3\u30b9\/cm3<\/td>\n<td data-sheets-value=\"{&quot;1&quot;:2,&quot;2&quot;:&quot;\u00a8P30s\/50g&quot;}\">\u00a8P30\/50g<\/td>\n<td data-sheets-value=\"{&quot;1&quot;:2,&quot;2&quot;:&quot;\u00a8P600ppm&quot;}\">600ppm\u4ee5\u4e0b<\/td>\n<td data-sheets-value=\"{&quot;1&quot;:2,&quot;2&quot;:&quot;350\u00a9I35Mpa &quot;}\">350\u2103\u300135Mpa<\/td>\n<td data-sheets-value=\"{&quot;1&quot;:2,&quot;2&quot;:&quot;175\u00a9I10Mpa &quot;}\">175\u00a9I10Mpa<\/td>\n<td data-sheets-value=\"{&quot;1&quot;:2,&quot;2&quot;:&quot;8\u00a9I2%&quot;}\">8\u00a9I2%<\/td>\n<\/tr>\n<tr>\n<td data-sheets-value=\"{&quot;1&quot;:2,&quot;2&quot;:&quot;CuZn40&quot;}\">CuZn40<\/td>\n<td data-sheets-value=\"{&quot;1&quot;:2,&quot;2&quot;:&quot;\u00a1\u00d44.25g\/cm3&quot;}\">0.425g\/cm3<\/td>\n<td data-sheets-value=\"{&quot;1&quot;:2,&quot;2&quot;:&quot;\u00a8P30s\/50g&quot;}\">\u00a8P30\/50g<\/td>\n<td data-sheets-value=\"{&quot;1&quot;:2,&quot;2&quot;:&quot;\u00a8P600ppm&quot;}\">600ppm\u4ee5\u4e0b<\/td>\n<td data-sheets-value=\"{&quot;1&quot;:2,&quot;2&quot;:&quot;\\&quot;}\"><\/td>\n<td data-sheets-value=\"{&quot;1&quot;:2,&quot;2&quot;:&quot;\\&quot;}\"><\/td>\n<td data-sheets-value=\"{&quot;1&quot;:2,&quot;2&quot;:&quot;\\&quot;}\"><\/td>\n<\/tr>\n<tr>\n<td data-sheets-value=\"{&quot;1&quot;:2,&quot;2&quot;:&quot;CuSn10&quot;}\">CuSn10<\/td>\n<td data-sheets-value=\"{&quot;1&quot;:2,&quot;2&quot;:&quot;\u00a1\u00d44.10g\/cm3&quot;}\">1.4 \u30aa\u30f3\u30b9\/cm3<\/td>\n<td data-sheets-value=\"{&quot;1&quot;:2,&quot;2&quot;:&quot;\u00a8P30s\/50g&quot;}\">\u00a8P30\/50g<\/td>\n<td data-sheets-value=\"{&quot;1&quot;:2,&quot;2&quot;:&quot;\u00a8P600ppm&quot;}\">600ppm\u4ee5\u4e0b<\/td>\n<td data-sheets-value=\"{&quot;1&quot;:2,&quot;2&quot;:&quot;\\&quot;}\"><\/td>\n<td data-sheets-value=\"{&quot;1&quot;:2,&quot;2&quot;:&quot;\\&quot;}\"><\/td>\n<td data-sheets-value=\"{&quot;1&quot;:2,&quot;2&quot;:&quot;\\&quot;}\"><\/td>\n<\/tr>\n<\/tbody>\n<\/table>\n<\/div>\n<p><img loading=\"lazy\" decoding=\"async\" class=\"size-medium wp-image-1409 aligncenter\" src=\"https:\/\/met3dp.com\/wp-content\/uploads\/2023\/09\/ed7a94ec-3c10-4b1b-87ed--300x300.jpg\" alt=\"\u9285\u5408\u91d1\u30b7\u30ea\u30fc\u30ba\" width=\"300\" height=\"300\" title=\"\"><\/p>\n<p><strong>\u30d7\u30ed\u30bb\u30b9<\/strong>\uff1a\u771f\u7a7a\u4e2d\u6c17\u4f53\u30a2\u30c8\u30de\u30a4\u30bc\u30fc\u30b7\u30e7\u30f3\u6cd5<\/p>\n<p><strong>\u5229\u70b9<\/strong>\u30d7\u30ea\u30f3\u30c8\u88fd\u54c1\u306f\u71b1\u4f1d\u5c0e\u6027\u3068\u96fb\u6c17\u4f1d\u5c0e\u6027\u304c\u512a\u308c\u3001\u8a2d\u8a08\u3068\u7d44\u307f\u5408\u308f\u305b\u308b\u3053\u3068\u306b\u3088\u3063\u3066\u3001\u5185\u90e8\u69cb\u9020\u3068\u51b7\u5374\u30c1\u30e3\u30cd\u30eb\u304c\u8907\u96d1\u306a\u88fd\u54c1\u90e8\u54c1\u3092\u88fd\u4f5c\u53ef\u80fd<\/p>\n<p><strong>\u30a2\u30d7\u30ea\u30b1\u30fc\u30b7\u30e7\u30f3<\/strong>\uff1a\u822a\u7a7a\u6a5f\u30a8\u30f3\u30b8\u30f3\u63a8\u529b\u30c1\u30e3\u30f3\u30d0\u30fc\u3084\u305d\u306e\u4ed6\u306e\u30b3\u30f3\u30dd\u30fc\u30cd\u30f3\u30c8\u3001\u51b7\u5374\u52b9\u679c\u512a\u308c\u305f 3D \u5370\u5237\u30e2\u30fc\u30eb\u30c9\u88fd\u54c1\u306a\u3069\u3002<\/p>\n<p><strong>\u30d1\u30c3\u30b1\u30fc\u30b8\u30f3\u30b0<\/strong>:\u30a2\u30eb\u30df\u30db\u30a4\u30eb\u30d0\u30c3\u30b0\/\u30d7\u30e9\u30b9\u30c1\u30c3\u30af\u30dc\u30c8\u30eb\/\u30a2\u30a4\u30a2\u30f3\u30c9\u30e9\u30e0\u306a\u3069\u306e\u901a\u5e38\u306e\u68b1\u5305\u3001\u771f\u7a7a\u5305\u88c5\u3001\u4e0d\u6d3b\u6027\u30ac\u30b9\u5145\u586b\u5305\u88c5\u306a\u3069<\/span><\/span><\/p>","protected":false},"excerpt":{"rendered":"<p>\u88fd\u54c1\u4ed5\u69d8 \u898b\u639b\u5bc6\u5ea6 \u6d41\u52d5\u6027 \u9178\u7d20\u542b\u6709\u91cf \u5f15\u5f35\u5f37\u3055 \u964d\u4f0f\u5f37\u3055 \u4f38\u3073 CuCrZr 15-53\u03bcm 45-105\u03bcm 75-150\u03bcm \u00d44.10g\/cm3 \u00a8P30s\/50g \u00a8P600ppm 350\u00a9I35Mpa 175\u00a9I10Mpa 8\u00a9I2% CuZn40 \u00a14.25g\/cm3 \u00a8P30s\/50g \u00a8P600ppm CuSn10 \u00a14.10g\/cm3 \u00a8P30s\/50g \u00a8P600ppm \u30d7\u30ed\u30bb\u30b9\uff1a\u771f\u7a7a\u7a7a\u6c17\u5674\u9727\u6cd5 \u5229\u70b9\u5370\u5237\u88fd\u54c1\u306f\u71b1\u4f1d\u5c0e\u6027\u3001\u96fb\u6c17\u4f1d\u5c0e\u6027\u306b\u512a\u308c\u3001\u8a2d\u8a08\u3068\u7d44\u307f\u5408\u308f\u305b\u308b\u3053\u3068\u3067\u3001\u8907\u96d1\u306a\u5185\u90e8\u69cb\u9020\u3084\u51b7\u5374\u6d41\u8def\u3092\u6301\u3064\u88fd\u54c1\u90e8\u54c1\u3092\u88fd\u9020\u3059\u308b\u3053\u3068\u304c\u3067\u304d\u308b\uff1a\u822a\u7a7a\u5b87\u5b99\u30a8\u30f3\u30b8\u30f3\u306e\u30b9\u30e9\u30b9\u30c8\u30c1\u30e3\u30f3\u30d0\u30fc\u306a\u3069\u306e\u90e8\u54c1\u3001\u51b7\u5374\u52b9\u679c\u306e\u9ad8\u30443D\u30d7\u30ea\u30f3\u30c8\u91d1\u578b\u88fd\u54c1\u306a\u3069\u3002\u5305\u88c5\u30a2\u30eb\u30df\u30db\u30a4\u30eb\u888b\/\u30d7\u30e9\u30b9\u30c1\u30c3\u30af\u30dc\u30c8\u30eb\/\u9244\u88fd\u30c9\u30e9\u30e0\u7f36\u306a\u3069\u306e\u901a\u5e38\u5305\u88c5\u3001\u771f\u7a7a\u5305\u88c5\u3001\u4e0d\u6d3b\u6027\u30ac\u30b9\u5145\u586b\u5305\u88c5\u306a\u3069\u3002<\/p>","protected":false},"featured_media":1860,"parent":0,"template":"","meta":{"_acf_changed":false,"_kad_blocks_custom_css":"","_kad_blocks_head_custom_js":"","_kad_blocks_body_custom_js":"","_kad_blocks_footer_custom_js":"","_kad_post_transparent":"","_kad_post_title":"","_kad_post_layout":"","_kad_post_sidebar_id":"","_kad_post_content_style":"","_kad_post_vertical_padding":"","_kad_post_feature":"","_kad_post_feature_position":"","_kad_post_header":false,"_kad_post_footer":false,"_kad_post_classname":""},"product-category":[119,129],"class_list":["post-3931","product","type-product","status-publish","has-post-thumbnail","hentry","product-category-3d-printing-metal-powder","product-category-copper-alloy-powder"],"acf":[],"taxonomy_info":{"product-category":[{"value":119,"label":"3D Printing Metal Powder"},{"value":129,"label":"Copper Alloy Powder"}]},"featured_image_src_large":["https:\/\/3dpmetal.com\/wp-content\/uploads\/2024\/02\/Copper-alloy-series.jpg",600,600,false],"author_info":[],"comment_info":"","_links":{"self":[{"href":"https:\/\/3dpmetal.com\/ja\/wp-json\/wp\/v2\/product\/3931","targetHints":{"allow":["GET"]}}],"collection":[{"href":"https:\/\/3dpmetal.com\/ja\/wp-json\/wp\/v2\/product"}],"about":[{"href":"https:\/\/3dpmetal.com\/ja\/wp-json\/wp\/v2\/types\/product"}],"wp:featuredmedia":[{"embeddable":true,"href":"https:\/\/3dpmetal.com\/ja\/wp-json\/wp\/v2\/media\/1860"}],"wp:attachment":[{"href":"https:\/\/3dpmetal.com\/ja\/wp-json\/wp\/v2\/media?parent=3931"}],"wp:term":[{"taxonomy":"product-category","embeddable":true,"href":"https:\/\/3dpmetal.com\/ja\/wp-json\/wp\/v2\/product-category?post=3931"}],"curies":[{"name":"wp","href":"https:\/\/api.w.org\/{rel}","templated":true}]}}