{"id":3937,"date":"2024-03-18T06:10:15","date_gmt":"2024-03-18T06:10:15","guid":{"rendered":"https:\/\/3dp.45612300.xyz\/product\/420-powder\/"},"modified":"2024-03-18T06:10:15","modified_gmt":"2024-03-18T06:10:15","slug":"420-powder","status":"publish","type":"product","link":"https:\/\/3dpmetal.com\/ja\/product\/420-powder\/","title":{"rendered":"420 \u30d1\u30a6\u30c0\u30fc"},"content":{"rendered":"<p><span style=\"vertical-align: inherit;\"><span style=\"vertical-align: inherit;\">316L\u306f\u30aa\u30fc\u30b9\u30c6\u30ca\u7cfb\u30b9\u30c6\u30f3\u30ec\u30b9\u92fc\u3002316L\u306eMo\u542b\u6709\u91cf\u306f\u3001\u512a\u308c\u305f\u8010\u98df\u6027\u3092\u5b9f\u73fe\u3057\u3066\u3044\u307e\u3059<br \/>\n17-4PH\u306f\u9ad8\u5f37\u5ea6\u3001\u9ad8\u786c\u5ea6\u3068\u8010\u98df\u6027\u306b\u512a\u308c\u305f\u30de\u30eb\u30c6\u30f3\u30b5\u30a4\u30c8\u6790\u51fa\u786c\u5316\u30b9\u30c6\u30f3\u30ec\u30b9\u92fc\u3067\u3059\u3002<br \/>\n420\u306f\u30de\u30eb\u30c6\u30f3\u30b5\u30a4\u30c8\u7cfb\u30b9\u30c6\u30f3\u30ec\u30b9\u92fc\u3067\u3001\u6a5f\u68b0\u7684\u7279\u6027\u3001\u71b1\u4f1d\u5c0e\u7387\u3001\u7814\u78e8\u7279\u6027\u306f\u91d1\u578b\u92fc\u306b\u8fd1\u3044\u3082\u306e\u304c\u3042\u308a\u3001\u826f\u597d\u306a\u8010\u98df\u6027\u3082\u4fdd\u305f\u308c\u3066\u3044\u307e\u3059\u3002<\/p>\n<h2>\u7269\u7406\u7684\u7279\u6027<\/h2>\n<div>\n<table>\n<tbody>\n<tr>\n<td colspan=\"1\" rowspan=\"2\" data-sheets-value=\"{&quot;1&quot;:2,&quot;2&quot;:&quot;Trademark&quot;}\">\n<div>\u5546\u6a19<\/div>\n<\/td>\n<td colspan=\"1\" rowspan=\"2\" data-sheets-value=\"{&quot;1&quot;:2,&quot;2&quot;:&quot;Size range&quot;}\">\n<div>\u30b5\u30a4\u30ba\u30ec\u30f3\u30b8<\/div>\n<\/td>\n<td colspan=\"3\" rowspan=\"1\" data-sheets-value=\"{&quot;1&quot;:2,&quot;2&quot;:&quot;Size distribution&quot;}\">\u30b5\u30a4\u30ba\u5206\u5e03<\/td>\n<td colspan=\"1\" rowspan=\"2\" data-sheets-value=\"{&quot;1&quot;:2,&quot;2&quot;:&quot;Hall flow rate&quot;}\">\n<div>\u30db\u30fc\u30eb\u6d41\u52d5\u7387<\/div>\n<\/td>\n<td colspan=\"1\" rowspan=\"2\" data-sheets-value=\"{&quot;1&quot;:2,&quot;2&quot;:&quot;Bulk density&quot;}\">\n<div>\u304b\u3055\u5bc6\u5ea6<\/div>\n<\/td>\n<td colspan=\"1\" rowspan=\"2\" data-sheets-value=\"{&quot;1&quot;:2,&quot;2&quot;:&quot;Tap density&quot;}\">\n<div>\u6253\u30bf\u30c3\u30d7\u5bc6\u5ea6<\/div>\n<\/td>\n<\/tr>\n<tr>\n<td data-sheets-value=\"{&quot;1&quot;:2,&quot;2&quot;:&quot;D10(\u00c3\u00d7m)&quot;}\">D10\uff08\u00d7 m\uff09<\/td>\n<td data-sheets-value=\"{&quot;1&quot;:2,&quot;2&quot;:&quot;D50(\u00c3\u00d7m)&quot;}\">D50(\u00c3\u2014m)<\/td>\n<td data-sheets-value=\"{&quot;1&quot;:2,&quot;2&quot;:&quot;D90(\u00c3\u00d7m)&quot;}\">D90(m \u00d7 m)<\/td>\n<\/tr>\n<tr>\n<td data-sheets-value=\"{&quot;1&quot;:2,&quot;2&quot;:&quot;316L&quot;}\">316L<\/td>\n<td data-sheets-value=\"{&quot;1&quot;:2,&quot;2&quot;:&quot;15-53\u00c3\u00d7m&quot;}\">15\uff5e53\u00d7m<\/td>\n<td colspan=\"1\" rowspan=\"3\" data-sheets-value=\"{&quot;1&quot;:2,&quot;2&quot;:&quot;17-23&quot;}\">\n<div>17-23<\/div>\n<\/td>\n<td colspan=\"1\" rowspan=\"3\" data-sheets-value=\"{&quot;1&quot;:2,&quot;2&quot;:&quot;30-38&quot;}\">\n<div>30-38<\/div>\n<\/td>\n<td colspan=\"1\" rowspan=\"3\" data-sheets-value=\"{&quot;1&quot;:2,&quot;2&quot;:&quot;50-58&quot;}\">\n<div>50-58<\/div>\n<\/td>\n<td colspan=\"1\" rowspan=\"3\" data-sheets-value=\"{&quot;1&quot;:2,&quot;2&quot;:&quot;25s\/50g&quot;}\">\n<div>25\u79d2\/50g<\/div>\n<\/td>\n<td data-sheets-value=\"{&quot;1&quot;:2,&quot;2&quot;:&quot;4.0g\/cm3&quot;}\">4.0g\/cm3<\/td>\n<td data-sheets-value=\"{&quot;1&quot;:2,&quot;2&quot;:&quot;4.5g\/cm3&quot;}\">4.5g\/cm3<\/td>\n<\/tr>\n<tr>\n<td data-sheets-value=\"{&quot;1&quot;:2,&quot;2&quot;:&quot;17-4PH&quot;}\">17-4PH<\/td>\n<td data-sheets-value=\"{&quot;1&quot;:2,&quot;2&quot;:&quot;15-53\u00c3\u00d7m&quot;}\">15\uff5e53\u00d7m<\/td>\n<td data-sheets-value=\"{&quot;1&quot;:2,&quot;2&quot;:&quot;4.0g\/cm3&quot;}\">4.0g\/cm3<\/td>\n<td data-sheets-value=\"{&quot;1&quot;:2,&quot;2&quot;:&quot;4.5g\/cm3&quot;}\">4.5g\/cm3<\/td>\n<\/tr>\n<tr>\n<td data-sheets-value=\"{&quot;1&quot;:3,&quot;3&quot;:420}\">420<\/td>\n<td data-sheets-value=\"{&quot;1&quot;:2,&quot;2&quot;:&quot;15-53\u00c3\u00d7m&quot;}\">15\uff5e53\u00d7m<\/td>\n<td data-sheets-value=\"{&quot;1&quot;:2,&quot;2&quot;:&quot;4.0g\/cm3&quot;}\">4.0g\/cm3<\/td>\n<td data-sheets-value=\"{&quot;1&quot;:2,&quot;2&quot;:&quot;4.5g\/cm3&quot;}\">4.5g\/cm3<\/td>\n<\/tr>\n<\/tbody>\n<\/table>\n<\/div>\n<h2><img loading=\"lazy\" decoding=\"async\" class=\"size-medium wp-image-1409 aligncenter\" src=\"https:\/\/met3dp.com\/wp-content\/uploads\/2023\/09\/ed7a94ec-3c10-4b1b-87ed--300x300.jpg\" alt=\"420 \u30d1\u30a6\u30c0\u30fc\" width=\"300\" height=\"300\" title=\"\"><\/h2>\n<h2>\u71b1\u51e6\u7406\u306e\u63a8\u5968\u4e8b\u9805<\/h2>\n<div>\n<table>\n<tbody>\n<tr>\n<td style=\"text-align: center\" data-sheets-value=\"{&quot;1&quot;:2,&quot;2&quot;:&quot;Trademark&quot;}\">\u5546\u6a19<\/td>\n<td style=\"text-align: center\" data-sheets-value=\"{&quot;1&quot;:2,&quot;2&quot;:&quot;Heat treatment recommendations&quot;}\">\n<div>\n<div>\u71b1\u51e6\u7406\u306e\u63a8\u5968\u4e8b\u9805<\/div>\n<\/div>\n<\/td>\n<\/tr>\n<tr>\n<td style=\"text-align: center\" data-sheets-value=\"{&quot;1&quot;:2,&quot;2&quot;:&quot;316L&quot;}\">316L<\/td>\n<td style=\"text-align: center\" data-sheets-value=\"{&quot;1&quot;:2,&quot;2&quot;:&quot;1050\u00a1\u00cd\/2h\/WQ&quot;}\">1050\u5186\/2h\/\u5973\u6027<\/td>\n<\/tr>\n<tr>\n<td style=\"text-align: center\" data-sheets-value=\"{&quot;1&quot;:2,&quot;2&quot;:&quot;17-4PH&quot;}\">17-4PH<\/td>\n<td style=\"text-align: center\" data-sheets-value=\"{&quot;1&quot;:2,&quot;2&quot;:&quot;1040\u00a1\u00abC\/2h +480\u00a1\u00abC\/4h&quot;}\">\n<div>\n<div>1,040kcal\/2\u6642\u9593\uff0b480kcal\/4\u6642\u9593<\/div>\n<\/div>\n<\/td>\n<\/tr>\n<tr>\n<td style=\"text-align: center\" data-sheets-value=\"{&quot;1&quot;:3,&quot;3&quot;:420}\">420<\/td>\n<td data-sheets-value=\"{&quot;1&quot;:2,&quot;2&quot;:&quot;1050\u00a1\u00abC\/0.5h\/WQ&quot;}\">\n<div>\n<div style=\"text-align: center\">1050\u00a1\u00abC\/0.5h\/WQ<\/div>\n<\/div>\n<\/td>\n<\/tr>\n<\/tbody>\n<\/table>\n<\/div>\n<h2>\u6a5f\u68b0\u7684\u6319\u52d5<\/h2>\n<div>\n<table>\n<tbody>\n<tr>\n<td style=\"text-align: center\" data-sheets-value=\"{&quot;1&quot;:2,&quot;2&quot;:&quot;Trademark&quot;}\">\u5546\u6a19<\/td>\n<td style=\"text-align: center\" data-sheets-value=\"{&quot;1&quot;:2,&quot;2&quot;:&quot;Hardness(HRC)&quot;}\">\u786c\u5ea6(HRC)<\/td>\n<td style=\"text-align: center\" data-sheets-value=\"{&quot;1&quot;:2,&quot;2&quot;:&quot;Tensile strength (\u00bf\u00bcb\/Mpa)&quot;}\">\u5f15\u5f35\u5f37\u3055(\u00bf\u00bcb\/Mpa)<\/td>\n<td style=\"text-align: center\" data-sheets-value=\"{&quot;1&quot;:2,&quot;2&quot;:&quot;Yield strength (\u00bf\u00bcp0.2\/Mpa)&quot;}\">\u964d\u4f0f\u5f37\u5ea6\uff08\u00bf\u00bcp0.2\/Mpa\uff09<\/td>\n<td style=\"text-align: center\" data-sheets-value=\"{&quot;1&quot;:2,&quot;2&quot;:&quot;Elongation (\u00d1\u00b45\/%)&quot;}\">\n<div>\n<div style=\"text-align: center\">\u4f38\u7387 \uff08\u00d1\u00b45\/\uff05\uff09<\/div>\n<\/div>\n<\/td>\n<\/tr>\n<tr>\n<td style=\"text-align: center\" data-sheets-value=\"{&quot;1&quot;:2,&quot;2&quot;:&quot;316L&quot;}\">316L<\/td>\n<td style=\"text-align: center\" data-sheets-value=\"{&quot;1&quot;:2,&quot;2&quot;:&quot;13-15&quot;}\">13-15<\/td>\n<td style=\"text-align: center\" data-sheets-value=\"{&quot;1&quot;:3,&quot;3&quot;:650}\">650<\/td>\n<td style=\"text-align: center\" data-sheets-value=\"{&quot;1&quot;:3,&quot;3&quot;:550}\">550<\/td>\n<td style=\"text-align: center\" data-sheets-value=\"{&quot;1&quot;:3,&quot;3&quot;:45}\">45<\/td>\n<\/tr>\n<tr>\n<td style=\"text-align: center\" data-sheets-value=\"{&quot;1&quot;:2,&quot;2&quot;:&quot;17-4PH&quot;}\">17-4PH<\/td>\n<td style=\"text-align: center\" data-sheets-value=\"{&quot;1&quot;:2,&quot;2&quot;:&quot;32-42&quot;}\">32-42<\/td>\n<td style=\"text-align: center\" data-sheets-value=\"{&quot;1&quot;:3,&quot;3&quot;:1310}\">1310<\/td>\n<td style=\"text-align: center\" data-sheets-value=\"{&quot;1&quot;:3,&quot;3&quot;:1175}\">1175<\/td>\n<td style=\"text-align: center\" data-sheets-value=\"{&quot;1&quot;:3,&quot;3&quot;:13}\">13<\/td>\n<\/tr>\n<tr>\n<td style=\"text-align: center\" data-sheets-value=\"{&quot;1&quot;:3,&quot;3&quot;:420}\">420<\/td>\n<td style=\"text-align: center\" data-sheets-value=\"{&quot;1&quot;:2,&quot;2&quot;:&quot;48-52&quot;}\">48-52<\/td>\n<td style=\"text-align: center\" data-sheets-value=\"{&quot;1&quot;:3,&quot;3&quot;:1950}\">1950<\/td>\n<td style=\"text-align: center\" data-sheets-value=\"{&quot;1&quot;:3,&quot;3&quot;:1530}\">1530<\/td>\n<td style=\"text-align: center\" data-sheets-value=\"{&quot;1&quot;:3,&quot;3&quot;:7}\">7<\/td>\n<\/tr>\n<\/tbody>\n<\/table>\n<\/div>\n<h2>\u5316\u5b66\u7d44\u6210\u7bc4\u56f2\uff08wt,-%\uff09<\/h2>\n<div>\n<table>\n<tbody>\n<tr>\n<td style=\"text-align: center\" data-sheets-value=\"{&quot;1&quot;:2,&quot;2&quot;:&quot;Trademark&quot;}\"><strong>\u5546\u6a19<\/strong><\/td>\n<td style=\"text-align: center\" data-sheets-value=\"{&quot;1&quot;:2,&quot;2&quot;:&quot;C&quot;}\"><strong>Certainly! The text \"C\" can be translated to Japanese as \"\u30b7\u30fc\".<\/strong><\/td>\n<td style=\"text-align: center\" data-sheets-value=\"{&quot;1&quot;:2,&quot;2&quot;:&quot;Cr&quot;}\"><strong>Cr<\/strong><\/td>\n<td style=\"text-align: center\" data-sheets-value=\"{&quot;1&quot;:2,&quot;2&quot;:&quot;Ni&quot;}\"><strong>\u3044\u3044\u3048<\/strong><\/td>\n<td style=\"text-align: center\" data-sheets-value=\"{&quot;1&quot;:2,&quot;2&quot;:&quot;Cu&quot;}\"><strong>Cu<\/strong><\/td>\n<td style=\"text-align: center\" data-sheets-value=\"{&quot;1&quot;:2,&quot;2&quot;:&quot;Nb&quot;}\"><strong>\u30cb\u30aa\u30d6<\/strong><\/td>\n<td style=\"text-align: center\" data-sheets-value=\"{&quot;1&quot;:2,&quot;2&quot;:&quot;Mo&quot;}\"><strong>Mo<\/strong><\/td>\n<\/tr>\n<tr>\n<td style=\"text-align: center\" data-sheets-value=\"{&quot;1&quot;:2,&quot;2&quot;:&quot;316L&quot;}\">316L<\/td>\n<td style=\"text-align: center\" data-sheets-value=\"{&quot;1&quot;:2,&quot;2&quot;:&quot;\u00a8P0.03&quot;}\">\u00a8P0.03<\/td>\n<td style=\"text-align: center\" data-sheets-value=\"{&quot;1&quot;:2,&quot;2&quot;:&quot;16.00-18.00&quot;}\">16.00-18.00<\/td>\n<td style=\"text-align: center\" data-sheets-value=\"{&quot;1&quot;:2,&quot;2&quot;:&quot;10.00-14.00&quot;}\">10.00-14.00<\/td>\n<td style=\"text-align: center\" data-sheets-value=\"{&quot;1&quot;:2,&quot;2&quot;:&quot;-&quot;}\">&#8211;<\/td>\n<td style=\"text-align: center\" data-sheets-value=\"{&quot;1&quot;:2,&quot;2&quot;:&quot;-&quot;}\">&#8211;<\/td>\n<td style=\"text-align: center\" data-sheets-value=\"{&quot;1&quot;:2,&quot;2&quot;:&quot;2.00-3.00&quot;}\">2.00-3.00<\/td>\n<\/tr>\n<tr>\n<td style=\"text-align: center\" data-sheets-value=\"{&quot;1&quot;:2,&quot;2&quot;:&quot;17-4PH&quot;}\">17-4PH<\/td>\n<td style=\"text-align: center\" data-sheets-value=\"{&quot;1&quot;:2,&quot;2&quot;:&quot;\u00a8P0.03&quot;}\">\u00a8P0.03<\/td>\n<td style=\"text-align: center\" data-sheets-value=\"{&quot;1&quot;:2,&quot;2&quot;:&quot;15.5-17.5&quot;}\">15.5-17.5<\/td>\n<td style=\"text-align: center\" data-sheets-value=\"{&quot;1&quot;:2,&quot;2&quot;:&quot;3.00-5.00&quot;}\">3.00-5.00<\/td>\n<td style=\"text-align: center\" data-sheets-value=\"{&quot;1&quot;:2,&quot;2&quot;:&quot;3.00-5.00&quot;}\">3.00-5.00<\/td>\n<td style=\"text-align: center\" data-sheets-value=\"{&quot;1&quot;:2,&quot;2&quot;:&quot;0.15-0.45&quot;}\">0.15-0.45<\/td>\n<td style=\"text-align: center\" data-sheets-value=\"{&quot;1&quot;:2,&quot;2&quot;:&quot;-&quot;}\">&#8211;<\/td>\n<\/tr>\n<tr>\n<td style=\"text-align: center\" data-sheets-value=\"{&quot;1&quot;:3,&quot;3&quot;:420}\">420<\/td>\n<td style=\"text-align: center\" data-sheets-value=\"{&quot;1&quot;:2,&quot;2&quot;:&quot;0.35-0.45&quot;}\">0.35-0.45<\/td>\n<td style=\"text-align: center\" data-sheets-value=\"{&quot;1&quot;:2,&quot;2&quot;:&quot;12.00-14.00&quot;}\">12.00-14.00<\/td>\n<td style=\"text-align: center\" data-sheets-value=\"{&quot;1&quot;:2,&quot;2&quot;:&quot;\u00a8P0.6&quot;}\">\u00a8P0.6<\/td>\n<td style=\"text-align: center\" data-sheets-value=\"{&quot;1&quot;:2,&quot;2&quot;:&quot;-&quot;}\">&#8211;<\/td>\n<td style=\"text-align: center\" data-sheets-value=\"{&quot;1&quot;:2,&quot;2&quot;:&quot;\u00a8P0.20&quot;}\">\uffe520<\/td>\n<td style=\"text-align: center\" data-sheets-value=\"{&quot;1&quot;:2,&quot;2&quot;:&quot;\u00a8P0.20&quot;}\">\uffe520<\/td>\n<\/tr>\n<tr>\n<td style=\"text-align: center\" data-sheets-value=\"{&quot;1&quot;:2,&quot;2&quot;:&quot;Trademark&quot;}\"><strong>\u5546\u6a19<\/strong><\/td>\n<td style=\"text-align: center\" data-sheets-value=\"{&quot;1&quot;:2,&quot;2&quot;:&quot;Si&quot;}\"><strong>\u306f\u3044<\/strong><\/td>\n<td style=\"text-align: center\" data-sheets-value=\"{&quot;1&quot;:2,&quot;2&quot;:&quot;Mn&quot;}\"><strong>Mn<\/strong><\/td>\n<td style=\"text-align: center\" data-sheets-value=\"{&quot;1&quot;:2,&quot;2&quot;:&quot;S&quot;}\"><strong>The text \"S\" doesn't provide any context or meaning to translate. Could you please provide a sentence or phrase that you'd like translated into Japanese?<\/strong><\/td>\n<td style=\"text-align: center\" data-sheets-value=\"{&quot;1&quot;:2,&quot;2&quot;:&quot;P&quot;}\"><strong>The text \"P\" doesn't provide any context for translation. Could you please provide the text you'd like to be translated into Japanese?<\/strong><\/td>\n<td style=\"text-align: center\" data-sheets-value=\"{&quot;1&quot;:2,&quot;2&quot;:&quot;O&quot;}\"><strong>The text \"O\" in English does not have a direct translation to Japanese as it is a single-letter word that doesn't carry a specific meaning on its own. However, if you are referring to \"O\" as a vocative particle or honorific prefix in Japanese, it can be translated as \"\u304a\" (pronounced as \"o\" in romanized Japanese).<\/strong><\/td>\n<td style=\"text-align: center\" data-sheets-value=\"{&quot;1&quot;:2,&quot;2&quot;:&quot;Fe&quot;}\"><strong>The text \"F\" doesn't provide much context to accurately translate. Could you please provide more information or clarify what you'd like to be translated into Japanese?<\/strong>The text \"e\" doesn't provide any context for translation. Could you please provide the text you'd like translated to Japanese?<\/td>\n<\/tr>\n<tr>\n<td style=\"text-align: center\" data-sheets-value=\"{&quot;1&quot;:2,&quot;2&quot;:&quot;316L&quot;}\">316L<\/td>\n<td style=\"text-align: center\" data-sheets-value=\"{&quot;1&quot;:2,&quot;2&quot;:&quot;\u00a8P1.00&quot;}\">\u00a8P1.00<\/td>\n<td style=\"text-align: center\" data-sheets-value=\"{&quot;1&quot;:2,&quot;2&quot;:&quot;\u00a8P2.00&quot;}\">\u00a8P2.00<\/td>\n<td style=\"text-align: center\" data-sheets-value=\"{&quot;1&quot;:2,&quot;2&quot;:&quot;\u00a8P0.03&quot;}\">\u00a8P0.03<\/td>\n<td style=\"text-align: center\" data-sheets-value=\"{&quot;1&quot;:2,&quot;2&quot;:&quot;\u00a8P0.045&quot;}\">\u00a8P0.045<\/td>\n<td style=\"text-align: center\" data-sheets-value=\"{&quot;1&quot;:2,&quot;2&quot;:&quot;\u00a8P0.08&quot;}\">\u00a8P0.08<\/td>\n<td style=\"text-align: center\" data-sheets-value=\"{&quot;1&quot;:2,&quot;2&quot;:&quot;Bal&quot;}\">\u30dc\u30fc\u30eb<\/td>\n<\/tr>\n<tr>\n<td style=\"text-align: center\" data-sheets-value=\"{&quot;1&quot;:2,&quot;2&quot;:&quot;17-4PH&quot;}\">17-4PH<\/td>\n<td style=\"text-align: center\" data-sheets-value=\"{&quot;1&quot;:2,&quot;2&quot;:&quot;\u00a8P1.00&quot;}\">\u00a8P1.00<\/td>\n<td style=\"text-align: center\" data-sheets-value=\"{&quot;1&quot;:2,&quot;2&quot;:&quot;\u00a8P1.00&quot;}\">\u00a8P1.00<\/td>\n<td style=\"text-align: center\" data-sheets-value=\"{&quot;1&quot;:2,&quot;2&quot;:&quot;\u00a8P0.03&quot;}\">\u00a8P0.03<\/td>\n<td style=\"text-align: center\" data-sheets-value=\"{&quot;1&quot;:2,&quot;2&quot;:&quot;\u00a8P0.03&quot;}\">\u00a8P0.03<\/td>\n<td style=\"text-align: center\" data-sheets-value=\"{&quot;1&quot;:2,&quot;2&quot;:&quot;\u00a8P0.03&quot;}\">\u00a8P0.03<\/td>\n<td style=\"text-align: center\" data-sheets-value=\"{&quot;1&quot;:2,&quot;2&quot;:&quot;Bal&quot;}\">\u30dc\u30fc\u30eb<\/td>\n<\/tr>\n<tr>\n<td style=\"text-align: center\" data-sheets-value=\"{&quot;1&quot;:3,&quot;3&quot;:420}\">420<\/td>\n<td style=\"text-align: center\" data-sheets-value=\"{&quot;1&quot;:2,&quot;2&quot;:&quot;\u00a8P1.00&quot;}\">\u00a8P1.00<\/td>\n<td style=\"text-align: center\" data-sheets-value=\"{&quot;1&quot;:2,&quot;2&quot;:&quot;\u00a8P1.00&quot;}\">\u00a8P1.00<\/td>\n<td style=\"text-align: center\" data-sheets-value=\"{&quot;1&quot;:2,&quot;2&quot;:&quot;\u00a8P0.03&quot;}\">\u00a8P0.03<\/td>\n<td style=\"text-align: center\" data-sheets-value=\"{&quot;1&quot;:2,&quot;2&quot;:&quot;\u00a8P0.045&quot;}\">\u00a8P0.045<\/td>\n<td style=\"text-align: center\" data-sheets-value=\"{&quot;1&quot;:2,&quot;2&quot;:&quot;\u00a8P0.03&quot;}\">\u00a8P0.03<\/td>\n<td style=\"text-align: center\" data-sheets-value=\"{&quot;1&quot;:2,&quot;2&quot;:&quot;Bal&quot;}\">\u30dc\u30fc\u30eb<\/td>\n<\/tr>\n<\/tbody>\n<\/table>\n<\/div>\n<p>&nbsp;<\/span><\/span><\/p>","protected":false},"excerpt":{"rendered":"<p>316L\u306f\u30aa\u30fc\u30b9\u30c6\u30ca\u30a4\u30c8\u7cfb\u30b9\u30c6\u30f3\u30ec\u30b9\u92fc\u3067\u3042\u308b\u300217-4PH\u306f\u30de\u30eb\u30c6\u30f3\u30b5\u30a4\u30c8\u7cfb\u6790\u51fa\u786c\u5316\u30b9\u30c6\u30f3\u30ec\u30b9\u92fc\u3067\u3001\u9ad8\u5f37\u5ea6\u3001\u9ad8\u786c\u5ea6\u3001\u9ad8\u8010\u98df\u6027\u3092\u6709\u3059\u308b\u3002420\u306f\u30de\u30eb\u30c6\u30f3\u30b5\u30a4\u30c8\u7cfb\u30b9\u30c6\u30f3\u30ec\u30b9\u92fc\u3067\u3001\u826f\u597d\u306a\u6a5f\u68b0\u7684\u6027\u8cea\u3001\u71b1\u4f1d\u5c0e\u6027\u3001\u91d1\u578b\u92fc\u306b\u985e\u4f3c\u3057\u305f\u7814\u78e8\u7279\u6027\u3092\u6709\u3057\u3001\u826f\u597d\u306a\u8010\u98df\u6027\u3092\u7dad\u6301\u3057\u3066\u3044\u307e\u3059\u3002\u7269\u6027 \u5546\u6a19 \u30b5\u30a4\u30ba\u7bc4\u56f2 \u30b5\u30a4\u30ba\u5206\u5e03 \u30db\u30fc\u30eb\u30d5\u30ed\u30fc\u7387 \u304b\u3055\u5bc6\u5ea6 \u30bf\u30c3\u30d7\u5bc6\u5ea6 D10(\u00c3\u00d7m) D50(\u00c3\u00d7m) D90(\u00c3\u00d7m) 316L 15-53\u00c3\u00d7m 17-23 30-38 50-58 25s\/50g 4.0g\/cm3 4.5g\/cm3 17-4PH 15-53\u00c3\u00d7m 4.0g\/cm3 4.5g\/cm3 420 15-53\u00c3\u00d7m 4.0g\/cm3 4.5g\/cm3 \u71b1\u51e6\u7406\u63a8\u5968\u4e8b\u9805 \u5546\u6a19 \u71b1\u51e6\u7406\u63a8\u5968\u4e8b\u9805 316L 1050\u00cd\/2h\/WQ 17-4PH 1040\u00a1\"C\/2h +480\u00a1\"C\/4h 420 1050\u00a1\"C\/0.5h\/WQ \u6a5f\u68b0\u7684\u6319\u52d5 \u5546\u6a19 \u786c\u5ea6(HRC) \u5f15\u5f35\u5f37\u3055(\u00bf\u00bcb\/Mpa) \u964d\u4f0f...<\/p>","protected":false},"featured_media":1871,"parent":0,"template":"","meta":{"_acf_changed":false,"_kad_blocks_custom_css":"","_kad_blocks_head_custom_js":"","_kad_blocks_body_custom_js":"","_kad_blocks_footer_custom_js":"","_kad_post_transparent":"","_kad_post_title":"","_kad_post_layout":"","_kad_post_sidebar_id":"","_kad_post_content_style":"","_kad_post_vertical_padding":"","_kad_post_feature":"","_kad_post_feature_position":"","_kad_post_header":false,"_kad_post_footer":false,"_kad_post_classname":""},"product-category":[119,122],"class_list":["post-3937","product","type-product","status-publish","has-post-thumbnail","hentry","product-category-3d-printing-metal-powder","product-category-iron-based-alloy-powder"],"acf":[],"taxonomy_info":{"product-category":[{"value":119,"label":"3D Printing Metal Powder"},{"value":122,"label":"Iron Based Alloy Powder"}]},"featured_image_src_large":["https:\/\/3dpmetal.com\/wp-content\/uploads\/2024\/02\/420-powder.jpg",600,600,false],"author_info":[],"comment_info":"","_links":{"self":[{"href":"https:\/\/3dpmetal.com\/ja\/wp-json\/wp\/v2\/product\/3937","targetHints":{"allow":["GET"]}}],"collection":[{"href":"https:\/\/3dpmetal.com\/ja\/wp-json\/wp\/v2\/product"}],"about":[{"href":"https:\/\/3dpmetal.com\/ja\/wp-json\/wp\/v2\/types\/product"}],"wp:featuredmedia":[{"embeddable":true,"href":"https:\/\/3dpmetal.com\/ja\/wp-json\/wp\/v2\/media\/1871"}],"wp:attachment":[{"href":"https:\/\/3dpmetal.com\/ja\/wp-json\/wp\/v2\/media?parent=3937"}],"wp:term":[{"taxonomy":"product-category","embeddable":true,"href":"https:\/\/3dpmetal.com\/ja\/wp-json\/wp\/v2\/product-category?post=3937"}],"curies":[{"name":"wp","href":"https:\/\/api.w.org\/{rel}","templated":true}]}}