{"id":3863,"date":"2024-03-18T06:10:08","date_gmt":"2024-03-18T06:10:08","guid":{"rendered":"https:\/\/3dp.45612300.xyz\/product\/best-18ni300-powder-for-3d-printing\/"},"modified":"2024-03-18T06:10:08","modified_gmt":"2024-03-18T06:10:08","slug":"best-18ni300-powder-for-3d-printing","status":"publish","type":"product","link":"https:\/\/3dpmetal.com\/ko\/product\/best-18ni300-powder-for-3d-printing\/","title":{"rendered":"3D \ud504\ub9b0\ud305\uc744 \uc704\ud55c \ucd5c\uace0\uc758 18Ni300 \ud30c\uc6b0\ub354"},"content":{"rendered":"<p><span style=\"vertical-align: inherit;\"><span style=\"vertical-align: inherit;\"><\/p>\n<div>\n<table>\n<tbody>\n<tr>\n<td data-sheets-value=\"{&quot;1&quot;:2,&quot;2&quot;:&quot;No&quot;}\"><strong>\ub124<\/strong><\/td>\n<td data-sheets-value=\"{&quot;1&quot;:2,&quot;2&quot;:&quot;Name&quot;}\"><strong>\uc774\ub984<\/strong><\/td>\n<td data-sheets-value=\"{&quot;1&quot;:2,&quot;2&quot;:&quot;Chemical Composition(wt%)&quot;}\"><strong>\ud654\ud559 \uc870\uc131(\uc911\ub7c9 %)<\/strong><\/td>\n<\/tr>\n<tr>\n<td data-sheets-value=\"{&quot;1&quot;:3,&quot;3&quot;:1}\">1<\/td>\n<td data-sheets-value=\"{&quot;1&quot;:2,&quot;2&quot;:&quot;18Ni300&quot;}\">18Ni300\ub97c \ud55c\uad6d\uc5b4\ub85c \ubc88\uc5ed\ud558\uba74 \"18\ub2c8\ucf08300\"\uc785\ub2c8\ub2e4.<\/td>\n<td data-sheets-value=\"{&quot;1&quot;:2,&quot;2&quot;:&quot;Ni17-19\u00a8\u00dbMo4.5-5.2\u00a8\u00dbCo8.5-9.5\u00a8\u00dbTi0.6-0.8\u00a8\u00dbAl0.05-0.15\u00a8\u00dbFe(Bal.)&quot;}\">Ni17-19\u00a8\u00dbMo4.5-5.2\u00a8\u00dbCo8.5-9.5\u00a8\u00dbTi0.6-0.8\u00a8\u00dbAl0.05-0.15\u00a8\u00dbFe(Bal.)<\/td>\n<\/tr>\n<tr>\n<td data-sheets-value=\"{&quot;1&quot;:3,&quot;3&quot;:2}\">2<\/td>\n<td data-sheets-value=\"{&quot;1&quot;:2,&quot;2&quot;:&quot;Hastelloy Alloy&quot;}\">\ud5e4\uc774\uc2a4\ud154\ub85c\uc774 \ud569\uae08<\/td>\n<td data-sheets-value=\"{&quot;1&quot;:2,&quot;2&quot;:&quot;Fe17-20\u00a8\u00dbCr20.5-23\u00a8\u00dbMo8-10\u00a8\u00dbW0.2-1\u00a8\u00dbCo0.5-2.5\u00a8\u00dbC0.05-0.15\u00a8\u00dbNi(Bal.)&quot;}\">Fe17-20\u00a8\u00dbCr20.5-23\u00a8\u00dbMo8-10\u00a8\u00dbW0.2-1\u00a8\u00dbCo0.5-2.5\u00a8\u00dbC0.05-0.15\u00a8\u00dbNi(Bal.)<\/td>\n<\/tr>\n<tr>\n<td data-sheets-value=\"{&quot;1&quot;:3,&quot;3&quot;:3}\">3<\/td>\n<td data-sheets-value=\"{&quot;1&quot;:2,&quot;2&quot;:&quot;AlSi10Mg&quot;}\">AlSi10Mg<\/td>\n<td data-sheets-value=\"{&quot;1&quot;:2,&quot;2&quot;:&quot;Si9-11\u00a8\u00dbMg0.2-0.45\u00a8\u00dbAl(Bal.)&quot;}\">Si9-11\u00a8\u00dbMg0.2-0.45\u00a8\u00dbAl(Bal.)\uc744 \ud55c\uad6d\uc5b4\ub85c \ubc88\uc5ed\ud558\uba74 \ub2e4\uc74c\uacfc \uac19\uc2b5\ub2c8\ub2e4: \n\nSi9-11\u00a8\u00dbMg0.2-0.45\u00a8\u00dbAl(\uc794\ub7c9)<\/td>\n<\/tr>\n<tr>\n<td data-sheets-value=\"{&quot;1&quot;:3,&quot;3&quot;:4}\">4<\/td>\n<td data-sheets-value=\"{&quot;1&quot;:2,&quot;2&quot;:&quot;CoCrW&quot;}\">\ucf54\ud06c\ub85c\ubbb4\uc644\ub8cc\ub9bc\ub284(CoCrW)<\/td>\n<td data-sheets-value=\"{&quot;1&quot;:2,&quot;2&quot;:&quot;Cr26.5-29\u00a8\u00dbW7-9\u00a8\u00dbSi1.2-1.9\u00a8\u00dbCo(Bal.)&quot;}\">Cr26.5-29\u00a8\u00dbW7-9\u00a8\u00dbSi1.2-1.9\u00a8\u00dbCo(Bal.)<\/td>\n<\/tr>\n<tr>\n<td data-sheets-value=\"{&quot;1&quot;:3,&quot;3&quot;:5}\">5<\/td>\n<td data-sheets-value=\"{&quot;1&quot;:2,&quot;2&quot;:&quot;Co28Cr6Mo&quot;}\">Co28Cr6Mo\ub97c \ud55c\uad6d\uc5b4\ub85c \ubc88\uc5ed\ud558\uba74 \"\ucf54\ubc1c\ud2b8 28\ud06c\ub86c 6\ubab0\ub9ac\ube0c\ub374\"\uc785\ub2c8\ub2e4.<\/td>\n<td data-sheets-value=\"{&quot;1&quot;:2,&quot;2&quot;:&quot;Cr27-29\u00a8\u00dbMo5-7\u00a8\u00dbCo(Bal.)&quot;}\">Cr27-29\u00a8\u00dbMo5-7\u00a8\u00dbCo(Bal.)<\/td>\n<\/tr>\n<tr>\n<td data-sheets-value=\"{&quot;1&quot;:3,&quot;3&quot;:6}\">6<\/td>\n<td data-sheets-value=\"{&quot;1&quot;:2,&quot;2&quot;:&quot;Spherical Ti Powder&quot;}\">\uad6c \ud615\ud0dc\uc758 \ud2f0\ud0c0\ub284 \ubd84\ub9d0<\/td>\n<td data-sheets-value=\"{&quot;1&quot;:2,&quot;2&quot;:&quot;Ti\u00a1\u00d499.9&quot;}\">Sure, the text \"Ti\u00a1\u00d499.9\" could be translated to Korean as \"\ud2f0\u00a1\u00d499.9\". However, it's worth noting that \"Ti\u00a1\u00d499.9\" doesn't have a clear meaning in English, so the translation might not convey any specific message in Korean either.<\/td>\n<\/tr>\n<tr>\n<td data-sheets-value=\"{&quot;1&quot;:3,&quot;3&quot;:7}\">7<\/td>\n<td data-sheets-value=\"{&quot;1&quot;:2,&quot;2&quot;:&quot;TC4&quot;}\">TC4\ub97c \ud55c\uad6d\uc5b4\ub85c \ubc88\uc5ed\ud558\uba74 \"TC4\"\uc785\ub2c8\ub2e4.<\/td>\n<td data-sheets-value=\"{&quot;1&quot;:2,&quot;2&quot;:&quot;Al5.5-6.8\u00a8\u00dbV3.5-4.5\u00a8\u00dbTi(Bal.)&quot;}\">Al5.5-6.8\u00a8\u00dbV3.5-4.5\u00a8\u00dbTi(Bal.)<\/td>\n<\/tr>\n<tr>\n<td data-sheets-value=\"{&quot;1&quot;:3,&quot;3&quot;:8}\">8<\/td>\n<td data-sheets-value=\"{&quot;1&quot;:2,&quot;2&quot;:&quot;TA15&quot;}\">TA15\ub97c \ud55c\uad6d\uc5b4\ub85c \ubc88\uc5ed\ud558\uba74 \"TA15\"\uc785\ub2c8\ub2e4. \uc774\uac83\uc740 \ud2b9\uc815\ud55c \uc758\ubbf8\ub098 \ub0b4\uc6a9\uc774 \uc788\ub294 \ubb38\uad6c\uc778\uc9c0 \ud655\uc778\ud560 \uc218 \uc5c6\uc2b5\ub2c8\ub2e4.<\/td>\n<td data-sheets-value=\"{&quot;1&quot;:2,&quot;2&quot;:&quot;Al5.5-7.1\u00a8\u00dbV0.8-2.5\u00a8\u00dbMo0.8-2\u00a8\u00dbZr1.5-2.5\u00a8\u00dbAl(Bal.)&quot;}\">Al5.5-7.1\u00a8\u00dbV0.8-2.5\u00a8\u00dbMo0.8-2\u00a8\u00dbZr1.5-2.5\u00a8\u00dbAl(Bal.)<\/td>\n<\/tr>\n<tr>\n<td data-sheets-value=\"{&quot;1&quot;:3,&quot;3&quot;:9}\">9<\/td>\n<td data-sheets-value=\"{&quot;1&quot;:2,&quot;2&quot;:&quot;316L&quot;}\">316L<\/td>\n<td data-sheets-value=\"{&quot;1&quot;:2,&quot;2&quot;:&quot;Cr16.00-18.00\u00a8\u00db Ni10.00-14.00\u00a8\u00dbMo2.00-3.00\u00a8\u00dbFe(Bal.)&quot;}\">Cr16.00-18.00\u00a8\u00db Ni10.00-14.00\u00a8\u00dbMo2.00-3.00\u00a8\u00dbFe(Bal.)<\/td>\n<\/tr>\n<tr>\n<td data-sheets-value=\"{&quot;1&quot;:3,&quot;3&quot;:10}\">10<\/td>\n<td data-sheets-value=\"{&quot;1&quot;:2,&quot;2&quot;:&quot;S136&quot;}\">\"S136\"\ub97c \ud55c\uad6d\uc5b4\ub85c \ubc88\uc5ed\ud558\uba74 \"\uc5d0\uc2a4136\"\uc785\ub2c8\ub2e4.<\/td>\n<td data-sheets-value=\"{&quot;1&quot;:2,&quot;2&quot;:&quot;Cr12.0-14.0\u00a8\u00dbSi0.8-1.0\u00a8\u00dbV0.15-0.4\u00a8\u00dbC0.2-0.45\u00a8\u00dbFe(Bal.)&quot;}\">Cr12.0-14.0\u00a8\u00dbSi0.8-1.0\u00a8\u00dbV0.15-0.4\u00a8\u00dbC0.2-0.45\u00a8\u00dbFe(Bal.)<\/td>\n<\/tr>\n<tr>\n<td data-sheets-value=\"{&quot;1&quot;:3,&quot;3&quot;:11}\">11<\/td>\n<td data-sheets-value=\"{&quot;1&quot;:2,&quot;2&quot;:&quot;In625&quot;}\">Sure, \"In625\" translated to Korean is \"\uc778625\".<\/td>\n<td data-sheets-value=\"{&quot;1&quot;:2,&quot;2&quot;:&quot;Cr20-23 , Mo8-10 , Nb 3.15-4.15 , Co\u00a8P1, Fe\u00a8P1 , Ni (bal.)&quot;}\">Cr20-23, Mo8-10, Nb 3.15-4.15, Co\u00a8P1, Fe\u00a8P1, Ni(bal.)<\/td>\n<\/tr>\n<tr>\n<td data-sheets-value=\"{&quot;1&quot;:3,&quot;3&quot;:12}\">12<\/td>\n<td data-sheets-value=\"{&quot;1&quot;:2,&quot;2&quot;:&quot;In718&quot;}\">In718\uc744 \ud55c\uad6d\uc5b4\ub85c \ubc88\uc5ed\ud558\uba74 \"\uc778718\"\uc785\ub2c8\ub2e4.<\/td>\n<td data-sheets-value=\"{&quot;1&quot;:2,&quot;2&quot;:&quot;Cr17-21 , Mo2.8-3.3 , Nb 4.75-5.5 , Co\u00a8P1, Ni50-51 , Fe(Bal.)&quot;}\">Cr17-21 , Mo2.8-3.3 , Nb 4.75-5.5 , Co\u00a8P1, Ni50-51 , Fe(Bal.)<\/td>\n<\/tr>\n<tr>\n<td data-sheets-value=\"{&quot;1&quot;:3,&quot;3&quot;:13}\">13<\/td>\n<td data-sheets-value=\"{&quot;1&quot;:2,&quot;2&quot;:&quot;Spherica WC&quot;}\">\uc2a4\ud53c\ub9ac\uce74 \ud654\uc7a5\uc2e4<\/td>\n<td data-sheets-value=\"{&quot;1&quot;:2,&quot;2&quot;:&quot;C3.7-4.2\u00a8\u00dbW(Bal.)&quot;}\">C3.7-4.2\u00a8\u00dbW(Bal.)<\/td>\n<\/tr>\n<tr>\n<td data-sheets-value=\"{&quot;1&quot;:3,&quot;3&quot;:14}\">14<\/td>\n<td data-sheets-value=\"{&quot;1&quot;:2,&quot;2&quot;:&quot;Spherical Cr Powder&quot;}\">\uad6c \ud615\ud0dc\uc758 \ud06c\ub86c \ubd84\ub9d0 (Spherical Cr Powder)<\/td>\n<td data-sheets-value=\"{&quot;1&quot;:2,&quot;2&quot;:&quot;Cr\u00a1\u00d499.9&quot;}\">Sure, the text \"Cr\u00a1\u00d499.9\" seems to be a bit garbled or encoded. If you could provide some context or clarify the meaning, I'll be happy to translate it into Korean for you.<\/td>\n<\/tr>\n<tr>\n<td data-sheets-value=\"{&quot;1&quot;:3,&quot;3&quot;:15}\">15<\/td>\n<td data-sheets-value=\"{&quot;1&quot;:2,&quot;2&quot;:&quot;Spherica Mo Powder&quot;}\">\uc2a4\ud53c\uc5b4\ub9ac\uce74 \ubaa8 \uac00\ub8e8<\/td>\n<td data-sheets-value=\"{&quot;1&quot;:2,&quot;2&quot;:&quot;Mo\u00a1\u00d499.9&quot;}\">The text \"Mo\u00a1\u00d499.9\" doesn't seem to be in a recognizable language. Could you please provide more context or clarify the text so I can assist with a more accurate translation?<\/td>\n<\/tr>\n<tr>\n<td data-sheets-value=\"{&quot;1&quot;:3,&quot;3&quot;:16}\">16<\/td>\n<td data-sheets-value=\"{&quot;1&quot;:2,&quot;2&quot;:&quot;Spherica Ta Powder&quot;}\">\uad6c\uccb4\uc801\uc778 \ud0c0 \ud30c\uc6b0\ub354 (Spherica \ud0c0 \ud30c\uc6b0\ub354)<\/td>\n<td data-sheets-value=\"{&quot;1&quot;:2,&quot;2&quot;:&quot;Ta\u00a1\u00d499.9&quot;}\">The text \"Ta\u00a1\u00d499.9\" doesn't seem to be in a recognizable language or format. Could you provide more context or clarify the text?<\/td>\n<\/tr>\n<tr>\n<td data-sheets-value=\"{&quot;1&quot;:3,&quot;3&quot;:17}\">17<\/td>\n<td data-sheets-value=\"{&quot;1&quot;:2,&quot;2&quot;:&quot;Spherica W Powder&quot;}\">\uc2a4\ud398\ub9ac\uce74 W \ubd84\ub9d0<\/td>\n<td data-sheets-value=\"{&quot;1&quot;:2,&quot;2&quot;:&quot;W\u00a1\u00d499.9&quot;}\">Sure, the text \"W\u00a1\u00d499.9\" doesn't seem to have a clear meaning or context in English. Could you provide more context or clarify what it is supposed to represent? That would help in providing an accurate translation.<\/td>\n<\/tr>\n<\/tbody>\n<\/table>\n<\/div>\n<p>&nbsp;<\/p>\n<p>18Ni300\uc740 \uc800\ud0c4\uc18c \ub9c8\uc9d5\uac15\uc73c\ub85c \uac15\ub3c4, \uc778\uc131 \ubc0f \ub0b4\ub9c8\ubaa8\uc131\uc774 \uae30\uc874 \uac15\uc7ac\ubcf4\ub2e4 \uc6b0\uc218\ud558\uc5ec \uc790\ub3d9\ucc28, \uc758\ub8cc \ubc0f \uae30\uacc4 \uc0b0\uc5c5\uc6a9 \ubd80\ud488\uc744 \ub9cc\ub4dc\ub294 \ub370 \uc790\uc8fc \uc0ac\uc6a9\ub429\ub2c8\ub2e4.<\/p>\n<p><strong>\uc81c\ud488 \ud2b9\uc131<\/strong><\/p>\n<ol>\n<li>\uc678\uad00: \ud68c\uc0c9 \ubd84\ub9d0<\/li>\n<li>\ud06c\uae30: 15-53um<\/li>\n<li>PSD: D10=17.8\u00c3\u00d7m\u00a8\u00dbD50=30.9\u00c3\u00d7m\u00a8\u00dbD90=51.5\u00c3\u00d7m<\/li>\n<li>\ucc38\uace0: \uace0\uac1d \uc694\uad6c \uc0ac\ud56d\uc5d0 \ub530\ub77c \ub2e4\ub978 3D \ud504\ub9b0\ud305 \ud30c\uc6b0\ub354\ub97c \uc0ac\uc6a9\ud560 \uc218 \uc788\uc2b5\ub2c8\ub2e4.<\/li>\n<\/ol>\n<p><img loading=\"lazy\" decoding=\"async\" class=\"size-medium wp-image-1391 aligncenter\" src=\"https:\/\/met3dp.com\/wp-content\/uploads\/2023\/09\/Ti22Al25Nb-Powder-300x269.png\" alt=\"18Ni300\ub97c \ud55c\uad6d\uc5b4\ub85c \ubc88\uc5ed\ud558\uba74 &quot;18\ub2c8\ucf08300&quot;\uc785\ub2c8\ub2e4.\" width=\"300\" height=\"269\" title=\"\"><\/p>\n<p><strong>18Ni300 \ubd84\ub9d0\uc758 \uad6c\uc131 \ubc0f \ud2b9\uc131<\/strong><\/p>\n<p>18Ni300 \ubd84\ub9d0\uc740 \uc77c\ubc18\uc801\uc73c\ub85c \uc57d 18% \ub2c8\ucf08, 14% \ud06c\ub86c, 4% \ubab0\ub9ac\ube0c\ub374, 2% \ub9dd\uac04\uc73c\ub85c \uad6c\uc131\ub429\ub2c8\ub2e4. \uc774\ub7ec\ud55c \uc694\uc18c\ub294 \uc2dc\ub108\uc9c0 \ud6a8\uacfc\ub97c \ubc1c\ud718\ud558\uc5ec \uc18c\uc7ac\uc758 \uc804\ubc18\uc801\uc778 \uc131\ub2a5\uc744 \ud5a5\uc0c1\uc2dc\ud0b5\ub2c8\ub2e4. \uc774 \ubd84\ub9d0\uc740 \ub192\uc740 \uc778\uc7a5 \uac15\ub3c4, \uc6b0\uc218\ud55c \ub0b4\ucda9\uaca9\uc131, \uc6b0\uc218\ud55c \ud53c\ub85c \uac15\ub3c4 \ub4f1 \ub6f0\uc5b4\ub09c \uae30\uacc4\uc801 \ud2b9\uc131\uc774 \ud2b9\uc9d5\uc785\ub2c8\ub2e4. \ub610\ud55c 18Ni300 \ubd84\ub9d0\uc740 \uc0b0\ud654, \uad6c\uba4d \ubc0f \ud2c8\uc0c8 \ubd80\uc2dd\uc5d0 \ub300\ud55c \uc800\ud56d\uc131\uc774 \ub6f0\uc5b4\ub098 \uc5f4\uc545\ud55c \ud658\uacbd\uc5d0 \ub9e4\uc6b0 \uc801\ud569\ud569\ub2c8\ub2e4.<\/p>\n<p><strong>18Ni300 \ubd84\ub9d0\uc758 \uc81c\uc870 \uacf5\uc815<\/strong><\/p>\n<p>18Ni300 \ubd84\ub9d0\uc758 \uc0dd\uc0b0\uc5d0\ub294 \ubcf5\uc7a1\ud55c \uc77c\ub828\uc758 \uc81c\uc870 \ub2e8\uacc4\uac00 \ud3ec\ud568\ub429\ub2c8\ub2e4. \ucc98\uc74c\uc5d0\ub294 \uc6d0\ub8cc\ub97c \uc2e0\uc911\ud558\uac8c \uc120\ud0dd\ud558\uace0 \uc6d0\ud558\ub294 \uc870\uc131\uc744 \uc5bb\uae30 \uc704\ud574 \uc138\uc2ec\ud558\uac8c \ud63c\ud569\ud569\ub2c8\ub2e4. \uadf8\ub7f0 \ub2e4\uc74c \uace0\uae09 \uc57c\uae08 \uae30\uc220\uc744 \uc0ac\uc6a9\ud558\uc5ec \ud1b5\uc81c\ub41c \ud658\uacbd\uc5d0\uc11c \ud63c\ud569\ubb3c\uc744 \ub179\uc785\ub2c8\ub2e4. \uc77c\ub2e8 \ub179\uc740 \ud569\uae08\uc740 \uc6d0\uc790\ud654\ub77c\ub294 \uacf5\uc815\uc744 \ud1b5\ud574 \ube60\ub974\uac8c \ub0c9\uac01\ub418\uc5b4 \ubbf8\uc138\ud55c \ubd84\ub9d0\uc744 \ud615\uc131\ud569\ub2c8\ub2e4. \uadf8\ub7f0 \ub2e4\uc74c \uacb0\uacfc \ubd84\ub9d0\uc744 \uc870\uc2ec\uc2a4\ub7fd\uac8c \uccb4\uc9c8\ud558\uace0 \ucc98\ub9ac\ud558\uc5ec \ubd88\uc21c\ubb3c\uc744 \uc81c\uac70\ud558\uc5ec \uace0\uc21c\ub3c4\uc758 \ucd5c\uc885 \uc81c\ud488\uc744 \ubcf4\uc7a5\ud569\ub2c8\ub2e4.<\/p>\n<p><strong>18Ni300 \ud30c\uc6b0\ub354\uc758 \uc751\uc6a9 \ubd84\uc57c<\/strong><\/p>\n<p>18Ni300 \ubd84\ub9d0\uc758 \ub2e4\uc6a9\ub3c4\uc131 \ub355\ubd84\uc5d0 \ub2e4\uc591\ud55c \uc0b0\uc5c5 \ubd84\uc57c\uc5d0\uc11c \ud65c\uc6a9\ud560 \uc218 \uc788\uc2b5\ub2c8\ub2e4. \ub2e4\uc74c\uc740 \uba87 \uac00\uc9c0 \ub300\ud45c\uc801\uc778 \uc751\uc6a9 \ubd84\uc57c\uc785\ub2c8\ub2e4:<\/p>\n<ol>\n<li>\ud56d\uacf5\uc6b0\uc8fc \uc0b0\uc5c5: \ud56d\uacf5\uc6b0\uc8fc \ubd84\uc57c\ub294 \uace0\uc131\ub2a5 \uc18c\uc7ac\uc5d0 \ub300\ud55c \uc758\uc874\ub3c4\uac00 \ub192\uc740\ub370, 18Ni300 \ubd84\ub9d0\uc740 \uc774\ub7ec\ud55c \uc694\uad6c\uc5d0 \uc644\ubcbd\ud558\uac8c \ubd80\ud569\ud569\ub2c8\ub2e4. \uc774 \uc18c\uc7ac\ub294 \ub6f0\uc5b4\ub09c \uc911\ub7c9 \ub300\ube44 \uac15\ub3c4 \ube44\uc728\uacfc \uace0\uc628\uc5d0 \ub300\ud55c \ub0b4\uc131\uc73c\ub85c \uc5d4\uc9c4 \ubd80\ud488, \ub79c\ub529 \uae30\uc5b4, \uad6c\uc870 \uc694\uc18c \ub4f1 \ud56d\uacf5\uae30 \ubd80\ud488 \uc81c\uc870\uc5d0 \uc0ac\uc6a9\ub429\ub2c8\ub2e4.<\/li>\n<li>\uc11d\uc720 \ubc0f \uac00\uc2a4 \uc0b0\uc5c5: \uae4c\ub2e4\ub85c\uc6b4 \uc11d\uc720 \ubc0f \uac00\uc2a4 \ubd84\uc57c\uc5d0\uc11c 18Ni300 \ubd84\ub9d0\uc740 \ubc38\ube0c, \ud38c\ud504 \ubc0f \ud30c\uc774\ud504\ub77c\uc778 \uc0dd\uc0b0\uc5d0 \ub110\ub9ac \uc0ac\uc6a9\ub429\ub2c8\ub2e4. \ub0b4\uc2dd\uc131\uc774 \ub6f0\uc5b4\ub098 \ubd80\uc2dd\uc131 \uc720\uccb4 \ubc0f \uac00\uc2a4 \ucde8\uae09\uc5d0 \ub9e4\uc6b0 \uc801\ud569\ud558\uc5ec \uc548\uc815\uc801\uc774\uace0 \uc624\ub798 \uc9c0\uc18d\ub418\ub294 \uc7a5\ube44\ub97c \ubcf4\uc7a5\ud569\ub2c8\ub2e4.<\/li>\n<li>\ud654\ud559 \uc0b0\uc5c5: \ud654\ud559 \ucc98\ub9ac \uacf5\uc7a5\uc740 \uc885\uc885 \ub3c5\ud55c \ud654\ud559 \ubb3c\uc9c8\uacfc \ubd80\uc2dd\uc131 \ud658\uacbd\uc744 \ub2e4\ub8f9\ub2c8\ub2e4. 18Ni300 \ubd84\ub9d0\uc740 \uac00\ud639\ud55c \ud654\ud559\uc801 \uc870\uac74\uc744 \uacac\ub51c \uc218 \uc788\uae30 \ub54c\ubb38\uc5d0 \ud654\ud559 \ubc18\uc751\uae30, \uc5f4\uad50\ud658\uae30 \ubc0f \uc800\uc7a5 \ud0f1\ud06c \uc0dd\uc0b0\uc5d0 \uc0ac\uc6a9\ub429\ub2c8\ub2e4.<\/li>\n<li>\ubc1c\uc804: \ubc1c\uc804\uc18c\uc5d0\ub294 \uace0\uc628\uacfc \uace0\uc555\uc744 \uacac\ub51c \uc218 \uc788\ub294 \uc18c\uc7ac\uac00 \ud544\uc694\ud569\ub2c8\ub2e4. 18Ni300 \ubd84\ub9d0\uc740 \uac00\uc2a4 \ubc0f \uc99d\uae30 \ud130\ube48, \ubcf4\uc77c\ub7ec, \uc5f4 \ud68c\uc218 \uc2dc\uc2a4\ud15c \uac74\uc124\uc5d0 \uc0ac\uc6a9\ub418\uc5b4 \ud6a8\uc728\uc131\uacfc \ub0b4\uad6c\uc131\uc744 \ud5a5\uc0c1\uc2dc\ud0b5\ub2c8\ub2e4.<\/li>\n<\/ol>\n<p><strong>\uacb0\ub860<\/strong><\/p>\n<p>\uacb0\ub860\uc801\uc73c\ub85c 18Ni300 \ud30c\uc6b0\ub354\uc758 \ub4f1\uc7a5\uc740 \uc81c\uc870 \uc0b0\uc5c5\uc744 \ud06c\uac8c \ubcc0\ud654\uc2dc\ucf30\uc2b5\ub2c8\ub2e4. \ub6f0\uc5b4\ub09c \uc870\uc131, \uae30\uacc4\uc801 \ud2b9\uc131, \ub0b4\uc2dd\uc131\uc73c\ub85c \uc778\ud574 \ub2e4\uc591\ud55c \uc751\uc6a9 \ubd84\uc57c\uc5d0\uc11c \uac01\uad11\ubc1b\ub294 \uc18c\uc7ac\uac00 \ub418\uc5c8\uc2b5\ub2c8\ub2e4. \ud56d\uacf5\uc6b0\uc8fc\ubd80\ud130 \uc11d\uc720 \ubc0f \uac00\uc2a4, \ud654\ud559, \ubc1c\uc804\uae4c\uc9c0 \uc774 \uace0\uc131\ub2a5 \ud569\uae08\uc740 \ub2e4\uc591\ud55c \ubd84\uc57c\uc5d0\uc11c \uadf8 \uac00\uce58\ub97c \uc785\uc99d\ud558\uace0 \uc788\uc2b5\ub2c8\ub2e4. \uc81c\uc870 \uc0b0\uc5c5\uc774 \uacc4\uc18d \ubc1c\uc804\ud568\uc5d0 \ub530\ub77c 18Ni300 \ubd84\ub9d0\uc758 \ubc1c\uc804\uacfc \uc7a0\uc7ac\ub825\uc740 \uc7ac\ub8cc \uacf5\ud559\uc758 \ubbf8\ub798\ub97c \ud615\uc131\ud560 \uac83\uc73c\ub85c \ubcf4\uc785\ub2c8\ub2e4.<\/p>\n<p><strong>\uc790\uc8fc \ubb3b\ub294 \uc9c8\ubb38<\/strong><\/p>\n<p><strong>1. \uc81c\uc870 \uc0b0\uc5c5\uc5d0\uc11c 18Ni300 \ubd84\ub9d0\uc758 \uc911\uc694\uc131\uc740 \ubb34\uc5c7\uc778\uac00\uc694?<\/strong>18Ni300 \ubd84\ub9d0\uc740 \ub6f0\uc5b4\ub09c \uac15\ub3c4, \ub0b4\uad6c\uc131 \ubc0f \ub0b4\uc2dd\uc131\uc744 \uc81c\uacf5\ud558\uc5ec \ud56d\uacf5\uc6b0\uc8fc, \uc11d\uc720 \ubc0f \uac00\uc2a4, \ud654\ud559, \ubc1c\uc804 \ub4f1 \ub2e4\uc591\ud55c \uc0b0\uc5c5 \ubd84\uc57c\uc5d0 \ud65c\uc6a9 \uac00\uce58\uac00 \ub192\uc2b5\ub2c8\ub2e4.<\/p>\n<p><strong>2. 18Ni300 \ud30c\uc6b0\ub354\ub294 \uc5b4\ub5bb\uac8c \uc81c\uc870\ub418\ub098\uc694?<\/strong>?\"\uc0dd\uc0b0 \uacf5\uc815\uc740 \uc6d0\ub8cc\ub97c \uc5c4\uc120\ud558\uc5ec \ud63c\ud569\ud558\uace0, \ud63c\ud569\ubb3c\uc744 \ub179\uc5ec \ubd84\ubb34\ud558\uc5ec \ubbf8\uc138\ud55c \ubd84\ub9d0\uc744 \ub9cc\ub4e0 \ub2e4\uc74c \uccb4\uc9c8 \ubc0f \uac00\uacf5\ud558\uc5ec \ubd88\uc21c\ubb3c\uc744 \uc81c\uac70\ud558\ub294 \uacfc\uc815\uc744 \uac70\uce69\ub2c8\ub2e4.<\/p>\n<p><strong>3. 18Ni300 \ud30c\uc6b0\ub354\uc758 \uc8fc\uc694 \ud2b9\uc131\uc740 \ubb34\uc5c7\uc778\uac00\uc694?<\/strong>18Ni300 \ubd84\ub9d0\uc740 \ub192\uc740 \uc778\uc7a5 \uac15\ub3c4, \ub0b4\ucda9\uaca9\uc131, \ud53c\ub85c \uac15\ub3c4 \ubc0f \uc0b0\ud654, \ud53c\ud305 \ubc0f \ud2c8\uc0c8 \ubd80\uc2dd\uc5d0 \ub300\ud55c \uc6b0\uc218\ud55c \ub0b4\uc131\uc744 \uac00\uc9c0\uace0 \uc788\uc2b5\ub2c8\ub2e4.<\/p>\n<p><strong>4. 18Ni300 \ud30c\uc6b0\ub354\ub97c \uc0ac\uc6a9\ud558\uba74 \uc5b4\ub5a4 \uc0b0\uc5c5\uc5d0\uc11c \uc774\uc810\uc744 \uc5bb\uc744 \uc218 \uc788\ub098\uc694?<\/strong>\ud56d\uacf5\uc6b0\uc8fc, \uc11d\uc720 \ubc0f \uac00\uc2a4, \ud654\ud559, \ubc1c\uc804 \ub4f1\uc758 \uc0b0\uc5c5\uc5d0\uc11c 18Ni300 \ubd84\ub9d0\uc758 \ub6f0\uc5b4\ub09c \ud2b9\uc131\uacfc \ub0b4\uc2dd\uc131\uc73c\ub85c \uc778\ud574 \uac01 \uc751\uc6a9 \ubd84\uc57c\uc5d0\uc11c \uad11\ubc94\uc704\ud558\uac8c \uc0ac\uc6a9\ub418\uace0 \uc788\uc2b5\ub2c8\ub2e4.<\/p>\n<p><strong>5. 18Ni300 \ud30c\uc6b0\ub354\uac00 \uc9c0\uc18d \uac00\ub2a5\ud55c \uc81c\uc870 \uad00\ud589\uc758 \ubc1c\uc804\uc5d0 \uc5b4\ub5bb\uac8c \uae30\uc5ec\ud558\ub098\uc694?<\/strong>\ub0b4\uad6c\uc131\uacfc \ub0b4\uc2dd\uc131, \ud5a5\uc0c1\ub41c \uc131\ub2a5\uc744 \uc81c\uacf5\ud558\ub294 18Ni300 \ud30c\uc6b0\ub354\ub294 \uc624\ub798 \uc9c0\uc18d\ub418\uace0 \uc2e0\ub8b0\ud560 \uc218 \uc788\ub294 \uc7a5\ube44\ub97c \uc0dd\uc0b0\ud560 \uc218 \uc788\uc5b4 \uc7a6\uc740 \uad50\uccb4 \ud544\uc694\uc131\uc744 \uc904\uc774\uace0 \uc81c\uc870 \uacf5\uc815\uc758 \uc9c0\uc18d \uac00\ub2a5\uc131\uc744 \ucd09\uc9c4\ud569\ub2c8\ub2e4.<\/span><\/span><\/p>","protected":false},"excerpt":{"rendered":"<p>No Name \ud654\ud559 \uc131\ubd84(wt%) 1 18Ni300 Ni17-19\u00a8\u00dbMo4.5-5.2\u00a8\u00dbCo8.5-9.5\u00a8\u00dbTi0.6-0.8\u00a8\u00dbAl0.05-0.15\u00a8\u00dbFe(Bal.) 2 \ud558\uc2a4\ud154\ub85c\uc774 \ud569\uae08 Fe17-20\u00a8\u00dbCr20.5-23\u00a8\u00dbMo8-10\u00a8\u00dbW0.2-1\u00a8\u00dbCo0.5-2.5\u00a8\u00dbC0.05-0.15\u00a8\u00dbNi(Bal.) 3 AlSi10Mg Si9-11\u00a8\u00dbMg0.2-0.45\u00a8\u00dbAl(Bal.) 4 CoCrW Cr26.5-29\u00a8\u00dbW7-9\u00a8\u00dbSi1.2-1.9\u00a8\u00dbCo(Bal.) 5 Co28Cr6Mo Cr27-29\u00a8\u00dbMo5-7\u00a8\u00dbCo(Bal.).) 6 \uad6c\ud615 Ti \ubd84\ub9d0 Ti\u00a1\u00d499.9 7 TC4 Al5.5-6.8\u00a8\u00dbV3.5-4.5\u00a8\u00dbTi(Bal.) 8 TA15 Al5.5-7.1\u00a8\u00dbV0.8-2.5\u00a8\u00dbMo0.8-2\u00a8\u00dbZr1.5-2.5\u00a8\u00dbAl(Bal.) 9 316L Cr16.00-18.00\u00a8\u00db Ni10.00-14.00\u00a8\u00dbMo2.00-3.00\u00a8\u00dbFe(Bal.) 10 S136 Cr12.0-14.0\u00a8\u00dbSi0.8-1.0\u00a8\u00dbV0.15-0.4\u00a8\u00dbC0.2-0.45\u00a8\u00dbFe(Bal.) 11 In625 Cr20-23 , Mo8-10 , Nb 3.15-4.15 , Co\u00a8P1, Fe\u00a8P1 , Ni(bal.) 12 In718 Cr17-21...<\/p>","protected":false},"featured_media":1734,"parent":0,"template":"","meta":{"_acf_changed":false,"_kad_blocks_custom_css":"","_kad_blocks_head_custom_js":"","_kad_blocks_body_custom_js":"","_kad_blocks_footer_custom_js":"","_kad_post_transparent":"","_kad_post_title":"","_kad_post_layout":"","_kad_post_sidebar_id":"","_kad_post_content_style":"","_kad_post_vertical_padding":"","_kad_post_feature":"","_kad_post_feature_position":"","_kad_post_header":false,"_kad_post_footer":false,"_kad_post_classname":""},"product-category":[119,122],"class_list":["post-3863","product","type-product","status-publish","has-post-thumbnail","hentry","product-category-3d-printing-metal-powder","product-category-iron-based-alloy-powder"],"acf":[],"taxonomy_info":{"product-category":[{"value":119,"label":"3D Printing Metal Powder"},{"value":122,"label":"Iron Based Alloy Powder"}]},"featured_image_src_large":["https:\/\/3dpmetal.com\/wp-content\/uploads\/2024\/02\/18Ni300-Powder.jpg",600,600,false],"author_info":[],"comment_info":"","_links":{"self":[{"href":"https:\/\/3dpmetal.com\/ko\/wp-json\/wp\/v2\/product\/3863","targetHints":{"allow":["GET"]}}],"collection":[{"href":"https:\/\/3dpmetal.com\/ko\/wp-json\/wp\/v2\/product"}],"about":[{"href":"https:\/\/3dpmetal.com\/ko\/wp-json\/wp\/v2\/types\/product"}],"wp:featuredmedia":[{"embeddable":true,"href":"https:\/\/3dpmetal.com\/ko\/wp-json\/wp\/v2\/media\/1734"}],"wp:attachment":[{"href":"https:\/\/3dpmetal.com\/ko\/wp-json\/wp\/v2\/media?parent=3863"}],"wp:term":[{"taxonomy":"product-category","embeddable":true,"href":"https:\/\/3dpmetal.com\/ko\/wp-json\/wp\/v2\/product-category?post=3863"}],"curies":[{"name":"wp","href":"https:\/\/api.w.org\/{rel}","templated":true}]}}