{"id":3928,"date":"2024-03-18T06:10:14","date_gmt":"2024-03-18T06:10:14","guid":{"rendered":"https:\/\/3dp.45612300.xyz\/product\/high-temperature-alloy-series\/"},"modified":"2024-03-18T06:10:14","modified_gmt":"2024-03-18T06:10:14","slug":"high-temperature-alloy-series","status":"publish","type":"product","link":"https:\/\/3dpmetal.com\/ko\/product\/high-temperature-alloy-series\/","title":{"rendered":"\uace0\uc628 \ud569\uae08 \uc2dc\ub9ac\uc988"},"content":{"rendered":"<p><span style=\"vertical-align: inherit;\"><span style=\"vertical-align: inherit;\"><\/p>\n<div style=\"overflow-x: auto;\">\n<table>\n<tbody>\n<tr>\n<td data-sheets-value=\"{&quot;1&quot;:2,&quot;2&quot;:&quot;Product&quot;}\">\uc81c\ud488<\/td>\n<td data-sheets-value=\"{&quot;1&quot;:2,&quot;2&quot;:&quot;Specification&quot;}\">\uc0ac\uc591<\/td>\n<td data-sheets-value=\"{&quot;1&quot;:2,&quot;2&quot;:&quot;Apparent Density&quot;}\">\uac89\ubcf4\uae30 \ubc00\ub3c4<\/td>\n<td data-sheets-value=\"{&quot;1&quot;:2,&quot;2&quot;:&quot;Flow Ability&quot;}\">\ud750\ub984\uc131<\/td>\n<td data-sheets-value=\"{&quot;1&quot;:2,&quot;2&quot;:&quot;Oxygen Content&quot;}\">\uc0b0\uc18c \ud568\uc720\ub7c9<\/td>\n<td data-sheets-value=\"{&quot;1&quot;:2,&quot;2&quot;:&quot;Tensile Strength&quot;}\">\uc7a5\ub825 \uac15\ub3c4 (Tensile strength)<\/td>\n<td data-sheets-value=\"{&quot;1&quot;:2,&quot;2&quot;:&quot;Yield Strength&quot;}\">\ud56d\ubcf5\uac15\ub3c4<\/td>\n<td data-sheets-value=\"{&quot;1&quot;:2,&quot;2&quot;:&quot;Elongation&quot;}\">\uc5f0\uc7a5<\/td>\n<\/tr>\n<tr>\n<td data-sheets-value=\"{&quot;1&quot;:2,&quot;2&quot;:&quot;GH3625&quot;}\">GH3625<\/td>\n<td colspan=\"1\" rowspan=\"4\" data-sheets-value=\"{&quot;1&quot;:2,&quot;2&quot;:&quot;15-53\u00c3\u00d7mn45-105\u00c3\u00d7mn75-150\u00c3\u00d7m&quot;}\">\n<div>15-53\u00c3\u2014m<br \/>\n45-105\u00c3\u00d7m<br \/>\n75-150\ub9c8\uc774\ud06c\ub85c\ubbf8\ud130<\/div>\n<\/td>\n<td data-sheets-value=\"{&quot;1&quot;:2,&quot;2&quot;:&quot;\u00a1\u00d44.40g\/cm3&quot;}\">\u00a1\u00d44.40g\/cm3<\/td>\n<td data-sheets-value=\"{&quot;1&quot;:2,&quot;2&quot;:&quot;\u00a8P20s\/50g&quot;}\">\u00a8P20\/50g<\/td>\n<td data-sheets-value=\"{&quot;1&quot;:2,&quot;2&quot;:&quot;\u00a8P300ppm&quot;}\">\u00a8P300ppm<\/td>\n<td data-sheets-value=\"{&quot;1&quot;:2,&quot;2&quot;:&quot;1000\u00a9I50Mpa &quot;}\">1000\u00a9I50Mpa<\/td>\n<td data-sheets-value=\"{&quot;1&quot;:2,&quot;2&quot;:&quot;600\u00a9I50Mpa &quot;}\">600\u2103\uc5d0\uc11c 50Mpa<\/td>\n<td data-sheets-value=\"{&quot;1&quot;:2,&quot;2&quot;:&quot;35\u00a9I5%&quot;}\">35\u00a9 15%<\/td>\n<\/tr>\n<tr>\n<td data-sheets-value=\"{&quot;1&quot;:2,&quot;2&quot;:&quot;GH4169&quot;}\">GH4169<\/td>\n<td data-sheets-value=\"{&quot;1&quot;:2,&quot;2&quot;:&quot;\u00a1\u00d44.20g\/cm3&quot;}\">\u00a1\u00d44.20g\/cm3<\/td>\n<td data-sheets-value=\"{&quot;1&quot;:2,&quot;2&quot;:&quot;\u00a8P20s\/50g&quot;}\">\u00a8P20\/50g<\/td>\n<td data-sheets-value=\"{&quot;1&quot;:2,&quot;2&quot;:&quot;\u00a8P300ppm&quot;}\">\u00a8P300ppm<\/td>\n<td data-sheets-value=\"{&quot;1&quot;:2,&quot;2&quot;:&quot;1250\u00a9I30Mpa &quot;}\">1250\u00a9I30Mpa<\/td>\n<td data-sheets-value=\"{&quot;1&quot;:2,&quot;2&quot;:&quot;1000\u00a9I30Mpa &quot;}\">1000\u00a9I30Mpa<\/td>\n<td data-sheets-value=\"{&quot;1&quot;:2,&quot;2&quot;:&quot;18\u00a9I3%&quot;}\">18\u00a9I3%<\/td>\n<\/tr>\n<tr>\n<td data-sheets-value=\"{&quot;1&quot;:2,&quot;2&quot;:&quot;GH3230&quot;}\">GH3230<\/td>\n<td data-sheets-value=\"{&quot;1&quot;:2,&quot;2&quot;:&quot;\u00a1\u00d44.40g\/cm3&quot;}\">\u00a1\u00d44.40g\/cm3<\/td>\n<td data-sheets-value=\"{&quot;1&quot;:2,&quot;2&quot;:&quot;\u00a8P20s\/50g&quot;}\">\u00a8P20\/50g<\/td>\n<td data-sheets-value=\"{&quot;1&quot;:2,&quot;2&quot;:&quot;\u00a8P300ppm&quot;}\">\u00a8P300ppm<\/td>\n<td data-sheets-value=\"{&quot;1&quot;:2,&quot;2&quot;:&quot;930\u00a9I30Mpa &quot;}\">930\u00a9I30mpa<\/td>\n<td data-sheets-value=\"{&quot;1&quot;:2,&quot;2&quot;:&quot;930\u00a9I30Mpa &quot;}\">930\u00a9I30mpa<\/td>\n<td data-sheets-value=\"{&quot;1&quot;:2,&quot;2&quot;:&quot;25\u00a9I5%&quot;}\">**25\u00a9I5%**<\/td>\n<\/tr>\n<tr>\n<td data-sheets-value=\"{&quot;1&quot;:2,&quot;2&quot;:&quot;GH3536&quot;}\">GH3536<\/td>\n<td data-sheets-value=\"{&quot;1&quot;:2,&quot;2&quot;:&quot;\u00a1\u00d44.40g\/cm3&quot;}\">\u00a1\u00d44.40g\/cm3<\/td>\n<td data-sheets-value=\"{&quot;1&quot;:2,&quot;2&quot;:&quot;\u00a8P20s\/50g&quot;}\">\u00a8P20\/50g<\/td>\n<td data-sheets-value=\"{&quot;1&quot;:2,&quot;2&quot;:&quot;\u00a8P300ppm&quot;}\">\u00a8P300ppm<\/td>\n<td data-sheets-value=\"{&quot;1&quot;:2,&quot;2&quot;:&quot;850\u00a9I30Mpa &quot;}\">850\u00a9I30Mpa<\/td>\n<td data-sheets-value=\"{&quot;1&quot;:2,&quot;2&quot;:&quot;550\u00a9I20Mpa &quot;}\">550\u00a9I20Mpa<\/td>\n<td data-sheets-value=\"{&quot;1&quot;:2,&quot;2&quot;:&quot;42\u00a9I5%&quot;}\">42\u00a9I5%<\/td>\n<\/tr>\n<\/tbody>\n<\/table>\n<\/div>\n<p><img loading=\"lazy\" decoding=\"async\" class=\"size-medium wp-image-1409 aligncenter\" src=\"https:\/\/met3dp.com\/wp-content\/uploads\/2023\/09\/ed7a94ec-3c10-4b1b-87ed--300x300.jpg\" alt=\"\uace0\uc628 \ud569\uae08 \uc2dc\ub9ac\uc988\" width=\"300\" height=\"300\" title=\"\"><\/p>\n<p><strong>\uacfc\uc815<\/strong>: \uc9c4\uacf5 \uc5d0\uc5b4 \ubd84\ubb34\ubc95<\/p>\n<p><strong>\uc7a5\uc810<\/strong>: \ub192\uc740 \uad6c\ud615\ub960, \uc791\uc740 \uc704\uc131 \ubd84\ub9d0, \uc6b0\uc218\ud55c \uc720\ub3d9\uc131, \ub192\uc740 \uc6a9\uc801 \ubc00\ub3c4. \uc778\uc1c4\ub41c \uc81c\ud488\uc740 \ud53c\ub85c \uc800\ud56d\uc131\uc774 \uc6b0\uc218\ud558\uace0, \uc0b0\ud654 \ubc29\uc9c0 \uc131\ub2a5\uacfc \uad6c\uc870\uc801 \uc548\uc815\uc131\uc774 \ub6f0\uc5b4\ub0a9\ub2c8\ub2e4.<\/p>\n<p><strong>\uc2e0\uccad<\/strong>: \ud56d\uacf5\uc6b0\uc8fc \ubc0f \uc0b0\uc5c5\uc6a9 \ud130\ube48 \ub514\uc2a4\ud06c, \ub9c1, \ube14\ub808\uc774\ub4dc, \uae30\uacc4 \ubc0f \uae30\ud0c0 \uad6c\uc870\ubb3c, \ud56d\uacf5\uc6b0\uc8fc \uc5d4\uc9c4 \uc5f0\uc18c\uc2e4<\/p>\n<p><strong>\ud3ec\uc7a5<\/strong>: \ud638\uc77c\ubc31\/\ud50c\ub77c\uc2a4\ud2f1\ubcd1\/\ucca0\ud1b5 \ub4f1 \uc77c\ubc18 \ud3ec\uc7a5 \ub610\ub294 \uc9c4\uacf5\ud3ec\uc7a5\uc774\ub098 \ubd88\ud65c\uc131\uac00\uc2a4\ucda9\uc804\ud3ec\uc7a5 \ub4f1<\/p>\n<div id=\"gtx-trans\" style=\"position: absolute; left: -47px; top: 337px;\">\n<div class=\"gtx-trans-icon\"><\/div>\n<\/div>\n<p><\/span><\/span><\/p>","protected":false},"excerpt":{"rendered":"<p>\uc81c\ud488 \uc0ac\uc591 \uac89\ubcf4\uae30 \ubc00\ub3c4 \ud750\ub984 \ub2a5\ub825 \uc0b0\uc18c \ud568\ub7c9 \uc778\uc7a5 \uac15\ub3c4 \ud56d\ubcf5 \uac15\ub3c4 \uc5f0\uc2e0\uc728 GH3625 15-53 \u00d7 45-105 \u00d7 75-150 \u00d7 4.40g\/cm3 \u00a8P20s\/50g \u00a8P300ppm 1000\u00a9I50Mpa 600\u00a9I50Mpa 35\u00a9I5% GH4169 \u00a1\u00d44.20g\/cm3 \u00a8P20s\/50g \u00a8P300ppm 1250\u00a9I30Mpa 1000\u00a9I30Mpa 18\u00a9I3% GH3230 \u00a1\u00d44.40g\/cm3 \u00a8P20s\/50g \u00a8P300ppm 930\u00a9I30Mpa 930\u00a9I30Mpa 25\u00a9I5% GH3536 \u00a1\u00d44.40g\/cm3 \u00a8P20s\/50g \u00a8P300ppm 850\u00a9I30Mpa 550\u00a9I20Mpa 42\u00a9I5% \uacf5\uc815: \uc9c4\uacf5 \uacf5\uae30 \ubd84\ubb34 \ubc29\ubc95 \uc7a5\uc810 : \ub192\uc740 \uad6c\ud615\ub3c4, \uc791\uc740 \uc704\uc131 \ubd84\ub9d0, ...<\/p>","protected":false},"featured_media":1855,"parent":0,"template":"","meta":{"_acf_changed":false,"_kad_blocks_custom_css":"","_kad_blocks_head_custom_js":"","_kad_blocks_body_custom_js":"","_kad_blocks_footer_custom_js":"","_kad_post_transparent":"","_kad_post_title":"","_kad_post_layout":"","_kad_post_sidebar_id":"","_kad_post_content_style":"","_kad_post_vertical_padding":"","_kad_post_feature":"","_kad_post_feature_position":"","_kad_post_header":false,"_kad_post_footer":false,"_kad_post_classname":""},"product-category":[119,120],"class_list":["post-3928","product","type-product","status-publish","has-post-thumbnail","hentry","product-category-3d-printing-metal-powder","product-category-high-temperature-alloy-powder"],"acf":[],"taxonomy_info":{"product-category":[{"value":119,"label":"3D Printing Metal Powder"},{"value":120,"label":"High Temperature Alloy Powder"}]},"featured_image_src_large":["https:\/\/3dpmetal.com\/wp-content\/uploads\/2024\/02\/High-temperature-alloy.jpg",600,600,false],"author_info":[],"comment_info":"","_links":{"self":[{"href":"https:\/\/3dpmetal.com\/ko\/wp-json\/wp\/v2\/product\/3928","targetHints":{"allow":["GET"]}}],"collection":[{"href":"https:\/\/3dpmetal.com\/ko\/wp-json\/wp\/v2\/product"}],"about":[{"href":"https:\/\/3dpmetal.com\/ko\/wp-json\/wp\/v2\/types\/product"}],"wp:featuredmedia":[{"embeddable":true,"href":"https:\/\/3dpmetal.com\/ko\/wp-json\/wp\/v2\/media\/1855"}],"wp:attachment":[{"href":"https:\/\/3dpmetal.com\/ko\/wp-json\/wp\/v2\/media?parent=3928"}],"wp:term":[{"taxonomy":"product-category","embeddable":true,"href":"https:\/\/3dpmetal.com\/ko\/wp-json\/wp\/v2\/product-category?post=3928"}],"curies":[{"name":"wp","href":"https:\/\/api.w.org\/{rel}","templated":true}]}}