{"id":3859,"date":"2024-03-18T06:10:08","date_gmt":"2024-03-18T06:10:08","guid":{"rendered":"https:\/\/3dp.45612300.xyz\/product\/ti-6al-4v-titanium-alloy-powder\/"},"modified":"2024-03-18T06:10:08","modified_gmt":"2024-03-18T06:10:08","slug":"ti-6al-4v-titanium-alloy-powder","status":"publish","type":"product","link":"https:\/\/3dpmetal.com\/nl\/product\/ti-6al-4v-titanium-alloy-powder\/","title":{"rendered":"Ti-6Al-4V Titaniumlegering poeder"},"content":{"rendered":"<p><span style=\"vertical-align: inherit;\"><span style=\"vertical-align: inherit;\">Lage zuurstof zuiver titanium poeder is de basis van poedermetallurgie titanium productie, is ook een van de toonaangevende producten van het bedrijf\u00a3\u00aas. Op dit moment, het bedrijf door middel van HDH proces en zuurstof controle technologie, de productie van high-end ultra-fijne zuurstofarme zuivere titanium legering poeder in de internationale leidende positie in de indicatoren, met de kenmerken van ultrafijne poeder grootte, ultra-lage zuurstofgehalte, lage onzuiverheden, om de grootschalige productie van high-end zuurstofarme zuiver titanium poeder te bereiken. Het kan een verscheidenheid aan titaniumpoederproducten produceren, zoals 150 \u00c3\u00d7m, 75\u00c3\u00d7m, 45\u00c3\u00d7m, 10\u00c3\u00d7m, 3\u00c3\u00d7m enzovoort, met een zuurstofgehalte dat 50% lager is dan bij conventionele commerci\u00eble producten. De high-end ultra-fijne zuurstofarme zuiver titanium poeder geproduceerd door het bedrijf is genoteerd als een gekwalificeerde leverancier van titanium poeder in China\u00a3\u00aas eerste nucleaire chemische project. Op dit moment is het binnenlandse marktaandeel van onze high-end low-oxygen zuiver titanium poeder meer dan 70%.<\/p>\n<p><strong>Product?<\/strong><strong>Specificatie<\/strong><\/p>\n<div>\n<table>\n<tbody>\n<tr>\n<td data-sheets-value=\"{&quot;1&quot;:2,&quot;2&quot;:&quot;Pure titanium powder&quot;}\"><strong>Zuiver titaniumpoeder<\/strong><\/td>\n<td data-sheets-value=\"{&quot;1&quot;:2,&quot;2&quot;:&quot;Mesh&quot;}\"><strong>Gaas<\/strong><\/td>\n<td data-sheets-value=\"{&quot;1&quot;:2,&quot;2&quot;:&quot;Particle size\u00a8P&quot;}\"><strong>Deeltjesgrootte\u00a8P<\/strong><\/td>\n<td data-sheets-value=\"{&quot;1&quot;:2,&quot;2&quot;:&quot;PSD&quot;}\"><strong>PSD<\/strong><\/td>\n<td colspan=\"10\" rowspan=\"1\" data-sheets-value=\"{&quot;1&quot;:2,&quot;2&quot;:&quot;Element\u00a8\u00d7%\u00a8\u00d8\u00a1\u00a5&quot;}\"><strong>Element\u00a8\u00d7%\u00a8\u00d8\u00a1\u00a5<\/strong><\/td>\n<\/tr>\n<tr>\n<td data-sheets-value=\"{&quot;1&quot;:2,&quot;2&quot;:&quot;D10&quot;}\">D10<\/td>\n<td data-sheets-value=\"{&quot;1&quot;:2,&quot;2&quot;:&quot;D50&quot;}\">D50<\/td>\n<td data-sheets-value=\"{&quot;1&quot;:2,&quot;2&quot;:&quot;D90&quot;}\">D90<\/td>\n<td data-sheets-value=\"{&quot;1&quot;:2,&quot;2&quot;:&quot;Fe&quot;}\">IJzer<\/td>\n<td data-sheets-value=\"{&quot;1&quot;:2,&quot;2&quot;:&quot;Cl&quot;}\">Cl<\/td>\n<td data-sheets-value=\"{&quot;1&quot;:2,&quot;2&quot;:&quot;Mg&quot;}\">Mg<\/td>\n<td data-sheets-value=\"{&quot;1&quot;:2,&quot;2&quot;:&quot;Mn&quot;}\">Mn<\/td>\n<td data-sheets-value=\"{&quot;1&quot;:2,&quot;2&quot;:&quot;Si&quot;}\">Ja<\/td>\n<td data-sheets-value=\"{&quot;1&quot;:2,&quot;2&quot;:&quot;C&quot;}\">Sure, the text \"C\" doesn't have any context to provide a meaningful translation. Could you please provide more information or context?<\/td>\n<td data-sheets-value=\"{&quot;1&quot;:2,&quot;2&quot;:&quot;N&quot;}\">Het lijkt erop dat er een fout is opgetreden en dat de tekst ontbreekt. Zou je de tekst willen verstrekken die je vertaald wilt hebben naar het Nederlands?<\/td>\n<td data-sheets-value=\"{&quot;1&quot;:2,&quot;2&quot;:&quot;H&quot;}\">H<\/td>\n<td data-sheets-value=\"{&quot;1&quot;:2,&quot;2&quot;:&quot;O&quot;}\">The text \"O\" does not contain any meaningful content to translate into Dutch. Could you please provide more context or another text for translation?<\/td>\n<td><\/td>\n<td><\/td>\n<\/tr>\n<tr>\n<td data-sheets-value=\"{&quot;1&quot;:2,&quot;2&quot;:&quot;-100mesh&quot;}\">-100mesh<\/td>\n<td data-sheets-value=\"{&quot;1&quot;:2,&quot;2&quot;:&quot;150\u00c3\u00d7m&quot;}\">150\u00c3\u00d7m<\/td>\n<td data-sheets-value=\"{&quot;1&quot;:2,&quot;2&quot;:&quot;45-50&quot;}\">45-50<\/td>\n<td data-sheets-value=\"{&quot;1&quot;:2,&quot;2&quot;:&quot;90-95&quot;}\">90-95<\/td>\n<td data-sheets-value=\"{&quot;1&quot;:2,&quot;2&quot;:&quot;135-140&quot;}\">135-140<\/td>\n<td data-sheets-value=\"{&quot;1&quot;:3,&quot;3&quot;:0.03}\">0.03<\/td>\n<td data-sheets-value=\"{&quot;1&quot;:3,&quot;3&quot;:0.02}\">0.02<\/td>\n<td data-sheets-value=\"{&quot;1&quot;:3,&quot;3&quot;:0.01}\">0.01<\/td>\n<td data-sheets-value=\"{&quot;1&quot;:3,&quot;3&quot;:0.01}\">0.01<\/td>\n<td data-sheets-value=\"{&quot;1&quot;:3,&quot;3&quot;:0.01}\">0.01<\/td>\n<td data-sheets-value=\"{&quot;1&quot;:3,&quot;3&quot;:0.03}\">0.03<\/td>\n<td data-sheets-value=\"{&quot;1&quot;:3,&quot;3&quot;:0.03}\">0.03<\/td>\n<td data-sheets-value=\"{&quot;1&quot;:3,&quot;3&quot;:0.03}\">0.03<\/td>\n<td data-sheets-value=\"{&quot;1&quot;:3,&quot;3&quot;:0.13}\">0.13<\/td>\n<\/tr>\n<tr>\n<td data-sheets-value=\"{&quot;1&quot;:2,&quot;2&quot;:&quot;-200mesh&quot;}\">-200mesh<\/td>\n<td data-sheets-value=\"{&quot;1&quot;:2,&quot;2&quot;:&quot;75\u00c3\u00d7m&quot;}\">75\u00c3\u00d7m<\/td>\n<td data-sheets-value=\"{&quot;1&quot;:2,&quot;2&quot;:&quot;18-23&quot;}\">18-23<\/td>\n<td data-sheets-value=\"{&quot;1&quot;:2,&quot;2&quot;:&quot;38-45&quot;}\">38-45<\/td>\n<td data-sheets-value=\"{&quot;1&quot;:2,&quot;2&quot;:&quot;65-70&quot;}\">65-70<\/td>\n<td data-sheets-value=\"{&quot;1&quot;:3,&quot;3&quot;:0.03}\">0.03<\/td>\n<td data-sheets-value=\"{&quot;1&quot;:3,&quot;3&quot;:0.02}\">0.02<\/td>\n<td data-sheets-value=\"{&quot;1&quot;:3,&quot;3&quot;:0.01}\">0.01<\/td>\n<td data-sheets-value=\"{&quot;1&quot;:3,&quot;3&quot;:0.01}\">0.01<\/td>\n<td data-sheets-value=\"{&quot;1&quot;:3,&quot;3&quot;:0.01}\">0.01<\/td>\n<td data-sheets-value=\"{&quot;1&quot;:3,&quot;3&quot;:0.03}\">0.03<\/td>\n<td data-sheets-value=\"{&quot;1&quot;:3,&quot;3&quot;:0.03}\">0.03<\/td>\n<td data-sheets-value=\"{&quot;1&quot;:3,&quot;3&quot;:0.03}\">0.03<\/td>\n<td data-sheets-value=\"{&quot;1&quot;:3,&quot;3&quot;:0.16}\">0.16<\/td>\n<\/tr>\n<tr>\n<td data-sheets-value=\"{&quot;1&quot;:2,&quot;2&quot;:&quot;-325mesh&quot;}\">-325mesh<\/td>\n<td data-sheets-value=\"{&quot;1&quot;:2,&quot;2&quot;:&quot;45\u00c3\u00d7m&quot;}\">45\u00c3\u00d7m<\/td>\n<td data-sheets-value=\"{&quot;1&quot;:3,&quot;3&quot;:44849}\" data-sheets-numberformat=\"{&quot;1&quot;:5,&quot;2&quot;:&quot;m-d&quot;,&quot;3&quot;:1}\">10-15<\/td>\n<td data-sheets-value=\"{&quot;1&quot;:2,&quot;2&quot;:&quot;26-31&quot;}\">26-31<\/td>\n<td data-sheets-value=\"{&quot;1&quot;:2,&quot;2&quot;:&quot;46-51&quot;}\">46-51<\/td>\n<td data-sheets-value=\"{&quot;1&quot;:3,&quot;3&quot;:0.03}\">0.03<\/td>\n<td data-sheets-value=\"{&quot;1&quot;:3,&quot;3&quot;:0.02}\">0.02<\/td>\n<td data-sheets-value=\"{&quot;1&quot;:3,&quot;3&quot;:0.01}\">0.01<\/td>\n<td data-sheets-value=\"{&quot;1&quot;:3,&quot;3&quot;:0.01}\">0.01<\/td>\n<td data-sheets-value=\"{&quot;1&quot;:3,&quot;3&quot;:0.01}\">0.01<\/td>\n<td data-sheets-value=\"{&quot;1&quot;:3,&quot;3&quot;:0.03}\">0.03<\/td>\n<td data-sheets-value=\"{&quot;1&quot;:3,&quot;3&quot;:0.03}\">0.03<\/td>\n<td data-sheets-value=\"{&quot;1&quot;:3,&quot;3&quot;:0.03}\">0.03<\/td>\n<td data-sheets-value=\"{&quot;1&quot;:3,&quot;3&quot;:0.2}\">0.2<\/td>\n<\/tr>\n<\/tbody>\n<\/table>\n<\/div>\n<p>&nbsp;<\/p>\n<p>* Opmerking: Het steunen paste volgens klantenvereisten aan<\/p>\n<p><strong>Het lijkt erop dat je per ongeluk alleen het karakter \"P\" hebt ingevoerd. Wil je me alsjeblieft meer context geven of de zin waarin \"P\" wordt gebruikt, zodat ik het correct kan vertalen naar het Nederlands?<\/strong><strong>roducteigenschappen<\/strong><\/p>\n<ol>\n<li>Het poeder heeft een hoge zuiverheid en een laag zuurstofgehalte.<\/li>\n<li>Ultrafijne poederdeeltjesgrootte.<\/li>\n<li>Massaproductie van 150\u00c3\u00d7m, 75\u00c3\u00d7m, 45\u00c3\u00d7m, 10\u00c3\u00d7m, 3\u00c3\u00d7m en andere deeltjesgrootteproducten<\/li>\n<li>Hydride-dehydrogenering (HDH-proces)<\/li>\n<li>Maandelijkse productie van 35 ton, 420 ton jaarlijkse productie.<\/li>\n<\/ol>\n<p><img loading=\"lazy\" decoding=\"async\" class=\"size-medium wp-image-1378 aligncenter\" src=\"https:\/\/met3dp.com\/wp-content\/uploads\/2023\/09\/GA-Al-7075-300x233.png\" alt=\"Poeder van titaniumlegering\" width=\"300\" height=\"233\" title=\"\"><\/p>\n<p><strong>Applicatie<\/strong><\/p>\n<p>Hoofdzakelijk gebruikt op waterstofbatterij, de grondstoffen van de poedermetallurgie, de agent van de oppervlaktedeklaag, de additieven van de aluminiumlegering, elektrisch vacu\u00fcmgetter, nevel, plateren, MIM en andere gebieden.<\/p>\n<p><strong>Vergruizingsproces:<\/strong><\/p>\n<ol>\n<li>Titanium Spons<\/li>\n<li>Vacu\u00fcm Hoog<\/li>\n<li>Temperatuur Hydrogenatie<\/li>\n<li>Titaanhydride hydrogeneringsgranulatie<\/li>\n<li>Titanium Hydride poeder<\/li>\n<li>Dehydrogenering met vacu\u00fcm op hoge temperatuur<\/li>\n<li>Dehydrogenering Titanium<\/li>\n<li>Dehydrogenering Granulatie<\/li>\n<li>Screening<\/li>\n<li>Inspectie<\/li>\n<li>Afgewerkte producten<\/li>\n<li>Verpakking<\/li>\n<\/ol>\n<p><strong>FAQ<\/strong><\/p>\n<ul>\n<li><strong>H<\/strong><strong>Hoe kunnen we kwaliteit garanderen?<\/strong><\/li>\n<\/ul>\n<p>Altijd een pre-productiemonster voor massaproductie;<\/p>\n<p>Altijd eindinspectie voor verzending;<\/p>\n<ul>\n<li><strong>W<\/strong><strong>wat kun je bij ons kopen?<\/strong><\/li>\n<\/ul>\n<p>3D metaalpoeder, MIM-poeder, Elektronische pasta, de opgenomen producten zijn 316L, 17-4ph, H13, sendust, Inconel718, Inconel625m, Zilverpoeder, zilverpasta, Zeldzame aardmetaalproducten.<\/span><\/span><\/p>","protected":false},"excerpt":{"rendered":"<p>Lage zuurstof zuiver titanium poeder is de basis van poedermetallurgie titanium productie, is ook een van de toonaangevende producten van het bedrijf\u00a3\u00aas. Op dit moment is het bedrijf door middel van HDH proces en zuurstof controle technologie, de productie van high-end ultra-fijne zuurstofarme zuivere titaniumlegering poeder in de internationale leidende positie in de indicatoren, met de kenmerken van ultrafijne...<\/p>","protected":false},"featured_media":1726,"parent":0,"template":"","meta":{"_acf_changed":false,"_kad_blocks_custom_css":"","_kad_blocks_head_custom_js":"","_kad_blocks_body_custom_js":"","_kad_blocks_footer_custom_js":"","_kad_post_transparent":"","_kad_post_title":"","_kad_post_layout":"","_kad_post_sidebar_id":"","_kad_post_content_style":"","_kad_post_vertical_padding":"","_kad_post_feature":"","_kad_post_feature_position":"","_kad_post_header":false,"_kad_post_footer":false,"_kad_post_classname":""},"product-category":[119,123],"class_list":["post-3859","product","type-product","status-publish","has-post-thumbnail","hentry","product-category-3d-printing-metal-powder","product-category-titanium-based-alloy-powder"],"acf":[],"taxonomy_info":{"product-category":[{"value":119,"label":"3D Printing Metal Powder"},{"value":123,"label":"Titanium Based Alloy Powder"}]},"featured_image_src_large":["https:\/\/3dpmetal.com\/wp-content\/uploads\/2024\/02\/Ti-6Al-4V-Titanium-Alloy-Powder.jpg",600,600,false],"author_info":[],"comment_info":"","_links":{"self":[{"href":"https:\/\/3dpmetal.com\/nl\/wp-json\/wp\/v2\/product\/3859","targetHints":{"allow":["GET"]}}],"collection":[{"href":"https:\/\/3dpmetal.com\/nl\/wp-json\/wp\/v2\/product"}],"about":[{"href":"https:\/\/3dpmetal.com\/nl\/wp-json\/wp\/v2\/types\/product"}],"wp:featuredmedia":[{"embeddable":true,"href":"https:\/\/3dpmetal.com\/nl\/wp-json\/wp\/v2\/media\/1726"}],"wp:attachment":[{"href":"https:\/\/3dpmetal.com\/nl\/wp-json\/wp\/v2\/media?parent=3859"}],"wp:term":[{"taxonomy":"product-category","embeddable":true,"href":"https:\/\/3dpmetal.com\/nl\/wp-json\/wp\/v2\/product-category?post=3859"}],"curies":[{"name":"wp","href":"https:\/\/api.w.org\/{rel}","templated":true}]}}