{"id":3950,"date":"2024-03-18T06:10:15","date_gmt":"2024-03-18T06:10:15","guid":{"rendered":"https:\/\/3dp.45612300.xyz\/product\/cocrfeni-powder\/"},"modified":"2024-03-18T06:10:15","modified_gmt":"2024-03-18T06:10:15","slug":"cocrfeni-powder","status":"publish","type":"product","link":"https:\/\/3dpmetal.com\/nl\/product\/cocrfeni-powder\/","title":{"rendered":"CoCrFeNi-poeder"},"content":{"rendered":"<p><span style=\"vertical-align: inherit;\"><span style=\"vertical-align: inherit;\"><\/p>\n<h2>Overzicht van CoCrFeNi-poeder<\/h2>\n<p class=\"whitespace-pre-wrap\">CoCrFeNi-poeder, ook wel bekend als CoCrFeNiMn-poeder of een hoog-entropie-legeringspoeder (HEA), verwijst naar een materiaal dat is samengesteld uit de elementen kobalt, chroom, ijzer en nikkel in bijna equiatome verhoudingen. Dit nieuwe legeringspoeder vertoont uitzonderlijke eigenschappen in vergelijking met conventionele legeringen en heeft aanzienlijke interesse gewekt voor verschillende toepassingen.<\/p>\n<p class=\"whitespace-pre-wrap\">Enkele belangrijke kenmerken van CoCrFeNi-poeder zijn:<\/p>\n<ul class=\"list-disc pl-8 space-y-2\">\n<li class=\"whitespace-normal\">Hoge configuratie-entropie met uitmuntende sterkte, hardheid, thermische stabiliteit en corrosieweerstand.<\/li>\n<li class=\"whitespace-normal\">Microstructuur met \u00e9\u00e9n vaste FCC-fase met vaste oplossingen<\/li>\n<li class=\"whitespace-normal\">Uitstekende combinatie van sterkte en buigzaamheid<\/li>\n<li class=\"whitespace-normal\">Hoge breuktaaiheid<\/li>\n<li class=\"whitespace-normal\">Goede verspaanbaarheid en vervormbaarheid<\/li>\n<li class=\"whitespace-normal\">Stabiliteit tegen verzachten bij hoge temperaturen<\/li>\n<li class=\"whitespace-normal\">Aanpasbaar met kleine toevoegingen van elementen zoals mangaan<\/li>\n<\/ul>\n<p class=\"whitespace-pre-wrap\">De unieke stoornis in de atomaire ordening van CoCrFeNi geeft superieure mechanische prestaties. De nagenoeg gelijke concentraties van de hoofdelementen belemmeren de beweging van dislocaties, waardoor de hardheid verbetert. De multifase structuur zorgt voor versterking van de vaste oplossing door middel van effecten van roosterrek.<\/p>\n<h3>Samenstelling van CoCrFeNi-poeder<\/h3>\n<p class=\"whitespace-pre-wrap\">De samenstelling van CoCrFeNi HEA-poeder kan worden aangepast, maar bestaat in het algemeen uit:<\/p>\n<table>\n<thead>\n<tr>\n<th>Element<\/th>\n<th>Typisch samenstellingsbereik<\/th>\n<\/tr>\n<\/thead>\n<tbody>\n<tr>\n<td>Kobalt (Co)<\/td>\n<td>20-35 at.%<\/td>\n<\/tr>\n<tr>\n<td>Chroom (Cr)<\/td>\n<td>20-35 at.%<\/td>\n<\/tr>\n<tr>\n<td>IJzer (Fe)<\/td>\n<td>20-35 at.%<\/td>\n<\/tr>\n<tr>\n<td>Nikkel (Ni)<\/td>\n<td>20-35 at.%<\/td>\n<\/tr>\n<\/tbody>\n<\/table>\n<p class=\"whitespace-pre-wrap\">De equiatomaire verhouding levert de hoogste configurationele entropie, maar kleine afwijkingen be\u00efnvloeden de eigenschappen niet significant. Toevoegingen van 1-2 at% mangaan zijn gebruikelijk om de eigenschappen verder te verbeteren door korrelfijning en uitscheidingsversterking.<\/p>\n<h3>Eigenschappen van CoCrFeNi-poeder<\/h3>\n<p class=\"whitespace-pre-wrap\">CoCrFeNi-legeringpoeder heeft een unieke combinatie van uitstekende eigenschappen:<\/p>\n<table>\n<thead>\n<tr>\n<th>Onroerend goed<\/th>\n<th>Waarden<\/th>\n<\/tr>\n<\/thead>\n<tbody>\n<tr>\n<td>Dichtheid<\/td>\n<td>7,5-8,3 g\/cm3<\/td>\n<\/tr>\n<tr>\n<td>Smeltpunt<\/td>\n<td>&gt;1200VC<\/td>\n<\/tr>\n<tr>\n<td>Microhardheid<\/td>\n<td>2,5-4 GPa<\/td>\n<\/tr>\n<tr>\n<td>Ultieme treksterkte<\/td>\n<td>500-1300 MPa<\/td>\n<\/tr>\n<tr>\n<td>Rekgrens<\/td>\n<td>200-1100 MPa<\/td>\n<\/tr>\n<tr>\n<td>Verlenging<\/td>\n<td>10-60%<\/td>\n<\/tr>\n<tr>\n<td>Elasticiteitsmodulus<\/td>\n<td>150-250 GPa<\/td>\n<\/tr>\n<tr>\n<td>Schuifmodulus<\/td>\n<td>65 - 85 GPa<\/td>\n<\/tr>\n<tr>\n<td>Poissonconstante<\/td>\n<td>0.21-0.33<\/td>\n<\/tr>\n<tr>\n<td>Taaiheid bij breuk<\/td>\n<td>&gt;100 MPa\u00a9|m<\/td>\n<\/tr>\n<tr>\n<td>Thermische geleidbaarheid<\/td>\n<td>10-30 W\/mK<\/td>\n<\/tr>\n<tr>\n<td>Elektrische resistiviteit<\/td>\n<td>70-100 n\u00b4\u00cem<\/td>\n<\/tr>\n<tr>\n<td>Weerstand tegen corrosie<\/td>\n<td>Uitstekend in diverse omgevingen<\/td>\n<\/tr>\n<\/tbody>\n<\/table>\n<p class=\"whitespace-pre-wrap\">De hoge hardheid komt van oplossingen versteviging, terwijl de FCC-structuur zorgt voor goede ductiliteit. Deze eigenschappen kunnen worden aangepast door middel van verandering van samenstelling en verwerking.<\/p>\n<h3>Eigenschappen van CoCrFeNi-poeder<\/h3>\n<p class=\"whitespace-pre-wrap\">Enkele opvallende kenmerken van CoCrFeNi-legeringspoeder zijn onder andere:<\/p>\n<ul class=\"list-disc pl-8 space-y-2\">\n<li class=\"whitespace-normal\">Eenfasige FCC-structuur zonder intermetallische fasen<\/li>\n<li class=\"whitespace-normal\">Annealing twins en stacking faults aanwezig<\/li>\n<li class=\"whitespace-normal\">Equiaxiale poedermorfologie met goede vloeibaarheid<\/li>\n<li class=\"whitespace-normal\">Poedermaatverdeling van 15-150 \u00c3\u2014m<\/li>\n<li class=\"whitespace-normal\">Hoge zuiverheid met een laag zuurstofgehalte<\/li>\n<li class=\"whitespace-normal\">Bolvormige poedervorm en glad oppervlak<\/li>\n<li class=\"whitespace-normal\">Aangepaste poedergrootte, vorm en samenstelling<\/li>\n<\/ul>\n<p class=\"whitespace-pre-wrap\">Het poeder vertoont een hoge chemische homogeniteit met een gelijkmatige verdeling van legeringselementen. De bolvormige morfologie geeft goede pak- en stroomeigenschappen.<\/p>\n<h2>Toepassingen van CoCrFeNi-poeder<\/h2>\n<p class=\"whitespace-pre-wrap\">De uitzonderlijke combinatie van sterkte, hardheid en verwerkbaarheid van CoCrFeNi-poeder maakt het geschikt voor:<\/p>\n<p class=\"whitespace-pre-wrap\"><strong>Toevoegende fabricage:<\/strong> Uitstekende printbaarheid dankzij de goede vloeieigenschappen en smelteigenschappen. Gebruikt voor luchtvaart, gereedschappen en als biomedische implantaten.<\/p>\n<p class=\"whitespace-pre-wrap\"><strong>Thermische sproeibekledingen:<\/strong> Bestendig tegen slijtage, corrosie en thermische verzachting. Coatings voor mechanische, maritieme en chemische toepassingen.<\/p>\n<p class=\"whitespace-pre-wrap\"><strong>Legering ontwikkeling:<\/strong> Basismateriaal voor nieuwe high-entropy legeringen met toevoegingen van Al, Ti, enz.<\/p>\n<p class=\"whitespace-pre-wrap\"><strong>Metaalspuitgieten:<\/strong> Hoog stijve delen met goede maatvastheid voor de lucht- en auto-industrie.<\/p>\n<p class=\"whitespace-pre-wrap\"><strong>Poedermetaalurgie:<\/strong> Hoogwaardige P\/M onderdelen met gebalanceerde sterkte en ductiliteit.<\/p>\n<p class=\"whitespace-pre-wrap\"><strong>Cryogene toepassingen:<\/strong> Behoud van ductiliteit en taaiheid bij temperaturen onder nul.<\/p>\n<h2>Specificaties van CoCrFeNi Poeder<\/h2>\n<p class=\"whitespace-pre-wrap\">CoCrFeNi-legeringspoeder is verkrijgbaar in diverse maatreeksen, samenstellingen en vormen:<\/p>\n<table>\n<thead>\n<tr>\n<th>Parameter<\/th>\n<th>Varianten<\/th>\n<\/tr>\n<\/thead>\n<tbody>\n<tr>\n<td>Groottebereik<\/td>\n<td>15-25 \u00c3\u2014m, 25-45 \u00c3\u2014m, 45-75 \u00c3\u2014m, 75-105 \u00c3\u2014m, 105-150 \u00c3\u2014m<\/td>\n<\/tr>\n<tr>\n<td>Compositie<\/td>\n<td>Equiatomische, aangepaste elementaire verhoudingen<\/td>\n<\/tr>\n<tr>\n<td>Poedervorm<\/td>\n<td>Sferisch, onregelmatig<\/td>\n<\/tr>\n<tr>\n<td>Productiemethode<\/td>\n<td>Gas\/waterverstuiving, mechanische legering<\/td>\n<\/tr>\n<tr>\n<td>Leveringsformulier<\/td>\n<td>Los poeder, gesinterde voorvormlingen<\/td>\n<\/tr>\n<\/tbody>\n<\/table>\n<p class=\"whitespace-pre-wrap\">Grotere poederformaten van 45-150 \u00c3\u00d7m worden bij voorkeur gebruikt voor thermisch spuiten en metaalspuitgieten. Fijnere formaten van 15-45 \u00c3 \u00d7m worden gebruikt voor 3D-printen. Poeders kunnen worden aangepast op vorm, formaat, zuurstofgehalte en vloeibaarheid.<\/p>\n<h2>Leveranciers van CoCrFeNi-poeder<\/h2>\n<p class=\"whitespace-pre-wrap\">Enkele toonaangevende mondiale leveranciers van CoCrFeNi high entropy alloy poeder zijn:<\/p>\n<table>\n<thead>\n<tr>\n<th>Bedrijf<\/th>\n<th>productiecapaciteit<\/th>\n<th>Locatie<\/th>\n<\/tr>\n<\/thead>\n<tbody>\n<tr>\n<td>Sandvik<\/td>\n<td>200 ton per jaar<\/td>\n<td>Zweden<\/td>\n<\/tr>\n<tr>\n<td>Praxair<\/td>\n<td>150 ton per jaar<\/td>\n<td>Verenigde Staten<\/td>\n<\/tr>\n<tr>\n<td>Hoganas<\/td>\n<td>100 ton per jaar<\/td>\n<td>Zweden<\/td>\n<\/tr>\n<tr>\n<td>CNPC Powder<\/td>\n<td>50 ton per jaar<\/td>\n<td>China<\/td>\n<\/tr>\n<tr>\n<td>Carpenter Technologies<\/td>\n<td>40 ton per jaar<\/td>\n<td>Verenigde Staten<\/td>\n<\/tr>\n<\/tbody>\n<\/table>\n<p class=\"whitespace-pre-wrap\">De poeders worden doorgaans geproduceerd via gas- of wateratomiseringsmethoden. Aangepaste poedersamenstellingen en -groottes kunnen worden verkregen bij deze leveranciers.<\/p>\n<h3>prijzen<\/h3>\n<table>\n<thead>\n<tr>\n<th>Particlegrootte<\/th>\n<th>Prijsbereik<\/th>\n<\/tr>\n<\/thead>\n<tbody>\n<tr>\n<td>15-45 micron<\/td>\n<td>$150-200 per kg<\/td>\n<\/tr>\n<tr>\n<td>45-105 micron<\/td>\n<td>100-150 euro per kg<\/td>\n<\/tr>\n<tr>\n<td>105-150+ micron<\/td>\n<td>$80-120 per kg<\/td>\n<\/tr>\n<\/tbody>\n<\/table>\n<p class=\"whitespace-pre-wrap\">Grotere poedergroottes zijn goedkoper vanwege hogere productiesnelheden bij verstuiven. Toegepaste legeringen en samenstellingen zijn duurder. De poederprijzen zijn het afgelopen jaar gedaald door toenemende concurrentie op de markt en capaciteitsuitbreiding.<\/p>\n<h2>Voor- en nadelen van CoCrFeNi-poeder<\/h2>\n<table>\n<thead>\n<tr>\n<th>Voordelen<\/th>\n<th>Beperkingen<\/th>\n<\/tr>\n<\/thead>\n<tbody>\n<tr>\n<td>Uitstekende sterkte en hardheid<\/td>\n<td>Hoge materiaalkosten door Co en Ni<\/td>\n<\/tr>\n<tr>\n<td>Uitstekende buigzaamheid en taaiheid<\/td>\n<td>Beperkte gegevens over de prestaties op de lange termijn<\/td>\n<\/tr>\n<tr>\n<td>Goede fabricage door AM, MIM, PM<\/td>\n<td>Verwerking van uitdagingen bij microstructuurregeling<\/td>\n<\/tr>\n<tr>\n<td>Thermische en microstructurele stabiliteit<\/td>\n<td>De samenstelling moet nauwkeurig worden gecontroleerd<\/td>\n<\/tr>\n<tr>\n<td>Hoge corrosie- en slijtvastheid<\/td>\n<td>Lagere verwerkbaarheid t.o.v. conventionele legeringen<\/td>\n<\/tr>\n<tr>\n<td>Behoudt sterkte bij verhoogde temperaturen.<\/td>\n<td>Vereist vaak HIP nabewerking<\/td>\n<\/tr>\n<\/tbody>\n<\/table>\n<p class=\"whitespace-pre-wrap\">CoCrFeNi HEA-poeder maakt componenten mogelijk met onge\u00ebvenaarde eigenschapscombinaties. De materiaalkosten en verwerkingskosten liggen echter hoog. De microstructuur en eigenschappen zijn sterk afhankelijk van nauwkeurige samenstellingscontrole.<\/p>\n<h2>Vergelijking met alternatieven<\/h2>\n<p class=\"whitespace-pre-wrap\"><strong>Tegenover roestvrijstalen poeders<\/strong><\/p>\n<ul class=\"list-disc pl-8 space-y-2\">\n<li class=\"whitespace-normal\">Hogere sterkte en hardheid<\/li>\n<li class=\"whitespace-normal\">Uitstekende slijt- en corrosieweerstand<\/li>\n<li class=\"whitespace-normal\">Hogere kostprijs van het basismateriaal<\/li>\n<li class=\"whitespace-normal\">Lagere verwerkbaarheid en lasbaarheid<\/li>\n<\/ul>\n<p class=\"whitespace-pre-wrap\"><strong>Vs. staalpoeder<\/strong><\/p>\n<ul class=\"list-disc pl-8 space-y-2\">\n<li class=\"whitespace-normal\">Betere ductiliteit en breuktaaiheid<\/li>\n<li class=\"whitespace-normal\">Lagere warmtebestendigheid<\/li>\n<li class=\"whitespace-normal\">Minder gangbare verwerkingswijzen<\/li>\n<li class=\"whitespace-normal\">Beperkte maatvoeringen en beperkte beschikbaarheid van eventuele variaties in die legering<\/li>\n<\/ul>\n<p class=\"whitespace-pre-wrap\"><strong>Tegenover Inconel superlegeringpoeders<\/strong><\/p>\n<ul class=\"list-disc pl-8 space-y-2\">\n<li class=\"whitespace-normal\">Vergelijkbaar hoge temperatuurbestendigheid<\/li>\n<li class=\"whitespace-normal\">Goedkoop materiaal<\/li>\n<li class=\"whitespace-normal\">Kortere staat van dienst van prestaties<\/li>\n<li class=\"whitespace-normal\">Beperkte microstructuurstabiliteit bij zeer hoge temperaturen<\/li>\n<\/ul>\n<h2>FAQ's<\/h2>\n<p class=\"whitespace-pre-wrap\"><strong>V: Wat is een hoog-entropie-legering (HEA) poeder?<\/strong><\/p>\n<p class=\"whitespace-pre-wrap\">A: HEA-poeder bevat meerdere hoofdelementen in bijna-equiatomische verhoudingen om uitzonderlijke eigenschappen van sterkte, taaiheid en stabiliteit te produceren. CoCrFeNi-poeder is een vooraanstaand HEA.<\/p>\n<p class=\"whitespace-pre-wrap\"><strong>V: Welke standaardgrootten van CoCrFeNi-poeder zijn er?<\/strong><\/p>\n<p class=\"whitespace-pre-wrap\">A: Gemeenschappelijke afmetingen zijn 15-45 \u00c3--m voor AM, 45-105 \u00c3--m voor thermisch spuiten en 105-150 \u00c3--m voor MIM en andere toepassingen. Er kunnen fijnere en grovere afmetingen op maat worden gemaakt.<\/p>\n<p class=\"whitespace-pre-wrap\"><strong>Q: Wat be\u00efnvloedt de prijs van CoCrFeNi-legeringpoeder?<\/strong><\/p>\n<p class=\"whitespace-pre-wrap\">A: De prijs wordt bepaald door de grootte van het poeder, de samenstelling, de zuiverheid, de productiemethode en de hoeveelheid van de bestelling. Grotere afmetingen van meer dan 100 \u00c3\u00d7m zijn goedkoper. Kleine toevoegingen of nauwere samenstellingsbereiken verhogen de kosten.<\/p>\n<p class=\"whitespace-pre-wrap\"><strong>V: CoCrFeNi HEA-poeder wordt geproduceerd via gasatomisatie.<\/strong><\/p>\n<p class=\"whitespace-pre-wrap\">A: Vergruizen met gas en water zijn de belangrijkste productiemethoden. Het poeder kan ook worden verkregen door het mechanisch legeren of cryomaken van voorgesmeed staafmateriaal.<\/p>\n<p class=\"whitespace-pre-wrap\"><strong>Q: Wat zijn enkele voorbeeldtoepassingen van CoCrFeNi-poeder?<\/strong><\/p>\n<p class=\"whitespace-pre-wrap\">A: Voornaamste toepassingsgebieden zijn additieve vervaardiging van gereedschappen en ruimtevaartonderdelen, thermisch gespoten coatings voor slijt-\/corrosieweerstand, legeringontwikkeling, metaalspuitgieten van auto-onderdelen en poedermetallurgie van hoogpresterende componenten.<\/p>\n<p class=\"whitespace-pre-wrap\"><strong>Q: Wat zijn de belangrijkste eigenschappen van CoCrFeNi HEA poeder?<\/strong><\/p>\n<p class=\"whitespace-pre-wrap\">A: Het vertoont een buitengewone combinatie van hoge sterkte, hardheid, ductiliteit, breukvastheid, thermische stabiliteit en corrosiebestendigheid in vergelijking met conventionele legeringen.<\/p>\n<p class=\"whitespace-pre-wrap\"><strong>V: Welke beperkingen kent kobalt-chroom-ijzer-nikkelpoeder?<\/strong><\/p>\n<p class=\"whitespace-pre-wrap\">A: Enkele nadelen zijn: hoge kosten voor basismaterialen, uitdagingen bij het beheersen van de microstructuur tijdens het verwerken, beperkte gegevens over prestaties op lange termijn en verminderde lasbaarheid in vergelijking met staal.<\/p>\n<p class=\"whitespace-pre-wrap\"><strong>V: Hoe verhoudt CoCrFeNi-poeder zich tot gereedschapsstaal en roestvrij staal?<\/strong><\/p>\n<p class=\"whitespace-pre-wrap\">A: Het heeft veel meer sterkte en hardheid dan roestvrij staal, maar het is minder bewerkelijk. Vergeleken met gereedschapsstaal biedt het een betere scheurbestendigheid en rekbaarheid.<\/p>\n<p class=\"whitespace-pre-wrap\"><strong>Q: Is CoCrFeNi geschikt voor cryogene toepassingen?<\/strong><\/p>\n<p class=\"whitespace-pre-wrap\">A: Ja, het behoudt een goede buigzaamheid en taaiheid bij temperaturen onder nul, terwijl conventionele legeringen bros worden. Dat maakt het handig voor cryogene apparatuur.<\/p>\n<p class=\"whitespace-pre-wrap\"><strong>V: Kan de samenstelling van CoCrFeNi poeder op maat gemaakt worden?<\/strong><\/p>\n<p class=\"whitespace-pre-wrap\">A: Ja, leveranciers kunnen aangepaste elementaire verhoudingen leveren die verder gaan dan de equiatome samenstelling. Veelvoorkomende aanpassingen zijn toevoegingen van 1-2 at.% Mn of Co om de eigenschappen op maat te maken.<\/p>\n<p><\/span><\/span><\/p>","protected":false},"excerpt":{"rendered":"<p>Overzicht van CoCrFeNi-poeder CoCrFeNi-poeder, ook bekend als CoCrFeNi-Mn-poeder of HEA-poeder (High Entropy Alloy), verwijst naar een materiaal dat is samengesteld uit kobalt-, chroom-, ijzer- en nikkelelementen in bijna-equiatomische verhoudingen. Dit nieuwe legeringspoeder vertoont uitzonderlijke eigenschappen in vergelijking met conventionele legeringen en heeft veel interesse gewekt voor verschillende toepassingen. Enkele belangrijke...<\/p>","protected":false},"featured_media":1789,"parent":0,"template":"","meta":{"_acf_changed":false,"_kad_blocks_custom_css":"","_kad_blocks_head_custom_js":"","_kad_blocks_body_custom_js":"","_kad_blocks_footer_custom_js":"","_kad_post_transparent":"","_kad_post_title":"","_kad_post_layout":"","_kad_post_sidebar_id":"","_kad_post_content_style":"","_kad_post_vertical_padding":"","_kad_post_feature":"","_kad_post_feature_position":"","_kad_post_header":false,"_kad_post_footer":false,"_kad_post_classname":""},"product-category":[119,127],"class_list":["post-3950","product","type-product","status-publish","has-post-thumbnail","hentry","product-category-3d-printing-metal-powder","product-category-high-entropy-alloy-powder"],"acf":[],"taxonomy_info":{"product-category":[{"value":119,"label":"3D Printing Metal Powder"},{"value":127,"label":"High Entropy Alloy Powder"}]},"featured_image_src_large":["https:\/\/3dpmetal.com\/wp-content\/uploads\/2024\/02\/FeCoNiCrAl-powder.jpg",600,600,false],"author_info":[],"comment_info":"","_links":{"self":[{"href":"https:\/\/3dpmetal.com\/nl\/wp-json\/wp\/v2\/product\/3950","targetHints":{"allow":["GET"]}}],"collection":[{"href":"https:\/\/3dpmetal.com\/nl\/wp-json\/wp\/v2\/product"}],"about":[{"href":"https:\/\/3dpmetal.com\/nl\/wp-json\/wp\/v2\/types\/product"}],"wp:featuredmedia":[{"embeddable":true,"href":"https:\/\/3dpmetal.com\/nl\/wp-json\/wp\/v2\/media\/1789"}],"wp:attachment":[{"href":"https:\/\/3dpmetal.com\/nl\/wp-json\/wp\/v2\/media?parent=3950"}],"wp:term":[{"taxonomy":"product-category","embeddable":true,"href":"https:\/\/3dpmetal.com\/nl\/wp-json\/wp\/v2\/product-category?post=3950"}],"curies":[{"name":"wp","href":"https:\/\/api.w.org\/{rel}","templated":true}]}}