{"id":2888,"date":"2024-03-07T07:15:34","date_gmt":"2024-03-07T07:15:34","guid":{"rendered":"https:\/\/3dp.45612300.xyz\/?page_id=2888"},"modified":"2024-04-01T06:17:25","modified_gmt":"2024-04-01T06:17:25","slug":"automotive-industry","status":"publish","type":"page","link":"https:\/\/3dpmetal.com\/pl\/automotive-industry\/","title":{"rendered":"Przemys\u0142 Motoryzacyjny"},"content":{"rendered":"<style>.kadence-column2888_e0b287-3a > .kt-inside-inner-col{display:flex;}.kadence-column2888_e0b287-3a > .kt-inside-inner-col{min-height:300px;}.kadence-column2888_e0b287-3a > .kt-inside-inner-col,.kadence-column2888_e0b287-3a > .kt-inside-inner-col:before{border-top-left-radius:0px;border-top-right-radius:0px;border-bottom-right-radius:0px;border-bottom-left-radius:0px;}.kadence-column2888_e0b287-3a > .kt-inside-inner-col{column-gap:var(--global-kb-gap-sm, 1rem);}.kadence-column2888_e0b287-3a > .kt-inside-inner-col{flex-direction:column;justify-content:center;align-items:center;}.kadence-column2888_e0b287-3a > .kt-inside-inner-col > .kb-image-is-ratio-size{align-self:stretch;}.kadence-column2888_e0b287-3a > .kt-inside-inner-col > .wp-block-kadence-advancedgallery{align-self:stretch;}.kadence-column2888_e0b287-3a > .kt-inside-inner-col > .aligncenter{width:100%;}.kt-row-column-wrap > .kadence-column2888_e0b287-3a{align-self:center;}.kt-inner-column-height-full:not(.kt-has-1-columns) > .wp-block-kadence-column.kadence-column2888_e0b287-3a{align-self:auto;}.kt-inner-column-height-full:not(.kt-has-1-columns) > .wp-block-kadence-column.kadence-column2888_e0b287-3a > .kt-inside-inner-col{flex-direction:column;justify-content:center;}.kadence-column2888_e0b287-3a > .kt-inside-inner-col{background-image:url('https:\/\/3dpmetal.com\/wp-content\/uploads\/2024\/02\/663f499e-1c8a-4d2f-9a72-f23b2ce6a317.png');background-size:cover;background-position:50% 0%;background-attachment:scroll;background-repeat:no-repeat;}.kadence-column2888_e0b287-3a > .kt-inside-inner-col:before{opacity:0.63;background-color:#000000;}.kadence-column2888_e0b287-3a{position:relative;}@media all and (max-width: 1024px){.kt-row-column-wrap > .kadence-column2888_e0b287-3a{align-self:center;}}@media all and (max-width: 1024px){.kt-inner-column-height-full:not(.kt-has-1-columns) > .wp-block-kadence-column.kadence-column2888_e0b287-3a{align-self:auto;}}@media all and (max-width: 1024px){.kt-inner-column-height-full:not(.kt-has-1-columns) > .wp-block-kadence-column.kadence-column2888_e0b287-3a > .kt-inside-inner-col{flex-direction:column;justify-content:center;}}@media all and (max-width: 1024px){.kadence-column2888_e0b287-3a > .kt-inside-inner-col{flex-direction:column;justify-content:center;align-items:center;}}@media all and (max-width: 767px){.kt-row-column-wrap > .kadence-column2888_e0b287-3a{align-self:center;}.kt-inner-column-height-full:not(.kt-has-1-columns) > .wp-block-kadence-column.kadence-column2888_e0b287-3a{align-self:auto;}.kt-inner-column-height-full:not(.kt-has-1-columns) > .wp-block-kadence-column.kadence-column2888_e0b287-3a > .kt-inside-inner-col{flex-direction:column;justify-content:center;}.kadence-column2888_e0b287-3a > .kt-inside-inner-col{flex-direction:column;justify-content:center;align-items:center;}}<\/style>\n<div class=\"wp-block-kadence-column kadence-column2888_e0b287-3a kb-section-has-overlay\"><div class=\"kt-inside-inner-col\"><style>.wp-block-kadence-advancedheading.kt-adv-heading2888_7eb6aa-b1, .wp-block-kadence-advancedheading.kt-adv-heading2888_7eb6aa-b1[data-kb-block=\"kb-adv-heading2888_7eb6aa-b1\"]{font-size:40px;font-style:normal;color:#fff9f9;}.wp-block-kadence-advancedheading.kt-adv-heading2888_7eb6aa-b1 mark.kt-highlight, .wp-block-kadence-advancedheading.kt-adv-heading2888_7eb6aa-b1[data-kb-block=\"kb-adv-heading2888_7eb6aa-b1\"] mark.kt-highlight{font-style:normal;color:#f76a0c;-webkit-box-decoration-break:clone;box-decoration-break:clone;padding-top:0px;padding-right:0px;padding-bottom:0px;padding-left:0px;}.wp-block-kadence-advancedheading.kt-adv-heading2888_7eb6aa-b1 img.kb-inline-image, .wp-block-kadence-advancedheading.kt-adv-heading2888_7eb6aa-b1[data-kb-block=\"kb-adv-heading2888_7eb6aa-b1\"] img.kb-inline-image{width:150px;vertical-align:baseline;}@media all and (max-width: 767px){.wp-block-kadence-advancedheading.kt-adv-heading2888_7eb6aa-b1, .wp-block-kadence-advancedheading.kt-adv-heading2888_7eb6aa-b1[data-kb-block=\"kb-adv-heading2888_7eb6aa-b1\"]{font-size:var(--global-kb-font-size-lg, 2rem);}}<\/style>\n<h1 class=\"kt-adv-heading2888_7eb6aa-b1 wp-block-kadence-advancedheading\" data-kb-block=\"kb-adv-heading2888_7eb6aa-b1\">Przemys\u0142 Motoryzacyjny<\/h1>\n<\/div><\/div>\n\n\n<style>.kb-row-layout-id2888_34a69f-f2 > .kt-row-column-wrap{align-content:start;}:where(.kb-row-layout-id2888_34a69f-f2 > .kt-row-column-wrap) > .wp-block-kadence-column{justify-content:start;}.kb-row-layout-id2888_34a69f-f2 > .kt-row-column-wrap{column-gap:var(--global-kb-gap-lg, 4rem);row-gap:var(--global-kb-gap-md, 2rem);max-width:var( --global-content-width, 1600px );padding-left:var(--global-content-edge-padding);padding-right:var(--global-content-edge-padding);padding-top:var(--global-kb-spacing-xxl, 5rem);padding-bottom:var(--global-kb-spacing-sm, 1.5rem);grid-template-columns:minmax(0, calc(40% - ((var(--global-kb-gap-lg, 4rem) * 1 )\/2)))minmax(0, calc(60% - ((var(--global-kb-gap-lg, 4rem) * 1 )\/2)));}.kb-row-layout-id2888_34a69f-f2 > .kt-row-layout-overlay{opacity:0.30;}@media all and (max-width: 1024px){.kb-row-layout-id2888_34a69f-f2 > .kt-row-column-wrap{grid-template-columns:minmax(0, 1fr) minmax(0, 2fr);}}@media all and (max-width: 767px){.kb-row-layout-id2888_34a69f-f2 > .kt-row-column-wrap{row-gap:var(--global-kb-gap-none, 0rem );padding-top:var(--global-kb-spacing-lg, 3rem);grid-template-columns:minmax(0, 1fr);}}<\/style><div class=\"kb-row-layout-wrap kb-row-layout-id2888_34a69f-f2 alignnone wp-block-kadence-rowlayout\"><div class=\"kt-row-column-wrap kt-has-2-columns kt-row-layout-right-golden kt-tab-layout-inherit kt-mobile-layout-row kt-row-valign-top kb-theme-content-width\">\n<style>.kadence-column2888_e9fde1-20 > .kt-inside-inner-col{display:flex;}.kadence-column2888_e9fde1-20 > .kt-inside-inner-col,.kadence-column2888_e9fde1-20 > .kt-inside-inner-col:before{border-top-left-radius:0px;border-top-right-radius:0px;border-bottom-right-radius:0px;border-bottom-left-radius:0px;}.kadence-column2888_e9fde1-20 > .kt-inside-inner-col{column-gap:var(--global-kb-gap-sm, 1rem);}.kadence-column2888_e9fde1-20 > .kt-inside-inner-col{flex-direction:column;justify-content:center;}.kadence-column2888_e9fde1-20 > .kt-inside-inner-col > .aligncenter{width:100%;}.kt-row-column-wrap > .kadence-column2888_e9fde1-20{align-self:center;}.kt-inner-column-height-full:not(.kt-has-1-columns) > .wp-block-kadence-column.kadence-column2888_e9fde1-20{align-self:auto;}.kt-inner-column-height-full:not(.kt-has-1-columns) > .wp-block-kadence-column.kadence-column2888_e9fde1-20 > .kt-inside-inner-col{flex-direction:column;justify-content:center;}.kadence-column2888_e9fde1-20 > .kt-inside-inner-col:before{opacity:0.3;}.kadence-column2888_e9fde1-20{position:relative;}@media all and (max-width: 1024px){.kt-row-column-wrap > .kadence-column2888_e9fde1-20{align-self:center;}}@media all and (max-width: 1024px){.kt-inner-column-height-full:not(.kt-has-1-columns) > .wp-block-kadence-column.kadence-column2888_e9fde1-20{align-self:auto;}}@media all and (max-width: 1024px){.kt-inner-column-height-full:not(.kt-has-1-columns) > .wp-block-kadence-column.kadence-column2888_e9fde1-20 > .kt-inside-inner-col{flex-direction:column;justify-content:center;}}@media all and (max-width: 1024px){.kadence-column2888_e9fde1-20 > .kt-inside-inner-col{flex-direction:column;justify-content:center;}}@media all and (max-width: 767px){.kt-row-column-wrap > .kadence-column2888_e9fde1-20{align-self:center;}.kt-inner-column-height-full:not(.kt-has-1-columns) > .wp-block-kadence-column.kadence-column2888_e9fde1-20{align-self:auto;}.kt-inner-column-height-full:not(.kt-has-1-columns) > .wp-block-kadence-column.kadence-column2888_e9fde1-20 > .kt-inside-inner-col{flex-direction:column;justify-content:center;}.kadence-column2888_e9fde1-20 > .kt-inside-inner-col{flex-direction:column;justify-content:center;}}<\/style>\n<div class=\"wp-block-kadence-column kadence-column2888_e9fde1-20\"><div class=\"kt-inside-inner-col\">\n<figure class=\"wp-block-image size-full\"><img loading=\"lazy\" decoding=\"async\" width=\"600\" height=\"600\" src=\"https:\/\/3dpmetal.com\/wp-content\/uploads\/2024\/03\/car.jpg\" alt=\"\" class=\"wp-image-2868\" title=\"\" srcset=\"https:\/\/3dpmetal.com\/wp-content\/uploads\/2024\/03\/car.jpg 600w, https:\/\/3dpmetal.com\/wp-content\/uploads\/2024\/03\/car-300x300.jpg 300w, https:\/\/3dpmetal.com\/wp-content\/uploads\/2024\/03\/car-150x150.jpg 150w\" sizes=\"auto, (max-width: 600px) 100vw, 600px\" \/><\/figure>\n<\/div><\/div>\n\n\n<style>.kadence-column2888_eea6ed-3c > .kt-inside-inner-col{display:flex;}.kadence-column2888_eea6ed-3c > .kt-inside-inner-col,.kadence-column2888_eea6ed-3c > .kt-inside-inner-col:before{border-top-left-radius:0px;border-top-right-radius:0px;border-bottom-right-radius:0px;border-bottom-left-radius:0px;}.kadence-column2888_eea6ed-3c > .kt-inside-inner-col{column-gap:var(--global-kb-gap-sm, 1rem);}.kadence-column2888_eea6ed-3c > .kt-inside-inner-col{flex-direction:column;justify-content:center;}.kadence-column2888_eea6ed-3c > .kt-inside-inner-col > .aligncenter{width:100%;}.kt-row-column-wrap > .kadence-column2888_eea6ed-3c{align-self:center;}.kt-inner-column-height-full:not(.kt-has-1-columns) > .wp-block-kadence-column.kadence-column2888_eea6ed-3c{align-self:auto;}.kt-inner-column-height-full:not(.kt-has-1-columns) > .wp-block-kadence-column.kadence-column2888_eea6ed-3c > .kt-inside-inner-col{flex-direction:column;justify-content:center;}.kadence-column2888_eea6ed-3c > .kt-inside-inner-col:before{opacity:0.3;}.kadence-column2888_eea6ed-3c{position:relative;}@media all and (max-width: 1024px){.kt-row-column-wrap > .kadence-column2888_eea6ed-3c{align-self:center;}}@media all and (max-width: 1024px){.kt-inner-column-height-full:not(.kt-has-1-columns) > .wp-block-kadence-column.kadence-column2888_eea6ed-3c{align-self:auto;}}@media all and (max-width: 1024px){.kt-inner-column-height-full:not(.kt-has-1-columns) > .wp-block-kadence-column.kadence-column2888_eea6ed-3c > .kt-inside-inner-col{flex-direction:column;justify-content:center;}}@media all and (max-width: 1024px){.kadence-column2888_eea6ed-3c > .kt-inside-inner-col{flex-direction:column;justify-content:center;}}@media all and (max-width: 767px){.kt-row-column-wrap > .kadence-column2888_eea6ed-3c{align-self:center;}.kt-inner-column-height-full:not(.kt-has-1-columns) > .wp-block-kadence-column.kadence-column2888_eea6ed-3c{align-self:auto;}.kt-inner-column-height-full:not(.kt-has-1-columns) > .wp-block-kadence-column.kadence-column2888_eea6ed-3c > .kt-inside-inner-col{flex-direction:column;justify-content:center;}.kadence-column2888_eea6ed-3c > .kt-inside-inner-col{flex-direction:column;justify-content:center;}}<\/style>\n<div class=\"wp-block-kadence-column kadence-column2888_eea6ed-3c\"><div class=\"kt-inside-inner-col\"><style>.wp-block-kadence-advancedheading.kt-adv-heading2888_c07e79-09, .wp-block-kadence-advancedheading.kt-adv-heading2888_c07e79-09[data-kb-block=\"kb-adv-heading2888_c07e79-09\"]{font-style:normal;}.wp-block-kadence-advancedheading.kt-adv-heading2888_c07e79-09 mark.kt-highlight, .wp-block-kadence-advancedheading.kt-adv-heading2888_c07e79-09[data-kb-block=\"kb-adv-heading2888_c07e79-09\"] mark.kt-highlight{font-style:normal;color:#f76a0c;-webkit-box-decoration-break:clone;box-decoration-break:clone;padding-top:0px;padding-right:0px;padding-bottom:0px;padding-left:0px;}.wp-block-kadence-advancedheading.kt-adv-heading2888_c07e79-09 img.kb-inline-image, .wp-block-kadence-advancedheading.kt-adv-heading2888_c07e79-09[data-kb-block=\"kb-adv-heading2888_c07e79-09\"] img.kb-inline-image{width:150px;vertical-align:baseline;}@media all and (max-width: 767px){.wp-block-kadence-advancedheading.kt-adv-heading2888_c07e79-09, .wp-block-kadence-advancedheading.kt-adv-heading2888_c07e79-09[data-kb-block=\"kb-adv-heading2888_c07e79-09\"]{font-size:20px;}}<\/style>\n<h2 class=\"kt-adv-heading2888_c07e79-09 wp-block-kadence-advancedheading\" data-kb-block=\"kb-adv-heading2888_c07e79-09\">Bran\u017ca motoryzacyjna jest miejscem nieustannych zmian.<\/h2>\n\n\n\n<p>Technologia przyrostowa zyskuje popularno\u015b\u0107 w motoryzacji przy produkcji lekkich, zoptymalizowanych komponent\u00f3w. Tr\u00f3jwymiarowy druk metalowy umo\u017cliwia stosowanie z\u0142o\u017conych projekt\u00f3w, kt\u00f3re redukuj\u0105 ci\u0119\u017car, zachowuj\u0105c wytrzyma\u0142o\u015b\u0107. Jest to kluczowe dla poprawy osi\u0105g\u00f3w i efektywno\u015bci paliwowej pojazdu. Konsolidacja zespo\u0142\u00f3w w pojedynczych wydrukowanych cz\u0119\u015bciach usprawnia tak\u017ce produkcj\u0119.<\/p>\n\n\n\n<p>Meituo to idealny partner dla firm motoryzacyjnych wdra\u017caj\u0105cych technologi\u0119 przyrostowego wytwarzania metali. Nasze zaawansowane drukarki z wykorzystaniem topienia selektywnego wi\u0105zk\u0105 elektron\u00f3w sprawdzaj\u0105 si\u0119 doskonale podczas pracy ze stopami aluminium, tytanu i stali powszechnie stosowanymi w produkcji samochod\u00f3w. Nasze systemy zapewniaj\u0105 precyzj\u0119, wyko\u0144czenie powierzchni i w\u0142asno\u015bci mechaniczne wymagane w przypadku cz\u0119\u015bci samochodowych i oprzyrz\u0105dowania ko\u0144cowego przeznaczenia.<\/p>\n\n\n\n<p>Ponadto Meituo oferuje szeroki wachlarz proszk\u00f3w metalowych zoptymalizowanych do naszych drukarek. Obejmuj\u0105 one aluminium, tytan, nikiel, stal nierdzewn\u0105 i inne. Nasze wysokiej jako\u015bci proszki gwarantuj\u0105 niezawodny, powtarzalny druk g\u0119stych, trwa\u0142ych element\u00f3w motoryzacyjnych.<\/p>\n\n\n\n<p>Dzi\u0119ki szerokiej wiedzy na temat metalowych technik addytywnych Meituo pomaga producentom cz\u0119\u015bci samochodowych zatwierdza\u0107 drukowane cz\u0119\u015bci do u\u017cytku na skal\u0119 przemys\u0142ow\u0105. Dzi\u0119ki wykorzystaniu naszych wiod\u0105cych drukarek 3D i spersonalizowanych proszk\u00f3w firmy motoryzacyjne mog\u0105 korzysta\u0107 z metalowych dodatk\u00f3w, aby usprawni\u0107 elastyczno\u015b\u0107 produkcji i wydajno\u015b\u0107 pojazd\u00f3w.<\/p>\n\n\n\n<p>Meituo wsp\u00f3\u0142pracuje z organizacjami motoryzacyjnymi w zakresie wdro\u017cenia druku 3D metali i realizacji jego zalet. Nasze wszechstronne rozwi\u0105zania promuj\u0105 produkcj\u0119 przyrostow\u0105 w bran\u017cy motoryzacyjnej.<\/p>\n<\/div><\/div>\n\n<\/div><\/div>","protected":false},"excerpt":{"rendered":"<p>Automotive Industry The Automotive Industry Is One Of Constant Change. Additive manufacturing is gaining traction in automotive for producing lightweight, optimized components. Metal 3D printing enables complex designs to reduce weight while retaining strength. This is crucial for improving vehicle fuel efficiency and performance. Consolidating assemblies into single printed parts also streamlines production. Meituo is&#8230;<\/p>","protected":false},"author":1,"featured_media":0,"parent":0,"menu_order":0,"comment_status":"closed","ping_status":"closed","template":"","meta":{"_acf_changed":false,"_kad_blocks_custom_css":"","_kad_blocks_head_custom_js":"","_kad_blocks_body_custom_js":"","_kad_blocks_footer_custom_js":"","_kad_post_transparent":"","_kad_post_title":"","_kad_post_layout":"fullwidth","_kad_post_sidebar_id":"","_kad_post_content_style":"unboxed","_kad_post_vertical_padding":"","_kad_post_feature":"","_kad_post_feature_position":"","_kad_post_header":false,"_kad_post_footer":false,"_kad_post_classname":"","footnotes":""},"class_list":["post-2888","page","type-page","status-publish","hentry"],"acf":[],"taxonomy_info":[],"featured_image_src_large":false,"author_info":{"display_name":"demo","author_link":"https:\/\/3dpmetal.com\/pl\/author\/demo\/"},"comment_info":0,"_links":{"self":[{"href":"https:\/\/3dpmetal.com\/pl\/wp-json\/wp\/v2\/pages\/2888","targetHints":{"allow":["GET"]}}],"collection":[{"href":"https:\/\/3dpmetal.com\/pl\/wp-json\/wp\/v2\/pages"}],"about":[{"href":"https:\/\/3dpmetal.com\/pl\/wp-json\/wp\/v2\/types\/page"}],"author":[{"embeddable":true,"href":"https:\/\/3dpmetal.com\/pl\/wp-json\/wp\/v2\/users\/1"}],"replies":[{"embeddable":true,"href":"https:\/\/3dpmetal.com\/pl\/wp-json\/wp\/v2\/comments?post=2888"}],"version-history":[{"count":4,"href":"https:\/\/3dpmetal.com\/pl\/wp-json\/wp\/v2\/pages\/2888\/revisions"}],"predecessor-version":[{"id":4070,"href":"https:\/\/3dpmetal.com\/pl\/wp-json\/wp\/v2\/pages\/2888\/revisions\/4070"}],"wp:attachment":[{"href":"https:\/\/3dpmetal.com\/pl\/wp-json\/wp\/v2\/media?parent=2888"}],"curies":[{"name":"wp","href":"https:\/\/api.w.org\/{rel}","templated":true}]}}