{"id":2892,"date":"2024-03-07T07:49:53","date_gmt":"2024-03-07T07:49:53","guid":{"rendered":"https:\/\/3dp.45612300.xyz\/?page_id=2892"},"modified":"2024-04-01T06:18:05","modified_gmt":"2024-04-01T06:18:05","slug":"energy-sector","status":"publish","type":"page","link":"https:\/\/3dpmetal.com\/pl\/energy-sector\/","title":{"rendered":"Sektor energetyczny"},"content":{"rendered":"<style>.kadence-column2892_e11e99-bd > .kt-inside-inner-col{display:flex;}.kadence-column2892_e11e99-bd > .kt-inside-inner-col{min-height:300px;}.kadence-column2892_e11e99-bd > .kt-inside-inner-col,.kadence-column2892_e11e99-bd > .kt-inside-inner-col:before{border-top-left-radius:0px;border-top-right-radius:0px;border-bottom-right-radius:0px;border-bottom-left-radius:0px;}.kadence-column2892_e11e99-bd > .kt-inside-inner-col{column-gap:var(--global-kb-gap-sm, 1rem);}.kadence-column2892_e11e99-bd > .kt-inside-inner-col{flex-direction:column;justify-content:center;align-items:center;}.kadence-column2892_e11e99-bd > .kt-inside-inner-col > .kb-image-is-ratio-size{align-self:stretch;}.kadence-column2892_e11e99-bd > .kt-inside-inner-col > .wp-block-kadence-advancedgallery{align-self:stretch;}.kadence-column2892_e11e99-bd > .kt-inside-inner-col > .aligncenter{width:100%;}.kt-row-column-wrap > .kadence-column2892_e11e99-bd{align-self:center;}.kt-inner-column-height-full:not(.kt-has-1-columns) > .wp-block-kadence-column.kadence-column2892_e11e99-bd{align-self:auto;}.kt-inner-column-height-full:not(.kt-has-1-columns) > .wp-block-kadence-column.kadence-column2892_e11e99-bd > .kt-inside-inner-col{flex-direction:column;justify-content:center;}.kadence-column2892_e11e99-bd > .kt-inside-inner-col{background-image:url('https:\/\/3dpmetal.com\/wp-content\/uploads\/2024\/02\/663f499e-1c8a-4d2f-9a72-f23b2ce6a317.png');background-size:cover;background-position:50% 0%;background-attachment:scroll;background-repeat:no-repeat;}.kadence-column2892_e11e99-bd > .kt-inside-inner-col:before{opacity:0.63;background-color:#000000;}.kadence-column2892_e11e99-bd{position:relative;}@media all and (max-width: 1024px){.kt-row-column-wrap > .kadence-column2892_e11e99-bd{align-self:center;}}@media all and (max-width: 1024px){.kt-inner-column-height-full:not(.kt-has-1-columns) > .wp-block-kadence-column.kadence-column2892_e11e99-bd{align-self:auto;}}@media all and (max-width: 1024px){.kt-inner-column-height-full:not(.kt-has-1-columns) > .wp-block-kadence-column.kadence-column2892_e11e99-bd > .kt-inside-inner-col{flex-direction:column;justify-content:center;}}@media all and (max-width: 1024px){.kadence-column2892_e11e99-bd > .kt-inside-inner-col{flex-direction:column;justify-content:center;align-items:center;}}@media all and (max-width: 767px){.kt-row-column-wrap > .kadence-column2892_e11e99-bd{align-self:center;}.kt-inner-column-height-full:not(.kt-has-1-columns) > .wp-block-kadence-column.kadence-column2892_e11e99-bd{align-self:auto;}.kt-inner-column-height-full:not(.kt-has-1-columns) > .wp-block-kadence-column.kadence-column2892_e11e99-bd > .kt-inside-inner-col{flex-direction:column;justify-content:center;}.kadence-column2892_e11e99-bd > .kt-inside-inner-col{flex-direction:column;justify-content:center;align-items:center;}}<\/style>\n<div class=\"wp-block-kadence-column kadence-column2892_e11e99-bd kb-section-has-overlay\"><div class=\"kt-inside-inner-col\"><style>.wp-block-kadence-advancedheading.kt-adv-heading2892_32d462-4a, .wp-block-kadence-advancedheading.kt-adv-heading2892_32d462-4a[data-kb-block=\"kb-adv-heading2892_32d462-4a\"]{font-size:40px;font-style:normal;color:#fff9f9;}.wp-block-kadence-advancedheading.kt-adv-heading2892_32d462-4a mark.kt-highlight, .wp-block-kadence-advancedheading.kt-adv-heading2892_32d462-4a[data-kb-block=\"kb-adv-heading2892_32d462-4a\"] mark.kt-highlight{font-style:normal;color:#f76a0c;-webkit-box-decoration-break:clone;box-decoration-break:clone;padding-top:0px;padding-right:0px;padding-bottom:0px;padding-left:0px;}.wp-block-kadence-advancedheading.kt-adv-heading2892_32d462-4a img.kb-inline-image, .wp-block-kadence-advancedheading.kt-adv-heading2892_32d462-4a[data-kb-block=\"kb-adv-heading2892_32d462-4a\"] img.kb-inline-image{width:150px;vertical-align:baseline;}@media all and (max-width: 767px){.wp-block-kadence-advancedheading.kt-adv-heading2892_32d462-4a, .wp-block-kadence-advancedheading.kt-adv-heading2892_32d462-4a[data-kb-block=\"kb-adv-heading2892_32d462-4a\"]{font-size:var(--global-kb-font-size-lg, 2rem);}}<\/style>\n<h1 class=\"kt-adv-heading2892_32d462-4a wp-block-kadence-advancedheading\" data-kb-block=\"kb-adv-heading2892_32d462-4a\">Sektor energetyczny<\/h1>\n<\/div><\/div>\n\n\n<style>.kb-row-layout-id2892_75fb7d-fe > .kt-row-column-wrap{align-content:start;}:where(.kb-row-layout-id2892_75fb7d-fe > .kt-row-column-wrap) > .wp-block-kadence-column{justify-content:start;}.kb-row-layout-id2892_75fb7d-fe > .kt-row-column-wrap{column-gap:var(--global-kb-gap-lg, 4rem);row-gap:var(--global-kb-gap-md, 2rem);max-width:var( --global-content-width, 1600px );padding-left:var(--global-content-edge-padding);padding-right:var(--global-content-edge-padding);padding-top:var(--global-kb-spacing-xxl, 5rem);padding-bottom:var(--global-kb-spacing-sm, 1.5rem);grid-template-columns:minmax(0, calc(40% - ((var(--global-kb-gap-lg, 4rem) * 1 )\/2)))minmax(0, calc(60% - ((var(--global-kb-gap-lg, 4rem) * 1 )\/2)));}.kb-row-layout-id2892_75fb7d-fe > .kt-row-layout-overlay{opacity:0.30;}@media all and (max-width: 1024px){.kb-row-layout-id2892_75fb7d-fe > .kt-row-column-wrap{grid-template-columns:minmax(0, 1fr) minmax(0, 2fr);}}@media all and (max-width: 767px){.kb-row-layout-id2892_75fb7d-fe > .kt-row-column-wrap{row-gap:var(--global-kb-gap-none, 0rem );padding-top:var(--global-kb-spacing-md, 2rem);grid-template-columns:minmax(0, 1fr);}}<\/style><div class=\"kb-row-layout-wrap kb-row-layout-id2892_75fb7d-fe alignnone wp-block-kadence-rowlayout\"><div class=\"kt-row-column-wrap kt-has-2-columns kt-row-layout-right-golden kt-tab-layout-inherit kt-mobile-layout-row kt-row-valign-top kb-theme-content-width\">\n<style>.kadence-column2892_76792b-35 > .kt-inside-inner-col{display:flex;}.kadence-column2892_76792b-35 > .kt-inside-inner-col,.kadence-column2892_76792b-35 > .kt-inside-inner-col:before{border-top-left-radius:0px;border-top-right-radius:0px;border-bottom-right-radius:0px;border-bottom-left-radius:0px;}.kadence-column2892_76792b-35 > .kt-inside-inner-col{column-gap:var(--global-kb-gap-sm, 1rem);}.kadence-column2892_76792b-35 > .kt-inside-inner-col{flex-direction:column;justify-content:center;}.kadence-column2892_76792b-35 > .kt-inside-inner-col > .aligncenter{width:100%;}.kt-row-column-wrap > .kadence-column2892_76792b-35{align-self:center;}.kt-inner-column-height-full:not(.kt-has-1-columns) > .wp-block-kadence-column.kadence-column2892_76792b-35{align-self:auto;}.kt-inner-column-height-full:not(.kt-has-1-columns) > .wp-block-kadence-column.kadence-column2892_76792b-35 > .kt-inside-inner-col{flex-direction:column;justify-content:center;}.kadence-column2892_76792b-35 > .kt-inside-inner-col:before{opacity:0.3;}.kadence-column2892_76792b-35{position:relative;}@media all and (max-width: 1024px){.kt-row-column-wrap > .kadence-column2892_76792b-35{align-self:center;}}@media all and (max-width: 1024px){.kt-inner-column-height-full:not(.kt-has-1-columns) > .wp-block-kadence-column.kadence-column2892_76792b-35{align-self:auto;}}@media all and (max-width: 1024px){.kt-inner-column-height-full:not(.kt-has-1-columns) > .wp-block-kadence-column.kadence-column2892_76792b-35 > .kt-inside-inner-col{flex-direction:column;justify-content:center;}}@media all and (max-width: 1024px){.kadence-column2892_76792b-35 > .kt-inside-inner-col{flex-direction:column;justify-content:center;}}@media all and (max-width: 767px){.kt-row-column-wrap > .kadence-column2892_76792b-35{align-self:center;}.kt-inner-column-height-full:not(.kt-has-1-columns) > .wp-block-kadence-column.kadence-column2892_76792b-35{align-self:auto;}.kt-inner-column-height-full:not(.kt-has-1-columns) > .wp-block-kadence-column.kadence-column2892_76792b-35 > .kt-inside-inner-col{flex-direction:column;justify-content:center;}.kadence-column2892_76792b-35 > .kt-inside-inner-col{flex-direction:column;justify-content:center;}}<\/style>\n<div class=\"wp-block-kadence-column kadence-column2892_76792b-35\"><div class=\"kt-inside-inner-col\">\n<figure class=\"wp-block-image size-full\"><img loading=\"lazy\" decoding=\"async\" width=\"600\" height=\"600\" src=\"https:\/\/3dpmetal.com\/wp-content\/uploads\/2024\/03\/energy-1.jpg\" alt=\"\" class=\"wp-image-2870\" title=\"\" srcset=\"https:\/\/3dpmetal.com\/wp-content\/uploads\/2024\/03\/energy-1.jpg 600w, https:\/\/3dpmetal.com\/wp-content\/uploads\/2024\/03\/energy-1-300x300.jpg 300w, https:\/\/3dpmetal.com\/wp-content\/uploads\/2024\/03\/energy-1-150x150.jpg 150w\" sizes=\"auto, (max-width: 600px) 100vw, 600px\" \/><\/figure>\n<\/div><\/div>\n\n\n<style>.kadence-column2892_31cf02-b5 > .kt-inside-inner-col{display:flex;}.kadence-column2892_31cf02-b5 > .kt-inside-inner-col,.kadence-column2892_31cf02-b5 > .kt-inside-inner-col:before{border-top-left-radius:0px;border-top-right-radius:0px;border-bottom-right-radius:0px;border-bottom-left-radius:0px;}.kadence-column2892_31cf02-b5 > .kt-inside-inner-col{column-gap:var(--global-kb-gap-sm, 1rem);}.kadence-column2892_31cf02-b5 > .kt-inside-inner-col{flex-direction:column;justify-content:center;}.kadence-column2892_31cf02-b5 > .kt-inside-inner-col > .aligncenter{width:100%;}.kt-row-column-wrap > .kadence-column2892_31cf02-b5{align-self:center;}.kt-inner-column-height-full:not(.kt-has-1-columns) > .wp-block-kadence-column.kadence-column2892_31cf02-b5{align-self:auto;}.kt-inner-column-height-full:not(.kt-has-1-columns) > .wp-block-kadence-column.kadence-column2892_31cf02-b5 > .kt-inside-inner-col{flex-direction:column;justify-content:center;}.kadence-column2892_31cf02-b5 > .kt-inside-inner-col:before{opacity:0.3;}.kadence-column2892_31cf02-b5{position:relative;}@media all and (max-width: 1024px){.kt-row-column-wrap > .kadence-column2892_31cf02-b5{align-self:center;}}@media all and (max-width: 1024px){.kt-inner-column-height-full:not(.kt-has-1-columns) > .wp-block-kadence-column.kadence-column2892_31cf02-b5{align-self:auto;}}@media all and (max-width: 1024px){.kt-inner-column-height-full:not(.kt-has-1-columns) > .wp-block-kadence-column.kadence-column2892_31cf02-b5 > .kt-inside-inner-col{flex-direction:column;justify-content:center;}}@media all and (max-width: 1024px){.kadence-column2892_31cf02-b5 > .kt-inside-inner-col{flex-direction:column;justify-content:center;}}@media all and (max-width: 767px){.kt-row-column-wrap > .kadence-column2892_31cf02-b5{align-self:center;}.kt-inner-column-height-full:not(.kt-has-1-columns) > .wp-block-kadence-column.kadence-column2892_31cf02-b5{align-self:auto;}.kt-inner-column-height-full:not(.kt-has-1-columns) > .wp-block-kadence-column.kadence-column2892_31cf02-b5 > .kt-inside-inner-col{flex-direction:column;justify-content:center;}.kadence-column2892_31cf02-b5 > .kt-inside-inner-col{flex-direction:column;justify-content:center;}}<\/style>\n<div class=\"wp-block-kadence-column kadence-column2892_31cf02-b5\"><div class=\"kt-inside-inner-col\"><style>.wp-block-kadence-advancedheading.kt-adv-heading2892_087f09-10, .wp-block-kadence-advancedheading.kt-adv-heading2892_087f09-10[data-kb-block=\"kb-adv-heading2892_087f09-10\"]{font-style:normal;}.wp-block-kadence-advancedheading.kt-adv-heading2892_087f09-10 mark.kt-highlight, .wp-block-kadence-advancedheading.kt-adv-heading2892_087f09-10[data-kb-block=\"kb-adv-heading2892_087f09-10\"] mark.kt-highlight{font-style:normal;color:#f76a0c;-webkit-box-decoration-break:clone;box-decoration-break:clone;padding-top:0px;padding-right:0px;padding-bottom:0px;padding-left:0px;}.wp-block-kadence-advancedheading.kt-adv-heading2892_087f09-10 img.kb-inline-image, .wp-block-kadence-advancedheading.kt-adv-heading2892_087f09-10[data-kb-block=\"kb-adv-heading2892_087f09-10\"] img.kb-inline-image{width:150px;vertical-align:baseline;}@media all and (max-width: 767px){.wp-block-kadence-advancedheading.kt-adv-heading2892_087f09-10, .wp-block-kadence-advancedheading.kt-adv-heading2892_087f09-10[data-kb-block=\"kb-adv-heading2892_087f09-10\"]{font-size:20px;}}<\/style>\n<h2 class=\"kt-adv-heading2892_087f09-10 wp-block-kadence-advancedheading\" data-kb-block=\"kb-adv-heading2892_087f09-10\">Sektor energetyczny to sektor sta\u0142ych zmian.<\/h2>\n\n\n\n<p>Bran\u017ca energetyczna wykorzystuje produkcj\u0119 addytywn\u0105 do wytwarzania podzespo\u0142\u00f3w o zwi\u0119kszonej wydajno\u015bci. Druk 3D w metalu umo\u017cliwia tworzenie skomplikowanych geometrii w celu poprawy przep\u0142ywu ciep\u0142a i p\u0142yn\u00f3w w turbinach, zaworach i innym osprz\u0119cie naftowo-gazowym. Konsolidowanie zespo\u0142\u00f3w w jednolicowych odlewanych cz\u0119\u015bciach zmniejsza r\u00f3wnie\u017c liczb\u0119 etap\u00f3w produkcji.<\/p>\n\n\n\n<p>Meituo to idealny partner dla firm energetycznych badaj\u0105cych techniki AM. Nasze zaawansowane systemy wytopu wi\u0105zk\u0105 elektron\u00f3w s\u0105 doskona\u0142e do pracy z niklowo-kobaltowymi i nierdzewnymi stopami stali, szeroko stosowanymi w aplikacjach energetycznych. Nasz proces osi\u0105ga w\u0142a\u015bciwo\u015bci mechaniczne, wyko\u0144czenie powierzchni i dok\u0142adno\u015b\u0107 wymiarow\u0105 wymagane dla cz\u0119\u015bci w przemy\u015ble naftowym i gazowym.<\/p>\n\n\n\n<p>Dodatkowo firma Meituo dostarcza szerok\u0105 ofert\u0119 proszk\u00f3w metalowych zoptymalizowanych do pracy z naszymi drukarkami. Oferta obejmuje stopy niklu, kobaltu i stali nierdzewnej powszechnie u\u017cywane w energetyce, przemy\u015ble naftowym i gazowym. Nasze proszki wysokiej jako\u015bci zapewniaj\u0105 niezawodne i wielokrotne drukowanie g\u0119stych i trwa\u0142ych cz\u0119\u015bci energetycznych.<\/p>\n\n\n\n<p>Posiadaj\u0105c wiedz\u0119 specjalistyczn\u0105 w regulowanych bran\u017cach, Meituo pomaga firmom energetycznym weryfikowa\u0107 drukowane komponenty do u\u017cycia w terenie. Wykorzystuj\u0105c nasze wiod\u0105ce systemy drukowania 3D i dopasowane proszki, organizacje energetyczne mog\u0105 wdro\u017cy\u0107 metalowe AM w celu poprawy wydajno\u015bci sprz\u0119tu.<\/p>\n\n\n\n<p>Firma Meituo nawi\u0105za\u0142a wsp\u00f3\u0142prac\u0119 z sektorem energetycznym, by udoskonali\u0107 techniki przyrostowe dotycz\u0105ce metali. Nasze kompleksowe rozwi\u0105zania uwalniaj\u0105 korzy\u015bci druku 3D dla sprz\u0119tu energetycznego nast\u0119pnej generacji.<\/p>\n<\/div><\/div>\n\n<\/div><\/div>","protected":false},"excerpt":{"rendered":"<p>Energy Sector The Energy Sector Is One Of Constant Change. The energy industry is leveraging additive manufacturing to produce components with enhanced performance. Metal 3D printing enables complex geometries to improve heat and fluid flow in turbines, valves, and other oil and gas hardware. Consolidating assemblies into single printed parts also reduces manufacturing steps. Meituo&#8230;<\/p>","protected":false},"author":1,"featured_media":0,"parent":0,"menu_order":0,"comment_status":"closed","ping_status":"closed","template":"","meta":{"_acf_changed":false,"_kad_blocks_custom_css":"","_kad_blocks_head_custom_js":"","_kad_blocks_body_custom_js":"","_kad_blocks_footer_custom_js":"","_kad_post_transparent":"","_kad_post_title":"","_kad_post_layout":"fullwidth","_kad_post_sidebar_id":"","_kad_post_content_style":"unboxed","_kad_post_vertical_padding":"","_kad_post_feature":"","_kad_post_feature_position":"","_kad_post_header":false,"_kad_post_footer":false,"_kad_post_classname":"","footnotes":""},"class_list":["post-2892","page","type-page","status-publish","hentry"],"acf":[],"taxonomy_info":[],"featured_image_src_large":false,"author_info":{"display_name":"demo","author_link":"https:\/\/3dpmetal.com\/pl\/author\/demo\/"},"comment_info":0,"_links":{"self":[{"href":"https:\/\/3dpmetal.com\/pl\/wp-json\/wp\/v2\/pages\/2892","targetHints":{"allow":["GET"]}}],"collection":[{"href":"https:\/\/3dpmetal.com\/pl\/wp-json\/wp\/v2\/pages"}],"about":[{"href":"https:\/\/3dpmetal.com\/pl\/wp-json\/wp\/v2\/types\/page"}],"author":[{"embeddable":true,"href":"https:\/\/3dpmetal.com\/pl\/wp-json\/wp\/v2\/users\/1"}],"replies":[{"embeddable":true,"href":"https:\/\/3dpmetal.com\/pl\/wp-json\/wp\/v2\/comments?post=2892"}],"version-history":[{"count":3,"href":"https:\/\/3dpmetal.com\/pl\/wp-json\/wp\/v2\/pages\/2892\/revisions"}],"predecessor-version":[{"id":4071,"href":"https:\/\/3dpmetal.com\/pl\/wp-json\/wp\/v2\/pages\/2892\/revisions\/4071"}],"wp:attachment":[{"href":"https:\/\/3dpmetal.com\/pl\/wp-json\/wp\/v2\/media?parent=2892"}],"curies":[{"name":"wp","href":"https:\/\/api.w.org\/{rel}","templated":true}]}}