{"id":3859,"date":"2024-03-18T06:10:08","date_gmt":"2024-03-18T06:10:08","guid":{"rendered":"https:\/\/3dp.45612300.xyz\/product\/ti-6al-4v-titanium-alloy-powder\/"},"modified":"2024-03-18T06:10:08","modified_gmt":"2024-03-18T06:10:08","slug":"ti-6al-4v-titanium-alloy-powder","status":"publish","type":"product","link":"https:\/\/3dpmetal.com\/pl\/product\/ti-6al-4v-titanium-alloy-powder\/","title":{"rendered":"Proszek ze stopu tytanu Ti-6Al-4V"},"content":{"rendered":"<p><span style=\"vertical-align: inherit;\"><span style=\"vertical-align: inherit;\">Low oxygen pure titanium powder is the basis of powder metallurgy titanium production, is also one of the company\u00a3\u00aas leading products. At present, the company through HDH process, and oxygen control technology, the production of high-end ultra-fine low-oxygen pure Titanium Alloy Powder in the international leading position in the indicators, with the characteristics of ultrafine powder size, ultra-low oxygen content, low impurities, to achieve the large-scale production of high-end low-oxygen pure titanium powder. It can produce a variety of titanium powder products, such as 150\u00c3\u00d7m, 75\u00c3\u00d7m, 45\u00c3\u00d7m, 10\u00c3\u00d7m, 3\u00c3\u00d7m and so on, with oxygen content reduced by 50% compared with conventional commercial products. The high-end ultra-fine low-oxygen pure titanium powder produced by the company has been listed as a qualified supplier of titanium powder in China\u00a3\u00aas first nuclear chemical project. At present, the domestic market share of our high-end low-oxygen pure titanium powder is more than 70%.<\/p>\n<p><strong>Product?<\/strong><strong>Specyfikacja<\/strong><\/p>\n<div>\n<table>\n<tbody>\n<tr>\n<td data-sheets-value=\"{&quot;1&quot;:2,&quot;2&quot;:&quot;Pure titanium powder&quot;}\"><strong>Pure titanium powder<\/strong><\/td>\n<td data-sheets-value=\"{&quot;1&quot;:2,&quot;2&quot;:&quot;Mesh&quot;}\"><strong>Mesh<\/strong><\/td>\n<td data-sheets-value=\"{&quot;1&quot;:2,&quot;2&quot;:&quot;Particle size\u00a8P&quot;}\"><strong>Particle size\u00a8P<\/strong><\/td>\n<td data-sheets-value=\"{&quot;1&quot;:2,&quot;2&quot;:&quot;PSD&quot;}\"><strong>PSD<\/strong><\/td>\n<td colspan=\"10\" rowspan=\"1\" data-sheets-value=\"{&quot;1&quot;:2,&quot;2&quot;:&quot;Element\u00a8\u00d7%\u00a8\u00d8\u00a1\u00a5&quot;}\"><strong>Element\u00a8\u00d7%\u00a8\u00d8\u00a1\u00a5<\/strong><\/td>\n<\/tr>\n<tr>\n<td data-sheets-value=\"{&quot;1&quot;:2,&quot;2&quot;:&quot;D10&quot;}\">D10<\/td>\n<td data-sheets-value=\"{&quot;1&quot;:2,&quot;2&quot;:&quot;D50&quot;}\">D50<\/td>\n<td data-sheets-value=\"{&quot;1&quot;:2,&quot;2&quot;:&quot;D90&quot;}\">D90<\/td>\n<td data-sheets-value=\"{&quot;1&quot;:2,&quot;2&quot;:&quot;Fe&quot;}\">Fe<\/td>\n<td data-sheets-value=\"{&quot;1&quot;:2,&quot;2&quot;:&quot;Cl&quot;}\">Cl<\/td>\n<td data-sheets-value=\"{&quot;1&quot;:2,&quot;2&quot;:&quot;Mg&quot;}\">Mg<\/td>\n<td data-sheets-value=\"{&quot;1&quot;:2,&quot;2&quot;:&quot;Mn&quot;}\">Mn<\/td>\n<td data-sheets-value=\"{&quot;1&quot;:2,&quot;2&quot;:&quot;Si&quot;}\">Tak<\/td>\n<td data-sheets-value=\"{&quot;1&quot;:2,&quot;2&quot;:&quot;C&quot;}\">Sure, the text \"C\" translates to Polish as \"Tak.\"<\/td>\n<td data-sheets-value=\"{&quot;1&quot;:2,&quot;2&quot;:&quot;N&quot;}\">The text \"N\" does not have a meaning in English, so I cannot provide a translation for it. If you provide more context or clarify the text you need translated, I'll be happy to assist you further.<\/td>\n<td data-sheets-value=\"{&quot;1&quot;:2,&quot;2&quot;:&quot;H&quot;}\">H<\/td>\n<td data-sheets-value=\"{&quot;1&quot;:2,&quot;2&quot;:&quot;O&quot;}\">\u00d3<\/td>\n<td><\/td>\n<td><\/td>\n<\/tr>\n<tr>\n<td data-sheets-value=\"{&quot;1&quot;:2,&quot;2&quot;:&quot;-100mesh&quot;}\">-100mesh<\/td>\n<td data-sheets-value=\"{&quot;1&quot;:2,&quot;2&quot;:&quot;150\u00c3\u00d7m&quot;}\">150\u00c3\u00d7m<\/td>\n<td data-sheets-value=\"{&quot;1&quot;:2,&quot;2&quot;:&quot;45-50&quot;}\">45-50<\/td>\n<td data-sheets-value=\"{&quot;1&quot;:2,&quot;2&quot;:&quot;90-95&quot;}\">90-95<\/td>\n<td data-sheets-value=\"{&quot;1&quot;:2,&quot;2&quot;:&quot;135-140&quot;}\">135-140<\/td>\n<td data-sheets-value=\"{&quot;1&quot;:3,&quot;3&quot;:0.03}\">0.03<\/td>\n<td data-sheets-value=\"{&quot;1&quot;:3,&quot;3&quot;:0.02}\">0.02<\/td>\n<td data-sheets-value=\"{&quot;1&quot;:3,&quot;3&quot;:0.01}\">0.01<\/td>\n<td data-sheets-value=\"{&quot;1&quot;:3,&quot;3&quot;:0.01}\">0.01<\/td>\n<td data-sheets-value=\"{&quot;1&quot;:3,&quot;3&quot;:0.01}\">0.01<\/td>\n<td data-sheets-value=\"{&quot;1&quot;:3,&quot;3&quot;:0.03}\">0.03<\/td>\n<td data-sheets-value=\"{&quot;1&quot;:3,&quot;3&quot;:0.03}\">0.03<\/td>\n<td data-sheets-value=\"{&quot;1&quot;:3,&quot;3&quot;:0.03}\">0.03<\/td>\n<td data-sheets-value=\"{&quot;1&quot;:3,&quot;3&quot;:0.13}\">0.13<\/td>\n<\/tr>\n<tr>\n<td data-sheets-value=\"{&quot;1&quot;:2,&quot;2&quot;:&quot;-200mesh&quot;}\">-200mesh<\/td>\n<td data-sheets-value=\"{&quot;1&quot;:2,&quot;2&quot;:&quot;75\u00c3\u00d7m&quot;}\">75\u00c3\u00d7m<\/td>\n<td data-sheets-value=\"{&quot;1&quot;:2,&quot;2&quot;:&quot;18-23&quot;}\">18-23<\/td>\n<td data-sheets-value=\"{&quot;1&quot;:2,&quot;2&quot;:&quot;38-45&quot;}\">38-45<\/td>\n<td data-sheets-value=\"{&quot;1&quot;:2,&quot;2&quot;:&quot;65-70&quot;}\">65-70<\/td>\n<td data-sheets-value=\"{&quot;1&quot;:3,&quot;3&quot;:0.03}\">0.03<\/td>\n<td data-sheets-value=\"{&quot;1&quot;:3,&quot;3&quot;:0.02}\">0.02<\/td>\n<td data-sheets-value=\"{&quot;1&quot;:3,&quot;3&quot;:0.01}\">0.01<\/td>\n<td data-sheets-value=\"{&quot;1&quot;:3,&quot;3&quot;:0.01}\">0.01<\/td>\n<td data-sheets-value=\"{&quot;1&quot;:3,&quot;3&quot;:0.01}\">0.01<\/td>\n<td data-sheets-value=\"{&quot;1&quot;:3,&quot;3&quot;:0.03}\">0.03<\/td>\n<td data-sheets-value=\"{&quot;1&quot;:3,&quot;3&quot;:0.03}\">0.03<\/td>\n<td data-sheets-value=\"{&quot;1&quot;:3,&quot;3&quot;:0.03}\">0.03<\/td>\n<td data-sheets-value=\"{&quot;1&quot;:3,&quot;3&quot;:0.16}\">0.16<\/td>\n<\/tr>\n<tr>\n<td data-sheets-value=\"{&quot;1&quot;:2,&quot;2&quot;:&quot;-325mesh&quot;}\">-325mesh<\/td>\n<td data-sheets-value=\"{&quot;1&quot;:2,&quot;2&quot;:&quot;45\u00c3\u00d7m&quot;}\">45\u00c3\u00d7m<\/td>\n<td data-sheets-value=\"{&quot;1&quot;:3,&quot;3&quot;:44849}\" data-sheets-numberformat=\"{&quot;1&quot;:5,&quot;2&quot;:&quot;m-d&quot;,&quot;3&quot;:1}\">10-15<\/td>\n<td data-sheets-value=\"{&quot;1&quot;:2,&quot;2&quot;:&quot;26-31&quot;}\">26-31<\/td>\n<td data-sheets-value=\"{&quot;1&quot;:2,&quot;2&quot;:&quot;46-51&quot;}\">46-51<\/td>\n<td data-sheets-value=\"{&quot;1&quot;:3,&quot;3&quot;:0.03}\">0.03<\/td>\n<td data-sheets-value=\"{&quot;1&quot;:3,&quot;3&quot;:0.02}\">0.02<\/td>\n<td data-sheets-value=\"{&quot;1&quot;:3,&quot;3&quot;:0.01}\">0.01<\/td>\n<td data-sheets-value=\"{&quot;1&quot;:3,&quot;3&quot;:0.01}\">0.01<\/td>\n<td data-sheets-value=\"{&quot;1&quot;:3,&quot;3&quot;:0.01}\">0.01<\/td>\n<td data-sheets-value=\"{&quot;1&quot;:3,&quot;3&quot;:0.03}\">0.03<\/td>\n<td data-sheets-value=\"{&quot;1&quot;:3,&quot;3&quot;:0.03}\">0.03<\/td>\n<td data-sheets-value=\"{&quot;1&quot;:3,&quot;3&quot;:0.03}\">0.03<\/td>\n<td data-sheets-value=\"{&quot;1&quot;:3,&quot;3&quot;:0.2}\">0.2<\/td>\n<\/tr>\n<\/tbody>\n<\/table>\n<\/div>\n<p>&nbsp;<\/p>\n<p>* Remark:Supporting customized according to customer requirements<\/p>\n<p><strong>I'm sorry, but it seems like you only provided a single letter \"P.\" Could you please provide the complete text you'd like me to translate into Polish?<\/strong><strong>roduct Features<\/strong><\/p>\n<ol>\n<li>The powder has high purity, low oxygen.<\/li>\n<li>Ultrafine powder particle size.<\/li>\n<li>Mass production of 150\u00c3\u00d7m, 75\u00c3\u00d7m, 45\u00c3\u00d7m, 10\u00c3\u00d7m, 3\u00c3\u00d7m and other particle size products<\/li>\n<li>Hydride- dehydrogenation (HDH process)<\/li>\n<li>Monthly output of 35 tons, 420 tons of annual output.<\/li>\n<\/ol>\n<p><img loading=\"lazy\" decoding=\"async\" class=\"size-medium wp-image-1378 aligncenter\" src=\"https:\/\/met3dp.com\/wp-content\/uploads\/2023\/09\/GA-Al-7075-300x233.png\" alt=\"Proszek ze stopu tytanu\" width=\"300\" height=\"233\" title=\"\"><\/p>\n<p><strong>Aplikacja<\/strong><\/p>\n<p>Mainly used in hydrogen battery, powder metallurgy raw materials, surface coating agent, aluminum alloy additives, electric vacuum getter, spray, plating,MIM and other fields.<\/p>\n<p><strong>Pulverizing Process:<\/strong><\/p>\n<ol>\n<li>Titanium Sponge<\/li>\n<li>Vacuum High<\/li>\n<li>Temperature Hydrogenation<\/li>\n<li>Titanium Hydride Hydrogenation Granulation<\/li>\n<li>Titanium Hydride Powder<\/li>\n<li>Vacuum High Temperature Dehydrogenation<\/li>\n<li>Dehydrogenation Titanium<\/li>\n<li>Dehydrogenation Granulation<\/li>\n<li>Screening<\/li>\n<li>Inspection<\/li>\n<li>Finished Products<\/li>\n<li>Opakowanie<\/li>\n<\/ol>\n<p><strong>FAQ<\/strong><\/p>\n<ul>\n<li><strong>H<\/strong><strong>ow can we guarantee quality?<\/strong><\/li>\n<\/ul>\n<p>Always a pre-production sample before mass production;<\/p>\n<p>Always final Inspection before shipment;<\/p>\n<ul>\n<li><strong>W<\/strong><strong>hat can you buy from us?<\/strong><\/li>\n<\/ul>\n<p>3D metal powder, MIM powder, Electronic paste, the products included are 316L, 17-4ph, H13, sendust,Inconel718,Inconel625m, Silver powder, silver paste, Rare earth products.<\/span><\/span><\/p>","protected":false},"excerpt":{"rendered":"<p>Niskotlenowy czysty proszek tytanowy jest podstaw\u0105 produkcji tytanu w metalurgii proszk\u00f3w, jest r\u00f3wnie\u017c jednym z wiod\u0105cych produkt\u00f3w firmy. Obecnie firma dzi\u0119ki procesowi HDH i technologii kontroli tlenu, produkcji wysokiej klasy ultra-drobnego proszku czystego stopu tytanu o niskiej zawarto\u015bci tlenu w mi\u0119dzynarodowej pozycji lidera pod wzgl\u0119dem wska\u017anik\u00f3w, z charakterystyk\u0105 ultra-drobnego...<\/p>","protected":false},"featured_media":1726,"parent":0,"template":"","meta":{"_acf_changed":false,"_kad_blocks_custom_css":"","_kad_blocks_head_custom_js":"","_kad_blocks_body_custom_js":"","_kad_blocks_footer_custom_js":"","_kad_post_transparent":"","_kad_post_title":"","_kad_post_layout":"","_kad_post_sidebar_id":"","_kad_post_content_style":"","_kad_post_vertical_padding":"","_kad_post_feature":"","_kad_post_feature_position":"","_kad_post_header":false,"_kad_post_footer":false,"_kad_post_classname":""},"product-category":[119,123],"class_list":["post-3859","product","type-product","status-publish","has-post-thumbnail","hentry","product-category-3d-printing-metal-powder","product-category-titanium-based-alloy-powder"],"acf":[],"taxonomy_info":{"product-category":[{"value":119,"label":"3D Printing Metal Powder"},{"value":123,"label":"Titanium Based Alloy Powder"}]},"featured_image_src_large":["https:\/\/3dpmetal.com\/wp-content\/uploads\/2024\/02\/Ti-6Al-4V-Titanium-Alloy-Powder.jpg",600,600,false],"author_info":[],"comment_info":"","_links":{"self":[{"href":"https:\/\/3dpmetal.com\/pl\/wp-json\/wp\/v2\/product\/3859","targetHints":{"allow":["GET"]}}],"collection":[{"href":"https:\/\/3dpmetal.com\/pl\/wp-json\/wp\/v2\/product"}],"about":[{"href":"https:\/\/3dpmetal.com\/pl\/wp-json\/wp\/v2\/types\/product"}],"wp:featuredmedia":[{"embeddable":true,"href":"https:\/\/3dpmetal.com\/pl\/wp-json\/wp\/v2\/media\/1726"}],"wp:attachment":[{"href":"https:\/\/3dpmetal.com\/pl\/wp-json\/wp\/v2\/media?parent=3859"}],"wp:term":[{"taxonomy":"product-category","embeddable":true,"href":"https:\/\/3dpmetal.com\/pl\/wp-json\/wp\/v2\/product-category?post=3859"}],"curies":[{"name":"wp","href":"https:\/\/api.w.org\/{rel}","templated":true}]}}