{"id":3866,"date":"2024-03-18T06:10:08","date_gmt":"2024-03-18T06:10:08","guid":{"rendered":"https:\/\/3dp.45612300.xyz\/product\/pure-titanium-powder\/"},"modified":"2024-03-18T06:10:08","modified_gmt":"2024-03-18T06:10:08","slug":"pure-titanium-powder","status":"publish","type":"product","link":"https:\/\/3dpmetal.com\/pl\/product\/pure-titanium-powder\/","title":{"rendered":"Czysty tytan w proszku"},"content":{"rendered":"<p><span style=\"vertical-align: inherit;\"><span style=\"vertical-align: inherit;\"><\/p>\n<h2><strong>Przegl\u0105d proszku czystego tytanu<\/strong><\/h2>\n<p class=\"whitespace-pre-wrap\">Proszek tytanowy to proszek metalowy wykonany z tytanu. Charakteryzuje si\u0119 on wysokim stosunkiem wytrzyma\u0142o\u015bci do masy, odporno\u015bci\u0105 na korozj\u0119 i biokompatybilno\u015bci\u0105. Proszek tytanowy ma r\u00f3\u017cnorodne zastosowania w r\u00f3\u017cnych bran\u017cach, takich jak lotnictwo, medycyna, motoryzacja i produkty konsumenckie.<\/p>\n<p class=\"whitespace-pre-wrap\">Niniejszy artyku\u0142 stanowi kompleksowy przewodnik po proszku tytanowym. Obejmuje on sk\u0142ad, w\u0142a\u015bciwo\u015bci, zastosowania, specyfikacje, dostawc\u00f3w, obs\u0142ug\u0119, kontrol\u0119, por\u00f3wnania, zalety i wady oraz cz\u0119sto zadawane pytania dotycz\u0105ce proszku tytanowego. Dane ilo\u015bciowe zosta\u0142y przedstawione w czytelnych tabelach.<\/p>\n<h3><strong>Sk\u0142ad proszku tytanowego<\/strong><\/h3>\n<p class=\"whitespace-pre-wrap\">Proszek tytanowy mo\u017ce by\u0107 czystym tytanem lub stopem zawieraj\u0105cym tytan jako g\u0142\u00f3wny pierwiastek. Sk\u0142ad decyduje o w\u0142a\u015bciwo\u015bciach i zastosowaniach.<\/p>\n<table>\n<thead>\n<tr>\n<th>Kompozycja<\/th>\n<th>Szczeg\u00f3\u0142y<\/th>\n<\/tr>\n<\/thead>\n<tbody>\n<tr>\n<td>Czysty tytan<\/td>\n<td>Zawiera &gt;99% tytanu. Najni\u017csza wytrzyma\u0142o\u015b\u0107, ale doskona\u0142a odporno\u015b\u0107 na korozj\u0119.<\/td>\n<\/tr>\n<tr>\n<td>Ti-6Al-4V<\/td>\n<td>6% aluminium, 4% wanad. Najpopularniejszy stop tytanu o wysokiej wytrzyma\u0142o\u015bci.<\/td>\n<\/tr>\n<tr>\n<td>Ti-3Al-2.5V<\/td>\n<td>3% aluminium, 2,5% wanadu. Wy\u017csza ci\u0105gliwo\u015b\u0107 ni\u017c Ti-6Al-4V.<\/td>\n<\/tr>\n<tr>\n<td>Ti-6Al-7Nb<\/td>\n<td>Aluminium 6%, niob 7%. Wy\u017csza wytrzyma\u0142o\u015b\u0107 w zastosowaniach lotniczych.<\/td>\n<\/tr>\n<tr>\n<td>Ti-15Mo-3Nb-3Al-0.2Si<\/td>\n<td>15% molibdenu, 3% niobu, 3% aluminium, 0,2% krzemu. Beta stop tytanu.<\/td>\n<\/tr>\n<\/tbody>\n<\/table>\n<p class=\"whitespace-pre-wrap\">Proszek tytanowy mo\u017ce by\u0107 r\u00f3wnie\u017c mieszany z innymi proszkami pierwiastkowymi, takimi jak \u017celazo, aluminium lub bor, w celu stworzenia niestandardowych stop\u00f3w.<\/p>\n<h3><strong>W\u0142a\u015bciwo\u015bci proszku tytanowego<\/strong><\/h3>\n<p class=\"whitespace-pre-wrap\">Unikalne w\u0142a\u015bciwo\u015bci tytanu sprawiaj\u0105, \u017ce nadaje si\u0119 on do wymagaj\u0105cych zastosowa\u0144 w r\u00f3\u017cnych bran\u017cach.<\/p>\n<table>\n<thead>\n<tr>\n<th>Nieruchomo\u015b\u0107<\/th>\n<th>Opis<\/th>\n<\/tr>\n<\/thead>\n<tbody>\n<tr>\n<td>bardzo wysoka wytrzyma\u0142o\u015b\u0107<\/td>\n<td>Charakteryzuje si\u0119 doskona\u0142ym stosunkiem wytrzyma\u0142o\u015bci do g\u0119sto\u015bci, zbli\u017conym do stali o wysokiej wytrzyma\u0142o\u015bci.<\/td>\n<\/tr>\n<tr>\n<td>Niska g\u0119sto\u015b\u0107<\/td>\n<td>Wa\u017cy 60% mniej ni\u017c stal lub stopy niklu.<\/td>\n<\/tr>\n<tr>\n<td>Odporno\u015b\u0107 przeciwkorozyjna<\/td>\n<td>Tworzy stabiln\u0105 warstw\u0119 tlenku TiO2 w celu ochrony przed korozj\u0105.<\/td>\n<\/tr>\n<tr>\n<td>biokompatybilno\u015b\u0107<\/td>\n<td>Nietoksyczny i kompatybilny z tkankami ludzkiego cia\u0142a.<\/td>\n<\/tr>\n<tr>\n<td>Odporno\u015b\u0107 na ciep\u0142o<\/td>\n<td>Zachowuje w\u0142a\u015bciwo\u015bci mechaniczne do 600\u00b0C.<\/td>\n<\/tr>\n<tr>\n<td>Bezamagnesowy<\/td>\n<td>Przydatny w zastosowaniach niemagnetycznych.<\/td>\n<\/tr>\n<tr>\n<td>Nieiskrz\u0105cy<\/td>\n<td>Bezpieczniejsze w \u015brodowiskach \u0142atwopalnych w por\u00f3wnaniu do stali.<\/td>\n<\/tr>\n<\/tbody>\n<\/table>\n<p class=\"whitespace-pre-wrap\">W\u0142a\u015bciwo\u015bci mo\u017cna dostosowa\u0107 poprzez zmian\u0119 sk\u0142adu, wielko\u015bci ziarna, porowato\u015bci i metody przetwarzania.<\/p>\n<p><img loading=\"lazy\" decoding=\"async\" class=\"alignnone size-medium wp-image-1409\" src=\"https:\/\/met3dp.com\/wp-content\/uploads\/2023\/09\/ed7a94ec-3c10-4b1b-87ed--300x300.jpg\" alt=\"Proszek tytanowy\" width=\"300\" height=\"300\" title=\"\"><\/p>\n<h3><strong>Zastosowania proszku tytanowego<\/strong><\/h3>\n<p class=\"whitespace-pre-wrap\">Wszechstronne w\u0142a\u015bciwo\u015bci proszku tytanowego umo\u017cliwiaj\u0105 unikalne zastosowania w nast\u0119puj\u0105cych bran\u017cach:<\/p>\n<table>\n<thead>\n<tr>\n<th>Przemys\u0142<\/th>\n<th>APLIKACJE<\/th>\n<\/tr>\n<\/thead>\n<tbody>\n<tr>\n<td>Astronautyka<\/td>\n<td>Komponenty silnik\u00f3w, konstrukcje lotnicze, pojazdy kosmiczne<\/td>\n<\/tr>\n<tr>\n<td>Medical<\/td>\n<td>Implanty, narz\u0119dzia chirurgiczne, urz\u0105dzenia medyczne<\/td>\n<\/tr>\n<tr>\n<td>Motoryzacja<\/td>\n<td>Korbowody, zawory, spr\u0119\u017cyny, elementy z\u0142\u0105czne<\/td>\n<\/tr>\n<tr>\n<td>Chemiczny<\/td>\n<td>Odporne na korozj\u0119 zbiorniki, wymienniki ciep\u0142a, rury<\/td>\n<\/tr>\n<tr>\n<td>Artyku\u0142y sportowe<\/td>\n<td>Kije golfowe, rakiety tenisowe, rowery, kaski<\/td>\n<\/tr>\n<tr>\n<td>wytwarzanie przyrostowe<\/td>\n<td>Cz\u0119\u015bci drukowane 3D dla przemys\u0142u lotniczego, motoryzacyjnego i medycznego<\/td>\n<\/tr>\n<\/tbody>\n<\/table>\n<p class=\"whitespace-pre-wrap\">Biokompatybilno\u015b\u0107 tytanu czyni go idealnym materia\u0142em na implanty i urz\u0105dzenia medyczne. Jego odporno\u015b\u0107 na korozj\u0119 sprawia, \u017ce nadaje si\u0119 do zastosowa\u0144 w wodzie morskiej. Wysoka wytrzyma\u0142o\u015b\u0107 jest przydatna w przypadku krytycznych komponent\u00f3w w przemy\u015ble lotniczym.<\/p>\n<h3><strong>Specyfikacje proszku tytanowego<\/strong><\/h3>\n<p class=\"whitespace-pre-wrap\">Proszek tytanowy jest dost\u0119pny w r\u00f3\u017cnych rozmiarach, kszta\u0142tach, poziomach czysto\u015bci i sk\u0142adzie, aby dostosowa\u0107 si\u0119 do konkretnych zastosowa\u0144.<\/p>\n<table>\n<thead>\n<tr>\n<th>Parametr<\/th>\n<th>Specyfikacje<\/th>\n<\/tr>\n<\/thead>\n<tbody>\n<tr>\n<td>Wielko\u015b\u0107 cz\u0105steczek<\/td>\n<td>15-45 mikron\u00f3w, 45-105 mikron\u00f3w, 105-250 mikron\u00f3w<\/td>\n<\/tr>\n<tr>\n<td>Kszta\u0142t cz\u0105stki<\/td>\n<td>Sferyczna, kanciasta, mieszana morfologia<\/td>\n<\/tr>\n<tr>\n<td>Czysto\u015b\u0107<\/td>\n<td>Klasa 1 (99,2% Ti), klasa 2 (99,5% Ti), klasa 4 (99,9% Ti)<\/td>\n<\/tr>\n<tr>\n<td>Gatunki stop\u00f3w<\/td>\n<td>Ti-6Al-4V, Ti-6Al-7Nb, Ti-64, Ti-1023<\/td>\n<\/tr>\n<tr>\n<td>Metoda produkcji<\/td>\n<td>Atomizacja gazowa, atomizacja plazmowa, wodorek-wodorek<\/td>\n<\/tr>\n<\/tbody>\n<\/table>\n<p class=\"whitespace-pre-wrap\">Rozk\u0142ad wielko\u015bci cz\u0105stek, morfologia, zawarto\u015b\u0107 tlenu\/azotu i mikrostruktura s\u0105 kontrolowane zgodnie z wymaganiami aplikacji.<\/p>\n<h3><strong>Dostawcy proszku tytanowego<\/strong><\/h3>\n<p class=\"whitespace-pre-wrap\">Proszek tytanowy jest dostarczany przez wiod\u0105cych producent\u00f3w proszk\u00f3w metalowych na ca\u0142ym \u015bwiecie:<\/p>\n<table>\n<thead>\n<tr>\n<th>Dostawca<\/th>\n<th>Lokalizacja<\/th>\n<\/tr>\n<\/thead>\n<tbody>\n<tr>\n<td>AMETEK<\/td>\n<td>USA<\/td>\n<\/tr>\n<tr>\n<td>AP&amp;C<\/td>\n<td>Kanada<\/td>\n<\/tr>\n<tr>\n<td>TLS Technik<\/td>\n<td>Niemcy<\/td>\n<\/tr>\n<tr>\n<td>Tekna<\/td>\n<td>Kanada<\/td>\n<\/tr>\n<tr>\n<td>Metalysis<\/td>\n<td>Wielka Brytania<\/td>\n<\/tr>\n<tr>\n<td>Praxair<\/td>\n<td>USA<\/td>\n<\/tr>\n<tr>\n<td>Rio Tinto<\/td>\n<td>Kanada<\/td>\n<\/tr>\n<tr>\n<td>ATI Powder Metals<\/td>\n<td>USA<\/td>\n<\/tr>\n<tr>\n<td>CNPC Powder Group<\/td>\n<td>Chiny<\/td>\n<\/tr>\n<\/tbody>\n<\/table>\n<p class=\"whitespace-pre-wrap\">Ceny proszku tytanowego wahaj\u0105 si\u0119 od $50\/kg do $500\/kg w zale\u017cno\u015bci od czysto\u015bci, wielko\u015bci cz\u0105stek, metody produkcji i wielko\u015bci zam\u00f3wienia. Stopy niestandardowe, specjalne morfologie cz\u0105stek i \u015bcis\u0142e tolerancje kosztuj\u0105 wi\u0119cej.<\/p>\n<h3><strong>Post\u0119powanie z proszkiem tytanu i jego przechowywanie<\/strong><\/h3>\n<p class=\"whitespace-pre-wrap\">Podczas obchodzenia si\u0119 z proszkiem tytanowym wymagane s\u0105 specjalne \u015brodki ostro\u017cno\u015bci, aby zapobiec po\u017carom, wybuchom i uszkodzeniom mienia:<\/p>\n<ul class=\"list-disc pl-8 space-y-2\">\n<li class=\"whitespace-normal\">Przechowywa\u0107 w ch\u0142odnym, suchym i oboj\u0119tnym miejscu, z dala od wilgoci, iskier i p\u0142omieni.<\/li>\n<li class=\"whitespace-normal\">Uziemienie pojemnik\u00f3w przewodz\u0105cych zapobiega gromadzeniu si\u0119 \u0142adunk\u00f3w elektrostatycznych.<\/li>\n<li class=\"whitespace-normal\">Zalecana jest lokalna wentylacja wyci\u0105gowa w celu kontroli zapylenia<\/li>\n<li class=\"whitespace-normal\">Unikaj gromadzenia si\u0119 py\u0142u, aby zminimalizowa\u0107 zagro\u017cenie wybuchem<\/li>\n<li class=\"whitespace-normal\">Nosi\u0107 maski przeciwpy\u0142owe, okulary ochronne, r\u0119kawice, aby zapobiec wdychaniu i kontaktowi ze sk\u00f3r\u0105.<\/li>\n<li class=\"whitespace-normal\">Post\u0119puj zgodnie z instrukcjami zawartymi w karcie charakterystyki substancji niebezpiecznej (MSDS) w celu bezpiecznej obs\u0142ugi.<\/li>\n<\/ul>\n<h3><strong>Kontrola i testowanie proszku tytanowego<\/strong><\/h3>\n<p class=\"whitespace-pre-wrap\">Partie proszku tytanowego s\u0105 testowane, aby upewni\u0107 si\u0119, \u017ce spe\u0142niaj\u0105 wymagane specyfikacje materia\u0142owe:<\/p>\n<table>\n<thead>\n<tr>\n<th>Metoda badawcza<\/th>\n<th>Mierzony parametr<\/th>\n<\/tr>\n<\/thead>\n<tbody>\n<tr>\n<td>Analiza sitowa<\/td>\n<td>Rozpi\u0119to\u015b\u0107 wielko\u015bci cz\u0105steczek<\/td>\n<\/tr>\n<tr>\n<td>Dyfrakcja laserowa<\/td>\n<td>Rozk\u0142ad wielko\u015bci cz\u0105stek, \u015brednia wielko\u015b\u0107<\/td>\n<\/tr>\n<tr>\n<td>Mikroskopia skaningowa<\/td>\n<td>Morfologia cz\u0105stek, mikrostruktura<\/td>\n<\/tr>\n<tr>\n<td>Energodyspersyjna spektroskopia rentgenowska<\/td>\n<td>Sk\u0142ad chemiczny<\/td>\n<\/tr>\n<tr>\n<td>Dyfrakcja Rentgena<\/td>\n<td>Sk\u0142ad fazy<\/td>\n<\/tr>\n<tr>\n<td>Spektrofotometria<\/td>\n<td>Zawarto\u015b\u0107 tlenu, azotu i wodoru<\/td>\n<\/tr>\n<tr>\n<td>G\u0119sto\u015b\u0107 usypu<\/td>\n<td>G\u0119sto\u015b\u0107 pozorna, p\u0142ynno\u015b\u0107<\/td>\n<\/tr>\n<tr>\n<td>Piknometr<\/td>\n<td>G\u0119sto\u015b\u0107 szkieletu<\/td>\n<\/tr>\n<\/tbody>\n<\/table>\n<p class=\"whitespace-pre-wrap\">Pobieranie pr\u00f3bek i testowanie zgodnie z normami ASTM zapewnia jako\u015b\u0107 proszku tytanowego do zastosowa\u0144 krytycznych.<\/p>\n<h3><strong>Por\u00f3wnanie proszku tytanowego z alternatywami<\/strong><\/h3>\n<p class=\"whitespace-pre-wrap\">Tytan ma zalety i wady w por\u00f3wnaniu z materia\u0142ami zast\u0119pczymi:<\/p>\n<table>\n<thead>\n<tr>\n<th><\/th>\n<th>Tytan<\/th>\n<th>Aluminium<\/th>\n<th>Stal nierdzewna<\/th>\n<\/tr>\n<\/thead>\n<tbody>\n<tr>\n<td>G\u0119sto\u015b\u0107<\/td>\n<td>Niski<\/td>\n<td>Ni\u017cej<\/td>\n<td>Wy\u017cej<\/td>\n<\/tr>\n<tr>\n<td>Si\u0142a<\/td>\n<td>Wysoki<\/td>\n<td>\u015arednie<\/td>\n<td>Wysoki<\/td>\n<\/tr>\n<tr>\n<td>Odporno\u015b\u0107 przeciwkorozyjna<\/td>\n<td>Wy\u015bmienicie<\/td>\n<td>Dobrze<\/td>\n<td>Dobrze<\/td>\n<\/tr>\n<tr>\n<td>Odporno\u015b\u0107 na temperatur\u0119<\/td>\n<td>Dobrze<\/td>\n<td>\u015arednie<\/td>\n<td>Lepiej<\/td>\n<\/tr>\n<tr>\n<td>Koszt<\/td>\n<td>Wysoki<\/td>\n<td>Niski<\/td>\n<td>\u015arednie<\/td>\n<\/tr>\n<tr>\n<td>Przenikalno\u015b\u0107 magnetyczna<\/td>\n<td>Niski<\/td>\n<td>Niski<\/td>\n<td>Wysoki<\/td>\n<\/tr>\n<tr>\n<td>biokompatybilno\u015b\u0107<\/td>\n<td>Wy\u015bmienicie<\/td>\n<td>Biedny<\/td>\n<td>Dobrze<\/td>\n<\/tr>\n<\/tbody>\n<\/table>\n<p class=\"whitespace-pre-wrap\">Tytan wyr\u00f3\u017cnia si\u0119 odporno\u015bci\u0105 na korozj\u0119 i biokompatybilno\u015bci\u0105 pomimo wy\u017cszych koszt\u00f3w. Aluminium i stal nierdzewna mog\u0105 by\u0107 ta\u0144sz\u0105 alternatyw\u0105 w zale\u017cno\u015bci od wymaga\u0144 aplikacji.<\/p>\n<h3><strong>Plusy i minusy proszku tytanowego<\/strong><\/h3>\n<table>\n<thead>\n<tr>\n<th>Plusy<\/th>\n<th>Wady<\/th>\n<\/tr>\n<\/thead>\n<tbody>\n<tr>\n<td>Wysoki stosunek wytrzyma\u0142o\u015bci do masy<\/td>\n<td>Drogie w por\u00f3wnaniu do stali<\/td>\n<\/tr>\n<tr>\n<td>Odporny na korozje<\/td>\n<td>Reaktywno\u015b\u0107 z tlenem w wysokich temperaturach<\/td>\n<\/tr>\n<tr>\n<td>Nietoksyczny i niealergiczny<\/td>\n<td>Niski modu\u0142 spr\u0119\u017cysto\u015bci mo\u017ce oznacza\u0107 spr\u0119\u017cynowanie podczas obr\u00f3bki skrawaniem<\/td>\n<\/tr>\n<tr>\n<td>Doskona\u0142a biokompatybilno\u015b\u0107<\/td>\n<td>Niska przewodno\u015b\u0107 cieplna<\/td>\n<\/tr>\n<tr>\n<td>Zachowuje w\u0142a\u015bciwo\u015bci w wysokich temperaturach<\/td>\n<td>Wymaga przetwarzania w atmosferze oboj\u0119tnej<\/td>\n<\/tr>\n<tr>\n<td>Szeroki zakres mo\u017cliwo\u015bci stopowania<\/td>\n<td>Ograniczona wytrzyma\u0142o\u015b\u0107 w wysokich temperaturach<\/td>\n<\/tr>\n<\/tbody>\n<\/table>\n<p class=\"whitespace-pre-wrap\">Proszek tytanowy umo\u017cliwia tworzenie lekkich i wytrzyma\u0142ych cz\u0119\u015bci, ale wymaga kontrolowanej obs\u0142ugi i przetwarzania. Koszt jest wy\u017cszy ni\u017c w przypadku konwencjonalnych stop\u00f3w.<\/p>\n<h2><strong>Cz\u0119sto zadawane pytania dotycz\u0105ce proszku tytanowego<\/strong><\/h2>\n<p class=\"whitespace-pre-wrap\">Oto odpowiedzi na najcz\u0119\u015bciej zadawane pytania dotycz\u0105ce proszku tytanowego:<\/p>\n<p class=\"whitespace-pre-wrap\"><strong>P: Do czego s\u0142u\u017cy proszek tytanowy?<\/strong><\/p>\n<p class=\"whitespace-pre-wrap\">Proszek tytanu znajduje zastosowanie w przemy\u015ble lotniczym, medycznym, motoryzacyjnym, chemicznym i sportowym ze wzgl\u0119du na wysok\u0105 wytrzyma\u0142o\u015b\u0107, nisk\u0105 wag\u0119, odporno\u015b\u0107 na korozj\u0119, odporno\u015b\u0107 na ciep\u0142o i biokompatybilno\u015b\u0107. Jest powszechnie stosowany w krytycznych cz\u0119\u015bciach obrotowych w silnikach lotniczych, implantach ortopedycznych, komponentach samochodowych, wymiennikach ciep\u0142a i cz\u0119\u015bciach wytwarzanych addytywnie.<\/p>\n<p class=\"whitespace-pre-wrap\"><strong>P: Czy proszek tytanowy jest bezpieczny w u\u017cyciu?<\/strong><\/p>\n<p class=\"whitespace-pre-wrap\">O: Proszek tytanu mo\u017ce zapali\u0107 si\u0119 i eksplodowa\u0107, gdy jest bardzo drobno rozdrobniony i wystawiony na dzia\u0142anie powietrza. Odpowiednie uziemienie, oboj\u0119tna atmosfera, wentylacja i sprz\u0119t ochronny s\u0105 niezb\u0119dne podczas pracy z proszkiem tytanowym. Jest on r\u00f3wnie\u017c nietoksyczny i hipoalergiczny w kontakcie ze sk\u00f3r\u0105.<\/p>\n<p class=\"whitespace-pre-wrap\"><strong>P: Jaka jest r\u00f3\u017cnica mi\u0119dzy proszkiem tytanowym klasy 1 i klasy 5?<\/strong><\/p>\n<p class=\"whitespace-pre-wrap\">Proszek tytanowy klasy 1 ma wy\u017csz\u0105 czysto\u015b\u0107 i ni\u017csz\u0105 zawarto\u015b\u0107 tlenu i \u017celaza w por\u00f3wnaniu do klasy 5. Klasa 1 zapewnia lepsz\u0105 odporno\u015b\u0107 na korozj\u0119, podczas gdy klasa 5 oferuje wy\u017csz\u0105 wytrzyma\u0142o\u015b\u0107. Proszek klasy 5 by\u0142by stosowany tam, gdzie wytrzyma\u0142o\u015b\u0107 ma kluczowe znaczenie, podczas gdy klasa 1 odpowiada potrzebom odporno\u015bci chemicznej.<\/p>\n<p class=\"whitespace-pre-wrap\"><strong>P: Czy proszek tytanowy rdzewieje?<\/strong><\/p>\n<p class=\"whitespace-pre-wrap\">O: Tytan tworzy nieprzepuszczaln\u0105 i samonaprawiaj\u0105c\u0105 si\u0119 warstw\u0119 tlenku, kt\u00f3ra chroni go przed rdzewieniem i korozj\u0105. Wykazuje doskona\u0142\u0105 odporno\u015b\u0107 na korozj\u0119 w wi\u0119kszo\u015bci \u015brodowisk, w tym w s\u0142onej wodzie. Dzi\u0119ki tej w\u0142a\u015bciwo\u015bci nadaje si\u0119 do zastosowa\u0144 morskich.<\/p>\n<p class=\"whitespace-pre-wrap\"><strong>P: Czy proszek tytanowy jest magnetyczny?<\/strong><\/p>\n<p class=\"whitespace-pre-wrap\">Nie, proszek tytanowy jest niemagnetyczny. Jego wzgl\u0119dna przenikalno\u015b\u0107 magnetyczna jest bardzo bliska 1, co czyni go u\u017cytecznym w zastosowaniach niemagnetycznych zamiast stali ferrytycznych.<\/p>\n<p class=\"whitespace-pre-wrap\"><strong>P: Jaki jest koszt proszku tytanowego?<\/strong><\/p>\n<p class=\"whitespace-pre-wrap\">Proszek tytanu mo\u017ce waha\u0107 si\u0119 od $50\/kg do $500\/kg w zale\u017cno\u015bci od czysto\u015bci, wielko\u015bci cz\u0105stek, metody produkcji, morfologii i wielko\u015bci zam\u00f3wienia. Gatunki o wysokiej czysto\u015bci odpowiednie do zastosowa\u0144 medycznych s\u0105 dro\u017csze. Niestandardowe stopy i specjalne kszta\u0142ty cz\u0105stek r\u00f3wnie\u017c kosztuj\u0105 wi\u0119cej.<\/p>\n<p class=\"whitespace-pre-wrap\"><strong>P: Jaka jest r\u00f3\u017cnica mi\u0119dzy proszkiem tytanowym rozpylanym gazowo a proszkiem wodorkowo-wodorkowym?<\/strong><\/p>\n<p class=\"whitespace-pre-wrap\">Rozpylany gazowo proszek tytanowy ma kulist\u0105 morfologi\u0119 idealn\u0105 do produkcji addytywnej, podczas gdy proszek wodorkowo-wodorkowy ma kanciasty, nieregularny kszta\u0142t odpowiedni do prasowania i spiekania. W\u0142a\u015bciwo\u015bci proszku, sk\u0142ad chemiczny powierzchni, mikrostruktura i koszty r\u00f3\u017cni\u0105 si\u0119 dla obu metod produkcji.<\/p>\n<p class=\"whitespace-pre-wrap\"><strong>P: Jak produkowany jest proszek tytanowy?<\/strong><\/p>\n<p class=\"whitespace-pre-wrap\">G\u0142\u00f3wne metody produkcji to atomizacja gazowa, atomizacja plazmowa i proces wodorkowo-wodorkowy. Atomizacja gazowa przy u\u017cyciu argonu lub azotu jest powszechn\u0105 metod\u0105 wytwarzania drobnego sferycznego proszku do AM. Proces wodorkowy generuje k\u0105towy proszek do prasowania w kszta\u0142ty przed spiekaniem. Atomizacja plazmowa mo\u017ce wytwarza\u0107 bardzo drobne sferyczne proszki.<\/p>\n<p class=\"whitespace-pre-wrap\"><strong>P: Jaka jest zawarto\u015b\u0107 karty charakterystyki substancji niebezpiecznej (MSDS) proszku tytanowego?<\/strong><\/p>\n<p class=\"whitespace-pre-wrap\">O: Karta charakterystyki substancji niebezpiecznej (MSDS) b\u0119dzie zawiera\u0107 informacje o zagro\u017ceniach dla zdrowia, dane dotycz\u0105ce reaktywno\u015bci, dane toksykologiczne, \u015brodki ostro\u017cno\u015bci dotycz\u0105ce post\u0119powania, informacje dotycz\u0105ce przechowywania, procedury rozsypywania, instrukcje przeciwpo\u017carowe, \u015brodki pierwszej pomocy i wytyczne dotycz\u0105ce utylizacji. Przed rozpocz\u0119ciem pracy z jak\u0105kolwiek ilo\u015bci\u0105 proszku tytanowego nale\u017cy zapozna\u0107 si\u0119 z kart\u0105 charakterystyki substancji niebezpiecznej.<\/p>\n<p class=\"whitespace-pre-wrap\"><strong>P: Jakie normy maj\u0105 zastosowanie do proszku tytanowego?<\/strong><\/p>\n<p class=\"whitespace-pre-wrap\">O: Kluczowe normy obejmuj\u0105 ASTM B833 dla sferycznego proszku tytanu, ASTM B981 dla stop\u00f3w tytanu do metalurgii proszk\u00f3w, ASTM B988 dla rozpylanego gazowo proszku ze stopu tytanu oraz ISO 22068 dla produkcji addytywnej ze stop\u00f3w tytanu. Specyfikacje obejmuj\u0105 pobieranie pr\u00f3bek, testowanie, analiz\u0119 wielko\u015bci, analiz\u0119 chemiczn\u0105 i zapewnienie jako\u015bci.<\/p>\n<p><\/span><\/span><\/p>","protected":false},"excerpt":{"rendered":"<p>Czysty proszek tytanowy Proszek tytanowy to proszek metalowy wykonany z tytanu. Charakteryzuje si\u0119 on wysokim stosunkiem wytrzyma\u0142o\u015bci do masy, odporno\u015bci\u0105 na korozj\u0119 i biokompatybilno\u015bci\u0105. Proszek tytanowy ma r\u00f3\u017cnorodne zastosowania w r\u00f3\u017cnych bran\u017cach, takich jak lotnictwo, medycyna, motoryzacja i produkty konsumenckie. Niniejszy artyku\u0142 stanowi kompleksowy przewodnik po proszku tytanowym. Obejmuje on sk\u0142ad,...<\/p>","protected":false},"featured_media":1740,"parent":0,"template":"","meta":{"_acf_changed":false,"_kad_blocks_custom_css":"","_kad_blocks_head_custom_js":"","_kad_blocks_body_custom_js":"","_kad_blocks_footer_custom_js":"","_kad_post_transparent":"","_kad_post_title":"","_kad_post_layout":"","_kad_post_sidebar_id":"","_kad_post_content_style":"","_kad_post_vertical_padding":"","_kad_post_feature":"","_kad_post_feature_position":"","_kad_post_header":false,"_kad_post_footer":false,"_kad_post_classname":""},"product-category":[119,123],"class_list":["post-3866","product","type-product","status-publish","has-post-thumbnail","hentry","product-category-3d-printing-metal-powder","product-category-titanium-based-alloy-powder"],"acf":[],"taxonomy_info":{"product-category":[{"value":119,"label":"3D Printing Metal Powder"},{"value":123,"label":"Titanium Based Alloy Powder"}]},"featured_image_src_large":["https:\/\/3dpmetal.com\/wp-content\/uploads\/2024\/02\/Pure-Titanium-Powder.jpg",600,600,false],"author_info":[],"comment_info":"","_links":{"self":[{"href":"https:\/\/3dpmetal.com\/pl\/wp-json\/wp\/v2\/product\/3866","targetHints":{"allow":["GET"]}}],"collection":[{"href":"https:\/\/3dpmetal.com\/pl\/wp-json\/wp\/v2\/product"}],"about":[{"href":"https:\/\/3dpmetal.com\/pl\/wp-json\/wp\/v2\/types\/product"}],"wp:featuredmedia":[{"embeddable":true,"href":"https:\/\/3dpmetal.com\/pl\/wp-json\/wp\/v2\/media\/1740"}],"wp:attachment":[{"href":"https:\/\/3dpmetal.com\/pl\/wp-json\/wp\/v2\/media?parent=3866"}],"wp:term":[{"taxonomy":"product-category","embeddable":true,"href":"https:\/\/3dpmetal.com\/pl\/wp-json\/wp\/v2\/product-category?post=3866"}],"curies":[{"name":"wp","href":"https:\/\/api.w.org\/{rel}","templated":true}]}}