{"id":3867,"date":"2024-03-18T06:10:08","date_gmt":"2024-03-18T06:10:08","guid":{"rendered":"https:\/\/3dp.45612300.xyz\/product\/niobium-powder\/"},"modified":"2024-03-18T06:10:08","modified_gmt":"2024-03-18T06:10:08","slug":"niobium-powder","status":"publish","type":"product","link":"https:\/\/3dpmetal.com\/pl\/product\/niobium-powder\/","title":{"rendered":"Niob w proszku"},"content":{"rendered":"<p><span style=\"vertical-align: inherit;\"><span style=\"vertical-align: inherit;\"><\/p>\n<h2>Przegl\u0105d proszku niobu<\/h2>\n<p class=\"whitespace-pre-wrap\">Niob jest b\u0142yszcz\u0105cym, bia\u0142ym ogniotrwa\u0142ym metalem przej\u015bciowym o wyj\u0105tkowej odporno\u015bci na ciep\u0142o i bardzo wysokiej temperaturze topnienia. W postaci proszku wykazuje doskona\u0142\u0105 stabilno\u015b\u0107 termiczn\u0105, elektryczn\u0105 i chemiczn\u0105.<\/p>\n<p class=\"whitespace-pre-wrap\">Kluczowe w\u0142a\u015bciwo\u015bci proszku niobu obejmuj\u0105:<\/p>\n<ul class=\"list-disc pl-8 space-y-2\">\n<li class=\"whitespace-normal\">Wysoka odporno\u015b\u0107 na ciep\u0142o i ogniotrwa\u0142o\u015b\u0107<\/li>\n<li class=\"whitespace-normal\">Doskona\u0142a odporno\u015b\u0107 na korozj\u0119<\/li>\n<li class=\"whitespace-normal\">Nadprzewodnictwo poni\u017cej 9,2K (-264\u2032\"C)<\/li>\n<li class=\"whitespace-normal\">Stabilno\u015b\u0107 termiczna i elektryczna<\/li>\n<li class=\"whitespace-normal\">Niska absorpcja neutron\u00f3w<\/li>\n<li class=\"whitespace-normal\">Proszek o wysokiej g\u0119sto\u015bci i dobrej czysto\u015bci chemicznej<\/li>\n<li class=\"whitespace-normal\">Dost\u0119pne w r\u00f3\u017cnych zakresach wielko\u015bci cz\u0105stek<\/li>\n<\/ul>\n<p class=\"whitespace-pre-wrap\">Proszek niobu jest stosowany tam, gdzie mo\u017cna wykorzysta\u0107 jego w\u0142a\u015bciwo\u015bci ogniotrwa\u0142e, przewodz\u0105ce i nadprzewodz\u0105ce. G\u0142\u00f3wne zastosowania obejmuj\u0105 elektronik\u0119, nadprzewodniki, stopy, elementy odporne na chemikalia\/ciep\u0142o, pow\u0142oki optyczne i pirotechnik\u0119.<\/p>\n<h2>Sk\u0142ad proszku niobu<\/h2>\n<p class=\"whitespace-pre-wrap\">Proszek niobu ma nast\u0119puj\u0105cy typowy sk\u0142ad:<\/p>\n<table>\n<thead>\n<tr>\n<th>Element<\/th>\n<th>Czysto\u015b\u0107<\/th>\n<\/tr>\n<\/thead>\n<tbody>\n<tr>\n<td>Niob (Nb)<\/td>\n<td>min. 99 %<\/td>\n<\/tr>\n<tr>\n<td>Tantal (Ta)<\/td>\n<td>maks. 0,5%<\/td>\n<\/tr>\n<tr>\n<td>Hafn (Hf)<\/td>\n<td>Maks. 0,01%<\/td>\n<\/tr>\n<tr>\n<td>Azot (N)<\/td>\n<td>maks. 0,03%<\/td>\n<\/tr>\n<tr>\n<td>W\u0119giel (C)<\/td>\n<td>Maks. 0,05%<\/td>\n<\/tr>\n<tr>\n<td>Tlen (O)<\/td>\n<td>0.1-0.2%<\/td>\n<\/tr>\n<tr>\n<td>Wod\u00f3r (H)<\/td>\n<td>0.0015% max<\/td>\n<\/tr>\n<\/tbody>\n<\/table>\n<p class=\"whitespace-pre-wrap\">Proszek niobu o wysokiej czysto\u015bci zawiera ponad 99% niobu metalicznego o niskim poziomie zanieczyszcze\u0144. Gatunki komercyjne maj\u0105 wy\u017csze dopuszczalne zanieczyszczenia.<\/p>\n<h2>W\u0142a\u015bciwo\u015bci proszku niobu<\/h2>\n<p class=\"whitespace-pre-wrap\">Proszek niobu wykazuje nast\u0119puj\u0105ce w\u0142a\u015bciwo\u015bci:<\/p>\n<table>\n<thead>\n<tr>\n<th>Nieruchomo\u015b\u0107<\/th>\n<th>Warto\u015b\u0107<\/th>\n<\/tr>\n<\/thead>\n<tbody>\n<tr>\n<td>G\u0119sto\u015b\u0107<\/td>\n<td>8,57 g\/cm3<\/td>\n<\/tr>\n<tr>\n<td>Temperatura topnienia<\/td>\n<td>2477\u00a1\"C<\/td>\n<\/tr>\n<tr>\n<td>Przewodno\u015b\u0107 cieplna<\/td>\n<td>53 W\/m?K<\/td>\n<\/tr>\n<tr>\n<td>Op\u00f3r elektryczny<\/td>\n<td>15 \u00c3\u00d7\u00b4\u00ce cm<\/td>\n<\/tr>\n<tr>\n<td>Modu\u0142 Younga<\/td>\n<td>105 GPa<\/td>\n<\/tr>\n<tr>\n<td>Wsp\u00f3\u0142czynnik Poissona<\/td>\n<td>0.40<\/td>\n<\/tr>\n<tr>\n<td>Odporno\u015b\u0107 na rozci\u0105ganie<\/td>\n<td>550 MPa<\/td>\n<\/tr>\n<tr>\n<td>Wytrzyma\u0142o\u015b\u0107 na \u015bciskanie<\/td>\n<td>200 MPa<\/td>\n<\/tr>\n<tr>\n<td>Twardo\u015b\u0107 Vickersa<\/td>\n<td>600 HV<\/td>\n<\/tr>\n<\/tbody>\n<\/table>\n<p class=\"whitespace-pre-wrap\">Niob ma bardzo wysok\u0105 temperatur\u0119 topnienia i bardzo dobr\u0105 przewodno\u015b\u0107. Oferuje wysok\u0105 wytrzyma\u0142o\u015b\u0107 w niskich i wysokich temperaturach. Temperatura przej\u015bcia nadprzewodz\u0105cego wynosi 9,2 K.<\/p>\n<p><img loading=\"lazy\" decoding=\"async\" class=\"size-medium wp-image-1409 aligncenter\" src=\"https:\/\/met3dp.com\/wp-content\/uploads\/2023\/09\/ed7a94ec-3c10-4b1b-87ed--300x300.jpg\" alt=\"Niob w proszku\" width=\"300\" height=\"300\" title=\"\"><\/p>\n<h2>Metody produkcji proszku niobu<\/h2>\n<p class=\"whitespace-pre-wrap\">Proszek niobu mo\u017ce by\u0107 wytwarzany metodami takimi jak<\/p>\n<ul class=\"list-disc pl-8 space-y-2\">\n<li class=\"whitespace-normal\"><strong>Hydriding-Dehydriding<\/strong>Wlewki niobu s\u0105 kruszone na gruboziarnisty proszek i uwadniane. Wodorek niobu jest odwadniany pr\u00f3\u017cniowo i mielony na drobny proszek.<\/li>\n<li class=\"whitespace-normal\"><strong>Redukcja kalciotermiczna<\/strong>Redukcja tlenku niobu za pomoc\u0105 wapnia, a nast\u0119pnie konsolidacja i kruszenie na proszek.<\/li>\n<li class=\"whitespace-normal\"><strong>Elektroliza<\/strong>Elektroliza stopionej soli tlenku niobu w celu wytworzenia g\u0105bki niobowej, kt\u00f3ra jest kruszona na proszek.<\/li>\n<li class=\"whitespace-normal\"><strong>Redukcja emisji dwutlenku w\u0119gla<\/strong>Tlenek niobu jest redukowany w\u0119glem i przetwarzany na proszek.<\/li>\n<\/ul>\n<p class=\"whitespace-pre-wrap\">Proces hydratacji jest najbardziej powszechny, ale redukcja w\u0119glowa i elektrotermiczna zapewniaj\u0105 wy\u017csz\u0105 czysto\u015b\u0107 proszku.<\/p>\n<h2>Zastosowania proszku niobu<\/h2>\n<p class=\"whitespace-pre-wrap\">Proszek niobu jest wykorzystywany w nast\u0119puj\u0105cych g\u0142\u00f3wnych zastosowaniach:<\/p>\n<ul class=\"list-disc pl-8 space-y-2\">\n<li class=\"whitespace-normal\"><strong>Elektronika<\/strong>Kondensatory, nadprzewodz\u0105ce wn\u0119ki o cz\u0119stotliwo\u015bci radiowej, z\u0142\u0105cza Josephsona, uk\u0142ady scalone.<\/li>\n<li class=\"whitespace-normal\"><strong>Stopy metali<\/strong>Dodawany do stali i stop\u00f3w na bazie niklu w celu zwi\u0119kszenia wytrzyma\u0142o\u015bci i odporno\u015bci na ciep\u0142o.<\/li>\n<li class=\"whitespace-normal\"><strong>Pow\u0142oki i farby<\/strong>Stosowany w pow\u0142okach przewodz\u0105cych, farbach odpornych na iskry, pow\u0142okach optycznych.<\/li>\n<li class=\"whitespace-normal\"><strong>Spawanie<\/strong>Jako materia\u0142 wype\u0142niaj\u0105cy do stali nierdzewnej, stop\u00f3w niklu i metali ogniotrwa\u0142ych.<\/li>\n<li class=\"whitespace-normal\"><strong>Przemys\u0142 chemiczny<\/strong>Komponenty takie jak wymienniki ciep\u0142a, zbiorniki reaktor\u00f3w wykorzystuj\u0105ce stabilno\u015b\u0107 niobu.<\/li>\n<li class=\"whitespace-normal\"><strong>Pirotechnika<\/strong>Jako paliwo i utleniacz w preparatach pirotechnicznych.<\/li>\n<\/ul>\n<h2>Specyfikacje proszku niobu<\/h2>\n<p class=\"whitespace-pre-wrap\">Proszek niobu jest dost\u0119pny w r\u00f3\u017cnych specyfikacjach:<\/p>\n<ul class=\"list-disc pl-8 space-y-2\">\n<li class=\"whitespace-normal\"><strong>Stopnie czysto\u015bci<\/strong>Od czysto\u015bci handlowej do ultra wysokiej czysto\u015bci (99,99%) w oparciu o zanieczyszczenia.<\/li>\n<li class=\"whitespace-normal\"><strong>Rozmiary cz\u0105stek<\/strong>Od 1 mikrona do 150 mikron\u00f3w dla r\u00f3\u017cnych zastosowa\u0144.<\/li>\n<li class=\"whitespace-normal\"><strong>Morfologia<\/strong>Nieregularne, kuliste, sferyczne i p\u0142atkowe kszta\u0142ty proszku.<\/li>\n<li class=\"whitespace-normal\"><strong>Pole powierzchni<\/strong>Od niskiej powierzchni do wysokiej powierzchni proszku.<\/li>\n<li class=\"whitespace-normal\"><strong>Zawarto\u015b\u0107 tlenu<\/strong>Dost\u0119pne s\u0105 r\u00f3wnie\u017c gatunki drobnego proszku o niskiej zawarto\u015bci tlenu.<\/li>\n<li class=\"whitespace-normal\"><strong>Klasy niestandardowe<\/strong>Specyficzne dla klienta w\u0142a\u015bciwo\u015bci i czysto\u015b\u0107 cz\u0105stek.<\/li>\n<\/ul>\n<h2>Globalni dostawcy proszku niobowego<\/h2>\n<p class=\"whitespace-pre-wrap\">Niekt\u00f3rzy z g\u0142\u00f3wnych \u015bwiatowych dostawc\u00f3w proszku niobowego to:<\/p>\n<ul class=\"list-disc pl-8 space-y-2\">\n<li class=\"whitespace-normal\">H.C. Starck (Niemcy)<\/li>\n<li class=\"whitespace-normal\">CBMM (Brazylia)<\/li>\n<li class=\"whitespace-normal\">Niobec (Kanada)<\/li>\n<li class=\"whitespace-normal\">ESPI Metals (USA)<\/li>\n<li class=\"whitespace-normal\">Continental Steel &amp; Tube (USA)<\/li>\n<li class=\"whitespace-normal\">ZhuZhou Oriental Powder Metallurgy (Chiny)<\/li>\n<\/ul>\n<p class=\"whitespace-pre-wrap\">Firmy te produkuj\u0105 r\u00f3\u017cne gatunki proszku niobu przy u\u017cyciu r\u00f3\u017cnych metod produkcji na poziomach czysto\u015bci od komercyjnego do wysokiego.<\/p>\n<h2>Ceny proszku niobu<\/h2>\n<p class=\"whitespace-pre-wrap\">Ceny proszku niobu zale\u017c\u0105 od takich czynnik\u00f3w jak:<\/p>\n<ul class=\"list-disc pl-8 space-y-2\">\n<li class=\"whitespace-normal\"><strong>Stopie\u0144 czysto\u015bci<\/strong>Od $50\/kg dla czysto\u015bci handlowej do ponad $500\/kg dla gatunk\u00f3w o bardzo wysokiej czysto\u015bci.<\/li>\n<li class=\"whitespace-normal\"><strong>Wielko\u015b\u0107 cz\u0105stek<\/strong>Proszki w nanoskali i submikronowe s\u0105 dro\u017csze.<\/li>\n<li class=\"whitespace-normal\"><strong>Morfologia<\/strong>Sferyczne i g\u0142adkie proszki maj\u0105 wy\u017csz\u0105 cen\u0119.<\/li>\n<li class=\"whitespace-normal\"><strong>Ilo\u015b\u0107<\/strong>Ceny s\u0105 ni\u017csze w przypadku ilo\u015bci hurtowych ze wzgl\u0119du na ekonomi\u0119 skali.<\/li>\n<li class=\"whitespace-normal\"><strong>Producent<\/strong>G\u0142\u00f3wni globalni dostawcy oferuj\u0105 bardziej konkurencyjne ceny.<\/li>\n<li class=\"whitespace-normal\"><strong>Geografia<\/strong>Ceny r\u00f3\u017cni\u0105 si\u0119 w zale\u017cno\u015bci od regionu \u015bwiata.<\/li>\n<\/ul>\n<h2>Przechowywanie i obchodzenie si\u0119 z proszkiem niobu<\/h2>\n<p class=\"whitespace-pre-wrap\">Proszek niobu wymaga kontrolowanego przechowywania i obs\u0142ugi:<\/p>\n<ul class=\"list-disc pl-8 space-y-2\">\n<li class=\"whitespace-normal\">Zapobieganie ekspozycji na powietrze i wilgo\u0107 w celu zminimalizowania utleniania<\/li>\n<li class=\"whitespace-normal\">Unikanie ryzyka zap\u0142onu i wybuchu spowodowanego drobnym proszkiem<\/li>\n<li class=\"whitespace-normal\">Podczas obchodzenia si\u0119 z produktem nale\u017cy stosowa\u0107 odpowiedni\u0105 wentylacj\u0119 i ochron\u0119 dr\u00f3g oddechowych.<\/li>\n<li class=\"whitespace-normal\">Nale\u017cy przestrzega\u0107 \u015brodk\u00f3w ostro\u017cno\u015bci podanych w karcie charakterystyki dostarczonej przez dostawc\u0119.<\/li>\n<li class=\"whitespace-normal\">Szczelnie zamkni\u0119te pojemniki nale\u017cy przechowywa\u0107 w ch\u0142odnym, suchym miejscu, z dala od substancji szkodliwych.<\/li>\n<\/ul>\n<p class=\"whitespace-pre-wrap\">Podczas pracy z proszkiem niobu nale\u017cy stosowa\u0107 komory r\u0119kawicowe z gazem oboj\u0119tnym, odpowiednie uziemienie i \u015brodki ochrony indywidualnej.<\/p>\n<h2>Kontrola i testowanie proszku niobu<\/h2>\n<p class=\"whitespace-pre-wrap\">Nast\u0119puj\u0105ce kontrole i testy s\u0105 zwykle przeprowadzane na proszku niobu:<\/p>\n<ul class=\"list-disc pl-8 space-y-2\">\n<li class=\"whitespace-normal\"><strong>Analiza chemiczna<\/strong>Techniki plazmy sprz\u0119\u017conej indukcyjnie lub fluorescencji rentgenowskiej stosowane do sprawdzania sk\u0142adu i czysto\u015bci.<\/li>\n<li class=\"whitespace-normal\"><strong>Testowanie wielko\u015bci cz\u0105stek<\/strong>Przeprowadzono zgodnie ze standardem ASTM B822 przy u\u017cyciu techniki dyfrakcji laserowej.<\/li>\n<li class=\"whitespace-normal\"><strong>Morfologia<\/strong>Skaningowa mikroskopia elektronowa u\u017cywana do okre\u015blania kszta\u0142tu i pola powierzchni.<\/li>\n<li class=\"whitespace-normal\"><strong>Powierzchnia w\u0142a\u015bciwa<\/strong>BET - metoda absorpcji gazu stosowana do pomiaru pola powierzchni na jednostk\u0119 masy.<\/li>\n<li class=\"whitespace-normal\"><strong>Testowanie zanieczyszcze\u0144<\/strong>ICP-MS u\u017cywany do ilo\u015bciowego oznaczania poziom\u00f3w tantalu, tlenu, azotu i innych zanieczyszcze\u0144.<\/li>\n<li class=\"whitespace-normal\"><strong>Przep\u0142yw proszku<\/strong>Testowane przy u\u017cyciu przep\u0142ywomierza Halla zgodnie z norm\u0105 ASTM B213.<\/li>\n<\/ul>\n<h2>Por\u00f3wnanie proszku niobowego i tantalowego<\/h2>\n<p class=\"whitespace-pre-wrap\">Proszki niobu i tantalu to dwa podobne proszki metali ogniotrwa\u0142ych:<\/p>\n<table>\n<thead>\n<tr>\n<th>Parametr<\/th>\n<th>Niob w proszku<\/th>\n<th>Proszek tantalu<\/th>\n<\/tr>\n<\/thead>\n<tbody>\n<tr>\n<td>G\u0119sto\u015b\u0107<\/td>\n<td>8,57 g\/cm3<\/td>\n<td>16,6 g\/cm3<\/td>\n<\/tr>\n<tr>\n<td>Temperatura topnienia<\/td>\n<td>2477\u00a1\"C<\/td>\n<td>2996\u00a1\"C<\/td>\n<\/tr>\n<tr>\n<td>Op\u00f3r elektryczny<\/td>\n<td>15 \u00c3\u00d7\u00b4\u00ce.cm<\/td>\n<td>13 \u00c3\u00d7\u00b4\u00ce.cm<\/td>\n<\/tr>\n<tr>\n<td>Odporno\u015b\u0107 na rozci\u0105ganie<\/td>\n<td>550 MPa<\/td>\n<td>400 MPa<\/td>\n<\/tr>\n<tr>\n<td>Odporno\u015b\u0107 na utlenianie<\/td>\n<td>\u015arednia<\/td>\n<td>Lepiej<\/td>\n<\/tr>\n<tr>\n<td>Koszt<\/td>\n<td>Ni\u017cej<\/td>\n<td>Wy\u017cej<\/td>\n<\/tr>\n<tr>\n<td>APLIKACJE<\/td>\n<td>Stopy, kondensatory<\/td>\n<td>Medycyna, elektronika<\/td>\n<\/tr>\n<\/tbody>\n<\/table>\n<p class=\"whitespace-pre-wrap\">Tantal ma wy\u017csz\u0105 g\u0119sto\u015b\u0107, temperatur\u0119 topnienia i lepsz\u0105 odporno\u015b\u0107 na utlenianie, ale jest dro\u017cszy ni\u017c niob.<\/p>\n<h2>Najcz\u0119\u015bciej zadawane pytania dotycz\u0105ce proszku niobowego<\/h2>\n<p class=\"whitespace-pre-wrap\"><strong>P: Jak produkowany jest proszek niobu?<\/strong><\/p>\n<p class=\"whitespace-pre-wrap\">G\u0142\u00f3wnymi metodami produkcji proszku niobu s\u0105 hydriding-dehydriding, redukcja kalciotermiczna, elektroliza i redukcja w\u0119gla \u017ar\u00f3de\u0142 tlenku niobu.<\/p>\n<p class=\"whitespace-pre-wrap\"><strong>P: Do czego s\u0142u\u017cy proszek niobu?<\/strong><\/p>\n<p class=\"whitespace-pre-wrap\">G\u0142\u00f3wne zastosowania proszku niobu obejmuj\u0105 elektronik\u0119, stopy metali, pow\u0142oki, przemys\u0142 chemiczny, spawanie, pirotechnik\u0119 i nadprzewodniki.<\/p>\n<p class=\"whitespace-pre-wrap\"><strong>P: Jaki jest typowy rozmiar proszku niobu dla pow\u0142ok natryskiwanych termicznie?<\/strong><\/p>\n<p class=\"whitespace-pre-wrap\">O: W procesach natryskiwania termicznego proszek niobu jest zwykle stosowany w zakresie wielko\u015bci cz\u0105stek 45-150 mikron\u00f3w. Drobniejszy proszek mo\u017ce prowadzi\u0107 do problem\u00f3w z utlenianiem.<\/p>\n<p class=\"whitespace-pre-wrap\"><strong>P: Czy proszek niobu jest \u0142atwopalny lub wybuchowy?<\/strong><\/p>\n<p class=\"whitespace-pre-wrap\">O: Tak, podobnie jak inne drobno rozdrobnione metale, proszek niobu mo\u017ce by\u0107 potencjalnie \u0142atwopalny lub wybuchowy. Niezb\u0119dne s\u0105 odpowiednie \u015brodki ostro\u017cno\u015bci w celu bezpiecznego obchodzenia si\u0119 i przechowywania.<\/p>\n<p class=\"whitespace-pre-wrap\"><strong>P: Gdzie mog\u0119 kupi\u0107 proszek niobu o wysokiej czysto\u015bci do zastosowa\u0144 nadprzewodz\u0105cych?<\/strong><\/p>\n<p class=\"whitespace-pre-wrap\">O: Proszek niobu o bardzo wysokiej czysto\u015bci (99,99%) odpowiedni do zastosowa\u0144 nadprzewodz\u0105cych mo\u017cna naby\u0107 od g\u0142\u00f3wnych dostawc\u00f3w, w tym HC Starck, CBMM i ESPI Metals.<\/p>\n<p><\/span><\/span><\/p>","protected":false},"excerpt":{"rendered":"<p>Niob w proszku Niob jest b\u0142yszcz\u0105cym, bia\u0142ym ogniotrwa\u0142ym metalem przej\u015bciowym o wyj\u0105tkowej odporno\u015bci na ciep\u0142o i bardzo wysokiej temperaturze topnienia. W postaci proszku wykazuje doskona\u0142\u0105 stabilno\u015b\u0107 termiczn\u0105, elektryczn\u0105 i chemiczn\u0105. Kluczowe w\u0142a\u015bciwo\u015bci proszku niobu obejmuj\u0105 Wysoka odporno\u015b\u0107 na ciep\u0142o i ogniotrwa\u0142o\u015b\u0107 Doskona\u0142a odporno\u015b\u0107 na korozj\u0119 Nadprzewodnictwo poni\u017cej 9,2K (-264\u2032\"C) Stabilno\u015b\u0107 termiczna i elektryczna...<\/p>","protected":false},"featured_media":1742,"parent":0,"template":"","meta":{"_acf_changed":false,"_kad_blocks_custom_css":"","_kad_blocks_head_custom_js":"","_kad_blocks_body_custom_js":"","_kad_blocks_footer_custom_js":"","_kad_post_transparent":"","_kad_post_title":"","_kad_post_layout":"","_kad_post_sidebar_id":"","_kad_post_content_style":"","_kad_post_vertical_padding":"","_kad_post_feature":"","_kad_post_feature_position":"","_kad_post_header":false,"_kad_post_footer":false,"_kad_post_classname":""},"product-category":[119,125],"class_list":["post-3867","product","type-product","status-publish","has-post-thumbnail","hentry","product-category-3d-printing-metal-powder","product-category-refractory-metal-powder"],"acf":[],"taxonomy_info":{"product-category":[{"value":119,"label":"3D Printing Metal Powder"},{"value":125,"label":"Refractory Metal Powder"}]},"featured_image_src_large":["https:\/\/3dpmetal.com\/wp-content\/uploads\/2024\/02\/Niobium-Powder.jpg",600,600,false],"author_info":[],"comment_info":"","_links":{"self":[{"href":"https:\/\/3dpmetal.com\/pl\/wp-json\/wp\/v2\/product\/3867","targetHints":{"allow":["GET"]}}],"collection":[{"href":"https:\/\/3dpmetal.com\/pl\/wp-json\/wp\/v2\/product"}],"about":[{"href":"https:\/\/3dpmetal.com\/pl\/wp-json\/wp\/v2\/types\/product"}],"wp:featuredmedia":[{"embeddable":true,"href":"https:\/\/3dpmetal.com\/pl\/wp-json\/wp\/v2\/media\/1742"}],"wp:attachment":[{"href":"https:\/\/3dpmetal.com\/pl\/wp-json\/wp\/v2\/media?parent=3867"}],"wp:term":[{"taxonomy":"product-category","embeddable":true,"href":"https:\/\/3dpmetal.com\/pl\/wp-json\/wp\/v2\/product-category?post=3867"}],"curies":[{"name":"wp","href":"https:\/\/api.w.org\/{rel}","templated":true}]}}