{"id":3888,"date":"2024-03-18T06:10:10","date_gmt":"2024-03-18T06:10:10","guid":{"rendered":"https:\/\/3dp.45612300.xyz\/product\/tc18-powder-unlocking-the-power-of-titanium-carbide\/"},"modified":"2024-03-18T06:10:10","modified_gmt":"2024-03-18T06:10:10","slug":"tc18-powder-unlocking-the-power-of-titanium-carbide","status":"publish","type":"product","link":"https:\/\/3dpmetal.com\/pl\/product\/tc18-powder-unlocking-the-power-of-titanium-carbide\/","title":{"rendered":"Proszek TC18: Uwolnienie mocy w\u0119glika tytanu"},"content":{"rendered":"<p><span style=\"vertical-align: inherit;\"><span style=\"vertical-align: inherit;\"><\/p>\n<h2><strong>W\u0142a\u015bciwo\u015bci proszku TC18<\/strong><\/h2>\n<p>W\u0142a\u015bciwo\u015bci proszku TC18 sprawiaj\u0105, \u017ce jest on bardzo poszukiwanym materia\u0142em do r\u00f3\u017cnych zastosowa\u0144. Niekt\u00f3re kluczowe w\u0142a\u015bciwo\u015bci obejmuj\u0105:<\/p>\n<ol>\n<li><strong>Wysoka twardo\u015b\u0107:<\/strong>Proszek TC18 wykazuje wyj\u0105tkow\u0105 twardo\u015b\u0107, por\u00f3wnywaln\u0105 z twardo\u015bci\u0105 diament\u00f3w, dzi\u0119ki czemu idealnie nadaje si\u0119 do zastosowa\u0144 odpornych na zu\u017cycie.<\/li>\n<li><strong>Doskona\u0142a stabilno\u015b\u0107 termiczna:<\/strong>Dzi\u0119ki wysokiej temperaturze topnienia wynosz\u0105cej oko\u0142o 3140\u00b0C (5675\u00b0F), proszek TC18 mo\u017ce wytrzyma\u0107 ekstremalne temperatury bez znacz\u0105cej degradacji.<\/li>\n<li><strong>Doskona\u0142a odporno\u015b\u0107 na korozj\u0119:<\/strong>Proszek TC18 posiada imponuj\u0105c\u0105 odporno\u015b\u0107 na korozj\u0119, dzi\u0119ki czemu nadaje si\u0119 do zastosowa\u0144 w trudnych warunkach.<\/li>\n<li><strong>Dobra przewodno\u015b\u0107 elektryczna:<\/strong>Pomimo tego, \u017ce jest to materia\u0142 ceramiczny, proszek TC18 wykazuje dobr\u0105 przewodno\u015b\u0107 elektryczn\u0105, co umo\u017cliwia jego zastosowanie w aplikacjach elektronicznych.<\/li>\n<li><strong>Niska g\u0119sto\u015b\u0107:<\/strong>Proszek TC18 ma stosunkowo nisk\u0105 g\u0119sto\u015b\u0107, co przyczynia si\u0119 do jego lekko\u015bci i potencjalnych zastosowa\u0144 w przemy\u015ble lotniczym i motoryzacyjnym.<\/li>\n<\/ol>\n<h2><strong>Zastosowania proszku TC18<\/strong><\/h2>\n<p>Wszechstronny charakter proszku TC18 pozwala na jego zastosowanie w r\u00f3\u017cnych bran\u017cach. Niekt\u00f3re z godnych uwagi zastosowa\u0144 obejmuj\u0105:<\/p>\n<ol>\n<li><strong>Narz\u0119dzia skrawaj\u0105ce i p\u0142ytki:<\/strong>Proszek TC18 jest szeroko stosowany w produkcji narz\u0119dzi skrawaj\u0105cych i p\u0142ytek ze wzgl\u0119du na jego wyj\u0105tkow\u0105 twardo\u015b\u0107 i odporno\u015b\u0107 na zu\u017cycie.<\/li>\n<li><strong>Pow\u0142oki odporne na zu\u017cycie:<\/strong>Proszek TC18 jest wykorzystywany do tworzenia pow\u0142ok odpornych na zu\u017cycie, zwi\u0119kszaj\u0105c trwa\u0142o\u015b\u0107 i \u017cywotno\u015b\u0107 r\u00f3\u017cnych komponent\u00f3w.<\/li>\n<li><strong>Produkcja przyrostowa:<\/strong>Proszek TC18 znajduje zastosowanie w procesach produkcji addytywnej, takich jak druk 3D, do tworzenia z\u0142o\u017conych struktur o wysokiej wytrzyma\u0142o\u015bci.<\/li>\n<li><strong>Elektronika:<\/strong>Dobra przewodno\u015b\u0107 elektryczna proszku TC18 sprawia, \u017ce jest on cenny w zastosowaniach elektronicznych, w tym na stykach elektrycznych i p\u0142ytkach drukowanych.<\/li>\n<li><strong>Przemys\u0142 lotniczy i motoryzacyjny:<\/strong>Proszek TC18 jest wykorzystywany w przemy\u015ble lotniczym i motoryzacyjnym ze wzgl\u0119du na jego lekko\u015b\u0107 i odporno\u015b\u0107 na wysokie temperatury i \u015brodowiska korozyjne.<\/li>\n<\/ol>\n<h2><strong>Zalety proszku TC18<\/strong><\/h2>\n<p>Wykorzystanie proszku TC18 oferuje kilka korzy\u015bci, w tym:<\/p>\n<ol>\n<li><strong>Zwi\u0119kszona wytrzyma\u0142o\u015b\u0107:<\/strong>Wysoka twardo\u015b\u0107 i odporno\u015b\u0107 na zu\u017cycie proszku TC18 zwi\u0119ksza trwa\u0142o\u015b\u0107 i \u017cywotno\u015b\u0107 komponent\u00f3w w r\u00f3\u017cnych zastosowaniach.<\/li>\n<li><strong>Ulepszona wydajno\u015b\u0107:<\/strong>Wykorzystuj\u0105c proszek TC18, producenci mog\u0105 osi\u0105gn\u0105\u0107 lepsz\u0105 wydajno\u015b\u0107 w narz\u0119dziach skrawaj\u0105cych, pow\u0142okach i komponentach elektronicznych.<\/li>\n<li><strong>Lekka konstrukcja:<\/strong>Niska g\u0119sto\u015b\u0107 proszku TC18 przyczynia si\u0119 do lekkich konstrukcji w przemy\u015ble lotniczym i motoryzacyjnym, umo\u017cliwiaj\u0105c oszcz\u0119dno\u015b\u0107 paliwa i zwi\u0119kszon\u0105 \u0142adowno\u015b\u0107.<\/li>\n<li><strong>Oszcz\u0119dno\u015bci koszt\u00f3w:<\/strong>Zwi\u0119kszona trwa\u0142o\u015b\u0107 i wydajno\u015b\u0107 proszku TC18 mo\u017ce prowadzi\u0107 do oszcz\u0119dno\u015bci poprzez zmniejszenie koszt\u00f3w konserwacji i wymiany.<\/li>\n<li><strong>Korzy\u015bci dla \u015brodowiska:<\/strong>Odporno\u015b\u0107 na korozj\u0119 i trwa\u0142o\u015b\u0107 proszku TC18 przyczyniaj\u0105 si\u0119 do zmniejszenia ilo\u015bci odpad\u00f3w i wp\u0142ywu na \u015brodowisko.<\/li>\n<\/ol>\n<h2><strong>Produkcja i proces wytwarzania proszku TC18<\/strong><\/h2>\n<p>Produkcja proszku TC18 obejmuje kilka etap\u00f3w, w tym:<\/p>\n<ol>\n<li><strong>Przygotowanie surowc\u00f3w:<\/strong>Czysty tytan i materia\u0142y w\u0119glowe s\u0105 wybierane i przetwarzane w celu uzyskania odpowiedniej mieszaniny do reakcji.<\/li>\n<li><strong>Etap reakcji:<\/strong>Przygotowana mieszanina ulega reakcji w wysokiej temperaturze, zwykle poprzez redukcj\u0119 karbotermiczn\u0105, w wyniku czego powstaje w\u0119glik tytanu.<\/li>\n<li><strong>Proszkowanie:<\/strong>Zsyntetyzowany w\u0119glik tytanu jest nast\u0119pnie mechanicznie mielony na drobny proszek, w wyniku czego powstaje proszek TC18.<\/li>\n<li><strong>Kontrola jako\u015bci i testowanie:<\/strong>Rygorystyczne \u015brodki kontroli jako\u015bci s\u0105 wdra\u017cane w celu zapewnienia po\u017c\u0105danego rozmiaru cz\u0105stek, czysto\u015bci i konsystencji proszku TC18.<\/li>\n<\/ol>\n<h2><strong>\u015arodki kontroli jako\u015bci<\/strong><\/h2>\n<p>Aby utrzyma\u0107 jako\u015b\u0107 i integralno\u015b\u0107 proszku TC18, w ca\u0142ym procesie produkcji stosowane s\u0105 rygorystyczne \u015brodki kontroli jako\u015bci. \u015arodki te obejmuj\u0105:<\/p>\n<ol>\n<li><strong>Analiza wielko\u015bci cz\u0105stek:<\/strong>Zapewnienie, \u017ce proszek spe\u0142nia wymagane specyfikacje wielko\u015bci dla okre\u015blonych zastosowa\u0144.<\/li>\n<li><strong>Badanie sk\u0142adu chemicznego:<\/strong>Weryfikacja czysto\u015bci i sk\u0142adu pierwiastkowego proszku TC18 w celu spe\u0142nienia standard\u00f3w bran\u017cowych.<\/li>\n<li><strong>Analiza mikrostrukturalna:<\/strong>Badanie mikrostruktury proszku TC18 w celu oceny jego jednorodno\u015bci i zapewnienia sta\u0142ej jako\u015bci.<\/li>\n<li><strong>Ocena w\u0142a\u015bciwo\u015bci fizycznych:<\/strong>Przeprowadzanie test\u00f3w w celu oceny w\u0142a\u015bciwo\u015bci takich jak twardo\u015b\u0107, stabilno\u015b\u0107 termiczna i przewodno\u015b\u0107 elektryczna.<\/li>\n<\/ol>\n<h2><strong>Przysz\u0142e perspektywy proszku TC18<\/strong><\/h2>\n<p>Dzi\u0119ki swoim niezwyk\u0142ym w\u0142a\u015bciwo\u015bciom i wszechstronnym zastosowaniom proszek TC18 ma ogromny potencja\u0142 dla przysz\u0142ych post\u0119p\u00f3w. Trwaj\u0105ce prace badawczo-rozwojowe maj\u0105 na celu dalsz\u0105 optymalizacj\u0119 jego w\u0142a\u015bciwo\u015bci, rozszerzenie zakresu jego zastosowa\u0144 i zbadanie nowych bran\u017c, kt\u00f3re mog\u0105 skorzysta\u0107 z tego innowacyjnego materia\u0142u.<\/p>\n<h2><strong>Wniosek<\/strong><\/h2>\n<p>Proszek TC18, otrzymywany z w\u0119glika tytanu, to prze\u0142omowy materia\u0142 o wyj\u0105tkowych w\u0142a\u015bciwo\u015bciach, kt\u00f3re czyni\u0105 go wysoce po\u017c\u0105danym w r\u00f3\u017cnych bran\u017cach. Jego wysoka twardo\u015b\u0107, doskona\u0142a stabilno\u015b\u0107 termiczna i doskona\u0142a odporno\u015b\u0107 na korozj\u0119 umo\u017cliwiaj\u0105 jego zastosowanie w narz\u0119dziach skrawaj\u0105cych, pow\u0142okach, produkcji dodatk\u00f3w i elektronice. Wykorzystuj\u0105c proszek TC18, producenci mog\u0105 zwi\u0119kszy\u0107 trwa\u0142o\u015b\u0107, poprawi\u0107 wydajno\u015b\u0107 i osi\u0105gn\u0105\u0107 oszcz\u0119dno\u015bci. Wraz z post\u0119pem bada\u0144, przysz\u0142e perspektywy proszku TC18 s\u0105 obiecuj\u0105ce, z mo\u017cliwo\u015bciami dalszego rozwoju i zastosowa\u0144.<\/p>\n<h2><strong>Cz\u0119sto zadawane pytania (FAQ)<\/strong><\/h2>\n<ol>\n<li><strong>Co to jest proszek TC18?<\/strong>Proszek TC18 odnosi si\u0119 do drobno sproszkowanej formy w\u0119glika tytanu, twardego zwi\u0105zku ceramicznego znanego ze swoich wyj\u0105tkowych w\u0142a\u015bciwo\u015bci.<\/li>\n<li><strong>Jakie s\u0105 zastosowania proszku TC18?<\/strong>Proszek TC18 znajduje zastosowanie w narz\u0119dziach skrawaj\u0105cych, pow\u0142okach odpornych na zu\u017cycie, produkcji dodatk\u00f3w, elektronice i bran\u017cach wymagaj\u0105cych lekkich, odpornych na korozj\u0119 materia\u0142\u00f3w.<\/li>\n<li><strong>Jakie s\u0105 zalety korzystania z proszku TC18?<\/strong>Wykorzystanie proszku TC18 oferuje takie korzy\u015bci, jak zwi\u0119kszona trwa\u0142o\u015b\u0107, lepsza wydajno\u015b\u0107, lekka konstrukcja, oszcz\u0119dno\u015b\u0107 koszt\u00f3w i korzy\u015bci dla \u015brodowiska.<\/li>\n<li><strong>Jak produkowany jest proszek TC18?<\/strong>Proszek TC18 jest wytwarzany w procesie obejmuj\u0105cym reakcj\u0119 tytanu i materia\u0142\u00f3w w\u0119glowych, a nast\u0119pnie mechaniczne mielenie na drobny proszek.<\/li>\n<li><strong>Jaka przysz\u0142o\u015b\u0107 czeka proszek TC18?<\/strong>Trwaj\u0105ce badania i rozw\u00f3j maj\u0105 na celu optymalizacj\u0119 w\u0142a\u015bciwo\u015bci proszku TC18, rozszerzenie jego zastosowa\u0144 i odkrywanie nowych bran\u017c, kt\u00f3re mog\u0105 skorzysta\u0107 z jego niezwyk\u0142ych w\u0142a\u015bciwo\u015bci.<\/li>\n<\/ol>\n<p><\/span><\/span><\/p>","protected":false},"excerpt":{"rendered":"<p>W\u0142a\u015bciwo\u015bci proszku TC18 W\u0142a\u015bciwo\u015bci proszku TC18 sprawiaj\u0105, \u017ce jest on bardzo poszukiwanym materia\u0142em do r\u00f3\u017cnych zastosowa\u0144. Niekt\u00f3re kluczowe w\u0142a\u015bciwo\u015bci obejmuj\u0105: Wysoka twardo\u015b\u0107: proszek TC18 wykazuje wyj\u0105tkow\u0105 twardo\u015b\u0107, por\u00f3wnywaln\u0105 z twardo\u015bci\u0105 diament\u00f3w, dzi\u0119ki czemu idealnie nadaje si\u0119 do zastosowa\u0144 odpornych na zu\u017cycie. Doskona\u0142a stabilno\u015b\u0107 termiczna: Dzi\u0119ki wysokiej temperaturze topnienia wynosz\u0105cej oko\u0142o 3140\u00b0C (5675\u00b0F), proszek TC18 mo\u017ce wytrzyma\u0107 ekstremalne...<\/p>","protected":false},"featured_media":1779,"parent":0,"template":"","meta":{"_acf_changed":false,"_kad_blocks_custom_css":"","_kad_blocks_head_custom_js":"","_kad_blocks_body_custom_js":"","_kad_blocks_footer_custom_js":"","_kad_post_transparent":"","_kad_post_title":"","_kad_post_layout":"","_kad_post_sidebar_id":"","_kad_post_content_style":"","_kad_post_vertical_padding":"","_kad_post_feature":"","_kad_post_feature_position":"","_kad_post_header":false,"_kad_post_footer":false,"_kad_post_classname":""},"product-category":[119,123],"class_list":["post-3888","product","type-product","status-publish","has-post-thumbnail","hentry","product-category-3d-printing-metal-powder","product-category-titanium-based-alloy-powder"],"acf":[],"taxonomy_info":{"product-category":[{"value":119,"label":"3D Printing Metal Powder"},{"value":123,"label":"Titanium Based Alloy Powder"}]},"featured_image_src_large":["https:\/\/3dpmetal.com\/wp-content\/uploads\/2024\/02\/TC18-Powder.jpg",600,600,false],"author_info":[],"comment_info":"","_links":{"self":[{"href":"https:\/\/3dpmetal.com\/pl\/wp-json\/wp\/v2\/product\/3888","targetHints":{"allow":["GET"]}}],"collection":[{"href":"https:\/\/3dpmetal.com\/pl\/wp-json\/wp\/v2\/product"}],"about":[{"href":"https:\/\/3dpmetal.com\/pl\/wp-json\/wp\/v2\/types\/product"}],"wp:featuredmedia":[{"embeddable":true,"href":"https:\/\/3dpmetal.com\/pl\/wp-json\/wp\/v2\/media\/1779"}],"wp:attachment":[{"href":"https:\/\/3dpmetal.com\/pl\/wp-json\/wp\/v2\/media?parent=3888"}],"wp:term":[{"taxonomy":"product-category","embeddable":true,"href":"https:\/\/3dpmetal.com\/pl\/wp-json\/wp\/v2\/product-category?post=3888"}],"curies":[{"name":"wp","href":"https:\/\/api.w.org\/{rel}","templated":true}]}}