{"id":3894,"date":"2024-03-18T06:10:12","date_gmt":"2024-03-18T06:10:12","guid":{"rendered":"https:\/\/3dp.45612300.xyz\/product\/feconicrti-powder\/"},"modified":"2024-03-18T06:10:12","modified_gmt":"2024-03-18T06:10:12","slug":"feconicrti-powder","status":"publish","type":"product","link":"https:\/\/3dpmetal.com\/pl\/product\/feconicrti-powder\/","title":{"rendered":"Proszek FeCoNiCrTi"},"content":{"rendered":"<p><span style=\"vertical-align: inherit;\"><span style=\"vertical-align: inherit;\"><\/p>\n<h2>Przegl\u0105d proszku FeCoNiCrTi<\/h2>\n<p class=\"whitespace-pre-wrap\">FeCoNiCrTi to wysokowydajny stop charakteryzuj\u0105cy si\u0119 dobrymi w\u0142a\u015bciwo\u015bciami mechanicznymi i odporno\u015bci\u0105 na korozj\u0119 w podwy\u017cszonych temperaturach. \u017belazo i kobalt nadaj\u0105 doskona\u0142\u0105 wytrzyma\u0142o\u015b\u0107 w wysokiej temperaturze. Nikiel zwi\u0119ksza ci\u0105gliwo\u015b\u0107 i wytrzyma\u0142o\u015b\u0107. Chrom zapewnia wyj\u0105tkow\u0105 odporno\u015b\u0107 na utlenianie i korozj\u0119.<\/p>\n<p class=\"whitespace-pre-wrap\">Do najwa\u017cniejszych cech charakterystycznych proszku FeCoNiCrTi nale\u017c\u0105:<\/p>\n<ul class=\"list-disc pl-8 space-y-2\">\n<li class=\"whitespace-normal\">Wybitna wytrzyma\u0142o\u015b\u0107 na wysok\u0105 temperatur\u0119 i odporno\u015b\u0107 na pe\u0142zanie<\/li>\n<li class=\"whitespace-normal\">Dobra ci\u0105gliwo\u015b\u0107, wytrzyma\u0142o\u015b\u0107 i plastyczno\u015b\u0107<\/li>\n<li class=\"whitespace-normal\">Doskona\u0142a odporno\u015b\u0107 na utlenianie i korozj\u0119<\/li>\n<li class=\"whitespace-normal\">Wysoka stabilno\u015b\u0107 termiczna i stabilno\u015b\u0107 mikrostrukturalna<\/li>\n<li class=\"whitespace-normal\">Dost\u0119pne w r\u00f3\u017cnych rozk\u0142adach wielko\u015bci cz\u0105stek i morfologii<\/li>\n<\/ul>\n<p class=\"whitespace-pre-wrap\">Proszek FeCoNiCrTi jest odpowiedni do stosowania w wysokotemperaturowych elementach konstrukcyjnych, pow\u0142okach ochronnych i innych wymagaj\u0105cych zastosowaniach, kt\u00f3re wymagaj\u0105 odporno\u015bci temperatury, wytrzyma\u0142o\u015bci i odporno\u015bci na warunki \u015brodowiska.<\/p>\n<h2>Sk\u0142ad proszku FeCoNiCrTi<\/h2>\n<p class=\"whitespace-pre-wrap\">Proszek FeCoNiCrTi ma nast\u0119puj\u0105cy sk\u0142ad nominalny:<\/p>\n<table>\n<thead>\n<tr>\n<th>Element<\/th>\n<th>Kompozycja<\/th>\n<\/tr>\n<\/thead>\n<tbody>\n<tr>\n<td>\u017belazo (Fe)<\/td>\n<td>R\u00f3wnowaga<\/td>\n<\/tr>\n<tr>\n<td>Kobalt (Co)<\/td>\n<td>35-50%<\/td>\n<\/tr>\n<tr>\n<td>Nikiel (Ni)<\/td>\n<td>10-30%<\/td>\n<\/tr>\n<tr>\n<td>Chrom (Cr)<\/td>\n<td>8-12%<\/td>\n<\/tr>\n<tr>\n<td>Tytan (Ti)<\/td>\n<td>0.5-2%<\/td>\n<\/tr>\n<tr>\n<td>W\u0119giel (C)<\/td>\n<td>maks. 0,5%<\/td>\n<\/tr>\n<tr>\n<td>Krzem (Si)<\/td>\n<td>Maksymalnie 1%<\/td>\n<\/tr>\n<tr>\n<td>Mangan (Mn)<\/td>\n<td>Maksymalnie 1%<\/td>\n<\/tr>\n<\/tbody>\n<\/table>\n<p><img loading=\"lazy\" decoding=\"async\" class=\"aligncenter wp-image-1409 size-medium\" src=\"https:\/\/met3dp.com\/wp-content\/uploads\/2023\/09\/ed7a94ec-3c10-4b1b-87ed--300x300.jpg\" alt=\"Proszek FeCoNiCrTi\" width=\"300\" height=\"300\" title=\"\"><\/p>\n<p class=\"whitespace-pre-wrap\">Poziomy kobaltu, niklu, chromu i tytanu mo\u017cna dostosowa\u0107 w zale\u017cno\u015bci od wymaga\u0144 aplikacji. Zanieczyszczenia, takie jak w\u0119giel, krzem i mangan, s\u0105 minimalizowane.<\/p>\n<h2>W\u0142a\u015bciwo\u015bci proszku FeCoNiCrTi<\/h2>\n<p class=\"whitespace-pre-wrap\">Proszek FeCoNiCrTi posiada nast\u0119puj\u0105ce w\u0142a\u015bciwo\u015bci:<\/p>\n<table>\n<thead>\n<tr>\n<th>Nieruchomo\u015b\u0107<\/th>\n<th>Warto\u015b\u0107<\/th>\n<\/tr>\n<\/thead>\n<tbody>\n<tr>\n<td>G\u0119sto\u015b\u0107<\/td>\n<td>8,0-8,5 g\/cm3<\/td>\n<\/tr>\n<tr>\n<td>Temperatura topnienia<\/td>\n<td>1300-1400\u00a1\u00abC<\/td>\n<\/tr>\n<tr>\n<td>Przewodno\u015b\u0107 cieplna<\/td>\n<td>10-30 W\/mK<\/td>\n<\/tr>\n<tr>\n<td>Op\u00f3r elektryczny<\/td>\n<td>70-90 cm<\/td>\n<\/tr>\n<tr>\n<td>Modu\u0142 Younga<\/td>\n<td>180-220 GPa<\/td>\n<\/tr>\n<tr>\n<td>Wsp\u00f3\u0142czynnik Poissona<\/td>\n<td>0.28-0.32<\/td>\n<\/tr>\n<tr>\n<td>Odporno\u015b\u0107 na rozci\u0105ganie<\/td>\n<td>650\u20131100 MPa<\/td>\n<\/tr>\n<tr>\n<td>Wytrzyma\u0142o\u015b\u0107 graniczna<\/td>\n<td>450-750 MPa<\/td>\n<\/tr>\n<tr>\n<td>Wyd\u0142u\u017cenie<\/td>\n<td>10-30%<\/td>\n<\/tr>\n<tr>\n<td>Twardo\u015b\u0107<\/td>\n<td>Twardo\u015b\u0107 25-50 HRC<\/td>\n<\/tr>\n<\/tbody>\n<\/table>\n<p>&nbsp;<\/p>\n<p class=\"whitespace-pre-wrap\">W\u0142a\u015bciwo\u015bci takie jak wytrzyma\u0142o\u015b\u0107 na rozci\u0105ganie, odporno\u015b\u0107 na pe\u0142zanie i stabilno\u015b\u0107 mikrostrukturalna s\u0105 utrzymywane w temperaturach przekraczaj\u0105cych 1000\u00a1\u00abC, dzi\u0119ki czemu nadaje si\u0119 do zastosowa\u0144 w wysokich temperaturach.<\/p>\n<h2>Metoda produkcji proszku FeCoNiCrTi<\/h2>\n<p class=\"whitespace-pre-wrap\">Typowe metody produkcji proszku FeCoNiCrTi obejmuj\u0105:<\/p>\n<ul class=\"list-disc pl-8 space-y-2\">\n<li class=\"whitespace-normal\"><strong>Atomizacja gazu<\/strong>?- Strumie\u0144 wysokoci\u015bnieniowego gazu oboj\u0119tnego wykorzystywany do rozpadu strumienia stopionego stopu na drobne, kuliste cz\u0105steczki proszku o dobrym przep\u0142ywie i g\u0119sto\u015bci upakowania.<\/li>\n<li class=\"whitespace-normal\"><strong>Rozpylanie wody<\/strong>?- Uderzenie strumieniem wody o du\u017cej pr\u0119dko\u015bci i rozpad p\u0142ynnej strugi w celu wytworzenia drobnych, nieregularnych proszk\u00f3w. Ni\u017cszy koszt, ale wi\u0119kszy pob\u00f3r tlenu.<\/li>\n<li class=\"whitespace-normal\"><strong>Mechaniczne stopowanie<\/strong>?- Kulowy mielenie pocz\u0105tkowych proszk\u00f3w metali, a nast\u0119pnie spiekanie w celu syntezy stopowego proszku.<\/li>\n<\/ul>\n<p class=\"whitespace-pre-wrap\">Rozpylanie gazu zapewnia najlepsz\u0105 kontrol\u0119 nad cz\u0105steczkami proszku. Wielko\u015b\u0107 cz\u0105stek mo\u017cna dostosowa\u0107 do wymaga\u0144 aplikacji.<\/p>\n<h2>Zastosowania proszku FeCoNiCrTi<\/h2>\n<p class=\"whitespace-pre-wrap\">Proszek FeCoNiCrTi jest wykorzystywany w zastosowaniach w wysokiej temperaturze takich jak:<\/p>\n<ul class=\"list-disc pl-8 space-y-2\">\n<li class=\"whitespace-normal\"><strong>wytwarzanie przyrostowe<\/strong>-?- Wybi\u00f3rcze topienie laserowe, topienie wi\u0105zk\u0105 elektron\u00f3w w celu produkcji z\u0142o\u017conych cz\u0119\u015bci do ekstremalnych \u015brodowisk wymagaj\u0105cych wysokiej wytrzyma\u0142o\u015bci na temperatur\u0119.<\/li>\n<li class=\"whitespace-normal\"><strong>Pow\u0142oki termiczne natrysku termicznego<\/strong>?- Natryskiwanie \u0142ukowe w celu uzyskania grubych pow\u0142ok zapewniaj\u0105cych odporno\u015b\u0107 na zu\u017cycie i korozj\u0119 w podwy\u017cszonych temperaturach.<\/li>\n<li class=\"whitespace-normal\"><strong>Spoiwo lutownicze<\/strong>?- Do \u0142\u0105czenia stop\u00f3w wysokohartowanych i ceramiki wymagaj\u0105cej odporno\u015bci na utlenianie.<\/li>\n<li class=\"whitespace-normal\"><strong>Przetwarzanie szk\u0142a<\/strong>- Rolki przeno\u015bnikowe do metalurgii proszkowej o wytrzyma\u0142o\u015bci na wysok\u0105 temperatur\u0119, stosowane w piecach do wytapiania szk\u0142a.<\/li>\n<li class=\"whitespace-normal\"><strong>Metalurgia proszk\u00f3w<\/strong>- Wytrzyma\u0142e cz\u0119\u015bci konstrukcyjne, takie jak \u0142opatki turbin i kierownice, wytwarzane w procesie t\u0142oczenia i spiekania.<\/li>\n<li class=\"whitespace-normal\"><strong>Materia\u0142y eksploatacyjne do spawania<\/strong>?- jest stosowany jako materia\u0142 wype\u0142niaj\u0105cy, zapewniaj\u0105cy doskona\u0142\u0105 wytrzyma\u0142o\u015b\u0107 spoiny oraz odporno\u015b\u0107 na korozj\u0119.<\/li>\n<\/ul>\n<h2>Specyfikacja proszku FeCoNiCrTi<\/h2>\n<p class=\"whitespace-pre-wrap\">Proszek z FeCoNiCrTi jest dost\u0119pny w r\u00f3\u017cnych zakresach rozmiar\u00f3w, morfologii i gatunk\u00f3w:<\/p>\n<ul class=\"list-disc pl-8 space-y-2\">\n<li class=\"whitespace-normal\"><strong>Rozmiar cz\u0105stek:<\/strong>?Od 10 do 45 mikron\u00f3w dla metod przyrostowych, do 150 mikron\u00f3w dla proces\u00f3w natryskiwania cieplnego.<\/li>\n<li class=\"whitespace-normal\"><strong>Morfologia:<\/strong>Kszta\u0142ty proszku: kuliste, nieregularne i zmieszane. Proszek kulisty zapewnia optymalne u\u0142o\u017cenie i opakowanie.<\/li>\n<li class=\"whitespace-normal\"><strong>Czysto\u015b\u0107:<\/strong>? Od produkt\u00f3w handlowych do produkt\u00f3w o du\u017cej czysto\u015bci na podstawie poziom\u00f3w zanieczyszcze\u0144 i wymog\u00f3w zastosowania.<\/li>\n<li class=\"whitespace-normal\"><strong>Powierzchnia:<\/strong>?Niska powierzchnia w celu zminimalizowania utleniania podczas transportu i magazynowania.<\/li>\n<li class=\"whitespace-normal\"><strong>Stopnie<\/strong>?Dostosowane kompozycje i w\u0142a\u015bciwo\u015bci proszk\u00f3w w zale\u017cno\u015bci od zamierzonego zastosowania i metody przetwarzania.<\/li>\n<\/ul>\n<h2>\u015awiatowi dostawcy proszku FeCoNiCrTi<\/h2>\n<p class=\"whitespace-pre-wrap\">Niekt\u00f3rzy g\u0142\u00f3wni globalni dostawcy proszki FeCoNiCrTi obejmuj\u0105:<\/p>\n<ul class=\"list-disc pl-8 space-y-2\">\n<li class=\"whitespace-normal\">Sandvik Osprey (UK)<\/li>\n<li class=\"whitespace-normal\">Hoganas (Szwecja)<\/li>\n<li class=\"whitespace-normal\">Praxair (USA)<\/li>\n<li class=\"whitespace-normal\">CNPC Powder (Chiny)<\/li>\n<li class=\"whitespace-normal\">Erasteel (Francja)<\/li>\n<li class=\"whitespace-normal\">Tekna (Kanada)<\/li>\n<li class=\"whitespace-normal\">AMETEK (Stany Zjednoczone)<\/li>\n<\/ul>\n<p class=\"whitespace-pre-wrap\">Te firmy produkuj\u0105 r\u00f3\u017cne gatunki proszk\u00f3w FeCoNiCrTi za pomoc\u0105 rozpylania gazowego, rozpylania wod\u0105 i innych technik dostosowanych do produkcji addytywnej, natryskiwania cieplnego, lutowania i innych zastosowa\u0144 w wysokiej temperaturze.<\/p>\n<h2>Cennik proszkowego FeCoNiCrTi<\/h2>\n<p class=\"whitespace-pre-wrap\">Ceny proszku FeCoNiCrTi zale\u017c\u0105 od takich czynnik\u00f3w jak:<\/p>\n<ul class=\"list-disc pl-8 space-y-2\">\n<li class=\"whitespace-normal\">Sk\u0142ad i stopnie czysto\u015bci<\/li>\n<li class=\"whitespace-normal\">Rozk\u0142ad wielko\u015bci cz\u0105stek i morfologia<\/li>\n<li class=\"whitespace-normal\">Metoda produkcji<\/li>\n<li class=\"whitespace-normal\">Ilo\u015b\u0107 zam\u00f3wienia<\/li>\n<li class=\"whitespace-normal\">Dostawca i lokalizacja<\/li>\n<\/ul>\n<table>\n<thead>\n<tr>\n<th>Stopie\u0144<\/th>\n<th>Przedzia\u0142 cenowy<\/th>\n<\/tr>\n<\/thead>\n<tbody>\n<tr>\n<td>Reklama<\/td>\n<td>50-100 za kg<\/td>\n<\/tr>\n<tr>\n<td>Wysoka czysto\u015b\u0107<\/td>\n<td>100\u2013250 PLN za kg<\/td>\n<\/tr>\n<tr>\n<td>Ultradrobne<\/td>\n<td>250-450 z\u0142 za kg<\/td>\n<\/tr>\n<tr>\n<td>Klasa specjalna<\/td>\n<td>450-850 z\u0142 za kg<\/td>\n<\/tr>\n<\/tbody>\n<\/table>\n<p>&nbsp;<\/p>\n<p class=\"whitespace-pre-wrap\">Wytwarzanie gazu rozpryskowego, wysokiej czysto\u015bci i drobnoziarnistych rozmiar\u00f3w proszku wymaga znacznie wy\u017cszych cen w por\u00f3wnaniu do prostych gatunk\u00f3w komercyjnych.<\/p>\n<h2>Przechowywanie i obchodzenie si\u0119 z proszkiem FeCoNiCrTi<\/h2>\n<p class=\"whitespace-pre-wrap\">Proszek FeCoNiCrTi wymaga starannego przechowywania i u\u017cycia:<\/p>\n<ul class=\"list-disc pl-8 space-y-2\">\n<li class=\"whitespace-normal\">Nale\u017cy przechowywa\u0107 w szczelnych pojemnikach pod gazem oboj\u0119tnym, aby zapobiec utlenianiu.<\/li>\n<li class=\"whitespace-normal\">Unika\u0107 gromadzenia si\u0119 drobnego proszku, aby zminimalizowa\u0107 ryzyko wybuch\u00f3w py\u0142u<\/li>\n<li class=\"whitespace-normal\">U\u017cywaj odpowiedniego sprz\u0119tu ochrony osobistej, wentylacji i praktyk bezpiecze\u0144stwa podczas obs\u0142ugi<\/li>\n<li class=\"whitespace-normal\">Przestrzega\u0107, aby proszek nie mia\u0142 kontaktu ze sk\u0142adnikami niezgodnymi<\/li>\n<li class=\"whitespace-normal\">Nale\u017cy post\u0119powa\u0107 zgodnie ze stosown\u0105 kart\u0105 charakterystyki bezpiecze\u0144stwa sporz\u0105dzon\u0105 przez dostawc\u0119<\/li>\n<\/ul>\n<p class=\"whitespace-pre-wrap\">Nale\u017cy zachowa\u0107 odpowiednie uziemienie, os\u0142on\u0119 i ostro\u017cno\u015b\u0107 podczas obs\u0142ugi tego reaktywnego proszku stopowego.<\/p>\n<h2>Badania i testowanie proszku FeCoNiCrTi<\/h2>\n<p class=\"whitespace-pre-wrap\">G\u0142\u00f3wne testy stosowane w kontroli jako\u015bci proszku FeCoNiCrTi obejmuj\u0105:<\/p>\n<ul class=\"list-disc pl-8 space-y-2\">\n<li class=\"whitespace-normal\">Analiza chemiczna z wykorzystaniem OES lub XRF w celu zagwarantowania zgodno\u015bci sk\u0142adu ze specyfikacjami<\/li>\n<li class=\"whitespace-normal\">Analiza rozk\u0142adu wielko\u015bci cz\u0105stek zgodnie z norm\u0105 ASTM B822<\/li>\n<li class=\"whitespace-normal\">Analiza morfologiczna poprzez obrazowanie SEM<\/li>\n<li class=\"whitespace-normal\">Pomiar szybko\u015bci przep\u0142ywu proszku za pomoc\u0105 przep\u0142ywomierza Halla zgodnie z norm\u0105 ASTM B213<\/li>\n<li class=\"whitespace-normal\">Pomiar g\u0119sto\u015bci metod\u0105 piknometrii helowej<\/li>\n<li class=\"whitespace-normal\">Testowanie czysto\u015bci przy u\u017cyciu ICP-MS<\/li>\n<li class=\"whitespace-normal\">Badanie mikrostruktury metod\u0105 dyfrakcji rentgenowskiej<\/li>\n<\/ul>\n<p class=\"whitespace-pre-wrap\">Dok\u0142adne testy i inspekcje zapewniaj\u0105 niezawodn\u0105 i sp\u00f3jn\u0105 jako\u015b\u0107 proszku spe\u0142niaj\u0105c\u0105 wymagania wydajno\u015bciowe.<\/p>\n<h2>Por\u00f3wnanie proszk\u00f3w FeCoNiCrTi i Inconel 718<\/h2>\n<p class=\"whitespace-pre-wrap\">FeCoNiCrTi i Inconel 718 s\u0105 dwoma, por\u00f3wnywanymi proszkami ze stop\u00f3w wysokotemperaturowych:<\/p>\n<table>\n<thead>\n<tr>\n<th>Parametr<\/th>\n<th>FeCoNiCrTi<\/th>\n<th>Inconel 718<\/th>\n<\/tr>\n<\/thead>\n<tbody>\n<tr>\n<td>Kompozycja<\/td>\n<td>Stop metali<\/td>\n<td>Stopie\u0144 Ni-Cr-Fe-Nb<\/td>\n<\/tr>\n<tr>\n<td>Koszt<\/td>\n<td>Wy\u017cej<\/td>\n<td>Ni\u017cej<\/td>\n<\/tr>\n<tr>\n<td>Si\u0142a<\/td>\n<td>Wy\u017cszy w bardzo wysokich temperaturach<\/td>\n<td>Doskona\u0142a do 700\u00a1\u00abC<\/td>\n<\/tr>\n<tr>\n<td>Odporno\u015b\u0107 na utlenianie<\/td>\n<td>Por\u00f3wnywalny<\/td>\n<td>Por\u00f3wnywalny<\/td>\n<\/tr>\n<tr>\n<td>Praktyczno\u015b\u0107<\/td>\n<td>\u015arednia<\/td>\n<td>Wy\u015bmienicie<\/td>\n<\/tr>\n<tr>\n<td>APLIKACJE<\/td>\n<td>Termiczne natryskiwanie, spawanie<\/td>\n<td>Komponenty lotnicze, spr\u0119\u017cyny<\/td>\n<\/tr>\n<tr>\n<td>Dost\u0119pno\u015b\u0107<\/td>\n<td>\u015arednia<\/td>\n<td>\u0141atwo dost\u0119pny<\/td>\n<\/tr>\n<\/tbody>\n<\/table>\n<p>&nbsp;<\/p>\n<p class=\"whitespace-pre-wrap\">FeCoNiCrTi zapewnia lepsz\u0105 wytrzyma\u0142o\u015b\u0107 w wysokiej temperaturze, podczas gdy Inconel 718 ma dobr\u0105 podatno\u015b\u0107 na obr\u00f3bk\u0119 i dost\u0119pno\u015b\u0107.<\/p>\n<h2>Cz\u0119sto zadawane pytania dotycz\u0105ce proszku FeCoNiCrTi<\/h2>\n<p class=\"whitespace-pre-wrap\"><strong>P: Jak powstaje proszek FeCoNiCrTi?<\/strong><\/p>\n<p class=\"whitespace-pre-wrap\">A: Proszek FeCoNiCrTi produkowany jest komercyjnie przy u\u017cyciu atomizacji gazowej, atomizacji wodnej oraz stopowania mechanicznego po\u0142\u0105czonego ze spiekaniem. Atomizacja gazowa zapewnia najlepsz\u0105 kontrol\u0119 charakterystyk cz\u0105stek.<\/p>\n<p class=\"whitespace-pre-wrap\"><strong>P: Do czego u\u017cywa si\u0119 proszku FeCoNiCrTi?<\/strong><\/p>\n<p class=\"whitespace-pre-wrap\">A: FeCoNiCrTi ma zastosowanie w warunkach wysokiej temperatury, takich jak wytwarzanie przyrostowe, pow\u0142oki natryskowe, lutowanie twarde, elementy metalurgii proszk\u00f3w, materia\u0142y eksploatacyjne do spawania, gdzie wymagana jest odporno\u015b\u0107 na temperatur\u0119, wytrzyma\u0142o\u015b\u0107 i odporno\u015b\u0107 na dzia\u0142anie \u015brodowiska.<\/p>\n<p class=\"whitespace-pre-wrap\"><strong>P: Jaki jest zalecany rozmiar proszku do natryskiwania cieplnego?<\/strong><\/p>\n<p class=\"whitespace-pre-wrap\">A: W przypadku wi\u0119kszo\u015bci proces\u00f3w natryskiwania cieplnego, dla proszku FeCoNiCrTi preferowany jest zakres rozmiar\u00f3w cz\u0105stek od 45 do 150 mikron\u00f3w, w celu zmaksymalizowania wydajno\u015bci osadzania i w\u0142a\u015bciwo\u015bci pow\u0142oki.<\/p>\n<p class=\"whitespace-pre-wrap\"><strong>P: Czy proszek FeCoNiCrTi wymaga specjalnych \u015brodk\u00f3w ostro\u017cno\u015bci podczas obchodzenia si\u0119 z nim?<\/strong><\/p>\n<p class=\"whitespace-pre-wrap\">Odp.: Tak, zaleca si\u0119 ostro\u017cn\u0105 obs\u0142ug\u0119 tego reaktywnego proszku drobnoziarnistego stopu przy u\u017cyciu atmosfery oboj\u0119tnej, prawid\u0142owego uziemienia, wentylacji i \u015aOI w celu ograniczenia zagro\u017ce\u0144.<\/p>\n<p class=\"whitespace-pre-wrap\"><strong>P: Gdzie mog\u0119 kupi\u0107 proszek FeCoNiCrTi odpowiedni do produkcji przyrostowej?<\/strong><\/p>\n<p class=\"whitespace-pre-wrap\">A: Spiekany gazem proszek FeCoNiCrTi spe\u0142niaj\u0105ce wymagania AM mo\u017cna naby\u0107 od wiod\u0105cych producent\u00f3w, takich jak Sandvik, Hoganas, Praxair i Erasteel.<\/p>\n<p><\/span><\/span><\/p>","protected":false},"excerpt":{"rendered":"<p>Przegl\u0105d proszku FeCoNiCrTi FeCoNiCrTi to wysokowydajny stop wykazuj\u0105cy dobre w\u0142a\u015bciwo\u015bci mechaniczne i odporno\u015b\u0107 na korozj\u0119 w podwy\u017cszonych temperaturach. \u017belazo i kobalt zapewniaj\u0105 doskona\u0142\u0105 wytrzyma\u0142o\u015b\u0107 w wysokich temperaturach. Nikiel zwi\u0119ksza plastyczno\u015b\u0107 i wytrzyma\u0142o\u015b\u0107. Chrom zapewnia wyj\u0105tkow\u0105 odporno\u015b\u0107 na utlenianie i korozj\u0119. Kluczowe cechy proszku FeCoNiCrTi obejmuj\u0105: Doskona\u0142a wytrzyma\u0142o\u015b\u0107 w wysokich temperaturach i odporno\u015b\u0107 na pe\u0142zanie Dobra ci\u0105gliwo\u015b\u0107,...<\/p>","protected":false},"featured_media":1766,"parent":0,"template":"","meta":{"_acf_changed":false,"_kad_blocks_custom_css":"","_kad_blocks_head_custom_js":"","_kad_blocks_body_custom_js":"","_kad_blocks_footer_custom_js":"","_kad_post_transparent":"","_kad_post_title":"","_kad_post_layout":"","_kad_post_sidebar_id":"","_kad_post_content_style":"","_kad_post_vertical_padding":"","_kad_post_feature":"","_kad_post_feature_position":"","_kad_post_header":false,"_kad_post_footer":false,"_kad_post_classname":""},"product-category":[119,127],"class_list":["post-3894","product","type-product","status-publish","has-post-thumbnail","hentry","product-category-3d-printing-metal-powder","product-category-high-entropy-alloy-powder"],"acf":[],"taxonomy_info":{"product-category":[{"value":119,"label":"3D Printing Metal Powder"},{"value":127,"label":"High Entropy Alloy Powder"}]},"featured_image_src_large":["https:\/\/3dpmetal.com\/wp-content\/uploads\/2024\/02\/FeCoNiCrTi-Powder.png",600,600,false],"author_info":[],"comment_info":"","_links":{"self":[{"href":"https:\/\/3dpmetal.com\/pl\/wp-json\/wp\/v2\/product\/3894","targetHints":{"allow":["GET"]}}],"collection":[{"href":"https:\/\/3dpmetal.com\/pl\/wp-json\/wp\/v2\/product"}],"about":[{"href":"https:\/\/3dpmetal.com\/pl\/wp-json\/wp\/v2\/types\/product"}],"wp:featuredmedia":[{"embeddable":true,"href":"https:\/\/3dpmetal.com\/pl\/wp-json\/wp\/v2\/media\/1766"}],"wp:attachment":[{"href":"https:\/\/3dpmetal.com\/pl\/wp-json\/wp\/v2\/media?parent=3894"}],"wp:term":[{"taxonomy":"product-category","embeddable":true,"href":"https:\/\/3dpmetal.com\/pl\/wp-json\/wp\/v2\/product-category?post=3894"}],"curies":[{"name":"wp","href":"https:\/\/api.w.org\/{rel}","templated":true}]}}