{"id":3895,"date":"2024-03-18T06:10:12","date_gmt":"2024-03-18T06:10:12","guid":{"rendered":"https:\/\/3dp.45612300.xyz\/product\/feconicr-powder\/"},"modified":"2024-03-18T06:10:12","modified_gmt":"2024-03-18T06:10:12","slug":"feconicr-powder","status":"publish","type":"product","link":"https:\/\/3dpmetal.com\/pl\/product\/feconicr-powder\/","title":{"rendered":"Proszek FeCoNiCr"},"content":{"rendered":"<p><span style=\"vertical-align: inherit;\"><span style=\"vertical-align: inherit;\"><\/p>\n<h2>Przegl\u0105d proszku FeCoNiCr<\/h2>\n<p class=\"whitespace-pre-wrap\">FeCoNiCr nale\u017cy do klasy wysoko wytrzyma\u0142ych stop\u00f3w o dobrych w\u0142a\u015bciwo\u015bciach mechanicznych, stabilno\u015bci mikrostrukturalnej i odporno\u015bci na warunki \u015brodowiskowe w podwy\u017cszonych temperaturach przekraczaj\u0105cych 750 \u00b0C. \u017belazo i kobalt zapewniaj\u0105 wytrzyma\u0142o\u015b\u0107. Nikiel zwi\u0119ksza plastyczno\u015b\u0107 i odporno\u015b\u0107. Chrom zapewnia odporno\u015b\u0107 na utlenianie i korozj\u0119.<\/p>\n<p class=\"whitespace-pre-wrap\">Kluczowe w\u0142a\u015bciwo\u015bci proszku FeCoNiCr obejmuj\u0105:<\/p>\n<ul class=\"list-disc pl-8 space-y-2\">\n<li class=\"whitespace-normal\">Wybitna wytrzyma\u0142o\u015b\u0107 na wysok\u0105 temperatur\u0119 i odporno\u015b\u0107 na pe\u0142zanie<\/li>\n<li class=\"whitespace-normal\">Dobry zakres wytrzyma\u0142o\u015bci i odporno\u015bci zm\u0119czeniowej<\/li>\n<li class=\"whitespace-normal\">Wysoka twardo\u015b\u0107, odporno\u015b\u0107 na zu\u017cycie i \u015bcieranie<\/li>\n<li class=\"whitespace-normal\">Nadzwyczajna odporno\u015b\u0107 na korozj\u0119 i utlenianie<\/li>\n<li class=\"whitespace-normal\">Dost\u0119pne w r\u00f3\u017cnych rozk\u0142adach wielko\u015bci cz\u0105stek i morfologii<\/li>\n<\/ul>\n<p class=\"whitespace-pre-wrap\">Proszek FeCoNiCr jest przeznaczony do pow\u0142ok ochronnych, natryskiwania termicznego, spawania, wytwarzania przyrostowego i innych zastosowa\u0144 wysokotemperaturowych wymagaj\u0105cych wytrzyma\u0142o\u015bci, twardo\u015bci i odporno\u015bci na czynniki \u015brodowiskowe.<\/p>\n<h2>Sk\u0142ad proszku FeCoNiCr<\/h2>\n<p class=\"whitespace-pre-wrap\">Proszek FeCoNiCr ma nast\u0119puj\u0105cy sk\u0142ad nominalny:<\/p>\n<table>\n<thead>\n<tr>\n<th>Element<\/th>\n<th>Kompozycja<\/th>\n<\/tr>\n<\/thead>\n<tbody>\n<tr>\n<td>\u017belazo (Fe)<\/td>\n<td>R\u00f3wnowaga<\/td>\n<\/tr>\n<tr>\n<td>Kobalt (Co)<\/td>\n<td>35-50%<\/td>\n<\/tr>\n<tr>\n<td>Nikiel (Ni)<\/td>\n<td>10-30%<\/td>\n<\/tr>\n<tr>\n<td>Chrom (Cr)<\/td>\n<td>8-12%<\/td>\n<\/tr>\n<tr>\n<td>W\u0119giel (C)<\/td>\n<td>&lt;0,5%<\/td>\n<\/tr>\n<tr>\n<td>Krzem (Si)<\/td>\n<td>&lt;1,5%<\/td>\n<\/tr>\n<tr>\n<td>Mangan (Mn)<\/td>\n<td>&lt;1%<\/td>\n<\/tr>\n<\/tbody>\n<\/table>\n<p><img loading=\"lazy\" decoding=\"async\" class=\"size-medium wp-image-1409 aligncenter\" src=\"https:\/\/met3dp.com\/wp-content\/uploads\/2023\/09\/ed7a94ec-3c10-4b1b-87ed--300x300.jpg\" alt=\"Proszek FeCoNiCr\" width=\"300\" height=\"300\" title=\"\"><\/p>\n<p class=\"whitespace-pre-wrap\">Mo\u017cna dostosowa\u0107 poziomy kobaltu, niklu i chromu wedle wymaga\u0144, by zoptymalizowa\u0107 w\u0142asno\u015bci mechaniczne i odporno\u015b\u0107 \u015brodowiskow\u0105. Nieczysto\u015bci zosta\u0142y zminimalizowane.<\/p>\n<h2>W\u0142a\u015bciwo\u015bci proszku FeCoNiCr<\/h2>\n<p class=\"whitespace-pre-wrap\">G\u0142\u00f3wne w\u0142a\u015bciwo\u015bci proszku FeCoNiCr obejmuj\u0105:<\/p>\n<table>\n<thead>\n<tr>\n<th>Nieruchomo\u015b\u0107<\/th>\n<th>Warto\u015b\u0107<\/th>\n<\/tr>\n<\/thead>\n<tbody>\n<tr>\n<td>G\u0119sto\u015b\u0107<\/td>\n<td>7,5-8,2 g\/cm3<\/td>\n<\/tr>\n<tr>\n<td>Temperatura topnienia<\/td>\n<td>1300-1400\u00a1\u00abC<\/td>\n<\/tr>\n<tr>\n<td>Przewodno\u015b\u0107 cieplna<\/td>\n<td>10-30 W\/mK<\/td>\n<\/tr>\n<tr>\n<td>Op\u00f3r elektryczny<\/td>\n<td>65-85 \u00c3\u2014\u00b4\u00ce.cm<\/td>\n<\/tr>\n<tr>\n<td>Modu\u0142 Younga<\/td>\n<td>190-220 GPa<\/td>\n<\/tr>\n<tr>\n<td>Wsp\u00f3\u0142czynnik Poissona<\/td>\n<td>0.28-0.32<\/td>\n<\/tr>\n<tr>\n<td>Odporno\u015b\u0107 na rozci\u0105ganie<\/td>\n<td>600-1100 MPa<\/td>\n<\/tr>\n<tr>\n<td>Wytrzyma\u0142o\u015b\u0107 graniczna<\/td>\n<td>450-800 MPa<\/td>\n<\/tr>\n<tr>\n<td>Wyd\u0142u\u017cenie<\/td>\n<td>15-30%<\/td>\n<\/tr>\n<tr>\n<td>Twardo\u015b\u0107<\/td>\n<td>30-50 HRC<\/td>\n<\/tr>\n<\/tbody>\n<\/table>\n<p>&nbsp;<\/p>\n<p class=\"whitespace-pre-wrap\">Takie w\u0142a\u015bciwo\u015bci, jak: wytrzyma\u0142o\u015b\u0107 w wysokiej temperaturze, twardo\u015b\u0107, odporno\u015b\u0107 na zu\u017cycie, odporno\u015b\u0107 na korozj\u0119 sprawiaj\u0105, \u017ce nadaje si\u0119 do najbardziej wymagaj\u0105cych zastosowa\u0144.<\/p>\n<h2>Metoda produkcji proszku FeCoNiCr<\/h2>\n<p class=\"whitespace-pre-wrap\">Proszek FeCoNiCr mo\u017cna wytworzy\u0107 za pomoc\u0105:<\/p>\n<ul class=\"list-disc pl-8 space-y-2\">\n<li class=\"whitespace-normal\"><strong>Atomizacja gazu<\/strong>?- Wysokoci\u015bnieniowy gaz oboj\u0119tny stosowany do atomizacji stopionego stopu, co daje drobny kulisty proszek idealny do produkcji przyrostowej.<\/li>\n<li class=\"whitespace-normal\"><strong>Rozpylanie wody<\/strong>?- Strumie\u0144 wody o du\u017cej pr\u0119dko\u015bci rozbija stopiony metal w drobny, nieregularny proszek. Metod\u0119 cechuje wysoka rentowno\u015b\u0107, ale jest ona bardziej nara\u017cona na poch\u0142anianie tlenu.<\/li>\n<li class=\"whitespace-normal\"><strong>Mechaniczne stopowanie<\/strong>- Kulowanie mieszanych proszk\u00f3w pierwiastk\u00f3w, a nast\u0119pnie spiekanie i ponowna atomizacja.<\/li>\n<\/ul>\n<p class=\"whitespace-pre-wrap\">Atomizacja gazowa umo\u017cliwia najlepsz\u0105 kontrol\u0119 wielko\u015bci cz\u0105stek, kszta\u0142tu, czysto\u015bci i mikrostruktury.<\/p>\n<h2>Zastosowania proszku FeCoNiCr<\/h2>\n<p class=\"whitespace-pre-wrap\">Typowe zastosowania proszku FeCoNiCr obejmuj\u0105:<\/p>\n<ul class=\"list-disc pl-8 space-y-2\">\n<li class=\"whitespace-normal\"><strong>Pow\u0142oki termiczne natrysku termicznego<\/strong>- HVOF lub natrysk plazmowy do nak\u0142adania grubych, odpornych na zu\u017cycie i korozj\u0119 pow\u0142ok na narz\u0119dziach, formach, zaworach, \u0142o\u017cyskach itp.<\/li>\n<li class=\"whitespace-normal\"><strong>wytwarzanie przyrostowe<\/strong>- Selektywne topienie laserowe do produkcji z\u0142o\u017conych komponent w warunkach wysokiej temperatury.<\/li>\n<li class=\"whitespace-normal\"><strong>Dodatki spawalnicze<\/strong>?- Zapewnia doskona\u0142\u0105 wytrzyma\u0142o\u015b\u0107 w wysokiej temperaturze, twardo\u015b\u0107 i odporno\u015b\u0107 na korozj\u0119 w strefie spawania.<\/li>\n<li class=\"whitespace-normal\"><strong>Spoiwo lutownicze<\/strong>?- Stosowany do \u0142\u0105czenia element\u00f3w pracuj\u0105cych w bardzo wysokich temperaturach, kt\u00f3re wymagaj\u0105 odporno\u015bci na utlenianie.<\/li>\n<li class=\"whitespace-normal\"><strong>Przetwarzanie szk\u0142a<\/strong>- Rolki przeno\u015bnikowe do metalurgii proszkowej o wytrzyma\u0142o\u015bci na wysok\u0105 temperatur\u0119, stosowane w piecach do wytapiania szk\u0142a.<\/li>\n<\/ul>\n<h2>Specyfikacja proszku FeCoNiCr<\/h2>\n<p class=\"whitespace-pre-wrap\">Proszek FeCoNiCr jest dost\u0119pny w r\u00f3\u017cnych zakresach rozmiar\u00f3w, kszta\u0142tach, gatunkach i poziomach czysto\u015bci:<\/p>\n<ul class=\"list-disc pl-8 space-y-2\">\n<li class=\"whitespace-normal\"><strong>Rozmiar cz\u0105stek:<\/strong>?Od 15-45 \u00b5m dla metod addytywnych, do 150 \u00b5m dla proces\u00f3w natryskiwania cieplnego.<\/li>\n<li class=\"whitespace-normal\"><strong>Morfologia:<\/strong>Kszta\u0142ty sferyczne, nieregularne i mieszane. Sferyczny proszek zapewnia optymalny przep\u0142yw i pakowanie.<\/li>\n<li class=\"whitespace-normal\"><strong>Czysto\u015b\u0107:<\/strong>Od czysto\u015bci handlowej po klasy o ultrawysokiej czysto\u015bci, na podstawie surowej analizy chemicznej i wymaga\u0144 dotycz\u0105cych zastosowania.<\/li>\n<li class=\"whitespace-normal\"><strong>Powierzchnia:<\/strong>?Niska powierzchnia w celu zminimalizowania utleniania podczas transportu i magazynowania.<\/li>\n<li class=\"whitespace-normal\"><strong>Stopnie<\/strong>?Indywidualny sk\u0142ad i metalurgia proszk\u00f3w dostosowane do konkretnego zastosowania i metody obr\u00f3bki.<\/li>\n<\/ul>\n<h2>\u015awiatowi Dostawcy Proszku FeCoNiCr<\/h2>\n<p class=\"whitespace-pre-wrap\">Niekt\u00f3rzy z g\u0142\u00f3wnych \u015bwiatowych dostawc\u00f3w proszk\u00f3w FeCoNiCr to:<\/p>\n<ul class=\"list-disc pl-8 space-y-2\">\n<li class=\"whitespace-normal\">Sandvik Osprey (UK)<\/li>\n<li class=\"whitespace-normal\">Erasteel (Francja)<\/li>\n<li class=\"whitespace-normal\">Tekna (Kanada)<\/li>\n<li class=\"whitespace-normal\">Edgetech Industries (USA)<\/li>\n<li class=\"whitespace-normal\">Hoganas (Szwecja)<\/li>\n<li class=\"whitespace-normal\">CNPC Powder (Chiny)<\/li>\n<\/ul>\n<p class=\"whitespace-pre-wrap\">Sp\u00f3\u0142ki te produkuj\u0105 r\u00f3\u017cnorakiej jako\u015bci proszki FeCoNiCr za po\u015brednictwem proces\u00f3w atomizacji gazowej, atomizacji wodnej i stopowania mechanicznego dostosowanych do okre\u015blonych zastosowa\u0144.<\/p>\n<h2>Wycena proszku FeCoNiCr<\/h2>\n<p class=\"whitespace-pre-wrap\">Ceny proszku FeCoNiCr zale\u017c\u0105 od takich czynnik\u00f3w jak:<\/p>\n<ul class=\"list-disc pl-8 space-y-2\">\n<li class=\"whitespace-normal\">Sk\u0142ad, poziom czysto\u015bci<\/li>\n<li class=\"whitespace-normal\">Rozmiar i morfologia cz\u0105steczek<\/li>\n<li class=\"whitespace-normal\">Metoda produkcji<\/li>\n<li class=\"whitespace-normal\">Wolumen zam\u00f3wie\u0144<\/li>\n<li class=\"whitespace-normal\">Producent i lokalizacja<\/li>\n<\/ul>\n<table>\n<thead>\n<tr>\n<th>Stopie\u0144<\/th>\n<th>Przedzia\u0142 cenowy<\/th>\n<\/tr>\n<\/thead>\n<tbody>\n<tr>\n<td>Reklama<\/td>\n<td>60-120 PLN za kg<\/td>\n<\/tr>\n<tr>\n<td>Wysoka czysto\u015b\u0107<\/td>\n<td>120-250 USD za kg<\/td>\n<\/tr>\n<tr>\n<td>Ultradrobne<\/td>\n<td>250-450 z\u0142 za kg<\/td>\n<\/tr>\n<tr>\n<td>Klasa specjalna<\/td>\n<td>450-850 z\u0142 za kg<\/td>\n<\/tr>\n<\/tbody>\n<\/table>\n<p>&nbsp;<\/p>\n<p class=\"whitespace-pre-wrap\">Gazowy, kontrolowany rozmiar cz\u0105steczek, wysokiej czysto\u015bci proszki maj\u0105 znacznie wy\u017csz\u0105 cen\u0119 w por\u00f3wnaniu ze standardami komercyjnymi.<\/p>\n<h2>Przechowywanie i obchodzenie z proszkiem FeCoNiCr<\/h2>\n<p class=\"whitespace-pre-wrap\">Prawid\u0142owe procedury magazynowania i obs\u0142ugi proszku FeCoNiCr obejmuj\u0105:<\/p>\n<ul class=\"list-disc pl-8 space-y-2\">\n<li class=\"whitespace-normal\">Przechowywa\u0107 w szczelnych pojemnikach pod gazem oboj\u0119tnym, by zapobiec utlenianiu<\/li>\n<li class=\"whitespace-normal\">Unikanie gromadzenia drobnego py\u0142u w celu ograniczenia ryzyka wybuchu<\/li>\n<li class=\"whitespace-normal\">Stosuj odpowiednie \u015aOI, wentylacj\u0119 oraz zasady bezpiecze\u0144stwa podczas obs\u0142ugi<\/li>\n<li class=\"whitespace-normal\">Przestrzega\u0107, aby proszek nie mia\u0142 kontaktu ze sk\u0142adnikami niezgodnymi<\/li>\n<li class=\"whitespace-normal\">Post\u0119puj zgodnie z obowi\u0105zuj\u0105cymi wytycznymi bezpiecze\u0144stwa z karty charakterystyki substancji niebezpiecznej<\/li>\n<\/ul>\n<p class=\"whitespace-pre-wrap\">\u015arodki ostro\u017cno\u015bci i ochrony s\u0105 niezb\u0119dne przy obchodzeniu si\u0119 z tym reaktywnym proszkiem ze stopu.<\/p>\n<h2>Badanie i testowanie proszku FeCoNiCr<\/h2>\n<p class=\"whitespace-pre-wrap\">Kluczowe testy kontroli jako\u015bci przeprowadzane na proszku FeCoNiCr:<\/p>\n<ul class=\"list-disc pl-8 space-y-2\">\n<li class=\"whitespace-normal\">Analiza chemiczna z wykorzystaniem OES lub XRF w celu zapewnienia zgodno\u015bci sk\u0142adu z okre\u015blonymi limitami<\/li>\n<li class=\"whitespace-normal\">Dystrybucja wielko\u015bci cz\u0105stek za pomoc\u0105 dyfrakcji laserowej zgodnie z norm\u0105 ASTM B822<\/li>\n<li class=\"whitespace-normal\">Analiza morfologiczna poprzez obrazowanie SEM<\/li>\n<li class=\"whitespace-normal\">Pomiar nat\u0119\u017cenia przep\u0142ywu proszku zgodnie z norm\u0105 ASTM B213<\/li>\n<li class=\"whitespace-normal\">Oznaczanie g\u0119sto\u015bci za pomoc\u0105 piknometru helowego<\/li>\n<li class=\"whitespace-normal\">Testowanie czysto\u015bci przy u\u017cyciu ICP-MS<\/li>\n<li class=\"whitespace-normal\">Charakterystyka mikrostrukturalna poprzez analiz\u0119 faz metod\u0105 XRD<\/li>\n<\/ul>\n<p class=\"whitespace-pre-wrap\">Dok\u0142adne testy weryfikuj\u0105 jako\u015b\u0107 i konsystencj\u0119 proszku pod k\u0105tem planowanego zastosowania w wysokiej temperaturze.<\/p>\n<h2>Por\u00f3wnanie proszk\u00f3w ze stali nierdzewnej FeCoNiCr i 316L<\/h2>\n<p class=\"whitespace-pre-wrap\">Por\u00f3wnanie proszk\u00f3w ze stali nierdzewnej FeCoNiCr i 316L:<\/p>\n<table>\n<thead>\n<tr>\n<th>Parametr<\/th>\n<th>FeCoNiCr<\/th>\n<th>316L nierdzewna<\/th>\n<\/tr>\n<\/thead>\n<tbody>\n<tr>\n<td>Kompozycja<\/td>\n<td>Stop czwartorz\u0119dowy wysokotemperaturowy<\/td>\n<td>\u017belazochromoniklowy stop nierdzewny<\/td>\n<\/tr>\n<tr>\n<td>Koszt<\/td>\n<td>Wy\u017cej<\/td>\n<td>Ni\u017cej<\/td>\n<\/tr>\n<tr>\n<td>Wytrzyma\u0142o\u015b\u0107 wysokotemperaturowa<\/td>\n<td>Znacznie lepiej<\/td>\n<td>\u015arednia<\/td>\n<\/tr>\n<tr>\n<td>Odporno\u015b\u0107 przeciwkorozyjna<\/td>\n<td>Por\u00f3wnywalny<\/td>\n<td>Lepiej<\/td>\n<\/tr>\n<tr>\n<td>Przewodno\u015b\u0107 cieplna<\/td>\n<td>Wy\u017cej<\/td>\n<td>Ni\u017cej<\/td>\n<\/tr>\n<tr>\n<td>Praktyczno\u015b\u0107<\/td>\n<td>\u015arednia<\/td>\n<td>Wy\u015bmienicie<\/td>\n<\/tr>\n<tr>\n<td>APLIKACJE<\/td>\n<td>Termiczne natryskiwanie, addytywne wytwarzanie<\/td>\n<td>Motoryzacja, budownictwo<\/td>\n<\/tr>\n<\/tbody>\n<\/table>\n<p>&nbsp;<\/p>\n<p class=\"whitespace-pre-wrap\">FeCoNiCr cechuje si\u0119 znacznie wi\u0119ksz\u0105 wytrzyma\u0142o\u015bci\u0105 na wysokie temperatury, natomiast 316L cechuje si\u0119 lepsz\u0105 obr\u00f3balno\u015bci\u0105 i odporno\u015bci\u0105 na korozj\u0119 przy ni\u017cszych kosztach.<\/p>\n<h2>Cz\u0119sto zadawane pytania dotycz\u0105ce proszku FeCoNiCr<\/h2>\n<p class=\"whitespace-pre-wrap\"><strong>P: W jaki spos\u00f3b powstaje proszek FeCoNiCr?<\/strong><\/p>\n<p class=\"whitespace-pre-wrap\">A: Proszek FeCoNiCr jest produkowany komercyjnie przy u\u017cyciu atomizacji gazowej, atomizacji wodnej i stopowania mechanicznego, po kt\u00f3rym nast\u0119puje spiekanie. Atomizacja gazowa zapewnia najlepsze w\u0142a\u015bciwo\u015bci proszku.<\/p>\n<p class=\"whitespace-pre-wrap\"><strong>P: Jakie s\u0105 g\u0142\u00f3wne zastosowania proszku FeCoNiCr?<\/strong><\/p>\n<p class=\"whitespace-pre-wrap\">A: G\u0142\u00f3wne zastosowanie obejmuje pow\u0142oki termonapryskowe, wytwarzanie przyrostowe, lutowanie twarde, obr\u00f3bka cieplna w metalurgii proszk\u00f3w, urz\u0105dzenia do przetwarzania szk\u0142a, w kt\u00f3rych wymagana jest wytrzyma\u0142o\u015b\u0107 i odporno\u015b\u0107 na wysokie temperatury.<\/p>\n<p class=\"whitespace-pre-wrap\"><strong>Q: Jaki jest rekomendowany rozmiar cz\u0105stek do natrysku termicznego?<\/strong><\/p>\n<p class=\"whitespace-pre-wrap\">A: W wi\u0119kszo\u015bci proces\u00f3w natryskiwania termicznego zalecany zakres \u015brednicy cz\u0105stek dla proszku FeCoNiCr mie\u015bci si\u0119 w granicach od 45 do 150 mikron\u00f3w, aby maksymalnie zwi\u0119kszy\u0107 wydajno\u015b\u0107 osadzania i w\u0142a\u015bciwo\u015bci pow\u0142oki.<\/p>\n<p class=\"whitespace-pre-wrap\"><strong>P: Czy proszek FeCoNiCr wymaga jakich\u015b szczeg\u00f3lnych \u015brodk\u00f3w ostro\u017cno\u015bci podczas obchodzenia si\u0119 z nim?<\/strong><\/p>\n<p class=\"whitespace-pre-wrap\">A: Tak, odpowiednie \u015brodki ochrony s\u0105 niezb\u0119dne podczas pracy z tym reaktywnym, drobnoziarnistym proszkiem stopowym, w tym beztlenowa atmosfera, uziemienie, wentylacja i \u015brodki ochrony osobistej.<\/p>\n<p class=\"whitespace-pre-wrap\"><strong>Q: Gdzie mo\u017cna naby\u0107 proszek FeCoNiCr odpowiedni do produkcji addytywnej?<\/strong><\/p>\n<p class=\"whitespace-pre-wrap\">A: W przypadku zastosowa\u0144 AM wymagaj\u0105cych wysokiej wytrzyma\u0142o\u015bci cieplnej dobrze wyselekcjonowany proszek FeCoNiCr mo\u017cna zakupi\u0107 u wiod\u0105cych producent\u00f3w, w tym Sandvik, Erasteel, Tekna i Edgetech Industries.<\/p>\n<p><\/span><\/span><\/p>","protected":false},"excerpt":{"rendered":"<p>Przegl\u0105d proszku FeCoNiCr FeCoNiCr nale\u017cy do klasy wysokowydajnych stop\u00f3w, kt\u00f3re wykazuj\u0105 dobre w\u0142a\u015bciwo\u015bci mechaniczne, stabilno\u015b\u0107 mikrostrukturaln\u0105 i odporno\u015b\u0107 na \u015brodowisko w podwy\u017cszonych temperaturach przekraczaj\u0105cych 750\u00b0C. \u017belazo i kobalt zapewniaj\u0105 wytrzyma\u0142o\u015b\u0107. Nikiel zwi\u0119ksza plastyczno\u015b\u0107 i wytrzyma\u0142o\u015b\u0107. Chrom zapewnia odporno\u015b\u0107 na utlenianie i korozj\u0119. Kluczowe cechy proszku FeCoNiCr obejmuj\u0105: Doskona\u0142a wytrzyma\u0142o\u015b\u0107 w wysokich temperaturach i...<\/p>","protected":false},"featured_media":1792,"parent":0,"template":"","meta":{"_acf_changed":false,"_kad_blocks_custom_css":"","_kad_blocks_head_custom_js":"","_kad_blocks_body_custom_js":"","_kad_blocks_footer_custom_js":"","_kad_post_transparent":"","_kad_post_title":"","_kad_post_layout":"","_kad_post_sidebar_id":"","_kad_post_content_style":"","_kad_post_vertical_padding":"","_kad_post_feature":"","_kad_post_feature_position":"","_kad_post_header":false,"_kad_post_footer":false,"_kad_post_classname":""},"product-category":[119,127],"class_list":["post-3895","product","type-product","status-publish","has-post-thumbnail","hentry","product-category-3d-printing-metal-powder","product-category-high-entropy-alloy-powder"],"acf":[],"taxonomy_info":{"product-category":[{"value":119,"label":"3D Printing Metal Powder"},{"value":127,"label":"High Entropy Alloy Powder"}]},"featured_image_src_large":["https:\/\/3dpmetal.com\/wp-content\/uploads\/2024\/02\/FeCoNiCrMo.jpg",500,432,false],"author_info":[],"comment_info":"","_links":{"self":[{"href":"https:\/\/3dpmetal.com\/pl\/wp-json\/wp\/v2\/product\/3895","targetHints":{"allow":["GET"]}}],"collection":[{"href":"https:\/\/3dpmetal.com\/pl\/wp-json\/wp\/v2\/product"}],"about":[{"href":"https:\/\/3dpmetal.com\/pl\/wp-json\/wp\/v2\/types\/product"}],"wp:featuredmedia":[{"embeddable":true,"href":"https:\/\/3dpmetal.com\/pl\/wp-json\/wp\/v2\/media\/1792"}],"wp:attachment":[{"href":"https:\/\/3dpmetal.com\/pl\/wp-json\/wp\/v2\/media?parent=3895"}],"wp:term":[{"taxonomy":"product-category","embeddable":true,"href":"https:\/\/3dpmetal.com\/pl\/wp-json\/wp\/v2\/product-category?post=3895"}],"curies":[{"name":"wp","href":"https:\/\/api.w.org\/{rel}","templated":true}]}}